{"id":13,"date":"2025-11-26T10:08:04","date_gmt":"2025-11-26T09:08:04","guid":{"rendered":"https:\/\/www.soome.be\/panier\/"},"modified":"2026-02-02T16:16:51","modified_gmt":"2026-02-02T15:16:51","slug":"cart","status":"publish","type":"page","link":"https:\/\/www.soome.be\/en\/panier\/","title":{"rendered":"BASKET"},"content":{"rendered":"<div data-elementor-type=\"wp-page\" data-elementor-id=\"13\" class=\"elementor elementor-13\" data-elementor-post-type=\"page\">\n\t\t\t\t<div class=\"elementor-element elementor-element-f64c5b2 e-con-full e-flex e-con e-parent\" data-id=\"f64c5b2\" data-element_type=\"container\" data-e-type=\"container\" data-settings=\"{&quot;background_background&quot;:&quot;classic&quot;}\">\n\t\t<div class=\"elementor-element elementor-element-2be3c9b e-con-full e-flex e-con e-child\" data-id=\"2be3c9b\" data-element_type=\"container\" data-e-type=\"container\" data-settings=\"{&quot;background_background&quot;:&quot;classic&quot;}\">\n\t\t\t\t<div class=\"elementor-element elementor-element-31f70bf elementor-widget-tablet__width-initial elementor-widget__width-initial elementor-widget-widescreen__width-initial elementor-widget elementor-widget-heading\" data-id=\"31f70bf\" data-element_type=\"widget\" data-e-type=\"widget\" data-widget_type=\"heading.default\">\n\t\t\t\t\t<p class=\"elementor-heading-title elementor-size-default\">Your basket<\/p>\t\t\t\t<\/div>\n\t\t\t\t<div class=\"elementor-element elementor-element-f6526a4 elementor-widget-divider--view-line elementor-widget elementor-widget-divider\" data-id=\"f6526a4\" data-element_type=\"widget\" data-e-type=\"widget\" data-widget_type=\"divider.default\">\n\t\t\t\t\t\t\t<div class=\"elementor-divider\">\n\t\t\t<span class=\"elementor-divider-separator\">\n\t\t\t\t\t\t<\/span>\n\t\t<\/div>\n\t\t\t\t\t\t<\/div>\n\t\t\t\t<\/div>\n\t\t\t\t<\/div>\n\t\t\t\t<\/div>","protected":false},"excerpt":{"rendered":"<p>Votre panier Supprimer l\u2019\u00e9l\u00e9ment Miniature Produit Prix Quantit\u00e9 Sous-total &times; S\/004 \u2013 SHORT LIPO-PANTY\u00ae TAILLE, COUP\u00c9 GENOUX &#8211; SMALL &euro;&nbsp;40,00 quantit\u00e9 de S\/004 \u2013 SHORT LIPO-PANTY\u00ae TAILLE, COUP\u00c9 GENOUX &#8211; SMALL &euro;&nbsp;80,00 Appliquer le code promo Totaux du panier Sous-total &euro;&nbsp;80,00 Exp\u00e9dition Forfait: &euro;&nbsp;7,00 Les options de livraison seront mises \u00e0 jour lors de la [&hellip;]<\/p>\n","protected":false},"author":20,"featured_media":0,"parent":0,"menu_order":0,"comment_status":"closed","ping_status":"closed","template":"","meta":{"footnotes":""},"class_list":["post-13","page","type-page","status-publish","hentry"],"yoast_head":"<!-- This site is optimized with the Yoast SEO plugin v27.5 - https:\/\/yoast.com\/product\/yoast-seo-wordpress\/ -->\n<title>PANIER - SooMe<\/title>\n<meta name=\"robots\" content=\"index, follow, max-snippet:-1, max-image-preview:large, max-video-preview:-1\" \/>\n<link rel=\"canonical\" href=\"https:\/\/www.soome.be\/en\/cart\/\" \/>\n<meta property=\"og:locale\" content=\"en_GB\" \/>\n<meta property=\"og:type\" content=\"article\" \/>\n<meta property=\"og:title\" content=\"PANIER - SooMe\" \/>\n<meta property=\"og:description\" content=\"Votre panier Supprimer l\u2019\u00e9l\u00e9ment Miniature Produit Prix Quantit\u00e9 Sous-total &times; S\/004 \u2013 SHORT LIPO-PANTY\u00ae TAILLE, COUP\u00c9 GENOUX &#8211; SMALL &euro;&nbsp;40,00 quantit\u00e9 de S\/004 \u2013 SHORT LIPO-PANTY\u00ae TAILLE, COUP\u00c9 GENOUX &#8211; SMALL &euro;&nbsp;80,00 Appliquer le code promo Totaux du panier Sous-total &euro;&nbsp;80,00 Exp\u00e9dition Forfait: &euro;&nbsp;7,00 Les options de livraison seront mises \u00e0 jour lors de la [&hellip;]\" \/>\n<meta property=\"og:url\" content=\"https:\/\/www.soome.be\/en\/cart\/\" \/>\n<meta property=\"og:site_name\" content=\"SooMe\" \/>\n<meta property=\"article:modified_time\" content=\"2026-02-02T15:16:51+00:00\" \/>\n<meta property=\"og:image\" content=\"https:\/\/dev-soome.solucio.be\/wp-content\/uploads\/2025\/12\/fake-product-img-03-300x300.jpg\" \/>\n<meta name=\"twitter:card\" content=\"summary_large_image\" \/>\n<meta name=\"twitter:label1\" content=\"Estimated reading time\" \/>\n\t<meta name=\"twitter:data1\" content=\"3 minutes\" \/>\n<script type=\"application\/ld+json\" class=\"yoast-schema-graph\">{\"@context\":\"https:\\\/\\\/schema.org\",\"@graph\":[{\"@type\":\"WebPage\",\"@id\":\"https:\\\/\\\/www.soome.be\\\/panier\\\/\",\"url\":\"https:\\\/\\\/www.soome.be\\\/panier\\\/\",\"name\":\"PANIER - SooMe\",\"isPartOf\":{\"@id\":\"https:\\\/\\\/www.soome.be\\\/#website\"},\"primaryImageOfPage\":{\"@id\":\"https:\\\/\\\/www.soome.be\\\/panier\\\/#primaryimage\"},\"image\":{\"@id\":\"https:\\\/\\\/www.soome.be\\\/panier\\\/#primaryimage\"},\"thumbnailUrl\":\"https:\\\/\\\/www.soome.be\\\/wp-content\\\/uploads\\\/2025\\\/12\\\/fake-product-img-03-300x300.jpg\",\"datePublished\":\"2025-11-26T09:08:04+00:00\",\"dateModified\":\"2026-02-02T15:16:51+00:00\",\"breadcrumb\":{\"@id\":\"https:\\\/\\\/www.soome.be\\\/panier\\\/#breadcrumb\"},\"inLanguage\":\"en-GB\",\"potentialAction\":[{\"@type\":\"ReadAction\",\"target\":[\"https:\\\/\\\/www.soome.be\\\/panier\\\/\"]}]},{\"@type\":\"ImageObject\",\"inLanguage\":\"en-GB\",\"@id\":\"https:\\\/\\\/www.soome.be\\\/panier\\\/#primaryimage\",\"url\":\"https:\\\/\\\/www.soome.be\\\/wp-content\\\/uploads\\\/2025\\\/12\\\/fake-product-img-03-300x300.jpg\",\"contentUrl\":\"https:\\\/\\\/www.soome.be\\\/wp-content\\\/uploads\\\/2025\\\/12\\\/fake-product-img-03-300x300.jpg\"},{\"@type\":\"BreadcrumbList\",\"@id\":\"https:\\\/\\\/www.soome.be\\\/panier\\\/#breadcrumb\",\"itemListElement\":[{\"@type\":\"ListItem\",\"position\":1,\"name\":\"Accueil\",\"item\":\"https:\\\/\\\/www.soome.be\\\/\"},{\"@type\":\"ListItem\",\"position\":2,\"name\":\"PANIER\"}]},{\"@type\":\"WebSite\",\"@id\":\"https:\\\/\\\/www.soome.be\\\/#website\",\"url\":\"https:\\\/\\\/www.soome.be\\\/\",\"name\":\"SooMe\",\"description\":\"\",\"potentialAction\":[{\"@type\":\"SearchAction\",\"target\":{\"@type\":\"EntryPoint\",\"urlTemplate\":\"https:\\\/\\\/www.soome.be\\\/?s={search_term_string}\"},\"query-input\":{\"@type\":\"PropertyValueSpecification\",\"valueRequired\":true,\"valueName\":\"search_term_string\"}}],\"inLanguage\":\"en-GB\"}]}<\/script>\n<!-- \/ Yoast SEO plugin. -->","yoast_head_json":{"title":"BASKET - SooMe","robots":{"index":"index","follow":"follow","max-snippet":"max-snippet:-1","max-image-preview":"max-image-preview:large","max-video-preview":"max-video-preview:-1"},"canonical":"https:\/\/www.soome.be\/en\/cart\/","og_locale":"en_GB","og_type":"article","og_title":"PANIER - SooMe","og_description":"Votre panier Supprimer l\u2019\u00e9l\u00e9ment Miniature Produit Prix Quantit\u00e9 Sous-total &times; S\/004 \u2013 SHORT LIPO-PANTY\u00ae TAILLE, COUP\u00c9 GENOUX &#8211; SMALL &euro;&nbsp;40,00 quantit\u00e9 de S\/004 \u2013 SHORT LIPO-PANTY\u00ae TAILLE, COUP\u00c9 GENOUX &#8211; SMALL &euro;&nbsp;80,00 Appliquer le code promo Totaux du panier Sous-total &euro;&nbsp;80,00 Exp\u00e9dition Forfait: &euro;&nbsp;7,00 Les options de livraison seront mises \u00e0 jour lors de la [&hellip;]","og_url":"https:\/\/www.soome.be\/en\/cart\/","og_site_name":"SooMe","article_modified_time":"2026-02-02T15:16:51+00:00","og_image":[{"url":"https:\/\/dev-soome.solucio.be\/wp-content\/uploads\/2025\/12\/fake-product-img-03-300x300.jpg","type":"","width":"","height":""}],"twitter_card":"summary_large_image","twitter_misc":{"Estimated reading time":"3 minutes"},"schema":{"@context":"https:\/\/schema.org","@graph":[{"@type":"WebPage","@id":"https:\/\/www.soome.be\/panier\/","url":"https:\/\/www.soome.be\/panier\/","name":"BASKET - SooMe","isPartOf":{"@id":"https:\/\/www.soome.be\/#website"},"primaryImageOfPage":{"@id":"https:\/\/www.soome.be\/panier\/#primaryimage"},"image":{"@id":"https:\/\/www.soome.be\/panier\/#primaryimage"},"thumbnailUrl":"https:\/\/www.soome.be\/wp-content\/uploads\/2025\/12\/fake-product-img-03-300x300.jpg","datePublished":"2025-11-26T09:08:04+00:00","dateModified":"2026-02-02T15:16:51+00:00","breadcrumb":{"@id":"https:\/\/www.soome.be\/panier\/#breadcrumb"},"inLanguage":"en-GB","potentialAction":[{"@type":"ReadAction","target":["https:\/\/www.soome.be\/panier\/"]}]},{"@type":"ImageObject","inLanguage":"en-GB","@id":"https:\/\/www.soome.be\/panier\/#primaryimage","url":"https:\/\/www.soome.be\/wp-content\/uploads\/2025\/12\/fake-product-img-03-300x300.jpg","contentUrl":"https:\/\/www.soome.be\/wp-content\/uploads\/2025\/12\/fake-product-img-03-300x300.jpg"},{"@type":"BreadcrumbList","@id":"https:\/\/www.soome.be\/panier\/#breadcrumb","itemListElement":[{"@type":"ListItem","position":1,"name":"Accueil","item":"https:\/\/www.soome.be\/"},{"@type":"ListItem","position":2,"name":"PANIER"}]},{"@type":"WebSite","@id":"https:\/\/www.soome.be\/#website","url":"https:\/\/www.soome.be\/","name":"SooMe","description":"","potentialAction":[{"@type":"SearchAction","target":{"@type":"EntryPoint","urlTemplate":"https:\/\/www.soome.be\/?s={search_term_string}"},"query-input":{"@type":"PropertyValueSpecification","valueRequired":true,"valueName":"search_term_string"}}],"inLanguage":"en-GB"}]}},"_links":{"self":[{"href":"https:\/\/www.soome.be\/en\/wp-json\/wp\/v2\/pages\/13","targetHints":{"allow":["GET"]}}],"collection":[{"href":"https:\/\/www.soome.be\/en\/wp-json\/wp\/v2\/pages"}],"about":[{"href":"https:\/\/www.soome.be\/en\/wp-json\/wp\/v2\/types\/page"}],"author":[{"embeddable":true,"href":"https:\/\/www.soome.be\/en\/wp-json\/wp\/v2\/users\/20"}],"replies":[{"embeddable":true,"href":"https:\/\/www.soome.be\/en\/wp-json\/wp\/v2\/comments?post=13"}],"version-history":[{"count":17,"href":"https:\/\/www.soome.be\/en\/wp-json\/wp\/v2\/pages\/13\/revisions"}],"predecessor-version":[{"id":2132,"href":"https:\/\/www.soome.be\/en\/wp-json\/wp\/v2\/pages\/13\/revisions\/2132"}],"wp:attachment":[{"href":"https:\/\/www.soome.be\/en\/wp-json\/wp\/v2\/media?parent=13"}],"curies":[{"name":"wp","href":"https:\/\/api.w.org\/{rel}","templated":true}]}}