{"id":2139,"date":"2023-06-01T17:43:41","date_gmt":"2023-06-01T15:43:41","guid":{"rendered":"https:\/\/www.soome.be\/?post_type=product&#038;p=2139"},"modified":"2026-04-22T15:05:13","modified_gmt":"2026-04-22T13:05:13","slug":"ez-001-elegance-zbra-bra-range-2","status":"publish","type":"product","link":"https:\/\/www.soome.be\/en\/produits\/soutiens-gorge\/lingerie-post-operatoire-femme\/ez-001-soutien-gorge-gamme-elegance-zbra-2\/","title":{"rendered":"EZ\/001 - ZBRA\u00ae Elegance range bra"},"content":{"rendered":"<p>ZBRA EZ\/001 Elegance range bra<\/p>\n<p>Because it was a request from patients and surgeons to make our ZBRA\u00ae more discreet and more aesthetic. Our research and development department has developed a bra combining the characteristics of Zbra\u00ae: good fit, precise fit, comfort, support, good application of the under-mammary fold; with the elegance and class of fine French luxury lingerie.<\/p>\n<p><strong>- Shipping costs offered<\/strong><\/p>\n<p><strong>- Flat anti-irritation seams<\/strong><\/p>\n<p><strong>-Perfect under breast support<\/strong><\/p>\n<p><strong>- Without armatures<\/strong><\/p>\n<p><strong>- Adjustable shoulder straps<\/strong><\/p>\n<p><strong>- Staple closure in back<\/strong><\/p>\n<p><strong>- A lycra lace compound for support and elegance<\/strong><\/p>\n<p><strong>MAINTENANCE :<\/strong><\/p>\n<p>very easy to maintain<\/p>\n<p>Available in:<\/p>\n<p>White, Black and Ash<\/p>","protected":false},"excerpt":{"rendered":"<p>MedicalZ\u00ae is the world leader in post-operative breast maintenance with its ZBRA\u00ae bra, offering you the Elegance Zbra\u00ae medical bra.<\/p>","protected":false},"featured_media":2260,"comment_status":"open","ping_status":"open","template":"","meta":[],"product_brand":[],"product_cat":[68],"product_tag":[49,50,51,52,53,54,55,56,57],"berocket_brand":[432],"class_list":{"0":"post-2139","1":"product","2":"type-product","3":"status-publish","4":"has-post-thumbnail","6":"product_cat-lingerie-post-operatoire-femme","7":"product_tag-augmentation-mammaire","8":"product_tag-chirurgie-esthetique","9":"product_tag-chirurgie-plastique","10":"product_tag-ez001","11":"product_tag-medical-z","12":"product_tag-medicalz","13":"product_tag-post-operatoire","14":"product_tag-soutien-gorge","15":"product_tag-zbra","16":"pa_bonnet-b","17":"pa_bonnet-c","18":"pa_bonnet-d","19":"pa_bonnet-e","20":"pa_couleur-blanc","21":"pa_couleur-noir","22":"pa_couleur-poudre","23":"pa_eg_html5_ratio-0-4","24":"pa_eg_soundcloud_ratio-0-5","25":"pa_eg_wistia_ratio-0-3","26":"pa_eg_youtube_ratio-0-2","27":"pa_fb_product_group_id-116","28":"pa_fb_visibility-117","29":"pa_product_brand-medical-z-3","30":"pa_taille-100","31":"pa_taille-101","32":"pa_taille-102","33":"pa_taille-103","34":"pa_taille-97","35":"pa_taille-98","36":"pa_taille-99","37":"pa_xfgmc_adult-off-2","38":"pa_xfgmc_condition-default","39":"pa_xfgmc_identifier_exists-off","40":"berocket_brand-medical-z","42":"first","43":"instock","44":"taxable","45":"shipping-taxable","46":"purchasable","47":"product-type-variable"},"yoast_head":"<!-- This site is optimized with the Yoast SEO plugin v27.4 - https:\/\/yoast.com\/product\/yoast-seo-wordpress\/ -->\n<title>Soutien-Gorge gamme El\u00e9gance ZBRA EZ\/001 - Soome<\/title>\n<meta name=\"description\" content=\"Soutien-Gorge gamme El\u00e9gance ZBRA EZ\/001 pour r\u00e9duction ou augmentation mammaire. Soome.be, la r\u00e9f\u00e9rence en sous-v\u00eatements pour chirurgie plastique.\" \/>\n<meta name=\"robots\" content=\"index, follow, max-snippet:-1, max-image-preview:large, max-video-preview:-1\" \/>\n<link rel=\"canonical\" href=\"https:\/\/www.soome.be\/en\/products\/bras\/womens-post-op-lingerie\/ez-001-elegance-zbra-bra-range-2\/\" \/>\n<meta property=\"og:locale\" content=\"en_GB\" \/>\n<meta property=\"og:type\" content=\"article\" \/>\n<meta property=\"og:title\" content=\"Soutien-Gorge gamme El\u00e9gance ZBRA EZ\/001 - Soome\" \/>\n<meta property=\"og:description\" content=\"Soutien-Gorge gamme El\u00e9gance ZBRA EZ\/001 pour r\u00e9duction ou augmentation mammaire. Soome.be, la r\u00e9f\u00e9rence en sous-v\u00eatements pour chirurgie plastique.\" \/>\n<meta property=\"og:url\" content=\"https:\/\/www.soome.be\/en\/products\/bras\/womens-post-op-lingerie\/ez-001-elegance-zbra-bra-range-2\/\" \/>\n<meta property=\"og:site_name\" content=\"SooMe\" \/>\n<meta property=\"article:modified_time\" content=\"2026-04-22T13:05:13+00:00\" \/>\n<meta property=\"og:image\" content=\"https:\/\/www.soome.be\/wp-content\/uploads\/2023\/06\/products-Soutien-gorge-elegance-zbra-EZ_001.jpg\" \/>\n\t<meta property=\"og:image:width\" content=\"640\" \/>\n\t<meta property=\"og:image:height\" content=\"428\" \/>\n\t<meta property=\"og:image:type\" content=\"image\/jpeg\" \/>\n<meta name=\"twitter:card\" content=\"summary_large_image\" \/>\n<meta name=\"twitter:label1\" content=\"Estimated reading time\" \/>\n\t<meta name=\"twitter:data1\" content=\"1 minute\" \/>\n<script type=\"application\/ld+json\" class=\"yoast-schema-graph\">{\"@context\":\"https:\\\/\\\/schema.org\",\"@graph\":[{\"@type\":\"WebPage\",\"@id\":\"https:\\\/\\\/www.soome.be\\\/produits\\\/soutiens-gorge\\\/lingerie-post-operatoire-femme\\\/ez-001-soutien-gorge-gamme-elegance-zbra-2\\\/\",\"url\":\"https:\\\/\\\/www.soome.be\\\/produits\\\/soutiens-gorge\\\/lingerie-post-operatoire-femme\\\/ez-001-soutien-gorge-gamme-elegance-zbra-2\\\/\",\"name\":\"Soutien-Gorge gamme El\u00e9gance ZBRA EZ\\\/001 - Soome\",\"isPartOf\":{\"@id\":\"https:\\\/\\\/www.soome.be\\\/#website\"},\"primaryImageOfPage\":{\"@id\":\"https:\\\/\\\/www.soome.be\\\/produits\\\/soutiens-gorge\\\/lingerie-post-operatoire-femme\\\/ez-001-soutien-gorge-gamme-elegance-zbra-2\\\/#primaryimage\"},\"image\":{\"@id\":\"https:\\\/\\\/www.soome.be\\\/produits\\\/soutiens-gorge\\\/lingerie-post-operatoire-femme\\\/ez-001-soutien-gorge-gamme-elegance-zbra-2\\\/#primaryimage\"},\"thumbnailUrl\":\"https:\\\/\\\/www.soome.be\\\/wp-content\\\/uploads\\\/2023\\\/06\\\/products-Soutien-gorge-elegance-zbra-EZ_001.jpg\",\"datePublished\":\"2023-06-01T15:43:41+00:00\",\"dateModified\":\"2026-04-22T13:05:13+00:00\",\"description\":\"Soutien-Gorge gamme El\u00e9gance ZBRA EZ\\\/001 pour r\u00e9duction ou augmentation mammaire. Soome.be, la r\u00e9f\u00e9rence en sous-v\u00eatements pour chirurgie plastique.\",\"breadcrumb\":{\"@id\":\"https:\\\/\\\/www.soome.be\\\/produits\\\/soutiens-gorge\\\/lingerie-post-operatoire-femme\\\/ez-001-soutien-gorge-gamme-elegance-zbra-2\\\/#breadcrumb\"},\"inLanguage\":\"en-GB\",\"potentialAction\":[{\"@type\":\"ReadAction\",\"target\":[\"https:\\\/\\\/www.soome.be\\\/produits\\\/soutiens-gorge\\\/lingerie-post-operatoire-femme\\\/ez-001-soutien-gorge-gamme-elegance-zbra-2\\\/\"]}]},{\"@type\":\"ImageObject\",\"inLanguage\":\"en-GB\",\"@id\":\"https:\\\/\\\/www.soome.be\\\/produits\\\/soutiens-gorge\\\/lingerie-post-operatoire-femme\\\/ez-001-soutien-gorge-gamme-elegance-zbra-2\\\/#primaryimage\",\"url\":\"https:\\\/\\\/www.soome.be\\\/wp-content\\\/uploads\\\/2023\\\/06\\\/products-Soutien-gorge-elegance-zbra-EZ_001.jpg\",\"contentUrl\":\"https:\\\/\\\/www.soome.be\\\/wp-content\\\/uploads\\\/2023\\\/06\\\/products-Soutien-gorge-elegance-zbra-EZ_001.jpg\",\"width\":640,\"height\":428,\"caption\":\"EZ\\\/001 \u2013 Soutien-Gorge gamme El\u00e9gance ZBRA\u00ae MEDICAL Z\"},{\"@type\":\"BreadcrumbList\",\"@id\":\"https:\\\/\\\/www.soome.be\\\/produits\\\/soutiens-gorge\\\/lingerie-post-operatoire-femme\\\/ez-001-soutien-gorge-gamme-elegance-zbra-2\\\/#breadcrumb\",\"itemListElement\":[{\"@type\":\"ListItem\",\"position\":1,\"name\":\"Accueil\",\"item\":\"https:\\\/\\\/www.soome.be\\\/\"},{\"@type\":\"ListItem\",\"position\":2,\"name\":\"PRODUITS\",\"item\":\"https:\\\/\\\/www.soome.be\\\/produits\\\/\"},{\"@type\":\"ListItem\",\"position\":3,\"name\":\"EZ\\\/001 &#8211; Soutien-Gorge gamme El\u00e9gance ZBRA\u00ae\"}]},{\"@type\":\"WebSite\",\"@id\":\"https:\\\/\\\/www.soome.be\\\/#website\",\"url\":\"https:\\\/\\\/www.soome.be\\\/\",\"name\":\"SooMe\",\"description\":\"\",\"potentialAction\":[{\"@type\":\"SearchAction\",\"target\":{\"@type\":\"EntryPoint\",\"urlTemplate\":\"https:\\\/\\\/www.soome.be\\\/?s={search_term_string}\"},\"query-input\":{\"@type\":\"PropertyValueSpecification\",\"valueRequired\":true,\"valueName\":\"search_term_string\"}}],\"inLanguage\":\"en-GB\"}]}<\/script>\n<!-- \/ Yoast SEO plugin. -->","yoast_head_json":{"title":"Elegance range bra ZBRA EZ\/001 - Soome","description":"ZBRA EZ\/001 Elegance range bra for breast reduction or augmentation. Soome.be, the reference in underwear for plastic surgery.","robots":{"index":"index","follow":"follow","max-snippet":"max-snippet:-1","max-image-preview":"max-image-preview:large","max-video-preview":"max-video-preview:-1"},"canonical":"https:\/\/www.soome.be\/en\/products\/bras\/womens-post-op-lingerie\/ez-001-elegance-zbra-bra-range-2\/","og_locale":"en_GB","og_type":"article","og_title":"Soutien-Gorge gamme El\u00e9gance ZBRA EZ\/001 - Soome","og_description":"Soutien-Gorge gamme El\u00e9gance ZBRA EZ\/001 pour r\u00e9duction ou augmentation mammaire. Soome.be, la r\u00e9f\u00e9rence en sous-v\u00eatements pour chirurgie plastique.","og_url":"https:\/\/www.soome.be\/en\/products\/bras\/womens-post-op-lingerie\/ez-001-elegance-zbra-bra-range-2\/","og_site_name":"SooMe","article_modified_time":"2026-04-22T13:05:13+00:00","og_image":[{"width":640,"height":428,"url":"https:\/\/www.soome.be\/wp-content\/uploads\/2023\/06\/products-Soutien-gorge-elegance-zbra-EZ_001.jpg","type":"image\/jpeg"}],"twitter_card":"summary_large_image","twitter_misc":{"Estimated reading time":"1 minute"},"schema":{"@context":"https:\/\/schema.org","@graph":[{"@type":"WebPage","@id":"https:\/\/www.soome.be\/produits\/soutiens-gorge\/lingerie-post-operatoire-femme\/ez-001-soutien-gorge-gamme-elegance-zbra-2\/","url":"https:\/\/www.soome.be\/produits\/soutiens-gorge\/lingerie-post-operatoire-femme\/ez-001-soutien-gorge-gamme-elegance-zbra-2\/","name":"Elegance range bra ZBRA EZ\/001 - Soome","isPartOf":{"@id":"https:\/\/www.soome.be\/#website"},"primaryImageOfPage":{"@id":"https:\/\/www.soome.be\/produits\/soutiens-gorge\/lingerie-post-operatoire-femme\/ez-001-soutien-gorge-gamme-elegance-zbra-2\/#primaryimage"},"image":{"@id":"https:\/\/www.soome.be\/produits\/soutiens-gorge\/lingerie-post-operatoire-femme\/ez-001-soutien-gorge-gamme-elegance-zbra-2\/#primaryimage"},"thumbnailUrl":"https:\/\/www.soome.be\/wp-content\/uploads\/2023\/06\/products-Soutien-gorge-elegance-zbra-EZ_001.jpg","datePublished":"2023-06-01T15:43:41+00:00","dateModified":"2026-04-22T13:05:13+00:00","description":"ZBRA EZ\/001 Elegance range bra for breast reduction or augmentation. Soome.be, the reference in underwear for plastic surgery.","breadcrumb":{"@id":"https:\/\/www.soome.be\/produits\/soutiens-gorge\/lingerie-post-operatoire-femme\/ez-001-soutien-gorge-gamme-elegance-zbra-2\/#breadcrumb"},"inLanguage":"en-GB","potentialAction":[{"@type":"ReadAction","target":["https:\/\/www.soome.be\/produits\/soutiens-gorge\/lingerie-post-operatoire-femme\/ez-001-soutien-gorge-gamme-elegance-zbra-2\/"]}]},{"@type":"ImageObject","inLanguage":"en-GB","@id":"https:\/\/www.soome.be\/produits\/soutiens-gorge\/lingerie-post-operatoire-femme\/ez-001-soutien-gorge-gamme-elegance-zbra-2\/#primaryimage","url":"https:\/\/www.soome.be\/wp-content\/uploads\/2023\/06\/products-Soutien-gorge-elegance-zbra-EZ_001.jpg","contentUrl":"https:\/\/www.soome.be\/wp-content\/uploads\/2023\/06\/products-Soutien-gorge-elegance-zbra-EZ_001.jpg","width":640,"height":428,"caption":"EZ\/001 \u2013 Soutien-Gorge gamme El\u00e9gance ZBRA\u00ae MEDICAL Z"},{"@type":"BreadcrumbList","@id":"https:\/\/www.soome.be\/produits\/soutiens-gorge\/lingerie-post-operatoire-femme\/ez-001-soutien-gorge-gamme-elegance-zbra-2\/#breadcrumb","itemListElement":[{"@type":"ListItem","position":1,"name":"Accueil","item":"https:\/\/www.soome.be\/"},{"@type":"ListItem","position":2,"name":"PRODUITS","item":"https:\/\/www.soome.be\/produits\/"},{"@type":"ListItem","position":3,"name":"EZ\/001 &#8211; Soutien-Gorge gamme El\u00e9gance ZBRA\u00ae"}]},{"@type":"WebSite","@id":"https:\/\/www.soome.be\/#website","url":"https:\/\/www.soome.be\/","name":"SooMe","description":"","potentialAction":[{"@type":"SearchAction","target":{"@type":"EntryPoint","urlTemplate":"https:\/\/www.soome.be\/?s={search_term_string}"},"query-input":{"@type":"PropertyValueSpecification","valueRequired":true,"valueName":"search_term_string"}}],"inLanguage":"en-GB"}]}},"_links":{"self":[{"href":"https:\/\/www.soome.be\/en\/wp-json\/wp\/v2\/product\/2139","targetHints":{"allow":["GET"]}}],"collection":[{"href":"https:\/\/www.soome.be\/en\/wp-json\/wp\/v2\/product"}],"about":[{"href":"https:\/\/www.soome.be\/en\/wp-json\/wp\/v2\/types\/product"}],"replies":[{"embeddable":true,"href":"https:\/\/www.soome.be\/en\/wp-json\/wp\/v2\/comments?post=2139"}],"wp:featuredmedia":[{"embeddable":true,"href":"https:\/\/www.soome.be\/en\/wp-json\/wp\/v2\/media\/2260"}],"wp:attachment":[{"href":"https:\/\/www.soome.be\/en\/wp-json\/wp\/v2\/media?parent=2139"}],"wp:term":[{"taxonomy":"product_brand","embeddable":true,"href":"https:\/\/www.soome.be\/en\/wp-json\/wp\/v2\/product_brand?post=2139"},{"taxonomy":"product_cat","embeddable":true,"href":"https:\/\/www.soome.be\/en\/wp-json\/wp\/v2\/product_cat?post=2139"},{"taxonomy":"product_tag","embeddable":true,"href":"https:\/\/www.soome.be\/en\/wp-json\/wp\/v2\/product_tag?post=2139"},{"taxonomy":"berocket_brand","embeddable":true,"href":"https:\/\/www.soome.be\/en\/wp-json\/wp\/v2\/berocket_brand?post=2139"}],"curies":[{"name":"wp","href":"https:\/\/api.w.org\/{rel}","templated":true}]}}