{"id":2270,"date":"2023-06-01T17:43:41","date_gmt":"2023-06-01T15:43:41","guid":{"rendered":"https:\/\/www.soome.be\/?post_type=product&#038;p=2270"},"modified":"2026-04-22T15:05:20","modified_gmt":"2026-04-22T13:05:20","slug":"s-014-zbra-post-operative-bra","status":"publish","type":"product","link":"https:\/\/www.soome.be\/en\/produits\/soutiens-gorge\/soutiens-gorge-post-operatoires-femme\/s-014-soutien-gorge-zbra-post-operatoire\/","title":{"rendered":"S\/014 - ZBRA\u00ae Post-Operative Bra"},"content":{"rendered":"<p>Bra ZBRA S\/014<\/p>\n<p>Based on new textile and aesthetic technologies, it combines comfort, support and elegance. Innovative design for optimal support. Exceptional comfort thanks to its technological textile composed of Lycra Soft Comfort\u00ae for better support and CoolMax\u00ae for moisture removal.<\/p>\n<p>Flat seams to avoid irritation, front closure for better anatomical balance and swimmer back for greater freedom of movement<\/p>\n<p><strong>- Shipping costs offered<\/strong><\/p>\n<p><strong>MAINTENANCE<\/strong> Very easy to maintain.<\/p>\n<p>Available in:<\/p>\n<p>Black, White<\/p>","protected":false},"excerpt":{"rendered":"<p><strong>The Z-Bra\u00ae is an exclusive post-operative bra concept.<\/strong><\/p>","protected":false},"featured_media":2351,"comment_status":"open","ping_status":"open","template":"","meta":[],"product_brand":[],"product_cat":[67,69],"product_tag":[49,50,51,53,54,55,56,57],"berocket_brand":[432],"class_list":{"0":"post-2270","1":"product","2":"type-product","3":"status-publish","4":"has-post-thumbnail","6":"product_cat-soutiens-gorge","7":"product_cat-soutiens-gorge-post-operatoires-femme","8":"product_tag-augmentation-mammaire","9":"product_tag-chirurgie-esthetique","10":"product_tag-chirurgie-plastique","11":"product_tag-medical-z","12":"product_tag-medicalz","13":"product_tag-post-operatoire","14":"product_tag-soutien-gorge","15":"product_tag-zbra","16":"pa_bonnet-a","17":"pa_bonnet-b","18":"pa_bonnet-c","19":"pa_bonnet-d","20":"pa_bonnet-e","21":"pa_couleur-blanc","22":"pa_couleur-noir","23":"pa_eg_html5_ratio-0-4","24":"pa_eg_soundcloud_ratio-0-5","25":"pa_eg_wistia_ratio-0-3","26":"pa_eg_youtube_ratio-0-2","27":"pa_fb_product_group_id-124","28":"pa_fb_visibility-117","29":"pa_product_brand-medical-z-3","30":"pa_taille-100","31":"pa_taille-101","32":"pa_taille-102","33":"pa_taille-103","34":"pa_taille-122","35":"pa_taille-97","36":"pa_taille-98","37":"pa_taille-99","38":"pa_thp_upsellpopup_template-template-default","39":"pa_xfgmc_adult-off-2","40":"pa_xfgmc_condition-default","41":"pa_xfgmc_identifier_exists-off","42":"berocket_brand-medical-z","44":"first","45":"instock","46":"taxable","47":"shipping-taxable","48":"purchasable","49":"product-type-variable"},"yoast_head":"<!-- This site is optimized with the Yoast SEO plugin v27.4 - https:\/\/yoast.com\/product\/yoast-seo-wordpress\/ -->\n<title>Soutien-Gorge ZBRA S\/014 - Soome<\/title>\n<meta name=\"description\" content=\"Soutien-Gorge ZBRA S\/014 - Medical Z - Soutien-gorge Post-op\u00e9ratoire pour r\u00e9duction ou augmentation mammaire. Soome.be, la r\u00e9f\u00e9rence post-op\u00e9ratoire !\" \/>\n<meta name=\"robots\" content=\"index, follow, max-snippet:-1, max-image-preview:large, max-video-preview:-1\" \/>\n<link rel=\"canonical\" href=\"https:\/\/www.soome.be\/en\/products\/bras\/womens-post-op-bras\/s-014-zbra-post-operative-bra\/\" \/>\n<meta property=\"og:locale\" content=\"en_GB\" \/>\n<meta property=\"og:type\" content=\"article\" \/>\n<meta property=\"og:title\" content=\"Soutien-Gorge ZBRA S\/014 - Soome\" \/>\n<meta property=\"og:description\" content=\"Soutien-Gorge ZBRA S\/014 - Medical Z - Soutien-gorge Post-op\u00e9ratoire pour r\u00e9duction ou augmentation mammaire. Soome.be, la r\u00e9f\u00e9rence post-op\u00e9ratoire !\" \/>\n<meta property=\"og:url\" content=\"https:\/\/www.soome.be\/en\/products\/bras\/womens-post-op-bras\/s-014-zbra-post-operative-bra\/\" \/>\n<meta property=\"og:site_name\" content=\"SooMe\" \/>\n<meta property=\"article:modified_time\" content=\"2026-04-22T13:05:20+00:00\" \/>\n<meta property=\"og:image\" content=\"https:\/\/www.soome.be\/wp-content\/uploads\/2023\/06\/products-Zbra-medical-S_014.png\" \/>\n\t<meta property=\"og:image:width\" content=\"600\" \/>\n\t<meta property=\"og:image:height\" content=\"454\" \/>\n\t<meta property=\"og:image:type\" content=\"image\/jpeg\" \/>\n<meta name=\"twitter:card\" content=\"summary_large_image\" \/>\n<script type=\"application\/ld+json\" class=\"yoast-schema-graph\">{\"@context\":\"https:\\\/\\\/schema.org\",\"@graph\":[{\"@type\":\"WebPage\",\"@id\":\"https:\\\/\\\/www.soome.be\\\/produits\\\/soutiens-gorge\\\/soutiens-gorge-post-operatoires-femme\\\/s-014-soutien-gorge-zbra-post-operatoire\\\/\",\"url\":\"https:\\\/\\\/www.soome.be\\\/produits\\\/soutiens-gorge\\\/soutiens-gorge-post-operatoires-femme\\\/s-014-soutien-gorge-zbra-post-operatoire\\\/\",\"name\":\"Soutien-Gorge ZBRA S\\\/014 - Soome\",\"isPartOf\":{\"@id\":\"https:\\\/\\\/www.soome.be\\\/#website\"},\"primaryImageOfPage\":{\"@id\":\"https:\\\/\\\/www.soome.be\\\/produits\\\/soutiens-gorge\\\/soutiens-gorge-post-operatoires-femme\\\/s-014-soutien-gorge-zbra-post-operatoire\\\/#primaryimage\"},\"image\":{\"@id\":\"https:\\\/\\\/www.soome.be\\\/produits\\\/soutiens-gorge\\\/soutiens-gorge-post-operatoires-femme\\\/s-014-soutien-gorge-zbra-post-operatoire\\\/#primaryimage\"},\"thumbnailUrl\":\"https:\\\/\\\/www.soome.be\\\/wp-content\\\/uploads\\\/2023\\\/06\\\/products-Zbra-medical-S_014.png\",\"datePublished\":\"2023-06-01T15:43:41+00:00\",\"dateModified\":\"2026-04-22T13:05:20+00:00\",\"description\":\"Soutien-Gorge ZBRA S\\\/014 - Medical Z - Soutien-gorge Post-op\u00e9ratoire pour r\u00e9duction ou augmentation mammaire. Soome.be, la r\u00e9f\u00e9rence post-op\u00e9ratoire !\",\"breadcrumb\":{\"@id\":\"https:\\\/\\\/www.soome.be\\\/produits\\\/soutiens-gorge\\\/soutiens-gorge-post-operatoires-femme\\\/s-014-soutien-gorge-zbra-post-operatoire\\\/#breadcrumb\"},\"inLanguage\":\"en-GB\",\"potentialAction\":[{\"@type\":\"ReadAction\",\"target\":[\"https:\\\/\\\/www.soome.be\\\/produits\\\/soutiens-gorge\\\/soutiens-gorge-post-operatoires-femme\\\/s-014-soutien-gorge-zbra-post-operatoire\\\/\"]}]},{\"@type\":\"ImageObject\",\"inLanguage\":\"en-GB\",\"@id\":\"https:\\\/\\\/www.soome.be\\\/produits\\\/soutiens-gorge\\\/soutiens-gorge-post-operatoires-femme\\\/s-014-soutien-gorge-zbra-post-operatoire\\\/#primaryimage\",\"url\":\"https:\\\/\\\/www.soome.be\\\/wp-content\\\/uploads\\\/2023\\\/06\\\/products-Zbra-medical-S_014.png\",\"contentUrl\":\"https:\\\/\\\/www.soome.be\\\/wp-content\\\/uploads\\\/2023\\\/06\\\/products-Zbra-medical-S_014.png\",\"width\":600,\"height\":454,\"caption\":\"Zbra-medical-S_014.png\"},{\"@type\":\"BreadcrumbList\",\"@id\":\"https:\\\/\\\/www.soome.be\\\/produits\\\/soutiens-gorge\\\/soutiens-gorge-post-operatoires-femme\\\/s-014-soutien-gorge-zbra-post-operatoire\\\/#breadcrumb\",\"itemListElement\":[{\"@type\":\"ListItem\",\"position\":1,\"name\":\"Accueil\",\"item\":\"https:\\\/\\\/www.soome.be\\\/\"},{\"@type\":\"ListItem\",\"position\":2,\"name\":\"PRODUITS\",\"item\":\"https:\\\/\\\/www.soome.be\\\/produits\\\/\"},{\"@type\":\"ListItem\",\"position\":3,\"name\":\"S\\\/014 &#8211; Soutien-Gorge ZBRA\u00ae Post-op\u00e9ratoire\"}]},{\"@type\":\"WebSite\",\"@id\":\"https:\\\/\\\/www.soome.be\\\/#website\",\"url\":\"https:\\\/\\\/www.soome.be\\\/\",\"name\":\"SooMe\",\"description\":\"\",\"potentialAction\":[{\"@type\":\"SearchAction\",\"target\":{\"@type\":\"EntryPoint\",\"urlTemplate\":\"https:\\\/\\\/www.soome.be\\\/?s={search_term_string}\"},\"query-input\":{\"@type\":\"PropertyValueSpecification\",\"valueRequired\":true,\"valueName\":\"search_term_string\"}}],\"inLanguage\":\"en-GB\"}]}<\/script>\n<!-- \/ Yoast SEO plugin. -->","yoast_head_json":{"title":"Bra ZBRA S\/014 - Soome","description":"Bra ZBRA S\/014 - Medical Z - Post-operative bra for breast reduction or augmentation Soome.be, the post-operative reference!","robots":{"index":"index","follow":"follow","max-snippet":"max-snippet:-1","max-image-preview":"max-image-preview:large","max-video-preview":"max-video-preview:-1"},"canonical":"https:\/\/www.soome.be\/en\/products\/bras\/womens-post-op-bras\/s-014-zbra-post-operative-bra\/","og_locale":"en_GB","og_type":"article","og_title":"Soutien-Gorge ZBRA S\/014 - Soome","og_description":"Soutien-Gorge ZBRA S\/014 - Medical Z - Soutien-gorge Post-op\u00e9ratoire pour r\u00e9duction ou augmentation mammaire. Soome.be, la r\u00e9f\u00e9rence post-op\u00e9ratoire !","og_url":"https:\/\/www.soome.be\/en\/products\/bras\/womens-post-op-bras\/s-014-zbra-post-operative-bra\/","og_site_name":"SooMe","article_modified_time":"2026-04-22T13:05:20+00:00","og_image":[{"width":600,"height":454,"url":"https:\/\/www.soome.be\/wp-content\/uploads\/2023\/06\/products-Zbra-medical-S_014.png","type":"image\/jpeg"}],"twitter_card":"summary_large_image","schema":{"@context":"https:\/\/schema.org","@graph":[{"@type":"WebPage","@id":"https:\/\/www.soome.be\/produits\/soutiens-gorge\/soutiens-gorge-post-operatoires-femme\/s-014-soutien-gorge-zbra-post-operatoire\/","url":"https:\/\/www.soome.be\/produits\/soutiens-gorge\/soutiens-gorge-post-operatoires-femme\/s-014-soutien-gorge-zbra-post-operatoire\/","name":"Bra ZBRA S\/014 - Soome","isPartOf":{"@id":"https:\/\/www.soome.be\/#website"},"primaryImageOfPage":{"@id":"https:\/\/www.soome.be\/produits\/soutiens-gorge\/soutiens-gorge-post-operatoires-femme\/s-014-soutien-gorge-zbra-post-operatoire\/#primaryimage"},"image":{"@id":"https:\/\/www.soome.be\/produits\/soutiens-gorge\/soutiens-gorge-post-operatoires-femme\/s-014-soutien-gorge-zbra-post-operatoire\/#primaryimage"},"thumbnailUrl":"https:\/\/www.soome.be\/wp-content\/uploads\/2023\/06\/products-Zbra-medical-S_014.png","datePublished":"2023-06-01T15:43:41+00:00","dateModified":"2026-04-22T13:05:20+00:00","description":"Bra ZBRA S\/014 - Medical Z - Post-operative bra for breast reduction or augmentation Soome.be, the post-operative reference!","breadcrumb":{"@id":"https:\/\/www.soome.be\/produits\/soutiens-gorge\/soutiens-gorge-post-operatoires-femme\/s-014-soutien-gorge-zbra-post-operatoire\/#breadcrumb"},"inLanguage":"en-GB","potentialAction":[{"@type":"ReadAction","target":["https:\/\/www.soome.be\/produits\/soutiens-gorge\/soutiens-gorge-post-operatoires-femme\/s-014-soutien-gorge-zbra-post-operatoire\/"]}]},{"@type":"ImageObject","inLanguage":"en-GB","@id":"https:\/\/www.soome.be\/produits\/soutiens-gorge\/soutiens-gorge-post-operatoires-femme\/s-014-soutien-gorge-zbra-post-operatoire\/#primaryimage","url":"https:\/\/www.soome.be\/wp-content\/uploads\/2023\/06\/products-Zbra-medical-S_014.png","contentUrl":"https:\/\/www.soome.be\/wp-content\/uploads\/2023\/06\/products-Zbra-medical-S_014.png","width":600,"height":454,"caption":"Zbra-medical-S_014.png"},{"@type":"BreadcrumbList","@id":"https:\/\/www.soome.be\/produits\/soutiens-gorge\/soutiens-gorge-post-operatoires-femme\/s-014-soutien-gorge-zbra-post-operatoire\/#breadcrumb","itemListElement":[{"@type":"ListItem","position":1,"name":"Accueil","item":"https:\/\/www.soome.be\/"},{"@type":"ListItem","position":2,"name":"PRODUITS","item":"https:\/\/www.soome.be\/produits\/"},{"@type":"ListItem","position":3,"name":"S\/014 &#8211; Soutien-Gorge ZBRA\u00ae Post-op\u00e9ratoire"}]},{"@type":"WebSite","@id":"https:\/\/www.soome.be\/#website","url":"https:\/\/www.soome.be\/","name":"SooMe","description":"","potentialAction":[{"@type":"SearchAction","target":{"@type":"EntryPoint","urlTemplate":"https:\/\/www.soome.be\/?s={search_term_string}"},"query-input":{"@type":"PropertyValueSpecification","valueRequired":true,"valueName":"search_term_string"}}],"inLanguage":"en-GB"}]}},"_links":{"self":[{"href":"https:\/\/www.soome.be\/en\/wp-json\/wp\/v2\/product\/2270","targetHints":{"allow":["GET"]}}],"collection":[{"href":"https:\/\/www.soome.be\/en\/wp-json\/wp\/v2\/product"}],"about":[{"href":"https:\/\/www.soome.be\/en\/wp-json\/wp\/v2\/types\/product"}],"replies":[{"embeddable":true,"href":"https:\/\/www.soome.be\/en\/wp-json\/wp\/v2\/comments?post=2270"}],"wp:featuredmedia":[{"embeddable":true,"href":"https:\/\/www.soome.be\/en\/wp-json\/wp\/v2\/media\/2351"}],"wp:attachment":[{"href":"https:\/\/www.soome.be\/en\/wp-json\/wp\/v2\/media?parent=2270"}],"wp:term":[{"taxonomy":"product_brand","embeddable":true,"href":"https:\/\/www.soome.be\/en\/wp-json\/wp\/v2\/product_brand?post=2270"},{"taxonomy":"product_cat","embeddable":true,"href":"https:\/\/www.soome.be\/en\/wp-json\/wp\/v2\/product_cat?post=2270"},{"taxonomy":"product_tag","embeddable":true,"href":"https:\/\/www.soome.be\/en\/wp-json\/wp\/v2\/product_tag?post=2270"},{"taxonomy":"berocket_brand","embeddable":true,"href":"https:\/\/www.soome.be\/en\/wp-json\/wp\/v2\/berocket_brand?post=2270"}],"curies":[{"name":"wp","href":"https:\/\/api.w.org\/{rel}","templated":true}]}}