{"id":2355,"date":"2023-06-01T17:43:41","date_gmt":"2023-06-01T15:43:41","guid":{"rendered":"https:\/\/www.soome.be\/?post_type=product&#038;p=2355"},"modified":"2026-04-22T15:05:32","modified_gmt":"2026-04-22T13:05:32","slug":"s-021-bra-adjustable-straps","status":"publish","type":"product","link":"https:\/\/www.soome.be\/en\/produits\/soutiens-gorge\/soutiens-gorge-post-operatoires-femme\/s-021-soutien-gorge-zbra-bretelles-reglables\/","title":{"rendered":"S\/021 &#8211; Soutien-Gorge ZBRA\u00ae  bretelles r\u00e9glables"},"content":{"rendered":"<p>Bra ZBRA S\/021 - Medical Z<\/p>\n<p>Based on new textile and aesthetic technologies, it combines comfort, support and elegance. Innovative design for optimal support. Exceptional comfort thanks to its technological textile composed of Lycra Soft Comfort\u00ae for better support and CoolMax\u00ae for moisture removal.<\/p>\n<p>Flat seams to avoid irritation, front closure for better anatomical balance and swimmer back for greater freedom of movement<\/p>\n<p><strong>- Shipping costs offered<\/strong><\/p>\n<p><strong>MAINTENANCE :<\/strong> very easy to maintain<\/p>\n<p>Available in: White, Black<\/p>","protected":false},"excerpt":{"rendered":"<p><strong>The Z-Bra\u00ae is an exclusive post-operative bra concept.<\/strong><\/p>","protected":false},"featured_media":2436,"comment_status":"open","ping_status":"open","template":"","meta":[],"product_brand":[],"product_cat":[69],"product_tag":[49,50,51,53,54,55,126,56,57],"berocket_brand":[432],"class_list":{"0":"post-2355","1":"product","2":"type-product","3":"status-publish","4":"has-post-thumbnail","6":"product_cat-soutiens-gorge-post-operatoires-femme","7":"product_tag-augmentation-mammaire","8":"product_tag-chirurgie-esthetique","9":"product_tag-chirurgie-plastique","10":"product_tag-medical-z","11":"product_tag-medicalz","12":"product_tag-post-operatoire","13":"product_tag-s021-zbra","14":"product_tag-soutien-gorge","15":"product_tag-zbra","16":"pa_bonnets-a-2","17":"pa_bonnets-b-2","18":"pa_bonnets-c-2","19":"pa_bonnets-d-2","20":"pa_bonnets-e-2","21":"pa_couleurs-blanc-2","22":"pa_couleurs-noir-2","23":"pa_eg_html5_ratio-0-4","24":"pa_eg_soundcloud_ratio-0-5","25":"pa_eg_wistia_ratio-0-3","26":"pa_eg_youtube_ratio-0-2","27":"pa_fb_product_group_id-142","28":"pa_fb_visibility-117","29":"pa_product_brand-medical-z-3","30":"pa_tailles-fr-100-2","31":"pa_tailles-fr-105-2","32":"pa_tailles-fr-110-2","33":"pa_tailles-fr-115-2","34":"pa_tailles-fr-80-2","35":"pa_tailles-fr-85-2","36":"pa_tailles-fr-90-2","37":"pa_tailles-fr-95-2","38":"pa_thp_upsellpopup_template-template-default","39":"pa_xfgmc_adult-off-2","40":"pa_xfgmc_condition-default","41":"pa_xfgmc_identifier_exists-off","42":"berocket_brand-medical-z","44":"first","45":"instock","46":"featured","47":"taxable","48":"shipping-taxable","49":"purchasable","50":"product-type-variable"},"yoast_head":"<!-- This site is optimized with the Yoast SEO plugin v27.4 - https:\/\/yoast.com\/product\/yoast-seo-wordpress\/ -->\n<title>Soutien-Gorge ZBRA S\/021 - Medical Z -Soome<\/title>\n<meta name=\"description\" content=\"Soutien-Gorge ZBRA S\/021 - Medical Z \u00e0 bretelles r\u00e9glables. Soome.be, la r\u00e9f\u00e9rence en sous-v\u00eatements pour chirurgie plastique.\" \/>\n<meta name=\"robots\" content=\"index, follow, max-snippet:-1, max-image-preview:large, max-video-preview:-1\" \/>\n<link rel=\"canonical\" href=\"https:\/\/www.soome.be\/en\/products\/bras\/womens-post-op-bras\/s-021-bra-adjustable-straps\/\" \/>\n<meta property=\"og:locale\" content=\"en_GB\" \/>\n<meta property=\"og:type\" content=\"article\" \/>\n<meta property=\"og:title\" content=\"Soutien-Gorge ZBRA S\/021 - Medical Z -Soome\" \/>\n<meta property=\"og:description\" content=\"Soutien-Gorge ZBRA S\/021 - Medical Z \u00e0 bretelles r\u00e9glables. Soome.be, la r\u00e9f\u00e9rence en sous-v\u00eatements pour chirurgie plastique.\" \/>\n<meta property=\"og:url\" content=\"https:\/\/www.soome.be\/en\/products\/bras\/womens-post-op-bras\/s-021-bra-adjustable-straps\/\" \/>\n<meta property=\"og:site_name\" content=\"SooMe\" \/>\n<meta property=\"article:modified_time\" content=\"2026-04-22T13:05:32+00:00\" \/>\n<meta property=\"og:image\" content=\"https:\/\/www.soome.be\/wp-content\/uploads\/2023\/06\/products-Zbra-bretelles-reglables-S_021.jpg\" \/>\n\t<meta property=\"og:image:width\" content=\"1068\" \/>\n\t<meta property=\"og:image:height\" content=\"1120\" \/>\n\t<meta property=\"og:image:type\" content=\"image\/jpeg\" \/>\n<meta name=\"twitter:card\" content=\"summary_large_image\" \/>\n<script type=\"application\/ld+json\" class=\"yoast-schema-graph\">{\"@context\":\"https:\\\/\\\/schema.org\",\"@graph\":[{\"@type\":\"WebPage\",\"@id\":\"https:\\\/\\\/www.soome.be\\\/produits\\\/soutiens-gorge\\\/soutiens-gorge-post-operatoires-femme\\\/s-021-soutien-gorge-zbra-bretelles-reglables\\\/\",\"url\":\"https:\\\/\\\/www.soome.be\\\/produits\\\/soutiens-gorge\\\/soutiens-gorge-post-operatoires-femme\\\/s-021-soutien-gorge-zbra-bretelles-reglables\\\/\",\"name\":\"Soutien-Gorge ZBRA S\\\/021 - Medical Z -Soome\",\"isPartOf\":{\"@id\":\"https:\\\/\\\/www.soome.be\\\/#website\"},\"primaryImageOfPage\":{\"@id\":\"https:\\\/\\\/www.soome.be\\\/produits\\\/soutiens-gorge\\\/soutiens-gorge-post-operatoires-femme\\\/s-021-soutien-gorge-zbra-bretelles-reglables\\\/#primaryimage\"},\"image\":{\"@id\":\"https:\\\/\\\/www.soome.be\\\/produits\\\/soutiens-gorge\\\/soutiens-gorge-post-operatoires-femme\\\/s-021-soutien-gorge-zbra-bretelles-reglables\\\/#primaryimage\"},\"thumbnailUrl\":\"https:\\\/\\\/www.soome.be\\\/wp-content\\\/uploads\\\/2023\\\/06\\\/products-Zbra-bretelles-reglables-S_021.jpg\",\"datePublished\":\"2023-06-01T15:43:41+00:00\",\"dateModified\":\"2026-04-22T13:05:32+00:00\",\"description\":\"Soutien-Gorge ZBRA S\\\/021 - Medical Z \u00e0 bretelles r\u00e9glables. Soome.be, la r\u00e9f\u00e9rence en sous-v\u00eatements pour chirurgie plastique.\",\"breadcrumb\":{\"@id\":\"https:\\\/\\\/www.soome.be\\\/produits\\\/soutiens-gorge\\\/soutiens-gorge-post-operatoires-femme\\\/s-021-soutien-gorge-zbra-bretelles-reglables\\\/#breadcrumb\"},\"inLanguage\":\"en-GB\",\"potentialAction\":[{\"@type\":\"ReadAction\",\"target\":[\"https:\\\/\\\/www.soome.be\\\/produits\\\/soutiens-gorge\\\/soutiens-gorge-post-operatoires-femme\\\/s-021-soutien-gorge-zbra-bretelles-reglables\\\/\"]}]},{\"@type\":\"ImageObject\",\"inLanguage\":\"en-GB\",\"@id\":\"https:\\\/\\\/www.soome.be\\\/produits\\\/soutiens-gorge\\\/soutiens-gorge-post-operatoires-femme\\\/s-021-soutien-gorge-zbra-bretelles-reglables\\\/#primaryimage\",\"url\":\"https:\\\/\\\/www.soome.be\\\/wp-content\\\/uploads\\\/2023\\\/06\\\/products-Zbra-bretelles-reglables-S_021.jpg\",\"contentUrl\":\"https:\\\/\\\/www.soome.be\\\/wp-content\\\/uploads\\\/2023\\\/06\\\/products-Zbra-bretelles-reglables-S_021.jpg\",\"width\":1068,\"height\":1120,\"caption\":\"S\\\/021 \u2013 Soutien-Gorge ZBRA\u00ae bretelles r\u00e9glables MEDICAL Z\"},{\"@type\":\"BreadcrumbList\",\"@id\":\"https:\\\/\\\/www.soome.be\\\/produits\\\/soutiens-gorge\\\/soutiens-gorge-post-operatoires-femme\\\/s-021-soutien-gorge-zbra-bretelles-reglables\\\/#breadcrumb\",\"itemListElement\":[{\"@type\":\"ListItem\",\"position\":1,\"name\":\"Accueil\",\"item\":\"https:\\\/\\\/www.soome.be\\\/\"},{\"@type\":\"ListItem\",\"position\":2,\"name\":\"PRODUITS\",\"item\":\"https:\\\/\\\/www.soome.be\\\/produits\\\/\"},{\"@type\":\"ListItem\",\"position\":3,\"name\":\"S\\\/021 &#8211; Soutien-Gorge ZBRA\u00ae bretelles r\u00e9glables\"}]},{\"@type\":\"WebSite\",\"@id\":\"https:\\\/\\\/www.soome.be\\\/#website\",\"url\":\"https:\\\/\\\/www.soome.be\\\/\",\"name\":\"SooMe\",\"description\":\"\",\"potentialAction\":[{\"@type\":\"SearchAction\",\"target\":{\"@type\":\"EntryPoint\",\"urlTemplate\":\"https:\\\/\\\/www.soome.be\\\/?s={search_term_string}\"},\"query-input\":{\"@type\":\"PropertyValueSpecification\",\"valueRequired\":true,\"valueName\":\"search_term_string\"}}],\"inLanguage\":\"en-GB\"}]}<\/script>\n<!-- \/ Yoast SEO plugin. -->","yoast_head_json":{"title":"Bra ZBRA S\/021 - Medical Z -Soome","description":"Bra ZBRA S\/021 - Medical Z with adjustable straps Soome.be, the reference in underwear for plastic surgery.","robots":{"index":"index","follow":"follow","max-snippet":"max-snippet:-1","max-image-preview":"max-image-preview:large","max-video-preview":"max-video-preview:-1"},"canonical":"https:\/\/www.soome.be\/en\/products\/bras\/womens-post-op-bras\/s-021-bra-adjustable-straps\/","og_locale":"en_GB","og_type":"article","og_title":"Soutien-Gorge ZBRA S\/021 - Medical Z -Soome","og_description":"Soutien-Gorge ZBRA S\/021 - Medical Z \u00e0 bretelles r\u00e9glables. Soome.be, la r\u00e9f\u00e9rence en sous-v\u00eatements pour chirurgie plastique.","og_url":"https:\/\/www.soome.be\/en\/products\/bras\/womens-post-op-bras\/s-021-bra-adjustable-straps\/","og_site_name":"SooMe","article_modified_time":"2026-04-22T13:05:32+00:00","og_image":[{"width":1068,"height":1120,"url":"https:\/\/www.soome.be\/wp-content\/uploads\/2023\/06\/products-Zbra-bretelles-reglables-S_021.jpg","type":"image\/jpeg"}],"twitter_card":"summary_large_image","schema":{"@context":"https:\/\/schema.org","@graph":[{"@type":"WebPage","@id":"https:\/\/www.soome.be\/produits\/soutiens-gorge\/soutiens-gorge-post-operatoires-femme\/s-021-soutien-gorge-zbra-bretelles-reglables\/","url":"https:\/\/www.soome.be\/produits\/soutiens-gorge\/soutiens-gorge-post-operatoires-femme\/s-021-soutien-gorge-zbra-bretelles-reglables\/","name":"Bra ZBRA S\/021 - Medical Z -Soome","isPartOf":{"@id":"https:\/\/www.soome.be\/#website"},"primaryImageOfPage":{"@id":"https:\/\/www.soome.be\/produits\/soutiens-gorge\/soutiens-gorge-post-operatoires-femme\/s-021-soutien-gorge-zbra-bretelles-reglables\/#primaryimage"},"image":{"@id":"https:\/\/www.soome.be\/produits\/soutiens-gorge\/soutiens-gorge-post-operatoires-femme\/s-021-soutien-gorge-zbra-bretelles-reglables\/#primaryimage"},"thumbnailUrl":"https:\/\/www.soome.be\/wp-content\/uploads\/2023\/06\/products-Zbra-bretelles-reglables-S_021.jpg","datePublished":"2023-06-01T15:43:41+00:00","dateModified":"2026-04-22T13:05:32+00:00","description":"Bra ZBRA S\/021 - Medical Z with adjustable straps Soome.be, the reference in underwear for plastic surgery.","breadcrumb":{"@id":"https:\/\/www.soome.be\/produits\/soutiens-gorge\/soutiens-gorge-post-operatoires-femme\/s-021-soutien-gorge-zbra-bretelles-reglables\/#breadcrumb"},"inLanguage":"en-GB","potentialAction":[{"@type":"ReadAction","target":["https:\/\/www.soome.be\/produits\/soutiens-gorge\/soutiens-gorge-post-operatoires-femme\/s-021-soutien-gorge-zbra-bretelles-reglables\/"]}]},{"@type":"ImageObject","inLanguage":"en-GB","@id":"https:\/\/www.soome.be\/produits\/soutiens-gorge\/soutiens-gorge-post-operatoires-femme\/s-021-soutien-gorge-zbra-bretelles-reglables\/#primaryimage","url":"https:\/\/www.soome.be\/wp-content\/uploads\/2023\/06\/products-Zbra-bretelles-reglables-S_021.jpg","contentUrl":"https:\/\/www.soome.be\/wp-content\/uploads\/2023\/06\/products-Zbra-bretelles-reglables-S_021.jpg","width":1068,"height":1120,"caption":"S\/021 \u2013 Soutien-Gorge ZBRA\u00ae bretelles r\u00e9glables MEDICAL Z"},{"@type":"BreadcrumbList","@id":"https:\/\/www.soome.be\/produits\/soutiens-gorge\/soutiens-gorge-post-operatoires-femme\/s-021-soutien-gorge-zbra-bretelles-reglables\/#breadcrumb","itemListElement":[{"@type":"ListItem","position":1,"name":"Accueil","item":"https:\/\/www.soome.be\/"},{"@type":"ListItem","position":2,"name":"PRODUITS","item":"https:\/\/www.soome.be\/produits\/"},{"@type":"ListItem","position":3,"name":"S\/021 &#8211; Soutien-Gorge ZBRA\u00ae bretelles r\u00e9glables"}]},{"@type":"WebSite","@id":"https:\/\/www.soome.be\/#website","url":"https:\/\/www.soome.be\/","name":"SooMe","description":"","potentialAction":[{"@type":"SearchAction","target":{"@type":"EntryPoint","urlTemplate":"https:\/\/www.soome.be\/?s={search_term_string}"},"query-input":{"@type":"PropertyValueSpecification","valueRequired":true,"valueName":"search_term_string"}}],"inLanguage":"en-GB"}]}},"_links":{"self":[{"href":"https:\/\/www.soome.be\/en\/wp-json\/wp\/v2\/product\/2355","targetHints":{"allow":["GET"]}}],"collection":[{"href":"https:\/\/www.soome.be\/en\/wp-json\/wp\/v2\/product"}],"about":[{"href":"https:\/\/www.soome.be\/en\/wp-json\/wp\/v2\/types\/product"}],"replies":[{"embeddable":true,"href":"https:\/\/www.soome.be\/en\/wp-json\/wp\/v2\/comments?post=2355"}],"wp:featuredmedia":[{"embeddable":true,"href":"https:\/\/www.soome.be\/en\/wp-json\/wp\/v2\/media\/2436"}],"wp:attachment":[{"href":"https:\/\/www.soome.be\/en\/wp-json\/wp\/v2\/media?parent=2355"}],"wp:term":[{"taxonomy":"product_brand","embeddable":true,"href":"https:\/\/www.soome.be\/en\/wp-json\/wp\/v2\/product_brand?post=2355"},{"taxonomy":"product_cat","embeddable":true,"href":"https:\/\/www.soome.be\/en\/wp-json\/wp\/v2\/product_cat?post=2355"},{"taxonomy":"product_tag","embeddable":true,"href":"https:\/\/www.soome.be\/en\/wp-json\/wp\/v2\/product_tag?post=2355"},{"taxonomy":"berocket_brand","embeddable":true,"href":"https:\/\/www.soome.be\/en\/wp-json\/wp\/v2\/berocket_brand?post=2355"}],"curies":[{"name":"wp","href":"https:\/\/api.w.org\/{rel}","templated":true}]}}