{"id":2461,"date":"2023-06-01T17:43:41","date_gmt":"2023-06-01T15:43:41","guid":{"rendered":"https:\/\/www.soome.be\/?post_type=product&#038;p=2461"},"modified":"2026-04-22T15:05:47","modified_gmt":"2026-04-22T13:05:47","slug":"s-024-zbra-straps-and-removable-stabilizer","status":"publish","type":"product","link":"https:\/\/www.soome.be\/en\/produits\/soutiens-gorge\/soutiens-gorge-post-operatoires-femme\/s-024-zbra-bretelles-reglables-et-contenseur-amovibles\/","title":{"rendered":"S\/024 &#8211; ZBRA\u00ae  bretelles r\u00e9glables et contenseur amovibles"},"content":{"rendered":"<p>Bra ZBRA S\/024<\/p>\n<p>Based on new textile and aesthetic technologies, it combines comfort, support and elegance. Innovative design for optimal support. Exceptional comfort thanks to its technological textile composed of Lycra Soft Comfort\u00ae for better support and CoolMax\u00ae for moisture removal.<\/p>\n<p>Flat seams to avoid irritation, front closure for better anatomical balance and swimmer back for greater freedom of movement<\/p>\n<p><strong>- Shipping costs offered<\/strong><\/p>\n<p><strong>MAINTENANCE :<\/strong> very easy to maintain<\/p>\n<p>Available in: White, Black<\/p>","protected":false},"excerpt":{"rendered":"<p><strong>The Z-Bra\u00ae is an exclusive post-operative bra concept.<\/strong><\/p>","protected":false},"featured_media":2526,"comment_status":"open","ping_status":"closed","template":"","meta":[],"product_brand":[],"product_cat":[69],"product_tag":[49,50,51,53,54,55,156,56,57],"berocket_brand":[432],"class_list":{"0":"post-2461","1":"product","2":"type-product","3":"status-publish","4":"has-post-thumbnail","6":"product_cat-soutiens-gorge-post-operatoires-femme","7":"product_tag-augmentation-mammaire","8":"product_tag-chirurgie-esthetique","9":"product_tag-chirurgie-plastique","10":"product_tag-medical-z","11":"product_tag-medicalz","12":"product_tag-post-operatoire","13":"product_tag-s024-zbra","14":"product_tag-soutien-gorge","15":"product_tag-zbra","16":"pa_bonnets-b-2","17":"pa_bonnets-c-2","18":"pa_bonnets-d-2","19":"pa_bonnets-e-2","20":"pa_couleurs-blanc-2","21":"pa_couleurs-noir-2","22":"pa_eg_html5_ratio-0-4","23":"pa_eg_soundcloud_ratio-0-5","24":"pa_eg_wistia_ratio-0-3","25":"pa_eg_youtube_ratio-0-2","26":"pa_fb_product_group_id-165","27":"pa_fb_visibility-117","28":"pa_product_brand-medical-z-3","29":"pa_tailles-100-3","30":"pa_tailles-105-3","31":"pa_tailles-110-3","32":"pa_tailles-115-3","33":"pa_tailles-80-3","34":"pa_tailles-85-3","35":"pa_tailles-90-3","36":"pa_tailles-95-3","37":"pa_thp_upsellpopup_template-template-default","38":"pa_xfgmc_adult-off-2","39":"pa_xfgmc_condition-default","40":"pa_xfgmc_identifier_exists-off","41":"berocket_brand-medical-z","43":"first","44":"instock","45":"taxable","46":"shipping-taxable","47":"purchasable","48":"product-type-variable"},"yoast_head":"<!-- This site is optimized with the Yoast SEO plugin v27.4 - https:\/\/yoast.com\/product\/yoast-seo-wordpress\/ -->\n<title>Soutien-Gorge ZBRA S\/024 - Soome<\/title>\n<meta name=\"description\" content=\"Soutien-Gorge ZBRA S\/024 \u00e0 bretelles r\u00e9glables et contenseur amovibles. Soome.be, la r\u00e9f\u00e9rence en sous-v\u00eatements pour chirurgie plastique.\" \/>\n<meta name=\"robots\" content=\"index, follow, max-snippet:-1, max-image-preview:large, max-video-preview:-1\" \/>\n<link rel=\"canonical\" href=\"https:\/\/www.soome.be\/en\/products\/bras\/womens-post-op-bras\/s-024-zbra-straps-and-removable-stabilizer\/\" \/>\n<meta property=\"og:locale\" content=\"en_GB\" \/>\n<meta property=\"og:type\" content=\"article\" \/>\n<meta property=\"og:title\" content=\"Soutien-Gorge ZBRA S\/024 - Soome\" \/>\n<meta property=\"og:description\" content=\"Soutien-Gorge ZBRA S\/024 \u00e0 bretelles r\u00e9glables et contenseur amovibles. Soome.be, la r\u00e9f\u00e9rence en sous-v\u00eatements pour chirurgie plastique.\" \/>\n<meta property=\"og:url\" content=\"https:\/\/www.soome.be\/en\/products\/bras\/womens-post-op-bras\/s-024-zbra-straps-and-removable-stabilizer\/\" \/>\n<meta property=\"og:site_name\" content=\"SooMe\" \/>\n<meta property=\"article:modified_time\" content=\"2026-04-22T13:05:47+00:00\" \/>\n<meta property=\"og:image\" content=\"https:\/\/www.soome.be\/wp-content\/uploads\/2023\/06\/products-Zbra-bretelles-reglables-contenseu-amovible-S_024.jpg\" \/>\n\t<meta property=\"og:image:width\" content=\"436\" \/>\n\t<meta property=\"og:image:height\" content=\"640\" \/>\n\t<meta property=\"og:image:type\" content=\"image\/jpeg\" \/>\n<meta name=\"twitter:card\" content=\"summary_large_image\" \/>\n<script type=\"application\/ld+json\" class=\"yoast-schema-graph\">{\"@context\":\"https:\\\/\\\/schema.org\",\"@graph\":[{\"@type\":\"WebPage\",\"@id\":\"https:\\\/\\\/www.soome.be\\\/produits\\\/soutiens-gorge\\\/soutiens-gorge-post-operatoires-femme\\\/s-024-zbra-bretelles-reglables-et-contenseur-amovibles\\\/\",\"url\":\"https:\\\/\\\/www.soome.be\\\/produits\\\/soutiens-gorge\\\/soutiens-gorge-post-operatoires-femme\\\/s-024-zbra-bretelles-reglables-et-contenseur-amovibles\\\/\",\"name\":\"Soutien-Gorge ZBRA S\\\/024 - Soome\",\"isPartOf\":{\"@id\":\"https:\\\/\\\/www.soome.be\\\/#website\"},\"primaryImageOfPage\":{\"@id\":\"https:\\\/\\\/www.soome.be\\\/produits\\\/soutiens-gorge\\\/soutiens-gorge-post-operatoires-femme\\\/s-024-zbra-bretelles-reglables-et-contenseur-amovibles\\\/#primaryimage\"},\"image\":{\"@id\":\"https:\\\/\\\/www.soome.be\\\/produits\\\/soutiens-gorge\\\/soutiens-gorge-post-operatoires-femme\\\/s-024-zbra-bretelles-reglables-et-contenseur-amovibles\\\/#primaryimage\"},\"thumbnailUrl\":\"https:\\\/\\\/www.soome.be\\\/wp-content\\\/uploads\\\/2023\\\/06\\\/products-Zbra-bretelles-reglables-contenseu-amovible-S_024.jpg\",\"datePublished\":\"2023-06-01T15:43:41+00:00\",\"dateModified\":\"2026-04-22T13:05:47+00:00\",\"description\":\"Soutien-Gorge ZBRA S\\\/024 \u00e0 bretelles r\u00e9glables et contenseur amovibles. Soome.be, la r\u00e9f\u00e9rence en sous-v\u00eatements pour chirurgie plastique.\",\"breadcrumb\":{\"@id\":\"https:\\\/\\\/www.soome.be\\\/produits\\\/soutiens-gorge\\\/soutiens-gorge-post-operatoires-femme\\\/s-024-zbra-bretelles-reglables-et-contenseur-amovibles\\\/#breadcrumb\"},\"inLanguage\":\"en-GB\",\"potentialAction\":[{\"@type\":\"ReadAction\",\"target\":[\"https:\\\/\\\/www.soome.be\\\/produits\\\/soutiens-gorge\\\/soutiens-gorge-post-operatoires-femme\\\/s-024-zbra-bretelles-reglables-et-contenseur-amovibles\\\/\"]}]},{\"@type\":\"ImageObject\",\"inLanguage\":\"en-GB\",\"@id\":\"https:\\\/\\\/www.soome.be\\\/produits\\\/soutiens-gorge\\\/soutiens-gorge-post-operatoires-femme\\\/s-024-zbra-bretelles-reglables-et-contenseur-amovibles\\\/#primaryimage\",\"url\":\"https:\\\/\\\/www.soome.be\\\/wp-content\\\/uploads\\\/2023\\\/06\\\/products-Zbra-bretelles-reglables-contenseu-amovible-S_024.jpg\",\"contentUrl\":\"https:\\\/\\\/www.soome.be\\\/wp-content\\\/uploads\\\/2023\\\/06\\\/products-Zbra-bretelles-reglables-contenseu-amovible-S_024.jpg\",\"width\":436,\"height\":640,\"caption\":\"S\\\/024 \u2013 ZBRA\u00ae bretelles r\u00e9glables et contenseur amovibles MEDICAL Z\"},{\"@type\":\"BreadcrumbList\",\"@id\":\"https:\\\/\\\/www.soome.be\\\/produits\\\/soutiens-gorge\\\/soutiens-gorge-post-operatoires-femme\\\/s-024-zbra-bretelles-reglables-et-contenseur-amovibles\\\/#breadcrumb\",\"itemListElement\":[{\"@type\":\"ListItem\",\"position\":1,\"name\":\"Accueil\",\"item\":\"https:\\\/\\\/www.soome.be\\\/\"},{\"@type\":\"ListItem\",\"position\":2,\"name\":\"PRODUITS\",\"item\":\"https:\\\/\\\/www.soome.be\\\/produits\\\/\"},{\"@type\":\"ListItem\",\"position\":3,\"name\":\"S\\\/024 &#8211; ZBRA\u00ae bretelles r\u00e9glables et contenseur amovibles\"}]},{\"@type\":\"WebSite\",\"@id\":\"https:\\\/\\\/www.soome.be\\\/#website\",\"url\":\"https:\\\/\\\/www.soome.be\\\/\",\"name\":\"SooMe\",\"description\":\"\",\"potentialAction\":[{\"@type\":\"SearchAction\",\"target\":{\"@type\":\"EntryPoint\",\"urlTemplate\":\"https:\\\/\\\/www.soome.be\\\/?s={search_term_string}\"},\"query-input\":{\"@type\":\"PropertyValueSpecification\",\"valueRequired\":true,\"valueName\":\"search_term_string\"}}],\"inLanguage\":\"en-GB\"}]}<\/script>\n<!-- \/ Yoast SEO plugin. -->","yoast_head_json":{"title":"Bra ZBRA S\/024 - Soome","description":"ZBRA S\/024 bra with adjustable straps and removable support. Soome.be, the reference in underwear for plastic surgery.","robots":{"index":"index","follow":"follow","max-snippet":"max-snippet:-1","max-image-preview":"max-image-preview:large","max-video-preview":"max-video-preview:-1"},"canonical":"https:\/\/www.soome.be\/en\/products\/bras\/womens-post-op-bras\/s-024-zbra-straps-and-removable-stabilizer\/","og_locale":"en_GB","og_type":"article","og_title":"Soutien-Gorge ZBRA S\/024 - Soome","og_description":"Soutien-Gorge ZBRA S\/024 \u00e0 bretelles r\u00e9glables et contenseur amovibles. Soome.be, la r\u00e9f\u00e9rence en sous-v\u00eatements pour chirurgie plastique.","og_url":"https:\/\/www.soome.be\/en\/products\/bras\/womens-post-op-bras\/s-024-zbra-straps-and-removable-stabilizer\/","og_site_name":"SooMe","article_modified_time":"2026-04-22T13:05:47+00:00","og_image":[{"width":436,"height":640,"url":"https:\/\/www.soome.be\/wp-content\/uploads\/2023\/06\/products-Zbra-bretelles-reglables-contenseu-amovible-S_024.jpg","type":"image\/jpeg"}],"twitter_card":"summary_large_image","schema":{"@context":"https:\/\/schema.org","@graph":[{"@type":"WebPage","@id":"https:\/\/www.soome.be\/produits\/soutiens-gorge\/soutiens-gorge-post-operatoires-femme\/s-024-zbra-bretelles-reglables-et-contenseur-amovibles\/","url":"https:\/\/www.soome.be\/produits\/soutiens-gorge\/soutiens-gorge-post-operatoires-femme\/s-024-zbra-bretelles-reglables-et-contenseur-amovibles\/","name":"Bra ZBRA S\/024 - Soome","isPartOf":{"@id":"https:\/\/www.soome.be\/#website"},"primaryImageOfPage":{"@id":"https:\/\/www.soome.be\/produits\/soutiens-gorge\/soutiens-gorge-post-operatoires-femme\/s-024-zbra-bretelles-reglables-et-contenseur-amovibles\/#primaryimage"},"image":{"@id":"https:\/\/www.soome.be\/produits\/soutiens-gorge\/soutiens-gorge-post-operatoires-femme\/s-024-zbra-bretelles-reglables-et-contenseur-amovibles\/#primaryimage"},"thumbnailUrl":"https:\/\/www.soome.be\/wp-content\/uploads\/2023\/06\/products-Zbra-bretelles-reglables-contenseu-amovible-S_024.jpg","datePublished":"2023-06-01T15:43:41+00:00","dateModified":"2026-04-22T13:05:47+00:00","description":"ZBRA S\/024 bra with adjustable straps and removable support. Soome.be, the reference in underwear for plastic surgery.","breadcrumb":{"@id":"https:\/\/www.soome.be\/produits\/soutiens-gorge\/soutiens-gorge-post-operatoires-femme\/s-024-zbra-bretelles-reglables-et-contenseur-amovibles\/#breadcrumb"},"inLanguage":"en-GB","potentialAction":[{"@type":"ReadAction","target":["https:\/\/www.soome.be\/produits\/soutiens-gorge\/soutiens-gorge-post-operatoires-femme\/s-024-zbra-bretelles-reglables-et-contenseur-amovibles\/"]}]},{"@type":"ImageObject","inLanguage":"en-GB","@id":"https:\/\/www.soome.be\/produits\/soutiens-gorge\/soutiens-gorge-post-operatoires-femme\/s-024-zbra-bretelles-reglables-et-contenseur-amovibles\/#primaryimage","url":"https:\/\/www.soome.be\/wp-content\/uploads\/2023\/06\/products-Zbra-bretelles-reglables-contenseu-amovible-S_024.jpg","contentUrl":"https:\/\/www.soome.be\/wp-content\/uploads\/2023\/06\/products-Zbra-bretelles-reglables-contenseu-amovible-S_024.jpg","width":436,"height":640,"caption":"S\/024 \u2013 ZBRA\u00ae bretelles r\u00e9glables et contenseur amovibles MEDICAL Z"},{"@type":"BreadcrumbList","@id":"https:\/\/www.soome.be\/produits\/soutiens-gorge\/soutiens-gorge-post-operatoires-femme\/s-024-zbra-bretelles-reglables-et-contenseur-amovibles\/#breadcrumb","itemListElement":[{"@type":"ListItem","position":1,"name":"Accueil","item":"https:\/\/www.soome.be\/"},{"@type":"ListItem","position":2,"name":"PRODUITS","item":"https:\/\/www.soome.be\/produits\/"},{"@type":"ListItem","position":3,"name":"S\/024 &#8211; ZBRA\u00ae bretelles r\u00e9glables et contenseur amovibles"}]},{"@type":"WebSite","@id":"https:\/\/www.soome.be\/#website","url":"https:\/\/www.soome.be\/","name":"SooMe","description":"","potentialAction":[{"@type":"SearchAction","target":{"@type":"EntryPoint","urlTemplate":"https:\/\/www.soome.be\/?s={search_term_string}"},"query-input":{"@type":"PropertyValueSpecification","valueRequired":true,"valueName":"search_term_string"}}],"inLanguage":"en-GB"}]}},"_links":{"self":[{"href":"https:\/\/www.soome.be\/en\/wp-json\/wp\/v2\/product\/2461","targetHints":{"allow":["GET"]}}],"collection":[{"href":"https:\/\/www.soome.be\/en\/wp-json\/wp\/v2\/product"}],"about":[{"href":"https:\/\/www.soome.be\/en\/wp-json\/wp\/v2\/types\/product"}],"replies":[{"embeddable":true,"href":"https:\/\/www.soome.be\/en\/wp-json\/wp\/v2\/comments?post=2461"}],"wp:featuredmedia":[{"embeddable":true,"href":"https:\/\/www.soome.be\/en\/wp-json\/wp\/v2\/media\/2526"}],"wp:attachment":[{"href":"https:\/\/www.soome.be\/en\/wp-json\/wp\/v2\/media?parent=2461"}],"wp:term":[{"taxonomy":"product_brand","embeddable":true,"href":"https:\/\/www.soome.be\/en\/wp-json\/wp\/v2\/product_brand?post=2461"},{"taxonomy":"product_cat","embeddable":true,"href":"https:\/\/www.soome.be\/en\/wp-json\/wp\/v2\/product_cat?post=2461"},{"taxonomy":"product_tag","embeddable":true,"href":"https:\/\/www.soome.be\/en\/wp-json\/wp\/v2\/product_tag?post=2461"},{"taxonomy":"berocket_brand","embeddable":true,"href":"https:\/\/www.soome.be\/en\/wp-json\/wp\/v2\/berocket_brand?post=2461"}],"curies":[{"name":"wp","href":"https:\/\/api.w.org\/{rel}","templated":true}]}}