{"id":2588,"date":"2023-06-01T17:43:42","date_gmt":"2023-06-01T15:43:42","guid":{"rendered":"https:\/\/www.soome.be\/?post_type=product&#038;p=2588"},"modified":"2026-04-22T15:06:00","modified_gmt":"2026-04-22T13:06:00","slug":"ec-032-centrale-closure","status":"publish","type":"product","link":"https:\/\/www.soome.be\/en\/produits\/ceintures-abdominales-post-operatoires-femme\/ec-032-fermeture-centrale\/","title":{"rendered":"EC\/032 - Central lock"},"content":{"rendered":"<p>Highly elegant belt COOLMAX EC\/032<\/p>\n<p>Maintenance application with permanent pressure, anti-edematous. The pressure thus obtained ensures a perfect maintenance while allowing a total freedom of movement. Exceptional comfort thanks to a high-tech textile based on Coolmax\u00ae thermoregulator that evacuates perspiration.<\/p>\n<p>Machine wash at 30\u00b0C maximum, dryer not allowed.<\/p>\n<p>The quality of our tissues and our clinical research ensure that only one garment is needed to provide the complete treatment required by your doctor.<\/p>\n<p><strong>- Shipping costs offered<\/strong><\/p>\n<p><strong>- Supported Product, Prescription Title: \u201cAbdominal Support Belt\u201d<\/strong><\/p>\n<p><strong>Available in: White, Black<\/strong><\/p>","protected":false},"excerpt":{"rendered":"<p>Post-op lap belt.<\/p>","protected":false},"featured_media":2605,"comment_status":"open","ping_status":"open","template":"","meta":[],"product_brand":[],"product_cat":[70],"product_tag":[144,50,51,167,172,53,54,55,57],"berocket_brand":[432],"class_list":{"0":"post-2588","1":"product","2":"type-product","3":"status-publish","4":"has-post-thumbnail","6":"product_cat-ceintures-abdominales-post-operatoires-femme","7":"product_tag-ceinture-abdominale","8":"product_tag-chirurgie-esthetique","9":"product_tag-chirurgie-plastique","10":"product_tag-coolmax","11":"product_tag-ec032-coolmax","12":"product_tag-medical-z","13":"product_tag-medicalz","14":"product_tag-post-operatoire","15":"product_tag-zbra","16":"pa_coloris-blanc-3","17":"pa_coloris-noir-3","18":"pa_eg_html5_ratio-0-4","19":"pa_eg_soundcloud_ratio-0-5","20":"pa_eg_wistia_ratio-0-3","21":"pa_eg_youtube_ratio-0-2","22":"pa_fb_product_group_id-174","23":"pa_fb_visibility-117","24":"pa_product_brand-medical-z-3","25":"pa_tailles-1-2","26":"pa_tailles-149","27":"pa_tailles-150","28":"pa_tailles-151","29":"pa_tailles-152","30":"pa_tailles-153","31":"pa_tailles-154","32":"pa_thp_upsellpopup_template-template-default","33":"pa_xfgmc_adult-off-2","34":"pa_xfgmc_condition-default","35":"pa_xfgmc_identifier_exists-off","36":"berocket_brand-medical-z","38":"first","39":"instock","40":"taxable","41":"shipping-taxable","42":"purchasable","43":"product-type-variable"},"yoast_head":"<!-- This site is optimized with the Yoast SEO plugin v27.4 - https:\/\/yoast.com\/product\/yoast-seo-wordpress\/ -->\n<title>Ceinture haute \u00e9l\u00e9gance COOLMAX EC\/032 - Soome<\/title>\n<meta name=\"description\" content=\"Ceinture haute \u00e9l\u00e9gance COOLMAX EC\/032 - Soome.be, la r\u00e9f\u00e9rence en sous-v\u00eatements chic et efficace pour chirurgie esth\u00e9tique.\" \/>\n<meta name=\"robots\" content=\"index, follow, max-snippet:-1, max-image-preview:large, max-video-preview:-1\" \/>\n<link rel=\"canonical\" href=\"https:\/\/www.soome.be\/en\/products\/womens-post-op-abdominal-belts\/ec-032-centrale-closure\/\" \/>\n<meta property=\"og:locale\" content=\"en_GB\" \/>\n<meta property=\"og:type\" content=\"article\" \/>\n<meta property=\"og:title\" content=\"Ceinture haute \u00e9l\u00e9gance COOLMAX EC\/032 - Soome\" \/>\n<meta property=\"og:description\" content=\"Ceinture haute \u00e9l\u00e9gance COOLMAX EC\/032 - Soome.be, la r\u00e9f\u00e9rence en sous-v\u00eatements chic et efficace pour chirurgie esth\u00e9tique.\" \/>\n<meta property=\"og:url\" content=\"https:\/\/www.soome.be\/en\/products\/womens-post-op-abdominal-belts\/ec-032-centrale-closure\/\" \/>\n<meta property=\"og:site_name\" content=\"SooMe\" \/>\n<meta property=\"article:modified_time\" content=\"2026-04-22T13:06:00+00:00\" \/>\n<meta property=\"og:image\" content=\"https:\/\/www.soome.be\/wp-content\/uploads\/2023\/06\/products-Ceinture-haute-elegance-coolmax-fermeture-centrale-EC_032.png\" \/>\n\t<meta property=\"og:image:width\" content=\"553\" \/>\n\t<meta property=\"og:image:height\" content=\"640\" \/>\n\t<meta property=\"og:image:type\" content=\"image\/jpeg\" \/>\n<meta name=\"twitter:card\" content=\"summary_large_image\" \/>\n<meta name=\"twitter:label1\" content=\"Estimated reading time\" \/>\n\t<meta name=\"twitter:data1\" content=\"1 minute\" \/>\n<script type=\"application\/ld+json\" class=\"yoast-schema-graph\">{\"@context\":\"https:\\\/\\\/schema.org\",\"@graph\":[{\"@type\":\"WebPage\",\"@id\":\"https:\\\/\\\/www.soome.be\\\/produits\\\/ceintures-abdominales-post-operatoires-femme\\\/ec-032-fermeture-centrale\\\/\",\"url\":\"https:\\\/\\\/www.soome.be\\\/produits\\\/ceintures-abdominales-post-operatoires-femme\\\/ec-032-fermeture-centrale\\\/\",\"name\":\"Ceinture haute \u00e9l\u00e9gance COOLMAX EC\\\/032 - Soome\",\"isPartOf\":{\"@id\":\"https:\\\/\\\/www.soome.be\\\/#website\"},\"primaryImageOfPage\":{\"@id\":\"https:\\\/\\\/www.soome.be\\\/produits\\\/ceintures-abdominales-post-operatoires-femme\\\/ec-032-fermeture-centrale\\\/#primaryimage\"},\"image\":{\"@id\":\"https:\\\/\\\/www.soome.be\\\/produits\\\/ceintures-abdominales-post-operatoires-femme\\\/ec-032-fermeture-centrale\\\/#primaryimage\"},\"thumbnailUrl\":\"https:\\\/\\\/www.soome.be\\\/wp-content\\\/uploads\\\/2023\\\/06\\\/products-Ceinture-haute-elegance-coolmax-fermeture-centrale-EC_032.png\",\"datePublished\":\"2023-06-01T15:43:42+00:00\",\"dateModified\":\"2026-04-22T13:06:00+00:00\",\"description\":\"Ceinture haute \u00e9l\u00e9gance COOLMAX EC\\\/032 - Soome.be, la r\u00e9f\u00e9rence en sous-v\u00eatements chic et efficace pour chirurgie esth\u00e9tique.\",\"breadcrumb\":{\"@id\":\"https:\\\/\\\/www.soome.be\\\/produits\\\/ceintures-abdominales-post-operatoires-femme\\\/ec-032-fermeture-centrale\\\/#breadcrumb\"},\"inLanguage\":\"en-GB\",\"potentialAction\":[{\"@type\":\"ReadAction\",\"target\":[\"https:\\\/\\\/www.soome.be\\\/produits\\\/ceintures-abdominales-post-operatoires-femme\\\/ec-032-fermeture-centrale\\\/\"]}]},{\"@type\":\"ImageObject\",\"inLanguage\":\"en-GB\",\"@id\":\"https:\\\/\\\/www.soome.be\\\/produits\\\/ceintures-abdominales-post-operatoires-femme\\\/ec-032-fermeture-centrale\\\/#primaryimage\",\"url\":\"https:\\\/\\\/www.soome.be\\\/wp-content\\\/uploads\\\/2023\\\/06\\\/products-Ceinture-haute-elegance-coolmax-fermeture-centrale-EC_032.png\",\"contentUrl\":\"https:\\\/\\\/www.soome.be\\\/wp-content\\\/uploads\\\/2023\\\/06\\\/products-Ceinture-haute-elegance-coolmax-fermeture-centrale-EC_032.png\",\"width\":553,\"height\":640,\"caption\":\"Ceinture haute \u00e9l\u00e9gance COOLMAX EC\\\/032\"},{\"@type\":\"BreadcrumbList\",\"@id\":\"https:\\\/\\\/www.soome.be\\\/produits\\\/ceintures-abdominales-post-operatoires-femme\\\/ec-032-fermeture-centrale\\\/#breadcrumb\",\"itemListElement\":[{\"@type\":\"ListItem\",\"position\":1,\"name\":\"Accueil\",\"item\":\"https:\\\/\\\/www.soome.be\\\/\"},{\"@type\":\"ListItem\",\"position\":2,\"name\":\"PRODUITS\",\"item\":\"https:\\\/\\\/www.soome.be\\\/produits\\\/\"},{\"@type\":\"ListItem\",\"position\":3,\"name\":\"EC\\\/032 &#8211; Fermeture centrale\"}]},{\"@type\":\"WebSite\",\"@id\":\"https:\\\/\\\/www.soome.be\\\/#website\",\"url\":\"https:\\\/\\\/www.soome.be\\\/\",\"name\":\"SooMe\",\"description\":\"\",\"potentialAction\":[{\"@type\":\"SearchAction\",\"target\":{\"@type\":\"EntryPoint\",\"urlTemplate\":\"https:\\\/\\\/www.soome.be\\\/?s={search_term_string}\"},\"query-input\":{\"@type\":\"PropertyValueSpecification\",\"valueRequired\":true,\"valueName\":\"search_term_string\"}}],\"inLanguage\":\"en-GB\"}]}<\/script>\n<!-- \/ Yoast SEO plugin. -->","yoast_head_json":{"title":"High elegance belt COOLMAX EC\/032 - Soome","description":"Highly elegant belt COOLMAX EC\/032 - Soome.be, the reference for chic and efficient underwear for cosmetic surgery.","robots":{"index":"index","follow":"follow","max-snippet":"max-snippet:-1","max-image-preview":"max-image-preview:large","max-video-preview":"max-video-preview:-1"},"canonical":"https:\/\/www.soome.be\/en\/products\/womens-post-op-abdominal-belts\/ec-032-centrale-closure\/","og_locale":"en_GB","og_type":"article","og_title":"Ceinture haute \u00e9l\u00e9gance COOLMAX EC\/032 - Soome","og_description":"Ceinture haute \u00e9l\u00e9gance COOLMAX EC\/032 - Soome.be, la r\u00e9f\u00e9rence en sous-v\u00eatements chic et efficace pour chirurgie esth\u00e9tique.","og_url":"https:\/\/www.soome.be\/en\/products\/womens-post-op-abdominal-belts\/ec-032-centrale-closure\/","og_site_name":"SooMe","article_modified_time":"2026-04-22T13:06:00+00:00","og_image":[{"width":553,"height":640,"url":"https:\/\/www.soome.be\/wp-content\/uploads\/2023\/06\/products-Ceinture-haute-elegance-coolmax-fermeture-centrale-EC_032.png","type":"image\/jpeg"}],"twitter_card":"summary_large_image","twitter_misc":{"Estimated reading time":"1 minute"},"schema":{"@context":"https:\/\/schema.org","@graph":[{"@type":"WebPage","@id":"https:\/\/www.soome.be\/produits\/ceintures-abdominales-post-operatoires-femme\/ec-032-fermeture-centrale\/","url":"https:\/\/www.soome.be\/produits\/ceintures-abdominales-post-operatoires-femme\/ec-032-fermeture-centrale\/","name":"High elegance belt COOLMAX EC\/032 - Soome","isPartOf":{"@id":"https:\/\/www.soome.be\/#website"},"primaryImageOfPage":{"@id":"https:\/\/www.soome.be\/produits\/ceintures-abdominales-post-operatoires-femme\/ec-032-fermeture-centrale\/#primaryimage"},"image":{"@id":"https:\/\/www.soome.be\/produits\/ceintures-abdominales-post-operatoires-femme\/ec-032-fermeture-centrale\/#primaryimage"},"thumbnailUrl":"https:\/\/www.soome.be\/wp-content\/uploads\/2023\/06\/products-Ceinture-haute-elegance-coolmax-fermeture-centrale-EC_032.png","datePublished":"2023-06-01T15:43:42+00:00","dateModified":"2026-04-22T13:06:00+00:00","description":"Highly elegant belt COOLMAX EC\/032 - Soome.be, the reference for chic and efficient underwear for cosmetic surgery.","breadcrumb":{"@id":"https:\/\/www.soome.be\/produits\/ceintures-abdominales-post-operatoires-femme\/ec-032-fermeture-centrale\/#breadcrumb"},"inLanguage":"en-GB","potentialAction":[{"@type":"ReadAction","target":["https:\/\/www.soome.be\/produits\/ceintures-abdominales-post-operatoires-femme\/ec-032-fermeture-centrale\/"]}]},{"@type":"ImageObject","inLanguage":"en-GB","@id":"https:\/\/www.soome.be\/produits\/ceintures-abdominales-post-operatoires-femme\/ec-032-fermeture-centrale\/#primaryimage","url":"https:\/\/www.soome.be\/wp-content\/uploads\/2023\/06\/products-Ceinture-haute-elegance-coolmax-fermeture-centrale-EC_032.png","contentUrl":"https:\/\/www.soome.be\/wp-content\/uploads\/2023\/06\/products-Ceinture-haute-elegance-coolmax-fermeture-centrale-EC_032.png","width":553,"height":640,"caption":"Ceinture haute \u00e9l\u00e9gance COOLMAX EC\/032"},{"@type":"BreadcrumbList","@id":"https:\/\/www.soome.be\/produits\/ceintures-abdominales-post-operatoires-femme\/ec-032-fermeture-centrale\/#breadcrumb","itemListElement":[{"@type":"ListItem","position":1,"name":"Accueil","item":"https:\/\/www.soome.be\/"},{"@type":"ListItem","position":2,"name":"PRODUITS","item":"https:\/\/www.soome.be\/produits\/"},{"@type":"ListItem","position":3,"name":"EC\/032 &#8211; Fermeture centrale"}]},{"@type":"WebSite","@id":"https:\/\/www.soome.be\/#website","url":"https:\/\/www.soome.be\/","name":"SooMe","description":"","potentialAction":[{"@type":"SearchAction","target":{"@type":"EntryPoint","urlTemplate":"https:\/\/www.soome.be\/?s={search_term_string}"},"query-input":{"@type":"PropertyValueSpecification","valueRequired":true,"valueName":"search_term_string"}}],"inLanguage":"en-GB"}]}},"_links":{"self":[{"href":"https:\/\/www.soome.be\/en\/wp-json\/wp\/v2\/product\/2588","targetHints":{"allow":["GET"]}}],"collection":[{"href":"https:\/\/www.soome.be\/en\/wp-json\/wp\/v2\/product"}],"about":[{"href":"https:\/\/www.soome.be\/en\/wp-json\/wp\/v2\/types\/product"}],"replies":[{"embeddable":true,"href":"https:\/\/www.soome.be\/en\/wp-json\/wp\/v2\/comments?post=2588"}],"wp:featuredmedia":[{"embeddable":true,"href":"https:\/\/www.soome.be\/en\/wp-json\/wp\/v2\/media\/2605"}],"wp:attachment":[{"href":"https:\/\/www.soome.be\/en\/wp-json\/wp\/v2\/media?parent=2588"}],"wp:term":[{"taxonomy":"product_brand","embeddable":true,"href":"https:\/\/www.soome.be\/en\/wp-json\/wp\/v2\/product_brand?post=2588"},{"taxonomy":"product_cat","embeddable":true,"href":"https:\/\/www.soome.be\/en\/wp-json\/wp\/v2\/product_cat?post=2588"},{"taxonomy":"product_tag","embeddable":true,"href":"https:\/\/www.soome.be\/en\/wp-json\/wp\/v2\/product_tag?post=2588"},{"taxonomy":"berocket_brand","embeddable":true,"href":"https:\/\/www.soome.be\/en\/wp-json\/wp\/v2\/berocket_brand?post=2588"}],"curies":[{"name":"wp","href":"https:\/\/api.w.org\/{rel}","templated":true}]}}