{"id":2607,"date":"2023-06-01T17:43:42","date_gmt":"2023-06-01T15:43:42","guid":{"rendered":"https:\/\/www.soome.be\/?post_type=product&#038;p=2607"},"modified":"2026-04-22T15:06:05","modified_gmt":"2026-04-22T13:06:05","slug":"ec-006-short-lipo-panty-waist-knee-coolmax","status":"publish","type":"product","link":"https:\/\/www.soome.be\/en\/produits\/ceintures-abdominales-post-operatoires-femme\/ec-033-ceinture-elegance-coolmax-haut-dos\/","title":{"rendered":"EC\/033 - Elegant coolmax\u00ae upper back belt"},"content":{"rendered":"<p>Elegance belt COOLMAX EC\/033<\/p>\n<p>Maintenance application with permanent pressure, anti-edematous. The pressure thus obtained ensures a perfect maintenance while allowing a total freedom of movement. Exceptional comfort thanks to a high-tech textile based on Coolmax\u00ae thermoregulator that evacuates perspiration.<\/p>\n<p>Machine wash at 30\u00b0C maximum, dryer not allowed.<\/p>\n<p>The quality of our tissues and our clinical research ensure that only one garment is needed to provide the complete treatment required by your doctor.<\/p>\n<p><strong>- Shipping costs offered<\/strong><\/p>\n<p><strong>Available in Black<\/strong><\/p>","protected":false},"excerpt":{"rendered":"<p>Post-op lap belt.<\/p>","protected":false},"featured_media":2624,"comment_status":"open","ping_status":"open","template":"","meta":[],"product_brand":[],"product_cat":[70],"product_tag":[144,50,51,167,172,175,176,53,54,55,57],"berocket_brand":[432],"class_list":{"0":"post-2607","1":"product","2":"type-product","3":"status-publish","4":"has-post-thumbnail","6":"product_cat-ceintures-abdominales-post-operatoires-femme","7":"product_tag-ceinture-abdominale","8":"product_tag-chirurgie-esthetique","9":"product_tag-chirurgie-plastique","10":"product_tag-coolmax","11":"product_tag-ec032-coolmax","12":"product_tag-ec033-coolmax","13":"product_tag-ec033-medical-z","14":"product_tag-medical-z","15":"product_tag-medicalz","16":"product_tag-post-operatoire","17":"product_tag-zbra","18":"pa_coloris-blanc-3","19":"pa_coloris-noir-3","20":"pa_eg_html5_ratio-0-4","21":"pa_eg_soundcloud_ratio-0-5","22":"pa_eg_wistia_ratio-0-3","23":"pa_eg_youtube_ratio-0-2","24":"pa_fb_product_group_id-177","25":"pa_fb_visibility-117","26":"pa_product_brand-medical-z-3","27":"pa_tailles-1-2","28":"pa_tailles-149","29":"pa_tailles-150","30":"pa_tailles-151","31":"pa_tailles-152","32":"pa_tailles-153","33":"pa_tailles-154","34":"pa_thp_upsellpopup_template-template-default","35":"pa_xfgmc_adult-off-2","36":"pa_xfgmc_condition-default","37":"pa_xfgmc_identifier_exists-off","38":"berocket_brand-medical-z","40":"first","41":"instock","42":"taxable","43":"shipping-taxable","44":"purchasable","45":"product-type-variable"},"yoast_head":"<!-- This site is optimized with the Yoast SEO plugin v27.4 - https:\/\/yoast.com\/product\/yoast-seo-wordpress\/ -->\n<title>Ceinture \u00e9l\u00e9gance COOLMAX EC\/033 - Soome<\/title>\n<meta name=\"description\" content=\"Ceinture \u00e9l\u00e9gance COOLMAX EC\/033. Soome.be, le sp\u00e9cialiste en sous-v\u00eatements chic et efficace pour chirurgie plastique et esth\u00e9tique.\" \/>\n<meta name=\"robots\" content=\"index, follow, max-snippet:-1, max-image-preview:large, max-video-preview:-1\" \/>\n<link rel=\"canonical\" href=\"https:\/\/www.soome.be\/en\/products\/womens-post-op-abdominal-belts\/ec-006-short-lipo-panty-waist-knee-coolmax\/\" \/>\n<meta property=\"og:locale\" content=\"en_GB\" \/>\n<meta property=\"og:type\" content=\"article\" \/>\n<meta property=\"og:title\" content=\"Ceinture \u00e9l\u00e9gance COOLMAX EC\/033 - Soome\" \/>\n<meta property=\"og:description\" content=\"Ceinture \u00e9l\u00e9gance COOLMAX EC\/033. Soome.be, le sp\u00e9cialiste en sous-v\u00eatements chic et efficace pour chirurgie plastique et esth\u00e9tique.\" \/>\n<meta property=\"og:url\" content=\"https:\/\/www.soome.be\/en\/products\/womens-post-op-abdominal-belts\/ec-006-short-lipo-panty-waist-knee-coolmax\/\" \/>\n<meta property=\"og:site_name\" content=\"SooMe\" \/>\n<meta property=\"article:modified_time\" content=\"2026-04-22T13:06:05+00:00\" \/>\n<meta property=\"og:image\" content=\"https:\/\/www.soome.be\/wp-content\/uploads\/2023\/06\/products-Ceinture-elegance-coolmax-fermeture-centrale-dos-haut-EC_033.jpg\" \/>\n\t<meta property=\"og:image:width\" content=\"428\" \/>\n\t<meta property=\"og:image:height\" content=\"640\" \/>\n\t<meta property=\"og:image:type\" content=\"image\/jpeg\" \/>\n<meta name=\"twitter:card\" content=\"summary_large_image\" \/>\n<meta name=\"twitter:label1\" content=\"Estimated reading time\" \/>\n\t<meta name=\"twitter:data1\" content=\"1 minute\" \/>\n<script type=\"application\/ld+json\" class=\"yoast-schema-graph\">{\"@context\":\"https:\\\/\\\/schema.org\",\"@graph\":[{\"@type\":\"WebPage\",\"@id\":\"https:\\\/\\\/www.soome.be\\\/produits\\\/ceintures-abdominales-post-operatoires-femme\\\/ec-033-ceinture-elegance-coolmax-haut-dos\\\/\",\"url\":\"https:\\\/\\\/www.soome.be\\\/produits\\\/ceintures-abdominales-post-operatoires-femme\\\/ec-033-ceinture-elegance-coolmax-haut-dos\\\/\",\"name\":\"Ceinture \u00e9l\u00e9gance COOLMAX EC\\\/033 - Soome\",\"isPartOf\":{\"@id\":\"https:\\\/\\\/www.soome.be\\\/#website\"},\"primaryImageOfPage\":{\"@id\":\"https:\\\/\\\/www.soome.be\\\/produits\\\/ceintures-abdominales-post-operatoires-femme\\\/ec-033-ceinture-elegance-coolmax-haut-dos\\\/#primaryimage\"},\"image\":{\"@id\":\"https:\\\/\\\/www.soome.be\\\/produits\\\/ceintures-abdominales-post-operatoires-femme\\\/ec-033-ceinture-elegance-coolmax-haut-dos\\\/#primaryimage\"},\"thumbnailUrl\":\"https:\\\/\\\/www.soome.be\\\/wp-content\\\/uploads\\\/2023\\\/06\\\/products-Ceinture-elegance-coolmax-fermeture-centrale-dos-haut-EC_033.jpg\",\"datePublished\":\"2023-06-01T15:43:42+00:00\",\"dateModified\":\"2026-04-22T13:06:05+00:00\",\"description\":\"Ceinture \u00e9l\u00e9gance COOLMAX EC\\\/033. Soome.be, le sp\u00e9cialiste en sous-v\u00eatements chic et efficace pour chirurgie plastique et esth\u00e9tique.\",\"breadcrumb\":{\"@id\":\"https:\\\/\\\/www.soome.be\\\/produits\\\/ceintures-abdominales-post-operatoires-femme\\\/ec-033-ceinture-elegance-coolmax-haut-dos\\\/#breadcrumb\"},\"inLanguage\":\"en-GB\",\"potentialAction\":[{\"@type\":\"ReadAction\",\"target\":[\"https:\\\/\\\/www.soome.be\\\/produits\\\/ceintures-abdominales-post-operatoires-femme\\\/ec-033-ceinture-elegance-coolmax-haut-dos\\\/\"]}]},{\"@type\":\"ImageObject\",\"inLanguage\":\"en-GB\",\"@id\":\"https:\\\/\\\/www.soome.be\\\/produits\\\/ceintures-abdominales-post-operatoires-femme\\\/ec-033-ceinture-elegance-coolmax-haut-dos\\\/#primaryimage\",\"url\":\"https:\\\/\\\/www.soome.be\\\/wp-content\\\/uploads\\\/2023\\\/06\\\/products-Ceinture-elegance-coolmax-fermeture-centrale-dos-haut-EC_033.jpg\",\"contentUrl\":\"https:\\\/\\\/www.soome.be\\\/wp-content\\\/uploads\\\/2023\\\/06\\\/products-Ceinture-elegance-coolmax-fermeture-centrale-dos-haut-EC_033.jpg\",\"width\":428,\"height\":640,\"caption\":\"EC\\\/033 \u2013 Ceinture \u00e9l\u00e9gance coolmax\u00ae Haut Dos MEDICAL Z\"},{\"@type\":\"BreadcrumbList\",\"@id\":\"https:\\\/\\\/www.soome.be\\\/produits\\\/ceintures-abdominales-post-operatoires-femme\\\/ec-033-ceinture-elegance-coolmax-haut-dos\\\/#breadcrumb\",\"itemListElement\":[{\"@type\":\"ListItem\",\"position\":1,\"name\":\"Accueil\",\"item\":\"https:\\\/\\\/www.soome.be\\\/\"},{\"@type\":\"ListItem\",\"position\":2,\"name\":\"PRODUITS\",\"item\":\"https:\\\/\\\/www.soome.be\\\/produits\\\/\"},{\"@type\":\"ListItem\",\"position\":3,\"name\":\"EC\\\/033 &#8211; Ceinture \u00e9l\u00e9gance coolmax\u00ae Haut Dos\"}]},{\"@type\":\"WebSite\",\"@id\":\"https:\\\/\\\/www.soome.be\\\/#website\",\"url\":\"https:\\\/\\\/www.soome.be\\\/\",\"name\":\"SooMe\",\"description\":\"\",\"potentialAction\":[{\"@type\":\"SearchAction\",\"target\":{\"@type\":\"EntryPoint\",\"urlTemplate\":\"https:\\\/\\\/www.soome.be\\\/?s={search_term_string}\"},\"query-input\":{\"@type\":\"PropertyValueSpecification\",\"valueRequired\":true,\"valueName\":\"search_term_string\"}}],\"inLanguage\":\"en-GB\"}]}<\/script>\n<!-- \/ Yoast SEO plugin. -->","yoast_head_json":{"title":"Elegance belt COOLMAX EC\/033 - Soome","description":"Elegance belt COOLMAX EC\/033. Soome.be, the specialist in chic and effective underwear for plastic and aesthetic surgery.","robots":{"index":"index","follow":"follow","max-snippet":"max-snippet:-1","max-image-preview":"max-image-preview:large","max-video-preview":"max-video-preview:-1"},"canonical":"https:\/\/www.soome.be\/en\/products\/womens-post-op-abdominal-belts\/ec-006-short-lipo-panty-waist-knee-coolmax\/","og_locale":"en_GB","og_type":"article","og_title":"Ceinture \u00e9l\u00e9gance COOLMAX EC\/033 - Soome","og_description":"Ceinture \u00e9l\u00e9gance COOLMAX EC\/033. Soome.be, le sp\u00e9cialiste en sous-v\u00eatements chic et efficace pour chirurgie plastique et esth\u00e9tique.","og_url":"https:\/\/www.soome.be\/en\/products\/womens-post-op-abdominal-belts\/ec-006-short-lipo-panty-waist-knee-coolmax\/","og_site_name":"SooMe","article_modified_time":"2026-04-22T13:06:05+00:00","og_image":[{"width":428,"height":640,"url":"https:\/\/www.soome.be\/wp-content\/uploads\/2023\/06\/products-Ceinture-elegance-coolmax-fermeture-centrale-dos-haut-EC_033.jpg","type":"image\/jpeg"}],"twitter_card":"summary_large_image","twitter_misc":{"Estimated reading time":"1 minute"},"schema":{"@context":"https:\/\/schema.org","@graph":[{"@type":"WebPage","@id":"https:\/\/www.soome.be\/produits\/ceintures-abdominales-post-operatoires-femme\/ec-033-ceinture-elegance-coolmax-haut-dos\/","url":"https:\/\/www.soome.be\/produits\/ceintures-abdominales-post-operatoires-femme\/ec-033-ceinture-elegance-coolmax-haut-dos\/","name":"Elegance belt COOLMAX EC\/033 - Soome","isPartOf":{"@id":"https:\/\/www.soome.be\/#website"},"primaryImageOfPage":{"@id":"https:\/\/www.soome.be\/produits\/ceintures-abdominales-post-operatoires-femme\/ec-033-ceinture-elegance-coolmax-haut-dos\/#primaryimage"},"image":{"@id":"https:\/\/www.soome.be\/produits\/ceintures-abdominales-post-operatoires-femme\/ec-033-ceinture-elegance-coolmax-haut-dos\/#primaryimage"},"thumbnailUrl":"https:\/\/www.soome.be\/wp-content\/uploads\/2023\/06\/products-Ceinture-elegance-coolmax-fermeture-centrale-dos-haut-EC_033.jpg","datePublished":"2023-06-01T15:43:42+00:00","dateModified":"2026-04-22T13:06:05+00:00","description":"Elegance belt COOLMAX EC\/033. Soome.be, the specialist in chic and effective underwear for plastic and aesthetic surgery.","breadcrumb":{"@id":"https:\/\/www.soome.be\/produits\/ceintures-abdominales-post-operatoires-femme\/ec-033-ceinture-elegance-coolmax-haut-dos\/#breadcrumb"},"inLanguage":"en-GB","potentialAction":[{"@type":"ReadAction","target":["https:\/\/www.soome.be\/produits\/ceintures-abdominales-post-operatoires-femme\/ec-033-ceinture-elegance-coolmax-haut-dos\/"]}]},{"@type":"ImageObject","inLanguage":"en-GB","@id":"https:\/\/www.soome.be\/produits\/ceintures-abdominales-post-operatoires-femme\/ec-033-ceinture-elegance-coolmax-haut-dos\/#primaryimage","url":"https:\/\/www.soome.be\/wp-content\/uploads\/2023\/06\/products-Ceinture-elegance-coolmax-fermeture-centrale-dos-haut-EC_033.jpg","contentUrl":"https:\/\/www.soome.be\/wp-content\/uploads\/2023\/06\/products-Ceinture-elegance-coolmax-fermeture-centrale-dos-haut-EC_033.jpg","width":428,"height":640,"caption":"EC\/033 \u2013 Ceinture \u00e9l\u00e9gance coolmax\u00ae Haut Dos MEDICAL Z"},{"@type":"BreadcrumbList","@id":"https:\/\/www.soome.be\/produits\/ceintures-abdominales-post-operatoires-femme\/ec-033-ceinture-elegance-coolmax-haut-dos\/#breadcrumb","itemListElement":[{"@type":"ListItem","position":1,"name":"Accueil","item":"https:\/\/www.soome.be\/"},{"@type":"ListItem","position":2,"name":"PRODUITS","item":"https:\/\/www.soome.be\/produits\/"},{"@type":"ListItem","position":3,"name":"EC\/033 &#8211; Ceinture \u00e9l\u00e9gance coolmax\u00ae Haut Dos"}]},{"@type":"WebSite","@id":"https:\/\/www.soome.be\/#website","url":"https:\/\/www.soome.be\/","name":"SooMe","description":"","potentialAction":[{"@type":"SearchAction","target":{"@type":"EntryPoint","urlTemplate":"https:\/\/www.soome.be\/?s={search_term_string}"},"query-input":{"@type":"PropertyValueSpecification","valueRequired":true,"valueName":"search_term_string"}}],"inLanguage":"en-GB"}]}},"_links":{"self":[{"href":"https:\/\/www.soome.be\/en\/wp-json\/wp\/v2\/product\/2607","targetHints":{"allow":["GET"]}}],"collection":[{"href":"https:\/\/www.soome.be\/en\/wp-json\/wp\/v2\/product"}],"about":[{"href":"https:\/\/www.soome.be\/en\/wp-json\/wp\/v2\/types\/product"}],"replies":[{"embeddable":true,"href":"https:\/\/www.soome.be\/en\/wp-json\/wp\/v2\/comments?post=2607"}],"wp:featuredmedia":[{"embeddable":true,"href":"https:\/\/www.soome.be\/en\/wp-json\/wp\/v2\/media\/2624"}],"wp:attachment":[{"href":"https:\/\/www.soome.be\/en\/wp-json\/wp\/v2\/media?parent=2607"}],"wp:term":[{"taxonomy":"product_brand","embeddable":true,"href":"https:\/\/www.soome.be\/en\/wp-json\/wp\/v2\/product_brand?post=2607"},{"taxonomy":"product_cat","embeddable":true,"href":"https:\/\/www.soome.be\/en\/wp-json\/wp\/v2\/product_cat?post=2607"},{"taxonomy":"product_tag","embeddable":true,"href":"https:\/\/www.soome.be\/en\/wp-json\/wp\/v2\/product_tag?post=2607"},{"taxonomy":"berocket_brand","embeddable":true,"href":"https:\/\/www.soome.be\/en\/wp-json\/wp\/v2\/berocket_brand?post=2607"}],"curies":[{"name":"wp","href":"https:\/\/api.w.org\/{rel}","templated":true}]}}