{"id":2700,"date":"2023-06-01T17:43:42","date_gmt":"2023-06-01T15:43:42","guid":{"rendered":"https:\/\/www.soome.be\/?post_type=product&#038;p=2700"},"modified":"2026-04-22T15:06:18","modified_gmt":"2026-04-22T13:06:18","slug":"ec-003-high-waist-knee-length","status":"publish","type":"product","link":"https:\/\/www.soome.be\/en\/produits\/lipo-panty-de-contention\/lipo-panty-contention-lipofilling\/ec-003-short-lipo-panty-elegance-coolmax-haut-coupe-genoux\/","title":{"rendered":"EC\/003 Lipo-Panty Elegance coolmax\u00ae knee-length shorts"},"content":{"rendered":"<p>Lipo-Panty Elegance shorts COOLMAX EC\/003<\/p>\n<p>The application of the LIPO-PANTY\u00ae Elegance made from a specially designed Coolmax\u00ae textile is done immediately after the procedure.<\/p>\n<p>The pressure thus obtained ensures perfect support while maintaining an optimal comfort and total freedom of movement.<\/p>\n<p>MAINTENANCE :<\/p>\n<p>Machine wash at 30\u00b0C maximum, dryer not allowed.<\/p>\n<p>The quality of our tissues and our clinical research ensure that only one garment is needed to provide the complete treatment required by your doctor.<\/p>\n<p><strong>- Shipping costs offered<\/strong><\/p>\n<p><strong>Available in: White, Black<\/strong><\/p>","protected":false},"excerpt":{"rendered":"<p>Maintenance application with permanent pressure, anti-edematous.<\/p>","protected":false},"featured_media":2733,"comment_status":"open","ping_status":"open","template":"","meta":[],"product_brand":[],"product_cat":[72,73,71],"product_tag":[50,51,167,190,191,180,181,53,54,55,57],"berocket_brand":[432],"class_list":{"0":"post-2700","1":"product","2":"type-product","3":"status-publish","4":"has-post-thumbnail","6":"product_cat-lipo-panty-contention-lipofilling","7":"product_cat-lipo-panty-contention-standard","8":"product_cat-lipo-panty-de-contention","9":"product_tag-chirurgie-esthetique","10":"product_tag-chirurgie-plastique","11":"product_tag-coolmax","12":"product_tag-ec003-coolmax","13":"product_tag-ec003-medical-z","14":"product_tag-lipo-panty-2","15":"product_tag-lipopanty","16":"product_tag-medical-z","17":"product_tag-medicalz","18":"product_tag-post-operatoire","19":"product_tag-zbra","20":"pa_coloris-blanc-3","21":"pa_coloris-noir-3","22":"pa_eg_html5_ratio-0-4","23":"pa_eg_soundcloud_ratio-0-5","24":"pa_eg_wistia_ratio-0-3","25":"pa_eg_youtube_ratio-0-2","26":"pa_fb_product_group_id-193","27":"pa_fb_visibility-117","28":"pa_option-aucun","29":"pa_option-bbxl","30":"pa_option-hole","31":"pa_product_brand-medical-z-3","32":"pa_tailles-1-2","33":"pa_tailles-149","34":"pa_tailles-150","35":"pa_tailles-151","36":"pa_tailles-152","37":"pa_tailles-153","38":"pa_tailles-7-voir-tableau-des-tailles","39":"pa_xfgmc_adult-off-2","40":"pa_xfgmc_condition-default","41":"pa_xfgmc_identifier_exists-off","42":"berocket_brand-medical-z","44":"first","45":"instock","46":"taxable","47":"shipping-taxable","48":"purchasable","49":"product-type-variable"},"yoast_head":"<!-- This site is optimized with the Yoast SEO plugin v27.4 - https:\/\/yoast.com\/product\/yoast-seo-wordpress\/ -->\n<title>Short Lipo-Panty\u00a0El\u00e9gance COOLMAX EC\/003 - Soome<\/title>\n<meta name=\"description\" content=\"Short Lipo-Panty\u00a0El\u00e9gance COOLMAX EC\/003 - Soome.be - La r\u00e9f\u00e9rence en sous-v\u00eatements chics et efficaces apr\u00e8s chirurgie !\" \/>\n<meta name=\"robots\" content=\"index, follow, max-snippet:-1, max-image-preview:large, max-video-preview:-1\" \/>\n<link rel=\"canonical\" href=\"https:\/\/www.soome.be\/en\/products\/lipofilling-compression-lipo-panty-2\/lipofilling-compression-lipo-panty\/ec-003-high-waist-knee-length\/\" \/>\n<meta property=\"og:locale\" content=\"en_GB\" \/>\n<meta property=\"og:type\" content=\"article\" \/>\n<meta property=\"og:title\" content=\"Short Lipo-Panty\u00a0El\u00e9gance COOLMAX EC\/003 - Soome\" \/>\n<meta property=\"og:description\" content=\"Short Lipo-Panty\u00a0El\u00e9gance COOLMAX EC\/003 - Soome.be - La r\u00e9f\u00e9rence en sous-v\u00eatements chics et efficaces apr\u00e8s chirurgie !\" \/>\n<meta property=\"og:url\" content=\"https:\/\/www.soome.be\/en\/products\/lipofilling-compression-lipo-panty-2\/lipofilling-compression-lipo-panty\/ec-003-high-waist-knee-length\/\" \/>\n<meta property=\"og:site_name\" content=\"SooMe\" \/>\n<meta property=\"article:modified_time\" content=\"2026-04-22T13:06:18+00:00\" \/>\n<meta property=\"og:image\" content=\"https:\/\/www.soome.be\/wp-content\/uploads\/2023\/06\/products-Short-lipo-panty-elegance-coolmax-haut-coupe-genoux-EC_003.jpg\" \/>\n\t<meta property=\"og:image:width\" content=\"428\" \/>\n\t<meta property=\"og:image:height\" content=\"640\" \/>\n\t<meta property=\"og:image:type\" content=\"image\/jpeg\" \/>\n<meta name=\"twitter:card\" content=\"summary_large_image\" \/>\n<script type=\"application\/ld+json\" class=\"yoast-schema-graph\">{\"@context\":\"https:\\\/\\\/schema.org\",\"@graph\":[{\"@type\":\"WebPage\",\"@id\":\"https:\\\/\\\/www.soome.be\\\/produits\\\/lipo-panty-de-contention\\\/lipo-panty-contention-lipofilling\\\/ec-003-short-lipo-panty-elegance-coolmax-haut-coupe-genoux\\\/\",\"url\":\"https:\\\/\\\/www.soome.be\\\/produits\\\/lipo-panty-de-contention\\\/lipo-panty-contention-lipofilling\\\/ec-003-short-lipo-panty-elegance-coolmax-haut-coupe-genoux\\\/\",\"name\":\"Short Lipo-Panty\u00a0El\u00e9gance COOLMAX EC\\\/003 - Soome\",\"isPartOf\":{\"@id\":\"https:\\\/\\\/www.soome.be\\\/#website\"},\"primaryImageOfPage\":{\"@id\":\"https:\\\/\\\/www.soome.be\\\/produits\\\/lipo-panty-de-contention\\\/lipo-panty-contention-lipofilling\\\/ec-003-short-lipo-panty-elegance-coolmax-haut-coupe-genoux\\\/#primaryimage\"},\"image\":{\"@id\":\"https:\\\/\\\/www.soome.be\\\/produits\\\/lipo-panty-de-contention\\\/lipo-panty-contention-lipofilling\\\/ec-003-short-lipo-panty-elegance-coolmax-haut-coupe-genoux\\\/#primaryimage\"},\"thumbnailUrl\":\"https:\\\/\\\/www.soome.be\\\/wp-content\\\/uploads\\\/2023\\\/06\\\/products-Short-lipo-panty-elegance-coolmax-haut-coupe-genoux-EC_003.jpg\",\"datePublished\":\"2023-06-01T15:43:42+00:00\",\"dateModified\":\"2026-04-22T13:06:18+00:00\",\"description\":\"Short Lipo-Panty\u00a0El\u00e9gance COOLMAX EC\\\/003 - Soome.be - La r\u00e9f\u00e9rence en sous-v\u00eatements chics et efficaces apr\u00e8s chirurgie !\",\"breadcrumb\":{\"@id\":\"https:\\\/\\\/www.soome.be\\\/produits\\\/lipo-panty-de-contention\\\/lipo-panty-contention-lipofilling\\\/ec-003-short-lipo-panty-elegance-coolmax-haut-coupe-genoux\\\/#breadcrumb\"},\"inLanguage\":\"en-GB\",\"potentialAction\":[{\"@type\":\"ReadAction\",\"target\":[\"https:\\\/\\\/www.soome.be\\\/produits\\\/lipo-panty-de-contention\\\/lipo-panty-contention-lipofilling\\\/ec-003-short-lipo-panty-elegance-coolmax-haut-coupe-genoux\\\/\"]}]},{\"@type\":\"ImageObject\",\"inLanguage\":\"en-GB\",\"@id\":\"https:\\\/\\\/www.soome.be\\\/produits\\\/lipo-panty-de-contention\\\/lipo-panty-contention-lipofilling\\\/ec-003-short-lipo-panty-elegance-coolmax-haut-coupe-genoux\\\/#primaryimage\",\"url\":\"https:\\\/\\\/www.soome.be\\\/wp-content\\\/uploads\\\/2023\\\/06\\\/products-Short-lipo-panty-elegance-coolmax-haut-coupe-genoux-EC_003.jpg\",\"contentUrl\":\"https:\\\/\\\/www.soome.be\\\/wp-content\\\/uploads\\\/2023\\\/06\\\/products-Short-lipo-panty-elegance-coolmax-haut-coupe-genoux-EC_003.jpg\",\"width\":428,\"height\":640,\"caption\":\"EC\\\/003 Short Lipo-Panty El\u00e9gance coolmax\u00ae Haut, coup\u00e9 genoux MEDICAL Z\"},{\"@type\":\"BreadcrumbList\",\"@id\":\"https:\\\/\\\/www.soome.be\\\/produits\\\/lipo-panty-de-contention\\\/lipo-panty-contention-lipofilling\\\/ec-003-short-lipo-panty-elegance-coolmax-haut-coupe-genoux\\\/#breadcrumb\",\"itemListElement\":[{\"@type\":\"ListItem\",\"position\":1,\"name\":\"Accueil\",\"item\":\"https:\\\/\\\/www.soome.be\\\/\"},{\"@type\":\"ListItem\",\"position\":2,\"name\":\"PRODUITS\",\"item\":\"https:\\\/\\\/www.soome.be\\\/produits\\\/\"},{\"@type\":\"ListItem\",\"position\":3,\"name\":\"EC\\\/003 Short Lipo-Panty\u00a0El\u00e9gance coolmax\u00ae Haut, coup\u00e9 genoux\"}]},{\"@type\":\"WebSite\",\"@id\":\"https:\\\/\\\/www.soome.be\\\/#website\",\"url\":\"https:\\\/\\\/www.soome.be\\\/\",\"name\":\"SooMe\",\"description\":\"\",\"potentialAction\":[{\"@type\":\"SearchAction\",\"target\":{\"@type\":\"EntryPoint\",\"urlTemplate\":\"https:\\\/\\\/www.soome.be\\\/?s={search_term_string}\"},\"query-input\":{\"@type\":\"PropertyValueSpecification\",\"valueRequired\":true,\"valueName\":\"search_term_string\"}}],\"inLanguage\":\"en-GB\"}]}<\/script>\n<!-- \/ Yoast SEO plugin. -->","yoast_head_json":{"title":"COOLMAX Elegance Lipo-Panty Shorts EC\/003 - Soome","description":"COOLMAX EC\/003 Elegance Lipo-Panty Shorts - Soome.be - The reference for chic and efficient post-surgery underwear!","robots":{"index":"index","follow":"follow","max-snippet":"max-snippet:-1","max-image-preview":"max-image-preview:large","max-video-preview":"max-video-preview:-1"},"canonical":"https:\/\/www.soome.be\/en\/products\/lipofilling-compression-lipo-panty-2\/lipofilling-compression-lipo-panty\/ec-003-high-waist-knee-length\/","og_locale":"en_GB","og_type":"article","og_title":"Short Lipo-Panty\u00a0El\u00e9gance COOLMAX EC\/003 - Soome","og_description":"Short Lipo-Panty\u00a0El\u00e9gance COOLMAX EC\/003 - Soome.be - La r\u00e9f\u00e9rence en sous-v\u00eatements chics et efficaces apr\u00e8s chirurgie !","og_url":"https:\/\/www.soome.be\/en\/products\/lipofilling-compression-lipo-panty-2\/lipofilling-compression-lipo-panty\/ec-003-high-waist-knee-length\/","og_site_name":"SooMe","article_modified_time":"2026-04-22T13:06:18+00:00","og_image":[{"width":428,"height":640,"url":"https:\/\/www.soome.be\/wp-content\/uploads\/2023\/06\/products-Short-lipo-panty-elegance-coolmax-haut-coupe-genoux-EC_003.jpg","type":"image\/jpeg"}],"twitter_card":"summary_large_image","schema":{"@context":"https:\/\/schema.org","@graph":[{"@type":"WebPage","@id":"https:\/\/www.soome.be\/produits\/lipo-panty-de-contention\/lipo-panty-contention-lipofilling\/ec-003-short-lipo-panty-elegance-coolmax-haut-coupe-genoux\/","url":"https:\/\/www.soome.be\/produits\/lipo-panty-de-contention\/lipo-panty-contention-lipofilling\/ec-003-short-lipo-panty-elegance-coolmax-haut-coupe-genoux\/","name":"COOLMAX Elegance Lipo-Panty Shorts EC\/003 - Soome","isPartOf":{"@id":"https:\/\/www.soome.be\/#website"},"primaryImageOfPage":{"@id":"https:\/\/www.soome.be\/produits\/lipo-panty-de-contention\/lipo-panty-contention-lipofilling\/ec-003-short-lipo-panty-elegance-coolmax-haut-coupe-genoux\/#primaryimage"},"image":{"@id":"https:\/\/www.soome.be\/produits\/lipo-panty-de-contention\/lipo-panty-contention-lipofilling\/ec-003-short-lipo-panty-elegance-coolmax-haut-coupe-genoux\/#primaryimage"},"thumbnailUrl":"https:\/\/www.soome.be\/wp-content\/uploads\/2023\/06\/products-Short-lipo-panty-elegance-coolmax-haut-coupe-genoux-EC_003.jpg","datePublished":"2023-06-01T15:43:42+00:00","dateModified":"2026-04-22T13:06:18+00:00","description":"COOLMAX EC\/003 Elegance Lipo-Panty Shorts - Soome.be - The reference for chic and efficient post-surgery underwear!","breadcrumb":{"@id":"https:\/\/www.soome.be\/produits\/lipo-panty-de-contention\/lipo-panty-contention-lipofilling\/ec-003-short-lipo-panty-elegance-coolmax-haut-coupe-genoux\/#breadcrumb"},"inLanguage":"en-GB","potentialAction":[{"@type":"ReadAction","target":["https:\/\/www.soome.be\/produits\/lipo-panty-de-contention\/lipo-panty-contention-lipofilling\/ec-003-short-lipo-panty-elegance-coolmax-haut-coupe-genoux\/"]}]},{"@type":"ImageObject","inLanguage":"en-GB","@id":"https:\/\/www.soome.be\/produits\/lipo-panty-de-contention\/lipo-panty-contention-lipofilling\/ec-003-short-lipo-panty-elegance-coolmax-haut-coupe-genoux\/#primaryimage","url":"https:\/\/www.soome.be\/wp-content\/uploads\/2023\/06\/products-Short-lipo-panty-elegance-coolmax-haut-coupe-genoux-EC_003.jpg","contentUrl":"https:\/\/www.soome.be\/wp-content\/uploads\/2023\/06\/products-Short-lipo-panty-elegance-coolmax-haut-coupe-genoux-EC_003.jpg","width":428,"height":640,"caption":"EC\/003 Short Lipo-Panty El\u00e9gance coolmax\u00ae Haut, coup\u00e9 genoux MEDICAL Z"},{"@type":"BreadcrumbList","@id":"https:\/\/www.soome.be\/produits\/lipo-panty-de-contention\/lipo-panty-contention-lipofilling\/ec-003-short-lipo-panty-elegance-coolmax-haut-coupe-genoux\/#breadcrumb","itemListElement":[{"@type":"ListItem","position":1,"name":"Accueil","item":"https:\/\/www.soome.be\/"},{"@type":"ListItem","position":2,"name":"PRODUITS","item":"https:\/\/www.soome.be\/produits\/"},{"@type":"ListItem","position":3,"name":"EC\/003 Short Lipo-Panty\u00a0El\u00e9gance coolmax\u00ae Haut, coup\u00e9 genoux"}]},{"@type":"WebSite","@id":"https:\/\/www.soome.be\/#website","url":"https:\/\/www.soome.be\/","name":"SooMe","description":"","potentialAction":[{"@type":"SearchAction","target":{"@type":"EntryPoint","urlTemplate":"https:\/\/www.soome.be\/?s={search_term_string}"},"query-input":{"@type":"PropertyValueSpecification","valueRequired":true,"valueName":"search_term_string"}}],"inLanguage":"en-GB"}]}},"_links":{"self":[{"href":"https:\/\/www.soome.be\/en\/wp-json\/wp\/v2\/product\/2700","targetHints":{"allow":["GET"]}}],"collection":[{"href":"https:\/\/www.soome.be\/en\/wp-json\/wp\/v2\/product"}],"about":[{"href":"https:\/\/www.soome.be\/en\/wp-json\/wp\/v2\/types\/product"}],"replies":[{"embeddable":true,"href":"https:\/\/www.soome.be\/en\/wp-json\/wp\/v2\/comments?post=2700"}],"wp:featuredmedia":[{"embeddable":true,"href":"https:\/\/www.soome.be\/en\/wp-json\/wp\/v2\/media\/2733"}],"wp:attachment":[{"href":"https:\/\/www.soome.be\/en\/wp-json\/wp\/v2\/media?parent=2700"}],"wp:term":[{"taxonomy":"product_brand","embeddable":true,"href":"https:\/\/www.soome.be\/en\/wp-json\/wp\/v2\/product_brand?post=2700"},{"taxonomy":"product_cat","embeddable":true,"href":"https:\/\/www.soome.be\/en\/wp-json\/wp\/v2\/product_cat?post=2700"},{"taxonomy":"product_tag","embeddable":true,"href":"https:\/\/www.soome.be\/en\/wp-json\/wp\/v2\/product_tag?post=2700"},{"taxonomy":"berocket_brand","embeddable":true,"href":"https:\/\/www.soome.be\/en\/wp-json\/wp\/v2\/berocket_brand?post=2700"}],"curies":[{"name":"wp","href":"https:\/\/api.w.org\/{rel}","templated":true}]}}