{"id":2806,"date":"2023-06-01T17:43:42","date_gmt":"2023-06-01T15:43:42","guid":{"rendered":"https:\/\/www.soome.be\/?post_type=product&#038;p=2806"},"modified":"2026-04-22T15:06:30","modified_gmt":"2026-04-22T13:06:30","slug":"ec-005-short-lipo-panty-ankle-coolmax","status":"publish","type":"product","link":"https:\/\/www.soome.be\/en\/produits\/lipo-panty-de-contention\/lipo-panty-contention-lipofilling\/ec-005-lipo-panty-elegance-coolmax-taille-coupe-chevilles\/","title":{"rendered":"EC\/005 Lipo-Panty Elegance coolmax\u00ae waist, cut ankles"},"content":{"rendered":"<p>Lipo-Panty Elegance COOLMAX EC\/005<\/p>\n<p>$^LIPO-PANTY\u00ae Elegance, made from a specially designed Coolmax\u00ae fabric, is applied immediately after the operation.<\/p>\n<p>The pressure thus obtained ensures perfect support while maintaining an optimal comfort and total freedom of movement.<\/p>\n<p><strong>MAINTENANCE :<\/strong><\/p>\n<p>Machine wash at 30\u00b0C maximum, dryer not allowed.<\/p>\n<p>The quality of our tissues and our clinical research ensure that only one garment is needed to provide the complete treatment required by your doctor.<\/p>\n<p><strong>- Shipping costs offered<\/strong><\/p>\n<p><strong>Available in: White, Black<\/strong><\/p>","protected":false},"excerpt":{"rendered":"<p>Maintenance application with permanent pressure, anti-edematous.<\/p>","protected":false},"featured_media":2839,"comment_status":"open","ping_status":"open","template":"","meta":[],"product_brand":[],"product_cat":[72,73,71],"product_tag":[],"berocket_brand":[432],"class_list":{"0":"post-2806","1":"product","2":"type-product","3":"status-publish","4":"has-post-thumbnail","6":"product_cat-lipo-panty-contention-lipofilling","7":"product_cat-lipo-panty-contention-standard","8":"product_cat-lipo-panty-de-contention","9":"pa_coloris-blanc-3","10":"pa_coloris-noir-3","11":"pa_eg_html5_ratio-0-4","12":"pa_eg_soundcloud_ratio-0-5","13":"pa_eg_wistia_ratio-0-3","14":"pa_eg_youtube_ratio-0-2","15":"pa_fb_product_group_id-200","16":"pa_fb_visibility-117","17":"pa_option-aucune","18":"pa_option-bbxl","19":"pa_option-hole","20":"pa_product_brand-medical-z-3","21":"pa_tailles-1-2","22":"pa_tailles-149","23":"pa_tailles-150","24":"pa_tailles-151","25":"pa_tailles-152","26":"pa_tailles-153","27":"pa_tailles-7-voir-tableau-des-tailles","28":"pa_xfgmc_adult-off-2","29":"pa_xfgmc_condition-default","30":"pa_xfgmc_identifier_exists-off","31":"berocket_brand-medical-z","33":"first","34":"instock","35":"taxable","36":"shipping-taxable","37":"purchasable","38":"product-type-variable"},"yoast_head":"<!-- This site is optimized with the Yoast SEO plugin v27.4 - https:\/\/yoast.com\/product\/yoast-seo-wordpress\/ -->\n<title>Lipo-Panty\u00a0El\u00e9gance COOLMAX EC\/005 - Soome<\/title>\n<meta name=\"description\" content=\"Lipo-Panty\u00a0El\u00e9gance COOLMAX EC\/005 Medical Z - Soome.be, la r\u00e9f\u00e9rence des sous-v\u00eatements chics et efficaces post-op\u00e9ratoires !\" \/>\n<meta name=\"robots\" content=\"index, follow, max-snippet:-1, max-image-preview:large, max-video-preview:-1\" \/>\n<link rel=\"canonical\" href=\"https:\/\/www.soome.be\/en\/products\/lipofilling-compression-lipo-panty-2\/lipofilling-compression-lipo-panty\/ec-005-short-lipo-panty-ankle-coolmax\/\" \/>\n<meta property=\"og:locale\" content=\"en_GB\" \/>\n<meta property=\"og:type\" content=\"article\" \/>\n<meta property=\"og:title\" content=\"Lipo-Panty\u00a0El\u00e9gance COOLMAX EC\/005 - Soome\" \/>\n<meta property=\"og:description\" content=\"Lipo-Panty\u00a0El\u00e9gance COOLMAX EC\/005 Medical Z - Soome.be, la r\u00e9f\u00e9rence des sous-v\u00eatements chics et efficaces post-op\u00e9ratoires !\" \/>\n<meta property=\"og:url\" content=\"https:\/\/www.soome.be\/en\/products\/lipofilling-compression-lipo-panty-2\/lipofilling-compression-lipo-panty\/ec-005-short-lipo-panty-ankle-coolmax\/\" \/>\n<meta property=\"og:site_name\" content=\"SooMe\" \/>\n<meta property=\"article:modified_time\" content=\"2026-04-22T13:06:30+00:00\" \/>\n<meta property=\"og:image\" content=\"https:\/\/www.soome.be\/wp-content\/uploads\/2023\/06\/products-Lipo-panty-elegance-coolmax-taille-coupe-chevilles-EC_005.jpg\" \/>\n\t<meta property=\"og:image:width\" content=\"426\" \/>\n\t<meta property=\"og:image:height\" content=\"640\" \/>\n\t<meta property=\"og:image:type\" content=\"image\/jpeg\" \/>\n<meta name=\"twitter:card\" content=\"summary_large_image\" \/>\n<script type=\"application\/ld+json\" class=\"yoast-schema-graph\">{\"@context\":\"https:\\\/\\\/schema.org\",\"@graph\":[{\"@type\":\"WebPage\",\"@id\":\"https:\\\/\\\/www.soome.be\\\/produits\\\/lipo-panty-de-contention\\\/lipo-panty-contention-lipofilling\\\/ec-005-lipo-panty-elegance-coolmax-taille-coupe-chevilles\\\/\",\"url\":\"https:\\\/\\\/www.soome.be\\\/produits\\\/lipo-panty-de-contention\\\/lipo-panty-contention-lipofilling\\\/ec-005-lipo-panty-elegance-coolmax-taille-coupe-chevilles\\\/\",\"name\":\"Lipo-Panty\u00a0El\u00e9gance COOLMAX EC\\\/005 - Soome\",\"isPartOf\":{\"@id\":\"https:\\\/\\\/www.soome.be\\\/#website\"},\"primaryImageOfPage\":{\"@id\":\"https:\\\/\\\/www.soome.be\\\/produits\\\/lipo-panty-de-contention\\\/lipo-panty-contention-lipofilling\\\/ec-005-lipo-panty-elegance-coolmax-taille-coupe-chevilles\\\/#primaryimage\"},\"image\":{\"@id\":\"https:\\\/\\\/www.soome.be\\\/produits\\\/lipo-panty-de-contention\\\/lipo-panty-contention-lipofilling\\\/ec-005-lipo-panty-elegance-coolmax-taille-coupe-chevilles\\\/#primaryimage\"},\"thumbnailUrl\":\"https:\\\/\\\/www.soome.be\\\/wp-content\\\/uploads\\\/2023\\\/06\\\/products-Lipo-panty-elegance-coolmax-taille-coupe-chevilles-EC_005.jpg\",\"datePublished\":\"2023-06-01T15:43:42+00:00\",\"dateModified\":\"2026-04-22T13:06:30+00:00\",\"description\":\"Lipo-Panty\u00a0El\u00e9gance COOLMAX EC\\\/005 Medical Z - Soome.be, la r\u00e9f\u00e9rence des sous-v\u00eatements chics et efficaces post-op\u00e9ratoires !\",\"breadcrumb\":{\"@id\":\"https:\\\/\\\/www.soome.be\\\/produits\\\/lipo-panty-de-contention\\\/lipo-panty-contention-lipofilling\\\/ec-005-lipo-panty-elegance-coolmax-taille-coupe-chevilles\\\/#breadcrumb\"},\"inLanguage\":\"en-GB\",\"potentialAction\":[{\"@type\":\"ReadAction\",\"target\":[\"https:\\\/\\\/www.soome.be\\\/produits\\\/lipo-panty-de-contention\\\/lipo-panty-contention-lipofilling\\\/ec-005-lipo-panty-elegance-coolmax-taille-coupe-chevilles\\\/\"]}]},{\"@type\":\"ImageObject\",\"inLanguage\":\"en-GB\",\"@id\":\"https:\\\/\\\/www.soome.be\\\/produits\\\/lipo-panty-de-contention\\\/lipo-panty-contention-lipofilling\\\/ec-005-lipo-panty-elegance-coolmax-taille-coupe-chevilles\\\/#primaryimage\",\"url\":\"https:\\\/\\\/www.soome.be\\\/wp-content\\\/uploads\\\/2023\\\/06\\\/products-Lipo-panty-elegance-coolmax-taille-coupe-chevilles-EC_005.jpg\",\"contentUrl\":\"https:\\\/\\\/www.soome.be\\\/wp-content\\\/uploads\\\/2023\\\/06\\\/products-Lipo-panty-elegance-coolmax-taille-coupe-chevilles-EC_005.jpg\",\"width\":426,\"height\":640,\"caption\":\"EC\\\/005 Lipo-Panty El\u00e9gance coolmax\u00ae taille, coup\u00e9 chevilles MEDICAL Z\"},{\"@type\":\"BreadcrumbList\",\"@id\":\"https:\\\/\\\/www.soome.be\\\/produits\\\/lipo-panty-de-contention\\\/lipo-panty-contention-lipofilling\\\/ec-005-lipo-panty-elegance-coolmax-taille-coupe-chevilles\\\/#breadcrumb\",\"itemListElement\":[{\"@type\":\"ListItem\",\"position\":1,\"name\":\"Accueil\",\"item\":\"https:\\\/\\\/www.soome.be\\\/\"},{\"@type\":\"ListItem\",\"position\":2,\"name\":\"PRODUITS\",\"item\":\"https:\\\/\\\/www.soome.be\\\/produits\\\/\"},{\"@type\":\"ListItem\",\"position\":3,\"name\":\"EC\\\/005 Lipo-Panty\u00a0El\u00e9gance coolmax\u00ae taille, coup\u00e9 chevilles\"}]},{\"@type\":\"WebSite\",\"@id\":\"https:\\\/\\\/www.soome.be\\\/#website\",\"url\":\"https:\\\/\\\/www.soome.be\\\/\",\"name\":\"SooMe\",\"description\":\"\",\"potentialAction\":[{\"@type\":\"SearchAction\",\"target\":{\"@type\":\"EntryPoint\",\"urlTemplate\":\"https:\\\/\\\/www.soome.be\\\/?s={search_term_string}\"},\"query-input\":{\"@type\":\"PropertyValueSpecification\",\"valueRequired\":true,\"valueName\":\"search_term_string\"}}],\"inLanguage\":\"en-GB\"}]}<\/script>\n<!-- \/ Yoast SEO plugin. -->","yoast_head_json":{"title":"Lipo-Panty Elegance COOLMAX EC\/005 - Soome","description":"Lipo-Panty Elegance COOLMAX EC\/005 Medical Z - Soome.be, the reference for chic and efficient post-operative underwear!","robots":{"index":"index","follow":"follow","max-snippet":"max-snippet:-1","max-image-preview":"max-image-preview:large","max-video-preview":"max-video-preview:-1"},"canonical":"https:\/\/www.soome.be\/en\/products\/lipofilling-compression-lipo-panty-2\/lipofilling-compression-lipo-panty\/ec-005-short-lipo-panty-ankle-coolmax\/","og_locale":"en_GB","og_type":"article","og_title":"Lipo-Panty\u00a0El\u00e9gance COOLMAX EC\/005 - Soome","og_description":"Lipo-Panty\u00a0El\u00e9gance COOLMAX EC\/005 Medical Z - Soome.be, la r\u00e9f\u00e9rence des sous-v\u00eatements chics et efficaces post-op\u00e9ratoires !","og_url":"https:\/\/www.soome.be\/en\/products\/lipofilling-compression-lipo-panty-2\/lipofilling-compression-lipo-panty\/ec-005-short-lipo-panty-ankle-coolmax\/","og_site_name":"SooMe","article_modified_time":"2026-04-22T13:06:30+00:00","og_image":[{"width":426,"height":640,"url":"https:\/\/www.soome.be\/wp-content\/uploads\/2023\/06\/products-Lipo-panty-elegance-coolmax-taille-coupe-chevilles-EC_005.jpg","type":"image\/jpeg"}],"twitter_card":"summary_large_image","schema":{"@context":"https:\/\/schema.org","@graph":[{"@type":"WebPage","@id":"https:\/\/www.soome.be\/produits\/lipo-panty-de-contention\/lipo-panty-contention-lipofilling\/ec-005-lipo-panty-elegance-coolmax-taille-coupe-chevilles\/","url":"https:\/\/www.soome.be\/produits\/lipo-panty-de-contention\/lipo-panty-contention-lipofilling\/ec-005-lipo-panty-elegance-coolmax-taille-coupe-chevilles\/","name":"Lipo-Panty Elegance COOLMAX EC\/005 - Soome","isPartOf":{"@id":"https:\/\/www.soome.be\/#website"},"primaryImageOfPage":{"@id":"https:\/\/www.soome.be\/produits\/lipo-panty-de-contention\/lipo-panty-contention-lipofilling\/ec-005-lipo-panty-elegance-coolmax-taille-coupe-chevilles\/#primaryimage"},"image":{"@id":"https:\/\/www.soome.be\/produits\/lipo-panty-de-contention\/lipo-panty-contention-lipofilling\/ec-005-lipo-panty-elegance-coolmax-taille-coupe-chevilles\/#primaryimage"},"thumbnailUrl":"https:\/\/www.soome.be\/wp-content\/uploads\/2023\/06\/products-Lipo-panty-elegance-coolmax-taille-coupe-chevilles-EC_005.jpg","datePublished":"2023-06-01T15:43:42+00:00","dateModified":"2026-04-22T13:06:30+00:00","description":"Lipo-Panty Elegance COOLMAX EC\/005 Medical Z - Soome.be, the reference for chic and efficient post-operative underwear!","breadcrumb":{"@id":"https:\/\/www.soome.be\/produits\/lipo-panty-de-contention\/lipo-panty-contention-lipofilling\/ec-005-lipo-panty-elegance-coolmax-taille-coupe-chevilles\/#breadcrumb"},"inLanguage":"en-GB","potentialAction":[{"@type":"ReadAction","target":["https:\/\/www.soome.be\/produits\/lipo-panty-de-contention\/lipo-panty-contention-lipofilling\/ec-005-lipo-panty-elegance-coolmax-taille-coupe-chevilles\/"]}]},{"@type":"ImageObject","inLanguage":"en-GB","@id":"https:\/\/www.soome.be\/produits\/lipo-panty-de-contention\/lipo-panty-contention-lipofilling\/ec-005-lipo-panty-elegance-coolmax-taille-coupe-chevilles\/#primaryimage","url":"https:\/\/www.soome.be\/wp-content\/uploads\/2023\/06\/products-Lipo-panty-elegance-coolmax-taille-coupe-chevilles-EC_005.jpg","contentUrl":"https:\/\/www.soome.be\/wp-content\/uploads\/2023\/06\/products-Lipo-panty-elegance-coolmax-taille-coupe-chevilles-EC_005.jpg","width":426,"height":640,"caption":"EC\/005 Lipo-Panty El\u00e9gance coolmax\u00ae taille, coup\u00e9 chevilles MEDICAL Z"},{"@type":"BreadcrumbList","@id":"https:\/\/www.soome.be\/produits\/lipo-panty-de-contention\/lipo-panty-contention-lipofilling\/ec-005-lipo-panty-elegance-coolmax-taille-coupe-chevilles\/#breadcrumb","itemListElement":[{"@type":"ListItem","position":1,"name":"Accueil","item":"https:\/\/www.soome.be\/"},{"@type":"ListItem","position":2,"name":"PRODUITS","item":"https:\/\/www.soome.be\/produits\/"},{"@type":"ListItem","position":3,"name":"EC\/005 Lipo-Panty\u00a0El\u00e9gance coolmax\u00ae taille, coup\u00e9 chevilles"}]},{"@type":"WebSite","@id":"https:\/\/www.soome.be\/#website","url":"https:\/\/www.soome.be\/","name":"SooMe","description":"","potentialAction":[{"@type":"SearchAction","target":{"@type":"EntryPoint","urlTemplate":"https:\/\/www.soome.be\/?s={search_term_string}"},"query-input":{"@type":"PropertyValueSpecification","valueRequired":true,"valueName":"search_term_string"}}],"inLanguage":"en-GB"}]}},"_links":{"self":[{"href":"https:\/\/www.soome.be\/en\/wp-json\/wp\/v2\/product\/2806","targetHints":{"allow":["GET"]}}],"collection":[{"href":"https:\/\/www.soome.be\/en\/wp-json\/wp\/v2\/product"}],"about":[{"href":"https:\/\/www.soome.be\/en\/wp-json\/wp\/v2\/types\/product"}],"replies":[{"embeddable":true,"href":"https:\/\/www.soome.be\/en\/wp-json\/wp\/v2\/comments?post=2806"}],"wp:featuredmedia":[{"embeddable":true,"href":"https:\/\/www.soome.be\/en\/wp-json\/wp\/v2\/media\/2839"}],"wp:attachment":[{"href":"https:\/\/www.soome.be\/en\/wp-json\/wp\/v2\/media?parent=2806"}],"wp:term":[{"taxonomy":"product_brand","embeddable":true,"href":"https:\/\/www.soome.be\/en\/wp-json\/wp\/v2\/product_brand?post=2806"},{"taxonomy":"product_cat","embeddable":true,"href":"https:\/\/www.soome.be\/en\/wp-json\/wp\/v2\/product_cat?post=2806"},{"taxonomy":"product_tag","embeddable":true,"href":"https:\/\/www.soome.be\/en\/wp-json\/wp\/v2\/product_tag?post=2806"},{"taxonomy":"berocket_brand","embeddable":true,"href":"https:\/\/www.soome.be\/en\/wp-json\/wp\/v2\/berocket_brand?post=2806"}],"curies":[{"name":"wp","href":"https:\/\/api.w.org\/{rel}","templated":true}]}}