{"id":2851,"date":"2023-06-01T17:45:47","date_gmt":"2023-06-01T15:45:47","guid":{"rendered":"https:\/\/www.soome.be\/?post_type=product&#038;p=2851"},"modified":"2026-04-22T15:06:35","modified_gmt":"2026-04-22T13:06:35","slug":"s-008-belt-z-model-b","status":"publish","type":"product","link":"https:\/\/www.soome.be\/en\/produits\/ceintures-abdominales-post-operatoires-femme\/s-008-ceinture-z-modele-b\/","title":{"rendered":"S\/008 - Z\u00ae Belt model B"},"content":{"rendered":"<p>Post-op lap belt.<\/p>\n<p>The application of the Z\u00ae belt made from a specially designed two-way elastic textile can be done immediately after the procedure. Thanks to the crotch leg, tension is exerted horizontally and vertically. The wide lateral velcro ensure a controlled hold and give to this device the qualities of a standard belt adaptable to all morphologies, WHILE ALLOWING FREE MUSCULAR PLAY. A foam lodged in the front of the belt can be moved to be applied to the scar concerned.<\/p>\n<p>Type B covers pubic to xiphoid appendix. This belt is available for women(S\/008) and men(S\/007).<\/p>\n<p>MAINTENANCE :<\/p>\n<p>Machine wash at 30\u00b0C maximum, dryer not allowed.<\/p>\n<p>Available in:<\/p>\n<p>Black<\/p>","protected":false},"excerpt":{"rendered":"<p>Post-op lap belt.<\/p>\n<p>The application of the Z\u00ae belt made from a specially designed two-way elastic textile can be done immediately after the procedure. Thanks to the crotch leg, tension is exerted horizontally and vertically. The wide lateral velcro ensure a controlled hold and give to this device the qualities of a standard belt adaptable to all morphologies, WHILE ALLOWING FREE MUSCULAR PLAY. A foam lodged in the front of the belt can be moved to be applied to the scar concerned.<\/p>\n<p>Type B covers pubic to xiphoid appendix. This belt is available for women(S\/008) and men(S\/007).<\/p>\n<p>MAINTENANCE :<\/p>\n<p>Machine wash at 30\u00b0C maximum, dryer not allowed.<\/p>\n<p>Available in:<\/p>\n<p>Black<\/p>","protected":false},"featured_media":2859,"comment_status":"open","ping_status":"open","template":"","meta":[],"product_brand":[],"product_cat":[70],"product_tag":[],"berocket_brand":[432],"class_list":{"0":"post-2851","1":"product","2":"type-product","3":"status-publish","4":"has-post-thumbnail","6":"product_cat-ceintures-abdominales-post-operatoires-femme","7":"pa_eg_html5_ratio-0-4","8":"pa_eg_soundcloud_ratio-0-5","9":"pa_eg_wistia_ratio-0-3","10":"pa_eg_youtube_ratio-0-2","11":"pa_fb_product_group_id-202","12":"pa_fb_visibility-117","13":"pa_product_brand-medical-z-3","14":"pa_tailles-1-2","15":"pa_tailles-149","16":"pa_tailles-150","17":"pa_tailles-151","18":"pa_tailles-152","19":"pa_tailles-153","20":"pa_tailles-154","21":"pa_xfgmc_adult-off-2","22":"pa_xfgmc_condition-default","23":"pa_xfgmc_identifier_exists-off","24":"berocket_brand-medical-z","26":"first","27":"instock","28":"taxable","29":"shipping-taxable","30":"purchasable","31":"product-type-variable"},"yoast_head":"<!-- This site is optimized with the Yoast SEO plugin v27.4 - https:\/\/yoast.com\/product\/yoast-seo-wordpress\/ -->\n<title>Ceinture Z\u00ae mod\u00e8le B S\/008 MEDICAL Z<\/title>\n<meta name=\"description\" content=\"L\u2019application de la ceinture Z\u00ae r\u00e9alis\u00e9e \u00e0 partir d\u2019un textile elastique dans les deux sens, sp\u00e9cialement \u00e9tudi\u00e9, peut s\u2019effectuer imm\u00e9diatement apr\u00e8s l\u2019intervention. Gr\u00e2ce \u00e0 la patte d\u2019entrejambes, la tension s\u2019exerce horizontalement et verticalement. Les larges velcro lat\u00e9raux assurent un maintien contr\u00f4l\u00e9 et donnent \u00e0 cet appareil les qualit\u00e9s d\u2019une ceinture standard adaptable \u00e0 toutes les morphologies, TOUT EN PERMETTANT LE LIBRE JEU MUSCULAIRE. Une mousse log\u00e9e dans la partie ant\u00e9rieure de la ceinture peut \u00eatre d\u00e9plac\u00e9e de fa\u00e7on \u00e0 \u00eatre appliqu\u00e9e sur la cicatrice concern\u00e9e.\" \/>\n<meta name=\"robots\" content=\"index, follow, max-snippet:-1, max-image-preview:large, max-video-preview:-1\" \/>\n<link rel=\"canonical\" href=\"https:\/\/www.soome.be\/en\/products\/womens-post-op-abdominal-belts\/s-008-belt-z-model-b\/\" \/>\n<meta property=\"og:locale\" content=\"en_GB\" \/>\n<meta property=\"og:type\" content=\"article\" \/>\n<meta property=\"og:title\" content=\"Ceinture Z\u00ae mod\u00e8le B S\/008 MEDICAL Z\" \/>\n<meta property=\"og:description\" content=\"L\u2019application de la ceinture Z\u00ae r\u00e9alis\u00e9e \u00e0 partir d\u2019un textile elastique dans les deux sens, sp\u00e9cialement \u00e9tudi\u00e9, peut s\u2019effectuer imm\u00e9diatement apr\u00e8s l\u2019intervention. Gr\u00e2ce \u00e0 la patte d\u2019entrejambes, la tension s\u2019exerce horizontalement et verticalement. Les larges velcro lat\u00e9raux assurent un maintien contr\u00f4l\u00e9 et donnent \u00e0 cet appareil les qualit\u00e9s d\u2019une ceinture standard adaptable \u00e0 toutes les morphologies, TOUT EN PERMETTANT LE LIBRE JEU MUSCULAIRE. Une mousse log\u00e9e dans la partie ant\u00e9rieure de la ceinture peut \u00eatre d\u00e9plac\u00e9e de fa\u00e7on \u00e0 \u00eatre appliqu\u00e9e sur la cicatrice concern\u00e9e.\" \/>\n<meta property=\"og:url\" content=\"https:\/\/www.soome.be\/en\/products\/womens-post-op-abdominal-belts\/s-008-belt-z-model-b\/\" \/>\n<meta property=\"og:site_name\" content=\"SooMe\" \/>\n<meta property=\"article:modified_time\" content=\"2026-04-22T13:06:35+00:00\" \/>\n<meta property=\"og:image\" content=\"https:\/\/www.soome.be\/wp-content\/uploads\/2023\/06\/products-s008.png\" \/>\n\t<meta property=\"og:image:width\" content=\"570\" \/>\n\t<meta property=\"og:image:height\" content=\"620\" \/>\n\t<meta property=\"og:image:type\" content=\"image\/jpeg\" \/>\n<meta name=\"twitter:card\" content=\"summary_large_image\" \/>\n<meta name=\"twitter:label1\" content=\"Estimated reading time\" \/>\n\t<meta name=\"twitter:data1\" content=\"1 minute\" \/>\n<script type=\"application\/ld+json\" class=\"yoast-schema-graph\">{\"@context\":\"https:\\\/\\\/schema.org\",\"@graph\":[{\"@type\":\"WebPage\",\"@id\":\"https:\\\/\\\/www.soome.be\\\/produits\\\/ceintures-abdominales-post-operatoires-femme\\\/s-008-ceinture-z-modele-b\\\/\",\"url\":\"https:\\\/\\\/www.soome.be\\\/produits\\\/ceintures-abdominales-post-operatoires-femme\\\/s-008-ceinture-z-modele-b\\\/\",\"name\":\"Ceinture Z\u00ae mod\u00e8le B S\\\/008 MEDICAL Z\",\"isPartOf\":{\"@id\":\"https:\\\/\\\/www.soome.be\\\/#website\"},\"primaryImageOfPage\":{\"@id\":\"https:\\\/\\\/www.soome.be\\\/produits\\\/ceintures-abdominales-post-operatoires-femme\\\/s-008-ceinture-z-modele-b\\\/#primaryimage\"},\"image\":{\"@id\":\"https:\\\/\\\/www.soome.be\\\/produits\\\/ceintures-abdominales-post-operatoires-femme\\\/s-008-ceinture-z-modele-b\\\/#primaryimage\"},\"thumbnailUrl\":\"https:\\\/\\\/www.soome.be\\\/wp-content\\\/uploads\\\/2023\\\/06\\\/products-s008.png\",\"datePublished\":\"2023-06-01T15:45:47+00:00\",\"dateModified\":\"2026-04-22T13:06:35+00:00\",\"description\":\"L\u2019application de la ceinture Z\u00ae r\u00e9alis\u00e9e \u00e0 partir d\u2019un textile elastique dans les deux sens, sp\u00e9cialement \u00e9tudi\u00e9, peut s\u2019effectuer imm\u00e9diatement apr\u00e8s l\u2019intervention. Gr\u00e2ce \u00e0 la patte d\u2019entrejambes, la tension s\u2019exerce horizontalement et verticalement. Les larges velcro lat\u00e9raux assurent un maintien contr\u00f4l\u00e9 et donnent \u00e0 cet appareil les qualit\u00e9s d\u2019une ceinture standard adaptable \u00e0 toutes les morphologies, TOUT EN PERMETTANT LE LIBRE JEU MUSCULAIRE. Une mousse log\u00e9e dans la partie ant\u00e9rieure de la ceinture peut \u00eatre d\u00e9plac\u00e9e de fa\u00e7on \u00e0 \u00eatre appliqu\u00e9e sur la cicatrice concern\u00e9e.\",\"breadcrumb\":{\"@id\":\"https:\\\/\\\/www.soome.be\\\/produits\\\/ceintures-abdominales-post-operatoires-femme\\\/s-008-ceinture-z-modele-b\\\/#breadcrumb\"},\"inLanguage\":\"en-GB\",\"potentialAction\":[{\"@type\":\"ReadAction\",\"target\":[\"https:\\\/\\\/www.soome.be\\\/produits\\\/ceintures-abdominales-post-operatoires-femme\\\/s-008-ceinture-z-modele-b\\\/\"]}]},{\"@type\":\"ImageObject\",\"inLanguage\":\"en-GB\",\"@id\":\"https:\\\/\\\/www.soome.be\\\/produits\\\/ceintures-abdominales-post-operatoires-femme\\\/s-008-ceinture-z-modele-b\\\/#primaryimage\",\"url\":\"https:\\\/\\\/www.soome.be\\\/wp-content\\\/uploads\\\/2023\\\/06\\\/products-s008.png\",\"contentUrl\":\"https:\\\/\\\/www.soome.be\\\/wp-content\\\/uploads\\\/2023\\\/06\\\/products-s008.png\",\"width\":570,\"height\":620,\"caption\":\"S\\\/008 \u2013 Ceinture Z\u00ae mod\u00e8le B MEDICAL Z\"},{\"@type\":\"BreadcrumbList\",\"@id\":\"https:\\\/\\\/www.soome.be\\\/produits\\\/ceintures-abdominales-post-operatoires-femme\\\/s-008-ceinture-z-modele-b\\\/#breadcrumb\",\"itemListElement\":[{\"@type\":\"ListItem\",\"position\":1,\"name\":\"Accueil\",\"item\":\"https:\\\/\\\/www.soome.be\\\/\"},{\"@type\":\"ListItem\",\"position\":2,\"name\":\"PRODUITS\",\"item\":\"https:\\\/\\\/www.soome.be\\\/produits\\\/\"},{\"@type\":\"ListItem\",\"position\":3,\"name\":\"S\\\/008 &#8211; Ceinture Z\u00ae mod\u00e8le B\"}]},{\"@type\":\"WebSite\",\"@id\":\"https:\\\/\\\/www.soome.be\\\/#website\",\"url\":\"https:\\\/\\\/www.soome.be\\\/\",\"name\":\"SooMe\",\"description\":\"\",\"potentialAction\":[{\"@type\":\"SearchAction\",\"target\":{\"@type\":\"EntryPoint\",\"urlTemplate\":\"https:\\\/\\\/www.soome.be\\\/?s={search_term_string}\"},\"query-input\":{\"@type\":\"PropertyValueSpecification\",\"valueRequired\":true,\"valueName\":\"search_term_string\"}}],\"inLanguage\":\"en-GB\"}]}<\/script>\n<!-- \/ Yoast SEO plugin. -->","yoast_head_json":{"title":"Z\u00ae Belt model B S\/008 MEDICAL Z","description":"The application of the Z\u00ae belt made from a specially designed two-way elastic textile can be done immediately after the procedure. Thanks to the crotch leg, tension is exerted horizontally and vertically. The wide lateral velcro ensure a controlled hold and give to this device the qualities of a standard belt adaptable to all morphologies, WHILE ALLOWING FREE MUSCULAR PLAY. A foam lodged in the front of the belt can be moved to be applied to the scar concerned.","robots":{"index":"index","follow":"follow","max-snippet":"max-snippet:-1","max-image-preview":"max-image-preview:large","max-video-preview":"max-video-preview:-1"},"canonical":"https:\/\/www.soome.be\/en\/products\/womens-post-op-abdominal-belts\/s-008-belt-z-model-b\/","og_locale":"en_GB","og_type":"article","og_title":"Ceinture Z\u00ae mod\u00e8le B S\/008 MEDICAL Z","og_description":"L\u2019application de la ceinture Z\u00ae r\u00e9alis\u00e9e \u00e0 partir d\u2019un textile elastique dans les deux sens, sp\u00e9cialement \u00e9tudi\u00e9, peut s\u2019effectuer imm\u00e9diatement apr\u00e8s l\u2019intervention. Gr\u00e2ce \u00e0 la patte d\u2019entrejambes, la tension s\u2019exerce horizontalement et verticalement. Les larges velcro lat\u00e9raux assurent un maintien contr\u00f4l\u00e9 et donnent \u00e0 cet appareil les qualit\u00e9s d\u2019une ceinture standard adaptable \u00e0 toutes les morphologies, TOUT EN PERMETTANT LE LIBRE JEU MUSCULAIRE. Une mousse log\u00e9e dans la partie ant\u00e9rieure de la ceinture peut \u00eatre d\u00e9plac\u00e9e de fa\u00e7on \u00e0 \u00eatre appliqu\u00e9e sur la cicatrice concern\u00e9e.","og_url":"https:\/\/www.soome.be\/en\/products\/womens-post-op-abdominal-belts\/s-008-belt-z-model-b\/","og_site_name":"SooMe","article_modified_time":"2026-04-22T13:06:35+00:00","og_image":[{"width":570,"height":620,"url":"https:\/\/www.soome.be\/wp-content\/uploads\/2023\/06\/products-s008.png","type":"image\/jpeg"}],"twitter_card":"summary_large_image","twitter_misc":{"Estimated reading time":"1 minute"},"schema":{"@context":"https:\/\/schema.org","@graph":[{"@type":"WebPage","@id":"https:\/\/www.soome.be\/produits\/ceintures-abdominales-post-operatoires-femme\/s-008-ceinture-z-modele-b\/","url":"https:\/\/www.soome.be\/produits\/ceintures-abdominales-post-operatoires-femme\/s-008-ceinture-z-modele-b\/","name":"Z\u00ae Belt model B S\/008 MEDICAL Z","isPartOf":{"@id":"https:\/\/www.soome.be\/#website"},"primaryImageOfPage":{"@id":"https:\/\/www.soome.be\/produits\/ceintures-abdominales-post-operatoires-femme\/s-008-ceinture-z-modele-b\/#primaryimage"},"image":{"@id":"https:\/\/www.soome.be\/produits\/ceintures-abdominales-post-operatoires-femme\/s-008-ceinture-z-modele-b\/#primaryimage"},"thumbnailUrl":"https:\/\/www.soome.be\/wp-content\/uploads\/2023\/06\/products-s008.png","datePublished":"2023-06-01T15:45:47+00:00","dateModified":"2026-04-22T13:06:35+00:00","description":"The application of the Z\u00ae belt made from a specially designed two-way elastic textile can be done immediately after the procedure. Thanks to the crotch leg, tension is exerted horizontally and vertically. The wide lateral velcro ensure a controlled hold and give to this device the qualities of a standard belt adaptable to all morphologies, WHILE ALLOWING FREE MUSCULAR PLAY. A foam lodged in the front of the belt can be moved to be applied to the scar concerned.","breadcrumb":{"@id":"https:\/\/www.soome.be\/produits\/ceintures-abdominales-post-operatoires-femme\/s-008-ceinture-z-modele-b\/#breadcrumb"},"inLanguage":"en-GB","potentialAction":[{"@type":"ReadAction","target":["https:\/\/www.soome.be\/produits\/ceintures-abdominales-post-operatoires-femme\/s-008-ceinture-z-modele-b\/"]}]},{"@type":"ImageObject","inLanguage":"en-GB","@id":"https:\/\/www.soome.be\/produits\/ceintures-abdominales-post-operatoires-femme\/s-008-ceinture-z-modele-b\/#primaryimage","url":"https:\/\/www.soome.be\/wp-content\/uploads\/2023\/06\/products-s008.png","contentUrl":"https:\/\/www.soome.be\/wp-content\/uploads\/2023\/06\/products-s008.png","width":570,"height":620,"caption":"S\/008 \u2013 Ceinture Z\u00ae mod\u00e8le B MEDICAL Z"},{"@type":"BreadcrumbList","@id":"https:\/\/www.soome.be\/produits\/ceintures-abdominales-post-operatoires-femme\/s-008-ceinture-z-modele-b\/#breadcrumb","itemListElement":[{"@type":"ListItem","position":1,"name":"Accueil","item":"https:\/\/www.soome.be\/"},{"@type":"ListItem","position":2,"name":"PRODUITS","item":"https:\/\/www.soome.be\/produits\/"},{"@type":"ListItem","position":3,"name":"S\/008 &#8211; Ceinture Z\u00ae mod\u00e8le B"}]},{"@type":"WebSite","@id":"https:\/\/www.soome.be\/#website","url":"https:\/\/www.soome.be\/","name":"SooMe","description":"","potentialAction":[{"@type":"SearchAction","target":{"@type":"EntryPoint","urlTemplate":"https:\/\/www.soome.be\/?s={search_term_string}"},"query-input":{"@type":"PropertyValueSpecification","valueRequired":true,"valueName":"search_term_string"}}],"inLanguage":"en-GB"}]}},"_links":{"self":[{"href":"https:\/\/www.soome.be\/en\/wp-json\/wp\/v2\/product\/2851","targetHints":{"allow":["GET"]}}],"collection":[{"href":"https:\/\/www.soome.be\/en\/wp-json\/wp\/v2\/product"}],"about":[{"href":"https:\/\/www.soome.be\/en\/wp-json\/wp\/v2\/types\/product"}],"replies":[{"embeddable":true,"href":"https:\/\/www.soome.be\/en\/wp-json\/wp\/v2\/comments?post=2851"}],"wp:featuredmedia":[{"embeddable":true,"href":"https:\/\/www.soome.be\/en\/wp-json\/wp\/v2\/media\/2859"}],"wp:attachment":[{"href":"https:\/\/www.soome.be\/en\/wp-json\/wp\/v2\/media?parent=2851"}],"wp:term":[{"taxonomy":"product_brand","embeddable":true,"href":"https:\/\/www.soome.be\/en\/wp-json\/wp\/v2\/product_brand?post=2851"},{"taxonomy":"product_cat","embeddable":true,"href":"https:\/\/www.soome.be\/en\/wp-json\/wp\/v2\/product_cat?post=2851"},{"taxonomy":"product_tag","embeddable":true,"href":"https:\/\/www.soome.be\/en\/wp-json\/wp\/v2\/product_tag?post=2851"},{"taxonomy":"berocket_brand","embeddable":true,"href":"https:\/\/www.soome.be\/en\/wp-json\/wp\/v2\/berocket_brand?post=2851"}],"curies":[{"name":"wp","href":"https:\/\/api.w.org\/{rel}","templated":true}]}}