{"id":2860,"date":"2023-06-01T17:45:48","date_gmt":"2023-06-01T15:45:48","guid":{"rendered":"https:\/\/www.soome.be\/?post_type=product&#038;p=2860"},"modified":"2026-04-22T15:06:35","modified_gmt":"2026-04-22T13:06:35","slug":"ec-009-knee-length-bodysuit","status":"publish","type":"product","link":"https:\/\/www.soome.be\/en\/produits\/ceintures-abdominales-post-operatoires-femme\/ec-009-combine-coupe-genoux\/","title":{"rendered":"EC\/009 - Combined cut knees"},"content":{"rendered":"<p>Maintenance application with permanent pressure, anti-edematous.<\/p>\n<p>&nbsp;<\/p>\n<p>The Elegance Bodysuit, made from a specially designed Coolmax\u00ae fabric, is to be applied immediately after surgery.<\/p>\n<p>The pressure thus obtained ensures perfect support while maintaining an optimal comfort and total freedom of movement.<\/p>\n<p>Maintenance :<\/p>\n<p>Machine wash at 30\u00b0C maximum, dryer not allowed.<\/p>\n<p>The quality of our tissues and our clinical research ensure that only one garment is needed to provide the complete treatment required by your doctor.<\/p>\n<p>Available in:<\/p>\n<p>Black, White<\/p>","protected":false},"excerpt":{"rendered":"<p>Maintenance application with permanent pressure, anti-edematous.<\/p>\n<p>&nbsp;<\/p>\n<p>The Elegance Bodysuit, made from a specially designed Coolmax\u00ae fabric, is to be applied immediately after surgery.<\/p>\n<p>The pressure thus obtained ensures perfect support while maintaining an optimal comfort and total freedom of movement.<\/p>\n<p>Maintenance :<\/p>\n<p>Machine wash at 30\u00b0C maximum, dryer not allowed.<\/p>\n<p>The quality of our tissues and our clinical research ensure that only one garment is needed to provide the complete treatment required by your doctor.<\/p>\n<p>Available in:<\/p>\n<p>Black, White<\/p>","protected":false},"featured_media":2875,"comment_status":"open","ping_status":"open","template":"","meta":[],"product_brand":[],"product_cat":[70],"product_tag":[],"berocket_brand":[432],"class_list":{"0":"post-2860","1":"product","2":"type-product","3":"status-publish","4":"has-post-thumbnail","6":"product_cat-ceintures-abdominales-post-operatoires-femme","7":"pa_couleur-blanc","8":"pa_couleur-noir","9":"pa_eg_html5_ratio-0-4","10":"pa_eg_soundcloud_ratio-0-5","11":"pa_eg_wistia_ratio-0-3","12":"pa_eg_youtube_ratio-0-2","13":"pa_fb_product_group_id-203","14":"pa_fb_visibility-117","15":"pa_product_brand-medical-z-3","16":"pa_tailles-1-2","17":"pa_tailles-149","18":"pa_tailles-150","19":"pa_tailles-151","20":"pa_tailles-152","21":"pa_tailles-153","22":"pa_tailles-154","23":"pa_xfgmc_adult-off-2","24":"pa_xfgmc_condition-default","25":"pa_xfgmc_identifier_exists-off","26":"berocket_brand-medical-z","28":"first","29":"instock","30":"taxable","31":"shipping-taxable","32":"purchasable","33":"product-type-variable"},"yoast_head":"<!-- This site is optimized with the Yoast SEO plugin v27.4 - https:\/\/yoast.com\/product\/yoast-seo-wordpress\/ -->\n<title>Combin\u00e9 \u00e9l\u00e9gance COOLMAX Medical Z coup\u00e9 genoux EC009<\/title>\n<meta name=\"description\" content=\"L\u2019application du Combin\u00e9 El\u00e9gance r\u00e9alis\u00e9 \u00e0 partir d\u2019un textile Coolmax\u00ae sp\u00e9cialement \u00e9tudi\u00e9 s\u2019effectue imm\u00e9diatement apr\u00e8s l\u2019intervention. La pression ainsi obtenue assure un parfait maintien tout en conservant un confort optimal et une totale libert\u00e9 de mouvement.\" \/>\n<meta name=\"robots\" content=\"index, follow, max-snippet:-1, max-image-preview:large, max-video-preview:-1\" \/>\n<link rel=\"canonical\" href=\"https:\/\/www.soome.be\/en\/products\/womens-post-op-abdominal-belts\/ec-009-knee-length-bodysuit\/\" \/>\n<meta property=\"og:locale\" content=\"en_GB\" \/>\n<meta property=\"og:type\" content=\"article\" \/>\n<meta property=\"og:title\" content=\"Combin\u00e9 \u00e9l\u00e9gance COOLMAX Medical Z coup\u00e9 genoux EC009\" \/>\n<meta property=\"og:description\" content=\"L\u2019application du Combin\u00e9 El\u00e9gance r\u00e9alis\u00e9 \u00e0 partir d\u2019un textile Coolmax\u00ae sp\u00e9cialement \u00e9tudi\u00e9 s\u2019effectue imm\u00e9diatement apr\u00e8s l\u2019intervention. La pression ainsi obtenue assure un parfait maintien tout en conservant un confort optimal et une totale libert\u00e9 de mouvement.\" \/>\n<meta property=\"og:url\" content=\"https:\/\/www.soome.be\/en\/products\/womens-post-op-abdominal-belts\/ec-009-knee-length-bodysuit\/\" \/>\n<meta property=\"og:site_name\" content=\"SooMe\" \/>\n<meta property=\"article:modified_time\" content=\"2026-04-22T13:06:35+00:00\" \/>\n<meta property=\"og:image\" content=\"https:\/\/www.soome.be\/wp-content\/uploads\/2023\/06\/products-Combine-coupe-elegance-coolmax-EC_009.jpg\" \/>\n\t<meta property=\"og:image:width\" content=\"1140\" \/>\n\t<meta property=\"og:image:height\" content=\"1272\" \/>\n\t<meta property=\"og:image:type\" content=\"image\/jpeg\" \/>\n<meta name=\"twitter:card\" content=\"summary_large_image\" \/>\n<script type=\"application\/ld+json\" class=\"yoast-schema-graph\">{\"@context\":\"https:\\\/\\\/schema.org\",\"@graph\":[{\"@type\":\"WebPage\",\"@id\":\"https:\\\/\\\/www.soome.be\\\/produits\\\/ceintures-abdominales-post-operatoires-femme\\\/ec-009-combine-coupe-genoux\\\/\",\"url\":\"https:\\\/\\\/www.soome.be\\\/produits\\\/ceintures-abdominales-post-operatoires-femme\\\/ec-009-combine-coupe-genoux\\\/\",\"name\":\"Combin\u00e9 \u00e9l\u00e9gance COOLMAX Medical Z coup\u00e9 genoux EC009\",\"isPartOf\":{\"@id\":\"https:\\\/\\\/www.soome.be\\\/#website\"},\"primaryImageOfPage\":{\"@id\":\"https:\\\/\\\/www.soome.be\\\/produits\\\/ceintures-abdominales-post-operatoires-femme\\\/ec-009-combine-coupe-genoux\\\/#primaryimage\"},\"image\":{\"@id\":\"https:\\\/\\\/www.soome.be\\\/produits\\\/ceintures-abdominales-post-operatoires-femme\\\/ec-009-combine-coupe-genoux\\\/#primaryimage\"},\"thumbnailUrl\":\"https:\\\/\\\/www.soome.be\\\/wp-content\\\/uploads\\\/2023\\\/06\\\/products-Combine-coupe-elegance-coolmax-EC_009.jpg\",\"datePublished\":\"2023-06-01T15:45:48+00:00\",\"dateModified\":\"2026-04-22T13:06:35+00:00\",\"description\":\"L\u2019application du Combin\u00e9 El\u00e9gance r\u00e9alis\u00e9 \u00e0 partir d\u2019un textile Coolmax\u00ae sp\u00e9cialement \u00e9tudi\u00e9 s\u2019effectue imm\u00e9diatement apr\u00e8s l\u2019intervention. La pression ainsi obtenue assure un parfait maintien tout en conservant un confort optimal et une totale libert\u00e9 de mouvement.\",\"breadcrumb\":{\"@id\":\"https:\\\/\\\/www.soome.be\\\/produits\\\/ceintures-abdominales-post-operatoires-femme\\\/ec-009-combine-coupe-genoux\\\/#breadcrumb\"},\"inLanguage\":\"en-GB\",\"potentialAction\":[{\"@type\":\"ReadAction\",\"target\":[\"https:\\\/\\\/www.soome.be\\\/produits\\\/ceintures-abdominales-post-operatoires-femme\\\/ec-009-combine-coupe-genoux\\\/\"]}]},{\"@type\":\"ImageObject\",\"inLanguage\":\"en-GB\",\"@id\":\"https:\\\/\\\/www.soome.be\\\/produits\\\/ceintures-abdominales-post-operatoires-femme\\\/ec-009-combine-coupe-genoux\\\/#primaryimage\",\"url\":\"https:\\\/\\\/www.soome.be\\\/wp-content\\\/uploads\\\/2023\\\/06\\\/products-Combine-coupe-elegance-coolmax-EC_009.jpg\",\"contentUrl\":\"https:\\\/\\\/www.soome.be\\\/wp-content\\\/uploads\\\/2023\\\/06\\\/products-Combine-coupe-elegance-coolmax-EC_009.jpg\",\"width\":1140,\"height\":1272,\"caption\":\"S\\\/009 \u2013 Fermeture lat\u00e9rale par agrafes MEDICAL Z\"},{\"@type\":\"BreadcrumbList\",\"@id\":\"https:\\\/\\\/www.soome.be\\\/produits\\\/ceintures-abdominales-post-operatoires-femme\\\/ec-009-combine-coupe-genoux\\\/#breadcrumb\",\"itemListElement\":[{\"@type\":\"ListItem\",\"position\":1,\"name\":\"Accueil\",\"item\":\"https:\\\/\\\/www.soome.be\\\/\"},{\"@type\":\"ListItem\",\"position\":2,\"name\":\"PRODUITS\",\"item\":\"https:\\\/\\\/www.soome.be\\\/produits\\\/\"},{\"@type\":\"ListItem\",\"position\":3,\"name\":\"EC\\\/009 &#8211; Combin\u00e9 coup\u00e9 genoux\"}]},{\"@type\":\"WebSite\",\"@id\":\"https:\\\/\\\/www.soome.be\\\/#website\",\"url\":\"https:\\\/\\\/www.soome.be\\\/\",\"name\":\"SooMe\",\"description\":\"\",\"potentialAction\":[{\"@type\":\"SearchAction\",\"target\":{\"@type\":\"EntryPoint\",\"urlTemplate\":\"https:\\\/\\\/www.soome.be\\\/?s={search_term_string}\"},\"query-input\":{\"@type\":\"PropertyValueSpecification\",\"valueRequired\":true,\"valueName\":\"search_term_string\"}}],\"inLanguage\":\"en-GB\"}]}<\/script>\n<!-- \/ Yoast SEO plugin. -->","yoast_head_json":{"title":"Elegant COOLMAX Medical Z knee cut EC009","description":"The Combin\u00e9 El\u00e9gance, made from a specially designed Coolmax\u00ae fabric, is applied immediately after the operation. The resulting pressure ensures perfect support while maintaining optimum comfort and total freedom of movement.","robots":{"index":"index","follow":"follow","max-snippet":"max-snippet:-1","max-image-preview":"max-image-preview:large","max-video-preview":"max-video-preview:-1"},"canonical":"https:\/\/www.soome.be\/en\/products\/womens-post-op-abdominal-belts\/ec-009-knee-length-bodysuit\/","og_locale":"en_GB","og_type":"article","og_title":"Combin\u00e9 \u00e9l\u00e9gance COOLMAX Medical Z coup\u00e9 genoux EC009","og_description":"L\u2019application du Combin\u00e9 El\u00e9gance r\u00e9alis\u00e9 \u00e0 partir d\u2019un textile Coolmax\u00ae sp\u00e9cialement \u00e9tudi\u00e9 s\u2019effectue imm\u00e9diatement apr\u00e8s l\u2019intervention. La pression ainsi obtenue assure un parfait maintien tout en conservant un confort optimal et une totale libert\u00e9 de mouvement.","og_url":"https:\/\/www.soome.be\/en\/products\/womens-post-op-abdominal-belts\/ec-009-knee-length-bodysuit\/","og_site_name":"SooMe","article_modified_time":"2026-04-22T13:06:35+00:00","og_image":[{"width":1140,"height":1272,"url":"https:\/\/www.soome.be\/wp-content\/uploads\/2023\/06\/products-Combine-coupe-elegance-coolmax-EC_009.jpg","type":"image\/jpeg"}],"twitter_card":"summary_large_image","schema":{"@context":"https:\/\/schema.org","@graph":[{"@type":"WebPage","@id":"https:\/\/www.soome.be\/produits\/ceintures-abdominales-post-operatoires-femme\/ec-009-combine-coupe-genoux\/","url":"https:\/\/www.soome.be\/produits\/ceintures-abdominales-post-operatoires-femme\/ec-009-combine-coupe-genoux\/","name":"Elegant COOLMAX Medical Z knee cut EC009","isPartOf":{"@id":"https:\/\/www.soome.be\/#website"},"primaryImageOfPage":{"@id":"https:\/\/www.soome.be\/produits\/ceintures-abdominales-post-operatoires-femme\/ec-009-combine-coupe-genoux\/#primaryimage"},"image":{"@id":"https:\/\/www.soome.be\/produits\/ceintures-abdominales-post-operatoires-femme\/ec-009-combine-coupe-genoux\/#primaryimage"},"thumbnailUrl":"https:\/\/www.soome.be\/wp-content\/uploads\/2023\/06\/products-Combine-coupe-elegance-coolmax-EC_009.jpg","datePublished":"2023-06-01T15:45:48+00:00","dateModified":"2026-04-22T13:06:35+00:00","description":"The Combin\u00e9 El\u00e9gance, made from a specially designed Coolmax\u00ae fabric, is applied immediately after the operation. The resulting pressure ensures perfect support while maintaining optimum comfort and total freedom of movement.","breadcrumb":{"@id":"https:\/\/www.soome.be\/produits\/ceintures-abdominales-post-operatoires-femme\/ec-009-combine-coupe-genoux\/#breadcrumb"},"inLanguage":"en-GB","potentialAction":[{"@type":"ReadAction","target":["https:\/\/www.soome.be\/produits\/ceintures-abdominales-post-operatoires-femme\/ec-009-combine-coupe-genoux\/"]}]},{"@type":"ImageObject","inLanguage":"en-GB","@id":"https:\/\/www.soome.be\/produits\/ceintures-abdominales-post-operatoires-femme\/ec-009-combine-coupe-genoux\/#primaryimage","url":"https:\/\/www.soome.be\/wp-content\/uploads\/2023\/06\/products-Combine-coupe-elegance-coolmax-EC_009.jpg","contentUrl":"https:\/\/www.soome.be\/wp-content\/uploads\/2023\/06\/products-Combine-coupe-elegance-coolmax-EC_009.jpg","width":1140,"height":1272,"caption":"S\/009 \u2013 Fermeture lat\u00e9rale par agrafes MEDICAL Z"},{"@type":"BreadcrumbList","@id":"https:\/\/www.soome.be\/produits\/ceintures-abdominales-post-operatoires-femme\/ec-009-combine-coupe-genoux\/#breadcrumb","itemListElement":[{"@type":"ListItem","position":1,"name":"Accueil","item":"https:\/\/www.soome.be\/"},{"@type":"ListItem","position":2,"name":"PRODUITS","item":"https:\/\/www.soome.be\/produits\/"},{"@type":"ListItem","position":3,"name":"EC\/009 &#8211; Combin\u00e9 coup\u00e9 genoux"}]},{"@type":"WebSite","@id":"https:\/\/www.soome.be\/#website","url":"https:\/\/www.soome.be\/","name":"SooMe","description":"","potentialAction":[{"@type":"SearchAction","target":{"@type":"EntryPoint","urlTemplate":"https:\/\/www.soome.be\/?s={search_term_string}"},"query-input":{"@type":"PropertyValueSpecification","valueRequired":true,"valueName":"search_term_string"}}],"inLanguage":"en-GB"}]}},"_links":{"self":[{"href":"https:\/\/www.soome.be\/en\/wp-json\/wp\/v2\/product\/2860","targetHints":{"allow":["GET"]}}],"collection":[{"href":"https:\/\/www.soome.be\/en\/wp-json\/wp\/v2\/product"}],"about":[{"href":"https:\/\/www.soome.be\/en\/wp-json\/wp\/v2\/types\/product"}],"replies":[{"embeddable":true,"href":"https:\/\/www.soome.be\/en\/wp-json\/wp\/v2\/comments?post=2860"}],"wp:featuredmedia":[{"embeddable":true,"href":"https:\/\/www.soome.be\/en\/wp-json\/wp\/v2\/media\/2875"}],"wp:attachment":[{"href":"https:\/\/www.soome.be\/en\/wp-json\/wp\/v2\/media?parent=2860"}],"wp:term":[{"taxonomy":"product_brand","embeddable":true,"href":"https:\/\/www.soome.be\/en\/wp-json\/wp\/v2\/product_brand?post=2860"},{"taxonomy":"product_cat","embeddable":true,"href":"https:\/\/www.soome.be\/en\/wp-json\/wp\/v2\/product_cat?post=2860"},{"taxonomy":"product_tag","embeddable":true,"href":"https:\/\/www.soome.be\/en\/wp-json\/wp\/v2\/product_tag?post=2860"},{"taxonomy":"berocket_brand","embeddable":true,"href":"https:\/\/www.soome.be\/en\/wp-json\/wp\/v2\/berocket_brand?post=2860"}],"curies":[{"name":"wp","href":"https:\/\/api.w.org\/{rel}","templated":true}]}}