{"id":2877,"date":"2023-06-01T17:46:03","date_gmt":"2023-06-01T15:46:03","guid":{"rendered":"https:\/\/www.soome.be\/?post_type=product&#038;p=2877"},"modified":"2026-04-22T15:06:39","modified_gmt":"2026-04-22T13:06:39","slug":"black-z-belt-model-b","status":"publish","type":"product","link":"https:\/\/www.soome.be\/en\/produits\/ceintures-abdominales-post-operatoires-femme\/s-010-ceinture-z-noire-modele-b\/","title":{"rendered":"S\/010 - Black Z\u00ae belt model B"},"content":{"rendered":"<p>Post-op lap belt.<\/p>\n<p>The application of the Z\u00ae Black belt, made from a specially designed elastic textile in both directions, can be done immediately after the intervention. Entirely new design, the High Belt, usable in immediate post-surgery is easy to install. It exerts a particularly effective compression located in a range of 17 to 21 mmHg, while allowing free muscular play.<\/p>\n<p>INDICATIONS :<\/p>\n<p>\u2013 Abdominal Plasties<\/p>\n<p>\u2013 Gynecological and Obstetric Surgery<\/p>\n<p>- Post-Partum<\/p>\n<p>MAINTENANCE :<\/p>\n<p>Machine washable up to 30\u00b0C, do not use a dryer.<\/p>\n<p>available in white and black<\/p>","protected":false},"excerpt":{"rendered":"<p>Post-op lap belt.<\/p>\n<p>The application of the Z\u00ae Black belt, made from a specially designed elastic textile in both directions, can be done immediately after the intervention. Entirely new design, the High Belt, usable in immediate post-surgery is easy to install. It exerts a particularly effective compression located in a range of 17 to 21 mmHg, while allowing free muscular play.<\/p>\n<p>INDICATIONS :<\/p>\n<p>\u2013 Abdominal Plasties<\/p>\n<p>\u2013 Gynecological and Obstetric Surgery<\/p>\n<p>- Post-Partum<\/p>\n<p>MAINTENANCE :<\/p>\n<p>Machine washable up to 30\u00b0C, do not use a dryer.<\/p>\n<p>available in white and black<\/p>","protected":false},"featured_media":2892,"comment_status":"open","ping_status":"open","template":"","meta":[],"product_brand":[],"product_cat":[70],"product_tag":[],"berocket_brand":[432],"class_list":{"0":"post-2877","1":"product","2":"type-product","3":"status-publish","4":"has-post-thumbnail","6":"product_cat-ceintures-abdominales-post-operatoires-femme","7":"pa_couleur-blanc","8":"pa_couleur-noir","9":"pa_eg_html5_ratio-0-4","10":"pa_eg_soundcloud_ratio-0-5","11":"pa_eg_wistia_ratio-0-3","12":"pa_eg_youtube_ratio-0-2","13":"pa_fb_product_group_id-204","14":"pa_fb_visibility-117","15":"pa_product_brand-medical-z-3","16":"pa_tailles-1-2","17":"pa_tailles-149","18":"pa_tailles-150","19":"pa_tailles-151","20":"pa_tailles-152","21":"pa_tailles-153","22":"pa_tailles-154","23":"pa_thp_upsellpopup_template-template-default","24":"pa_xfgmc_adult-off-2","25":"pa_xfgmc_condition-default","26":"pa_xfgmc_identifier_exists-off","27":"berocket_brand-medical-z","29":"first","30":"instock","31":"taxable","32":"shipping-taxable","33":"purchasable","34":"product-type-variable"},"yoast_head":"<!-- This site is optimized with the Yoast SEO plugin v27.4 - https:\/\/yoast.com\/product\/yoast-seo-wordpress\/ -->\n<title>Ceinture Z\u00ae noire mod\u00e8le B S\/010 MEDICAL Z<\/title>\n<meta name=\"description\" content=\"L\u2019application de la Ceinture Z\u00ae Noir, r\u00e9alis\u00e9e \u00e0 partir d\u2019un textile \u00e9lastique dans les deux sens sp\u00e9cialement \u00e9tudi\u00e9, peut s\u2019effectuer imm\u00e9diatemment apr\u00e8s l\u2019intervention. De conception enti\u00e8rement nouvelle, la Ceinture Haute, utilisable en post-op\u00e9ratoire imm\u00e9diat est d\u2019une mise en place ais\u00e9e. Elle exerce une compression particuli\u00e8rement efficace situ\u00e9e dans une fourchette de 17 \u00e0 21 mmHg, tout en permettant un libre jeu musculaire.\" \/>\n<meta name=\"robots\" content=\"index, follow, max-snippet:-1, max-image-preview:large, max-video-preview:-1\" \/>\n<link rel=\"canonical\" href=\"https:\/\/www.soome.be\/en\/products\/womens-post-op-abdominal-belts\/black-z-belt-model-b\/\" \/>\n<meta property=\"og:locale\" content=\"en_GB\" \/>\n<meta property=\"og:type\" content=\"article\" \/>\n<meta property=\"og:title\" content=\"Ceinture Z\u00ae noire mod\u00e8le B S\/010 MEDICAL Z\" \/>\n<meta property=\"og:description\" content=\"L\u2019application de la Ceinture Z\u00ae Noir, r\u00e9alis\u00e9e \u00e0 partir d\u2019un textile \u00e9lastique dans les deux sens sp\u00e9cialement \u00e9tudi\u00e9, peut s\u2019effectuer imm\u00e9diatemment apr\u00e8s l\u2019intervention. De conception enti\u00e8rement nouvelle, la Ceinture Haute, utilisable en post-op\u00e9ratoire imm\u00e9diat est d\u2019une mise en place ais\u00e9e. Elle exerce une compression particuli\u00e8rement efficace situ\u00e9e dans une fourchette de 17 \u00e0 21 mmHg, tout en permettant un libre jeu musculaire.\" \/>\n<meta property=\"og:url\" content=\"https:\/\/www.soome.be\/en\/products\/womens-post-op-abdominal-belts\/black-z-belt-model-b\/\" \/>\n<meta property=\"og:site_name\" content=\"SooMe\" \/>\n<meta property=\"article:modified_time\" content=\"2026-04-22T13:06:39+00:00\" \/>\n<meta property=\"og:image\" content=\"https:\/\/www.soome.be\/wp-content\/uploads\/2023\/06\/products-Ceinture-z-modele-B-fermeture-laterale-par-agrafes-2-S_010.jpg\" \/>\n\t<meta property=\"og:image:width\" content=\"640\" \/>\n\t<meta property=\"og:image:height\" content=\"552\" \/>\n\t<meta property=\"og:image:type\" content=\"image\/jpeg\" \/>\n<meta name=\"twitter:card\" content=\"summary_large_image\" \/>\n<meta name=\"twitter:label1\" content=\"Estimated reading time\" \/>\n\t<meta name=\"twitter:data1\" content=\"1 minute\" \/>\n<script type=\"application\/ld+json\" class=\"yoast-schema-graph\">{\"@context\":\"https:\\\/\\\/schema.org\",\"@graph\":[{\"@type\":\"WebPage\",\"@id\":\"https:\\\/\\\/www.soome.be\\\/produits\\\/ceintures-abdominales-post-operatoires-femme\\\/s-010-ceinture-z-noire-modele-b\\\/\",\"url\":\"https:\\\/\\\/www.soome.be\\\/produits\\\/ceintures-abdominales-post-operatoires-femme\\\/s-010-ceinture-z-noire-modele-b\\\/\",\"name\":\"Ceinture Z\u00ae noire mod\u00e8le B S\\\/010 MEDICAL Z\",\"isPartOf\":{\"@id\":\"https:\\\/\\\/www.soome.be\\\/#website\"},\"primaryImageOfPage\":{\"@id\":\"https:\\\/\\\/www.soome.be\\\/produits\\\/ceintures-abdominales-post-operatoires-femme\\\/s-010-ceinture-z-noire-modele-b\\\/#primaryimage\"},\"image\":{\"@id\":\"https:\\\/\\\/www.soome.be\\\/produits\\\/ceintures-abdominales-post-operatoires-femme\\\/s-010-ceinture-z-noire-modele-b\\\/#primaryimage\"},\"thumbnailUrl\":\"https:\\\/\\\/www.soome.be\\\/wp-content\\\/uploads\\\/2023\\\/06\\\/products-Ceinture-z-modele-B-fermeture-laterale-par-agrafes-2-S_010.jpg\",\"datePublished\":\"2023-06-01T15:46:03+00:00\",\"dateModified\":\"2026-04-22T13:06:39+00:00\",\"description\":\"L\u2019application de la Ceinture Z\u00ae Noir, r\u00e9alis\u00e9e \u00e0 partir d\u2019un textile \u00e9lastique dans les deux sens sp\u00e9cialement \u00e9tudi\u00e9, peut s\u2019effectuer imm\u00e9diatemment apr\u00e8s l\u2019intervention. De conception enti\u00e8rement nouvelle, la Ceinture Haute, utilisable en post-op\u00e9ratoire imm\u00e9diat est d\u2019une mise en place ais\u00e9e. Elle exerce une compression particuli\u00e8rement efficace situ\u00e9e dans une fourchette de 17 \u00e0 21 mmHg, tout en permettant un libre jeu musculaire.\",\"breadcrumb\":{\"@id\":\"https:\\\/\\\/www.soome.be\\\/produits\\\/ceintures-abdominales-post-operatoires-femme\\\/s-010-ceinture-z-noire-modele-b\\\/#breadcrumb\"},\"inLanguage\":\"en-GB\",\"potentialAction\":[{\"@type\":\"ReadAction\",\"target\":[\"https:\\\/\\\/www.soome.be\\\/produits\\\/ceintures-abdominales-post-operatoires-femme\\\/s-010-ceinture-z-noire-modele-b\\\/\"]}]},{\"@type\":\"ImageObject\",\"inLanguage\":\"en-GB\",\"@id\":\"https:\\\/\\\/www.soome.be\\\/produits\\\/ceintures-abdominales-post-operatoires-femme\\\/s-010-ceinture-z-noire-modele-b\\\/#primaryimage\",\"url\":\"https:\\\/\\\/www.soome.be\\\/wp-content\\\/uploads\\\/2023\\\/06\\\/products-Ceinture-z-modele-B-fermeture-laterale-par-agrafes-2-S_010.jpg\",\"contentUrl\":\"https:\\\/\\\/www.soome.be\\\/wp-content\\\/uploads\\\/2023\\\/06\\\/products-Ceinture-z-modele-B-fermeture-laterale-par-agrafes-2-S_010.jpg\",\"width\":640,\"height\":552,\"caption\":\"S\\\/010 \u2013 Ceinture Z\u00ae noire mod\u00e8le B MEDICAL Z\"},{\"@type\":\"BreadcrumbList\",\"@id\":\"https:\\\/\\\/www.soome.be\\\/produits\\\/ceintures-abdominales-post-operatoires-femme\\\/s-010-ceinture-z-noire-modele-b\\\/#breadcrumb\",\"itemListElement\":[{\"@type\":\"ListItem\",\"position\":1,\"name\":\"Accueil\",\"item\":\"https:\\\/\\\/www.soome.be\\\/\"},{\"@type\":\"ListItem\",\"position\":2,\"name\":\"PRODUITS\",\"item\":\"https:\\\/\\\/www.soome.be\\\/produits\\\/\"},{\"@type\":\"ListItem\",\"position\":3,\"name\":\"S\\\/010 &#8211; Ceinture Z\u00ae noire mod\u00e8le B\"}]},{\"@type\":\"WebSite\",\"@id\":\"https:\\\/\\\/www.soome.be\\\/#website\",\"url\":\"https:\\\/\\\/www.soome.be\\\/\",\"name\":\"SooMe\",\"description\":\"\",\"potentialAction\":[{\"@type\":\"SearchAction\",\"target\":{\"@type\":\"EntryPoint\",\"urlTemplate\":\"https:\\\/\\\/www.soome.be\\\/?s={search_term_string}\"},\"query-input\":{\"@type\":\"PropertyValueSpecification\",\"valueRequired\":true,\"valueName\":\"search_term_string\"}}],\"inLanguage\":\"en-GB\"}]}<\/script>\n<!-- \/ Yoast SEO plugin. -->","yoast_head_json":{"title":"Z\u00ae black belt model B S\/010 MEDICAL Z","description":"The application of the Z\u00ae Black belt, made from a specially designed elastic textile in both directions, can be done immediately after the intervention. Entirely new design, the High Belt, usable in immediate post-surgery is easy to install. It exerts a particularly effective compression located in a range of 17 to 21 mmHg, while allowing free muscular play.","robots":{"index":"index","follow":"follow","max-snippet":"max-snippet:-1","max-image-preview":"max-image-preview:large","max-video-preview":"max-video-preview:-1"},"canonical":"https:\/\/www.soome.be\/en\/products\/womens-post-op-abdominal-belts\/black-z-belt-model-b\/","og_locale":"en_GB","og_type":"article","og_title":"Ceinture Z\u00ae noire mod\u00e8le B S\/010 MEDICAL Z","og_description":"L\u2019application de la Ceinture Z\u00ae Noir, r\u00e9alis\u00e9e \u00e0 partir d\u2019un textile \u00e9lastique dans les deux sens sp\u00e9cialement \u00e9tudi\u00e9, peut s\u2019effectuer imm\u00e9diatemment apr\u00e8s l\u2019intervention. De conception enti\u00e8rement nouvelle, la Ceinture Haute, utilisable en post-op\u00e9ratoire imm\u00e9diat est d\u2019une mise en place ais\u00e9e. Elle exerce une compression particuli\u00e8rement efficace situ\u00e9e dans une fourchette de 17 \u00e0 21 mmHg, tout en permettant un libre jeu musculaire.","og_url":"https:\/\/www.soome.be\/en\/products\/womens-post-op-abdominal-belts\/black-z-belt-model-b\/","og_site_name":"SooMe","article_modified_time":"2026-04-22T13:06:39+00:00","og_image":[{"width":640,"height":552,"url":"https:\/\/www.soome.be\/wp-content\/uploads\/2023\/06\/products-Ceinture-z-modele-B-fermeture-laterale-par-agrafes-2-S_010.jpg","type":"image\/jpeg"}],"twitter_card":"summary_large_image","twitter_misc":{"Estimated reading time":"1 minute"},"schema":{"@context":"https:\/\/schema.org","@graph":[{"@type":"WebPage","@id":"https:\/\/www.soome.be\/produits\/ceintures-abdominales-post-operatoires-femme\/s-010-ceinture-z-noire-modele-b\/","url":"https:\/\/www.soome.be\/produits\/ceintures-abdominales-post-operatoires-femme\/s-010-ceinture-z-noire-modele-b\/","name":"Z\u00ae black belt model B S\/010 MEDICAL Z","isPartOf":{"@id":"https:\/\/www.soome.be\/#website"},"primaryImageOfPage":{"@id":"https:\/\/www.soome.be\/produits\/ceintures-abdominales-post-operatoires-femme\/s-010-ceinture-z-noire-modele-b\/#primaryimage"},"image":{"@id":"https:\/\/www.soome.be\/produits\/ceintures-abdominales-post-operatoires-femme\/s-010-ceinture-z-noire-modele-b\/#primaryimage"},"thumbnailUrl":"https:\/\/www.soome.be\/wp-content\/uploads\/2023\/06\/products-Ceinture-z-modele-B-fermeture-laterale-par-agrafes-2-S_010.jpg","datePublished":"2023-06-01T15:46:03+00:00","dateModified":"2026-04-22T13:06:39+00:00","description":"The application of the Z\u00ae Black belt, made from a specially designed elastic textile in both directions, can be done immediately after the intervention. Entirely new design, the High Belt, usable in immediate post-surgery is easy to install. It exerts a particularly effective compression located in a range of 17 to 21 mmHg, while allowing free muscular play.","breadcrumb":{"@id":"https:\/\/www.soome.be\/produits\/ceintures-abdominales-post-operatoires-femme\/s-010-ceinture-z-noire-modele-b\/#breadcrumb"},"inLanguage":"en-GB","potentialAction":[{"@type":"ReadAction","target":["https:\/\/www.soome.be\/produits\/ceintures-abdominales-post-operatoires-femme\/s-010-ceinture-z-noire-modele-b\/"]}]},{"@type":"ImageObject","inLanguage":"en-GB","@id":"https:\/\/www.soome.be\/produits\/ceintures-abdominales-post-operatoires-femme\/s-010-ceinture-z-noire-modele-b\/#primaryimage","url":"https:\/\/www.soome.be\/wp-content\/uploads\/2023\/06\/products-Ceinture-z-modele-B-fermeture-laterale-par-agrafes-2-S_010.jpg","contentUrl":"https:\/\/www.soome.be\/wp-content\/uploads\/2023\/06\/products-Ceinture-z-modele-B-fermeture-laterale-par-agrafes-2-S_010.jpg","width":640,"height":552,"caption":"S\/010 \u2013 Ceinture Z\u00ae noire mod\u00e8le B MEDICAL Z"},{"@type":"BreadcrumbList","@id":"https:\/\/www.soome.be\/produits\/ceintures-abdominales-post-operatoires-femme\/s-010-ceinture-z-noire-modele-b\/#breadcrumb","itemListElement":[{"@type":"ListItem","position":1,"name":"Accueil","item":"https:\/\/www.soome.be\/"},{"@type":"ListItem","position":2,"name":"PRODUITS","item":"https:\/\/www.soome.be\/produits\/"},{"@type":"ListItem","position":3,"name":"S\/010 &#8211; Ceinture Z\u00ae noire mod\u00e8le B"}]},{"@type":"WebSite","@id":"https:\/\/www.soome.be\/#website","url":"https:\/\/www.soome.be\/","name":"SooMe","description":"","potentialAction":[{"@type":"SearchAction","target":{"@type":"EntryPoint","urlTemplate":"https:\/\/www.soome.be\/?s={search_term_string}"},"query-input":{"@type":"PropertyValueSpecification","valueRequired":true,"valueName":"search_term_string"}}],"inLanguage":"en-GB"}]}},"_links":{"self":[{"href":"https:\/\/www.soome.be\/en\/wp-json\/wp\/v2\/product\/2877","targetHints":{"allow":["GET"]}}],"collection":[{"href":"https:\/\/www.soome.be\/en\/wp-json\/wp\/v2\/product"}],"about":[{"href":"https:\/\/www.soome.be\/en\/wp-json\/wp\/v2\/types\/product"}],"replies":[{"embeddable":true,"href":"https:\/\/www.soome.be\/en\/wp-json\/wp\/v2\/comments?post=2877"}],"wp:featuredmedia":[{"embeddable":true,"href":"https:\/\/www.soome.be\/en\/wp-json\/wp\/v2\/media\/2892"}],"wp:attachment":[{"href":"https:\/\/www.soome.be\/en\/wp-json\/wp\/v2\/media?parent=2877"}],"wp:term":[{"taxonomy":"product_brand","embeddable":true,"href":"https:\/\/www.soome.be\/en\/wp-json\/wp\/v2\/product_brand?post=2877"},{"taxonomy":"product_cat","embeddable":true,"href":"https:\/\/www.soome.be\/en\/wp-json\/wp\/v2\/product_cat?post=2877"},{"taxonomy":"product_tag","embeddable":true,"href":"https:\/\/www.soome.be\/en\/wp-json\/wp\/v2\/product_tag?post=2877"},{"taxonomy":"berocket_brand","embeddable":true,"href":"https:\/\/www.soome.be\/en\/wp-json\/wp\/v2\/berocket_brand?post=2877"}],"curies":[{"name":"wp","href":"https:\/\/api.w.org\/{rel}","templated":true}]}}