{"id":3033,"date":"2023-06-01T17:46:43","date_gmt":"2023-06-01T15:46:43","guid":{"rendered":"https:\/\/www.soome.be\/?post_type=product&#038;p=3033"},"modified":"2026-04-22T15:06:59","modified_gmt":"2026-04-22T13:06:59","slug":"high-waist-short-panty-002","status":"publish","type":"product","link":"https:\/\/www.soome.be\/en\/produits\/lipo-panty-de-contention\/lipo-panty-contention-standard\/panty-haut-court-002\/","title":{"rendered":"Panty high short 002"},"content":{"rendered":"<p><strong>SUPPORT AND COMFORT<\/strong><\/p>\n<ul>\n<li>adjustable straps<\/li>\n<li>Open crotch<\/li>\n<li>Microfiber protection behind the knee (on Classic fabric)<\/li>\n<li>Outer seams, do not mark the skin<\/li>\n<\/ul>\n<p>&nbsp;<\/p>\n<p><strong>PRECISE FIT AND ADAPTABILITY<\/strong><\/p>\n<ul>\n<li>Front triple staple closure<\/li>\n<\/ul>\n<p>&nbsp;<\/p>\n<p><strong>FABRIC<\/strong><\/p>\n<ul>\n<li>Premium<\/li>\n<\/ul>\n<p>&nbsp;<\/p>\n<p><strong>New fabrics for Premium and Dynamic fabric:<\/strong><\/p>\n<ul>\n<li>Evaporation of moisture and perspiration (Xtra-dry fibres)<\/li>\n<li>Neutralizing odors with silver ions (Xtra-fresh fibres)<\/li>\n<\/ul>\n<p>&nbsp;<\/p>\n<p><strong>MAINTENANCE<\/strong><\/p>\n<ul>\n<li>Cleaning 30\u00b0C water + soap<\/li>\n<li>Rinse without softener<\/li>\n<li>Flat drying \u2013 no dryer<\/li>\n<\/ul>\n<p>&nbsp;<\/p>\n<p class=\"translation-block\">The <strong>panty<\/strong> is applied to a protected wound immediately after the procedure to ensure its effectiveness.<\/p>\n<p>The first installation must be carried out by a health professional in order to control the proper positioning of the garment, without risk for the patient.<\/p>\n<p>The seams of the panty are placed on the outside so as not to mark the skin and avoid any discomfort.<\/p>\n<p>&nbsp;<\/p>\n<p class=\"translation-block\">Applying a\u00a0<strong>compressive garment<\/strong>\u00a0can cause skin reactions such as redness, itching, edema or allergies.<\/p>\n<p><span class=\"no-pro\">If you develop significant discomfort or unusual symptoms, consult your doctor.<\/span><\/p>","protected":false},"excerpt":{"rendered":"<p>The\u00a0<strong>panty<\/strong>\u00a0haut court est recommand\u00e9 pour la contention de l&rsquo;\u0153d\u00e8me post-op\u00e9ratoire survenant g\u00e9n\u00e9ralement \u00e0 la suite d\u2019une\u00a0<strong>liposuction\u00a0<\/strong>du ventre, des hanches, du bassin et des cuisses. Son\u00a0<strong>effet compressif\u00a0<\/strong>emp\u00eache le ph\u00e9nom\u00e8ne de \u00ab vagues \u00bb.<\/p>\n<p><em>Do not use directly on open wound, nor in case of pre-existing phlebitis.<\/em><\/p>","protected":false},"featured_media":3070,"comment_status":"open","ping_status":"open","template":"","meta":[],"product_brand":[],"product_cat":[73,71],"product_tag":[],"berocket_brand":[428],"class_list":{"0":"post-3033","1":"product","2":"type-product","3":"status-publish","4":"has-post-thumbnail","6":"product_cat-lipo-panty-contention-standard","7":"product_cat-lipo-panty-de-contention","8":"pa_couleur-blanc","9":"pa_couleur-noir","10":"pa_eg_html5_ratio-0-4","11":"pa_eg_soundcloud_ratio-0-5","12":"pa_eg_wistia_ratio-0-3","13":"pa_eg_youtube_ratio-0-2","14":"pa_fb_product_group_id-231","15":"pa_fb_visibility-staging","16":"pa_product_brand-cerecare","17":"pa_taille-t1","18":"pa_taille-t2","19":"pa_taille-t3","20":"pa_taille-t4","21":"pa_taille-t5","22":"pa_taille-t6","23":"pa_thp_upsellpopup_template-template-default","24":"pa_tissu-premium","25":"pa_xfgmc_adult-off-2","26":"pa_xfgmc_condition-default","27":"pa_xfgmc_identifier_exists-off","28":"berocket_brand-cerecare","30":"first","31":"instock","32":"taxable","33":"shipping-taxable","34":"purchasable","35":"product-type-variable"},"yoast_head":"<!-- This site is optimized with the Yoast SEO plugin v27.4 - https:\/\/yoast.com\/product\/yoast-seo-wordpress\/ -->\n<title>Panty haut court 002 CERECARE<\/title>\n<meta name=\"description\" content=\"Le panty haut court est recommand\u00e9 pour la contention de l\u2019\u0153d\u00e8me post-op\u00e9ratoire survenant g\u00e9n\u00e9ralement \u00e0 la suite d\u2019une liposuccion du ventre, des hanches, du bassin et des cuisses. Son effet compressif emp\u00eache le ph\u00e9nom\u00e8ne de \u00ab vagues \u00bb.\" \/>\n<meta name=\"robots\" content=\"index, follow, max-snippet:-1, max-image-preview:large, max-video-preview:-1\" \/>\n<link rel=\"canonical\" href=\"https:\/\/www.soome.be\/en\/products\/lipofilling-compression-lipo-panty-2\/standard-compression-lipo-panty\/high-waist-short-panty-002\/\" \/>\n<meta property=\"og:locale\" content=\"en_GB\" \/>\n<meta property=\"og:type\" content=\"article\" \/>\n<meta property=\"og:title\" content=\"Panty haut court 002 CERECARE\" \/>\n<meta property=\"og:description\" content=\"Le panty haut court est recommand\u00e9 pour la contention de l\u2019\u0153d\u00e8me post-op\u00e9ratoire survenant g\u00e9n\u00e9ralement \u00e0 la suite d\u2019une liposuccion du ventre, des hanches, du bassin et des cuisses. Son effet compressif emp\u00eache le ph\u00e9nom\u00e8ne de \u00ab vagues \u00bb.\" \/>\n<meta property=\"og:url\" content=\"https:\/\/www.soome.be\/en\/products\/lipofilling-compression-lipo-panty-2\/standard-compression-lipo-panty\/high-waist-short-panty-002\/\" \/>\n<meta property=\"og:site_name\" content=\"SooMe\" \/>\n<meta property=\"article:modified_time\" content=\"2026-04-22T13:06:59+00:00\" \/>\n<meta property=\"og:image\" content=\"https:\/\/www.soome.be\/wp-content\/uploads\/2023\/06\/products-panty-haut-court-1.png\" \/>\n\t<meta property=\"og:image:width\" content=\"636\" \/>\n\t<meta property=\"og:image:height\" content=\"900\" \/>\n\t<meta property=\"og:image:type\" content=\"image\/jpeg\" \/>\n<meta name=\"twitter:card\" content=\"summary_large_image\" \/>\n<meta name=\"twitter:label1\" content=\"Estimated reading time\" \/>\n\t<meta name=\"twitter:data1\" content=\"1 minute\" \/>\n<script type=\"application\/ld+json\" class=\"yoast-schema-graph\">{\"@context\":\"https:\\\/\\\/schema.org\",\"@graph\":[{\"@type\":\"WebPage\",\"@id\":\"https:\\\/\\\/www.soome.be\\\/produits\\\/lipo-panty-de-contention\\\/lipo-panty-contention-standard\\\/panty-haut-court-002\\\/\",\"url\":\"https:\\\/\\\/www.soome.be\\\/produits\\\/lipo-panty-de-contention\\\/lipo-panty-contention-standard\\\/panty-haut-court-002\\\/\",\"name\":\"Panty haut court 002 CERECARE\",\"isPartOf\":{\"@id\":\"https:\\\/\\\/www.soome.be\\\/#website\"},\"primaryImageOfPage\":{\"@id\":\"https:\\\/\\\/www.soome.be\\\/produits\\\/lipo-panty-de-contention\\\/lipo-panty-contention-standard\\\/panty-haut-court-002\\\/#primaryimage\"},\"image\":{\"@id\":\"https:\\\/\\\/www.soome.be\\\/produits\\\/lipo-panty-de-contention\\\/lipo-panty-contention-standard\\\/panty-haut-court-002\\\/#primaryimage\"},\"thumbnailUrl\":\"https:\\\/\\\/www.soome.be\\\/wp-content\\\/uploads\\\/2023\\\/06\\\/products-panty-haut-court-1.png\",\"datePublished\":\"2023-06-01T15:46:43+00:00\",\"dateModified\":\"2026-04-22T13:06:59+00:00\",\"description\":\"Le panty haut court est recommand\u00e9 pour la contention de l\u2019\u0153d\u00e8me post-op\u00e9ratoire survenant g\u00e9n\u00e9ralement \u00e0 la suite d\u2019une liposuccion du ventre, des hanches, du bassin et des cuisses. Son effet compressif emp\u00eache le ph\u00e9nom\u00e8ne de \u00ab vagues \u00bb.\",\"breadcrumb\":{\"@id\":\"https:\\\/\\\/www.soome.be\\\/produits\\\/lipo-panty-de-contention\\\/lipo-panty-contention-standard\\\/panty-haut-court-002\\\/#breadcrumb\"},\"inLanguage\":\"en-GB\",\"potentialAction\":[{\"@type\":\"ReadAction\",\"target\":[\"https:\\\/\\\/www.soome.be\\\/produits\\\/lipo-panty-de-contention\\\/lipo-panty-contention-standard\\\/panty-haut-court-002\\\/\"]}]},{\"@type\":\"ImageObject\",\"inLanguage\":\"en-GB\",\"@id\":\"https:\\\/\\\/www.soome.be\\\/produits\\\/lipo-panty-de-contention\\\/lipo-panty-contention-standard\\\/panty-haut-court-002\\\/#primaryimage\",\"url\":\"https:\\\/\\\/www.soome.be\\\/wp-content\\\/uploads\\\/2023\\\/06\\\/products-panty-haut-court-1.png\",\"contentUrl\":\"https:\\\/\\\/www.soome.be\\\/wp-content\\\/uploads\\\/2023\\\/06\\\/products-panty-haut-court-1.png\",\"width\":636,\"height\":900,\"caption\":\"Panty haut court 002 CERECARE\"},{\"@type\":\"BreadcrumbList\",\"@id\":\"https:\\\/\\\/www.soome.be\\\/produits\\\/lipo-panty-de-contention\\\/lipo-panty-contention-standard\\\/panty-haut-court-002\\\/#breadcrumb\",\"itemListElement\":[{\"@type\":\"ListItem\",\"position\":1,\"name\":\"Accueil\",\"item\":\"https:\\\/\\\/www.soome.be\\\/\"},{\"@type\":\"ListItem\",\"position\":2,\"name\":\"PRODUITS\",\"item\":\"https:\\\/\\\/www.soome.be\\\/produits\\\/\"},{\"@type\":\"ListItem\",\"position\":3,\"name\":\"Panty haut court 002\"}]},{\"@type\":\"WebSite\",\"@id\":\"https:\\\/\\\/www.soome.be\\\/#website\",\"url\":\"https:\\\/\\\/www.soome.be\\\/\",\"name\":\"SooMe\",\"description\":\"\",\"potentialAction\":[{\"@type\":\"SearchAction\",\"target\":{\"@type\":\"EntryPoint\",\"urlTemplate\":\"https:\\\/\\\/www.soome.be\\\/?s={search_term_string}\"},\"query-input\":{\"@type\":\"PropertyValueSpecification\",\"valueRequired\":true,\"valueName\":\"search_term_string\"}}],\"inLanguage\":\"en-GB\"}]}<\/script>\n<!-- \/ Yoast SEO plugin. -->","yoast_head_json":{"title":"Panty top short 002 CERECARE","description":"The short high waist panty is recommended for compression of post-operative oedema, which generally occurs following liposuction of the abdomen, hips, pelvis and thighs. Its compressive effect prevents the phenomenon of \u00abwaves\u00bb.","robots":{"index":"index","follow":"follow","max-snippet":"max-snippet:-1","max-image-preview":"max-image-preview:large","max-video-preview":"max-video-preview:-1"},"canonical":"https:\/\/www.soome.be\/en\/products\/lipofilling-compression-lipo-panty-2\/standard-compression-lipo-panty\/high-waist-short-panty-002\/","og_locale":"en_GB","og_type":"article","og_title":"Panty haut court 002 CERECARE","og_description":"Le panty haut court est recommand\u00e9 pour la contention de l\u2019\u0153d\u00e8me post-op\u00e9ratoire survenant g\u00e9n\u00e9ralement \u00e0 la suite d\u2019une liposuccion du ventre, des hanches, du bassin et des cuisses. Son effet compressif emp\u00eache le ph\u00e9nom\u00e8ne de \u00ab vagues \u00bb.","og_url":"https:\/\/www.soome.be\/en\/products\/lipofilling-compression-lipo-panty-2\/standard-compression-lipo-panty\/high-waist-short-panty-002\/","og_site_name":"SooMe","article_modified_time":"2026-04-22T13:06:59+00:00","og_image":[{"width":636,"height":900,"url":"https:\/\/www.soome.be\/wp-content\/uploads\/2023\/06\/products-panty-haut-court-1.png","type":"image\/jpeg"}],"twitter_card":"summary_large_image","twitter_misc":{"Estimated reading time":"1 minute"},"schema":{"@context":"https:\/\/schema.org","@graph":[{"@type":"WebPage","@id":"https:\/\/www.soome.be\/produits\/lipo-panty-de-contention\/lipo-panty-contention-standard\/panty-haut-court-002\/","url":"https:\/\/www.soome.be\/produits\/lipo-panty-de-contention\/lipo-panty-contention-standard\/panty-haut-court-002\/","name":"Panty top short 002 CERECARE","isPartOf":{"@id":"https:\/\/www.soome.be\/#website"},"primaryImageOfPage":{"@id":"https:\/\/www.soome.be\/produits\/lipo-panty-de-contention\/lipo-panty-contention-standard\/panty-haut-court-002\/#primaryimage"},"image":{"@id":"https:\/\/www.soome.be\/produits\/lipo-panty-de-contention\/lipo-panty-contention-standard\/panty-haut-court-002\/#primaryimage"},"thumbnailUrl":"https:\/\/www.soome.be\/wp-content\/uploads\/2023\/06\/products-panty-haut-court-1.png","datePublished":"2023-06-01T15:46:43+00:00","dateModified":"2026-04-22T13:06:59+00:00","description":"The short high waist panty is recommended for compression of post-operative oedema, which generally occurs following liposuction of the abdomen, hips, pelvis and thighs. Its compressive effect prevents the phenomenon of \u00abwaves\u00bb.","breadcrumb":{"@id":"https:\/\/www.soome.be\/produits\/lipo-panty-de-contention\/lipo-panty-contention-standard\/panty-haut-court-002\/#breadcrumb"},"inLanguage":"en-GB","potentialAction":[{"@type":"ReadAction","target":["https:\/\/www.soome.be\/produits\/lipo-panty-de-contention\/lipo-panty-contention-standard\/panty-haut-court-002\/"]}]},{"@type":"ImageObject","inLanguage":"en-GB","@id":"https:\/\/www.soome.be\/produits\/lipo-panty-de-contention\/lipo-panty-contention-standard\/panty-haut-court-002\/#primaryimage","url":"https:\/\/www.soome.be\/wp-content\/uploads\/2023\/06\/products-panty-haut-court-1.png","contentUrl":"https:\/\/www.soome.be\/wp-content\/uploads\/2023\/06\/products-panty-haut-court-1.png","width":636,"height":900,"caption":"Panty haut court 002 CERECARE"},{"@type":"BreadcrumbList","@id":"https:\/\/www.soome.be\/produits\/lipo-panty-de-contention\/lipo-panty-contention-standard\/panty-haut-court-002\/#breadcrumb","itemListElement":[{"@type":"ListItem","position":1,"name":"Accueil","item":"https:\/\/www.soome.be\/"},{"@type":"ListItem","position":2,"name":"PRODUITS","item":"https:\/\/www.soome.be\/produits\/"},{"@type":"ListItem","position":3,"name":"Panty haut court 002"}]},{"@type":"WebSite","@id":"https:\/\/www.soome.be\/#website","url":"https:\/\/www.soome.be\/","name":"SooMe","description":"","potentialAction":[{"@type":"SearchAction","target":{"@type":"EntryPoint","urlTemplate":"https:\/\/www.soome.be\/?s={search_term_string}"},"query-input":{"@type":"PropertyValueSpecification","valueRequired":true,"valueName":"search_term_string"}}],"inLanguage":"en-GB"}]}},"_links":{"self":[{"href":"https:\/\/www.soome.be\/en\/wp-json\/wp\/v2\/product\/3033","targetHints":{"allow":["GET"]}}],"collection":[{"href":"https:\/\/www.soome.be\/en\/wp-json\/wp\/v2\/product"}],"about":[{"href":"https:\/\/www.soome.be\/en\/wp-json\/wp\/v2\/types\/product"}],"replies":[{"embeddable":true,"href":"https:\/\/www.soome.be\/en\/wp-json\/wp\/v2\/comments?post=3033"}],"wp:featuredmedia":[{"embeddable":true,"href":"https:\/\/www.soome.be\/en\/wp-json\/wp\/v2\/media\/3070"}],"wp:attachment":[{"href":"https:\/\/www.soome.be\/en\/wp-json\/wp\/v2\/media?parent=3033"}],"wp:term":[{"taxonomy":"product_brand","embeddable":true,"href":"https:\/\/www.soome.be\/en\/wp-json\/wp\/v2\/product_brand?post=3033"},{"taxonomy":"product_cat","embeddable":true,"href":"https:\/\/www.soome.be\/en\/wp-json\/wp\/v2\/product_cat?post=3033"},{"taxonomy":"product_tag","embeddable":true,"href":"https:\/\/www.soome.be\/en\/wp-json\/wp\/v2\/product_tag?post=3033"},{"taxonomy":"berocket_brand","embeddable":true,"href":"https:\/\/www.soome.be\/en\/wp-json\/wp\/v2\/berocket_brand?post=3033"}],"curies":[{"name":"wp","href":"https:\/\/api.w.org\/{rel}","templated":true}]}}