{"id":3424,"date":"2023-06-01T17:48:26","date_gmt":"2023-06-01T15:48:26","guid":{"rendered":"https:\/\/www.soome.be\/?post_type=product&#038;p=3424"},"modified":"2026-04-22T15:07:58","modified_gmt":"2026-04-22T13:07:58","slug":"panty-low-foot-008","status":"publish","type":"product","link":"https:\/\/www.soome.be\/en\/produits\/lipo-panty-de-contention\/lipo-panty-contention-standard\/panty-bas-pieds-008\/","title":{"rendered":"Panty low feet 008"},"content":{"rendered":"<p class=\"text-justify\"><strong>SUPPORT<\/strong><\/p>\n<ul>\n<li>Open crotch<\/li>\n<li>Open legs or closed legs option<\/li>\n<li>Open feet, better foot hygiene and easy drying after showering<\/li>\n<li>Closed feet, better prevention against thromboembolic risk, easy blood circulation<\/li>\n<\/ul>\n<p>&nbsp;<\/p>\n<p><strong>COMFORT<\/strong><\/p>\n<ul>\n<li>Microfiber protection behind the knee and above the foot (on Classic fabric)<\/li>\n<li>Outer seams, do not mark the skin<\/li>\n<\/ul>\n<p>&nbsp;<\/p>\n<p><strong>PRECISE FIT<\/strong><\/p>\n<ul>\n<li>Front triple staple closure<\/li>\n<\/ul>\n<p><strong>FABRIC<\/strong><\/p>\n<ul>\n<li>Premium<\/li>\n<\/ul>\n<p><strong>New fabrics for Premium and Dynamic fabric:<\/strong><\/p>\n<ul>\n<li>Evaporation of moisture and perspiration (Xtra-dry fibres)<\/li>\n<li>Neutralizing odors with silver ions (Xtra-fresh fibres)<\/li>\n<\/ul>\n<p>&nbsp;<\/p>\n<p><strong>MAINTENANCE<\/strong><\/p>\n<ul>\n<li>Cleaning 30\u00b0C water + soap<\/li>\n<li>Rinse without softener<\/li>\n<li>Flat drying \u2013 no dryer<\/li>\n<\/ul>\n<p>&nbsp;<\/p>\n<p class=\"translation-block\">The <strong>panty<\/strong> is applied to a protected wound immediately after the procedure to ensure its effectiveness.<\/p>\n<p>The first installation must be carried out by a health professional in order to control the proper positioning of the garment, without risk for the patient.<\/p>\n<p>The seams of the panty are placed on the outside so as not to mark the skin and avoid any discomfort.<\/p>\n<p>&nbsp;<\/p>\n<p class=\"translation-block\">Applying a\u00a0<strong>compressive garment<\/strong>\u00a0can cause skin reactions such as redness, itching, edema or allergies.<\/p>\n<p><span class=\"no-pro\">If you develop significant discomfort or unusual symptoms, consult your doctor.<\/span><\/p>","protected":false},"excerpt":{"rendered":"<p>The\u00a0<strong>panty<\/strong>\u00a0lower foot is indicated<strong>\u00a0liposuction\u00a0<\/strong>du bas du corps \u00e0 partir du bas-ventre (bas-ventre, hanches, bassin, cuisses, genoux, mollets, chevilles). Il va permettre de pr\u00e9venir le ph\u00e9nom\u00e8ne de \u00ab\u00a0vagues\u00a0\u00bb, ainsi que de\u00a0<strong>contenir l&rsquo;\u0153d\u00e8me post-op\u00e9ratoire<\/strong>\u00a0suite \u00e0 la liposuccion.<\/p>\n<p><u><strong>To avoid thromboembolic risk, this model can be ordered with \u00abThrombax option\u00bb. This option is only available on premium fabric and for models suitable for measurements.<\/strong><\/u><\/p>\n<p><em>Do not use directly on open wound, nor in case of pre-existing phlebitis.<\/em><\/p>","protected":false},"featured_media":3569,"comment_status":"open","ping_status":"open","template":"","meta":[],"product_brand":[],"product_cat":[73,71],"product_tag":[],"berocket_brand":[428],"class_list":{"0":"post-3424","1":"product","2":"type-product","3":"status-publish","4":"has-post-thumbnail","6":"product_cat-lipo-panty-contention-standard","7":"product_cat-lipo-panty-de-contention","8":"pa_couleur-blanc","9":"pa_couleur-noir","10":"pa_eg_html5_ratio-0-4","11":"pa_eg_soundcloud_ratio-0-5","12":"pa_eg_wistia_ratio-0-3","13":"pa_eg_youtube_ratio-0-2","14":"pa_fb_product_group_id-246","15":"pa_fb_visibility-117","16":"pa_ouverture-ouvert","17":"pa_ouverture-pied-ferme","18":"pa_product_brand-cerecare","19":"pa_taille-t1","20":"pa_taille-t2","21":"pa_taille-t3","22":"pa_taille-t4","23":"pa_taille-t5","24":"pa_taille-t6","25":"pa_thp_upsellpopup_template-template-default","26":"pa_tissu-premium","27":"pa_xfgmc_adult-off-2","28":"pa_xfgmc_condition-default","29":"pa_xfgmc_identifier_exists-off","30":"berocket_brand-cerecare","32":"first","33":"instock","34":"taxable","35":"shipping-taxable","36":"purchasable","37":"product-type-variable"},"yoast_head":"<!-- This site is optimized with the Yoast SEO plugin v27.4 - https:\/\/yoast.com\/product\/yoast-seo-wordpress\/ -->\n<title>Panty bas pieds 008 CERECARE<\/title>\n<meta name=\"description\" content=\"Le panty bas pieds est indiqu\u00e9 pour les liposuccions du bas du corps \u00e0 partir du bas-ventre (bas-ventre, hanches, bassin, cuisses, genoux, mollets, chevilles). Il va permettre de pr\u00e9venir le ph\u00e9nom\u00e8ne de \u00ab vagues \u00bb, ainsi que de contenir l\u2019\u0153d\u00e8me post-op\u00e9ratoire suite \u00e0 la liposuccion.\" \/>\n<meta name=\"robots\" content=\"index, follow, max-snippet:-1, max-image-preview:large, max-video-preview:-1\" \/>\n<link rel=\"canonical\" href=\"https:\/\/www.soome.be\/en\/products\/lipofilling-compression-lipo-panty-2\/standard-compression-lipo-panty\/panty-low-foot-008\/\" \/>\n<meta property=\"og:locale\" content=\"en_GB\" \/>\n<meta property=\"og:type\" content=\"article\" \/>\n<meta property=\"og:title\" content=\"Panty bas pieds 008 CERECARE\" \/>\n<meta property=\"og:description\" content=\"Le panty bas pieds est indiqu\u00e9 pour les liposuccions du bas du corps \u00e0 partir du bas-ventre (bas-ventre, hanches, bassin, cuisses, genoux, mollets, chevilles). Il va permettre de pr\u00e9venir le ph\u00e9nom\u00e8ne de \u00ab vagues \u00bb, ainsi que de contenir l\u2019\u0153d\u00e8me post-op\u00e9ratoire suite \u00e0 la liposuccion.\" \/>\n<meta property=\"og:url\" content=\"https:\/\/www.soome.be\/en\/products\/lipofilling-compression-lipo-panty-2\/standard-compression-lipo-panty\/panty-low-foot-008\/\" \/>\n<meta property=\"og:site_name\" content=\"SooMe\" \/>\n<meta property=\"article:modified_time\" content=\"2026-04-22T13:07:58+00:00\" \/>\n<meta property=\"og:image\" content=\"https:\/\/www.soome.be\/wp-content\/uploads\/2023\/06\/products-panty-bas-pieds-1.png\" \/>\n\t<meta property=\"og:image:width\" content=\"636\" \/>\n\t<meta property=\"og:image:height\" content=\"900\" \/>\n\t<meta property=\"og:image:type\" content=\"image\/jpeg\" \/>\n<meta name=\"twitter:card\" content=\"summary_large_image\" \/>\n<meta name=\"twitter:label1\" content=\"Estimated reading time\" \/>\n\t<meta name=\"twitter:data1\" content=\"1 minute\" \/>\n<script type=\"application\/ld+json\" class=\"yoast-schema-graph\">{\"@context\":\"https:\\\/\\\/schema.org\",\"@graph\":[{\"@type\":\"WebPage\",\"@id\":\"https:\\\/\\\/www.soome.be\\\/produits\\\/lipo-panty-de-contention\\\/lipo-panty-contention-standard\\\/panty-bas-pieds-008\\\/\",\"url\":\"https:\\\/\\\/www.soome.be\\\/produits\\\/lipo-panty-de-contention\\\/lipo-panty-contention-standard\\\/panty-bas-pieds-008\\\/\",\"name\":\"Panty bas pieds 008 CERECARE\",\"isPartOf\":{\"@id\":\"https:\\\/\\\/www.soome.be\\\/#website\"},\"primaryImageOfPage\":{\"@id\":\"https:\\\/\\\/www.soome.be\\\/produits\\\/lipo-panty-de-contention\\\/lipo-panty-contention-standard\\\/panty-bas-pieds-008\\\/#primaryimage\"},\"image\":{\"@id\":\"https:\\\/\\\/www.soome.be\\\/produits\\\/lipo-panty-de-contention\\\/lipo-panty-contention-standard\\\/panty-bas-pieds-008\\\/#primaryimage\"},\"thumbnailUrl\":\"https:\\\/\\\/www.soome.be\\\/wp-content\\\/uploads\\\/2023\\\/06\\\/products-panty-bas-pieds-1.png\",\"datePublished\":\"2023-06-01T15:48:26+00:00\",\"dateModified\":\"2026-04-22T13:07:58+00:00\",\"description\":\"Le panty bas pieds est indiqu\u00e9 pour les liposuccions du bas du corps \u00e0 partir du bas-ventre (bas-ventre, hanches, bassin, cuisses, genoux, mollets, chevilles). Il va permettre de pr\u00e9venir le ph\u00e9nom\u00e8ne de \u00ab vagues \u00bb, ainsi que de contenir l\u2019\u0153d\u00e8me post-op\u00e9ratoire suite \u00e0 la liposuccion.\",\"breadcrumb\":{\"@id\":\"https:\\\/\\\/www.soome.be\\\/produits\\\/lipo-panty-de-contention\\\/lipo-panty-contention-standard\\\/panty-bas-pieds-008\\\/#breadcrumb\"},\"inLanguage\":\"en-GB\",\"potentialAction\":[{\"@type\":\"ReadAction\",\"target\":[\"https:\\\/\\\/www.soome.be\\\/produits\\\/lipo-panty-de-contention\\\/lipo-panty-contention-standard\\\/panty-bas-pieds-008\\\/\"]}]},{\"@type\":\"ImageObject\",\"inLanguage\":\"en-GB\",\"@id\":\"https:\\\/\\\/www.soome.be\\\/produits\\\/lipo-panty-de-contention\\\/lipo-panty-contention-standard\\\/panty-bas-pieds-008\\\/#primaryimage\",\"url\":\"https:\\\/\\\/www.soome.be\\\/wp-content\\\/uploads\\\/2023\\\/06\\\/products-panty-bas-pieds-1.png\",\"contentUrl\":\"https:\\\/\\\/www.soome.be\\\/wp-content\\\/uploads\\\/2023\\\/06\\\/products-panty-bas-pieds-1.png\",\"width\":636,\"height\":900,\"caption\":\"Panty bas pieds 008 CERECARE\"},{\"@type\":\"BreadcrumbList\",\"@id\":\"https:\\\/\\\/www.soome.be\\\/produits\\\/lipo-panty-de-contention\\\/lipo-panty-contention-standard\\\/panty-bas-pieds-008\\\/#breadcrumb\",\"itemListElement\":[{\"@type\":\"ListItem\",\"position\":1,\"name\":\"Accueil\",\"item\":\"https:\\\/\\\/www.soome.be\\\/\"},{\"@type\":\"ListItem\",\"position\":2,\"name\":\"PRODUITS\",\"item\":\"https:\\\/\\\/www.soome.be\\\/produits\\\/\"},{\"@type\":\"ListItem\",\"position\":3,\"name\":\"Panty bas pieds 008\"}]},{\"@type\":\"WebSite\",\"@id\":\"https:\\\/\\\/www.soome.be\\\/#website\",\"url\":\"https:\\\/\\\/www.soome.be\\\/\",\"name\":\"SooMe\",\"description\":\"\",\"potentialAction\":[{\"@type\":\"SearchAction\",\"target\":{\"@type\":\"EntryPoint\",\"urlTemplate\":\"https:\\\/\\\/www.soome.be\\\/?s={search_term_string}\"},\"query-input\":{\"@type\":\"PropertyValueSpecification\",\"valueRequired\":true,\"valueName\":\"search_term_string\"}}],\"inLanguage\":\"en-GB\"}]}<\/script>\n<!-- \/ Yoast SEO plugin. -->","yoast_head_json":{"title":"Low leg panty 008 CERECARE","description":"The stocking panty is indicated for liposuction of the lower body from the lower abdomen downwards (lower abdomen, hips, pelvis, thighs, knees, calves, ankles). It will help prevent the \u00abwave\u00bb phenomenon, as well as containing post-operative oedema following liposuction.","robots":{"index":"index","follow":"follow","max-snippet":"max-snippet:-1","max-image-preview":"max-image-preview:large","max-video-preview":"max-video-preview:-1"},"canonical":"https:\/\/www.soome.be\/en\/products\/lipofilling-compression-lipo-panty-2\/standard-compression-lipo-panty\/panty-low-foot-008\/","og_locale":"en_GB","og_type":"article","og_title":"Panty bas pieds 008 CERECARE","og_description":"Le panty bas pieds est indiqu\u00e9 pour les liposuccions du bas du corps \u00e0 partir du bas-ventre (bas-ventre, hanches, bassin, cuisses, genoux, mollets, chevilles). Il va permettre de pr\u00e9venir le ph\u00e9nom\u00e8ne de \u00ab vagues \u00bb, ainsi que de contenir l\u2019\u0153d\u00e8me post-op\u00e9ratoire suite \u00e0 la liposuccion.","og_url":"https:\/\/www.soome.be\/en\/products\/lipofilling-compression-lipo-panty-2\/standard-compression-lipo-panty\/panty-low-foot-008\/","og_site_name":"SooMe","article_modified_time":"2026-04-22T13:07:58+00:00","og_image":[{"width":636,"height":900,"url":"https:\/\/www.soome.be\/wp-content\/uploads\/2023\/06\/products-panty-bas-pieds-1.png","type":"image\/jpeg"}],"twitter_card":"summary_large_image","twitter_misc":{"Estimated reading time":"1 minute"},"schema":{"@context":"https:\/\/schema.org","@graph":[{"@type":"WebPage","@id":"https:\/\/www.soome.be\/produits\/lipo-panty-de-contention\/lipo-panty-contention-standard\/panty-bas-pieds-008\/","url":"https:\/\/www.soome.be\/produits\/lipo-panty-de-contention\/lipo-panty-contention-standard\/panty-bas-pieds-008\/","name":"Low leg panty 008 CERECARE","isPartOf":{"@id":"https:\/\/www.soome.be\/#website"},"primaryImageOfPage":{"@id":"https:\/\/www.soome.be\/produits\/lipo-panty-de-contention\/lipo-panty-contention-standard\/panty-bas-pieds-008\/#primaryimage"},"image":{"@id":"https:\/\/www.soome.be\/produits\/lipo-panty-de-contention\/lipo-panty-contention-standard\/panty-bas-pieds-008\/#primaryimage"},"thumbnailUrl":"https:\/\/www.soome.be\/wp-content\/uploads\/2023\/06\/products-panty-bas-pieds-1.png","datePublished":"2023-06-01T15:48:26+00:00","dateModified":"2026-04-22T13:07:58+00:00","description":"The stocking panty is indicated for liposuction of the lower body from the lower abdomen downwards (lower abdomen, hips, pelvis, thighs, knees, calves, ankles). It will help prevent the \u00abwave\u00bb phenomenon, as well as containing post-operative oedema following liposuction.","breadcrumb":{"@id":"https:\/\/www.soome.be\/produits\/lipo-panty-de-contention\/lipo-panty-contention-standard\/panty-bas-pieds-008\/#breadcrumb"},"inLanguage":"en-GB","potentialAction":[{"@type":"ReadAction","target":["https:\/\/www.soome.be\/produits\/lipo-panty-de-contention\/lipo-panty-contention-standard\/panty-bas-pieds-008\/"]}]},{"@type":"ImageObject","inLanguage":"en-GB","@id":"https:\/\/www.soome.be\/produits\/lipo-panty-de-contention\/lipo-panty-contention-standard\/panty-bas-pieds-008\/#primaryimage","url":"https:\/\/www.soome.be\/wp-content\/uploads\/2023\/06\/products-panty-bas-pieds-1.png","contentUrl":"https:\/\/www.soome.be\/wp-content\/uploads\/2023\/06\/products-panty-bas-pieds-1.png","width":636,"height":900,"caption":"Panty bas pieds 008 CERECARE"},{"@type":"BreadcrumbList","@id":"https:\/\/www.soome.be\/produits\/lipo-panty-de-contention\/lipo-panty-contention-standard\/panty-bas-pieds-008\/#breadcrumb","itemListElement":[{"@type":"ListItem","position":1,"name":"Accueil","item":"https:\/\/www.soome.be\/"},{"@type":"ListItem","position":2,"name":"PRODUITS","item":"https:\/\/www.soome.be\/produits\/"},{"@type":"ListItem","position":3,"name":"Panty bas pieds 008"}]},{"@type":"WebSite","@id":"https:\/\/www.soome.be\/#website","url":"https:\/\/www.soome.be\/","name":"SooMe","description":"","potentialAction":[{"@type":"SearchAction","target":{"@type":"EntryPoint","urlTemplate":"https:\/\/www.soome.be\/?s={search_term_string}"},"query-input":{"@type":"PropertyValueSpecification","valueRequired":true,"valueName":"search_term_string"}}],"inLanguage":"en-GB"}]}},"_links":{"self":[{"href":"https:\/\/www.soome.be\/en\/wp-json\/wp\/v2\/product\/3424","targetHints":{"allow":["GET"]}}],"collection":[{"href":"https:\/\/www.soome.be\/en\/wp-json\/wp\/v2\/product"}],"about":[{"href":"https:\/\/www.soome.be\/en\/wp-json\/wp\/v2\/types\/product"}],"replies":[{"embeddable":true,"href":"https:\/\/www.soome.be\/en\/wp-json\/wp\/v2\/comments?post=3424"}],"wp:featuredmedia":[{"embeddable":true,"href":"https:\/\/www.soome.be\/en\/wp-json\/wp\/v2\/media\/3569"}],"wp:attachment":[{"href":"https:\/\/www.soome.be\/en\/wp-json\/wp\/v2\/media?parent=3424"}],"wp:term":[{"taxonomy":"product_brand","embeddable":true,"href":"https:\/\/www.soome.be\/en\/wp-json\/wp\/v2\/product_brand?post=3424"},{"taxonomy":"product_cat","embeddable":true,"href":"https:\/\/www.soome.be\/en\/wp-json\/wp\/v2\/product_cat?post=3424"},{"taxonomy":"product_tag","embeddable":true,"href":"https:\/\/www.soome.be\/en\/wp-json\/wp\/v2\/product_tag?post=3424"},{"taxonomy":"berocket_brand","embeddable":true,"href":"https:\/\/www.soome.be\/en\/wp-json\/wp\/v2\/berocket_brand?post=3424"}],"curies":[{"name":"wp","href":"https:\/\/api.w.org\/{rel}","templated":true}]}}