{"id":3921,"date":"2023-06-01T17:52:31","date_gmt":"2023-06-01T15:52:31","guid":{"rendered":"https:\/\/www.soome.be\/?post_type=product&#038;p=3921"},"modified":"2026-04-22T15:08:43","modified_gmt":"2026-04-22T13:08:43","slug":"central-opening-026","status":"publish","type":"product","link":"https:\/\/www.soome.be\/en\/produits\/ceintures-abdominales-post-operatoires-homme\/ceinture-haute-homme-ouverture-centrale-026\/","title":{"rendered":"Men's high waist belt with central opening 026"},"content":{"rendered":"<p class=\"text-justify\"><strong>SUPPORT<\/strong><\/p>\n<ul>\n<li class=\"text-justify\">adjustable straps<\/li>\n<li class=\"text-justify\">4 removable whales (2 front, 2 rear)<\/li>\n<\/ul>\n<p class=\"text-justify\"><strong>COMFORT<\/strong><\/p>\n<ul>\n<li class=\"text-justify\">Crotch closed by hook and loop legs, made in a velvet back to back for more comfort<\/li>\n<li class=\"text-justify\">Stapling with 3 cm protection of reinforced fabric<\/li>\n<li class=\"text-justify\">Outer seams, do not mark the skin<\/li>\n<\/ul>\n<p class=\"text-justify\"><strong>PRECISE FIT<\/strong><\/p>\n<ul>\n<li class=\"text-justify\">Triple central stapling on all height<\/li>\n<\/ul>\n<p class=\"text-justify\"><strong>FABRIC<\/strong><\/p>\n<ul>\n<li class=\"text-justify\">Classic, Premium or Dynamic (black only)<\/li>\n<\/ul>\n<p class=\"text-justify\"><strong>New fabrics for Premium and Dynamic fabric:<\/strong><\/p>\n<ul>\n<li class=\"text-justify\">Evaporation of moisture and perspiration (Xtra-dry fibres)<\/li>\n<li class=\"text-justify\">Neutralizing odors with silver ions (Xtra-fresh fibres)<\/li>\n<\/ul>\n<p class=\"text-justify\"><strong>MAINTENANCE<\/strong><\/p>\n<ul>\n<li class=\"text-justify\">Cleaning 30\u00b0C water + soap<\/li>\n<li class=\"text-justify\">Rinse without softener<\/li>\n<li class=\"text-justify\">Flat drying \u2013 no dryer<\/li>\n<\/ul>\n<p class=\"text-justify translation-block\">The <b>belt<\/b> is applied to a protected wound immediately after the procedure to ensure its effectiveness.<\/p>\n<p class=\"translation-block\">The first application must be done by a healthcare professional to check the proper positioning of the\u00a0<strong>compressive garment<\/strong>, without risk to the patient.<\/p>\n<p>The seams of the belt are placed on the outside so as not to mark the skin and avoid any discomfort.<\/p>\n<p class=\"text-justify translation-block\">Applying a\u00a0<strong>compressive garment<\/strong>\u00a0can cause skin reactions such as redness, itching, edema or allergies.<\/p>\n<p class=\"text-justify\"><span class=\"no-pro\">If you develop significant discomfort or unusual symptoms, consult your doctor.<\/span><\/p>","protected":false},"excerpt":{"rendered":"<p class=\"translation-block\">The <strong>High Plastic Belt<\/strong>, with its central opening, is recommended to contain post-operative edema following <strong>abdominal plasticity<\/strong><strong> <\/strong>(removal of excess skin and tightening of the skin).<\/p>\n<p><em>Do not use directly on open wound, nor in case of pre-existing phlebitis.<\/em><\/p>","protected":false},"featured_media":3958,"comment_status":"open","ping_status":"open","template":"","meta":[],"product_brand":[],"product_cat":[74],"product_tag":[],"berocket_brand":[428],"class_list":{"0":"post-3921","1":"product","2":"type-product","3":"status-publish","4":"has-post-thumbnail","6":"product_cat-ceintures-abdominales-post-operatoires-homme","7":"pa_couleur-blanc","8":"pa_couleur-noir","9":"pa_eg_html5_ratio-0-4","10":"pa_eg_soundcloud_ratio-0-5","11":"pa_eg_wistia_ratio-0-3","12":"pa_eg_youtube_ratio-0-2","13":"pa_product_brand-cerecare","14":"pa_taille-t1","15":"pa_taille-t2","16":"pa_taille-t3","17":"pa_taille-t4","18":"pa_taille-t5","19":"pa_taille-t6","20":"pa_thp_upsellpopup_template-template-default","21":"pa_tissu-premium","22":"pa_xfgmc_adult-off-2","23":"pa_xfgmc_condition-default","24":"pa_xfgmc_identifier_exists-off","25":"berocket_brand-cerecare","27":"first","28":"instock","29":"taxable","30":"shipping-taxable","31":"purchasable","32":"product-type-variable"},"yoast_head":"<!-- This site is optimized with the Yoast SEO plugin v27.4 - https:\/\/yoast.com\/product\/yoast-seo-wordpress\/ -->\n<title>Ceinture haute homme ouverture centrale 026 CERECARE<\/title>\n<meta name=\"description\" content=\"La ceinture haute plastique, avec ouverture centrale, est recommand\u00e9e pour contenir l\u2019\u0153d\u00e8me post-op\u00e9ratoire suite \u00e0 une plastie abdominale (retrait de l\u2019exc\u00e9dent de peau et retente de la peau).\" \/>\n<meta name=\"robots\" content=\"index, follow, max-snippet:-1, max-image-preview:large, max-video-preview:-1\" \/>\n<link rel=\"canonical\" href=\"https:\/\/www.soome.be\/en\/products\/mens-post-op-abdominal-belts\/central-opening-026\/\" \/>\n<meta property=\"og:locale\" content=\"en_GB\" \/>\n<meta property=\"og:type\" content=\"article\" \/>\n<meta property=\"og:title\" content=\"Ceinture haute homme ouverture centrale 026 CERECARE\" \/>\n<meta property=\"og:description\" content=\"La ceinture haute plastique, avec ouverture centrale, est recommand\u00e9e pour contenir l\u2019\u0153d\u00e8me post-op\u00e9ratoire suite \u00e0 une plastie abdominale (retrait de l\u2019exc\u00e9dent de peau et retente de la peau).\" \/>\n<meta property=\"og:url\" content=\"https:\/\/www.soome.be\/en\/products\/mens-post-op-abdominal-belts\/central-opening-026\/\" \/>\n<meta property=\"og:site_name\" content=\"SooMe\" \/>\n<meta property=\"article:modified_time\" content=\"2026-04-22T13:08:43+00:00\" \/>\n<meta property=\"og:image\" content=\"https:\/\/www.soome.be\/wp-content\/uploads\/2023\/06\/products-ceinture-haute-homme-ouverture-centrale-1.png\" \/>\n\t<meta property=\"og:image:width\" content=\"636\" \/>\n\t<meta property=\"og:image:height\" content=\"900\" \/>\n\t<meta property=\"og:image:type\" content=\"image\/jpeg\" \/>\n<meta name=\"twitter:card\" content=\"summary_large_image\" \/>\n<meta name=\"twitter:label1\" content=\"Estimated reading time\" \/>\n\t<meta name=\"twitter:data1\" content=\"1 minute\" \/>\n<script type=\"application\/ld+json\" class=\"yoast-schema-graph\">{\"@context\":\"https:\\\/\\\/schema.org\",\"@graph\":[{\"@type\":\"WebPage\",\"@id\":\"https:\\\/\\\/www.soome.be\\\/produits\\\/ceintures-abdominales-post-operatoires-homme\\\/ceinture-haute-homme-ouverture-centrale-026\\\/\",\"url\":\"https:\\\/\\\/www.soome.be\\\/produits\\\/ceintures-abdominales-post-operatoires-homme\\\/ceinture-haute-homme-ouverture-centrale-026\\\/\",\"name\":\"Ceinture haute homme ouverture centrale 026 CERECARE\",\"isPartOf\":{\"@id\":\"https:\\\/\\\/www.soome.be\\\/#website\"},\"primaryImageOfPage\":{\"@id\":\"https:\\\/\\\/www.soome.be\\\/produits\\\/ceintures-abdominales-post-operatoires-homme\\\/ceinture-haute-homme-ouverture-centrale-026\\\/#primaryimage\"},\"image\":{\"@id\":\"https:\\\/\\\/www.soome.be\\\/produits\\\/ceintures-abdominales-post-operatoires-homme\\\/ceinture-haute-homme-ouverture-centrale-026\\\/#primaryimage\"},\"thumbnailUrl\":\"https:\\\/\\\/www.soome.be\\\/wp-content\\\/uploads\\\/2023\\\/06\\\/products-ceinture-haute-homme-ouverture-centrale-1.png\",\"datePublished\":\"2023-06-01T15:52:31+00:00\",\"dateModified\":\"2026-04-22T13:08:43+00:00\",\"description\":\"La ceinture haute plastique, avec ouverture centrale, est recommand\u00e9e pour contenir l\u2019\u0153d\u00e8me post-op\u00e9ratoire suite \u00e0 une plastie abdominale (retrait de l\u2019exc\u00e9dent de peau et retente de la peau).\",\"breadcrumb\":{\"@id\":\"https:\\\/\\\/www.soome.be\\\/produits\\\/ceintures-abdominales-post-operatoires-homme\\\/ceinture-haute-homme-ouverture-centrale-026\\\/#breadcrumb\"},\"inLanguage\":\"en-GB\",\"potentialAction\":[{\"@type\":\"ReadAction\",\"target\":[\"https:\\\/\\\/www.soome.be\\\/produits\\\/ceintures-abdominales-post-operatoires-homme\\\/ceinture-haute-homme-ouverture-centrale-026\\\/\"]}]},{\"@type\":\"ImageObject\",\"inLanguage\":\"en-GB\",\"@id\":\"https:\\\/\\\/www.soome.be\\\/produits\\\/ceintures-abdominales-post-operatoires-homme\\\/ceinture-haute-homme-ouverture-centrale-026\\\/#primaryimage\",\"url\":\"https:\\\/\\\/www.soome.be\\\/wp-content\\\/uploads\\\/2023\\\/06\\\/products-ceinture-haute-homme-ouverture-centrale-1.png\",\"contentUrl\":\"https:\\\/\\\/www.soome.be\\\/wp-content\\\/uploads\\\/2023\\\/06\\\/products-ceinture-haute-homme-ouverture-centrale-1.png\",\"width\":636,\"height\":900,\"caption\":\"Ceinture haute homme ouverture centrale 026 CERECARE\"},{\"@type\":\"BreadcrumbList\",\"@id\":\"https:\\\/\\\/www.soome.be\\\/produits\\\/ceintures-abdominales-post-operatoires-homme\\\/ceinture-haute-homme-ouverture-centrale-026\\\/#breadcrumb\",\"itemListElement\":[{\"@type\":\"ListItem\",\"position\":1,\"name\":\"Accueil\",\"item\":\"https:\\\/\\\/www.soome.be\\\/\"},{\"@type\":\"ListItem\",\"position\":2,\"name\":\"PRODUITS\",\"item\":\"https:\\\/\\\/www.soome.be\\\/produits\\\/\"},{\"@type\":\"ListItem\",\"position\":3,\"name\":\"Ceinture haute homme ouverture centrale 026\"}]},{\"@type\":\"WebSite\",\"@id\":\"https:\\\/\\\/www.soome.be\\\/#website\",\"url\":\"https:\\\/\\\/www.soome.be\\\/\",\"name\":\"SooMe\",\"description\":\"\",\"potentialAction\":[{\"@type\":\"SearchAction\",\"target\":{\"@type\":\"EntryPoint\",\"urlTemplate\":\"https:\\\/\\\/www.soome.be\\\/?s={search_term_string}\"},\"query-input\":{\"@type\":\"PropertyValueSpecification\",\"valueRequired\":true,\"valueName\":\"search_term_string\"}}],\"inLanguage\":\"en-GB\"}]}<\/script>\n<!-- \/ Yoast SEO plugin. -->","yoast_head_json":{"title":"Men's high waist belt with central opening 026 CERECARE","description":"The high plastic belt, with a central opening, is recommended for containing post-operative oedema following abdominoplasty (removal of excess skin and tightening of the skin).","robots":{"index":"index","follow":"follow","max-snippet":"max-snippet:-1","max-image-preview":"max-image-preview:large","max-video-preview":"max-video-preview:-1"},"canonical":"https:\/\/www.soome.be\/en\/products\/mens-post-op-abdominal-belts\/central-opening-026\/","og_locale":"en_GB","og_type":"article","og_title":"Ceinture haute homme ouverture centrale 026 CERECARE","og_description":"La ceinture haute plastique, avec ouverture centrale, est recommand\u00e9e pour contenir l\u2019\u0153d\u00e8me post-op\u00e9ratoire suite \u00e0 une plastie abdominale (retrait de l\u2019exc\u00e9dent de peau et retente de la peau).","og_url":"https:\/\/www.soome.be\/en\/products\/mens-post-op-abdominal-belts\/central-opening-026\/","og_site_name":"SooMe","article_modified_time":"2026-04-22T13:08:43+00:00","og_image":[{"width":636,"height":900,"url":"https:\/\/www.soome.be\/wp-content\/uploads\/2023\/06\/products-ceinture-haute-homme-ouverture-centrale-1.png","type":"image\/jpeg"}],"twitter_card":"summary_large_image","twitter_misc":{"Estimated reading time":"1 minute"},"schema":{"@context":"https:\/\/schema.org","@graph":[{"@type":"WebPage","@id":"https:\/\/www.soome.be\/produits\/ceintures-abdominales-post-operatoires-homme\/ceinture-haute-homme-ouverture-centrale-026\/","url":"https:\/\/www.soome.be\/produits\/ceintures-abdominales-post-operatoires-homme\/ceinture-haute-homme-ouverture-centrale-026\/","name":"Men's high waist belt with central opening 026 CERECARE","isPartOf":{"@id":"https:\/\/www.soome.be\/#website"},"primaryImageOfPage":{"@id":"https:\/\/www.soome.be\/produits\/ceintures-abdominales-post-operatoires-homme\/ceinture-haute-homme-ouverture-centrale-026\/#primaryimage"},"image":{"@id":"https:\/\/www.soome.be\/produits\/ceintures-abdominales-post-operatoires-homme\/ceinture-haute-homme-ouverture-centrale-026\/#primaryimage"},"thumbnailUrl":"https:\/\/www.soome.be\/wp-content\/uploads\/2023\/06\/products-ceinture-haute-homme-ouverture-centrale-1.png","datePublished":"2023-06-01T15:52:31+00:00","dateModified":"2026-04-22T13:08:43+00:00","description":"The high plastic belt, with a central opening, is recommended for containing post-operative oedema following abdominoplasty (removal of excess skin and tightening of the skin).","breadcrumb":{"@id":"https:\/\/www.soome.be\/produits\/ceintures-abdominales-post-operatoires-homme\/ceinture-haute-homme-ouverture-centrale-026\/#breadcrumb"},"inLanguage":"en-GB","potentialAction":[{"@type":"ReadAction","target":["https:\/\/www.soome.be\/produits\/ceintures-abdominales-post-operatoires-homme\/ceinture-haute-homme-ouverture-centrale-026\/"]}]},{"@type":"ImageObject","inLanguage":"en-GB","@id":"https:\/\/www.soome.be\/produits\/ceintures-abdominales-post-operatoires-homme\/ceinture-haute-homme-ouverture-centrale-026\/#primaryimage","url":"https:\/\/www.soome.be\/wp-content\/uploads\/2023\/06\/products-ceinture-haute-homme-ouverture-centrale-1.png","contentUrl":"https:\/\/www.soome.be\/wp-content\/uploads\/2023\/06\/products-ceinture-haute-homme-ouverture-centrale-1.png","width":636,"height":900,"caption":"Ceinture haute homme ouverture centrale 026 CERECARE"},{"@type":"BreadcrumbList","@id":"https:\/\/www.soome.be\/produits\/ceintures-abdominales-post-operatoires-homme\/ceinture-haute-homme-ouverture-centrale-026\/#breadcrumb","itemListElement":[{"@type":"ListItem","position":1,"name":"Accueil","item":"https:\/\/www.soome.be\/"},{"@type":"ListItem","position":2,"name":"PRODUITS","item":"https:\/\/www.soome.be\/produits\/"},{"@type":"ListItem","position":3,"name":"Ceinture haute homme ouverture centrale 026"}]},{"@type":"WebSite","@id":"https:\/\/www.soome.be\/#website","url":"https:\/\/www.soome.be\/","name":"SooMe","description":"","potentialAction":[{"@type":"SearchAction","target":{"@type":"EntryPoint","urlTemplate":"https:\/\/www.soome.be\/?s={search_term_string}"},"query-input":{"@type":"PropertyValueSpecification","valueRequired":true,"valueName":"search_term_string"}}],"inLanguage":"en-GB"}]}},"_links":{"self":[{"href":"https:\/\/www.soome.be\/en\/wp-json\/wp\/v2\/product\/3921","targetHints":{"allow":["GET"]}}],"collection":[{"href":"https:\/\/www.soome.be\/en\/wp-json\/wp\/v2\/product"}],"about":[{"href":"https:\/\/www.soome.be\/en\/wp-json\/wp\/v2\/types\/product"}],"replies":[{"embeddable":true,"href":"https:\/\/www.soome.be\/en\/wp-json\/wp\/v2\/comments?post=3921"}],"wp:featuredmedia":[{"embeddable":true,"href":"https:\/\/www.soome.be\/en\/wp-json\/wp\/v2\/media\/3958"}],"wp:attachment":[{"href":"https:\/\/www.soome.be\/en\/wp-json\/wp\/v2\/media?parent=3921"}],"wp:term":[{"taxonomy":"product_brand","embeddable":true,"href":"https:\/\/www.soome.be\/en\/wp-json\/wp\/v2\/product_brand?post=3921"},{"taxonomy":"product_cat","embeddable":true,"href":"https:\/\/www.soome.be\/en\/wp-json\/wp\/v2\/product_cat?post=3921"},{"taxonomy":"product_tag","embeddable":true,"href":"https:\/\/www.soome.be\/en\/wp-json\/wp\/v2\/product_tag?post=3921"},{"taxonomy":"berocket_brand","embeddable":true,"href":"https:\/\/www.soome.be\/en\/wp-json\/wp\/v2\/berocket_brand?post=3921"}],"curies":[{"name":"wp","href":"https:\/\/api.w.org\/{rel}","templated":true}]}}