{"id":4528,"date":"2023-06-01T18:07:24","date_gmt":"2023-06-01T16:07:24","guid":{"rendered":"https:\/\/www.soome.be\/?post_type=product&#038;p=4528"},"modified":"2026-04-22T15:09:58","modified_gmt":"2026-04-22T13:09:58","slug":"medicoton-organic-compression-bra","status":"publish","type":"product","link":"https:\/\/www.soome.be\/en\/produits\/soutiens-gorge\/soutiens-gorge-post-operatoires-femme\/medicoton-brassiere-de-contention-bio\/","title":{"rendered":"Medicoton - Organic support bra"},"content":{"rendered":"<p>Comfort, Femininity, Softness and Delicacy are the key words of the brand Coeur de Lys.<\/p>\n<p>- Front closure with hooks<\/p>\n<p>- OEKO-TEX<\/p>\n<p>- No seams against the skin<\/p>\n<p>- Organic cotton against skin<\/p>\n<p>- Without armatures<\/p>\n<p>\u2013 Outer material: 81% polyamide and 19% elastane<\/p>\n<p>- Inner material: 94% organic cotton and 6% elastane<\/p>\n<p>- White bra<\/p>\n<p>- Cannot be seen under clothing<\/p>\n<p>- Bra model name: \u201cCapucine\u201d<\/p>\n<p>- This bra model is deposited at INPI<\/p>\n<p>SIZE GUIDE:<\/p>\n<p><img fetchpriority=\"high\" decoding=\"async\" class=\"alignnone wp-image-9324\" src=\"https:\/\/www.soome.be\/wp-content\/uploads\/2023\/06\/IMG_3724-300x159.jpeg\" alt=\"\" width=\"391\" height=\"207\" \/><\/p>\n<p>\/! Warning \/!<\/p>\n<ul>\n<li>If you are between two sizes of turn of back , that is to say: If you do between 90 AND 95, take the 95 etc. If you do a little 90, then stay in 90.<\/li>\n<li>no pockets for external prostheses<\/li>\n<\/ul>","protected":false},"excerpt":{"rendered":"<p class=\"translation-block\">The MEDICOTON bra is an exclusive addition to the <b>post-operative bra<\/b> world. Support on the outside to keep it and organic cotton on the inside against the skin for comfort.<\/p>\n<p>OEKO-TEX\u00ae: respect for your skin and the environment.<\/p>","protected":false},"featured_media":4531,"comment_status":"open","ping_status":"open","template":"","meta":[],"product_brand":[],"product_cat":[69],"product_tag":[],"berocket_brand":[429],"class_list":{"0":"post-4528","1":"product","2":"type-product","3":"status-publish","4":"has-post-thumbnail","6":"product_cat-soutiens-gorge-post-operatoires-femme","7":"pa_bonnet-a","8":"pa_bonnet-b","9":"pa_bonnet-c","10":"pa_bonnet-d","11":"pa_couleur-blanc","12":"pa_couleur-kaki","13":"pa_couleur-noir","14":"pa_eg_html5_ratio-0-4","15":"pa_eg_soundcloud_ratio-0-5","16":"pa_eg_wistia_ratio-0-3","17":"pa_eg_youtube_ratio-0-2","18":"pa_product_brand-c-ur-de-lys","19":"pa_taille-100","20":"pa_taille-101","21":"pa_taille-102","22":"pa_taille-97","23":"pa_taille-98","24":"pa_taille-99","25":"pa_thp_upsellpopup_template-template-default","26":"pa_xfgmc_adult-off-2","27":"pa_xfgmc_condition-default","28":"pa_xfgmc_identifier_exists-off","29":"berocket_brand-coeur-de-lys","31":"first","32":"instock","33":"taxable","34":"shipping-taxable","35":"purchasable","36":"product-type-variable"},"yoast_head":"<!-- This site is optimized with the Yoast SEO plugin v27.4 - https:\/\/yoast.com\/product\/yoast-seo-wordpress\/ -->\n<title>Brassi\u00e8re de contention bio &quot;Medicoton&quot; C\u0153ur de Lys<\/title>\n<meta name=\"description\" content=\"Brassi\u00e8re de contention en coton bio &quot;Medicoton&quot; C\u0153ur de Lys SooMe. Parfait apr\u00e8s une intervention chirurgicale type augmentation mammaire ou r\u00e9duction.\" \/>\n<meta name=\"robots\" content=\"index, follow, max-snippet:-1, max-image-preview:large, max-video-preview:-1\" \/>\n<link rel=\"canonical\" href=\"https:\/\/www.soome.be\/en\/products\/bras\/womens-post-op-bras\/medicoton-organic-compression-bra\/\" \/>\n<meta property=\"og:locale\" content=\"en_GB\" \/>\n<meta property=\"og:type\" content=\"article\" \/>\n<meta property=\"og:title\" content=\"Brassi\u00e8re de contention bio &quot;Medicoton&quot; C\u0153ur de Lys\" \/>\n<meta property=\"og:description\" content=\"Brassi\u00e8re de contention en coton bio &quot;Medicoton&quot; C\u0153ur de Lys SooMe. Parfait apr\u00e8s une intervention chirurgicale type augmentation mammaire ou r\u00e9duction.\" \/>\n<meta property=\"og:url\" content=\"https:\/\/www.soome.be\/en\/products\/bras\/womens-post-op-bras\/medicoton-organic-compression-bra\/\" \/>\n<meta property=\"og:site_name\" content=\"SooMe\" \/>\n<meta property=\"article:modified_time\" content=\"2026-04-22T13:09:58+00:00\" \/>\n<meta property=\"og:image\" content=\"https:\/\/www.soome.be\/wp-content\/uploads\/2023\/06\/products-xlison-gris.jpg.pagespeed.ic_.Vr5MzwnAdT.jpeg\" \/>\n\t<meta property=\"og:image:width\" content=\"800\" \/>\n\t<meta property=\"og:image:height\" content=\"800\" \/>\n\t<meta property=\"og:image:type\" content=\"image\/jpeg\" \/>\n<meta name=\"twitter:card\" content=\"summary_large_image\" \/>\n<meta name=\"twitter:label1\" content=\"Estimated reading time\" \/>\n\t<meta name=\"twitter:data1\" content=\"1 minute\" \/>\n<script type=\"application\/ld+json\" class=\"yoast-schema-graph\">{\"@context\":\"https:\\\/\\\/schema.org\",\"@graph\":[{\"@type\":\"WebPage\",\"@id\":\"https:\\\/\\\/www.soome.be\\\/produits\\\/soutiens-gorge\\\/soutiens-gorge-post-operatoires-femme\\\/medicoton-brassiere-de-contention-bio\\\/\",\"url\":\"https:\\\/\\\/www.soome.be\\\/produits\\\/soutiens-gorge\\\/soutiens-gorge-post-operatoires-femme\\\/medicoton-brassiere-de-contention-bio\\\/\",\"name\":\"Brassi\u00e8re de contention bio \\\"Medicoton\\\" C\u0153ur de Lys\",\"isPartOf\":{\"@id\":\"https:\\\/\\\/www.soome.be\\\/#website\"},\"primaryImageOfPage\":{\"@id\":\"https:\\\/\\\/www.soome.be\\\/produits\\\/soutiens-gorge\\\/soutiens-gorge-post-operatoires-femme\\\/medicoton-brassiere-de-contention-bio\\\/#primaryimage\"},\"image\":{\"@id\":\"https:\\\/\\\/www.soome.be\\\/produits\\\/soutiens-gorge\\\/soutiens-gorge-post-operatoires-femme\\\/medicoton-brassiere-de-contention-bio\\\/#primaryimage\"},\"thumbnailUrl\":\"https:\\\/\\\/www.soome.be\\\/wp-content\\\/uploads\\\/2023\\\/06\\\/products-xlison-gris.jpg.pagespeed.ic_.Vr5MzwnAdT.jpeg\",\"datePublished\":\"2023-06-01T16:07:24+00:00\",\"dateModified\":\"2026-04-22T13:09:58+00:00\",\"description\":\"Brassi\u00e8re de contention en coton bio \\\"Medicoton\\\" C\u0153ur de Lys SooMe. Parfait apr\u00e8s une intervention chirurgicale type augmentation mammaire ou r\u00e9duction.\",\"breadcrumb\":{\"@id\":\"https:\\\/\\\/www.soome.be\\\/produits\\\/soutiens-gorge\\\/soutiens-gorge-post-operatoires-femme\\\/medicoton-brassiere-de-contention-bio\\\/#breadcrumb\"},\"inLanguage\":\"en-GB\",\"potentialAction\":[{\"@type\":\"ReadAction\",\"target\":[\"https:\\\/\\\/www.soome.be\\\/produits\\\/soutiens-gorge\\\/soutiens-gorge-post-operatoires-femme\\\/medicoton-brassiere-de-contention-bio\\\/\"]}]},{\"@type\":\"ImageObject\",\"inLanguage\":\"en-GB\",\"@id\":\"https:\\\/\\\/www.soome.be\\\/produits\\\/soutiens-gorge\\\/soutiens-gorge-post-operatoires-femme\\\/medicoton-brassiere-de-contention-bio\\\/#primaryimage\",\"url\":\"https:\\\/\\\/www.soome.be\\\/wp-content\\\/uploads\\\/2023\\\/06\\\/products-xlison-gris.jpg.pagespeed.ic_.Vr5MzwnAdT.jpeg\",\"contentUrl\":\"https:\\\/\\\/www.soome.be\\\/wp-content\\\/uploads\\\/2023\\\/06\\\/products-xlison-gris.jpg.pagespeed.ic_.Vr5MzwnAdT.jpeg\",\"width\":800,\"height\":800,\"caption\":\"Lison \u2013 Brassi\u00e8re en Coton Biologique COEUR DE LYS\"},{\"@type\":\"BreadcrumbList\",\"@id\":\"https:\\\/\\\/www.soome.be\\\/produits\\\/soutiens-gorge\\\/soutiens-gorge-post-operatoires-femme\\\/medicoton-brassiere-de-contention-bio\\\/#breadcrumb\",\"itemListElement\":[{\"@type\":\"ListItem\",\"position\":1,\"name\":\"Accueil\",\"item\":\"https:\\\/\\\/www.soome.be\\\/\"},{\"@type\":\"ListItem\",\"position\":2,\"name\":\"PRODUITS\",\"item\":\"https:\\\/\\\/www.soome.be\\\/produits\\\/\"},{\"@type\":\"ListItem\",\"position\":3,\"name\":\"Medicoton &#8211; Brassi\u00e8re de contention bio\"}]},{\"@type\":\"WebSite\",\"@id\":\"https:\\\/\\\/www.soome.be\\\/#website\",\"url\":\"https:\\\/\\\/www.soome.be\\\/\",\"name\":\"SooMe\",\"description\":\"\",\"potentialAction\":[{\"@type\":\"SearchAction\",\"target\":{\"@type\":\"EntryPoint\",\"urlTemplate\":\"https:\\\/\\\/www.soome.be\\\/?s={search_term_string}\"},\"query-input\":{\"@type\":\"PropertyValueSpecification\",\"valueRequired\":true,\"valueName\":\"search_term_string\"}}],\"inLanguage\":\"en-GB\"}]}<\/script>\n<!-- \/ Yoast SEO plugin. -->","yoast_head_json":{"title":"Medicoton\" organic support bra Coeur de Lys","description":"Medicoton\" Coeur de Lys SooMe organic cotton support bra. Perfect after breast augmentation or reduction surgery.","robots":{"index":"index","follow":"follow","max-snippet":"max-snippet:-1","max-image-preview":"max-image-preview:large","max-video-preview":"max-video-preview:-1"},"canonical":"https:\/\/www.soome.be\/en\/products\/bras\/womens-post-op-bras\/medicoton-organic-compression-bra\/","og_locale":"en_GB","og_type":"article","og_title":"Brassi\u00e8re de contention bio \"Medicoton\" C\u0153ur de Lys","og_description":"Brassi\u00e8re de contention en coton bio \"Medicoton\" C\u0153ur de Lys SooMe. Parfait apr\u00e8s une intervention chirurgicale type augmentation mammaire ou r\u00e9duction.","og_url":"https:\/\/www.soome.be\/en\/products\/bras\/womens-post-op-bras\/medicoton-organic-compression-bra\/","og_site_name":"SooMe","article_modified_time":"2026-04-22T13:09:58+00:00","og_image":[{"width":800,"height":800,"url":"https:\/\/www.soome.be\/wp-content\/uploads\/2023\/06\/products-xlison-gris.jpg.pagespeed.ic_.Vr5MzwnAdT.jpeg","type":"image\/jpeg"}],"twitter_card":"summary_large_image","twitter_misc":{"Estimated reading time":"1 minute"},"schema":{"@context":"https:\/\/schema.org","@graph":[{"@type":"WebPage","@id":"https:\/\/www.soome.be\/produits\/soutiens-gorge\/soutiens-gorge-post-operatoires-femme\/medicoton-brassiere-de-contention-bio\/","url":"https:\/\/www.soome.be\/produits\/soutiens-gorge\/soutiens-gorge-post-operatoires-femme\/medicoton-brassiere-de-contention-bio\/","name":"Medicoton\" organic support bra Coeur de Lys","isPartOf":{"@id":"https:\/\/www.soome.be\/#website"},"primaryImageOfPage":{"@id":"https:\/\/www.soome.be\/produits\/soutiens-gorge\/soutiens-gorge-post-operatoires-femme\/medicoton-brassiere-de-contention-bio\/#primaryimage"},"image":{"@id":"https:\/\/www.soome.be\/produits\/soutiens-gorge\/soutiens-gorge-post-operatoires-femme\/medicoton-brassiere-de-contention-bio\/#primaryimage"},"thumbnailUrl":"https:\/\/www.soome.be\/wp-content\/uploads\/2023\/06\/products-xlison-gris.jpg.pagespeed.ic_.Vr5MzwnAdT.jpeg","datePublished":"2023-06-01T16:07:24+00:00","dateModified":"2026-04-22T13:09:58+00:00","description":"Medicoton\" Coeur de Lys SooMe organic cotton support bra. Perfect after breast augmentation or reduction surgery.","breadcrumb":{"@id":"https:\/\/www.soome.be\/produits\/soutiens-gorge\/soutiens-gorge-post-operatoires-femme\/medicoton-brassiere-de-contention-bio\/#breadcrumb"},"inLanguage":"en-GB","potentialAction":[{"@type":"ReadAction","target":["https:\/\/www.soome.be\/produits\/soutiens-gorge\/soutiens-gorge-post-operatoires-femme\/medicoton-brassiere-de-contention-bio\/"]}]},{"@type":"ImageObject","inLanguage":"en-GB","@id":"https:\/\/www.soome.be\/produits\/soutiens-gorge\/soutiens-gorge-post-operatoires-femme\/medicoton-brassiere-de-contention-bio\/#primaryimage","url":"https:\/\/www.soome.be\/wp-content\/uploads\/2023\/06\/products-xlison-gris.jpg.pagespeed.ic_.Vr5MzwnAdT.jpeg","contentUrl":"https:\/\/www.soome.be\/wp-content\/uploads\/2023\/06\/products-xlison-gris.jpg.pagespeed.ic_.Vr5MzwnAdT.jpeg","width":800,"height":800,"caption":"Lison \u2013 Brassi\u00e8re en Coton Biologique COEUR DE LYS"},{"@type":"BreadcrumbList","@id":"https:\/\/www.soome.be\/produits\/soutiens-gorge\/soutiens-gorge-post-operatoires-femme\/medicoton-brassiere-de-contention-bio\/#breadcrumb","itemListElement":[{"@type":"ListItem","position":1,"name":"Accueil","item":"https:\/\/www.soome.be\/"},{"@type":"ListItem","position":2,"name":"PRODUITS","item":"https:\/\/www.soome.be\/produits\/"},{"@type":"ListItem","position":3,"name":"Medicoton &#8211; Brassi\u00e8re de contention bio"}]},{"@type":"WebSite","@id":"https:\/\/www.soome.be\/#website","url":"https:\/\/www.soome.be\/","name":"SooMe","description":"","potentialAction":[{"@type":"SearchAction","target":{"@type":"EntryPoint","urlTemplate":"https:\/\/www.soome.be\/?s={search_term_string}"},"query-input":{"@type":"PropertyValueSpecification","valueRequired":true,"valueName":"search_term_string"}}],"inLanguage":"en-GB"}]}},"_links":{"self":[{"href":"https:\/\/www.soome.be\/en\/wp-json\/wp\/v2\/product\/4528","targetHints":{"allow":["GET"]}}],"collection":[{"href":"https:\/\/www.soome.be\/en\/wp-json\/wp\/v2\/product"}],"about":[{"href":"https:\/\/www.soome.be\/en\/wp-json\/wp\/v2\/types\/product"}],"replies":[{"embeddable":true,"href":"https:\/\/www.soome.be\/en\/wp-json\/wp\/v2\/comments?post=4528"}],"wp:featuredmedia":[{"embeddable":true,"href":"https:\/\/www.soome.be\/en\/wp-json\/wp\/v2\/media\/4531"}],"wp:attachment":[{"href":"https:\/\/www.soome.be\/en\/wp-json\/wp\/v2\/media?parent=4528"}],"wp:term":[{"taxonomy":"product_brand","embeddable":true,"href":"https:\/\/www.soome.be\/en\/wp-json\/wp\/v2\/product_brand?post=4528"},{"taxonomy":"product_cat","embeddable":true,"href":"https:\/\/www.soome.be\/en\/wp-json\/wp\/v2\/product_cat?post=4528"},{"taxonomy":"product_tag","embeddable":true,"href":"https:\/\/www.soome.be\/en\/wp-json\/wp\/v2\/product_tag?post=4528"},{"taxonomy":"berocket_brand","embeddable":true,"href":"https:\/\/www.soome.be\/en\/wp-json\/wp\/v2\/berocket_brand?post=4528"}],"curies":[{"name":"wp","href":"https:\/\/api.w.org\/{rel}","templated":true}]}}