{"id":4879,"date":"2023-06-01T18:11:30","date_gmt":"2023-06-01T16:11:30","guid":{"rendered":"https:\/\/www.soome.be\/?post_type=product&#038;p=4879"},"modified":"2026-04-22T15:10:46","modified_gmt":"2026-04-22T13:10:46","slug":"ez-005-elegance-zbra","status":"publish","type":"product","link":"https:\/\/www.soome.be\/en\/produits\/soutiens-gorge\/lingerie-post-operatoire-femme\/ez-005-elegance-zbra\/","title":{"rendered":"EZ\/005 - ELEGANCE ZBRA"},"content":{"rendered":"<p>All women can wear this pocket bra that has comfort features with unique benefits. Lining in very soft fabric, fine touch and light for a delicate sensation, which adapts to the hypersensitivity of the skin.<\/p>\n<p>An extreme comfort that avoids any friction, combined with an important resistance to maintain the prostheses effectively.<\/p>\n<p>In some cases, body position may be affected by weight imbalance: the body is accustomed to the weight in the chest. This weight disappearing from one side or the other, the body can try to compensate by bending the shoulders forward for example.<\/p>\n<p>In the long term, this can cause pain or movement difficulties. It is essential to have a good support and a rebalancing of the silhouette in case of partial surgery or mastectomy<\/p>","protected":false},"excerpt":{"rendered":"<p>Medical Z offers its unique Zbra technology. The elegance Zbra EZ\/005 is a medical bra with soft fabric pockets inside the cups, to maintain a prosthesis or a breast complement.<\/p>\n<p>After a partial surgery or mastectomy, a woman can opt for two solutions to regain a balanced silhouette: breast reconstruction, or pocket bra.<\/p>\n<p>Our experts have developed this comfortable bra without armature, with specific adjustments that take into account the unique problems of breast surgery.<\/p>\n<p>All while following the elegant codes of French lingerie.<\/p>","protected":false},"featured_media":4910,"comment_status":"open","ping_status":"open","template":"","meta":[],"product_brand":[],"product_cat":[68],"product_tag":[56,253,254,255],"berocket_brand":[432],"class_list":{"0":"post-4879","1":"product","2":"type-product","3":"status-publish","4":"has-post-thumbnail","6":"product_cat-lingerie-post-operatoire-femme","7":"product_tag-soutien-gorge","8":"product_tag-soutien-gorge-de-compression","9":"product_tag-soutien-gorge-de-contention","10":"product_tag-soutien-gorge-post-operatoire","11":"pa_bonnet-a","12":"pa_bonnet-b","13":"pa_bonnet-c","14":"pa_bonnet-d","15":"pa_bonnet-e","16":"pa_eg_html5_ratio-0-4","17":"pa_eg_soundcloud_ratio-0-5","18":"pa_eg_wistia_ratio-0-3","19":"pa_eg_youtube_ratio-0-2","20":"pa_product_brand-medical-z-3","21":"pa_taille-100","22":"pa_taille-101","23":"pa_taille-102","24":"pa_taille-97","25":"pa_taille-98","26":"pa_taille-99","27":"pa_xfgmc_adult-off-2","28":"pa_xfgmc_condition-default","29":"pa_xfgmc_identifier_exists-off","30":"berocket_brand-medical-z","32":"first","33":"instock","34":"taxable","35":"shipping-taxable","36":"purchasable","37":"product-type-variable"},"yoast_head":"<!-- This site is optimized with the Yoast SEO plugin v27.4 - https:\/\/yoast.com\/product\/yoast-seo-wordpress\/ -->\n<title>ELEGANCE ZBRA EZ\/005 MEDICAL Z<\/title>\n<meta name=\"description\" content=\"M\u00e9dical Z d\u00e9cline sa technologie unique du Zbra. L\u2019\u00e9l\u00e9gance Zbra EZ\/005 est un soutien-gorge m\u00e9dical avec des poches en tissu doux \u00e0 l\u2019int\u00e9rieur des bonnets, pour maintenir une proth\u00e8se ou un compl\u00e9ment mammaire.\" \/>\n<meta name=\"robots\" content=\"index, follow, max-snippet:-1, max-image-preview:large, max-video-preview:-1\" \/>\n<link rel=\"canonical\" href=\"https:\/\/www.soome.be\/en\/products\/bras\/womens-post-op-lingerie\/ez-005-elegance-zbra\/\" \/>\n<meta property=\"og:locale\" content=\"en_GB\" \/>\n<meta property=\"og:type\" content=\"article\" \/>\n<meta property=\"og:title\" content=\"ELEGANCE ZBRA EZ\/005 MEDICAL Z\" \/>\n<meta property=\"og:description\" content=\"M\u00e9dical Z d\u00e9cline sa technologie unique du Zbra. L\u2019\u00e9l\u00e9gance Zbra EZ\/005 est un soutien-gorge m\u00e9dical avec des poches en tissu doux \u00e0 l\u2019int\u00e9rieur des bonnets, pour maintenir une proth\u00e8se ou un compl\u00e9ment mammaire.\" \/>\n<meta property=\"og:url\" content=\"https:\/\/www.soome.be\/en\/products\/bras\/womens-post-op-lingerie\/ez-005-elegance-zbra\/\" \/>\n<meta property=\"og:site_name\" content=\"SooMe\" \/>\n<meta property=\"article:modified_time\" content=\"2026-04-22T13:10:46+00:00\" \/>\n<meta property=\"og:image\" content=\"https:\/\/www.soome.be\/wp-content\/uploads\/2023\/06\/products-Soutien-gorge-medical-post-mastectomie-EZ_005.jpg\" \/>\n\t<meta property=\"og:image:width\" content=\"2560\" \/>\n\t<meta property=\"og:image:height\" content=\"1707\" \/>\n\t<meta property=\"og:image:type\" content=\"image\/jpeg\" \/>\n<meta name=\"twitter:card\" content=\"summary_large_image\" \/>\n<meta name=\"twitter:label1\" content=\"Estimated reading time\" \/>\n\t<meta name=\"twitter:data1\" content=\"1 minute\" \/>\n<script type=\"application\/ld+json\" class=\"yoast-schema-graph\">{\"@context\":\"https:\\\/\\\/schema.org\",\"@graph\":[{\"@type\":\"WebPage\",\"@id\":\"https:\\\/\\\/www.soome.be\\\/produits\\\/soutiens-gorge\\\/lingerie-post-operatoire-femme\\\/ez-005-elegance-zbra\\\/\",\"url\":\"https:\\\/\\\/www.soome.be\\\/produits\\\/soutiens-gorge\\\/lingerie-post-operatoire-femme\\\/ez-005-elegance-zbra\\\/\",\"name\":\"ELEGANCE ZBRA EZ\\\/005 MEDICAL Z\",\"isPartOf\":{\"@id\":\"https:\\\/\\\/www.soome.be\\\/#website\"},\"primaryImageOfPage\":{\"@id\":\"https:\\\/\\\/www.soome.be\\\/produits\\\/soutiens-gorge\\\/lingerie-post-operatoire-femme\\\/ez-005-elegance-zbra\\\/#primaryimage\"},\"image\":{\"@id\":\"https:\\\/\\\/www.soome.be\\\/produits\\\/soutiens-gorge\\\/lingerie-post-operatoire-femme\\\/ez-005-elegance-zbra\\\/#primaryimage\"},\"thumbnailUrl\":\"https:\\\/\\\/www.soome.be\\\/wp-content\\\/uploads\\\/2023\\\/06\\\/products-Soutien-gorge-medical-post-mastectomie-EZ_005.jpg\",\"datePublished\":\"2023-06-01T16:11:30+00:00\",\"dateModified\":\"2026-04-22T13:10:46+00:00\",\"description\":\"M\u00e9dical Z d\u00e9cline sa technologie unique du Zbra. L\u2019\u00e9l\u00e9gance Zbra EZ\\\/005 est un soutien-gorge m\u00e9dical avec des poches en tissu doux \u00e0 l\u2019int\u00e9rieur des bonnets, pour maintenir une proth\u00e8se ou un compl\u00e9ment mammaire.\",\"breadcrumb\":{\"@id\":\"https:\\\/\\\/www.soome.be\\\/produits\\\/soutiens-gorge\\\/lingerie-post-operatoire-femme\\\/ez-005-elegance-zbra\\\/#breadcrumb\"},\"inLanguage\":\"en-GB\",\"potentialAction\":[{\"@type\":\"ReadAction\",\"target\":[\"https:\\\/\\\/www.soome.be\\\/produits\\\/soutiens-gorge\\\/lingerie-post-operatoire-femme\\\/ez-005-elegance-zbra\\\/\"]}]},{\"@type\":\"ImageObject\",\"inLanguage\":\"en-GB\",\"@id\":\"https:\\\/\\\/www.soome.be\\\/produits\\\/soutiens-gorge\\\/lingerie-post-operatoire-femme\\\/ez-005-elegance-zbra\\\/#primaryimage\",\"url\":\"https:\\\/\\\/www.soome.be\\\/wp-content\\\/uploads\\\/2023\\\/06\\\/products-Soutien-gorge-medical-post-mastectomie-EZ_005.jpg\",\"contentUrl\":\"https:\\\/\\\/www.soome.be\\\/wp-content\\\/uploads\\\/2023\\\/06\\\/products-Soutien-gorge-medical-post-mastectomie-EZ_005.jpg\",\"width\":2560,\"height\":1707,\"caption\":\"EZ\\\/005 \u2013 ELEGANCE ZBRA Medical Z\"},{\"@type\":\"BreadcrumbList\",\"@id\":\"https:\\\/\\\/www.soome.be\\\/produits\\\/soutiens-gorge\\\/lingerie-post-operatoire-femme\\\/ez-005-elegance-zbra\\\/#breadcrumb\",\"itemListElement\":[{\"@type\":\"ListItem\",\"position\":1,\"name\":\"Accueil\",\"item\":\"https:\\\/\\\/www.soome.be\\\/\"},{\"@type\":\"ListItem\",\"position\":2,\"name\":\"PRODUITS\",\"item\":\"https:\\\/\\\/www.soome.be\\\/produits\\\/\"},{\"@type\":\"ListItem\",\"position\":3,\"name\":\"EZ\\\/005 &#8211; ELEGANCE ZBRA\"}]},{\"@type\":\"WebSite\",\"@id\":\"https:\\\/\\\/www.soome.be\\\/#website\",\"url\":\"https:\\\/\\\/www.soome.be\\\/\",\"name\":\"SooMe\",\"description\":\"\",\"potentialAction\":[{\"@type\":\"SearchAction\",\"target\":{\"@type\":\"EntryPoint\",\"urlTemplate\":\"https:\\\/\\\/www.soome.be\\\/?s={search_term_string}\"},\"query-input\":{\"@type\":\"PropertyValueSpecification\",\"valueRequired\":true,\"valueName\":\"search_term_string\"}}],\"inLanguage\":\"en-GB\"}]}<\/script>\n<!-- \/ Yoast SEO plugin. -->","yoast_head_json":{"title":"ELEGANCE ZBRA EZ\/005 MEDICAL Z","description":"Medical Z offers its unique Zbra technology. The elegance Zbra EZ\/005 is a medical bra with soft fabric pockets inside the cups, to maintain a prosthesis or a breast complement.","robots":{"index":"index","follow":"follow","max-snippet":"max-snippet:-1","max-image-preview":"max-image-preview:large","max-video-preview":"max-video-preview:-1"},"canonical":"https:\/\/www.soome.be\/en\/products\/bras\/womens-post-op-lingerie\/ez-005-elegance-zbra\/","og_locale":"en_GB","og_type":"article","og_title":"ELEGANCE ZBRA EZ\/005 MEDICAL Z","og_description":"M\u00e9dical Z d\u00e9cline sa technologie unique du Zbra. L\u2019\u00e9l\u00e9gance Zbra EZ\/005 est un soutien-gorge m\u00e9dical avec des poches en tissu doux \u00e0 l\u2019int\u00e9rieur des bonnets, pour maintenir une proth\u00e8se ou un compl\u00e9ment mammaire.","og_url":"https:\/\/www.soome.be\/en\/products\/bras\/womens-post-op-lingerie\/ez-005-elegance-zbra\/","og_site_name":"SooMe","article_modified_time":"2026-04-22T13:10:46+00:00","og_image":[{"width":2560,"height":1707,"url":"https:\/\/www.soome.be\/wp-content\/uploads\/2023\/06\/products-Soutien-gorge-medical-post-mastectomie-EZ_005.jpg","type":"image\/jpeg"}],"twitter_card":"summary_large_image","twitter_misc":{"Estimated reading time":"1 minute"},"schema":{"@context":"https:\/\/schema.org","@graph":[{"@type":"WebPage","@id":"https:\/\/www.soome.be\/produits\/soutiens-gorge\/lingerie-post-operatoire-femme\/ez-005-elegance-zbra\/","url":"https:\/\/www.soome.be\/produits\/soutiens-gorge\/lingerie-post-operatoire-femme\/ez-005-elegance-zbra\/","name":"ELEGANCE ZBRA EZ\/005 MEDICAL Z","isPartOf":{"@id":"https:\/\/www.soome.be\/#website"},"primaryImageOfPage":{"@id":"https:\/\/www.soome.be\/produits\/soutiens-gorge\/lingerie-post-operatoire-femme\/ez-005-elegance-zbra\/#primaryimage"},"image":{"@id":"https:\/\/www.soome.be\/produits\/soutiens-gorge\/lingerie-post-operatoire-femme\/ez-005-elegance-zbra\/#primaryimage"},"thumbnailUrl":"https:\/\/www.soome.be\/wp-content\/uploads\/2023\/06\/products-Soutien-gorge-medical-post-mastectomie-EZ_005.jpg","datePublished":"2023-06-01T16:11:30+00:00","dateModified":"2026-04-22T13:10:46+00:00","description":"Medical Z offers its unique Zbra technology. The elegance Zbra EZ\/005 is a medical bra with soft fabric pockets inside the cups, to maintain a prosthesis or a breast complement.","breadcrumb":{"@id":"https:\/\/www.soome.be\/produits\/soutiens-gorge\/lingerie-post-operatoire-femme\/ez-005-elegance-zbra\/#breadcrumb"},"inLanguage":"en-GB","potentialAction":[{"@type":"ReadAction","target":["https:\/\/www.soome.be\/produits\/soutiens-gorge\/lingerie-post-operatoire-femme\/ez-005-elegance-zbra\/"]}]},{"@type":"ImageObject","inLanguage":"en-GB","@id":"https:\/\/www.soome.be\/produits\/soutiens-gorge\/lingerie-post-operatoire-femme\/ez-005-elegance-zbra\/#primaryimage","url":"https:\/\/www.soome.be\/wp-content\/uploads\/2023\/06\/products-Soutien-gorge-medical-post-mastectomie-EZ_005.jpg","contentUrl":"https:\/\/www.soome.be\/wp-content\/uploads\/2023\/06\/products-Soutien-gorge-medical-post-mastectomie-EZ_005.jpg","width":2560,"height":1707,"caption":"EZ\/005 \u2013 ELEGANCE ZBRA Medical Z"},{"@type":"BreadcrumbList","@id":"https:\/\/www.soome.be\/produits\/soutiens-gorge\/lingerie-post-operatoire-femme\/ez-005-elegance-zbra\/#breadcrumb","itemListElement":[{"@type":"ListItem","position":1,"name":"Accueil","item":"https:\/\/www.soome.be\/"},{"@type":"ListItem","position":2,"name":"PRODUITS","item":"https:\/\/www.soome.be\/produits\/"},{"@type":"ListItem","position":3,"name":"EZ\/005 &#8211; ELEGANCE ZBRA"}]},{"@type":"WebSite","@id":"https:\/\/www.soome.be\/#website","url":"https:\/\/www.soome.be\/","name":"SooMe","description":"","potentialAction":[{"@type":"SearchAction","target":{"@type":"EntryPoint","urlTemplate":"https:\/\/www.soome.be\/?s={search_term_string}"},"query-input":{"@type":"PropertyValueSpecification","valueRequired":true,"valueName":"search_term_string"}}],"inLanguage":"en-GB"}]}},"_links":{"self":[{"href":"https:\/\/www.soome.be\/en\/wp-json\/wp\/v2\/product\/4879","targetHints":{"allow":["GET"]}}],"collection":[{"href":"https:\/\/www.soome.be\/en\/wp-json\/wp\/v2\/product"}],"about":[{"href":"https:\/\/www.soome.be\/en\/wp-json\/wp\/v2\/types\/product"}],"replies":[{"embeddable":true,"href":"https:\/\/www.soome.be\/en\/wp-json\/wp\/v2\/comments?post=4879"}],"wp:featuredmedia":[{"embeddable":true,"href":"https:\/\/www.soome.be\/en\/wp-json\/wp\/v2\/media\/4910"}],"wp:attachment":[{"href":"https:\/\/www.soome.be\/en\/wp-json\/wp\/v2\/media?parent=4879"}],"wp:term":[{"taxonomy":"product_brand","embeddable":true,"href":"https:\/\/www.soome.be\/en\/wp-json\/wp\/v2\/product_brand?post=4879"},{"taxonomy":"product_cat","embeddable":true,"href":"https:\/\/www.soome.be\/en\/wp-json\/wp\/v2\/product_cat?post=4879"},{"taxonomy":"product_tag","embeddable":true,"href":"https:\/\/www.soome.be\/en\/wp-json\/wp\/v2\/product_tag?post=4879"},{"taxonomy":"berocket_brand","embeddable":true,"href":"https:\/\/www.soome.be\/en\/wp-json\/wp\/v2\/berocket_brand?post=4879"}],"curies":[{"name":"wp","href":"https:\/\/api.w.org\/{rel}","templated":true}]}}