{"id":4922,"date":"2023-06-01T18:12:25","date_gmt":"2023-06-01T16:12:25","guid":{"rendered":"https:\/\/www.soome.be\/?post_type=product&#038;p=4922"},"modified":"2026-04-22T15:10:46","modified_gmt":"2026-04-22T13:10:46","slug":"cerederm-gel-tube","status":"publish","type":"product","link":"https:\/\/www.soome.be\/en\/produits\/accessoires\/gels-silicone-cicatrices-post-operatoires\/tube-de-gel-cerederm\/","title":{"rendered":"Cerederm gel tube"},"content":{"rendered":"<p><strong>PERFECT FIT TO THE SCAR<\/strong><\/p>\n<ul>\n<li>A range of 6 shapes (including 3 rectangles) for optimal adaptation as needed<\/li>\n<li>Easy to cut, fits perfectly<\/li>\n<li>Flexible, precisely matches the morphology<\/li>\n<\/ul>\n<p><strong>DISCRETION, EFFICIENCY<\/strong><\/p>\n<ul>\n<li>Thin and transparent<\/li>\n<li>Can be worn 24\/7<\/li>\n<li>Self-adhesive for single support<\/li>\n<li>Can be worn up to 3 days<\/li>\n<li>Can be used alone, without adding cream.<\/li>\n<\/ul>\n<p><strong>QUICK VISIBLE RESULTS<\/strong><\/p>\n<ul>\n<li>Visible results after 2-3 months of use<\/li>\n<li>Scar visibly reduced: softer, flatter and less red<\/li>\n<\/ul>\n<p><strong>INSTRUCTION<\/strong><\/p>\n<p><strong>1)<\/strong>\u00a0Inspect the scar and clean it at least once daily with water using a neutral pH soap.<\/p>\n<p><strong>2)<\/strong>\u00a0Dry the skin thoroughly before applying the gel.<\/p>\n<p><strong>3)<\/strong>\u00a0Apply the gel in a thin layer, circular and insistently, moving forward along the scar. Let dry for a few minutes.<\/p>\n<p><strong>4)<\/strong>\u00a0Carefully close the tube after use.<\/p>\n<p><strong>RECOMMENDATIONS<\/strong><\/p>\n<p>Apply CEREDERM\u00ae GEL twice daily (morning and evening).<\/p>\n<p>external use only.<\/p>\n<p>Recommended treatment duration: 2 to 6 months.<\/p>\n<p>Caution: CEREDERM\u00ae gel does not protect against UV rays.<\/p>\n<p><strong>CONTRAINDICATIONS<\/strong><\/p>\n<p>CEREDERM\u00ae cannot be applied in the following cases:<\/p>\n<ul>\n<li>Mucous membranes<\/li>\n<li>Open wounds<\/li>\n<li>Ulcer<\/li>\n<li>Eschar<\/li>\n<li>Oozing<\/li>\n<li>Unhealed burn<\/li>\n<\/ul>\n<p>If a skin reaction occurs, discontinue treatment<\/p>\n<p><strong>SIDE EFFECTS<\/strong><\/p>\n<p>The application of CEREDERM\u00ae Gel may have side effects, such as skin reactions (erythema, pruritus, etc.), bleeding, sore maceration, broken wound or pain.<\/p>\n<p>Compliance with precautions and contraindications is essential to avoid these effects.<\/p>\n<p>If a side effect occurs, the CEREDERM\u00ae dressing should be temporarily discontinued.<\/p>\n<p>Treatment may be resumed as soon as the situation returns to normal.<\/p>","protected":false},"excerpt":{"rendered":"<p class=\"translation-block\">CEREDERM\u00ae is <strong>a siliconized dressing <\/strong>for the treatment and <strong>prevention of hypertrophic <\/strong>scars (raised, red) <strong>and cheloidal <\/strong>(thick, firm, fibrous growth).<\/p>\n<p>The silicone gel relieves itching, softens the scar, reduces redness and allows rehydration. Medical grade silicone flattens the scar and limits its evolution. All components of the CEREDERM\u00ae dressing have been selected for their biocompatibility.<\/p>\n<p>Visible results after 2-3 months of use<\/p>","protected":false},"featured_media":4925,"comment_status":"open","ping_status":"open","template":"","meta":[],"product_brand":[],"product_cat":[76,78],"product_tag":[],"berocket_brand":[428],"class_list":{"0":"post-4922","1":"product","2":"type-product","3":"status-publish","4":"has-post-thumbnail","6":"product_cat-accessoires","7":"product_cat-gels-silicone-cicatrices-post-operatoires","8":"pa_eg_html5_ratio-0-4","9":"pa_eg_soundcloud_ratio-0-5","10":"pa_eg_wistia_ratio-0-3","11":"pa_eg_youtube_ratio-0-2","12":"pa_product_brand-cerecare","13":"pa_volume-15g","14":"pa_volume-50g","15":"pa_xfgmc_adult-off-2","16":"pa_xfgmc_condition-default","17":"pa_xfgmc_identifier_exists-off","18":"berocket_brand-cerecare","20":"first","21":"instock","22":"taxable","23":"shipping-taxable","24":"purchasable","25":"product-type-variable"},"yoast_head":"<!-- This site is optimized with the Yoast SEO plugin v27.4 - https:\/\/yoast.com\/product\/yoast-seo-wordpress\/ -->\n<title>Tube de GEL Cerederm CERECARE<\/title>\n<meta name=\"description\" content=\"CEREDERM\u00ae est un pansement silicon\u00e9 pour le traitement et la pr\u00e9vention des cicatrices hypertrophiques (en relief, de couleur rouge) et ch\u00e9lo\u00efdiennes (excroissance fibreuse, ferme et \u00e9paisse).\" \/>\n<meta name=\"robots\" content=\"index, follow, max-snippet:-1, max-image-preview:large, max-video-preview:-1\" \/>\n<link rel=\"canonical\" href=\"https:\/\/www.soome.be\/en\/products\/accessories\/post-op-silicone-scar-gels\/cerederm-gel-tube\/\" \/>\n<meta property=\"og:locale\" content=\"en_GB\" \/>\n<meta property=\"og:type\" content=\"article\" \/>\n<meta property=\"og:title\" content=\"Tube de GEL Cerederm CERECARE\" \/>\n<meta property=\"og:description\" content=\"CEREDERM\u00ae est un pansement silicon\u00e9 pour le traitement et la pr\u00e9vention des cicatrices hypertrophiques (en relief, de couleur rouge) et ch\u00e9lo\u00efdiennes (excroissance fibreuse, ferme et \u00e9paisse).\" \/>\n<meta property=\"og:url\" content=\"https:\/\/www.soome.be\/en\/products\/accessories\/post-op-silicone-scar-gels\/cerederm-gel-tube\/\" \/>\n<meta property=\"og:site_name\" content=\"SooMe\" \/>\n<meta property=\"article:modified_time\" content=\"2026-04-22T13:10:46+00:00\" \/>\n<meta property=\"og:image\" content=\"https:\/\/www.soome.be\/wp-content\/uploads\/2023\/06\/products-tube-gel-cerederm-1.png\" \/>\n\t<meta property=\"og:image:width\" content=\"636\" \/>\n\t<meta property=\"og:image:height\" content=\"900\" \/>\n\t<meta property=\"og:image:type\" content=\"image\/jpeg\" \/>\n<meta name=\"twitter:card\" content=\"summary_large_image\" \/>\n<meta name=\"twitter:label1\" content=\"Estimated reading time\" \/>\n\t<meta name=\"twitter:data1\" content=\"1 minute\" \/>\n<script type=\"application\/ld+json\" class=\"yoast-schema-graph\">{\"@context\":\"https:\\\/\\\/schema.org\",\"@graph\":[{\"@type\":\"WebPage\",\"@id\":\"https:\\\/\\\/www.soome.be\\\/produits\\\/accessoires\\\/gels-silicone-cicatrices-post-operatoires\\\/tube-de-gel-cerederm\\\/\",\"url\":\"https:\\\/\\\/www.soome.be\\\/produits\\\/accessoires\\\/gels-silicone-cicatrices-post-operatoires\\\/tube-de-gel-cerederm\\\/\",\"name\":\"Tube de GEL Cerederm CERECARE\",\"isPartOf\":{\"@id\":\"https:\\\/\\\/www.soome.be\\\/#website\"},\"primaryImageOfPage\":{\"@id\":\"https:\\\/\\\/www.soome.be\\\/produits\\\/accessoires\\\/gels-silicone-cicatrices-post-operatoires\\\/tube-de-gel-cerederm\\\/#primaryimage\"},\"image\":{\"@id\":\"https:\\\/\\\/www.soome.be\\\/produits\\\/accessoires\\\/gels-silicone-cicatrices-post-operatoires\\\/tube-de-gel-cerederm\\\/#primaryimage\"},\"thumbnailUrl\":\"https:\\\/\\\/www.soome.be\\\/wp-content\\\/uploads\\\/2023\\\/06\\\/products-tube-gel-cerederm-1.png\",\"datePublished\":\"2023-06-01T16:12:25+00:00\",\"dateModified\":\"2026-04-22T13:10:46+00:00\",\"description\":\"CEREDERM\u00ae est un pansement silicon\u00e9 pour le traitement et la pr\u00e9vention des cicatrices hypertrophiques (en relief, de couleur rouge) et ch\u00e9lo\u00efdiennes (excroissance fibreuse, ferme et \u00e9paisse).\",\"breadcrumb\":{\"@id\":\"https:\\\/\\\/www.soome.be\\\/produits\\\/accessoires\\\/gels-silicone-cicatrices-post-operatoires\\\/tube-de-gel-cerederm\\\/#breadcrumb\"},\"inLanguage\":\"en-GB\",\"potentialAction\":[{\"@type\":\"ReadAction\",\"target\":[\"https:\\\/\\\/www.soome.be\\\/produits\\\/accessoires\\\/gels-silicone-cicatrices-post-operatoires\\\/tube-de-gel-cerederm\\\/\"]}]},{\"@type\":\"ImageObject\",\"inLanguage\":\"en-GB\",\"@id\":\"https:\\\/\\\/www.soome.be\\\/produits\\\/accessoires\\\/gels-silicone-cicatrices-post-operatoires\\\/tube-de-gel-cerederm\\\/#primaryimage\",\"url\":\"https:\\\/\\\/www.soome.be\\\/wp-content\\\/uploads\\\/2023\\\/06\\\/products-tube-gel-cerederm-1.png\",\"contentUrl\":\"https:\\\/\\\/www.soome.be\\\/wp-content\\\/uploads\\\/2023\\\/06\\\/products-tube-gel-cerederm-1.png\",\"width\":636,\"height\":900,\"caption\":\"Tube de GEL Cerederm CERECARE\"},{\"@type\":\"BreadcrumbList\",\"@id\":\"https:\\\/\\\/www.soome.be\\\/produits\\\/accessoires\\\/gels-silicone-cicatrices-post-operatoires\\\/tube-de-gel-cerederm\\\/#breadcrumb\",\"itemListElement\":[{\"@type\":\"ListItem\",\"position\":1,\"name\":\"Accueil\",\"item\":\"https:\\\/\\\/www.soome.be\\\/\"},{\"@type\":\"ListItem\",\"position\":2,\"name\":\"PRODUITS\",\"item\":\"https:\\\/\\\/www.soome.be\\\/produits\\\/\"},{\"@type\":\"ListItem\",\"position\":3,\"name\":\"Tube de GEL Cerederm\"}]},{\"@type\":\"WebSite\",\"@id\":\"https:\\\/\\\/www.soome.be\\\/#website\",\"url\":\"https:\\\/\\\/www.soome.be\\\/\",\"name\":\"SooMe\",\"description\":\"\",\"potentialAction\":[{\"@type\":\"SearchAction\",\"target\":{\"@type\":\"EntryPoint\",\"urlTemplate\":\"https:\\\/\\\/www.soome.be\\\/?s={search_term_string}\"},\"query-input\":{\"@type\":\"PropertyValueSpecification\",\"valueRequired\":true,\"valueName\":\"search_term_string\"}}],\"inLanguage\":\"en-GB\"}]}<\/script>\n<!-- \/ Yoast SEO plugin. -->","yoast_head_json":{"title":"Tube of Cerederm CERECARE GEL","description":"CEREDERM\u00ae is a silicone dressing for the treatment and prevention of hypertrophic (raised, red-coloured) and keloid (thick, firm, fibrous growth) scars.","robots":{"index":"index","follow":"follow","max-snippet":"max-snippet:-1","max-image-preview":"max-image-preview:large","max-video-preview":"max-video-preview:-1"},"canonical":"https:\/\/www.soome.be\/en\/products\/accessories\/post-op-silicone-scar-gels\/cerederm-gel-tube\/","og_locale":"en_GB","og_type":"article","og_title":"Tube de GEL Cerederm CERECARE","og_description":"CEREDERM\u00ae est un pansement silicon\u00e9 pour le traitement et la pr\u00e9vention des cicatrices hypertrophiques (en relief, de couleur rouge) et ch\u00e9lo\u00efdiennes (excroissance fibreuse, ferme et \u00e9paisse).","og_url":"https:\/\/www.soome.be\/en\/products\/accessories\/post-op-silicone-scar-gels\/cerederm-gel-tube\/","og_site_name":"SooMe","article_modified_time":"2026-04-22T13:10:46+00:00","og_image":[{"width":636,"height":900,"url":"https:\/\/www.soome.be\/wp-content\/uploads\/2023\/06\/products-tube-gel-cerederm-1.png","type":"image\/jpeg"}],"twitter_card":"summary_large_image","twitter_misc":{"Estimated reading time":"1 minute"},"schema":{"@context":"https:\/\/schema.org","@graph":[{"@type":"WebPage","@id":"https:\/\/www.soome.be\/produits\/accessoires\/gels-silicone-cicatrices-post-operatoires\/tube-de-gel-cerederm\/","url":"https:\/\/www.soome.be\/produits\/accessoires\/gels-silicone-cicatrices-post-operatoires\/tube-de-gel-cerederm\/","name":"Tube of Cerederm CERECARE GEL","isPartOf":{"@id":"https:\/\/www.soome.be\/#website"},"primaryImageOfPage":{"@id":"https:\/\/www.soome.be\/produits\/accessoires\/gels-silicone-cicatrices-post-operatoires\/tube-de-gel-cerederm\/#primaryimage"},"image":{"@id":"https:\/\/www.soome.be\/produits\/accessoires\/gels-silicone-cicatrices-post-operatoires\/tube-de-gel-cerederm\/#primaryimage"},"thumbnailUrl":"https:\/\/www.soome.be\/wp-content\/uploads\/2023\/06\/products-tube-gel-cerederm-1.png","datePublished":"2023-06-01T16:12:25+00:00","dateModified":"2026-04-22T13:10:46+00:00","description":"CEREDERM\u00ae is a silicone dressing for the treatment and prevention of hypertrophic (raised, red-coloured) and keloid (thick, firm, fibrous growth) scars.","breadcrumb":{"@id":"https:\/\/www.soome.be\/produits\/accessoires\/gels-silicone-cicatrices-post-operatoires\/tube-de-gel-cerederm\/#breadcrumb"},"inLanguage":"en-GB","potentialAction":[{"@type":"ReadAction","target":["https:\/\/www.soome.be\/produits\/accessoires\/gels-silicone-cicatrices-post-operatoires\/tube-de-gel-cerederm\/"]}]},{"@type":"ImageObject","inLanguage":"en-GB","@id":"https:\/\/www.soome.be\/produits\/accessoires\/gels-silicone-cicatrices-post-operatoires\/tube-de-gel-cerederm\/#primaryimage","url":"https:\/\/www.soome.be\/wp-content\/uploads\/2023\/06\/products-tube-gel-cerederm-1.png","contentUrl":"https:\/\/www.soome.be\/wp-content\/uploads\/2023\/06\/products-tube-gel-cerederm-1.png","width":636,"height":900,"caption":"Tube de GEL Cerederm CERECARE"},{"@type":"BreadcrumbList","@id":"https:\/\/www.soome.be\/produits\/accessoires\/gels-silicone-cicatrices-post-operatoires\/tube-de-gel-cerederm\/#breadcrumb","itemListElement":[{"@type":"ListItem","position":1,"name":"Accueil","item":"https:\/\/www.soome.be\/"},{"@type":"ListItem","position":2,"name":"PRODUITS","item":"https:\/\/www.soome.be\/produits\/"},{"@type":"ListItem","position":3,"name":"Tube de GEL Cerederm"}]},{"@type":"WebSite","@id":"https:\/\/www.soome.be\/#website","url":"https:\/\/www.soome.be\/","name":"SooMe","description":"","potentialAction":[{"@type":"SearchAction","target":{"@type":"EntryPoint","urlTemplate":"https:\/\/www.soome.be\/?s={search_term_string}"},"query-input":{"@type":"PropertyValueSpecification","valueRequired":true,"valueName":"search_term_string"}}],"inLanguage":"en-GB"}]}},"_links":{"self":[{"href":"https:\/\/www.soome.be\/en\/wp-json\/wp\/v2\/product\/4922","targetHints":{"allow":["GET"]}}],"collection":[{"href":"https:\/\/www.soome.be\/en\/wp-json\/wp\/v2\/product"}],"about":[{"href":"https:\/\/www.soome.be\/en\/wp-json\/wp\/v2\/types\/product"}],"replies":[{"embeddable":true,"href":"https:\/\/www.soome.be\/en\/wp-json\/wp\/v2\/comments?post=4922"}],"wp:featuredmedia":[{"embeddable":true,"href":"https:\/\/www.soome.be\/en\/wp-json\/wp\/v2\/media\/4925"}],"wp:attachment":[{"href":"https:\/\/www.soome.be\/en\/wp-json\/wp\/v2\/media?parent=4922"}],"wp:term":[{"taxonomy":"product_brand","embeddable":true,"href":"https:\/\/www.soome.be\/en\/wp-json\/wp\/v2\/product_brand?post=4922"},{"taxonomy":"product_cat","embeddable":true,"href":"https:\/\/www.soome.be\/en\/wp-json\/wp\/v2\/product_cat?post=4922"},{"taxonomy":"product_tag","embeddable":true,"href":"https:\/\/www.soome.be\/en\/wp-json\/wp\/v2\/product_tag?post=4922"},{"taxonomy":"berocket_brand","embeddable":true,"href":"https:\/\/www.soome.be\/en\/wp-json\/wp\/v2\/berocket_brand?post=4922"}],"curies":[{"name":"wp","href":"https:\/\/api.w.org\/{rel}","templated":true}]}}