{"id":4926,"date":"2023-06-01T18:12:26","date_gmt":"2023-06-01T16:12:26","guid":{"rendered":"https:\/\/www.soome.be\/?post_type=product&#038;p=4926"},"modified":"2026-04-22T15:10:43","modified_gmt":"2026-04-22T13:10:43","slug":"self-adhesive-silicone-crown-dressing","status":"publish","type":"product","link":"https:\/\/www.soome.be\/en\/produits\/accessoires\/pansements-silicones-cicatrices\/pansement-couronne-silicone-auto-adhesifs-diametre-8cm-cerederm\/","title":{"rendered":"Cerederm 8cm diameter self-adhesive silicone crown dressing"},"content":{"rendered":"<p>&nbsp;<\/p>\n<p><strong>PERFECT FIT TO THE SCAR<\/strong><\/p>\n<ul>\n<li>A range of 6 shapes (including 3 rectangles) for optimal adaptation as needed<\/li>\n<li>Easy to cut, fits perfectly<\/li>\n<li>Flexible, precisely matches the morphology<\/li>\n<\/ul>\n<p><strong>DISCRETION, EFFICIENCY<\/strong><\/p>\n<ul>\n<li>Thin and transparent<\/li>\n<li>Can be worn 24\/7<\/li>\n<li>Self-adhesive for single support<\/li>\n<li>Can be worn up to 3 days<\/li>\n<li>Can be used alone, without adding cream.<\/li>\n<\/ul>\n<p><strong>QUICK VISIBLE RESULTS<\/strong><\/p>\n<ul>\n<li>Visible results after 2-3 months of use<\/li>\n<li>Scar visibly reduced: softer, flatter and less red<\/li>\n<\/ul>\n<p><strong>INSTRUCTION<\/strong><\/p>\n<div id=\"bloc_info_produit\" class=\"col-xs-12\">\n<div class=\"row\">\n<div id=\"bloc_info_produit-contenu\" class=\"col-md-8\">\n<div class=\"tab-content\">\n<div id=\"MODE-D\u2019EMPLOI\" class=\"tab-pane fade active in\">\n<p><strong>1.\u00a0<\/strong>Extraire le\u00a0<strong>pansement CEREDERM<sup>\u00ae<\/sup><\/strong>\u00a0de son emballage.<\/p>\n<p>Le d\u00e9couper ensuite aux dimensions souhait\u00e9es, de fa\u00e7on \u00e0 recouvrir la cicatrice en respectant le pourtour d&rsquo;au moins un centim\u00e8tre.<\/p>\n<p><strong>2.<\/strong>\u00a0Separate the two parts of the dressing (support and film) by removing them on a small surface so that they can be applied.<\/p>\n<p><strong>3.<\/strong>\u00a0Position the adhesive side of the bandage on the scar, on clean skin, then remove the protective film, without applying tension.<\/p>\n<p class=\"translation-block\"><u><strong>Note <\/strong><\/u>that the<strong> CEREDERM<sup>\u00ae<\/sup> <\/strong>Band-Aid is water resistant, but it is recommended to avoid prolonged baths. It is repositionable and should be applied on dry skin.<\/p>\n<\/div>\n<\/div>\n<\/div>\n<\/div>\n<\/div>\n<p><strong>RECOMMENDATIONS<\/strong><\/p>\n<ul>\n<li>Wear the dressing daily until loss of grip and for a maximum of 3 days (ideally 24h\/24)<\/li>\n<li>Strictly personal use (monopatient).<\/li>\n<li>Recommended treatment duration: 2 to 6 months.<\/li>\n<li class=\"translation-block\"><strong>Be careful, CEREDERM<sup>\u00ae<\/sup> self-adhesive silicone dressing does not protect against UV rays.<\/strong><\/li>\n<\/ul>\n<p><strong>CONTRAINDICATIONS<\/strong><\/p>\n<p class=\"translation-block\"><strong>CEREDERM<sup>\u00ae<\/sup> <\/strong> Dressing cannot be applied in the following cases:<\/p>\n<ul>\n<li>Mucous membranes<\/li>\n<li>Near the eyes<\/li>\n<li>Open wounds<\/li>\n<li>Wounds not healed yet<\/li>\n<\/ul>\n<p>If a skin reaction occurs, discontinue treatment<\/p>\n<p><strong>SIDE EFFECTS<\/strong><\/p>\n<p>The introduction of a siliconized self-adhesive dressing may lead to side effects, such as skin reactions (erythema, pruritus, etc.), bleeding, maceration of the wound, rupture of the wound or pain.<\/p>\n<p>Compliance with precautions and contraindications is essential to avoid these effects.<\/p>\n<p class=\"translation-block\"><em>If there is a side effect, it is recommended that the <strong>CEREDERM Dressing<\/strong><sup><strong>\u00ae<\/strong> <\/sup> be temporarily stopped. Treatment may be resumed upon return to normal. <\/em><\/p>","protected":false},"excerpt":{"rendered":"<p><u><strong>10 UNITS \/ BOX<\/strong><\/u><\/p>\n<p>&nbsp;<\/p>\n<p class=\"translation-block\"><strong>CEREDERM<sup>\u00ae<\/sup><\/strong> <strong>CEREDERM<\/strong> is a self-adhesive silicone bandage to treat or prevent <strong>hypertrophic<\/strong> scars (raised, red) and <strong>cheloidal <\/strong>(thick, firm, fibrous growth).<\/p>\n<p>&nbsp;<\/p>\n<p class=\"translation-block\">The silicone bandage softens the scar and reduces redness. The mechanical action of the <strong>self-adhesive dressing <\/strong>flattens the scar and limits its development. As for its semi-occlusive effect, it improves the appearance of the scar.<\/p>\n<p>&nbsp;<\/p>\n<p class=\"translation-block\">This crown shape is particularly suitable for <strong>peri-areolar <\/strong>scars (at the nipple) following breast surgery.<\/p>\n<p>&nbsp;<\/p>\n<p><u>Visible results after 2-3 months of use<\/u><\/p>","protected":false},"featured_media":4927,"comment_status":"open","ping_status":"open","template":"","meta":[],"product_brand":[],"product_cat":[76,77],"product_tag":[],"berocket_brand":[428],"class_list":{"0":"post-4926","1":"product","2":"type-product","3":"status-publish","4":"has-post-thumbnail","6":"product_cat-accessoires","7":"product_cat-pansements-silicones-cicatrices","8":"pa_eg_html5_ratio-0-4","9":"pa_eg_soundcloud_ratio-0-5","10":"pa_eg_wistia_ratio-0-3","11":"pa_eg_youtube_ratio-0-2","12":"pa_product_brand-cerecare","13":"pa_thp_upsellpopup_template-template-default","14":"pa_xfgmc_adult-off-2","15":"pa_xfgmc_condition-default","16":"pa_xfgmc_identifier_exists-off","17":"berocket_brand-cerecare","19":"first","20":"instock","21":"taxable","22":"shipping-taxable","23":"purchasable","24":"product-type-simple"},"yoast_head":"<!-- This site is optimized with the Yoast SEO plugin v27.4 - https:\/\/yoast.com\/product\/yoast-seo-wordpress\/ -->\n<title>Pansement Couronne silicon\u00e9 auto-adh\u00e9sifs diam\u00e8tre 8cm Cerederm CERECARE<\/title>\n<meta name=\"description\" content=\"CEREDERM\u00ae couronne est un pansement silicon\u00e9 auto-adh\u00e9sif pour traiter ou emp\u00e2cher les cicatrices hypertrophiques (en relief, de couleur rouge) et ch\u00e9lo\u00efdiennes (excroissance fibreuse, ferme et \u00e9paisse).\" \/>\n<meta name=\"robots\" content=\"index, follow, max-snippet:-1, max-image-preview:large, max-video-preview:-1\" \/>\n<link rel=\"canonical\" href=\"https:\/\/www.soome.be\/en\/products\/accessories\/silicone-scar-dressings\/self-adhesive-silicone-crown-dressing\/\" \/>\n<meta property=\"og:locale\" content=\"en_GB\" \/>\n<meta property=\"og:type\" content=\"article\" \/>\n<meta property=\"og:title\" content=\"Pansement Couronne silicon\u00e9 auto-adh\u00e9sifs diam\u00e8tre 8cm Cerederm CERECARE\" \/>\n<meta property=\"og:description\" content=\"CEREDERM\u00ae couronne est un pansement silicon\u00e9 auto-adh\u00e9sif pour traiter ou emp\u00e2cher les cicatrices hypertrophiques (en relief, de couleur rouge) et ch\u00e9lo\u00efdiennes (excroissance fibreuse, ferme et \u00e9paisse).\" \/>\n<meta property=\"og:url\" content=\"https:\/\/www.soome.be\/en\/products\/accessories\/silicone-scar-dressings\/self-adhesive-silicone-crown-dressing\/\" \/>\n<meta property=\"og:site_name\" content=\"SooMe\" \/>\n<meta property=\"article:modified_time\" content=\"2026-04-22T13:10:43+00:00\" \/>\n<meta property=\"og:image\" content=\"https:\/\/www.soome.be\/wp-content\/uploads\/2023\/06\/products-cerederm-couronne-1.png\" \/>\n\t<meta property=\"og:image:width\" content=\"636\" \/>\n\t<meta property=\"og:image:height\" content=\"900\" \/>\n\t<meta property=\"og:image:type\" content=\"image\/jpeg\" \/>\n<meta name=\"twitter:card\" content=\"summary_large_image\" \/>\n<meta name=\"twitter:label1\" content=\"Estimated reading time\" \/>\n\t<meta name=\"twitter:data1\" content=\"2 minutes\" \/>\n<script type=\"application\/ld+json\" class=\"yoast-schema-graph\">{\"@context\":\"https:\\\/\\\/schema.org\",\"@graph\":[{\"@type\":\"WebPage\",\"@id\":\"https:\\\/\\\/www.soome.be\\\/produits\\\/accessoires\\\/pansements-silicones-cicatrices\\\/pansement-couronne-silicone-auto-adhesifs-diametre-8cm-cerederm\\\/\",\"url\":\"https:\\\/\\\/www.soome.be\\\/produits\\\/accessoires\\\/pansements-silicones-cicatrices\\\/pansement-couronne-silicone-auto-adhesifs-diametre-8cm-cerederm\\\/\",\"name\":\"Pansement Couronne silicon\u00e9 auto-adh\u00e9sifs diam\u00e8tre 8cm Cerederm CERECARE\",\"isPartOf\":{\"@id\":\"https:\\\/\\\/www.soome.be\\\/#website\"},\"primaryImageOfPage\":{\"@id\":\"https:\\\/\\\/www.soome.be\\\/produits\\\/accessoires\\\/pansements-silicones-cicatrices\\\/pansement-couronne-silicone-auto-adhesifs-diametre-8cm-cerederm\\\/#primaryimage\"},\"image\":{\"@id\":\"https:\\\/\\\/www.soome.be\\\/produits\\\/accessoires\\\/pansements-silicones-cicatrices\\\/pansement-couronne-silicone-auto-adhesifs-diametre-8cm-cerederm\\\/#primaryimage\"},\"thumbnailUrl\":\"https:\\\/\\\/www.soome.be\\\/wp-content\\\/uploads\\\/2023\\\/06\\\/products-cerederm-couronne-1.png\",\"datePublished\":\"2023-06-01T16:12:26+00:00\",\"dateModified\":\"2026-04-22T13:10:43+00:00\",\"description\":\"CEREDERM\u00ae couronne est un pansement silicon\u00e9 auto-adh\u00e9sif pour traiter ou emp\u00e2cher les cicatrices hypertrophiques (en relief, de couleur rouge) et ch\u00e9lo\u00efdiennes (excroissance fibreuse, ferme et \u00e9paisse).\",\"breadcrumb\":{\"@id\":\"https:\\\/\\\/www.soome.be\\\/produits\\\/accessoires\\\/pansements-silicones-cicatrices\\\/pansement-couronne-silicone-auto-adhesifs-diametre-8cm-cerederm\\\/#breadcrumb\"},\"inLanguage\":\"en-GB\",\"potentialAction\":[{\"@type\":\"ReadAction\",\"target\":[\"https:\\\/\\\/www.soome.be\\\/produits\\\/accessoires\\\/pansements-silicones-cicatrices\\\/pansement-couronne-silicone-auto-adhesifs-diametre-8cm-cerederm\\\/\"]}]},{\"@type\":\"ImageObject\",\"inLanguage\":\"en-GB\",\"@id\":\"https:\\\/\\\/www.soome.be\\\/produits\\\/accessoires\\\/pansements-silicones-cicatrices\\\/pansement-couronne-silicone-auto-adhesifs-diametre-8cm-cerederm\\\/#primaryimage\",\"url\":\"https:\\\/\\\/www.soome.be\\\/wp-content\\\/uploads\\\/2023\\\/06\\\/products-cerederm-couronne-1.png\",\"contentUrl\":\"https:\\\/\\\/www.soome.be\\\/wp-content\\\/uploads\\\/2023\\\/06\\\/products-cerederm-couronne-1.png\",\"width\":636,\"height\":900,\"caption\":\"Pansement Couronne silicon\u00e9 Cerederm CERECARE\"},{\"@type\":\"BreadcrumbList\",\"@id\":\"https:\\\/\\\/www.soome.be\\\/produits\\\/accessoires\\\/pansements-silicones-cicatrices\\\/pansement-couronne-silicone-auto-adhesifs-diametre-8cm-cerederm\\\/#breadcrumb\",\"itemListElement\":[{\"@type\":\"ListItem\",\"position\":1,\"name\":\"Accueil\",\"item\":\"https:\\\/\\\/www.soome.be\\\/\"},{\"@type\":\"ListItem\",\"position\":2,\"name\":\"PRODUITS\",\"item\":\"https:\\\/\\\/www.soome.be\\\/produits\\\/\"},{\"@type\":\"ListItem\",\"position\":3,\"name\":\"Pansement Couronne silicon\u00e9 auto-adh\u00e9sifs diam\u00e8tre 8cm Cerederm\"}]},{\"@type\":\"WebSite\",\"@id\":\"https:\\\/\\\/www.soome.be\\\/#website\",\"url\":\"https:\\\/\\\/www.soome.be\\\/\",\"name\":\"SooMe\",\"description\":\"\",\"potentialAction\":[{\"@type\":\"SearchAction\",\"target\":{\"@type\":\"EntryPoint\",\"urlTemplate\":\"https:\\\/\\\/www.soome.be\\\/?s={search_term_string}\"},\"query-input\":{\"@type\":\"PropertyValueSpecification\",\"valueRequired\":true,\"valueName\":\"search_term_string\"}}],\"inLanguage\":\"en-GB\"}]}<\/script>\n<!-- \/ Yoast SEO plugin. -->","yoast_head_json":{"title":"Cerederm CERECARE Silicone Self-Adhesive Crown Dressing 8cm diameter","description":"CEREDERM\u00ae Crown is a self-adhesive silicone dressing for treating or filling hypertrophic (raised, red-coloured) and keloid (thick, firm, fibrous growth) scars.","robots":{"index":"index","follow":"follow","max-snippet":"max-snippet:-1","max-image-preview":"max-image-preview:large","max-video-preview":"max-video-preview:-1"},"canonical":"https:\/\/www.soome.be\/en\/products\/accessories\/silicone-scar-dressings\/self-adhesive-silicone-crown-dressing\/","og_locale":"en_GB","og_type":"article","og_title":"Pansement Couronne silicon\u00e9 auto-adh\u00e9sifs diam\u00e8tre 8cm Cerederm CERECARE","og_description":"CEREDERM\u00ae couronne est un pansement silicon\u00e9 auto-adh\u00e9sif pour traiter ou emp\u00e2cher les cicatrices hypertrophiques (en relief, de couleur rouge) et ch\u00e9lo\u00efdiennes (excroissance fibreuse, ferme et \u00e9paisse).","og_url":"https:\/\/www.soome.be\/en\/products\/accessories\/silicone-scar-dressings\/self-adhesive-silicone-crown-dressing\/","og_site_name":"SooMe","article_modified_time":"2026-04-22T13:10:43+00:00","og_image":[{"width":636,"height":900,"url":"https:\/\/www.soome.be\/wp-content\/uploads\/2023\/06\/products-cerederm-couronne-1.png","type":"image\/jpeg"}],"twitter_card":"summary_large_image","twitter_misc":{"Estimated reading time":"2 minutes"},"schema":{"@context":"https:\/\/schema.org","@graph":[{"@type":"WebPage","@id":"https:\/\/www.soome.be\/produits\/accessoires\/pansements-silicones-cicatrices\/pansement-couronne-silicone-auto-adhesifs-diametre-8cm-cerederm\/","url":"https:\/\/www.soome.be\/produits\/accessoires\/pansements-silicones-cicatrices\/pansement-couronne-silicone-auto-adhesifs-diametre-8cm-cerederm\/","name":"Cerederm CERECARE Silicone Self-Adhesive Crown Dressing 8cm diameter","isPartOf":{"@id":"https:\/\/www.soome.be\/#website"},"primaryImageOfPage":{"@id":"https:\/\/www.soome.be\/produits\/accessoires\/pansements-silicones-cicatrices\/pansement-couronne-silicone-auto-adhesifs-diametre-8cm-cerederm\/#primaryimage"},"image":{"@id":"https:\/\/www.soome.be\/produits\/accessoires\/pansements-silicones-cicatrices\/pansement-couronne-silicone-auto-adhesifs-diametre-8cm-cerederm\/#primaryimage"},"thumbnailUrl":"https:\/\/www.soome.be\/wp-content\/uploads\/2023\/06\/products-cerederm-couronne-1.png","datePublished":"2023-06-01T16:12:26+00:00","dateModified":"2026-04-22T13:10:43+00:00","description":"CEREDERM\u00ae Crown is a self-adhesive silicone dressing for treating or filling hypertrophic (raised, red-coloured) and keloid (thick, firm, fibrous growth) scars.","breadcrumb":{"@id":"https:\/\/www.soome.be\/produits\/accessoires\/pansements-silicones-cicatrices\/pansement-couronne-silicone-auto-adhesifs-diametre-8cm-cerederm\/#breadcrumb"},"inLanguage":"en-GB","potentialAction":[{"@type":"ReadAction","target":["https:\/\/www.soome.be\/produits\/accessoires\/pansements-silicones-cicatrices\/pansement-couronne-silicone-auto-adhesifs-diametre-8cm-cerederm\/"]}]},{"@type":"ImageObject","inLanguage":"en-GB","@id":"https:\/\/www.soome.be\/produits\/accessoires\/pansements-silicones-cicatrices\/pansement-couronne-silicone-auto-adhesifs-diametre-8cm-cerederm\/#primaryimage","url":"https:\/\/www.soome.be\/wp-content\/uploads\/2023\/06\/products-cerederm-couronne-1.png","contentUrl":"https:\/\/www.soome.be\/wp-content\/uploads\/2023\/06\/products-cerederm-couronne-1.png","width":636,"height":900,"caption":"Pansement Couronne silicon\u00e9 Cerederm CERECARE"},{"@type":"BreadcrumbList","@id":"https:\/\/www.soome.be\/produits\/accessoires\/pansements-silicones-cicatrices\/pansement-couronne-silicone-auto-adhesifs-diametre-8cm-cerederm\/#breadcrumb","itemListElement":[{"@type":"ListItem","position":1,"name":"Accueil","item":"https:\/\/www.soome.be\/"},{"@type":"ListItem","position":2,"name":"PRODUITS","item":"https:\/\/www.soome.be\/produits\/"},{"@type":"ListItem","position":3,"name":"Pansement Couronne silicon\u00e9 auto-adh\u00e9sifs diam\u00e8tre 8cm Cerederm"}]},{"@type":"WebSite","@id":"https:\/\/www.soome.be\/#website","url":"https:\/\/www.soome.be\/","name":"SooMe","description":"","potentialAction":[{"@type":"SearchAction","target":{"@type":"EntryPoint","urlTemplate":"https:\/\/www.soome.be\/?s={search_term_string}"},"query-input":{"@type":"PropertyValueSpecification","valueRequired":true,"valueName":"search_term_string"}}],"inLanguage":"en-GB"}]}},"_links":{"self":[{"href":"https:\/\/www.soome.be\/en\/wp-json\/wp\/v2\/product\/4926","targetHints":{"allow":["GET"]}}],"collection":[{"href":"https:\/\/www.soome.be\/en\/wp-json\/wp\/v2\/product"}],"about":[{"href":"https:\/\/www.soome.be\/en\/wp-json\/wp\/v2\/types\/product"}],"replies":[{"embeddable":true,"href":"https:\/\/www.soome.be\/en\/wp-json\/wp\/v2\/comments?post=4926"}],"wp:featuredmedia":[{"embeddable":true,"href":"https:\/\/www.soome.be\/en\/wp-json\/wp\/v2\/media\/4927"}],"wp:attachment":[{"href":"https:\/\/www.soome.be\/en\/wp-json\/wp\/v2\/media?parent=4926"}],"wp:term":[{"taxonomy":"product_brand","embeddable":true,"href":"https:\/\/www.soome.be\/en\/wp-json\/wp\/v2\/product_brand?post=4926"},{"taxonomy":"product_cat","embeddable":true,"href":"https:\/\/www.soome.be\/en\/wp-json\/wp\/v2\/product_cat?post=4926"},{"taxonomy":"product_tag","embeddable":true,"href":"https:\/\/www.soome.be\/en\/wp-json\/wp\/v2\/product_tag?post=4926"},{"taxonomy":"berocket_brand","embeddable":true,"href":"https:\/\/www.soome.be\/en\/wp-json\/wp\/v2\/berocket_brand?post=4926"}],"curies":[{"name":"wp","href":"https:\/\/api.w.org\/{rel}","templated":true}]}}