{"id":4934,"date":"2023-06-01T18:12:27","date_gmt":"2023-06-01T16:12:27","guid":{"rendered":"https:\/\/www.soome.be\/?post_type=product&#038;p=4934"},"modified":"2026-04-22T15:10:50","modified_gmt":"2026-04-22T13:10:50","slug":"digithorax","status":"publish","type":"product","link":"https:\/\/www.soome.be\/en\/produits\/soutiens-thoraciques-post-operatoires-homme\/digithorax\/","title":{"rendered":"Digithorax"},"content":{"rendered":"<p class=\"text-justify\"><strong><span class=\"\">SUPPORT AND COMFORT<\/span><\/strong><\/p>\n<ul>\n<li class=\"text-justify\">adjustable straps<\/li>\n<li class=\"text-justify\">5 steel ribs removable springs<\/li>\n<li class=\"text-justify\">Foam plastron lined with Interlock fabric for added comfort<\/li>\n<li class=\"text-justify\">Indented shape in armpits<\/li>\n<li class=\"text-justify\">165% fabric lengthening and excellent return to original dimensions<\/li>\n<\/ul>\n<p>&nbsp;<\/p>\n<p class=\"text-justify\"><strong><span class=\"\">PRECISE FIT AND OPTIMAL RESTRAINT<\/span><\/strong><\/p>\n<ul>\n<li class=\"text-justify\">Independent hook-and-loop closure: distribution of restraint and adjustment to optimal morphology<\/li>\n<li class=\"text-justify\">Back strap at chest, additional restraint<\/li>\n<\/ul>\n<p>&nbsp;<\/p>\n<p><strong>COMPOSITION AND MAINTENANCE<\/strong><\/p>\n<p class=\"text-justify\"><span class=\"\">FABRIC<\/span><\/p>\n<ul>\n<li class=\"text-justify\">DIGITEX (66% polyamide\/34% Elastanne)<\/li>\n<li class=\"text-justify translation-block\"><span class=\"\">Elastic band<\/span>: 50% polyamide \/<span class=\"\">25% polyester \/ 25% elastane (white) \u2013 <\/span><span class=\"\">65% polyamide \/ 25% polyester \/ 10% elastane (black)<\/span><\/li>\n<\/ul>\n<p class=\"text-justify\"><span class=\"\">E<\/span><span class=\"\">NTRETIEN<\/span><\/p>\n<ul>\n<li class=\"text-justify\">Removal of removable steel ribs before belt washing<\/li>\n<li class=\"text-justify\">Cleaning 30\u00b0C water + soap<\/li>\n<li class=\"text-justify\">Rinse without softener<\/li>\n<li class=\"text-justify\">Flat drying \u2013 no dryer<\/li>\n<\/ul>\n<p>&nbsp;<\/p>\n<p><strong>SET UP<\/strong><\/p>\n<p class=\"text-justify translation-block\">The first installation must be made<span class=\"\"> by a healthcare professional<\/span> in order to control the proper positioning of the belt, without risk to the patient:<\/p>\n<ul>\n<li>The patient stands up.<\/li>\n<li>The medical team applies the belt around the patient. It adjusts it to perfectly position the gaps in the armpits. And the breastplate in the chest or epigastric region to cover the scar.<\/li>\n<li>Adjust if necessary with independent snap fasteners and shoulder straps.<\/li>\n<li>Position the return strap at the chest.<\/li>\n<\/ul>\n<p>&nbsp;<\/p>\n<p><strong>SIDE EFFECTS<\/strong><\/p>\n<p class=\"text-justify translation-block\">Applying a\u00a0<strong>compressive garment<\/strong>\u00a0can cause skin reactions such as redness, itching, edema or allergies.<\/p>\n<p class=\"text-justify\"><span class=\"no-pro\">If you develop significant discomfort or unusual symptoms, consult your doctor.<\/span><\/p>","protected":false},"excerpt":{"rendered":"<p class=\"translation-block\">The <strong>DIGITHORAX<\/strong> belt is prescribed for deficiency of the epigastric region without pathological character (post-operative). It is particularly suitable for <strong>thoracic <\/strong>and cardiac surgery, and for maintaining <strong>sternal scars<\/strong> (following <strong>sternotomy<\/strong>).<\/p>\n<p class=\"translation-block\">It can also be used for <strong>rib fracture<\/strong>.<\/p>\n<p><em>Do not use on open wound.<\/em><\/p>\n<p>&nbsp;<\/p>\n<p><span class=\"no-pro\"><u><strong>This product is issued under medical prescription. To order it, please refer to a health professional.<\/strong><\/u><\/span><\/p>","protected":false},"featured_media":4966,"comment_status":"open","ping_status":"open","template":"","meta":[],"product_brand":[],"product_cat":[79],"product_tag":[],"berocket_brand":[428],"class_list":{"0":"post-4934","1":"product","2":"type-product","3":"status-publish","4":"has-post-thumbnail","6":"product_cat-soutiens-thoraciques-post-operatoires-homme","7":"pa_couleur-blanc","8":"pa_couleur-noir","9":"pa_eg_html5_ratio-0-4","10":"pa_eg_soundcloud_ratio-0-5","11":"pa_eg_wistia_ratio-0-3","12":"pa_eg_youtube_ratio-0-2","13":"pa_hauteur-h25","14":"pa_hauteur-h33","15":"pa_product_brand-cerecare","16":"pa_taille-t1","17":"pa_taille-t2","18":"pa_taille-t3","19":"pa_taille-t4","20":"pa_taille-t5","21":"pa_taille-t6","22":"pa_taille-t7","23":"pa_taille-t8","24":"pa_thp_upsellpopup_template-template-default","25":"pa_xfgmc_adult-off-2","26":"pa_xfgmc_condition-default","27":"pa_xfgmc_identifier_exists-off","28":"berocket_brand-cerecare","30":"first","31":"instock","32":"taxable","33":"shipping-taxable","34":"purchasable","35":"product-type-variable"},"yoast_head":"<!-- This site is optimized with the Yoast SEO plugin v27.4 - https:\/\/yoast.com\/product\/yoast-seo-wordpress\/ -->\n<title>Digithorax CERECARE<\/title>\n<meta name=\"description\" content=\"La ceinture DIGITHORAX est prescrite pour la d\u00e9ficience de la r\u00e9gion \u00e9pigastrique sans caract\u00e8re pathologique (post-op\u00e9ratoire). Elle est particuli\u00e8rement adapt\u00e9e pour la chirurgie thoracique et cardiaque, et pour maintenir les cicatrices sternales (suite \u00e0 une sternotomie).\" \/>\n<meta name=\"robots\" content=\"index, follow, max-snippet:-1, max-image-preview:large, max-video-preview:-1\" \/>\n<link rel=\"canonical\" href=\"https:\/\/www.soome.be\/en\/products\/mens-post-op-thoracic-supports\/digithorax\/\" \/>\n<meta property=\"og:locale\" content=\"en_GB\" \/>\n<meta property=\"og:type\" content=\"article\" \/>\n<meta property=\"og:title\" content=\"Digithorax CERECARE\" \/>\n<meta property=\"og:description\" content=\"La ceinture DIGITHORAX est prescrite pour la d\u00e9ficience de la r\u00e9gion \u00e9pigastrique sans caract\u00e8re pathologique (post-op\u00e9ratoire). Elle est particuli\u00e8rement adapt\u00e9e pour la chirurgie thoracique et cardiaque, et pour maintenir les cicatrices sternales (suite \u00e0 une sternotomie).\" \/>\n<meta property=\"og:url\" content=\"https:\/\/www.soome.be\/en\/products\/mens-post-op-thoracic-supports\/digithorax\/\" \/>\n<meta property=\"og:site_name\" content=\"SooMe\" \/>\n<meta property=\"article:modified_time\" content=\"2026-04-22T13:10:50+00:00\" \/>\n<meta property=\"og:image\" content=\"https:\/\/www.soome.be\/wp-content\/uploads\/2023\/06\/products-digithorax-2.jpg\" \/>\n\t<meta property=\"og:image:width\" content=\"636\" \/>\n\t<meta property=\"og:image:height\" content=\"900\" \/>\n\t<meta property=\"og:image:type\" content=\"image\/jpeg\" \/>\n<meta name=\"twitter:card\" content=\"summary_large_image\" \/>\n<meta name=\"twitter:label1\" content=\"Estimated reading time\" \/>\n\t<meta name=\"twitter:data1\" content=\"1 minute\" \/>\n<script type=\"application\/ld+json\" class=\"yoast-schema-graph\">{\"@context\":\"https:\\\/\\\/schema.org\",\"@graph\":[{\"@type\":\"WebPage\",\"@id\":\"https:\\\/\\\/www.soome.be\\\/produits\\\/soutiens-thoraciques-post-operatoires-homme\\\/digithorax\\\/\",\"url\":\"https:\\\/\\\/www.soome.be\\\/produits\\\/soutiens-thoraciques-post-operatoires-homme\\\/digithorax\\\/\",\"name\":\"Digithorax CERECARE\",\"isPartOf\":{\"@id\":\"https:\\\/\\\/www.soome.be\\\/#website\"},\"primaryImageOfPage\":{\"@id\":\"https:\\\/\\\/www.soome.be\\\/produits\\\/soutiens-thoraciques-post-operatoires-homme\\\/digithorax\\\/#primaryimage\"},\"image\":{\"@id\":\"https:\\\/\\\/www.soome.be\\\/produits\\\/soutiens-thoraciques-post-operatoires-homme\\\/digithorax\\\/#primaryimage\"},\"thumbnailUrl\":\"https:\\\/\\\/www.soome.be\\\/wp-content\\\/uploads\\\/2023\\\/06\\\/products-digithorax-2.jpg\",\"datePublished\":\"2023-06-01T16:12:27+00:00\",\"dateModified\":\"2026-04-22T13:10:50+00:00\",\"description\":\"La ceinture DIGITHORAX est prescrite pour la d\u00e9ficience de la r\u00e9gion \u00e9pigastrique sans caract\u00e8re pathologique (post-op\u00e9ratoire). Elle est particuli\u00e8rement adapt\u00e9e pour la chirurgie thoracique et cardiaque, et pour maintenir les cicatrices sternales (suite \u00e0 une sternotomie).\",\"breadcrumb\":{\"@id\":\"https:\\\/\\\/www.soome.be\\\/produits\\\/soutiens-thoraciques-post-operatoires-homme\\\/digithorax\\\/#breadcrumb\"},\"inLanguage\":\"en-GB\",\"potentialAction\":[{\"@type\":\"ReadAction\",\"target\":[\"https:\\\/\\\/www.soome.be\\\/produits\\\/soutiens-thoraciques-post-operatoires-homme\\\/digithorax\\\/\"]}]},{\"@type\":\"ImageObject\",\"inLanguage\":\"en-GB\",\"@id\":\"https:\\\/\\\/www.soome.be\\\/produits\\\/soutiens-thoraciques-post-operatoires-homme\\\/digithorax\\\/#primaryimage\",\"url\":\"https:\\\/\\\/www.soome.be\\\/wp-content\\\/uploads\\\/2023\\\/06\\\/products-digithorax-2.jpg\",\"contentUrl\":\"https:\\\/\\\/www.soome.be\\\/wp-content\\\/uploads\\\/2023\\\/06\\\/products-digithorax-2.jpg\",\"width\":636,\"height\":900,\"caption\":\"Digithorax CERECARE\"},{\"@type\":\"BreadcrumbList\",\"@id\":\"https:\\\/\\\/www.soome.be\\\/produits\\\/soutiens-thoraciques-post-operatoires-homme\\\/digithorax\\\/#breadcrumb\",\"itemListElement\":[{\"@type\":\"ListItem\",\"position\":1,\"name\":\"Accueil\",\"item\":\"https:\\\/\\\/www.soome.be\\\/\"},{\"@type\":\"ListItem\",\"position\":2,\"name\":\"PRODUITS\",\"item\":\"https:\\\/\\\/www.soome.be\\\/produits\\\/\"},{\"@type\":\"ListItem\",\"position\":3,\"name\":\"Digithorax\"}]},{\"@type\":\"WebSite\",\"@id\":\"https:\\\/\\\/www.soome.be\\\/#website\",\"url\":\"https:\\\/\\\/www.soome.be\\\/\",\"name\":\"SooMe\",\"description\":\"\",\"potentialAction\":[{\"@type\":\"SearchAction\",\"target\":{\"@type\":\"EntryPoint\",\"urlTemplate\":\"https:\\\/\\\/www.soome.be\\\/?s={search_term_string}\"},\"query-input\":{\"@type\":\"PropertyValueSpecification\",\"valueRequired\":true,\"valueName\":\"search_term_string\"}}],\"inLanguage\":\"en-GB\"}]}<\/script>\n<!-- \/ Yoast SEO plugin. -->","yoast_head_json":{"title":"Digithorax CERECARE","description":"The DIGITHORAX belt is prescribed for deficiency of the epigastric region without pathological character (post-operative). It is particularly suitable for thoracic and cardiac surgery, and for maintaining sternal scars (following a sternotomy).","robots":{"index":"index","follow":"follow","max-snippet":"max-snippet:-1","max-image-preview":"max-image-preview:large","max-video-preview":"max-video-preview:-1"},"canonical":"https:\/\/www.soome.be\/en\/products\/mens-post-op-thoracic-supports\/digithorax\/","og_locale":"en_GB","og_type":"article","og_title":"Digithorax CERECARE","og_description":"La ceinture DIGITHORAX est prescrite pour la d\u00e9ficience de la r\u00e9gion \u00e9pigastrique sans caract\u00e8re pathologique (post-op\u00e9ratoire). Elle est particuli\u00e8rement adapt\u00e9e pour la chirurgie thoracique et cardiaque, et pour maintenir les cicatrices sternales (suite \u00e0 une sternotomie).","og_url":"https:\/\/www.soome.be\/en\/products\/mens-post-op-thoracic-supports\/digithorax\/","og_site_name":"SooMe","article_modified_time":"2026-04-22T13:10:50+00:00","og_image":[{"width":636,"height":900,"url":"https:\/\/www.soome.be\/wp-content\/uploads\/2023\/06\/products-digithorax-2.jpg","type":"image\/jpeg"}],"twitter_card":"summary_large_image","twitter_misc":{"Estimated reading time":"1 minute"},"schema":{"@context":"https:\/\/schema.org","@graph":[{"@type":"WebPage","@id":"https:\/\/www.soome.be\/produits\/soutiens-thoraciques-post-operatoires-homme\/digithorax\/","url":"https:\/\/www.soome.be\/produits\/soutiens-thoraciques-post-operatoires-homme\/digithorax\/","name":"Digithorax CERECARE","isPartOf":{"@id":"https:\/\/www.soome.be\/#website"},"primaryImageOfPage":{"@id":"https:\/\/www.soome.be\/produits\/soutiens-thoraciques-post-operatoires-homme\/digithorax\/#primaryimage"},"image":{"@id":"https:\/\/www.soome.be\/produits\/soutiens-thoraciques-post-operatoires-homme\/digithorax\/#primaryimage"},"thumbnailUrl":"https:\/\/www.soome.be\/wp-content\/uploads\/2023\/06\/products-digithorax-2.jpg","datePublished":"2023-06-01T16:12:27+00:00","dateModified":"2026-04-22T13:10:50+00:00","description":"The DIGITHORAX belt is prescribed for deficiency of the epigastric region without pathological character (post-operative). It is particularly suitable for thoracic and cardiac surgery, and for maintaining sternal scars (following a sternotomy).","breadcrumb":{"@id":"https:\/\/www.soome.be\/produits\/soutiens-thoraciques-post-operatoires-homme\/digithorax\/#breadcrumb"},"inLanguage":"en-GB","potentialAction":[{"@type":"ReadAction","target":["https:\/\/www.soome.be\/produits\/soutiens-thoraciques-post-operatoires-homme\/digithorax\/"]}]},{"@type":"ImageObject","inLanguage":"en-GB","@id":"https:\/\/www.soome.be\/produits\/soutiens-thoraciques-post-operatoires-homme\/digithorax\/#primaryimage","url":"https:\/\/www.soome.be\/wp-content\/uploads\/2023\/06\/products-digithorax-2.jpg","contentUrl":"https:\/\/www.soome.be\/wp-content\/uploads\/2023\/06\/products-digithorax-2.jpg","width":636,"height":900,"caption":"Digithorax CERECARE"},{"@type":"BreadcrumbList","@id":"https:\/\/www.soome.be\/produits\/soutiens-thoraciques-post-operatoires-homme\/digithorax\/#breadcrumb","itemListElement":[{"@type":"ListItem","position":1,"name":"Accueil","item":"https:\/\/www.soome.be\/"},{"@type":"ListItem","position":2,"name":"PRODUITS","item":"https:\/\/www.soome.be\/produits\/"},{"@type":"ListItem","position":3,"name":"Digithorax"}]},{"@type":"WebSite","@id":"https:\/\/www.soome.be\/#website","url":"https:\/\/www.soome.be\/","name":"SooMe","description":"","potentialAction":[{"@type":"SearchAction","target":{"@type":"EntryPoint","urlTemplate":"https:\/\/www.soome.be\/?s={search_term_string}"},"query-input":{"@type":"PropertyValueSpecification","valueRequired":true,"valueName":"search_term_string"}}],"inLanguage":"en-GB"}]}},"_links":{"self":[{"href":"https:\/\/www.soome.be\/en\/wp-json\/wp\/v2\/product\/4934","targetHints":{"allow":["GET"]}}],"collection":[{"href":"https:\/\/www.soome.be\/en\/wp-json\/wp\/v2\/product"}],"about":[{"href":"https:\/\/www.soome.be\/en\/wp-json\/wp\/v2\/types\/product"}],"replies":[{"embeddable":true,"href":"https:\/\/www.soome.be\/en\/wp-json\/wp\/v2\/comments?post=4934"}],"wp:featuredmedia":[{"embeddable":true,"href":"https:\/\/www.soome.be\/en\/wp-json\/wp\/v2\/media\/4966"}],"wp:attachment":[{"href":"https:\/\/www.soome.be\/en\/wp-json\/wp\/v2\/media?parent=4934"}],"wp:term":[{"taxonomy":"product_brand","embeddable":true,"href":"https:\/\/www.soome.be\/en\/wp-json\/wp\/v2\/product_brand?post=4934"},{"taxonomy":"product_cat","embeddable":true,"href":"https:\/\/www.soome.be\/en\/wp-json\/wp\/v2\/product_cat?post=4934"},{"taxonomy":"product_tag","embeddable":true,"href":"https:\/\/www.soome.be\/en\/wp-json\/wp\/v2\/product_tag?post=4934"},{"taxonomy":"berocket_brand","embeddable":true,"href":"https:\/\/www.soome.be\/en\/wp-json\/wp\/v2\/berocket_brand?post=4934"}],"curies":[{"name":"wp","href":"https:\/\/api.w.org\/{rel}","templated":true}]}}