{"id":4968,"date":"2023-06-01T18:13:06","date_gmt":"2023-06-01T16:13:06","guid":{"rendered":"https:\/\/www.soome.be\/?post_type=product&#038;p=4968"},"modified":"2026-04-22T15:10:51","modified_gmt":"2026-04-22T13:10:51","slug":"face-lift-035-a","status":"publish","type":"product","link":"https:\/\/www.soome.be\/en\/produits\/bandeaux-contention-visage-post-operatoire\/face-lift-035-a\/","title":{"rendered":"FACE LIFT 035-A"},"content":{"rendered":"<p>INDICATION : facelift<\/p>\n<p>Le face-lift est utilis\u00e9 pour la contention de l&rsquo;\u0153d\u00e8me post-op\u00e9ratoire suite \u00e0 une chirurgie esth\u00e9tique du visage, un lifting.<\/p>\n<p>Il permet de gainer la partie faciale apr\u00e8s le lifting afin d&rsquo;acc\u00e9l\u00e9rer la cicatrisation et de diminuer les douleurs post-op\u00e9ratoires.<\/p>\n<p>This procedure is designed to correct skin sagging and tighten the skin of the face.<\/p>\n<p>Do not use directly on open wound, nor in case of pre-existing phlebitis.<\/p>\n<p>CHARACTERISTICS :<\/p>\n<p>Larges bande auto-agrippante \u00e0 l\u2019arri\u00e8re pour une contention adapt\u00e9e au type d\u2019intervention et \u00e0 la morphologie du patient\u00a0; confection dans un velours dos \u00e0 dos pour plus de confort<\/p>\n<p>Exterior seams to avoid marking the skin and improve comfort<\/p>\n<p>Possibilit\u00e9 d\u2019effectuer une incision au niveau de l\u2019oreille par le praticien tout en pr\u00e9servant la contention (tissu ind\u00e9maillable)<\/p>\n<p>FABRIC : Premium<\/p>\n<p>Evaporation of moisture and perspiration (Xtra-dry fibres)<\/p>\n<p>Neutralizing odors with silver ions (Xtra-fresh fibres)<\/p>\n<p>MAINTENANCE :<\/p>\n<p>Cleaning 30\u00b0C water + soap<\/p>\n<p>Rinse without softener<\/p>\n<p>Flat drying \u2013 no dryer<\/p>\n<p>COLOR : black and white<\/p>\n<p>RECOMMENDATION: The Face lift should be placed on a protected wound just after the operation for better effectiveness. The first pose must be performed by a health professional to control the proper positioning of the garment without risk to the patient<\/p>","protected":false},"excerpt":{"rendered":"<p>Le face-lift est utilis\u00e9 pour la contention de l&rsquo;\u0153d\u00e8me post-op\u00e9ratoire suite \u00e0 une chirurgie esth\u00e9tique du visage, un lifting.<\/p>\n<p>Il permet de gainer la partie faciale apr\u00e8s le lifting afin d&rsquo;acc\u00e9l\u00e9rer la cicatrisation et de diminuer les douleurs post-op\u00e9ratoires.<\/p>\n<p>This procedure is designed to correct skin sagging and tighten the skin of the face.<\/p>\n<p>Do not use directly on open wound, nor in case of pre-existing phlebitis.<\/p>","protected":false},"featured_media":4973,"comment_status":"open","ping_status":"closed","template":"","meta":[],"product_brand":[],"product_cat":[80],"product_tag":[],"berocket_brand":[428],"class_list":{"0":"post-4968","1":"product","2":"type-product","3":"status-publish","4":"has-post-thumbnail","6":"product_cat-bandeaux-contention-visage-post-operatoire","7":"pa_couleur-blanc","8":"pa_couleur-noir","9":"pa_product_brand-cerecare","10":"pa_xfgmc_adult-off-2","11":"pa_xfgmc_condition-default","12":"pa_xfgmc_identifier_exists-off","13":"berocket_brand-cerecare","15":"first","16":"instock","17":"taxable","18":"shipping-taxable","19":"purchasable","20":"product-type-variable"},"yoast_head":"<!-- This site is optimized with the Yoast SEO plugin v27.4 - https:\/\/yoast.com\/product\/yoast-seo-wordpress\/ -->\n<title>FACE LIFT 035-A CERECARE<\/title>\n<meta name=\"description\" content=\"Le face-lift est utilis\u00e9 pour la contention de l\u2019\u0153d\u00e8me post-op\u00e9ratoire suite \u00e0 une chirurgie esth\u00e9tique du visage, un lifting. Il permet de gainer la partie faciale apr\u00e8s le lifting afin d\u2019acc\u00e9l\u00e9rer la cicatrisation et de diminuer les douleurs post-op\u00e9ratoires.\" \/>\n<meta name=\"robots\" content=\"index, follow, max-snippet:-1, max-image-preview:large, max-video-preview:-1\" \/>\n<link rel=\"canonical\" href=\"https:\/\/www.soome.be\/en\/products\/post-op-facial-compression-bands\/face-lift-035-a\/\" \/>\n<meta property=\"og:locale\" content=\"en_GB\" \/>\n<meta property=\"og:type\" content=\"article\" \/>\n<meta property=\"og:title\" content=\"FACE LIFT 035-A CERECARE\" \/>\n<meta property=\"og:description\" content=\"Le face-lift est utilis\u00e9 pour la contention de l\u2019\u0153d\u00e8me post-op\u00e9ratoire suite \u00e0 une chirurgie esth\u00e9tique du visage, un lifting. Il permet de gainer la partie faciale apr\u00e8s le lifting afin d\u2019acc\u00e9l\u00e9rer la cicatrisation et de diminuer les douleurs post-op\u00e9ratoires.\" \/>\n<meta property=\"og:url\" content=\"https:\/\/www.soome.be\/en\/products\/post-op-facial-compression-bands\/face-lift-035-a\/\" \/>\n<meta property=\"og:site_name\" content=\"SooMe\" \/>\n<meta property=\"article:modified_time\" content=\"2026-04-22T13:10:51+00:00\" \/>\n<meta property=\"og:image\" content=\"https:\/\/www.soome.be\/wp-content\/uploads\/2023\/06\/products-face-lift-1.jpg\" \/>\n\t<meta property=\"og:image:width\" content=\"636\" \/>\n\t<meta property=\"og:image:height\" content=\"900\" \/>\n\t<meta property=\"og:image:type\" content=\"image\/jpeg\" \/>\n<meta name=\"twitter:card\" content=\"summary_large_image\" \/>\n<meta name=\"twitter:label1\" content=\"Estimated reading time\" \/>\n\t<meta name=\"twitter:data1\" content=\"1 minute\" \/>\n<script type=\"application\/ld+json\" class=\"yoast-schema-graph\">{\"@context\":\"https:\\\/\\\/schema.org\",\"@graph\":[{\"@type\":\"WebPage\",\"@id\":\"https:\\\/\\\/www.soome.be\\\/produits\\\/bandeaux-contention-visage-post-operatoire\\\/face-lift-035-a\\\/\",\"url\":\"https:\\\/\\\/www.soome.be\\\/produits\\\/bandeaux-contention-visage-post-operatoire\\\/face-lift-035-a\\\/\",\"name\":\"FACE LIFT 035-A CERECARE\",\"isPartOf\":{\"@id\":\"https:\\\/\\\/www.soome.be\\\/#website\"},\"primaryImageOfPage\":{\"@id\":\"https:\\\/\\\/www.soome.be\\\/produits\\\/bandeaux-contention-visage-post-operatoire\\\/face-lift-035-a\\\/#primaryimage\"},\"image\":{\"@id\":\"https:\\\/\\\/www.soome.be\\\/produits\\\/bandeaux-contention-visage-post-operatoire\\\/face-lift-035-a\\\/#primaryimage\"},\"thumbnailUrl\":\"https:\\\/\\\/www.soome.be\\\/wp-content\\\/uploads\\\/2023\\\/06\\\/products-face-lift-1.jpg\",\"datePublished\":\"2023-06-01T16:13:06+00:00\",\"dateModified\":\"2026-04-22T13:10:51+00:00\",\"description\":\"Le face-lift est utilis\u00e9 pour la contention de l\u2019\u0153d\u00e8me post-op\u00e9ratoire suite \u00e0 une chirurgie esth\u00e9tique du visage, un lifting. Il permet de gainer la partie faciale apr\u00e8s le lifting afin d\u2019acc\u00e9l\u00e9rer la cicatrisation et de diminuer les douleurs post-op\u00e9ratoires.\",\"breadcrumb\":{\"@id\":\"https:\\\/\\\/www.soome.be\\\/produits\\\/bandeaux-contention-visage-post-operatoire\\\/face-lift-035-a\\\/#breadcrumb\"},\"inLanguage\":\"en-GB\",\"potentialAction\":[{\"@type\":\"ReadAction\",\"target\":[\"https:\\\/\\\/www.soome.be\\\/produits\\\/bandeaux-contention-visage-post-operatoire\\\/face-lift-035-a\\\/\"]}]},{\"@type\":\"ImageObject\",\"inLanguage\":\"en-GB\",\"@id\":\"https:\\\/\\\/www.soome.be\\\/produits\\\/bandeaux-contention-visage-post-operatoire\\\/face-lift-035-a\\\/#primaryimage\",\"url\":\"https:\\\/\\\/www.soome.be\\\/wp-content\\\/uploads\\\/2023\\\/06\\\/products-face-lift-1.jpg\",\"contentUrl\":\"https:\\\/\\\/www.soome.be\\\/wp-content\\\/uploads\\\/2023\\\/06\\\/products-face-lift-1.jpg\",\"width\":636,\"height\":900,\"caption\":\"FACE LIFT 035-A CERECARE\"},{\"@type\":\"BreadcrumbList\",\"@id\":\"https:\\\/\\\/www.soome.be\\\/produits\\\/bandeaux-contention-visage-post-operatoire\\\/face-lift-035-a\\\/#breadcrumb\",\"itemListElement\":[{\"@type\":\"ListItem\",\"position\":1,\"name\":\"Accueil\",\"item\":\"https:\\\/\\\/www.soome.be\\\/\"},{\"@type\":\"ListItem\",\"position\":2,\"name\":\"PRODUITS\",\"item\":\"https:\\\/\\\/www.soome.be\\\/produits\\\/\"},{\"@type\":\"ListItem\",\"position\":3,\"name\":\"FACE LIFT 035-A\"}]},{\"@type\":\"WebSite\",\"@id\":\"https:\\\/\\\/www.soome.be\\\/#website\",\"url\":\"https:\\\/\\\/www.soome.be\\\/\",\"name\":\"SooMe\",\"description\":\"\",\"potentialAction\":[{\"@type\":\"SearchAction\",\"target\":{\"@type\":\"EntryPoint\",\"urlTemplate\":\"https:\\\/\\\/www.soome.be\\\/?s={search_term_string}\"},\"query-input\":{\"@type\":\"PropertyValueSpecification\",\"valueRequired\":true,\"valueName\":\"search_term_string\"}}],\"inLanguage\":\"en-GB\"}]}<\/script>\n<!-- \/ Yoast SEO plugin. -->","yoast_head_json":{"title":"FACE LIFT 035-A CERECARE","description":"The face-lift is used to support post-operative oedema following cosmetic surgery on the face. It helps sheath the facial area after the facelift to accelerate healing and reduce post-operative pain.","robots":{"index":"index","follow":"follow","max-snippet":"max-snippet:-1","max-image-preview":"max-image-preview:large","max-video-preview":"max-video-preview:-1"},"canonical":"https:\/\/www.soome.be\/en\/products\/post-op-facial-compression-bands\/face-lift-035-a\/","og_locale":"en_GB","og_type":"article","og_title":"FACE LIFT 035-A CERECARE","og_description":"Le face-lift est utilis\u00e9 pour la contention de l\u2019\u0153d\u00e8me post-op\u00e9ratoire suite \u00e0 une chirurgie esth\u00e9tique du visage, un lifting. Il permet de gainer la partie faciale apr\u00e8s le lifting afin d\u2019acc\u00e9l\u00e9rer la cicatrisation et de diminuer les douleurs post-op\u00e9ratoires.","og_url":"https:\/\/www.soome.be\/en\/products\/post-op-facial-compression-bands\/face-lift-035-a\/","og_site_name":"SooMe","article_modified_time":"2026-04-22T13:10:51+00:00","og_image":[{"width":636,"height":900,"url":"https:\/\/www.soome.be\/wp-content\/uploads\/2023\/06\/products-face-lift-1.jpg","type":"image\/jpeg"}],"twitter_card":"summary_large_image","twitter_misc":{"Estimated reading time":"1 minute"},"schema":{"@context":"https:\/\/schema.org","@graph":[{"@type":"WebPage","@id":"https:\/\/www.soome.be\/produits\/bandeaux-contention-visage-post-operatoire\/face-lift-035-a\/","url":"https:\/\/www.soome.be\/produits\/bandeaux-contention-visage-post-operatoire\/face-lift-035-a\/","name":"FACE LIFT 035-A CERECARE","isPartOf":{"@id":"https:\/\/www.soome.be\/#website"},"primaryImageOfPage":{"@id":"https:\/\/www.soome.be\/produits\/bandeaux-contention-visage-post-operatoire\/face-lift-035-a\/#primaryimage"},"image":{"@id":"https:\/\/www.soome.be\/produits\/bandeaux-contention-visage-post-operatoire\/face-lift-035-a\/#primaryimage"},"thumbnailUrl":"https:\/\/www.soome.be\/wp-content\/uploads\/2023\/06\/products-face-lift-1.jpg","datePublished":"2023-06-01T16:13:06+00:00","dateModified":"2026-04-22T13:10:51+00:00","description":"The face-lift is used to support post-operative oedema following cosmetic surgery on the face. It helps sheath the facial area after the facelift to accelerate healing and reduce post-operative pain.","breadcrumb":{"@id":"https:\/\/www.soome.be\/produits\/bandeaux-contention-visage-post-operatoire\/face-lift-035-a\/#breadcrumb"},"inLanguage":"en-GB","potentialAction":[{"@type":"ReadAction","target":["https:\/\/www.soome.be\/produits\/bandeaux-contention-visage-post-operatoire\/face-lift-035-a\/"]}]},{"@type":"ImageObject","inLanguage":"en-GB","@id":"https:\/\/www.soome.be\/produits\/bandeaux-contention-visage-post-operatoire\/face-lift-035-a\/#primaryimage","url":"https:\/\/www.soome.be\/wp-content\/uploads\/2023\/06\/products-face-lift-1.jpg","contentUrl":"https:\/\/www.soome.be\/wp-content\/uploads\/2023\/06\/products-face-lift-1.jpg","width":636,"height":900,"caption":"FACE LIFT 035-A CERECARE"},{"@type":"BreadcrumbList","@id":"https:\/\/www.soome.be\/produits\/bandeaux-contention-visage-post-operatoire\/face-lift-035-a\/#breadcrumb","itemListElement":[{"@type":"ListItem","position":1,"name":"Accueil","item":"https:\/\/www.soome.be\/"},{"@type":"ListItem","position":2,"name":"PRODUITS","item":"https:\/\/www.soome.be\/produits\/"},{"@type":"ListItem","position":3,"name":"FACE LIFT 035-A"}]},{"@type":"WebSite","@id":"https:\/\/www.soome.be\/#website","url":"https:\/\/www.soome.be\/","name":"SooMe","description":"","potentialAction":[{"@type":"SearchAction","target":{"@type":"EntryPoint","urlTemplate":"https:\/\/www.soome.be\/?s={search_term_string}"},"query-input":{"@type":"PropertyValueSpecification","valueRequired":true,"valueName":"search_term_string"}}],"inLanguage":"en-GB"}]}},"_links":{"self":[{"href":"https:\/\/www.soome.be\/en\/wp-json\/wp\/v2\/product\/4968","targetHints":{"allow":["GET"]}}],"collection":[{"href":"https:\/\/www.soome.be\/en\/wp-json\/wp\/v2\/product"}],"about":[{"href":"https:\/\/www.soome.be\/en\/wp-json\/wp\/v2\/types\/product"}],"replies":[{"embeddable":true,"href":"https:\/\/www.soome.be\/en\/wp-json\/wp\/v2\/comments?post=4968"}],"wp:featuredmedia":[{"embeddable":true,"href":"https:\/\/www.soome.be\/en\/wp-json\/wp\/v2\/media\/4973"}],"wp:attachment":[{"href":"https:\/\/www.soome.be\/en\/wp-json\/wp\/v2\/media?parent=4968"}],"wp:term":[{"taxonomy":"product_brand","embeddable":true,"href":"https:\/\/www.soome.be\/en\/wp-json\/wp\/v2\/product_brand?post=4968"},{"taxonomy":"product_cat","embeddable":true,"href":"https:\/\/www.soome.be\/en\/wp-json\/wp\/v2\/product_cat?post=4968"},{"taxonomy":"product_tag","embeddable":true,"href":"https:\/\/www.soome.be\/en\/wp-json\/wp\/v2\/product_tag?post=4968"},{"taxonomy":"berocket_brand","embeddable":true,"href":"https:\/\/www.soome.be\/en\/wp-json\/wp\/v2\/berocket_brand?post=4968"}],"curies":[{"name":"wp","href":"https:\/\/api.w.org\/{rel}","templated":true}]}}