{"id":4983,"date":"2023-06-01T18:13:06","date_gmt":"2023-06-01T16:13:06","guid":{"rendered":"https:\/\/www.soome.be\/?post_type=product&#038;p=4983"},"modified":"2026-04-22T15:10:55","modified_gmt":"2026-04-22T13:10:55","slug":"front-open-bra-037-4","status":"publish","type":"product","link":"https:\/\/www.soome.be\/en\/produits\/brassieres-post-operatoires-femme\/brassiere-ouverte-037-4\/","title":{"rendered":"OPEN ARMBAND 037.4"},"content":{"rendered":"<p>NOTE:<\/p>\n<p>Correction de pt\u00f4se cutan\u00e9e des bras<\/p>\n<p>Liposuccion face interne des bras<\/p>\n<p>Lifting des bras<\/p>\n<p>The brassi\u00e8re is applied on a protected wound, just after the operation to ensure its effectiveness.<\/p>\n<p>Do not use directly on open wound, nor in case of pre-existing phlebitis.<\/p>\n<p>CHARACTERISTICS :<\/p>\n<p>Triple staple closure on the front for a precise fit of the garment<\/p>\n<p>Exterior seams to avoid marking the skin and improve comfort<\/p>\n<p>FABRIC\u00a0: Premium<\/p>\n<p>Evaporation of moisture and perspiration (Xtra-dry fibres)<\/p>\n<p>Neutralizing odors with silver ions (Xtra-fresh fibres)<\/p>\n<p>MAINTENANCE :<\/p>\n<p>Cleaning 30\u00b0C water + soap<\/p>\n<p>Rinse without softener<\/p>\n<p>Flat drying \u2013 no dryer<\/p>\n<p>COLOR : black and white<\/p>\n<p>EFFET IND\u00c9SIRABLES\u00a0:<\/p>\n<p>La mise en place d&rsquo;un v\u00eatement compressif peut engendrer des r\u00e9actions cutan\u00e9es de type rougeurs, d\u00e9mangeaisons, oed\u00e8mes ou des allergies.<\/p>\n<p>If you develop significant discomfort or unusual symptoms, consult your doctor.<\/p>","protected":false},"excerpt":{"rendered":"<p>NOTE:<\/p>\n<p>Correction de pt\u00f4se cutan\u00e9e des bras<\/p>\n<p>Liposuccion face interne des bras<\/p>\n<p>Lifting des bras<\/p>\n<p>The brassi\u00e8re is applied on a protected wound, just after the operation to ensure its effectiveness.<\/p>\n<p>Do not use directly on open wound, nor in case of pre-existing phlebitis.<\/p>\n<p>CHARACTERISTICS :<\/p>\n<p>Triple staple closure on the front for a precise fit of the garment<\/p>\n<p>Exterior seams to avoid marking the skin and improve comfort<\/p>","protected":false},"featured_media":4998,"comment_status":"open","ping_status":"open","template":"","meta":[],"product_brand":[],"product_cat":[81],"product_tag":[],"berocket_brand":[428],"class_list":{"0":"post-4983","1":"product","2":"type-product","3":"status-publish","4":"has-post-thumbnail","6":"product_cat-brassieres-post-operatoires-femme","7":"pa_couleur-blanc","8":"pa_couleur-noir","9":"pa_product_brand-cerecare","10":"pa_taille-t1-25-27","11":"pa_taille-t2-28-30","12":"pa_taille-t3-31-33","13":"pa_taille-t4-34-36","14":"pa_taille-t5-37-40","15":"pa_taille-t6-41-44","16":"pa_taille-t7-45-48","17":"pa_xfgmc_adult-off-2","18":"pa_xfgmc_condition-default","19":"pa_xfgmc_identifier_exists-off","20":"berocket_brand-cerecare","22":"first","23":"instock","24":"taxable","25":"shipping-taxable","26":"purchasable","27":"product-type-variable"},"yoast_head":"<!-- This site is optimized with the Yoast SEO plugin v27.4 - https:\/\/yoast.com\/product\/yoast-seo-wordpress\/ -->\n<title>BRASSIERE OUVERTE 037.4 CERECARE<\/title>\n<meta name=\"description\" content=\"BRASSIERE OUVERTE 037.4\" \/>\n<meta name=\"robots\" content=\"index, follow, max-snippet:-1, max-image-preview:large, max-video-preview:-1\" \/>\n<link rel=\"canonical\" href=\"https:\/\/www.soome.be\/en\/products\/womens-post-op-bras-2\/front-open-bra-037-4\/\" \/>\n<meta property=\"og:locale\" content=\"en_GB\" \/>\n<meta property=\"og:type\" content=\"article\" \/>\n<meta property=\"og:title\" content=\"BRASSIERE OUVERTE 037.4 CERECARE\" \/>\n<meta property=\"og:description\" content=\"BRASSIERE OUVERTE 037.4\" \/>\n<meta property=\"og:url\" content=\"https:\/\/www.soome.be\/en\/products\/womens-post-op-bras-2\/front-open-bra-037-4\/\" \/>\n<meta property=\"og:site_name\" content=\"SooMe\" \/>\n<meta property=\"article:modified_time\" content=\"2026-04-22T13:10:55+00:00\" \/>\n<meta property=\"og:image\" content=\"https:\/\/www.soome.be\/wp-content\/uploads\/2023\/06\/products-brassiere-ouverte-1.png\" \/>\n\t<meta property=\"og:image:width\" content=\"636\" \/>\n\t<meta property=\"og:image:height\" content=\"900\" \/>\n\t<meta property=\"og:image:type\" content=\"image\/jpeg\" \/>\n<meta name=\"twitter:card\" content=\"summary_large_image\" \/>\n<meta name=\"twitter:label1\" content=\"Estimated reading time\" \/>\n\t<meta name=\"twitter:data1\" content=\"1 minute\" \/>\n<script type=\"application\/ld+json\" class=\"yoast-schema-graph\">{\"@context\":\"https:\\\/\\\/schema.org\",\"@graph\":[{\"@type\":\"WebPage\",\"@id\":\"https:\\\/\\\/www.soome.be\\\/produits\\\/brassieres-post-operatoires-femme\\\/brassiere-ouverte-037-4\\\/\",\"url\":\"https:\\\/\\\/www.soome.be\\\/produits\\\/brassieres-post-operatoires-femme\\\/brassiere-ouverte-037-4\\\/\",\"name\":\"BRASSIERE OUVERTE 037.4 CERECARE\",\"isPartOf\":{\"@id\":\"https:\\\/\\\/www.soome.be\\\/#website\"},\"primaryImageOfPage\":{\"@id\":\"https:\\\/\\\/www.soome.be\\\/produits\\\/brassieres-post-operatoires-femme\\\/brassiere-ouverte-037-4\\\/#primaryimage\"},\"image\":{\"@id\":\"https:\\\/\\\/www.soome.be\\\/produits\\\/brassieres-post-operatoires-femme\\\/brassiere-ouverte-037-4\\\/#primaryimage\"},\"thumbnailUrl\":\"https:\\\/\\\/www.soome.be\\\/wp-content\\\/uploads\\\/2023\\\/06\\\/products-brassiere-ouverte-1.png\",\"datePublished\":\"2023-06-01T16:13:06+00:00\",\"dateModified\":\"2026-04-22T13:10:55+00:00\",\"description\":\"BRASSIERE OUVERTE 037.4\",\"breadcrumb\":{\"@id\":\"https:\\\/\\\/www.soome.be\\\/produits\\\/brassieres-post-operatoires-femme\\\/brassiere-ouverte-037-4\\\/#breadcrumb\"},\"inLanguage\":\"en-GB\",\"potentialAction\":[{\"@type\":\"ReadAction\",\"target\":[\"https:\\\/\\\/www.soome.be\\\/produits\\\/brassieres-post-operatoires-femme\\\/brassiere-ouverte-037-4\\\/\"]}]},{\"@type\":\"ImageObject\",\"inLanguage\":\"en-GB\",\"@id\":\"https:\\\/\\\/www.soome.be\\\/produits\\\/brassieres-post-operatoires-femme\\\/brassiere-ouverte-037-4\\\/#primaryimage\",\"url\":\"https:\\\/\\\/www.soome.be\\\/wp-content\\\/uploads\\\/2023\\\/06\\\/products-brassiere-ouverte-1.png\",\"contentUrl\":\"https:\\\/\\\/www.soome.be\\\/wp-content\\\/uploads\\\/2023\\\/06\\\/products-brassiere-ouverte-1.png\",\"width\":636,\"height\":900,\"caption\":\"BRASSIERE OUVERTE 037.4 Cerecare\"},{\"@type\":\"BreadcrumbList\",\"@id\":\"https:\\\/\\\/www.soome.be\\\/produits\\\/brassieres-post-operatoires-femme\\\/brassiere-ouverte-037-4\\\/#breadcrumb\",\"itemListElement\":[{\"@type\":\"ListItem\",\"position\":1,\"name\":\"Accueil\",\"item\":\"https:\\\/\\\/www.soome.be\\\/\"},{\"@type\":\"ListItem\",\"position\":2,\"name\":\"PRODUITS\",\"item\":\"https:\\\/\\\/www.soome.be\\\/produits\\\/\"},{\"@type\":\"ListItem\",\"position\":3,\"name\":\"BRASSIERE OUVERTE 037.4\"}]},{\"@type\":\"WebSite\",\"@id\":\"https:\\\/\\\/www.soome.be\\\/#website\",\"url\":\"https:\\\/\\\/www.soome.be\\\/\",\"name\":\"SooMe\",\"description\":\"\",\"potentialAction\":[{\"@type\":\"SearchAction\",\"target\":{\"@type\":\"EntryPoint\",\"urlTemplate\":\"https:\\\/\\\/www.soome.be\\\/?s={search_term_string}\"},\"query-input\":{\"@type\":\"PropertyValueSpecification\",\"valueRequired\":true,\"valueName\":\"search_term_string\"}}],\"inLanguage\":\"en-GB\"}]}<\/script>\n<!-- \/ Yoast SEO plugin. -->","yoast_head_json":{"title":"OPEN ARMBAND 037.4 CERECARE","description":"OPEN ARMBAND 037.4","robots":{"index":"index","follow":"follow","max-snippet":"max-snippet:-1","max-image-preview":"max-image-preview:large","max-video-preview":"max-video-preview:-1"},"canonical":"https:\/\/www.soome.be\/en\/products\/womens-post-op-bras-2\/front-open-bra-037-4\/","og_locale":"en_GB","og_type":"article","og_title":"BRASSIERE OUVERTE 037.4 CERECARE","og_description":"BRASSIERE OUVERTE 037.4","og_url":"https:\/\/www.soome.be\/en\/products\/womens-post-op-bras-2\/front-open-bra-037-4\/","og_site_name":"SooMe","article_modified_time":"2026-04-22T13:10:55+00:00","og_image":[{"width":636,"height":900,"url":"https:\/\/www.soome.be\/wp-content\/uploads\/2023\/06\/products-brassiere-ouverte-1.png","type":"image\/jpeg"}],"twitter_card":"summary_large_image","twitter_misc":{"Estimated reading time":"1 minute"},"schema":{"@context":"https:\/\/schema.org","@graph":[{"@type":"WebPage","@id":"https:\/\/www.soome.be\/produits\/brassieres-post-operatoires-femme\/brassiere-ouverte-037-4\/","url":"https:\/\/www.soome.be\/produits\/brassieres-post-operatoires-femme\/brassiere-ouverte-037-4\/","name":"OPEN ARMBAND 037.4 CERECARE","isPartOf":{"@id":"https:\/\/www.soome.be\/#website"},"primaryImageOfPage":{"@id":"https:\/\/www.soome.be\/produits\/brassieres-post-operatoires-femme\/brassiere-ouverte-037-4\/#primaryimage"},"image":{"@id":"https:\/\/www.soome.be\/produits\/brassieres-post-operatoires-femme\/brassiere-ouverte-037-4\/#primaryimage"},"thumbnailUrl":"https:\/\/www.soome.be\/wp-content\/uploads\/2023\/06\/products-brassiere-ouverte-1.png","datePublished":"2023-06-01T16:13:06+00:00","dateModified":"2026-04-22T13:10:55+00:00","description":"OPEN ARMBAND 037.4","breadcrumb":{"@id":"https:\/\/www.soome.be\/produits\/brassieres-post-operatoires-femme\/brassiere-ouverte-037-4\/#breadcrumb"},"inLanguage":"en-GB","potentialAction":[{"@type":"ReadAction","target":["https:\/\/www.soome.be\/produits\/brassieres-post-operatoires-femme\/brassiere-ouverte-037-4\/"]}]},{"@type":"ImageObject","inLanguage":"en-GB","@id":"https:\/\/www.soome.be\/produits\/brassieres-post-operatoires-femme\/brassiere-ouverte-037-4\/#primaryimage","url":"https:\/\/www.soome.be\/wp-content\/uploads\/2023\/06\/products-brassiere-ouverte-1.png","contentUrl":"https:\/\/www.soome.be\/wp-content\/uploads\/2023\/06\/products-brassiere-ouverte-1.png","width":636,"height":900,"caption":"BRASSIERE OUVERTE 037.4 Cerecare"},{"@type":"BreadcrumbList","@id":"https:\/\/www.soome.be\/produits\/brassieres-post-operatoires-femme\/brassiere-ouverte-037-4\/#breadcrumb","itemListElement":[{"@type":"ListItem","position":1,"name":"Accueil","item":"https:\/\/www.soome.be\/"},{"@type":"ListItem","position":2,"name":"PRODUITS","item":"https:\/\/www.soome.be\/produits\/"},{"@type":"ListItem","position":3,"name":"BRASSIERE OUVERTE 037.4"}]},{"@type":"WebSite","@id":"https:\/\/www.soome.be\/#website","url":"https:\/\/www.soome.be\/","name":"SooMe","description":"","potentialAction":[{"@type":"SearchAction","target":{"@type":"EntryPoint","urlTemplate":"https:\/\/www.soome.be\/?s={search_term_string}"},"query-input":{"@type":"PropertyValueSpecification","valueRequired":true,"valueName":"search_term_string"}}],"inLanguage":"en-GB"}]}},"_links":{"self":[{"href":"https:\/\/www.soome.be\/en\/wp-json\/wp\/v2\/product\/4983","targetHints":{"allow":["GET"]}}],"collection":[{"href":"https:\/\/www.soome.be\/en\/wp-json\/wp\/v2\/product"}],"about":[{"href":"https:\/\/www.soome.be\/en\/wp-json\/wp\/v2\/types\/product"}],"replies":[{"embeddable":true,"href":"https:\/\/www.soome.be\/en\/wp-json\/wp\/v2\/comments?post=4983"}],"wp:featuredmedia":[{"embeddable":true,"href":"https:\/\/www.soome.be\/en\/wp-json\/wp\/v2\/media\/4998"}],"wp:attachment":[{"href":"https:\/\/www.soome.be\/en\/wp-json\/wp\/v2\/media?parent=4983"}],"wp:term":[{"taxonomy":"product_brand","embeddable":true,"href":"https:\/\/www.soome.be\/en\/wp-json\/wp\/v2\/product_brand?post=4983"},{"taxonomy":"product_cat","embeddable":true,"href":"https:\/\/www.soome.be\/en\/wp-json\/wp\/v2\/product_cat?post=4983"},{"taxonomy":"product_tag","embeddable":true,"href":"https:\/\/www.soome.be\/en\/wp-json\/wp\/v2\/product_tag?post=4983"},{"taxonomy":"berocket_brand","embeddable":true,"href":"https:\/\/www.soome.be\/en\/wp-json\/wp\/v2\/berocket_brand?post=4983"}],"curies":[{"name":"wp","href":"https:\/\/api.w.org\/{rel}","templated":true}]}}