{"id":4999,"date":"2023-06-01T18:13:06","date_gmt":"2023-06-01T16:13:06","guid":{"rendered":"https:\/\/www.soome.be\/?post_type=product&#038;p=4999"},"modified":"2026-04-22T15:10:55","modified_gmt":"2026-04-22T13:10:55","slug":"front-back-connected-sleeves-037-6","status":"publish","type":"product","link":"https:\/\/www.soome.be\/en\/produits\/brassieres-post-operatoires-femme\/manches-reliees-devant-dos-037-6\/","title":{"rendered":"LINKED SLEEVES FRONT &amp; BACK 037.6"},"content":{"rendered":"<p>SIZE: measure to take hands on hips<\/p>\n<p>T1 : 25\/27<\/p>\n<p>T2 : 28\/30<\/p>\n<p>T3 : 31\/33<\/p>\n<p>T4 : 34\/36<\/p>\n<p>T5 : 37\/40<\/p>\n<p>T6 : 41\/44<\/p>\n<p>T7 : 45\/48<\/p>\n<p>NOTE:<\/p>\n<p>Les manches reli\u00e9es devant et dos r\u00e9pondent au besoin de contention suite \u00e0\u00a0:<\/p>\n<p>Correction de pt\u00f4se cutan\u00e9e des bras<\/p>\n<p>Lifting des bras<\/p>\n<p>Liposuccion face interne des bras<\/p>\n<p>The sleeves connected back are applied on protected wound, just after the operation to guarantee its effectiveness.<\/p>\n<p>The first pose must be done by a health professional to control the correct positioning of the compressive garment, without risk to the patient.<\/p>\n<p>CHARACTERISTICS :<\/p>\n<p>Deux fermetures pour un ajustement pr\u00e9cis \u00e0 la morphologie du patient et un maintient optimal\u00a0:<\/p>\n<p>&#8211; fermeture dans le dos par triple agrafage<\/p>\n<p>&#8211; fermeture sur le devant par bande auto-agrippante<\/p>\n<p>Exterior seams to avoid marking the skin and improve comfort<\/p>\n<p>FABRIC\u00a0: Premium<\/p>\n<p>Evaporation of moisture and perspiration (Xtra-dry fibres)<\/p>\n<p>Neutralizing odors with silver ions (Xtra-fresh fibres)<\/p>\n<p>MAINTENANCE :<\/p>\n<p>Cleaning 30\u00b0C water + soap<\/p>\n<p>Rinse without softener<\/p>\n<p>Flat drying \u2013 no dryer<\/p>\n<p>COLOR : black and white<\/p>\n<p>EFFET IND\u00c9SIRABLES\u00a0:<\/p>\n<p>La mise en place d&rsquo;un v\u00eatement compressif peut engendrer des r\u00e9actions cutan\u00e9es de type rougeurs, d\u00e9mangeaisons, oed\u00e8mes ou des allergies.<\/p>\n<p>If you develop significant discomfort or unusual symptoms, consult your doctor.<\/p>","protected":false},"excerpt":{"rendered":"<p>NOTE:<\/p>\n<p>Les manches reli\u00e9es devant et dos r\u00e9pondent au besoin de contention suite \u00e0\u00a0:<\/p>\n<p>Correction de pt\u00f4se cutan\u00e9e des bras<\/p>\n<p>Lifting des bras<\/p>\n<p>Liposuccion face interne des bras<\/p>\n<p>The sleeves connected back are applied on protected wound, just after the operation to guarantee its effectiveness.<\/p>\n<p>The first pose must be done by a health professional to control the correct positioning of the compressive garment, without risk to the patient.<\/p>","protected":false},"featured_media":5014,"comment_status":"open","ping_status":"open","template":"","meta":[],"product_brand":[],"product_cat":[81],"product_tag":[],"berocket_brand":[428],"class_list":{"0":"post-4999","1":"product","2":"type-product","3":"status-publish","4":"has-post-thumbnail","6":"product_cat-brassieres-post-operatoires-femme","7":"pa_couleur-blanc","8":"pa_couleur-noir","9":"pa_product_brand-cerecare","10":"pa_taille-t1-25-27","11":"pa_taille-t2-28-30","12":"pa_taille-t3-31-33","13":"pa_taille-t4-34-36","14":"pa_taille-t5-37-40","15":"pa_taille-t6-41-44","16":"pa_taille-t7-45-48","17":"pa_xfgmc_adult-off-2","18":"pa_xfgmc_condition-default","19":"pa_xfgmc_identifier_exists-off","20":"berocket_brand-cerecare","22":"first","23":"instock","24":"taxable","25":"shipping-taxable","26":"purchasable","27":"product-type-variable"},"yoast_head":"<!-- This site is optimized with the Yoast SEO plugin v27.4 - https:\/\/yoast.com\/product\/yoast-seo-wordpress\/ -->\n<title>MANCHES RELI\u00c9ES DEVANT &amp; DOS 037.6 CERECARE<\/title>\n<meta name=\"description\" content=\"Les manches reli\u00e9es devant et dos r\u00e9pondent au besoin de contention suite \u00e0 : Correction de pt\u00f4se cutan\u00e9e des bras Lifting des bras Liposuccion face interne des bras\" \/>\n<meta name=\"robots\" content=\"index, follow, max-snippet:-1, max-image-preview:large, max-video-preview:-1\" \/>\n<link rel=\"canonical\" href=\"https:\/\/www.soome.be\/en\/products\/womens-post-op-bras-2\/front-back-connected-sleeves-037-6\/\" \/>\n<meta property=\"og:locale\" content=\"en_GB\" \/>\n<meta property=\"og:type\" content=\"article\" \/>\n<meta property=\"og:title\" content=\"MANCHES RELI\u00c9ES DEVANT &amp; DOS 037.6 CERECARE\" \/>\n<meta property=\"og:description\" content=\"Les manches reli\u00e9es devant et dos r\u00e9pondent au besoin de contention suite \u00e0 : Correction de pt\u00f4se cutan\u00e9e des bras Lifting des bras Liposuccion face interne des bras\" \/>\n<meta property=\"og:url\" content=\"https:\/\/www.soome.be\/en\/products\/womens-post-op-bras-2\/front-back-connected-sleeves-037-6\/\" \/>\n<meta property=\"og:site_name\" content=\"SooMe\" \/>\n<meta property=\"article:modified_time\" content=\"2026-04-22T13:10:55+00:00\" \/>\n<meta property=\"og:image\" content=\"https:\/\/www.soome.be\/wp-content\/uploads\/2023\/06\/products-manches-reliees-devant-et-dos-1.jpg\" \/>\n\t<meta property=\"og:image:width\" content=\"636\" \/>\n\t<meta property=\"og:image:height\" content=\"900\" \/>\n\t<meta property=\"og:image:type\" content=\"image\/jpeg\" \/>\n<meta name=\"twitter:card\" content=\"summary_large_image\" \/>\n<meta name=\"twitter:label1\" content=\"Estimated reading time\" \/>\n\t<meta name=\"twitter:data1\" content=\"1 minute\" \/>\n<script type=\"application\/ld+json\" class=\"yoast-schema-graph\">{\"@context\":\"https:\\\/\\\/schema.org\",\"@graph\":[{\"@type\":\"WebPage\",\"@id\":\"https:\\\/\\\/www.soome.be\\\/produits\\\/brassieres-post-operatoires-femme\\\/manches-reliees-devant-dos-037-6\\\/\",\"url\":\"https:\\\/\\\/www.soome.be\\\/produits\\\/brassieres-post-operatoires-femme\\\/manches-reliees-devant-dos-037-6\\\/\",\"name\":\"MANCHES RELI\u00c9ES DEVANT &amp; DOS 037.6 CERECARE\",\"isPartOf\":{\"@id\":\"https:\\\/\\\/www.soome.be\\\/#website\"},\"primaryImageOfPage\":{\"@id\":\"https:\\\/\\\/www.soome.be\\\/produits\\\/brassieres-post-operatoires-femme\\\/manches-reliees-devant-dos-037-6\\\/#primaryimage\"},\"image\":{\"@id\":\"https:\\\/\\\/www.soome.be\\\/produits\\\/brassieres-post-operatoires-femme\\\/manches-reliees-devant-dos-037-6\\\/#primaryimage\"},\"thumbnailUrl\":\"https:\\\/\\\/www.soome.be\\\/wp-content\\\/uploads\\\/2023\\\/06\\\/products-manches-reliees-devant-et-dos-1.jpg\",\"datePublished\":\"2023-06-01T16:13:06+00:00\",\"dateModified\":\"2026-04-22T13:10:55+00:00\",\"description\":\"Les manches reli\u00e9es devant et dos r\u00e9pondent au besoin de contention suite \u00e0 : Correction de pt\u00f4se cutan\u00e9e des bras Lifting des bras Liposuccion face interne des bras\",\"breadcrumb\":{\"@id\":\"https:\\\/\\\/www.soome.be\\\/produits\\\/brassieres-post-operatoires-femme\\\/manches-reliees-devant-dos-037-6\\\/#breadcrumb\"},\"inLanguage\":\"en-GB\",\"potentialAction\":[{\"@type\":\"ReadAction\",\"target\":[\"https:\\\/\\\/www.soome.be\\\/produits\\\/brassieres-post-operatoires-femme\\\/manches-reliees-devant-dos-037-6\\\/\"]}]},{\"@type\":\"ImageObject\",\"inLanguage\":\"en-GB\",\"@id\":\"https:\\\/\\\/www.soome.be\\\/produits\\\/brassieres-post-operatoires-femme\\\/manches-reliees-devant-dos-037-6\\\/#primaryimage\",\"url\":\"https:\\\/\\\/www.soome.be\\\/wp-content\\\/uploads\\\/2023\\\/06\\\/products-manches-reliees-devant-et-dos-1.jpg\",\"contentUrl\":\"https:\\\/\\\/www.soome.be\\\/wp-content\\\/uploads\\\/2023\\\/06\\\/products-manches-reliees-devant-et-dos-1.jpg\",\"width\":636,\"height\":900,\"caption\":\"MANCHES RELI\u00c9ES DEVANT & DOS 037.6 Cerecare\"},{\"@type\":\"BreadcrumbList\",\"@id\":\"https:\\\/\\\/www.soome.be\\\/produits\\\/brassieres-post-operatoires-femme\\\/manches-reliees-devant-dos-037-6\\\/#breadcrumb\",\"itemListElement\":[{\"@type\":\"ListItem\",\"position\":1,\"name\":\"Accueil\",\"item\":\"https:\\\/\\\/www.soome.be\\\/\"},{\"@type\":\"ListItem\",\"position\":2,\"name\":\"PRODUITS\",\"item\":\"https:\\\/\\\/www.soome.be\\\/produits\\\/\"},{\"@type\":\"ListItem\",\"position\":3,\"name\":\"MANCHES RELI\u00c9ES DEVANT &#038; DOS 037.6\"}]},{\"@type\":\"WebSite\",\"@id\":\"https:\\\/\\\/www.soome.be\\\/#website\",\"url\":\"https:\\\/\\\/www.soome.be\\\/\",\"name\":\"SooMe\",\"description\":\"\",\"potentialAction\":[{\"@type\":\"SearchAction\",\"target\":{\"@type\":\"EntryPoint\",\"urlTemplate\":\"https:\\\/\\\/www.soome.be\\\/?s={search_term_string}\"},\"query-input\":{\"@type\":\"PropertyValueSpecification\",\"valueRequired\":true,\"valueName\":\"search_term_string\"}}],\"inLanguage\":\"en-GB\"}]}<\/script>\n<!-- \/ Yoast SEO plugin. -->","yoast_head_json":{"title":"LINKED SLEEVES FRONT &amp; BACK 037.6 CERECARE","description":"The sleeves linked at the front and back meet the need for support following : Correction of cutaneous ptosis of the arms Arm lift Liposuction of the inner arms","robots":{"index":"index","follow":"follow","max-snippet":"max-snippet:-1","max-image-preview":"max-image-preview:large","max-video-preview":"max-video-preview:-1"},"canonical":"https:\/\/www.soome.be\/en\/products\/womens-post-op-bras-2\/front-back-connected-sleeves-037-6\/","og_locale":"en_GB","og_type":"article","og_title":"MANCHES RELI\u00c9ES DEVANT &amp; DOS 037.6 CERECARE","og_description":"Les manches reli\u00e9es devant et dos r\u00e9pondent au besoin de contention suite \u00e0 : Correction de pt\u00f4se cutan\u00e9e des bras Lifting des bras Liposuccion face interne des bras","og_url":"https:\/\/www.soome.be\/en\/products\/womens-post-op-bras-2\/front-back-connected-sleeves-037-6\/","og_site_name":"SooMe","article_modified_time":"2026-04-22T13:10:55+00:00","og_image":[{"width":636,"height":900,"url":"https:\/\/www.soome.be\/wp-content\/uploads\/2023\/06\/products-manches-reliees-devant-et-dos-1.jpg","type":"image\/jpeg"}],"twitter_card":"summary_large_image","twitter_misc":{"Estimated reading time":"1 minute"},"schema":{"@context":"https:\/\/schema.org","@graph":[{"@type":"WebPage","@id":"https:\/\/www.soome.be\/produits\/brassieres-post-operatoires-femme\/manches-reliees-devant-dos-037-6\/","url":"https:\/\/www.soome.be\/produits\/brassieres-post-operatoires-femme\/manches-reliees-devant-dos-037-6\/","name":"LINKED SLEEVES FRONT &amp; BACK 037.6 CERECARE","isPartOf":{"@id":"https:\/\/www.soome.be\/#website"},"primaryImageOfPage":{"@id":"https:\/\/www.soome.be\/produits\/brassieres-post-operatoires-femme\/manches-reliees-devant-dos-037-6\/#primaryimage"},"image":{"@id":"https:\/\/www.soome.be\/produits\/brassieres-post-operatoires-femme\/manches-reliees-devant-dos-037-6\/#primaryimage"},"thumbnailUrl":"https:\/\/www.soome.be\/wp-content\/uploads\/2023\/06\/products-manches-reliees-devant-et-dos-1.jpg","datePublished":"2023-06-01T16:13:06+00:00","dateModified":"2026-04-22T13:10:55+00:00","description":"The sleeves linked at the front and back meet the need for support following : Correction of cutaneous ptosis of the arms Arm lift Liposuction of the inner arms","breadcrumb":{"@id":"https:\/\/www.soome.be\/produits\/brassieres-post-operatoires-femme\/manches-reliees-devant-dos-037-6\/#breadcrumb"},"inLanguage":"en-GB","potentialAction":[{"@type":"ReadAction","target":["https:\/\/www.soome.be\/produits\/brassieres-post-operatoires-femme\/manches-reliees-devant-dos-037-6\/"]}]},{"@type":"ImageObject","inLanguage":"en-GB","@id":"https:\/\/www.soome.be\/produits\/brassieres-post-operatoires-femme\/manches-reliees-devant-dos-037-6\/#primaryimage","url":"https:\/\/www.soome.be\/wp-content\/uploads\/2023\/06\/products-manches-reliees-devant-et-dos-1.jpg","contentUrl":"https:\/\/www.soome.be\/wp-content\/uploads\/2023\/06\/products-manches-reliees-devant-et-dos-1.jpg","width":636,"height":900,"caption":"MANCHES RELI\u00c9ES DEVANT & DOS 037.6 Cerecare"},{"@type":"BreadcrumbList","@id":"https:\/\/www.soome.be\/produits\/brassieres-post-operatoires-femme\/manches-reliees-devant-dos-037-6\/#breadcrumb","itemListElement":[{"@type":"ListItem","position":1,"name":"Accueil","item":"https:\/\/www.soome.be\/"},{"@type":"ListItem","position":2,"name":"PRODUITS","item":"https:\/\/www.soome.be\/produits\/"},{"@type":"ListItem","position":3,"name":"MANCHES RELI\u00c9ES DEVANT &#038; DOS 037.6"}]},{"@type":"WebSite","@id":"https:\/\/www.soome.be\/#website","url":"https:\/\/www.soome.be\/","name":"SooMe","description":"","potentialAction":[{"@type":"SearchAction","target":{"@type":"EntryPoint","urlTemplate":"https:\/\/www.soome.be\/?s={search_term_string}"},"query-input":{"@type":"PropertyValueSpecification","valueRequired":true,"valueName":"search_term_string"}}],"inLanguage":"en-GB"}]}},"_links":{"self":[{"href":"https:\/\/www.soome.be\/en\/wp-json\/wp\/v2\/product\/4999","targetHints":{"allow":["GET"]}}],"collection":[{"href":"https:\/\/www.soome.be\/en\/wp-json\/wp\/v2\/product"}],"about":[{"href":"https:\/\/www.soome.be\/en\/wp-json\/wp\/v2\/types\/product"}],"replies":[{"embeddable":true,"href":"https:\/\/www.soome.be\/en\/wp-json\/wp\/v2\/comments?post=4999"}],"wp:featuredmedia":[{"embeddable":true,"href":"https:\/\/www.soome.be\/en\/wp-json\/wp\/v2\/media\/5014"}],"wp:attachment":[{"href":"https:\/\/www.soome.be\/en\/wp-json\/wp\/v2\/media?parent=4999"}],"wp:term":[{"taxonomy":"product_brand","embeddable":true,"href":"https:\/\/www.soome.be\/en\/wp-json\/wp\/v2\/product_brand?post=4999"},{"taxonomy":"product_cat","embeddable":true,"href":"https:\/\/www.soome.be\/en\/wp-json\/wp\/v2\/product_cat?post=4999"},{"taxonomy":"product_tag","embeddable":true,"href":"https:\/\/www.soome.be\/en\/wp-json\/wp\/v2\/product_tag?post=4999"},{"taxonomy":"berocket_brand","embeddable":true,"href":"https:\/\/www.soome.be\/en\/wp-json\/wp\/v2\/berocket_brand?post=4999"}],"curies":[{"name":"wp","href":"https:\/\/api.w.org\/{rel}","templated":true}]}}