{"id":5030,"date":"2023-06-01T18:13:07","date_gmt":"2023-06-01T16:13:07","guid":{"rendered":"https:\/\/www.soome.be\/?post_type=product&#038;p=5030"},"modified":"2026-04-22T15:11:03","modified_gmt":"2026-04-22T13:11:03","slug":"ec-042-lipo-arm-elegance-coolmax","status":"publish","type":"product","link":"https:\/\/www.soome.be\/en\/produits\/brassieres-post-operatoires-femme\/ec-042-lipo-bras-elegance-coolmax\/","title":{"rendered":"EC\/042 - Lipo arm Elegance coolmax"},"content":{"rendered":"<p>SIZES :<\/p>\n<p>Chest arm circumference<\/p>\n<p>T1 : 70\/80 25\/29<\/p>\n<p>T2 : 80\/90 29\/33<\/p>\n<p>T3 : 90\/95 33\/37<\/p>\n<p>T4 \/: 95\/100 37\/41<\/p>\n<p>T5 : 100\/110 41\/45<\/p>\n<p>T6 : 110\/117 45\/49<\/p>\n<p><a href=\"https:\/\/youtu.be\/FquwnjjrfkA\">How to properly measure post-operative clothing.<\/a><\/p>\n<p>Made with a lightweight and comfortable Lycra fabric, this extremely lightweight garment is particularly suitable for liposuction of the arms, under arms and upper back<\/p>\n<p>NOTE:<\/p>\n<p>Les manches reli\u00e9es devant et dos r\u00e9pondent au besoin de contention suite \u00e0\u00a0:<\/p>\n<p>Correction de pt\u00f4se cutan\u00e9e des bras<\/p>\n<p>Lifting des bras<\/p>\n<p>Liposuccion face interne des bras<\/p>\n<p>The Elegance Lipo-arm, made from a specially designed Coolmax textile, is applied immediately after the procedure. Its simplicity and speed of installation, as well as its front adjustments by hook-and-loop fasteners make this garment the ideal compression device for these areas.<\/p>\n<p>MAINTENANCE :<\/p>\n<p>Lavage en machine \u00e0 laver \u00e0 30\u00b0c<\/p>\n<p>Utilisation du s\u00e8che-linge interdite.<\/p>\n<p>The garment should not be applied directly to damaged skin or mucous membranes.<\/p>\n<p>COLOR : Black<\/p>","protected":false},"excerpt":{"rendered":"<p><a href=\"https:\/\/youtu.be\/FquwnjjrfkA\">How to properly measure post-operative clothing.<\/a><\/p>\n<p>Made with a lightweight and comfortable Lycra fabric, this extremely lightweight garment is particularly suitable for liposuction of the arms, under arms and upper back<\/p>","protected":false},"featured_media":5037,"comment_status":"open","ping_status":"open","template":"","meta":[],"product_brand":[],"product_cat":[81],"product_tag":[],"berocket_brand":[432],"class_list":{"0":"post-5030","1":"product","2":"type-product","3":"status-publish","4":"has-post-thumbnail","6":"product_cat-brassieres-post-operatoires-femme","7":"pa_product_brand-medical-z-3","8":"pa_taille-t1","9":"pa_taille-t2","10":"pa_taille-t3","11":"pa_taille-t4","12":"pa_taille-t5","13":"pa_taille-t6","14":"pa_xfgmc_adult-off-2","15":"pa_xfgmc_condition-default","16":"pa_xfgmc_identifier_exists-off","17":"berocket_brand-medical-z","19":"first","20":"instock","21":"taxable","22":"shipping-taxable","23":"purchasable","24":"product-type-variable"},"yoast_head":"<!-- This site is optimized with the Yoast SEO plugin v27.4 - https:\/\/yoast.com\/product\/yoast-seo-wordpress\/ -->\n<title>LIPO BRAS ELEGANCE COOLMAX (EC\/042) M\u00c9DICAL Z MEDICAL Z<\/title>\n<meta name=\"description\" content=\"Fabrique avec un tissu Lycra l\u00e9ger et confortable, ce v\u00eatement extr\u00eamement l\u00e9ger est particuli\u00e8rement adapt\u00e9 aux liposuccions des bras, des sous bras et du haut du dos\" \/>\n<meta name=\"robots\" content=\"index, follow, max-snippet:-1, max-image-preview:large, max-video-preview:-1\" \/>\n<link rel=\"canonical\" href=\"https:\/\/www.soome.be\/en\/products\/womens-post-op-bras-2\/ec-042-lipo-arm-elegance-coolmax\/\" \/>\n<meta property=\"og:locale\" content=\"en_GB\" \/>\n<meta property=\"og:type\" content=\"article\" \/>\n<meta property=\"og:title\" content=\"LIPO BRAS ELEGANCE COOLMAX (EC\/042) M\u00c9DICAL Z MEDICAL Z\" \/>\n<meta property=\"og:description\" content=\"Fabrique avec un tissu Lycra l\u00e9ger et confortable, ce v\u00eatement extr\u00eamement l\u00e9ger est particuli\u00e8rement adapt\u00e9 aux liposuccions des bras, des sous bras et du haut du dos\" \/>\n<meta property=\"og:url\" content=\"https:\/\/www.soome.be\/en\/products\/womens-post-op-bras-2\/ec-042-lipo-arm-elegance-coolmax\/\" \/>\n<meta property=\"og:site_name\" content=\"SooMe\" \/>\n<meta property=\"article:modified_time\" content=\"2026-04-22T13:11:03+00:00\" \/>\n<meta property=\"og:image\" content=\"https:\/\/www.soome.be\/wp-content\/uploads\/2023\/06\/products-Lipo-bras-elegance-coolmax-EC_042.jpg\" \/>\n\t<meta property=\"og:image:width\" content=\"1766\" \/>\n\t<meta property=\"og:image:height\" content=\"1725\" \/>\n\t<meta property=\"og:image:type\" content=\"image\/jpeg\" \/>\n<meta name=\"twitter:card\" content=\"summary_large_image\" \/>\n<meta name=\"twitter:label1\" content=\"Estimated reading time\" \/>\n\t<meta name=\"twitter:data1\" content=\"1 minute\" \/>\n<script type=\"application\/ld+json\" class=\"yoast-schema-graph\">{\"@context\":\"https:\\\/\\\/schema.org\",\"@graph\":[{\"@type\":\"WebPage\",\"@id\":\"https:\\\/\\\/www.soome.be\\\/produits\\\/brassieres-post-operatoires-femme\\\/ec-042-lipo-bras-elegance-coolmax\\\/\",\"url\":\"https:\\\/\\\/www.soome.be\\\/produits\\\/brassieres-post-operatoires-femme\\\/ec-042-lipo-bras-elegance-coolmax\\\/\",\"name\":\"LIPO BRAS ELEGANCE COOLMAX (EC\\\/042) M\u00c9DICAL Z MEDICAL Z\",\"isPartOf\":{\"@id\":\"https:\\\/\\\/www.soome.be\\\/#website\"},\"primaryImageOfPage\":{\"@id\":\"https:\\\/\\\/www.soome.be\\\/produits\\\/brassieres-post-operatoires-femme\\\/ec-042-lipo-bras-elegance-coolmax\\\/#primaryimage\"},\"image\":{\"@id\":\"https:\\\/\\\/www.soome.be\\\/produits\\\/brassieres-post-operatoires-femme\\\/ec-042-lipo-bras-elegance-coolmax\\\/#primaryimage\"},\"thumbnailUrl\":\"https:\\\/\\\/www.soome.be\\\/wp-content\\\/uploads\\\/2023\\\/06\\\/products-Lipo-bras-elegance-coolmax-EC_042.jpg\",\"datePublished\":\"2023-06-01T16:13:07+00:00\",\"dateModified\":\"2026-04-22T13:11:03+00:00\",\"description\":\"Fabrique avec un tissu Lycra l\u00e9ger et confortable, ce v\u00eatement extr\u00eamement l\u00e9ger est particuli\u00e8rement adapt\u00e9 aux liposuccions des bras, des sous bras et du haut du dos\",\"breadcrumb\":{\"@id\":\"https:\\\/\\\/www.soome.be\\\/produits\\\/brassieres-post-operatoires-femme\\\/ec-042-lipo-bras-elegance-coolmax\\\/#breadcrumb\"},\"inLanguage\":\"en-GB\",\"potentialAction\":[{\"@type\":\"ReadAction\",\"target\":[\"https:\\\/\\\/www.soome.be\\\/produits\\\/brassieres-post-operatoires-femme\\\/ec-042-lipo-bras-elegance-coolmax\\\/\"]}]},{\"@type\":\"ImageObject\",\"inLanguage\":\"en-GB\",\"@id\":\"https:\\\/\\\/www.soome.be\\\/produits\\\/brassieres-post-operatoires-femme\\\/ec-042-lipo-bras-elegance-coolmax\\\/#primaryimage\",\"url\":\"https:\\\/\\\/www.soome.be\\\/wp-content\\\/uploads\\\/2023\\\/06\\\/products-Lipo-bras-elegance-coolmax-EC_042.jpg\",\"contentUrl\":\"https:\\\/\\\/www.soome.be\\\/wp-content\\\/uploads\\\/2023\\\/06\\\/products-Lipo-bras-elegance-coolmax-EC_042.jpg\",\"width\":1766,\"height\":1725,\"caption\":\"EC\\\/042 \u2013 Lipo bras \u00c9l\u00e9gance coolmax MEDICAL Z\"},{\"@type\":\"BreadcrumbList\",\"@id\":\"https:\\\/\\\/www.soome.be\\\/produits\\\/brassieres-post-operatoires-femme\\\/ec-042-lipo-bras-elegance-coolmax\\\/#breadcrumb\",\"itemListElement\":[{\"@type\":\"ListItem\",\"position\":1,\"name\":\"Accueil\",\"item\":\"https:\\\/\\\/www.soome.be\\\/\"},{\"@type\":\"ListItem\",\"position\":2,\"name\":\"PRODUITS\",\"item\":\"https:\\\/\\\/www.soome.be\\\/produits\\\/\"},{\"@type\":\"ListItem\",\"position\":3,\"name\":\"EC\\\/042 &#8211; Lipo bras \u00c9l\u00e9gance coolmax\"}]},{\"@type\":\"WebSite\",\"@id\":\"https:\\\/\\\/www.soome.be\\\/#website\",\"url\":\"https:\\\/\\\/www.soome.be\\\/\",\"name\":\"SooMe\",\"description\":\"\",\"potentialAction\":[{\"@type\":\"SearchAction\",\"target\":{\"@type\":\"EntryPoint\",\"urlTemplate\":\"https:\\\/\\\/www.soome.be\\\/?s={search_term_string}\"},\"query-input\":{\"@type\":\"PropertyValueSpecification\",\"valueRequired\":true,\"valueName\":\"search_term_string\"}}],\"inLanguage\":\"en-GB\"}]}<\/script>\n<!-- \/ Yoast SEO plugin. -->","yoast_head_json":{"title":"LIPO ARM ELEGANCE COOLMAX (EC\/042) MEDICAL Z MEDICAL Z","description":"Made with a lightweight and comfortable Lycra fabric, this extremely lightweight garment is particularly suitable for liposuction of the arms, under arms and upper back","robots":{"index":"index","follow":"follow","max-snippet":"max-snippet:-1","max-image-preview":"max-image-preview:large","max-video-preview":"max-video-preview:-1"},"canonical":"https:\/\/www.soome.be\/en\/products\/womens-post-op-bras-2\/ec-042-lipo-arm-elegance-coolmax\/","og_locale":"en_GB","og_type":"article","og_title":"LIPO BRAS ELEGANCE COOLMAX (EC\/042) M\u00c9DICAL Z MEDICAL Z","og_description":"Fabrique avec un tissu Lycra l\u00e9ger et confortable, ce v\u00eatement extr\u00eamement l\u00e9ger est particuli\u00e8rement adapt\u00e9 aux liposuccions des bras, des sous bras et du haut du dos","og_url":"https:\/\/www.soome.be\/en\/products\/womens-post-op-bras-2\/ec-042-lipo-arm-elegance-coolmax\/","og_site_name":"SooMe","article_modified_time":"2026-04-22T13:11:03+00:00","og_image":[{"width":1766,"height":1725,"url":"https:\/\/www.soome.be\/wp-content\/uploads\/2023\/06\/products-Lipo-bras-elegance-coolmax-EC_042.jpg","type":"image\/jpeg"}],"twitter_card":"summary_large_image","twitter_misc":{"Estimated reading time":"1 minute"},"schema":{"@context":"https:\/\/schema.org","@graph":[{"@type":"WebPage","@id":"https:\/\/www.soome.be\/produits\/brassieres-post-operatoires-femme\/ec-042-lipo-bras-elegance-coolmax\/","url":"https:\/\/www.soome.be\/produits\/brassieres-post-operatoires-femme\/ec-042-lipo-bras-elegance-coolmax\/","name":"LIPO ARM ELEGANCE COOLMAX (EC\/042) MEDICAL Z MEDICAL Z","isPartOf":{"@id":"https:\/\/www.soome.be\/#website"},"primaryImageOfPage":{"@id":"https:\/\/www.soome.be\/produits\/brassieres-post-operatoires-femme\/ec-042-lipo-bras-elegance-coolmax\/#primaryimage"},"image":{"@id":"https:\/\/www.soome.be\/produits\/brassieres-post-operatoires-femme\/ec-042-lipo-bras-elegance-coolmax\/#primaryimage"},"thumbnailUrl":"https:\/\/www.soome.be\/wp-content\/uploads\/2023\/06\/products-Lipo-bras-elegance-coolmax-EC_042.jpg","datePublished":"2023-06-01T16:13:07+00:00","dateModified":"2026-04-22T13:11:03+00:00","description":"Made with a lightweight and comfortable Lycra fabric, this extremely lightweight garment is particularly suitable for liposuction of the arms, under arms and upper back","breadcrumb":{"@id":"https:\/\/www.soome.be\/produits\/brassieres-post-operatoires-femme\/ec-042-lipo-bras-elegance-coolmax\/#breadcrumb"},"inLanguage":"en-GB","potentialAction":[{"@type":"ReadAction","target":["https:\/\/www.soome.be\/produits\/brassieres-post-operatoires-femme\/ec-042-lipo-bras-elegance-coolmax\/"]}]},{"@type":"ImageObject","inLanguage":"en-GB","@id":"https:\/\/www.soome.be\/produits\/brassieres-post-operatoires-femme\/ec-042-lipo-bras-elegance-coolmax\/#primaryimage","url":"https:\/\/www.soome.be\/wp-content\/uploads\/2023\/06\/products-Lipo-bras-elegance-coolmax-EC_042.jpg","contentUrl":"https:\/\/www.soome.be\/wp-content\/uploads\/2023\/06\/products-Lipo-bras-elegance-coolmax-EC_042.jpg","width":1766,"height":1725,"caption":"EC\/042 \u2013 Lipo bras \u00c9l\u00e9gance coolmax MEDICAL Z"},{"@type":"BreadcrumbList","@id":"https:\/\/www.soome.be\/produits\/brassieres-post-operatoires-femme\/ec-042-lipo-bras-elegance-coolmax\/#breadcrumb","itemListElement":[{"@type":"ListItem","position":1,"name":"Accueil","item":"https:\/\/www.soome.be\/"},{"@type":"ListItem","position":2,"name":"PRODUITS","item":"https:\/\/www.soome.be\/produits\/"},{"@type":"ListItem","position":3,"name":"EC\/042 &#8211; Lipo bras \u00c9l\u00e9gance coolmax"}]},{"@type":"WebSite","@id":"https:\/\/www.soome.be\/#website","url":"https:\/\/www.soome.be\/","name":"SooMe","description":"","potentialAction":[{"@type":"SearchAction","target":{"@type":"EntryPoint","urlTemplate":"https:\/\/www.soome.be\/?s={search_term_string}"},"query-input":{"@type":"PropertyValueSpecification","valueRequired":true,"valueName":"search_term_string"}}],"inLanguage":"en-GB"}]}},"_links":{"self":[{"href":"https:\/\/www.soome.be\/en\/wp-json\/wp\/v2\/product\/5030","targetHints":{"allow":["GET"]}}],"collection":[{"href":"https:\/\/www.soome.be\/en\/wp-json\/wp\/v2\/product"}],"about":[{"href":"https:\/\/www.soome.be\/en\/wp-json\/wp\/v2\/types\/product"}],"replies":[{"embeddable":true,"href":"https:\/\/www.soome.be\/en\/wp-json\/wp\/v2\/comments?post=5030"}],"wp:featuredmedia":[{"embeddable":true,"href":"https:\/\/www.soome.be\/en\/wp-json\/wp\/v2\/media\/5037"}],"wp:attachment":[{"href":"https:\/\/www.soome.be\/en\/wp-json\/wp\/v2\/media?parent=5030"}],"wp:term":[{"taxonomy":"product_brand","embeddable":true,"href":"https:\/\/www.soome.be\/en\/wp-json\/wp\/v2\/product_brand?post=5030"},{"taxonomy":"product_cat","embeddable":true,"href":"https:\/\/www.soome.be\/en\/wp-json\/wp\/v2\/product_cat?post=5030"},{"taxonomy":"product_tag","embeddable":true,"href":"https:\/\/www.soome.be\/en\/wp-json\/wp\/v2\/product_tag?post=5030"},{"taxonomy":"berocket_brand","embeddable":true,"href":"https:\/\/www.soome.be\/en\/wp-json\/wp\/v2\/berocket_brand?post=5030"}],"curies":[{"name":"wp","href":"https:\/\/api.w.org\/{rel}","templated":true}]}}