{"id":5040,"date":"2023-06-01T18:13:07","date_gmt":"2023-06-01T16:13:07","guid":{"rendered":"https:\/\/www.soome.be\/?post_type=product&#038;p=5040"},"modified":"2026-04-22T15:11:03","modified_gmt":"2026-04-22T13:11:03","slug":"ec-038-romeo","status":"publish","type":"product","link":"https:\/\/www.soome.be\/en\/produits\/compression-thoracique-post-operatoire-homme\/ec-038-romeo\/","title":{"rendered":"EC\/038 ROMEO"},"content":{"rendered":"<p>SIZE :<\/p>\n<p>T 00 : 75 - 90<\/p>\n<p>T 0 : 90 - 95<\/p>\n<p>T 1 : 95 - 100<\/p>\n<p>T 2 : 100 - 105<\/p>\n<p>T 3 : 105 - 110<\/p>\n<p>T 4 : 110 - 115<\/p>\n<p>T 5 : 115 - 120<\/p>\n<p>T 6 : 120 - 125<\/p>\n<p><a href=\"https:\/\/youtu.be\/FquwnjjrfkA\">How to properly measure post-operative clothing<\/a><\/p>\n<p>NOTE:<\/p>\n<p>Gynecomastia correction<\/p>\n<p>Chest and upper back liposuction<\/p>\n<p>The Medical Z Romeo EC\/038 Men\u2019s Half Jacket is a post-operative garment that reduces discomfort and side effects caused by chest or torso surgery. Its installation takes place immediately after an intervention and allows to exert a permanent pressure. It effectively prevents the appearance of edema or inflammation..<\/p>\n<p>The application of Romeo made from a Coolmax textile is done immediately after the intervention. The pressure thus obtained ensures perfect support while maintaining an optimal comfort and total freedom of movement. The three different man models allow to adapt to all types of surgery.<\/p>\n<p>ENTRETIEN\u00a0: Lavage en machine \u00e0 30\u00b0 C maximum,<\/p>\n<p>utilisation du s\u00e8che-linge interdite<\/p>\n<p>The garment should not be applied directly to damaged skin or mucous membranes.<\/p>\n<p>BENEFIT: This is a lightweight garment with a zipper on the front for easy placement and increased support.<\/p>\n<p>COLOR : Black<\/p>","protected":false},"excerpt":{"rendered":"<p><a href=\"https:\/\/youtu.be\/FquwnjjrfkA\">How to properly measure post-operative clothing<\/a><\/p>\n<p>NOTE:<\/p>\n<p>Gynecomastia correction<\/p>\n<p>Chest and upper back liposuction<\/p>\n<p>The Medical Z Romeo EC\/038 Men\u2019s Half Jacket is a post-operative garment that reduces discomfort and side effects caused by chest or torso surgery. Its installation takes place immediately after an intervention and allows to exert a permanent pressure. It effectively prevents the appearance of edema or inflammation..<\/p>\n<p>The application of Romeo made from a Coolmax textile is done immediately after the intervention. The pressure thus obtained ensures perfect support while maintaining an optimal comfort and total freedom of movement. The three different man models allow to adapt to all types of surgery.<\/p>","protected":false},"featured_media":5048,"comment_status":"open","ping_status":"open","template":"","meta":[],"product_brand":[],"product_cat":[82],"product_tag":[],"berocket_brand":[432],"class_list":{"0":"post-5040","1":"product","2":"type-product","3":"status-publish","4":"has-post-thumbnail","6":"product_cat-compression-thoracique-post-operatoire-homme","7":"pa_product_brand-medical-z-3","8":"pa_taille-t0","9":"pa_taille-t1","10":"pa_taille-t2","11":"pa_taille-t3","12":"pa_taille-t4","13":"pa_taille-t5","14":"pa_taille-t6","15":"pa_xfgmc_adult-off-2","16":"pa_xfgmc_condition-default","17":"pa_xfgmc_identifier_exists-off","18":"berocket_brand-medical-z","20":"first","21":"instock","22":"taxable","23":"shipping-taxable","24":"purchasable","25":"product-type-variable"},"yoast_head":"<!-- This site is optimized with the Yoast SEO plugin v27.4 - https:\/\/yoast.com\/product\/yoast-seo-wordpress\/ -->\n<title>ROMEO EC\/038 M\u00c9DICAL Z MEDICAL Z<\/title>\n<meta name=\"description\" content=\"La demi-veste Rom\u00e9o homme EC\/038 de M\u00e9dical Z est un v\u00eatement post-op\u00e9ratoire qui r\u00e9duit les g\u00eanes et les effets secondaires caus\u00e9s par une op\u00e9ration chirurgicale du torse ou de la poitrine. Sa mise en place s\u2019effectue imm\u00e9diatement apr\u00e8s une intervention et permet d\u2019exercer une pression permanente. Elle pr\u00e9vient efficacement l\u2019apparition d\u2019\u0153d\u00e8mes ou d\u2019inflammations..\" \/>\n<meta name=\"robots\" content=\"index, follow, max-snippet:-1, max-image-preview:large, max-video-preview:-1\" \/>\n<link rel=\"canonical\" href=\"https:\/\/www.soome.be\/en\/products\/mens-post-op-chest-compression\/ec-038-romeo\/\" \/>\n<meta property=\"og:locale\" content=\"en_GB\" \/>\n<meta property=\"og:type\" content=\"article\" \/>\n<meta property=\"og:title\" content=\"ROMEO EC\/038 M\u00c9DICAL Z MEDICAL Z\" \/>\n<meta property=\"og:description\" content=\"La demi-veste Rom\u00e9o homme EC\/038 de M\u00e9dical Z est un v\u00eatement post-op\u00e9ratoire qui r\u00e9duit les g\u00eanes et les effets secondaires caus\u00e9s par une op\u00e9ration chirurgicale du torse ou de la poitrine. Sa mise en place s\u2019effectue imm\u00e9diatement apr\u00e8s une intervention et permet d\u2019exercer une pression permanente. Elle pr\u00e9vient efficacement l\u2019apparition d\u2019\u0153d\u00e8mes ou d\u2019inflammations..\" \/>\n<meta property=\"og:url\" content=\"https:\/\/www.soome.be\/en\/products\/mens-post-op-chest-compression\/ec-038-romeo\/\" \/>\n<meta property=\"og:site_name\" content=\"SooMe\" \/>\n<meta property=\"article:modified_time\" content=\"2026-04-22T13:11:03+00:00\" \/>\n<meta property=\"og:image\" content=\"https:\/\/www.soome.be\/wp-content\/uploads\/2023\/06\/products-detail_40_0.png\" \/>\n\t<meta property=\"og:image:width\" content=\"570\" \/>\n\t<meta property=\"og:image:height\" content=\"620\" \/>\n\t<meta property=\"og:image:type\" content=\"image\/jpeg\" \/>\n<meta name=\"twitter:card\" content=\"summary_large_image\" \/>\n<meta name=\"twitter:label1\" content=\"Estimated reading time\" \/>\n\t<meta name=\"twitter:data1\" content=\"1 minute\" \/>\n<script type=\"application\/ld+json\" class=\"yoast-schema-graph\">{\"@context\":\"https:\\\/\\\/schema.org\",\"@graph\":[{\"@type\":\"WebPage\",\"@id\":\"https:\\\/\\\/www.soome.be\\\/produits\\\/compression-thoracique-post-operatoire-homme\\\/ec-038-romeo\\\/\",\"url\":\"https:\\\/\\\/www.soome.be\\\/produits\\\/compression-thoracique-post-operatoire-homme\\\/ec-038-romeo\\\/\",\"name\":\"ROMEO EC\\\/038 M\u00c9DICAL Z MEDICAL Z\",\"isPartOf\":{\"@id\":\"https:\\\/\\\/www.soome.be\\\/#website\"},\"primaryImageOfPage\":{\"@id\":\"https:\\\/\\\/www.soome.be\\\/produits\\\/compression-thoracique-post-operatoire-homme\\\/ec-038-romeo\\\/#primaryimage\"},\"image\":{\"@id\":\"https:\\\/\\\/www.soome.be\\\/produits\\\/compression-thoracique-post-operatoire-homme\\\/ec-038-romeo\\\/#primaryimage\"},\"thumbnailUrl\":\"https:\\\/\\\/www.soome.be\\\/wp-content\\\/uploads\\\/2023\\\/06\\\/products-detail_40_0.png\",\"datePublished\":\"2023-06-01T16:13:07+00:00\",\"dateModified\":\"2026-04-22T13:11:03+00:00\",\"description\":\"La demi-veste Rom\u00e9o homme EC\\\/038 de M\u00e9dical Z est un v\u00eatement post-op\u00e9ratoire qui r\u00e9duit les g\u00eanes et les effets secondaires caus\u00e9s par une op\u00e9ration chirurgicale du torse ou de la poitrine. Sa mise en place s\u2019effectue imm\u00e9diatement apr\u00e8s une intervention et permet d\u2019exercer une pression permanente. Elle pr\u00e9vient efficacement l\u2019apparition d\u2019\u0153d\u00e8mes ou d\u2019inflammations..\",\"breadcrumb\":{\"@id\":\"https:\\\/\\\/www.soome.be\\\/produits\\\/compression-thoracique-post-operatoire-homme\\\/ec-038-romeo\\\/#breadcrumb\"},\"inLanguage\":\"en-GB\",\"potentialAction\":[{\"@type\":\"ReadAction\",\"target\":[\"https:\\\/\\\/www.soome.be\\\/produits\\\/compression-thoracique-post-operatoire-homme\\\/ec-038-romeo\\\/\"]}]},{\"@type\":\"ImageObject\",\"inLanguage\":\"en-GB\",\"@id\":\"https:\\\/\\\/www.soome.be\\\/produits\\\/compression-thoracique-post-operatoire-homme\\\/ec-038-romeo\\\/#primaryimage\",\"url\":\"https:\\\/\\\/www.soome.be\\\/wp-content\\\/uploads\\\/2023\\\/06\\\/products-detail_40_0.png\",\"contentUrl\":\"https:\\\/\\\/www.soome.be\\\/wp-content\\\/uploads\\\/2023\\\/06\\\/products-detail_40_0.png\",\"width\":570,\"height\":620,\"caption\":\"EC\\\/038 ROMEO MEDICAL Z\"},{\"@type\":\"BreadcrumbList\",\"@id\":\"https:\\\/\\\/www.soome.be\\\/produits\\\/compression-thoracique-post-operatoire-homme\\\/ec-038-romeo\\\/#breadcrumb\",\"itemListElement\":[{\"@type\":\"ListItem\",\"position\":1,\"name\":\"Accueil\",\"item\":\"https:\\\/\\\/www.soome.be\\\/\"},{\"@type\":\"ListItem\",\"position\":2,\"name\":\"PRODUITS\",\"item\":\"https:\\\/\\\/www.soome.be\\\/produits\\\/\"},{\"@type\":\"ListItem\",\"position\":3,\"name\":\"EC\\\/038 ROMEO\"}]},{\"@type\":\"WebSite\",\"@id\":\"https:\\\/\\\/www.soome.be\\\/#website\",\"url\":\"https:\\\/\\\/www.soome.be\\\/\",\"name\":\"SooMe\",\"description\":\"\",\"potentialAction\":[{\"@type\":\"SearchAction\",\"target\":{\"@type\":\"EntryPoint\",\"urlTemplate\":\"https:\\\/\\\/www.soome.be\\\/?s={search_term_string}\"},\"query-input\":{\"@type\":\"PropertyValueSpecification\",\"valueRequired\":true,\"valueName\":\"search_term_string\"}}],\"inLanguage\":\"en-GB\"}]}<\/script>\n<!-- \/ Yoast SEO plugin. -->","yoast_head_json":{"title":"ROMEO EC\/038 MEDICAL Z MEDICAL Z","description":"The Medical Z Romeo EC\/038 Men\u2019s Half Jacket is a post-operative garment that reduces discomfort and side effects caused by chest or torso surgery. Its installation takes place immediately after an intervention and allows to exert a permanent pressure. It effectively prevents the appearance of edema or inflammation..","robots":{"index":"index","follow":"follow","max-snippet":"max-snippet:-1","max-image-preview":"max-image-preview:large","max-video-preview":"max-video-preview:-1"},"canonical":"https:\/\/www.soome.be\/en\/products\/mens-post-op-chest-compression\/ec-038-romeo\/","og_locale":"en_GB","og_type":"article","og_title":"ROMEO EC\/038 M\u00c9DICAL Z MEDICAL Z","og_description":"La demi-veste Rom\u00e9o homme EC\/038 de M\u00e9dical Z est un v\u00eatement post-op\u00e9ratoire qui r\u00e9duit les g\u00eanes et les effets secondaires caus\u00e9s par une op\u00e9ration chirurgicale du torse ou de la poitrine. Sa mise en place s\u2019effectue imm\u00e9diatement apr\u00e8s une intervention et permet d\u2019exercer une pression permanente. Elle pr\u00e9vient efficacement l\u2019apparition d\u2019\u0153d\u00e8mes ou d\u2019inflammations..","og_url":"https:\/\/www.soome.be\/en\/products\/mens-post-op-chest-compression\/ec-038-romeo\/","og_site_name":"SooMe","article_modified_time":"2026-04-22T13:11:03+00:00","og_image":[{"width":570,"height":620,"url":"https:\/\/www.soome.be\/wp-content\/uploads\/2023\/06\/products-detail_40_0.png","type":"image\/jpeg"}],"twitter_card":"summary_large_image","twitter_misc":{"Estimated reading time":"1 minute"},"schema":{"@context":"https:\/\/schema.org","@graph":[{"@type":"WebPage","@id":"https:\/\/www.soome.be\/produits\/compression-thoracique-post-operatoire-homme\/ec-038-romeo\/","url":"https:\/\/www.soome.be\/produits\/compression-thoracique-post-operatoire-homme\/ec-038-romeo\/","name":"ROMEO EC\/038 MEDICAL Z MEDICAL Z","isPartOf":{"@id":"https:\/\/www.soome.be\/#website"},"primaryImageOfPage":{"@id":"https:\/\/www.soome.be\/produits\/compression-thoracique-post-operatoire-homme\/ec-038-romeo\/#primaryimage"},"image":{"@id":"https:\/\/www.soome.be\/produits\/compression-thoracique-post-operatoire-homme\/ec-038-romeo\/#primaryimage"},"thumbnailUrl":"https:\/\/www.soome.be\/wp-content\/uploads\/2023\/06\/products-detail_40_0.png","datePublished":"2023-06-01T16:13:07+00:00","dateModified":"2026-04-22T13:11:03+00:00","description":"The Medical Z Romeo EC\/038 Men\u2019s Half Jacket is a post-operative garment that reduces discomfort and side effects caused by chest or torso surgery. Its installation takes place immediately after an intervention and allows to exert a permanent pressure. It effectively prevents the appearance of edema or inflammation..","breadcrumb":{"@id":"https:\/\/www.soome.be\/produits\/compression-thoracique-post-operatoire-homme\/ec-038-romeo\/#breadcrumb"},"inLanguage":"en-GB","potentialAction":[{"@type":"ReadAction","target":["https:\/\/www.soome.be\/produits\/compression-thoracique-post-operatoire-homme\/ec-038-romeo\/"]}]},{"@type":"ImageObject","inLanguage":"en-GB","@id":"https:\/\/www.soome.be\/produits\/compression-thoracique-post-operatoire-homme\/ec-038-romeo\/#primaryimage","url":"https:\/\/www.soome.be\/wp-content\/uploads\/2023\/06\/products-detail_40_0.png","contentUrl":"https:\/\/www.soome.be\/wp-content\/uploads\/2023\/06\/products-detail_40_0.png","width":570,"height":620,"caption":"EC\/038 ROMEO MEDICAL Z"},{"@type":"BreadcrumbList","@id":"https:\/\/www.soome.be\/produits\/compression-thoracique-post-operatoire-homme\/ec-038-romeo\/#breadcrumb","itemListElement":[{"@type":"ListItem","position":1,"name":"Accueil","item":"https:\/\/www.soome.be\/"},{"@type":"ListItem","position":2,"name":"PRODUITS","item":"https:\/\/www.soome.be\/produits\/"},{"@type":"ListItem","position":3,"name":"EC\/038 ROMEO"}]},{"@type":"WebSite","@id":"https:\/\/www.soome.be\/#website","url":"https:\/\/www.soome.be\/","name":"SooMe","description":"","potentialAction":[{"@type":"SearchAction","target":{"@type":"EntryPoint","urlTemplate":"https:\/\/www.soome.be\/?s={search_term_string}"},"query-input":{"@type":"PropertyValueSpecification","valueRequired":true,"valueName":"search_term_string"}}],"inLanguage":"en-GB"}]}},"_links":{"self":[{"href":"https:\/\/www.soome.be\/en\/wp-json\/wp\/v2\/product\/5040","targetHints":{"allow":["GET"]}}],"collection":[{"href":"https:\/\/www.soome.be\/en\/wp-json\/wp\/v2\/product"}],"about":[{"href":"https:\/\/www.soome.be\/en\/wp-json\/wp\/v2\/types\/product"}],"replies":[{"embeddable":true,"href":"https:\/\/www.soome.be\/en\/wp-json\/wp\/v2\/comments?post=5040"}],"wp:featuredmedia":[{"embeddable":true,"href":"https:\/\/www.soome.be\/en\/wp-json\/wp\/v2\/media\/5048"}],"wp:attachment":[{"href":"https:\/\/www.soome.be\/en\/wp-json\/wp\/v2\/media?parent=5040"}],"wp:term":[{"taxonomy":"product_brand","embeddable":true,"href":"https:\/\/www.soome.be\/en\/wp-json\/wp\/v2\/product_brand?post=5040"},{"taxonomy":"product_cat","embeddable":true,"href":"https:\/\/www.soome.be\/en\/wp-json\/wp\/v2\/product_cat?post=5040"},{"taxonomy":"product_tag","embeddable":true,"href":"https:\/\/www.soome.be\/en\/wp-json\/wp\/v2\/product_tag?post=5040"},{"taxonomy":"berocket_brand","embeddable":true,"href":"https:\/\/www.soome.be\/en\/wp-json\/wp\/v2\/berocket_brand?post=5040"}],"curies":[{"name":"wp","href":"https:\/\/api.w.org\/{rel}","templated":true}]}}