{"id":5051,"date":"2023-06-01T18:13:07","date_gmt":"2023-06-01T16:13:07","guid":{"rendered":"https:\/\/www.soome.be\/?post_type=product&#038;p=5051"},"modified":"2026-04-22T15:11:03","modified_gmt":"2026-04-22T13:11:03","slug":"press-lift-ac-002-medical-z","status":"publish","type":"product","link":"https:\/\/www.soome.be\/en\/produits\/bandeaux-contention-visage-post-operatoire\/press-lift-ac-002-medical-z\/","title":{"rendered":"PRESS LIFT AC\/002 MEDICAL Z"},"content":{"rendered":"<p>HEIGHT: Infant adult child 1 2 3<\/p>\n<p><a href=\"https:\/\/youtu.be\/FquwnjjrfkA\">How to properly measure post-operative clothing.<\/a><\/p>\n<p>INDICATION : facelift<\/p>\n<p>The Press Lift AC\/002 chin strap is equipped with adjustable Velcro straps at the top of the head and back of the neck for good compression after your cervico-facial lift.<\/p>\n<p>MULTI-FONCTIONS :<\/p>\n<p>&#8211; Application de maintien avec pression permanente Anti-\u0153demateux<\/p>\n<p>&#8211; Pressoth\u00e9rapie dans le traitement des cicatrices hypertrophiques<\/p>\n<p>&#8211; Pressoth\u00e9rapie maxillo-faciale Textile Coolmax thermor\u00e9gulateur et facilitant l\u2019\u00e9limination de la transpiration.<\/p>\n<p>Sa simplicit\u00e9 et sa rapidit\u00e9 de mise en place, de m\u00eame que ses r\u00e9glages tous azimuts font du PRESS-LIFT l\u2019appareil standard id\u00e9al.<\/p>\n<p>The multitude of adjustments that can be made with the Velcro allows to precisely adapt the PRESS-LIFT to the morphology of the face, man or woman, and thus to obtain the desired pressure according to the therapeutic needs.<\/p>\n<p>MAINTENANCE: To preserve all its qualities specific to your PRESS-LIFT, it is recommended to wash it manually with warm water with a natural soap (type Marseille soap) or in a machine at 30\u00b0 using a program for \u00abdelicate linen\u00bb.<\/p>\n<p>The PRESS-LIFT should not be applied directly to the damaged skin or mucous membrane.<\/p>\n<p>COLOR : Skin<\/p>","protected":false},"excerpt":{"rendered":"<p><a href=\"https:\/\/youtu.be\/FquwnjjrfkA\">How to properly measure post-operative clothing.<\/a><\/p>\n<p>INDICATION : facelift<\/p>\n<p>The Press Lift AC\/002 chin strap is equipped with adjustable Velcro straps at the top of the head and back of the neck for good compression after your cervico-facial lift.<\/p>","protected":false},"featured_media":5057,"comment_status":"open","ping_status":"open","template":"","meta":[],"product_brand":[],"product_cat":[80],"product_tag":[],"berocket_brand":[432],"class_list":{"0":"post-5051","1":"product","2":"type-product","3":"status-publish","4":"has-post-thumbnail","6":"product_cat-bandeaux-contention-visage-post-operatoire","7":"pa_product_brand-medical-z-3","8":"pa_taille-adulte-1","9":"pa_taille-adulte-2","10":"pa_taille-adulte-3","11":"pa_taille-enfant","12":"pa_taille-nourrisson","13":"pa_thp_upsell_product_select-335","14":"pa_thp_upsellpopup_redirect-1stay","15":"pa_thp_upsellpopup_redirect_no-1stay-2","16":"pa_thp_upsellpopup_template-template-default","17":"pa_xfgmc_adult-off-2","18":"pa_xfgmc_condition-default","19":"pa_xfgmc_identifier_exists-off","20":"berocket_brand-medical-z","22":"first","23":"instock","24":"taxable","25":"shipping-taxable","26":"purchasable","27":"product-type-variable"},"yoast_head":"<!-- This site is optimized with the Yoast SEO plugin v27.4 - https:\/\/yoast.com\/product\/yoast-seo-wordpress\/ -->\n<title>PRESS LIFT AC\/002 M\u00c9DICAL Z MEDICAL Z<\/title>\n<meta name=\"description\" content=\"La mentonni\u00e8re Press Lift AC\/002 est munie de bandes velcro ajustables au sommet de la t\u00eate et \u00e0 l\u2019arri\u00e8re du cou pour une bonne compression apr\u00e8s votre lifting cervico-facial.\" \/>\n<meta name=\"robots\" content=\"index, follow, max-snippet:-1, max-image-preview:large, max-video-preview:-1\" \/>\n<link rel=\"canonical\" href=\"https:\/\/www.soome.be\/en\/products\/post-op-facial-compression-bands\/press-lift-ac-002-medical-z\/\" \/>\n<meta property=\"og:locale\" content=\"en_GB\" \/>\n<meta property=\"og:type\" content=\"article\" \/>\n<meta property=\"og:title\" content=\"PRESS LIFT AC\/002 M\u00c9DICAL Z MEDICAL Z\" \/>\n<meta property=\"og:description\" content=\"La mentonni\u00e8re Press Lift AC\/002 est munie de bandes velcro ajustables au sommet de la t\u00eate et \u00e0 l\u2019arri\u00e8re du cou pour une bonne compression apr\u00e8s votre lifting cervico-facial.\" \/>\n<meta property=\"og:url\" content=\"https:\/\/www.soome.be\/en\/products\/post-op-facial-compression-bands\/press-lift-ac-002-medical-z\/\" \/>\n<meta property=\"og:site_name\" content=\"SooMe\" \/>\n<meta property=\"article:modified_time\" content=\"2026-04-22T13:11:03+00:00\" \/>\n<meta property=\"og:image\" content=\"https:\/\/www.soome.be\/wp-content\/uploads\/2023\/06\/products-diapo_63_149.jpg\" \/>\n\t<meta property=\"og:image:width\" content=\"570\" \/>\n\t<meta property=\"og:image:height\" content=\"620\" \/>\n\t<meta property=\"og:image:type\" content=\"image\/jpeg\" \/>\n<meta name=\"twitter:card\" content=\"summary_large_image\" \/>\n<meta name=\"twitter:label1\" content=\"Estimated reading time\" \/>\n\t<meta name=\"twitter:data1\" content=\"1 minute\" \/>\n<script type=\"application\/ld+json\" class=\"yoast-schema-graph\">{\"@context\":\"https:\\\/\\\/schema.org\",\"@graph\":[{\"@type\":\"WebPage\",\"@id\":\"https:\\\/\\\/www.soome.be\\\/produits\\\/bandeaux-contention-visage-post-operatoire\\\/press-lift-ac-002-medical-z\\\/\",\"url\":\"https:\\\/\\\/www.soome.be\\\/produits\\\/bandeaux-contention-visage-post-operatoire\\\/press-lift-ac-002-medical-z\\\/\",\"name\":\"PRESS LIFT AC\\\/002 M\u00c9DICAL Z MEDICAL Z\",\"isPartOf\":{\"@id\":\"https:\\\/\\\/www.soome.be\\\/#website\"},\"primaryImageOfPage\":{\"@id\":\"https:\\\/\\\/www.soome.be\\\/produits\\\/bandeaux-contention-visage-post-operatoire\\\/press-lift-ac-002-medical-z\\\/#primaryimage\"},\"image\":{\"@id\":\"https:\\\/\\\/www.soome.be\\\/produits\\\/bandeaux-contention-visage-post-operatoire\\\/press-lift-ac-002-medical-z\\\/#primaryimage\"},\"thumbnailUrl\":\"https:\\\/\\\/www.soome.be\\\/wp-content\\\/uploads\\\/2023\\\/06\\\/products-diapo_63_149.jpg\",\"datePublished\":\"2023-06-01T16:13:07+00:00\",\"dateModified\":\"2026-04-22T13:11:03+00:00\",\"description\":\"La mentonni\u00e8re Press Lift AC\\\/002 est munie de bandes velcro ajustables au sommet de la t\u00eate et \u00e0 l\u2019arri\u00e8re du cou pour une bonne compression apr\u00e8s votre lifting cervico-facial.\",\"breadcrumb\":{\"@id\":\"https:\\\/\\\/www.soome.be\\\/produits\\\/bandeaux-contention-visage-post-operatoire\\\/press-lift-ac-002-medical-z\\\/#breadcrumb\"},\"inLanguage\":\"en-GB\",\"potentialAction\":[{\"@type\":\"ReadAction\",\"target\":[\"https:\\\/\\\/www.soome.be\\\/produits\\\/bandeaux-contention-visage-post-operatoire\\\/press-lift-ac-002-medical-z\\\/\"]}]},{\"@type\":\"ImageObject\",\"inLanguage\":\"en-GB\",\"@id\":\"https:\\\/\\\/www.soome.be\\\/produits\\\/bandeaux-contention-visage-post-operatoire\\\/press-lift-ac-002-medical-z\\\/#primaryimage\",\"url\":\"https:\\\/\\\/www.soome.be\\\/wp-content\\\/uploads\\\/2023\\\/06\\\/products-diapo_63_149.jpg\",\"contentUrl\":\"https:\\\/\\\/www.soome.be\\\/wp-content\\\/uploads\\\/2023\\\/06\\\/products-diapo_63_149.jpg\",\"width\":570,\"height\":620,\"caption\":\"PRESS LIFT AC\\\/002 M\u00c9DICAL Z\"},{\"@type\":\"BreadcrumbList\",\"@id\":\"https:\\\/\\\/www.soome.be\\\/produits\\\/bandeaux-contention-visage-post-operatoire\\\/press-lift-ac-002-medical-z\\\/#breadcrumb\",\"itemListElement\":[{\"@type\":\"ListItem\",\"position\":1,\"name\":\"Accueil\",\"item\":\"https:\\\/\\\/www.soome.be\\\/\"},{\"@type\":\"ListItem\",\"position\":2,\"name\":\"PRODUITS\",\"item\":\"https:\\\/\\\/www.soome.be\\\/produits\\\/\"},{\"@type\":\"ListItem\",\"position\":3,\"name\":\"PRESS LIFT AC\\\/002 M\u00c9DICAL Z\"}]},{\"@type\":\"WebSite\",\"@id\":\"https:\\\/\\\/www.soome.be\\\/#website\",\"url\":\"https:\\\/\\\/www.soome.be\\\/\",\"name\":\"SooMe\",\"description\":\"\",\"potentialAction\":[{\"@type\":\"SearchAction\",\"target\":{\"@type\":\"EntryPoint\",\"urlTemplate\":\"https:\\\/\\\/www.soome.be\\\/?s={search_term_string}\"},\"query-input\":{\"@type\":\"PropertyValueSpecification\",\"valueRequired\":true,\"valueName\":\"search_term_string\"}}],\"inLanguage\":\"en-GB\"}]}<\/script>\n<!-- \/ Yoast SEO plugin. -->","yoast_head_json":{"title":"PRESS LIFT AC\/002 MEDICAL Z MEDICAL Z","description":"The Press Lift AC\/002 chinstrap has adjustable Velcro straps at the top of the head and back of the neck for good compression after your neck lift.","robots":{"index":"index","follow":"follow","max-snippet":"max-snippet:-1","max-image-preview":"max-image-preview:large","max-video-preview":"max-video-preview:-1"},"canonical":"https:\/\/www.soome.be\/en\/products\/post-op-facial-compression-bands\/press-lift-ac-002-medical-z\/","og_locale":"en_GB","og_type":"article","og_title":"PRESS LIFT AC\/002 M\u00c9DICAL Z MEDICAL Z","og_description":"La mentonni\u00e8re Press Lift AC\/002 est munie de bandes velcro ajustables au sommet de la t\u00eate et \u00e0 l\u2019arri\u00e8re du cou pour une bonne compression apr\u00e8s votre lifting cervico-facial.","og_url":"https:\/\/www.soome.be\/en\/products\/post-op-facial-compression-bands\/press-lift-ac-002-medical-z\/","og_site_name":"SooMe","article_modified_time":"2026-04-22T13:11:03+00:00","og_image":[{"width":570,"height":620,"url":"https:\/\/www.soome.be\/wp-content\/uploads\/2023\/06\/products-diapo_63_149.jpg","type":"image\/jpeg"}],"twitter_card":"summary_large_image","twitter_misc":{"Estimated reading time":"1 minute"},"schema":{"@context":"https:\/\/schema.org","@graph":[{"@type":"WebPage","@id":"https:\/\/www.soome.be\/produits\/bandeaux-contention-visage-post-operatoire\/press-lift-ac-002-medical-z\/","url":"https:\/\/www.soome.be\/produits\/bandeaux-contention-visage-post-operatoire\/press-lift-ac-002-medical-z\/","name":"PRESS LIFT AC\/002 MEDICAL Z MEDICAL Z","isPartOf":{"@id":"https:\/\/www.soome.be\/#website"},"primaryImageOfPage":{"@id":"https:\/\/www.soome.be\/produits\/bandeaux-contention-visage-post-operatoire\/press-lift-ac-002-medical-z\/#primaryimage"},"image":{"@id":"https:\/\/www.soome.be\/produits\/bandeaux-contention-visage-post-operatoire\/press-lift-ac-002-medical-z\/#primaryimage"},"thumbnailUrl":"https:\/\/www.soome.be\/wp-content\/uploads\/2023\/06\/products-diapo_63_149.jpg","datePublished":"2023-06-01T16:13:07+00:00","dateModified":"2026-04-22T13:11:03+00:00","description":"The Press Lift AC\/002 chinstrap has adjustable Velcro straps at the top of the head and back of the neck for good compression after your neck lift.","breadcrumb":{"@id":"https:\/\/www.soome.be\/produits\/bandeaux-contention-visage-post-operatoire\/press-lift-ac-002-medical-z\/#breadcrumb"},"inLanguage":"en-GB","potentialAction":[{"@type":"ReadAction","target":["https:\/\/www.soome.be\/produits\/bandeaux-contention-visage-post-operatoire\/press-lift-ac-002-medical-z\/"]}]},{"@type":"ImageObject","inLanguage":"en-GB","@id":"https:\/\/www.soome.be\/produits\/bandeaux-contention-visage-post-operatoire\/press-lift-ac-002-medical-z\/#primaryimage","url":"https:\/\/www.soome.be\/wp-content\/uploads\/2023\/06\/products-diapo_63_149.jpg","contentUrl":"https:\/\/www.soome.be\/wp-content\/uploads\/2023\/06\/products-diapo_63_149.jpg","width":570,"height":620,"caption":"PRESS LIFT AC\/002 M\u00c9DICAL Z"},{"@type":"BreadcrumbList","@id":"https:\/\/www.soome.be\/produits\/bandeaux-contention-visage-post-operatoire\/press-lift-ac-002-medical-z\/#breadcrumb","itemListElement":[{"@type":"ListItem","position":1,"name":"Accueil","item":"https:\/\/www.soome.be\/"},{"@type":"ListItem","position":2,"name":"PRODUITS","item":"https:\/\/www.soome.be\/produits\/"},{"@type":"ListItem","position":3,"name":"PRESS LIFT AC\/002 M\u00c9DICAL Z"}]},{"@type":"WebSite","@id":"https:\/\/www.soome.be\/#website","url":"https:\/\/www.soome.be\/","name":"SooMe","description":"","potentialAction":[{"@type":"SearchAction","target":{"@type":"EntryPoint","urlTemplate":"https:\/\/www.soome.be\/?s={search_term_string}"},"query-input":{"@type":"PropertyValueSpecification","valueRequired":true,"valueName":"search_term_string"}}],"inLanguage":"en-GB"}]}},"_links":{"self":[{"href":"https:\/\/www.soome.be\/en\/wp-json\/wp\/v2\/product\/5051","targetHints":{"allow":["GET"]}}],"collection":[{"href":"https:\/\/www.soome.be\/en\/wp-json\/wp\/v2\/product"}],"about":[{"href":"https:\/\/www.soome.be\/en\/wp-json\/wp\/v2\/types\/product"}],"replies":[{"embeddable":true,"href":"https:\/\/www.soome.be\/en\/wp-json\/wp\/v2\/comments?post=5051"}],"wp:featuredmedia":[{"embeddable":true,"href":"https:\/\/www.soome.be\/en\/wp-json\/wp\/v2\/media\/5057"}],"wp:attachment":[{"href":"https:\/\/www.soome.be\/en\/wp-json\/wp\/v2\/media?parent=5051"}],"wp:term":[{"taxonomy":"product_brand","embeddable":true,"href":"https:\/\/www.soome.be\/en\/wp-json\/wp\/v2\/product_brand?post=5051"},{"taxonomy":"product_cat","embeddable":true,"href":"https:\/\/www.soome.be\/en\/wp-json\/wp\/v2\/product_cat?post=5051"},{"taxonomy":"product_tag","embeddable":true,"href":"https:\/\/www.soome.be\/en\/wp-json\/wp\/v2\/product_tag?post=5051"},{"taxonomy":"berocket_brand","embeddable":true,"href":"https:\/\/www.soome.be\/en\/wp-json\/wp\/v2\/berocket_brand?post=5051"}],"curies":[{"name":"wp","href":"https:\/\/api.w.org\/{rel}","templated":true}]}}