{"id":5125,"date":"2023-06-01T18:13:08","date_gmt":"2023-06-01T16:13:08","guid":{"rendered":"https:\/\/www.soome.be\/?post_type=product&#038;p=5125"},"modified":"2026-04-22T15:11:16","modified_gmt":"2026-04-22T13:11:16","slug":"s-031-abdominal-support-belt","status":"publish","type":"product","link":"https:\/\/www.soome.be\/en\/produits\/ceintures-grossesse-maternite\/s-031-ceinture-de-soutien-abdominal\/","title":{"rendered":"S\/031 ABDOMINAL SUPPORT BELT"},"content":{"rendered":"<p>The Medical Z\u00ae abdominal support belt is recommended for use as early as the 20th week of pregnancy.<\/p>\n<p>CARACT\u00c9RISTIQUES :<\/p>\n<p>Nos tissus sont utilis\u00e9s pour diff\u00e9rents traitements par compression (v\u00eatements compressifs sur mesure pour grand br\u00fbl\u00e9s et orth\u00e8ses compressives pour la chirurgie plastique).<\/p>\n<p>The garment should not be applied directly to damaged skin or mucous membranes.<\/p>\n<p>Tous nos tissus sont test\u00e9s pour v\u00e9rifier :<\/p>\n<p>\u2022 L\u2019\u00e9lasticit\u00e9<\/p>\n<p>\u2022 Le d\u00e9gorgement des couleurs<\/p>\n<p>\u2022 L\u2019usure dans le temps<\/p>\n<p>MAINTENANCE :<\/p>\n<p>Pour conserver toutes les qualit\u00e9s de votre ceinture, il est recommand\u00e9 de la laver \u00e0 la main \u00e0 l\u2019eau ti\u00e8de avec un savon naturel (type savon de Marseille).<\/p>\n<p>Video: how to properly measure post-operative clothing Medical Z<\/p>\n<p>https:\/\/www.medicalz.com\/media\/uploads\/produit\/70_0.pdf<\/p>\n<p>COLOR :<\/p>\n<p>&#8211; Blanc<\/p>\n<p>&#8211; Noir<\/p>\n<p><img decoding=\"async\" class=\"alignnone wp-image-38960\" src=\"https:\/\/www.abricot-compression.com\/wp-content\/uploads\/2022\/02\/guide-taille-S031-300x215.png\" alt=\"\" width=\"248\" height=\"178\" \/><\/p>","protected":false},"excerpt":{"rendered":"<p>The Medical Z\u00ae abdominal support belt is recommended for use as early as the 20th week of pregnancy.<\/p>\n<p>CARACT\u00c9RISTIQUES :<\/p>\n<p>Nos tissus sont utilis\u00e9s pour diff\u00e9rents traitements par compression (v\u00eatements compressifs sur mesure pour grand br\u00fbl\u00e9s et orth\u00e8ses compressives pour la chirurgie plastique).<\/p>","protected":false},"featured_media":5136,"comment_status":"open","ping_status":"open","template":"","meta":[],"product_brand":[],"product_cat":[84],"product_tag":[],"berocket_brand":[432],"class_list":{"0":"post-5125","1":"product","2":"type-product","3":"status-publish","4":"has-post-thumbnail","6":"product_cat-ceintures-grossesse-maternite","7":"pa_couleur-blanc","8":"pa_couleur-noir","9":"pa_product_brand-medical-z-3","10":"pa_taille-1-3","11":"pa_taille-2-2","12":"pa_taille-3-2","13":"pa_taille-4-2","14":"pa_taille-5-2","15":"pa_thp_upsellpopup_template-template-default","16":"pa_xfgmc_adult-off-2","17":"pa_xfgmc_condition-default","18":"pa_xfgmc_identifier_exists-off","19":"berocket_brand-medical-z","21":"first","22":"instock","23":"taxable","24":"shipping-taxable","25":"purchasable","26":"product-type-variable"},"yoast_head":"<!-- This site is optimized with the Yoast SEO plugin v27.4 - https:\/\/yoast.com\/product\/yoast-seo-wordpress\/ -->\n<title>CEINTURE DE SOUTIEN ABDOMINAL (S\/031) M\u00c9DICAL Z MEDICAL Z<\/title>\n<meta name=\"description\" content=\"Le port de la ceinture de soutien abdominal de M\u00e9dical Z\u00ae est recommand\u00e9e d\u00e8s la 20\u00e8me semaine de grossesse.\" \/>\n<meta name=\"robots\" content=\"index, follow, max-snippet:-1, max-image-preview:large, max-video-preview:-1\" \/>\n<link rel=\"canonical\" href=\"https:\/\/www.soome.be\/en\/products\/pregnancy-maternity-belts\/s-031-abdominal-support-belt\/\" \/>\n<meta property=\"og:locale\" content=\"en_GB\" \/>\n<meta property=\"og:type\" content=\"article\" \/>\n<meta property=\"og:title\" content=\"CEINTURE DE SOUTIEN ABDOMINAL (S\/031) M\u00c9DICAL Z MEDICAL Z\" \/>\n<meta property=\"og:description\" content=\"Le port de la ceinture de soutien abdominal de M\u00e9dical Z\u00ae est recommand\u00e9e d\u00e8s la 20\u00e8me semaine de grossesse.\" \/>\n<meta property=\"og:url\" content=\"https:\/\/www.soome.be\/en\/products\/pregnancy-maternity-belts\/s-031-abdominal-support-belt\/\" \/>\n<meta property=\"og:site_name\" content=\"SooMe\" \/>\n<meta property=\"article:modified_time\" content=\"2026-04-22T13:11:16+00:00\" \/>\n<meta property=\"og:image\" content=\"https:\/\/www.soome.be\/wp-content\/uploads\/2023\/06\/products-diapo_70_291.jpg\" \/>\n\t<meta property=\"og:image:width\" content=\"570\" \/>\n\t<meta property=\"og:image:height\" content=\"620\" \/>\n\t<meta property=\"og:image:type\" content=\"image\/jpeg\" \/>\n<meta name=\"twitter:card\" content=\"summary_large_image\" \/>\n<meta name=\"twitter:label1\" content=\"Estimated reading time\" \/>\n\t<meta name=\"twitter:data1\" content=\"1 minute\" \/>\n<script type=\"application\/ld+json\" class=\"yoast-schema-graph\">{\"@context\":\"https:\\\/\\\/schema.org\",\"@graph\":[{\"@type\":\"WebPage\",\"@id\":\"https:\\\/\\\/www.soome.be\\\/produits\\\/ceintures-grossesse-maternite\\\/s-031-ceinture-de-soutien-abdominal\\\/\",\"url\":\"https:\\\/\\\/www.soome.be\\\/produits\\\/ceintures-grossesse-maternite\\\/s-031-ceinture-de-soutien-abdominal\\\/\",\"name\":\"CEINTURE DE SOUTIEN ABDOMINAL (S\\\/031) M\u00c9DICAL Z MEDICAL Z\",\"isPartOf\":{\"@id\":\"https:\\\/\\\/www.soome.be\\\/#website\"},\"primaryImageOfPage\":{\"@id\":\"https:\\\/\\\/www.soome.be\\\/produits\\\/ceintures-grossesse-maternite\\\/s-031-ceinture-de-soutien-abdominal\\\/#primaryimage\"},\"image\":{\"@id\":\"https:\\\/\\\/www.soome.be\\\/produits\\\/ceintures-grossesse-maternite\\\/s-031-ceinture-de-soutien-abdominal\\\/#primaryimage\"},\"thumbnailUrl\":\"https:\\\/\\\/www.soome.be\\\/wp-content\\\/uploads\\\/2023\\\/06\\\/products-diapo_70_291.jpg\",\"datePublished\":\"2023-06-01T16:13:08+00:00\",\"dateModified\":\"2026-04-22T13:11:16+00:00\",\"description\":\"Le port de la ceinture de soutien abdominal de M\u00e9dical Z\u00ae est recommand\u00e9e d\u00e8s la 20\u00e8me semaine de grossesse.\",\"breadcrumb\":{\"@id\":\"https:\\\/\\\/www.soome.be\\\/produits\\\/ceintures-grossesse-maternite\\\/s-031-ceinture-de-soutien-abdominal\\\/#breadcrumb\"},\"inLanguage\":\"en-GB\",\"potentialAction\":[{\"@type\":\"ReadAction\",\"target\":[\"https:\\\/\\\/www.soome.be\\\/produits\\\/ceintures-grossesse-maternite\\\/s-031-ceinture-de-soutien-abdominal\\\/\"]}]},{\"@type\":\"ImageObject\",\"inLanguage\":\"en-GB\",\"@id\":\"https:\\\/\\\/www.soome.be\\\/produits\\\/ceintures-grossesse-maternite\\\/s-031-ceinture-de-soutien-abdominal\\\/#primaryimage\",\"url\":\"https:\\\/\\\/www.soome.be\\\/wp-content\\\/uploads\\\/2023\\\/06\\\/products-diapo_70_291.jpg\",\"contentUrl\":\"https:\\\/\\\/www.soome.be\\\/wp-content\\\/uploads\\\/2023\\\/06\\\/products-diapo_70_291.jpg\",\"width\":570,\"height\":620,\"caption\":\"S\\\/031 CEINTURE DE SOUTIEN ABDOMINAL MEDICAL Z\"},{\"@type\":\"BreadcrumbList\",\"@id\":\"https:\\\/\\\/www.soome.be\\\/produits\\\/ceintures-grossesse-maternite\\\/s-031-ceinture-de-soutien-abdominal\\\/#breadcrumb\",\"itemListElement\":[{\"@type\":\"ListItem\",\"position\":1,\"name\":\"Accueil\",\"item\":\"https:\\\/\\\/www.soome.be\\\/\"},{\"@type\":\"ListItem\",\"position\":2,\"name\":\"PRODUITS\",\"item\":\"https:\\\/\\\/www.soome.be\\\/produits\\\/\"},{\"@type\":\"ListItem\",\"position\":3,\"name\":\"S\\\/031 CEINTURE DE SOUTIEN ABDOMINAL\"}]},{\"@type\":\"WebSite\",\"@id\":\"https:\\\/\\\/www.soome.be\\\/#website\",\"url\":\"https:\\\/\\\/www.soome.be\\\/\",\"name\":\"SooMe\",\"description\":\"\",\"potentialAction\":[{\"@type\":\"SearchAction\",\"target\":{\"@type\":\"EntryPoint\",\"urlTemplate\":\"https:\\\/\\\/www.soome.be\\\/?s={search_term_string}\"},\"query-input\":{\"@type\":\"PropertyValueSpecification\",\"valueRequired\":true,\"valueName\":\"search_term_string\"}}],\"inLanguage\":\"en-GB\"}]}<\/script>\n<!-- \/ Yoast SEO plugin. -->","yoast_head_json":{"title":"ABDOMINAL SUPPORT BELT (S\/031) MEDICAL Z MEDICAL Z","description":"The Medical Z\u00ae abdominal support belt is recommended for use as early as the 20th week of pregnancy.","robots":{"index":"index","follow":"follow","max-snippet":"max-snippet:-1","max-image-preview":"max-image-preview:large","max-video-preview":"max-video-preview:-1"},"canonical":"https:\/\/www.soome.be\/en\/products\/pregnancy-maternity-belts\/s-031-abdominal-support-belt\/","og_locale":"en_GB","og_type":"article","og_title":"CEINTURE DE SOUTIEN ABDOMINAL (S\/031) M\u00c9DICAL Z MEDICAL Z","og_description":"Le port de la ceinture de soutien abdominal de M\u00e9dical Z\u00ae est recommand\u00e9e d\u00e8s la 20\u00e8me semaine de grossesse.","og_url":"https:\/\/www.soome.be\/en\/products\/pregnancy-maternity-belts\/s-031-abdominal-support-belt\/","og_site_name":"SooMe","article_modified_time":"2026-04-22T13:11:16+00:00","og_image":[{"width":570,"height":620,"url":"https:\/\/www.soome.be\/wp-content\/uploads\/2023\/06\/products-diapo_70_291.jpg","type":"image\/jpeg"}],"twitter_card":"summary_large_image","twitter_misc":{"Estimated reading time":"1 minute"},"schema":{"@context":"https:\/\/schema.org","@graph":[{"@type":"WebPage","@id":"https:\/\/www.soome.be\/produits\/ceintures-grossesse-maternite\/s-031-ceinture-de-soutien-abdominal\/","url":"https:\/\/www.soome.be\/produits\/ceintures-grossesse-maternite\/s-031-ceinture-de-soutien-abdominal\/","name":"ABDOMINAL SUPPORT BELT (S\/031) MEDICAL Z MEDICAL Z","isPartOf":{"@id":"https:\/\/www.soome.be\/#website"},"primaryImageOfPage":{"@id":"https:\/\/www.soome.be\/produits\/ceintures-grossesse-maternite\/s-031-ceinture-de-soutien-abdominal\/#primaryimage"},"image":{"@id":"https:\/\/www.soome.be\/produits\/ceintures-grossesse-maternite\/s-031-ceinture-de-soutien-abdominal\/#primaryimage"},"thumbnailUrl":"https:\/\/www.soome.be\/wp-content\/uploads\/2023\/06\/products-diapo_70_291.jpg","datePublished":"2023-06-01T16:13:08+00:00","dateModified":"2026-04-22T13:11:16+00:00","description":"The Medical Z\u00ae abdominal support belt is recommended for use as early as the 20th week of pregnancy.","breadcrumb":{"@id":"https:\/\/www.soome.be\/produits\/ceintures-grossesse-maternite\/s-031-ceinture-de-soutien-abdominal\/#breadcrumb"},"inLanguage":"en-GB","potentialAction":[{"@type":"ReadAction","target":["https:\/\/www.soome.be\/produits\/ceintures-grossesse-maternite\/s-031-ceinture-de-soutien-abdominal\/"]}]},{"@type":"ImageObject","inLanguage":"en-GB","@id":"https:\/\/www.soome.be\/produits\/ceintures-grossesse-maternite\/s-031-ceinture-de-soutien-abdominal\/#primaryimage","url":"https:\/\/www.soome.be\/wp-content\/uploads\/2023\/06\/products-diapo_70_291.jpg","contentUrl":"https:\/\/www.soome.be\/wp-content\/uploads\/2023\/06\/products-diapo_70_291.jpg","width":570,"height":620,"caption":"S\/031 CEINTURE DE SOUTIEN ABDOMINAL MEDICAL Z"},{"@type":"BreadcrumbList","@id":"https:\/\/www.soome.be\/produits\/ceintures-grossesse-maternite\/s-031-ceinture-de-soutien-abdominal\/#breadcrumb","itemListElement":[{"@type":"ListItem","position":1,"name":"Accueil","item":"https:\/\/www.soome.be\/"},{"@type":"ListItem","position":2,"name":"PRODUITS","item":"https:\/\/www.soome.be\/produits\/"},{"@type":"ListItem","position":3,"name":"S\/031 CEINTURE DE SOUTIEN ABDOMINAL"}]},{"@type":"WebSite","@id":"https:\/\/www.soome.be\/#website","url":"https:\/\/www.soome.be\/","name":"SooMe","description":"","potentialAction":[{"@type":"SearchAction","target":{"@type":"EntryPoint","urlTemplate":"https:\/\/www.soome.be\/?s={search_term_string}"},"query-input":{"@type":"PropertyValueSpecification","valueRequired":true,"valueName":"search_term_string"}}],"inLanguage":"en-GB"}]}},"_links":{"self":[{"href":"https:\/\/www.soome.be\/en\/wp-json\/wp\/v2\/product\/5125","targetHints":{"allow":["GET"]}}],"collection":[{"href":"https:\/\/www.soome.be\/en\/wp-json\/wp\/v2\/product"}],"about":[{"href":"https:\/\/www.soome.be\/en\/wp-json\/wp\/v2\/types\/product"}],"replies":[{"embeddable":true,"href":"https:\/\/www.soome.be\/en\/wp-json\/wp\/v2\/comments?post=5125"}],"wp:featuredmedia":[{"embeddable":true,"href":"https:\/\/www.soome.be\/en\/wp-json\/wp\/v2\/media\/5136"}],"wp:attachment":[{"href":"https:\/\/www.soome.be\/en\/wp-json\/wp\/v2\/media?parent=5125"}],"wp:term":[{"taxonomy":"product_brand","embeddable":true,"href":"https:\/\/www.soome.be\/en\/wp-json\/wp\/v2\/product_brand?post=5125"},{"taxonomy":"product_cat","embeddable":true,"href":"https:\/\/www.soome.be\/en\/wp-json\/wp\/v2\/product_cat?post=5125"},{"taxonomy":"product_tag","embeddable":true,"href":"https:\/\/www.soome.be\/en\/wp-json\/wp\/v2\/product_tag?post=5125"},{"taxonomy":"berocket_brand","embeddable":true,"href":"https:\/\/www.soome.be\/en\/wp-json\/wp\/v2\/berocket_brand?post=5125"}],"curies":[{"name":"wp","href":"https:\/\/api.w.org\/{rel}","templated":true}]}}