{"id":5139,"date":"2023-06-01T18:13:08","date_gmt":"2023-06-01T16:13:08","guid":{"rendered":"https:\/\/www.soome.be\/?post_type=product&#038;p=5139"},"modified":"2026-04-22T15:11:15","modified_gmt":"2026-04-22T13:11:15","slug":"lombogib-maternity-belt-2","status":"publish","type":"product","link":"https:\/\/www.soome.be\/en\/produits\/ceintures-grossesse-maternite\/lombogib-ceinture-maternity-2\/","title":{"rendered":"LOMBOGIB\u00ae - MATERNITY BELT"},"content":{"rendered":"<p>SIZE : Unique<\/p>\n<p>INDICATIONS: For lumbar disorders that may benefit from sacroiliac and suprapubic support, especially in the following cases: Back pain related to pregnancy.<\/p>\n<p>Vous \u00eates enceinte et vous avez mal au dos ?<\/p>\n<p>Notre ceinture Lombogib Maternity vous soutient lors de lombalgies li\u00e9es \u00e0 la grossesse. Elle s&rsquo;adapte \u00e0 votre morphologie et vous suit \u00e0 tous les stades de votre grossesse. Elle est compos\u00e9e de fibres sp\u00e9ciales pour \u00eatre confortable et port\u00e9e \u00e0 m\u00eame la peau : les fibres Aeralis, l\u00e9g\u00e8res et ajour\u00e9es.<\/p>\n<p>CHARACTERISTICS :<\/p>\n<p>Soutien et r\u00e9duit les douleurs lombaires li\u00e9es \u00e0 la grossesse.<\/p>\n<p>Tissu Aeralis\u00ae monocouche brevet\u00e9 doux et respirant.<\/p>\n<p>Coussin lombaire souple qui peut \u00eatre ajout\u00e9 ou retir\u00e9 suivant l&rsquo;\u00e9volution de la morphologie durant la grossesse.<\/p>\n<p>ENTRETIEN : Laver \u00e0 la main \u00e0 l\u2019eau ti\u00e8de savonneuse (maximum 40 \u00b0C) ; rincer abondamment\u2009; essorer doucement ; ne pas blanchir\u2009; s\u00e9cher \u00e0 plat, ne pas s\u00e9cher en machine ; ne pas repasser\u2009; ne pas nettoyer \u00e0 sec.<\/p>\n<p>Jeter le dispositif et son emballage conform\u00e9ment \u00e0 la r\u00e9glementation locale ou nationale en mati\u00e8re d\u2019environnement.<\/p>\n<p>COLOR : BLue<\/p>","protected":false},"excerpt":{"rendered":"<p>Vous \u00eates enceinte et vous avez mal au dos ?<\/p>\n<p>Notre ceinture Lombogib Maternity vous soutient lors de lombalgies li\u00e9es \u00e0 la grossesse. Elle s&rsquo;adapte \u00e0 votre morphologie et vous suit \u00e0 tous les stades de votre grossesse. Elle est compos\u00e9e de fibres sp\u00e9ciales pour \u00eatre confortable et port\u00e9e \u00e0 m\u00eame la peau : les fibres Aeralis, l\u00e9g\u00e8res et ajour\u00e9es.<\/p>","protected":false},"featured_media":5140,"comment_status":"open","ping_status":"open","template":"","meta":[],"product_brand":[59],"product_cat":[84],"product_tag":[],"berocket_brand":[438],"class_list":{"0":"post-5139","1":"product","2":"type-product","3":"status-publish","4":"has-post-thumbnail","6":"product_brand-gibaud","7":"product_cat-ceintures-grossesse-maternite","8":"pa_product_brand-gibaud-2","9":"pa_xfgmc_adult-off-2","10":"pa_xfgmc_condition-default","11":"pa_xfgmc_identifier_exists-off","12":"berocket_brand-gibaud","14":"first","15":"instock","16":"taxable","17":"shipping-taxable","18":"purchasable","19":"product-type-simple"},"yoast_head":"<!-- This site is optimized with the Yoast SEO plugin v27.4 - https:\/\/yoast.com\/product\/yoast-seo-wordpress\/ -->\n<title>CEINTURE - LOMBOGIB\u00ae MATERNITY GIBAUD<\/title>\n<meta name=\"description\" content=\"Notre ceinture Lombogib Maternity vous soutient lors de lombalgies li\u00e9es \u00e0 la grossesse. Elle s\u2019adapte \u00e0 votre morphologie et vous suit \u00e0 tous les stades de votre grossesse.\" \/>\n<meta name=\"robots\" content=\"index, follow, max-snippet:-1, max-image-preview:large, max-video-preview:-1\" \/>\n<link rel=\"canonical\" href=\"https:\/\/www.soome.be\/en\/products\/pregnancy-maternity-belts\/lombogib-maternity-belt-2\/\" \/>\n<meta property=\"og:locale\" content=\"en_GB\" \/>\n<meta property=\"og:type\" content=\"article\" \/>\n<meta property=\"og:title\" content=\"CEINTURE - LOMBOGIB\u00ae MATERNITY GIBAUD\" \/>\n<meta property=\"og:description\" content=\"Notre ceinture Lombogib Maternity vous soutient lors de lombalgies li\u00e9es \u00e0 la grossesse. Elle s\u2019adapte \u00e0 votre morphologie et vous suit \u00e0 tous les stades de votre grossesse.\" \/>\n<meta property=\"og:url\" content=\"https:\/\/www.soome.be\/en\/products\/pregnancy-maternity-belts\/lombogib-maternity-belt-2\/\" \/>\n<meta property=\"og:site_name\" content=\"SooMe\" \/>\n<meta property=\"article:modified_time\" content=\"2026-04-22T13:11:15+00:00\" \/>\n<meta property=\"og:image\" content=\"https:\/\/www.soome.be\/wp-content\/uploads\/2023\/06\/products-gibaud-dos-lombogib-maternity-3.jpg\" \/>\n\t<meta property=\"og:image:width\" content=\"760\" \/>\n\t<meta property=\"og:image:height\" content=\"760\" \/>\n\t<meta property=\"og:image:type\" content=\"image\/jpeg\" \/>\n<meta name=\"twitter:card\" content=\"summary_large_image\" \/>\n<meta name=\"twitter:label1\" content=\"Estimated reading time\" \/>\n\t<meta name=\"twitter:data1\" content=\"1 minute\" \/>\n<script type=\"application\/ld+json\" class=\"yoast-schema-graph\">{\"@context\":\"https:\\\/\\\/schema.org\",\"@graph\":[{\"@type\":\"WebPage\",\"@id\":\"https:\\\/\\\/www.soome.be\\\/produits\\\/ceintures-grossesse-maternite\\\/lombogib-ceinture-maternity-2\\\/\",\"url\":\"https:\\\/\\\/www.soome.be\\\/produits\\\/ceintures-grossesse-maternite\\\/lombogib-ceinture-maternity-2\\\/\",\"name\":\"CEINTURE - LOMBOGIB\u00ae MATERNITY GIBAUD\",\"isPartOf\":{\"@id\":\"https:\\\/\\\/www.soome.be\\\/#website\"},\"primaryImageOfPage\":{\"@id\":\"https:\\\/\\\/www.soome.be\\\/produits\\\/ceintures-grossesse-maternite\\\/lombogib-ceinture-maternity-2\\\/#primaryimage\"},\"image\":{\"@id\":\"https:\\\/\\\/www.soome.be\\\/produits\\\/ceintures-grossesse-maternite\\\/lombogib-ceinture-maternity-2\\\/#primaryimage\"},\"thumbnailUrl\":\"https:\\\/\\\/www.soome.be\\\/wp-content\\\/uploads\\\/2023\\\/06\\\/products-gibaud-dos-lombogib-maternity-3.jpg\",\"datePublished\":\"2023-06-01T16:13:08+00:00\",\"dateModified\":\"2026-04-22T13:11:15+00:00\",\"description\":\"Notre ceinture Lombogib Maternity vous soutient lors de lombalgies li\u00e9es \u00e0 la grossesse. Elle s\u2019adapte \u00e0 votre morphologie et vous suit \u00e0 tous les stades de votre grossesse.\",\"breadcrumb\":{\"@id\":\"https:\\\/\\\/www.soome.be\\\/produits\\\/ceintures-grossesse-maternite\\\/lombogib-ceinture-maternity-2\\\/#breadcrumb\"},\"inLanguage\":\"en-GB\",\"potentialAction\":[{\"@type\":\"ReadAction\",\"target\":[\"https:\\\/\\\/www.soome.be\\\/produits\\\/ceintures-grossesse-maternite\\\/lombogib-ceinture-maternity-2\\\/\"]}]},{\"@type\":\"ImageObject\",\"inLanguage\":\"en-GB\",\"@id\":\"https:\\\/\\\/www.soome.be\\\/produits\\\/ceintures-grossesse-maternite\\\/lombogib-ceinture-maternity-2\\\/#primaryimage\",\"url\":\"https:\\\/\\\/www.soome.be\\\/wp-content\\\/uploads\\\/2023\\\/06\\\/products-gibaud-dos-lombogib-maternity-3.jpg\",\"contentUrl\":\"https:\\\/\\\/www.soome.be\\\/wp-content\\\/uploads\\\/2023\\\/06\\\/products-gibaud-dos-lombogib-maternity-3.jpg\",\"width\":760,\"height\":760,\"caption\":\"LOMBOGIB\u00ae \u2013 CEINTURE MATERNITY GIBAUD\"},{\"@type\":\"BreadcrumbList\",\"@id\":\"https:\\\/\\\/www.soome.be\\\/produits\\\/ceintures-grossesse-maternite\\\/lombogib-ceinture-maternity-2\\\/#breadcrumb\",\"itemListElement\":[{\"@type\":\"ListItem\",\"position\":1,\"name\":\"Accueil\",\"item\":\"https:\\\/\\\/www.soome.be\\\/\"},{\"@type\":\"ListItem\",\"position\":2,\"name\":\"PRODUITS\",\"item\":\"https:\\\/\\\/www.soome.be\\\/produits\\\/\"},{\"@type\":\"ListItem\",\"position\":3,\"name\":\"LOMBOGIB\u00ae &#8211; CEINTURE MATERNITY\"}]},{\"@type\":\"WebSite\",\"@id\":\"https:\\\/\\\/www.soome.be\\\/#website\",\"url\":\"https:\\\/\\\/www.soome.be\\\/\",\"name\":\"SooMe\",\"description\":\"\",\"potentialAction\":[{\"@type\":\"SearchAction\",\"target\":{\"@type\":\"EntryPoint\",\"urlTemplate\":\"https:\\\/\\\/www.soome.be\\\/?s={search_term_string}\"},\"query-input\":{\"@type\":\"PropertyValueSpecification\",\"valueRequired\":true,\"valueName\":\"search_term_string\"}}],\"inLanguage\":\"en-GB\"}]}<\/script>\n<!-- \/ Yoast SEO plugin. -->","yoast_head_json":{"title":"BELT - LOMBOGIB\u00ae MATERNITY GIBAUD","description":"Our Lombogib Maternity belt supports you during pregnancy-related low back pain. It adapts to your body shape and follows you through every stage of your pregnancy.","robots":{"index":"index","follow":"follow","max-snippet":"max-snippet:-1","max-image-preview":"max-image-preview:large","max-video-preview":"max-video-preview:-1"},"canonical":"https:\/\/www.soome.be\/en\/products\/pregnancy-maternity-belts\/lombogib-maternity-belt-2\/","og_locale":"en_GB","og_type":"article","og_title":"CEINTURE - LOMBOGIB\u00ae MATERNITY GIBAUD","og_description":"Notre ceinture Lombogib Maternity vous soutient lors de lombalgies li\u00e9es \u00e0 la grossesse. Elle s\u2019adapte \u00e0 votre morphologie et vous suit \u00e0 tous les stades de votre grossesse.","og_url":"https:\/\/www.soome.be\/en\/products\/pregnancy-maternity-belts\/lombogib-maternity-belt-2\/","og_site_name":"SooMe","article_modified_time":"2026-04-22T13:11:15+00:00","og_image":[{"width":760,"height":760,"url":"https:\/\/www.soome.be\/wp-content\/uploads\/2023\/06\/products-gibaud-dos-lombogib-maternity-3.jpg","type":"image\/jpeg"}],"twitter_card":"summary_large_image","twitter_misc":{"Estimated reading time":"1 minute"},"schema":{"@context":"https:\/\/schema.org","@graph":[{"@type":"WebPage","@id":"https:\/\/www.soome.be\/produits\/ceintures-grossesse-maternite\/lombogib-ceinture-maternity-2\/","url":"https:\/\/www.soome.be\/produits\/ceintures-grossesse-maternite\/lombogib-ceinture-maternity-2\/","name":"BELT - LOMBOGIB\u00ae MATERNITY GIBAUD","isPartOf":{"@id":"https:\/\/www.soome.be\/#website"},"primaryImageOfPage":{"@id":"https:\/\/www.soome.be\/produits\/ceintures-grossesse-maternite\/lombogib-ceinture-maternity-2\/#primaryimage"},"image":{"@id":"https:\/\/www.soome.be\/produits\/ceintures-grossesse-maternite\/lombogib-ceinture-maternity-2\/#primaryimage"},"thumbnailUrl":"https:\/\/www.soome.be\/wp-content\/uploads\/2023\/06\/products-gibaud-dos-lombogib-maternity-3.jpg","datePublished":"2023-06-01T16:13:08+00:00","dateModified":"2026-04-22T13:11:15+00:00","description":"Our Lombogib Maternity belt supports you during pregnancy-related low back pain. It adapts to your body shape and follows you through every stage of your pregnancy.","breadcrumb":{"@id":"https:\/\/www.soome.be\/produits\/ceintures-grossesse-maternite\/lombogib-ceinture-maternity-2\/#breadcrumb"},"inLanguage":"en-GB","potentialAction":[{"@type":"ReadAction","target":["https:\/\/www.soome.be\/produits\/ceintures-grossesse-maternite\/lombogib-ceinture-maternity-2\/"]}]},{"@type":"ImageObject","inLanguage":"en-GB","@id":"https:\/\/www.soome.be\/produits\/ceintures-grossesse-maternite\/lombogib-ceinture-maternity-2\/#primaryimage","url":"https:\/\/www.soome.be\/wp-content\/uploads\/2023\/06\/products-gibaud-dos-lombogib-maternity-3.jpg","contentUrl":"https:\/\/www.soome.be\/wp-content\/uploads\/2023\/06\/products-gibaud-dos-lombogib-maternity-3.jpg","width":760,"height":760,"caption":"LOMBOGIB\u00ae \u2013 CEINTURE MATERNITY GIBAUD"},{"@type":"BreadcrumbList","@id":"https:\/\/www.soome.be\/produits\/ceintures-grossesse-maternite\/lombogib-ceinture-maternity-2\/#breadcrumb","itemListElement":[{"@type":"ListItem","position":1,"name":"Accueil","item":"https:\/\/www.soome.be\/"},{"@type":"ListItem","position":2,"name":"PRODUITS","item":"https:\/\/www.soome.be\/produits\/"},{"@type":"ListItem","position":3,"name":"LOMBOGIB\u00ae &#8211; CEINTURE MATERNITY"}]},{"@type":"WebSite","@id":"https:\/\/www.soome.be\/#website","url":"https:\/\/www.soome.be\/","name":"SooMe","description":"","potentialAction":[{"@type":"SearchAction","target":{"@type":"EntryPoint","urlTemplate":"https:\/\/www.soome.be\/?s={search_term_string}"},"query-input":{"@type":"PropertyValueSpecification","valueRequired":true,"valueName":"search_term_string"}}],"inLanguage":"en-GB"}]}},"_links":{"self":[{"href":"https:\/\/www.soome.be\/en\/wp-json\/wp\/v2\/product\/5139","targetHints":{"allow":["GET"]}}],"collection":[{"href":"https:\/\/www.soome.be\/en\/wp-json\/wp\/v2\/product"}],"about":[{"href":"https:\/\/www.soome.be\/en\/wp-json\/wp\/v2\/types\/product"}],"replies":[{"embeddable":true,"href":"https:\/\/www.soome.be\/en\/wp-json\/wp\/v2\/comments?post=5139"}],"wp:featuredmedia":[{"embeddable":true,"href":"https:\/\/www.soome.be\/en\/wp-json\/wp\/v2\/media\/5140"}],"wp:attachment":[{"href":"https:\/\/www.soome.be\/en\/wp-json\/wp\/v2\/media?parent=5139"}],"wp:term":[{"taxonomy":"product_brand","embeddable":true,"href":"https:\/\/www.soome.be\/en\/wp-json\/wp\/v2\/product_brand?post=5139"},{"taxonomy":"product_cat","embeddable":true,"href":"https:\/\/www.soome.be\/en\/wp-json\/wp\/v2\/product_cat?post=5139"},{"taxonomy":"product_tag","embeddable":true,"href":"https:\/\/www.soome.be\/en\/wp-json\/wp\/v2\/product_tag?post=5139"},{"taxonomy":"berocket_brand","embeddable":true,"href":"https:\/\/www.soome.be\/en\/wp-json\/wp\/v2\/berocket_brand?post=5139"}],"curies":[{"name":"wp","href":"https:\/\/api.w.org\/{rel}","templated":true}]}}