{"id":5190,"date":"2023-06-01T18:30:27","date_gmt":"2023-06-01T16:30:27","guid":{"rendered":"https:\/\/www.soome.be\/?post_type=product&#038;p=5190"},"modified":"2026-04-22T15:11:41","modified_gmt":"2026-04-22T13:11:41","slug":"cereneasy-051-with-stabilizer","status":"publish","type":"product","link":"https:\/\/www.soome.be\/en\/produits\/soutiens-gorge\/soutiens-gorge-post-operatoires-femme\/cereneasy-051-avec-contenseur\/","title":{"rendered":"Cereneasy 051  with compressor"},"content":{"rendered":"<p class=\"translation-block\">A breast procedure (<strong>breast reduction<\/strong>,\u00a0<strong>breast augmentation\u00a0<\/strong>or\u00a0<strong>breast reconstruction<\/strong>) subsequently involves wearing\u00a0<strong>a support bra.\u00a0 The CRENEASY bra<sup>\u00ae<\/sup><\/strong>meets the need for this postoperative edema restraint<\/p>\n<p>Its various closing systems (zip or triple stapling), its adjustment possibilities (5 levels at the level of the straps), and its breathable fabric (Xtra-dry) will satisfy patients looking for support and comfort.<\/p>\n<p>It can also be used for sports activities and is available in 4 modern colours.<\/p>\n<p><em>Do not use on open wound.<\/em><\/p>\n<p class=\"text-justify\"><strong>SUPPORT AND COMFORT<\/strong><\/p>\n<ul>\n<li>underwired cups<\/li>\n<li>Flat seams, limit friction on the skin<\/li>\n<li>3D reinforcement at shoulder<\/li>\n<li>Wide elastic base, protected skin and reinforced support<\/li>\n<li>Xtra-dry fabric, ventilation and high breathability<\/li>\n<li>Unbreakable fabric<\/li>\n<\/ul>\n<p class=\"text-justify\"><strong>FABRIC<\/strong><\/p>\n<ul>\n<li>72% polyamide Xtra-dry\/28% Elastane<\/li>\n<li>3D Container FABRIC (87% polyamide \/ 13% elastane)<\/li>\n<\/ul>\n<p><strong>MAINTENANCE<\/strong><\/p>\n<ul>\n<li>Cleaning 30\u00b0C water + soap<\/li>\n<li>Rinse without softener<\/li>\n<li>Flat drying \u2013 no dryer<\/li>\n<\/ul>\n<p class=\"translation-block\">The\u00a0<strong>bra\u00a0<\/strong>is applied on a protected wound just after the operation to ensure its effectiveness.<\/p>\n<p class=\"translation-block\">The first application must be done by a healthcare professional to check the proper positioning of the\u00a0<strong>compressive garment<\/strong>, without risk to the patient.<\/p>\n<p>The seams of the garment are placed on the outside so as not to mark the skin and avoid any discomfort.<\/p>\n<p class=\"translation-block\">Applying a\u00a0<strong>compressive garment<\/strong>\u00a0can cause skin reactions such as redness, itching, edema or allergies.<\/p>\n<p>If you develop significant discomfort or unusual symptoms, consult your doctor.<\/p>\n<p>&nbsp;<\/p>\n<p><img fetchpriority=\"high\" decoding=\"async\" class=\"alignnone wp-image-35780 size-full\" src=\"https:\/\/www.abricot-compression.com\/wp-content\/uploads\/2022\/02\/image0.png\" alt=\"\" width=\"799\" height=\"867\" \/><\/p>","protected":false},"excerpt":{"rendered":"<p class=\"translation-block\">A breast procedure (<strong>breast reduction<\/strong>,\u00a0<strong>breast augmentation\u00a0<\/strong>or\u00a0<strong>breast reconstruction<\/strong>) subsequently involves wearing\u00a0<strong>a support bra.\u00a0 The CRENEASY bra<sup>\u00ae<\/sup><\/strong>meets the need for this postoperative edema restraint<\/p>","protected":false},"featured_media":5335,"comment_status":"open","ping_status":"open","template":"","meta":[],"product_brand":[],"product_cat":[69],"product_tag":[56,253,254,255],"berocket_brand":[428],"class_list":{"0":"post-5190","1":"product","2":"type-product","3":"status-publish","4":"has-post-thumbnail","6":"product_cat-soutiens-gorge-post-operatoires-femme","7":"product_tag-soutien-gorge","8":"product_tag-soutien-gorge-de-compression","9":"product_tag-soutien-gorge-de-contention","10":"product_tag-soutien-gorge-post-operatoire","11":"pa_bonnet-100b","12":"pa_bonnet-100c","13":"pa_bonnet-100d","14":"pa_bonnet-105b","15":"pa_bonnet-105c","16":"pa_bonnet-105d","17":"pa_bonnet-110b","18":"pa_bonnet-110c","19":"pa_bonnet-110d","20":"pa_bonnet-115b","21":"pa_bonnet-115c","22":"pa_bonnet-115d","23":"pa_bonnet-80b","24":"pa_bonnet-80c","25":"pa_bonnet-80d","26":"pa_bonnet-85b","27":"pa_bonnet-85c","28":"pa_bonnet-85d","29":"pa_bonnet-90b","30":"pa_bonnet-90c","31":"pa_bonnet-90d","32":"pa_bonnet-95b","33":"pa_bonnet-95c","34":"pa_bonnet-95d","35":"pa_coloris-blanc-3","36":"pa_coloris-chair-2","37":"pa_coloris-noir-3","38":"pa_eg_html5_ratio-0-4","39":"pa_eg_soundcloud_ratio-0-5","40":"pa_eg_wistia_ratio-0-3","41":"pa_eg_youtube_ratio-0-2","42":"pa_fermeture-triple-agrafage","43":"pa_fermeture-zip","44":"pa_product_brand-cerecare","45":"pa_thp_upsellpopup_template-template-default","46":"pa_xfgmc_adult-off-2","47":"pa_xfgmc_condition-default","48":"pa_xfgmc_identifier_exists-off","49":"berocket_brand-cerecare","51":"first","52":"instock","53":"taxable","54":"shipping-taxable","55":"purchasable","56":"product-type-variable"},"yoast_head":"<!-- This site is optimized with the Yoast SEO plugin v27.4 - https:\/\/yoast.com\/product\/yoast-seo-wordpress\/ -->\n<title>Cereneasy 051 avec contenseur CERECARE<\/title>\n<meta name=\"description\" content=\"Une intervention mammaire (r\u00e9duction mammaire, augmentation mammaire ou reconstruction mammaire) implique par la suite le port d\u2019un soutien-gorge de contention. Le soutien-gorge CERENEASY\u00ae r\u00e9pond \u00e0 la n\u00e9cessit\u00e9 de cette contention de l\u2019\u0153d\u00e8me post-op\u00e9ratoire.\" \/>\n<meta name=\"robots\" content=\"index, follow, max-snippet:-1, max-image-preview:large, max-video-preview:-1\" \/>\n<link rel=\"canonical\" href=\"https:\/\/www.soome.be\/en\/products\/bras\/womens-post-op-bras\/cereneasy-051-with-stabilizer\/\" \/>\n<meta property=\"og:locale\" content=\"en_GB\" \/>\n<meta property=\"og:type\" content=\"article\" \/>\n<meta property=\"og:title\" content=\"Cereneasy 051 avec contenseur CERECARE\" \/>\n<meta property=\"og:description\" content=\"Une intervention mammaire (r\u00e9duction mammaire, augmentation mammaire ou reconstruction mammaire) implique par la suite le port d\u2019un soutien-gorge de contention. Le soutien-gorge CERENEASY\u00ae r\u00e9pond \u00e0 la n\u00e9cessit\u00e9 de cette contention de l\u2019\u0153d\u00e8me post-op\u00e9ratoire.\" \/>\n<meta property=\"og:url\" content=\"https:\/\/www.soome.be\/en\/products\/bras\/womens-post-op-bras\/cereneasy-051-with-stabilizer\/\" \/>\n<meta property=\"og:site_name\" content=\"SooMe\" \/>\n<meta property=\"article:modified_time\" content=\"2026-04-22T13:11:41+00:00\" \/>\n<meta property=\"og:image\" content=\"https:\/\/www.soome.be\/wp-content\/uploads\/2023\/06\/products-cereneasy-2.jpg\" \/>\n\t<meta property=\"og:image:width\" content=\"636\" \/>\n\t<meta property=\"og:image:height\" content=\"900\" \/>\n\t<meta property=\"og:image:type\" content=\"image\/jpeg\" \/>\n<meta name=\"twitter:card\" content=\"summary_large_image\" \/>\n<meta name=\"twitter:label1\" content=\"Estimated reading time\" \/>\n\t<meta name=\"twitter:data1\" content=\"1 minute\" \/>\n<script type=\"application\/ld+json\" class=\"yoast-schema-graph\">{\"@context\":\"https:\\\/\\\/schema.org\",\"@graph\":[{\"@type\":\"WebPage\",\"@id\":\"https:\\\/\\\/www.soome.be\\\/produits\\\/soutiens-gorge\\\/soutiens-gorge-post-operatoires-femme\\\/cereneasy-051-avec-contenseur\\\/\",\"url\":\"https:\\\/\\\/www.soome.be\\\/produits\\\/soutiens-gorge\\\/soutiens-gorge-post-operatoires-femme\\\/cereneasy-051-avec-contenseur\\\/\",\"name\":\"Cereneasy 051 avec contenseur CERECARE\",\"isPartOf\":{\"@id\":\"https:\\\/\\\/www.soome.be\\\/#website\"},\"primaryImageOfPage\":{\"@id\":\"https:\\\/\\\/www.soome.be\\\/produits\\\/soutiens-gorge\\\/soutiens-gorge-post-operatoires-femme\\\/cereneasy-051-avec-contenseur\\\/#primaryimage\"},\"image\":{\"@id\":\"https:\\\/\\\/www.soome.be\\\/produits\\\/soutiens-gorge\\\/soutiens-gorge-post-operatoires-femme\\\/cereneasy-051-avec-contenseur\\\/#primaryimage\"},\"thumbnailUrl\":\"https:\\\/\\\/www.soome.be\\\/wp-content\\\/uploads\\\/2023\\\/06\\\/products-cereneasy-2.jpg\",\"datePublished\":\"2023-06-01T16:30:27+00:00\",\"dateModified\":\"2026-04-22T13:11:41+00:00\",\"description\":\"Une intervention mammaire (r\u00e9duction mammaire, augmentation mammaire ou reconstruction mammaire) implique par la suite le port d\u2019un soutien-gorge de contention. Le soutien-gorge CERENEASY\u00ae r\u00e9pond \u00e0 la n\u00e9cessit\u00e9 de cette contention de l\u2019\u0153d\u00e8me post-op\u00e9ratoire.\",\"breadcrumb\":{\"@id\":\"https:\\\/\\\/www.soome.be\\\/produits\\\/soutiens-gorge\\\/soutiens-gorge-post-operatoires-femme\\\/cereneasy-051-avec-contenseur\\\/#breadcrumb\"},\"inLanguage\":\"en-GB\",\"potentialAction\":[{\"@type\":\"ReadAction\",\"target\":[\"https:\\\/\\\/www.soome.be\\\/produits\\\/soutiens-gorge\\\/soutiens-gorge-post-operatoires-femme\\\/cereneasy-051-avec-contenseur\\\/\"]}]},{\"@type\":\"ImageObject\",\"inLanguage\":\"en-GB\",\"@id\":\"https:\\\/\\\/www.soome.be\\\/produits\\\/soutiens-gorge\\\/soutiens-gorge-post-operatoires-femme\\\/cereneasy-051-avec-contenseur\\\/#primaryimage\",\"url\":\"https:\\\/\\\/www.soome.be\\\/wp-content\\\/uploads\\\/2023\\\/06\\\/products-cereneasy-2.jpg\",\"contentUrl\":\"https:\\\/\\\/www.soome.be\\\/wp-content\\\/uploads\\\/2023\\\/06\\\/products-cereneasy-2.jpg\",\"width\":636,\"height\":900,\"caption\":\"Cereneasy 051 avec contenseur CERECARE\"},{\"@type\":\"BreadcrumbList\",\"@id\":\"https:\\\/\\\/www.soome.be\\\/produits\\\/soutiens-gorge\\\/soutiens-gorge-post-operatoires-femme\\\/cereneasy-051-avec-contenseur\\\/#breadcrumb\",\"itemListElement\":[{\"@type\":\"ListItem\",\"position\":1,\"name\":\"Accueil\",\"item\":\"https:\\\/\\\/www.soome.be\\\/\"},{\"@type\":\"ListItem\",\"position\":2,\"name\":\"PRODUITS\",\"item\":\"https:\\\/\\\/www.soome.be\\\/produits\\\/\"},{\"@type\":\"ListItem\",\"position\":3,\"name\":\"Cereneasy 051 avec contenseur\"}]},{\"@type\":\"WebSite\",\"@id\":\"https:\\\/\\\/www.soome.be\\\/#website\",\"url\":\"https:\\\/\\\/www.soome.be\\\/\",\"name\":\"SooMe\",\"description\":\"\",\"potentialAction\":[{\"@type\":\"SearchAction\",\"target\":{\"@type\":\"EntryPoint\",\"urlTemplate\":\"https:\\\/\\\/www.soome.be\\\/?s={search_term_string}\"},\"query-input\":{\"@type\":\"PropertyValueSpecification\",\"valueRequired\":true,\"valueName\":\"search_term_string\"}}],\"inLanguage\":\"en-GB\"}]}<\/script>\n<!-- \/ Yoast SEO plugin. -->","yoast_head_json":{"title":"Cereneasy 051 with CERECARE container","description":"Breast surgery (breast reduction, breast augmentation or breast reconstruction) requires you to wear a support bra afterwards. The CERENEASY\u00ae bra responds to the need for post-operative oedema support.","robots":{"index":"index","follow":"follow","max-snippet":"max-snippet:-1","max-image-preview":"max-image-preview:large","max-video-preview":"max-video-preview:-1"},"canonical":"https:\/\/www.soome.be\/en\/products\/bras\/womens-post-op-bras\/cereneasy-051-with-stabilizer\/","og_locale":"en_GB","og_type":"article","og_title":"Cereneasy 051 avec contenseur CERECARE","og_description":"Une intervention mammaire (r\u00e9duction mammaire, augmentation mammaire ou reconstruction mammaire) implique par la suite le port d\u2019un soutien-gorge de contention. Le soutien-gorge CERENEASY\u00ae r\u00e9pond \u00e0 la n\u00e9cessit\u00e9 de cette contention de l\u2019\u0153d\u00e8me post-op\u00e9ratoire.","og_url":"https:\/\/www.soome.be\/en\/products\/bras\/womens-post-op-bras\/cereneasy-051-with-stabilizer\/","og_site_name":"SooMe","article_modified_time":"2026-04-22T13:11:41+00:00","og_image":[{"width":636,"height":900,"url":"https:\/\/www.soome.be\/wp-content\/uploads\/2023\/06\/products-cereneasy-2.jpg","type":"image\/jpeg"}],"twitter_card":"summary_large_image","twitter_misc":{"Estimated reading time":"1 minute"},"schema":{"@context":"https:\/\/schema.org","@graph":[{"@type":"WebPage","@id":"https:\/\/www.soome.be\/produits\/soutiens-gorge\/soutiens-gorge-post-operatoires-femme\/cereneasy-051-avec-contenseur\/","url":"https:\/\/www.soome.be\/produits\/soutiens-gorge\/soutiens-gorge-post-operatoires-femme\/cereneasy-051-avec-contenseur\/","name":"Cereneasy 051 with CERECARE container","isPartOf":{"@id":"https:\/\/www.soome.be\/#website"},"primaryImageOfPage":{"@id":"https:\/\/www.soome.be\/produits\/soutiens-gorge\/soutiens-gorge-post-operatoires-femme\/cereneasy-051-avec-contenseur\/#primaryimage"},"image":{"@id":"https:\/\/www.soome.be\/produits\/soutiens-gorge\/soutiens-gorge-post-operatoires-femme\/cereneasy-051-avec-contenseur\/#primaryimage"},"thumbnailUrl":"https:\/\/www.soome.be\/wp-content\/uploads\/2023\/06\/products-cereneasy-2.jpg","datePublished":"2023-06-01T16:30:27+00:00","dateModified":"2026-04-22T13:11:41+00:00","description":"Breast surgery (breast reduction, breast augmentation or breast reconstruction) requires you to wear a support bra afterwards. The CERENEASY\u00ae bra responds to the need for post-operative oedema support.","breadcrumb":{"@id":"https:\/\/www.soome.be\/produits\/soutiens-gorge\/soutiens-gorge-post-operatoires-femme\/cereneasy-051-avec-contenseur\/#breadcrumb"},"inLanguage":"en-GB","potentialAction":[{"@type":"ReadAction","target":["https:\/\/www.soome.be\/produits\/soutiens-gorge\/soutiens-gorge-post-operatoires-femme\/cereneasy-051-avec-contenseur\/"]}]},{"@type":"ImageObject","inLanguage":"en-GB","@id":"https:\/\/www.soome.be\/produits\/soutiens-gorge\/soutiens-gorge-post-operatoires-femme\/cereneasy-051-avec-contenseur\/#primaryimage","url":"https:\/\/www.soome.be\/wp-content\/uploads\/2023\/06\/products-cereneasy-2.jpg","contentUrl":"https:\/\/www.soome.be\/wp-content\/uploads\/2023\/06\/products-cereneasy-2.jpg","width":636,"height":900,"caption":"Cereneasy 051 avec contenseur CERECARE"},{"@type":"BreadcrumbList","@id":"https:\/\/www.soome.be\/produits\/soutiens-gorge\/soutiens-gorge-post-operatoires-femme\/cereneasy-051-avec-contenseur\/#breadcrumb","itemListElement":[{"@type":"ListItem","position":1,"name":"Accueil","item":"https:\/\/www.soome.be\/"},{"@type":"ListItem","position":2,"name":"PRODUITS","item":"https:\/\/www.soome.be\/produits\/"},{"@type":"ListItem","position":3,"name":"Cereneasy 051 avec contenseur"}]},{"@type":"WebSite","@id":"https:\/\/www.soome.be\/#website","url":"https:\/\/www.soome.be\/","name":"SooMe","description":"","potentialAction":[{"@type":"SearchAction","target":{"@type":"EntryPoint","urlTemplate":"https:\/\/www.soome.be\/?s={search_term_string}"},"query-input":{"@type":"PropertyValueSpecification","valueRequired":true,"valueName":"search_term_string"}}],"inLanguage":"en-GB"}]}},"_links":{"self":[{"href":"https:\/\/www.soome.be\/en\/wp-json\/wp\/v2\/product\/5190","targetHints":{"allow":["GET"]}}],"collection":[{"href":"https:\/\/www.soome.be\/en\/wp-json\/wp\/v2\/product"}],"about":[{"href":"https:\/\/www.soome.be\/en\/wp-json\/wp\/v2\/types\/product"}],"replies":[{"embeddable":true,"href":"https:\/\/www.soome.be\/en\/wp-json\/wp\/v2\/comments?post=5190"}],"wp:featuredmedia":[{"embeddable":true,"href":"https:\/\/www.soome.be\/en\/wp-json\/wp\/v2\/media\/5335"}],"wp:attachment":[{"href":"https:\/\/www.soome.be\/en\/wp-json\/wp\/v2\/media?parent=5190"}],"wp:term":[{"taxonomy":"product_brand","embeddable":true,"href":"https:\/\/www.soome.be\/en\/wp-json\/wp\/v2\/product_brand?post=5190"},{"taxonomy":"product_cat","embeddable":true,"href":"https:\/\/www.soome.be\/en\/wp-json\/wp\/v2\/product_cat?post=5190"},{"taxonomy":"product_tag","embeddable":true,"href":"https:\/\/www.soome.be\/en\/wp-json\/wp\/v2\/product_tag?post=5190"},{"taxonomy":"berocket_brand","embeddable":true,"href":"https:\/\/www.soome.be\/en\/wp-json\/wp\/v2\/berocket_brand?post=5190"}],"curies":[{"name":"wp","href":"https:\/\/api.w.org\/{rel}","templated":true}]}}