{"id":5680,"date":"2023-06-01T18:36:49","date_gmt":"2023-06-01T16:36:49","guid":{"rendered":"https:\/\/www.soome.be\/?post_type=product&#038;p=5680"},"modified":"2026-04-22T15:12:48","modified_gmt":"2026-04-22T13:12:48","slug":"sporlane-015-with-removable-stabilizer","status":"publish","type":"product","link":"https:\/\/www.soome.be\/en\/produits\/soutiens-gorge\/soutiens-gorge-post-operatoires-femme\/sporlane-015-avec-contenseur-amovible\/","title":{"rendered":"Sporlane 015 with removable compressor"},"content":{"rendered":"<p><strong>SUPPORT AND COMFORT<\/strong><\/p>\n<ul>\n<li>Inner cups lined with microfiber<\/li>\n<li>Flat seams, limit friction on the skin<\/li>\n<li>Inner seams protected by microfiber<\/li>\n<li>Microfiber reinforcements in the part of the cap that extends to the shoulder<\/li>\n<li>3D reinforcement at shoulder<\/li>\n<li>Wide elastic base, protected skin and reinforced support<\/li>\n<li>Microfiber lining at back<\/li>\n<li>Athletic fit<\/li>\n<\/ul>\n<p><strong>EASY SETUP AND PRECISE FIT<\/strong><\/p>\n<ul>\n<li>Wide adjustable elastic straps<\/li>\n<li>Front locking system (ZIP or triple stapling)<\/li>\n<\/ul>\n<p><strong>FABRIC<\/strong><\/p>\n<ul>\n<li>Premium<\/li>\n<li>3D Container FABRIC (87% polyamide \/ 13% elastane)<\/li>\n<\/ul>\n<p><strong>MAINTENANCE<\/strong><\/p>\n<ul>\n<li>Cleaning 30\u00b0C water + soap \/ rinse without softener<\/li>\n<li>Flat drying \u2013 no dryer<\/li>\n<\/ul>\n<p class=\"translation-block\">The <strong>compression bra<\/strong> is applied to a protected wound just after the procedure to ensure its effectiveness.<\/p>\n<p>The first installation must be carried out by a health professional in order to control the proper positioning of the garment, without risk for the patient.<\/p>\n<p class=\"translation-block\">Applying a\u00a0<strong>compressive garment<\/strong>\u00a0can cause skin reactions such as redness, itching, edema or allergies.<\/p>\n<p><span class=\"no-pro\">If you develop significant discomfort or unusual symptoms, consult your doctor.<\/span><\/p>\n<p class=\"translation-block\">The SPORLANE<strong><sup>\u00ae  <\/sup><\/strong> bra is available with or without a plunger (an additional band that adds extra upper breast capacity and helps keep the implant in place).<\/p>\n<p>You can choose :<\/p>\n<ul>\n<li>A removable storyteller: as its name suggests, this storyteller can be removed because it comes in addition to the bra. He goes around the bra (back of the bra in photo number 3).<\/li>\n<\/ul>\n<ul>\n<li>an integrated storyteller: this storyteller will not be able to be removed, it is sewn on the bra and therefore stops on the side of the bra (back of the bra in photo number 4).<\/li>\n<\/ul>\n<p><img fetchpriority=\"high\" decoding=\"async\" class=\"alignnone wp-image-35780 size-full\" src=\"https:\/\/www.abricot-compression.com\/wp-content\/uploads\/2022\/02\/image0.png\" alt=\"\" width=\"799\" height=\"867\" \/><\/p>","protected":false},"excerpt":{"rendered":"<p class=\"translation-block\">The <strong>SPORLANE<sup>\u00ae<\/sup><\/strong> bra is suitable for reducing post-operative edema following reduction, augmentation or <strong>breast reconstruction<\/strong>.<\/p>\n<p class=\"translation-block\">It can also be used for <strong>strong chest support<\/strong> or for sports activities.<\/p>\n<p>In order to best meet the needs and desires of our patients, the design has recently been revised for more modernity.<\/p>\n<p><em>Do not use on open wound.<\/em><\/p>","protected":false},"featured_media":5777,"comment_status":"open","ping_status":"open","template":"","meta":[],"product_brand":[],"product_cat":[69],"product_tag":[56,253,254,255],"berocket_brand":[428],"class_list":{"0":"post-5680","1":"product","2":"type-product","3":"status-publish","4":"has-post-thumbnail","6":"product_cat-soutiens-gorge-post-operatoires-femme","7":"product_tag-soutien-gorge","8":"product_tag-soutien-gorge-de-compression","9":"product_tag-soutien-gorge-de-contention","10":"product_tag-soutien-gorge-post-operatoire","11":"pa_bonnet-100b","12":"pa_bonnet-100c","13":"pa_bonnet-100d","14":"pa_bonnet-105b","15":"pa_bonnet-105c","16":"pa_bonnet-105d","17":"pa_bonnet-110b","18":"pa_bonnet-110c","19":"pa_bonnet-110d","20":"pa_bonnet-115b","21":"pa_bonnet-115c","22":"pa_bonnet-115d","23":"pa_bonnet-80b","24":"pa_bonnet-80c","25":"pa_bonnet-80d","26":"pa_bonnet-85b","27":"pa_bonnet-85c","28":"pa_bonnet-85d","29":"pa_bonnet-90b","30":"pa_bonnet-90c","31":"pa_bonnet-90d","32":"pa_bonnet-95b","33":"pa_bonnet-95c","34":"pa_bonnet-95d","35":"pa_couleur-blanc","36":"pa_couleur-noir","37":"pa_fermeture-triple-agrafage","38":"pa_fermeture-zip","39":"pa_product_brand-cerecare","40":"pa_thp_upsellpopup_template-template-default","41":"pa_xfgmc_adult-off-2","42":"pa_xfgmc_condition-default","43":"pa_xfgmc_identifier_exists-off","44":"berocket_brand-cerecare","46":"first","47":"instock","48":"taxable","49":"shipping-taxable","50":"purchasable","51":"product-type-variable"},"yoast_head":"<!-- This site is optimized with the Yoast SEO plugin v27.4 - https:\/\/yoast.com\/product\/yoast-seo-wordpress\/ -->\n<title>Sporlane 015 avec contenseur amovible CERECARE<\/title>\n<meta name=\"description\" content=\"Le soutien-gorge SPORLANE\u00ae est adapt\u00e9 pour diminuer l\u2019\u0153d\u00e8me post-op\u00e9ratoire suite \u00e0 une r\u00e9duction, augmentation ou reconstruction mammaire. Il peut \u00eatre \u00e9galement utilis\u00e9 pour le soutien des fortes poitrines ou pour la pratique d\u2019activit\u00e9s sportives.\" \/>\n<meta name=\"robots\" content=\"index, follow, max-snippet:-1, max-image-preview:large, max-video-preview:-1\" \/>\n<link rel=\"canonical\" href=\"https:\/\/www.soome.be\/en\/products\/bras\/womens-post-op-bras\/sporlane-015-with-removable-stabilizer\/\" \/>\n<meta property=\"og:locale\" content=\"en_GB\" \/>\n<meta property=\"og:type\" content=\"article\" \/>\n<meta property=\"og:title\" content=\"Sporlane 015 avec contenseur amovible CERECARE\" \/>\n<meta property=\"og:description\" content=\"Le soutien-gorge SPORLANE\u00ae est adapt\u00e9 pour diminuer l\u2019\u0153d\u00e8me post-op\u00e9ratoire suite \u00e0 une r\u00e9duction, augmentation ou reconstruction mammaire. Il peut \u00eatre \u00e9galement utilis\u00e9 pour le soutien des fortes poitrines ou pour la pratique d\u2019activit\u00e9s sportives.\" \/>\n<meta property=\"og:url\" content=\"https:\/\/www.soome.be\/en\/products\/bras\/womens-post-op-bras\/sporlane-015-with-removable-stabilizer\/\" \/>\n<meta property=\"og:site_name\" content=\"SooMe\" \/>\n<meta property=\"article:modified_time\" content=\"2026-04-22T13:12:48+00:00\" \/>\n<meta property=\"og:image\" content=\"https:\/\/www.soome.be\/wp-content\/uploads\/2023\/06\/products-image0-1.jpeg\" \/>\n\t<meta property=\"og:image:width\" content=\"636\" \/>\n\t<meta property=\"og:image:height\" content=\"900\" \/>\n\t<meta property=\"og:image:type\" content=\"image\/jpeg\" \/>\n<meta name=\"twitter:card\" content=\"summary_large_image\" \/>\n<meta name=\"twitter:label1\" content=\"Estimated reading time\" \/>\n\t<meta name=\"twitter:data1\" content=\"2 minutes\" \/>\n<script type=\"application\/ld+json\" class=\"yoast-schema-graph\">{\"@context\":\"https:\\\/\\\/schema.org\",\"@graph\":[{\"@type\":\"WebPage\",\"@id\":\"https:\\\/\\\/www.soome.be\\\/produits\\\/soutiens-gorge\\\/soutiens-gorge-post-operatoires-femme\\\/sporlane-015-avec-contenseur-amovible\\\/\",\"url\":\"https:\\\/\\\/www.soome.be\\\/produits\\\/soutiens-gorge\\\/soutiens-gorge-post-operatoires-femme\\\/sporlane-015-avec-contenseur-amovible\\\/\",\"name\":\"Sporlane 015 avec contenseur amovible CERECARE\",\"isPartOf\":{\"@id\":\"https:\\\/\\\/www.soome.be\\\/#website\"},\"primaryImageOfPage\":{\"@id\":\"https:\\\/\\\/www.soome.be\\\/produits\\\/soutiens-gorge\\\/soutiens-gorge-post-operatoires-femme\\\/sporlane-015-avec-contenseur-amovible\\\/#primaryimage\"},\"image\":{\"@id\":\"https:\\\/\\\/www.soome.be\\\/produits\\\/soutiens-gorge\\\/soutiens-gorge-post-operatoires-femme\\\/sporlane-015-avec-contenseur-amovible\\\/#primaryimage\"},\"thumbnailUrl\":\"https:\\\/\\\/www.soome.be\\\/wp-content\\\/uploads\\\/2023\\\/06\\\/products-image0-1.jpeg\",\"datePublished\":\"2023-06-01T16:36:49+00:00\",\"dateModified\":\"2026-04-22T13:12:48+00:00\",\"description\":\"Le soutien-gorge SPORLANE\u00ae est adapt\u00e9 pour diminuer l\u2019\u0153d\u00e8me post-op\u00e9ratoire suite \u00e0 une r\u00e9duction, augmentation ou reconstruction mammaire. Il peut \u00eatre \u00e9galement utilis\u00e9 pour le soutien des fortes poitrines ou pour la pratique d\u2019activit\u00e9s sportives.\",\"breadcrumb\":{\"@id\":\"https:\\\/\\\/www.soome.be\\\/produits\\\/soutiens-gorge\\\/soutiens-gorge-post-operatoires-femme\\\/sporlane-015-avec-contenseur-amovible\\\/#breadcrumb\"},\"inLanguage\":\"en-GB\",\"potentialAction\":[{\"@type\":\"ReadAction\",\"target\":[\"https:\\\/\\\/www.soome.be\\\/produits\\\/soutiens-gorge\\\/soutiens-gorge-post-operatoires-femme\\\/sporlane-015-avec-contenseur-amovible\\\/\"]}]},{\"@type\":\"ImageObject\",\"inLanguage\":\"en-GB\",\"@id\":\"https:\\\/\\\/www.soome.be\\\/produits\\\/soutiens-gorge\\\/soutiens-gorge-post-operatoires-femme\\\/sporlane-015-avec-contenseur-amovible\\\/#primaryimage\",\"url\":\"https:\\\/\\\/www.soome.be\\\/wp-content\\\/uploads\\\/2023\\\/06\\\/products-image0-1.jpeg\",\"contentUrl\":\"https:\\\/\\\/www.soome.be\\\/wp-content\\\/uploads\\\/2023\\\/06\\\/products-image0-1.jpeg\",\"width\":636,\"height\":900,\"caption\":\"Sporlane 015 avec contenseur amovible CERECARE\"},{\"@type\":\"BreadcrumbList\",\"@id\":\"https:\\\/\\\/www.soome.be\\\/produits\\\/soutiens-gorge\\\/soutiens-gorge-post-operatoires-femme\\\/sporlane-015-avec-contenseur-amovible\\\/#breadcrumb\",\"itemListElement\":[{\"@type\":\"ListItem\",\"position\":1,\"name\":\"Accueil\",\"item\":\"https:\\\/\\\/www.soome.be\\\/\"},{\"@type\":\"ListItem\",\"position\":2,\"name\":\"PRODUITS\",\"item\":\"https:\\\/\\\/www.soome.be\\\/produits\\\/\"},{\"@type\":\"ListItem\",\"position\":3,\"name\":\"Sporlane 015 avec contenseur amovible\"}]},{\"@type\":\"WebSite\",\"@id\":\"https:\\\/\\\/www.soome.be\\\/#website\",\"url\":\"https:\\\/\\\/www.soome.be\\\/\",\"name\":\"SooMe\",\"description\":\"\",\"potentialAction\":[{\"@type\":\"SearchAction\",\"target\":{\"@type\":\"EntryPoint\",\"urlTemplate\":\"https:\\\/\\\/www.soome.be\\\/?s={search_term_string}\"},\"query-input\":{\"@type\":\"PropertyValueSpecification\",\"valueRequired\":true,\"valueName\":\"search_term_string\"}}],\"inLanguage\":\"en-GB\"}]}<\/script>\n<!-- \/ Yoast SEO plugin. -->","yoast_head_json":{"title":"Sporlane 015 with removable container CERECARE","description":"The SPORLANE\u00ae bra is designed to reduce post-operative oedema following breast reduction, augmentation or reconstruction. It can also be used to support large breasts or for sporting activities.","robots":{"index":"index","follow":"follow","max-snippet":"max-snippet:-1","max-image-preview":"max-image-preview:large","max-video-preview":"max-video-preview:-1"},"canonical":"https:\/\/www.soome.be\/en\/products\/bras\/womens-post-op-bras\/sporlane-015-with-removable-stabilizer\/","og_locale":"en_GB","og_type":"article","og_title":"Sporlane 015 avec contenseur amovible CERECARE","og_description":"Le soutien-gorge SPORLANE\u00ae est adapt\u00e9 pour diminuer l\u2019\u0153d\u00e8me post-op\u00e9ratoire suite \u00e0 une r\u00e9duction, augmentation ou reconstruction mammaire. Il peut \u00eatre \u00e9galement utilis\u00e9 pour le soutien des fortes poitrines ou pour la pratique d\u2019activit\u00e9s sportives.","og_url":"https:\/\/www.soome.be\/en\/products\/bras\/womens-post-op-bras\/sporlane-015-with-removable-stabilizer\/","og_site_name":"SooMe","article_modified_time":"2026-04-22T13:12:48+00:00","og_image":[{"width":636,"height":900,"url":"https:\/\/www.soome.be\/wp-content\/uploads\/2023\/06\/products-image0-1.jpeg","type":"image\/jpeg"}],"twitter_card":"summary_large_image","twitter_misc":{"Estimated reading time":"2 minutes"},"schema":{"@context":"https:\/\/schema.org","@graph":[{"@type":"WebPage","@id":"https:\/\/www.soome.be\/produits\/soutiens-gorge\/soutiens-gorge-post-operatoires-femme\/sporlane-015-avec-contenseur-amovible\/","url":"https:\/\/www.soome.be\/produits\/soutiens-gorge\/soutiens-gorge-post-operatoires-femme\/sporlane-015-avec-contenseur-amovible\/","name":"Sporlane 015 with removable container CERECARE","isPartOf":{"@id":"https:\/\/www.soome.be\/#website"},"primaryImageOfPage":{"@id":"https:\/\/www.soome.be\/produits\/soutiens-gorge\/soutiens-gorge-post-operatoires-femme\/sporlane-015-avec-contenseur-amovible\/#primaryimage"},"image":{"@id":"https:\/\/www.soome.be\/produits\/soutiens-gorge\/soutiens-gorge-post-operatoires-femme\/sporlane-015-avec-contenseur-amovible\/#primaryimage"},"thumbnailUrl":"https:\/\/www.soome.be\/wp-content\/uploads\/2023\/06\/products-image0-1.jpeg","datePublished":"2023-06-01T16:36:49+00:00","dateModified":"2026-04-22T13:12:48+00:00","description":"The SPORLANE\u00ae bra is designed to reduce post-operative oedema following breast reduction, augmentation or reconstruction. It can also be used to support large breasts or for sporting activities.","breadcrumb":{"@id":"https:\/\/www.soome.be\/produits\/soutiens-gorge\/soutiens-gorge-post-operatoires-femme\/sporlane-015-avec-contenseur-amovible\/#breadcrumb"},"inLanguage":"en-GB","potentialAction":[{"@type":"ReadAction","target":["https:\/\/www.soome.be\/produits\/soutiens-gorge\/soutiens-gorge-post-operatoires-femme\/sporlane-015-avec-contenseur-amovible\/"]}]},{"@type":"ImageObject","inLanguage":"en-GB","@id":"https:\/\/www.soome.be\/produits\/soutiens-gorge\/soutiens-gorge-post-operatoires-femme\/sporlane-015-avec-contenseur-amovible\/#primaryimage","url":"https:\/\/www.soome.be\/wp-content\/uploads\/2023\/06\/products-image0-1.jpeg","contentUrl":"https:\/\/www.soome.be\/wp-content\/uploads\/2023\/06\/products-image0-1.jpeg","width":636,"height":900,"caption":"Sporlane 015 avec contenseur amovible CERECARE"},{"@type":"BreadcrumbList","@id":"https:\/\/www.soome.be\/produits\/soutiens-gorge\/soutiens-gorge-post-operatoires-femme\/sporlane-015-avec-contenseur-amovible\/#breadcrumb","itemListElement":[{"@type":"ListItem","position":1,"name":"Accueil","item":"https:\/\/www.soome.be\/"},{"@type":"ListItem","position":2,"name":"PRODUITS","item":"https:\/\/www.soome.be\/produits\/"},{"@type":"ListItem","position":3,"name":"Sporlane 015 avec contenseur amovible"}]},{"@type":"WebSite","@id":"https:\/\/www.soome.be\/#website","url":"https:\/\/www.soome.be\/","name":"SooMe","description":"","potentialAction":[{"@type":"SearchAction","target":{"@type":"EntryPoint","urlTemplate":"https:\/\/www.soome.be\/?s={search_term_string}"},"query-input":{"@type":"PropertyValueSpecification","valueRequired":true,"valueName":"search_term_string"}}],"inLanguage":"en-GB"}]}},"_links":{"self":[{"href":"https:\/\/www.soome.be\/en\/wp-json\/wp\/v2\/product\/5680","targetHints":{"allow":["GET"]}}],"collection":[{"href":"https:\/\/www.soome.be\/en\/wp-json\/wp\/v2\/product"}],"about":[{"href":"https:\/\/www.soome.be\/en\/wp-json\/wp\/v2\/types\/product"}],"replies":[{"embeddable":true,"href":"https:\/\/www.soome.be\/en\/wp-json\/wp\/v2\/comments?post=5680"}],"wp:featuredmedia":[{"embeddable":true,"href":"https:\/\/www.soome.be\/en\/wp-json\/wp\/v2\/media\/5777"}],"wp:attachment":[{"href":"https:\/\/www.soome.be\/en\/wp-json\/wp\/v2\/media?parent=5680"}],"wp:term":[{"taxonomy":"product_brand","embeddable":true,"href":"https:\/\/www.soome.be\/en\/wp-json\/wp\/v2\/product_brand?post=5680"},{"taxonomy":"product_cat","embeddable":true,"href":"https:\/\/www.soome.be\/en\/wp-json\/wp\/v2\/product_cat?post=5680"},{"taxonomy":"product_tag","embeddable":true,"href":"https:\/\/www.soome.be\/en\/wp-json\/wp\/v2\/product_tag?post=5680"},{"taxonomy":"berocket_brand","embeddable":true,"href":"https:\/\/www.soome.be\/en\/wp-json\/wp\/v2\/berocket_brand?post=5680"}],"curies":[{"name":"wp","href":"https:\/\/api.w.org\/{rel}","templated":true}]}}