{"id":5827,"date":"2023-06-01T18:40:09","date_gmt":"2023-06-01T16:40:09","guid":{"rendered":"https:\/\/www.soome.be\/?post_type=product&#038;p=5827"},"modified":"2026-04-22T15:12:52","modified_gmt":"2026-04-22T13:12:52","slug":"high-waist-short-panty-002-a","status":"publish","type":"product","link":"https:\/\/www.soome.be\/en\/produits\/lipo-panty-de-contention\/lipo-panty-contention-lipofilling\/panty-haut-court-002-a\/","title":{"rendered":"Panty High Short 002-A"},"content":{"rendered":"<p class=\"c1\"><strong><span class=\"c5 c4\">COMFORT &amp; SUPPORT<\/span><\/strong><\/p>\n<p class=\"c1\"><span class=\"c0\">adjustable straps<\/span><\/p>\n<p class=\"c1\"><span class=\"c0\">External seams offset on the front, not irritating to the inner side of the thighs<\/span><\/p>\n<p class=\"c1\"><strong><span class=\"c4 c5\">EASY SET-UP<\/span><\/strong><\/p>\n<p class=\"c1\"><span class=\"c0\">Side Zippers\u00ae<\/span><\/p>\n<p class=\"c1\"><span class=\"c0\">\u00a0<\/span><\/p>\n<p class=\"c1\"><strong><span class=\"c5 c4\">OPTIMAL RESTRAINT:<\/span><\/strong><\/p>\n<p class=\"c1\"><span class=\"c0\">Closed crotch for adequate perineal restraint<\/span><\/p>\n<p class=\"c1\"><span class=\"c0\">side reinforcements<\/span><\/p>\n<p class=\"c1\"><span class=\"c0\">Opening at the buttocks, unbreakable fabric<\/span><\/p>\n<p class=\"c1 translation-block\"><strong><span class=\"c5 c4\">FABRIC: <\/span><\/strong><span class=\"c0\">Classic<\/span><\/p>\n<p>&nbsp;<\/p>\n<p class=\"c1\"><strong><span class=\"c5 c4\">MAINTENANCE :<\/span><\/strong><\/p>\n<p class=\"c1\"><span class=\"c0\">Cleaning 30\u00b0C water + soap<\/span><\/p>\n<p class=\"c1\"><span class=\"c0\">Rinse without softener<\/span><\/p>\n<p class=\"c1\"><span class=\"c0\">Flat drying \u2013 no dryer<\/span><\/p>\n<p class=\"c1\"><strong><span class=\"c4\">COLOR :<\/span><\/strong><span class=\"c0\">\u00a0White &amp; Black<\/span><\/p>","protected":false},"excerpt":{"rendered":"<p class=\"c1\"><span class=\"c0\">The panty lipofilling high short is used following a lipofilling of the buttocks, technique of buttocks augmentation by injection of its own fat. This compressive garment will maintain the curve and avoid compressing the reinjected area.<\/span><\/p>\n<p class=\"c1\"><span class=\"c0\">It will also contribute to the containment of postoperative edema following the procedure.<\/span><\/p>\n<p class=\"c1\"><span class=\"c0\">Do not use directly on open wound, nor in case of pre-existing phlebitis.<\/span><\/p>\n<p class=\"c1\"><span class=\"c0\">The seams of the panty are placed on the outside so as not to mark the skin and avoid any discomfort.<\/span><\/p>\n<p class=\"c1\"><span class=\"c0\">Also check out the CEREDERM LIPOSTICK self-adhesive dressings! Small and discreet, they will help to reduce scarring caused by liposuction\/ lipofilling cannulas.<\/span><\/p>","protected":false},"featured_media":5824,"comment_status":"open","ping_status":"open","template":"","meta":[],"product_brand":[],"product_cat":[72,71],"product_tag":[],"berocket_brand":[428],"class_list":{"0":"post-5827","1":"product","2":"type-product","3":"status-publish","4":"has-post-thumbnail","6":"product_cat-lipo-panty-contention-lipofilling","7":"product_cat-lipo-panty-de-contention","8":"pa_couleur-blanc","9":"pa_couleur-noir","10":"pa_product_brand-cerecare","11":"pa_taille-t1","12":"pa_taille-t2","13":"pa_taille-t3","14":"pa_taille-t4","15":"pa_taille-t5","16":"pa_taille-t6","17":"pa_xfgmc_adult-off-2","18":"pa_xfgmc_condition-default","19":"pa_xfgmc_identifier_exists-off","20":"berocket_brand-cerecare","22":"first","23":"instock","24":"taxable","25":"shipping-taxable","26":"purchasable","27":"product-type-variable"},"yoast_head":"<!-- This site is optimized with the Yoast SEO plugin v27.4 - https:\/\/yoast.com\/product\/yoast-seo-wordpress\/ -->\n<title>PANTY HAUT COURT 002-A CERECARE<\/title>\n<meta name=\"description\" content=\"Le panty lipofilling haut court est utilis\u00e9 \u00e0 la suite d\u2019un lipofilling des fesses, technique d\u2019augmentation des fesses par injection de sa propre graisse. Ce v\u00eatement compressif va maintenir le galbe et \u00e9viter de comprimer la zone r\u00e9inject\u00e9e.\" \/>\n<meta name=\"robots\" content=\"index, follow, max-snippet:-1, max-image-preview:large, max-video-preview:-1\" \/>\n<link rel=\"canonical\" href=\"https:\/\/www.soome.be\/en\/products\/lipofilling-compression-lipo-panty-2\/lipofilling-compression-lipo-panty\/high-waist-short-panty-002-a\/\" \/>\n<meta property=\"og:locale\" content=\"en_GB\" \/>\n<meta property=\"og:type\" content=\"article\" \/>\n<meta property=\"og:title\" content=\"PANTY HAUT COURT 002-A CERECARE\" \/>\n<meta property=\"og:description\" content=\"Le panty lipofilling haut court est utilis\u00e9 \u00e0 la suite d\u2019un lipofilling des fesses, technique d\u2019augmentation des fesses par injection de sa propre graisse. Ce v\u00eatement compressif va maintenir le galbe et \u00e9viter de comprimer la zone r\u00e9inject\u00e9e.\" \/>\n<meta property=\"og:url\" content=\"https:\/\/www.soome.be\/en\/products\/lipofilling-compression-lipo-panty-2\/lipofilling-compression-lipo-panty\/high-waist-short-panty-002-a\/\" \/>\n<meta property=\"og:site_name\" content=\"SooMe\" \/>\n<meta property=\"article:modified_time\" content=\"2026-04-22T13:12:52+00:00\" \/>\n<meta property=\"og:image\" content=\"https:\/\/www.soome.be\/wp-content\/uploads\/2023\/06\/products-image2-1.jpg\" \/>\n\t<meta property=\"og:image:width\" content=\"259\" \/>\n\t<meta property=\"og:image:height\" content=\"366\" \/>\n\t<meta property=\"og:image:type\" content=\"image\/jpeg\" \/>\n<meta name=\"twitter:card\" content=\"summary_large_image\" \/>\n<script type=\"application\/ld+json\" class=\"yoast-schema-graph\">{\"@context\":\"https:\\\/\\\/schema.org\",\"@graph\":[{\"@type\":\"WebPage\",\"@id\":\"https:\\\/\\\/www.soome.be\\\/produits\\\/lipo-panty-de-contention\\\/lipo-panty-contention-lipofilling\\\/panty-haut-court-002-a\\\/\",\"url\":\"https:\\\/\\\/www.soome.be\\\/produits\\\/lipo-panty-de-contention\\\/lipo-panty-contention-lipofilling\\\/panty-haut-court-002-a\\\/\",\"name\":\"PANTY HAUT COURT 002-A CERECARE\",\"isPartOf\":{\"@id\":\"https:\\\/\\\/www.soome.be\\\/#website\"},\"primaryImageOfPage\":{\"@id\":\"https:\\\/\\\/www.soome.be\\\/produits\\\/lipo-panty-de-contention\\\/lipo-panty-contention-lipofilling\\\/panty-haut-court-002-a\\\/#primaryimage\"},\"image\":{\"@id\":\"https:\\\/\\\/www.soome.be\\\/produits\\\/lipo-panty-de-contention\\\/lipo-panty-contention-lipofilling\\\/panty-haut-court-002-a\\\/#primaryimage\"},\"thumbnailUrl\":\"https:\\\/\\\/www.soome.be\\\/wp-content\\\/uploads\\\/2023\\\/06\\\/products-image2-1.jpg\",\"datePublished\":\"2023-06-01T16:40:09+00:00\",\"dateModified\":\"2026-04-22T13:12:52+00:00\",\"description\":\"Le panty lipofilling haut court est utilis\u00e9 \u00e0 la suite d\u2019un lipofilling des fesses, technique d\u2019augmentation des fesses par injection de sa propre graisse. Ce v\u00eatement compressif va maintenir le galbe et \u00e9viter de comprimer la zone r\u00e9inject\u00e9e.\",\"breadcrumb\":{\"@id\":\"https:\\\/\\\/www.soome.be\\\/produits\\\/lipo-panty-de-contention\\\/lipo-panty-contention-lipofilling\\\/panty-haut-court-002-a\\\/#breadcrumb\"},\"inLanguage\":\"en-GB\",\"potentialAction\":[{\"@type\":\"ReadAction\",\"target\":[\"https:\\\/\\\/www.soome.be\\\/produits\\\/lipo-panty-de-contention\\\/lipo-panty-contention-lipofilling\\\/panty-haut-court-002-a\\\/\"]}]},{\"@type\":\"ImageObject\",\"inLanguage\":\"en-GB\",\"@id\":\"https:\\\/\\\/www.soome.be\\\/produits\\\/lipo-panty-de-contention\\\/lipo-panty-contention-lipofilling\\\/panty-haut-court-002-a\\\/#primaryimage\",\"url\":\"https:\\\/\\\/www.soome.be\\\/wp-content\\\/uploads\\\/2023\\\/06\\\/products-image2-1.jpg\",\"contentUrl\":\"https:\\\/\\\/www.soome.be\\\/wp-content\\\/uploads\\\/2023\\\/06\\\/products-image2-1.jpg\",\"width\":259,\"height\":366,\"caption\":\"Panty haut long 001-A CERECARE\"},{\"@type\":\"BreadcrumbList\",\"@id\":\"https:\\\/\\\/www.soome.be\\\/produits\\\/lipo-panty-de-contention\\\/lipo-panty-contention-lipofilling\\\/panty-haut-court-002-a\\\/#breadcrumb\",\"itemListElement\":[{\"@type\":\"ListItem\",\"position\":1,\"name\":\"Accueil\",\"item\":\"https:\\\/\\\/www.soome.be\\\/\"},{\"@type\":\"ListItem\",\"position\":2,\"name\":\"PRODUITS\",\"item\":\"https:\\\/\\\/www.soome.be\\\/produits\\\/\"},{\"@type\":\"ListItem\",\"position\":3,\"name\":\"Panty haut court 002-A\"}]},{\"@type\":\"WebSite\",\"@id\":\"https:\\\/\\\/www.soome.be\\\/#website\",\"url\":\"https:\\\/\\\/www.soome.be\\\/\",\"name\":\"SooMe\",\"description\":\"\",\"potentialAction\":[{\"@type\":\"SearchAction\",\"target\":{\"@type\":\"EntryPoint\",\"urlTemplate\":\"https:\\\/\\\/www.soome.be\\\/?s={search_term_string}\"},\"query-input\":{\"@type\":\"PropertyValueSpecification\",\"valueRequired\":true,\"valueName\":\"search_term_string\"}}],\"inLanguage\":\"en-GB\"}]}<\/script>\n<!-- \/ Yoast SEO plugin. -->","yoast_head_json":{"title":"SHORT TOP PANTY 002-A CERECARE","description":"The panty lipofilling high short is used following a lipofilling of the buttocks, technique of buttocks augmentation by injection of its own fat. This compressive garment will maintain the curve and avoid compressing the reinjected area.","robots":{"index":"index","follow":"follow","max-snippet":"max-snippet:-1","max-image-preview":"max-image-preview:large","max-video-preview":"max-video-preview:-1"},"canonical":"https:\/\/www.soome.be\/en\/products\/lipofilling-compression-lipo-panty-2\/lipofilling-compression-lipo-panty\/high-waist-short-panty-002-a\/","og_locale":"en_GB","og_type":"article","og_title":"PANTY HAUT COURT 002-A CERECARE","og_description":"Le panty lipofilling haut court est utilis\u00e9 \u00e0 la suite d\u2019un lipofilling des fesses, technique d\u2019augmentation des fesses par injection de sa propre graisse. Ce v\u00eatement compressif va maintenir le galbe et \u00e9viter de comprimer la zone r\u00e9inject\u00e9e.","og_url":"https:\/\/www.soome.be\/en\/products\/lipofilling-compression-lipo-panty-2\/lipofilling-compression-lipo-panty\/high-waist-short-panty-002-a\/","og_site_name":"SooMe","article_modified_time":"2026-04-22T13:12:52+00:00","og_image":[{"width":259,"height":366,"url":"https:\/\/www.soome.be\/wp-content\/uploads\/2023\/06\/products-image2-1.jpg","type":"image\/jpeg"}],"twitter_card":"summary_large_image","schema":{"@context":"https:\/\/schema.org","@graph":[{"@type":"WebPage","@id":"https:\/\/www.soome.be\/produits\/lipo-panty-de-contention\/lipo-panty-contention-lipofilling\/panty-haut-court-002-a\/","url":"https:\/\/www.soome.be\/produits\/lipo-panty-de-contention\/lipo-panty-contention-lipofilling\/panty-haut-court-002-a\/","name":"SHORT TOP PANTY 002-A CERECARE","isPartOf":{"@id":"https:\/\/www.soome.be\/#website"},"primaryImageOfPage":{"@id":"https:\/\/www.soome.be\/produits\/lipo-panty-de-contention\/lipo-panty-contention-lipofilling\/panty-haut-court-002-a\/#primaryimage"},"image":{"@id":"https:\/\/www.soome.be\/produits\/lipo-panty-de-contention\/lipo-panty-contention-lipofilling\/panty-haut-court-002-a\/#primaryimage"},"thumbnailUrl":"https:\/\/www.soome.be\/wp-content\/uploads\/2023\/06\/products-image2-1.jpg","datePublished":"2023-06-01T16:40:09+00:00","dateModified":"2026-04-22T13:12:52+00:00","description":"The panty lipofilling high short is used following a lipofilling of the buttocks, technique of buttocks augmentation by injection of its own fat. This compressive garment will maintain the curve and avoid compressing the reinjected area.","breadcrumb":{"@id":"https:\/\/www.soome.be\/produits\/lipo-panty-de-contention\/lipo-panty-contention-lipofilling\/panty-haut-court-002-a\/#breadcrumb"},"inLanguage":"en-GB","potentialAction":[{"@type":"ReadAction","target":["https:\/\/www.soome.be\/produits\/lipo-panty-de-contention\/lipo-panty-contention-lipofilling\/panty-haut-court-002-a\/"]}]},{"@type":"ImageObject","inLanguage":"en-GB","@id":"https:\/\/www.soome.be\/produits\/lipo-panty-de-contention\/lipo-panty-contention-lipofilling\/panty-haut-court-002-a\/#primaryimage","url":"https:\/\/www.soome.be\/wp-content\/uploads\/2023\/06\/products-image2-1.jpg","contentUrl":"https:\/\/www.soome.be\/wp-content\/uploads\/2023\/06\/products-image2-1.jpg","width":259,"height":366,"caption":"Panty haut long 001-A CERECARE"},{"@type":"BreadcrumbList","@id":"https:\/\/www.soome.be\/produits\/lipo-panty-de-contention\/lipo-panty-contention-lipofilling\/panty-haut-court-002-a\/#breadcrumb","itemListElement":[{"@type":"ListItem","position":1,"name":"Accueil","item":"https:\/\/www.soome.be\/"},{"@type":"ListItem","position":2,"name":"PRODUITS","item":"https:\/\/www.soome.be\/produits\/"},{"@type":"ListItem","position":3,"name":"Panty haut court 002-A"}]},{"@type":"WebSite","@id":"https:\/\/www.soome.be\/#website","url":"https:\/\/www.soome.be\/","name":"SooMe","description":"","potentialAction":[{"@type":"SearchAction","target":{"@type":"EntryPoint","urlTemplate":"https:\/\/www.soome.be\/?s={search_term_string}"},"query-input":{"@type":"PropertyValueSpecification","valueRequired":true,"valueName":"search_term_string"}}],"inLanguage":"en-GB"}]}},"_links":{"self":[{"href":"https:\/\/www.soome.be\/en\/wp-json\/wp\/v2\/product\/5827","targetHints":{"allow":["GET"]}}],"collection":[{"href":"https:\/\/www.soome.be\/en\/wp-json\/wp\/v2\/product"}],"about":[{"href":"https:\/\/www.soome.be\/en\/wp-json\/wp\/v2\/types\/product"}],"replies":[{"embeddable":true,"href":"https:\/\/www.soome.be\/en\/wp-json\/wp\/v2\/comments?post=5827"}],"wp:featuredmedia":[{"embeddable":true,"href":"https:\/\/www.soome.be\/en\/wp-json\/wp\/v2\/media\/5824"}],"wp:attachment":[{"href":"https:\/\/www.soome.be\/en\/wp-json\/wp\/v2\/media?parent=5827"}],"wp:term":[{"taxonomy":"product_brand","embeddable":true,"href":"https:\/\/www.soome.be\/en\/wp-json\/wp\/v2\/product_brand?post=5827"},{"taxonomy":"product_cat","embeddable":true,"href":"https:\/\/www.soome.be\/en\/wp-json\/wp\/v2\/product_cat?post=5827"},{"taxonomy":"product_tag","embeddable":true,"href":"https:\/\/www.soome.be\/en\/wp-json\/wp\/v2\/product_tag?post=5827"},{"taxonomy":"berocket_brand","embeddable":true,"href":"https:\/\/www.soome.be\/en\/wp-json\/wp\/v2\/berocket_brand?post=5827"}],"curies":[{"name":"wp","href":"https:\/\/api.w.org\/{rel}","templated":true}]}}