{"id":5854,"date":"2023-06-01T18:40:09","date_gmt":"2023-06-01T16:40:09","guid":{"rendered":"https:\/\/www.soome.be\/?post_type=product&#038;p=5854"},"modified":"2026-04-22T15:12:57","modified_gmt":"2026-04-22T13:12:57","slug":"pi-ideal","status":"publish","type":"product","link":"https:\/\/www.soome.be\/en\/produits\/soutiens-gorge\/soutiens-gorge-post-operatoires-femme\/pi-ideal\/","title":{"rendered":"PI Ideal"},"content":{"rendered":"<p><img fetchpriority=\"high\" decoding=\"async\" class=\"alignnone wp-image-38425 size-full\" src=\"https:\/\/www.abricot-compression.com\/wp-content\/uploads\/2022\/04\/image1.jpg\" alt=\"\" width=\"546\" height=\"462\" \/><\/p>\n<p>INDICATION: after breast surgery (augmentation, reduction, mammoplasty, breast reconstruction or mastopexia)<\/p>\n<p>Immediately after breast augmentation, the breasts tend to swell. However, edema and pain are gradually reduced with compression therapy<\/p>\n<p>CHARACTERISTICS :<\/p>\n<p>Cotton post-operative bra without stitching<\/p>\n<p>Bra bordered by a wide elastic that allows to attach it to the right place<\/p>\n<p>Thanks to the neckline of the shallow bra, the cups cover the entire chest. In case of breast augmentation by implants, it stabilizes the position of the prostheses and helps them to adhere to the breast tissue<\/p>\n<p>CUPS :<\/p>\n<p>Seamless thermoformed cups ensure the perfect comfort for your breasts<\/p>\n<p>CLOSURE :<\/p>\n<p>Rear closure with clips and eyelets<\/p>\n<p>The bra offers the possibility to adjust the compression as needed (three closing positions)<\/p>\n<p>Adjustable straps with 4 rows of clips allow you to adjust the compression according to your needs<\/p>\n<p>FABRIC: RIB fabric, ultra soft to the touch<\/p>\n<p>The material has obtained the OEKO-TEX\u00ae certificate, which guarantees the absence of toxic substances or allergens (latex, etc.).<\/p>\n<p>Material: 63 % polyamide, 37 % elastane<\/p>\n<p>MAINTENANCE :<\/p>\n<p>Gentle washing, maximum temperature 30\u00b0C.<\/p>\n<p>The product must not be bleached.<\/p>\n<p>The product must not be dried with a tumble dryer.<\/p>\n<p>The product must not be ironed.<\/p>\n<p>The product should not be chemically cleaned.<\/p>","protected":false},"excerpt":{"rendered":"<p>CHARACTERISTICS :<\/p>\n<p>Cotton post-operative bra without stitching<\/p>\n<p>Bra bordered by a wide elastic that allows to attach it to the right place<\/p>\n<p>Thanks to the neckline of the shallow bra, the cups cover the entire chest. In case of breast augmentation by implants, it stabilizes the position of the prostheses and helps them to adhere to the breast tissue<\/p>","protected":false},"featured_media":5871,"comment_status":"open","ping_status":"open","template":"","meta":[],"product_brand":[],"product_cat":[69],"product_tag":[],"berocket_brand":[431],"class_list":{"0":"post-5854","1":"product","2":"type-product","3":"status-publish","4":"has-post-thumbnail","6":"product_cat-soutiens-gorge-post-operatoires-femme","7":"pa_couleur-beige","8":"pa_couleur-noir","9":"pa_product_brand-lipoelastic","10":"pa_taille-3xl","11":"pa_taille-l","12":"pa_taille-m","13":"pa_taille-s","14":"pa_taille-xl","15":"pa_taille-xs","16":"pa_taille-xxl","17":"pa_thp_upsellpopup_template-template-default","18":"pa_xfgmc_adult-off-2","19":"pa_xfgmc_condition-default","20":"pa_xfgmc_identifier_exists-off","21":"berocket_brand-lipoelastic","23":"first","24":"instock","25":"taxable","26":"shipping-taxable","27":"purchasable","28":"product-type-variable"},"yoast_head":"<!-- This site is optimized with the Yoast SEO plugin v27.4 - https:\/\/yoast.com\/product\/yoast-seo-wordpress\/ -->\n<title>PI id\u00e9al (lipo-PI04V00R) LIPOELASTIC<\/title>\n<meta name=\"description\" content=\"Soutien-gorge postop\u00e9ratoire compressif en coton sans coutures. Soutien-gorge bord\u00e9 par un \u00e9lastique large qui permet de le fixer au bon endroit. Gr\u00e2ce au d\u00e9collet\u00e9 du soutien-gorge peu profond, les bonnets couvrent toute la poitrine. En cas d\u2019augmentation mammaire par implants, il stabilise la position des proth\u00e8ses et les aide \u00e0 adh\u00e9rer au tissu mammaire\" \/>\n<meta name=\"robots\" content=\"index, follow, max-snippet:-1, max-image-preview:large, max-video-preview:-1\" \/>\n<link rel=\"canonical\" href=\"https:\/\/www.soome.be\/en\/products\/bras\/womens-post-op-bras\/pi-ideal\/\" \/>\n<meta property=\"og:locale\" content=\"en_GB\" \/>\n<meta property=\"og:type\" content=\"article\" \/>\n<meta property=\"og:title\" content=\"PI id\u00e9al (lipo-PI04V00R) LIPOELASTIC\" \/>\n<meta property=\"og:description\" content=\"Soutien-gorge postop\u00e9ratoire compressif en coton sans coutures. Soutien-gorge bord\u00e9 par un \u00e9lastique large qui permet de le fixer au bon endroit. Gr\u00e2ce au d\u00e9collet\u00e9 du soutien-gorge peu profond, les bonnets couvrent toute la poitrine. En cas d\u2019augmentation mammaire par implants, il stabilise la position des proth\u00e8ses et les aide \u00e0 adh\u00e9rer au tissu mammaire\" \/>\n<meta property=\"og:url\" content=\"https:\/\/www.soome.be\/en\/products\/bras\/womens-post-op-bras\/pi-ideal\/\" \/>\n<meta property=\"og:site_name\" content=\"SooMe\" \/>\n<meta property=\"article:modified_time\" content=\"2026-04-22T13:12:57+00:00\" \/>\n<meta property=\"og:image\" content=\"https:\/\/www.soome.be\/wp-content\/uploads\/2023\/06\/products-image2-2.jpg\" \/>\n\t<meta property=\"og:image:width\" content=\"1232\" \/>\n\t<meta property=\"og:image:height\" content=\"1678\" \/>\n\t<meta property=\"og:image:type\" content=\"image\/jpeg\" \/>\n<meta name=\"twitter:card\" content=\"summary_large_image\" \/>\n<meta name=\"twitter:label1\" content=\"Estimated reading time\" \/>\n\t<meta name=\"twitter:data1\" content=\"1 minute\" \/>\n<script type=\"application\/ld+json\" class=\"yoast-schema-graph\">{\"@context\":\"https:\\\/\\\/schema.org\",\"@graph\":[{\"@type\":\"WebPage\",\"@id\":\"https:\\\/\\\/www.soome.be\\\/produits\\\/soutiens-gorge\\\/soutiens-gorge-post-operatoires-femme\\\/pi-ideal\\\/\",\"url\":\"https:\\\/\\\/www.soome.be\\\/produits\\\/soutiens-gorge\\\/soutiens-gorge-post-operatoires-femme\\\/pi-ideal\\\/\",\"name\":\"PI id\u00e9al (lipo-PI04V00R) LIPOELASTIC\",\"isPartOf\":{\"@id\":\"https:\\\/\\\/www.soome.be\\\/#website\"},\"primaryImageOfPage\":{\"@id\":\"https:\\\/\\\/www.soome.be\\\/produits\\\/soutiens-gorge\\\/soutiens-gorge-post-operatoires-femme\\\/pi-ideal\\\/#primaryimage\"},\"image\":{\"@id\":\"https:\\\/\\\/www.soome.be\\\/produits\\\/soutiens-gorge\\\/soutiens-gorge-post-operatoires-femme\\\/pi-ideal\\\/#primaryimage\"},\"thumbnailUrl\":\"https:\\\/\\\/www.soome.be\\\/wp-content\\\/uploads\\\/2023\\\/06\\\/products-image2-2.jpg\",\"datePublished\":\"2023-06-01T16:40:09+00:00\",\"dateModified\":\"2026-04-22T13:12:57+00:00\",\"description\":\"Soutien-gorge postop\u00e9ratoire compressif en coton sans coutures. Soutien-gorge bord\u00e9 par un \u00e9lastique large qui permet de le fixer au bon endroit. Gr\u00e2ce au d\u00e9collet\u00e9 du soutien-gorge peu profond, les bonnets couvrent toute la poitrine. En cas d\u2019augmentation mammaire par implants, il stabilise la position des proth\u00e8ses et les aide \u00e0 adh\u00e9rer au tissu mammaire\",\"breadcrumb\":{\"@id\":\"https:\\\/\\\/www.soome.be\\\/produits\\\/soutiens-gorge\\\/soutiens-gorge-post-operatoires-femme\\\/pi-ideal\\\/#breadcrumb\"},\"inLanguage\":\"en-GB\",\"potentialAction\":[{\"@type\":\"ReadAction\",\"target\":[\"https:\\\/\\\/www.soome.be\\\/produits\\\/soutiens-gorge\\\/soutiens-gorge-post-operatoires-femme\\\/pi-ideal\\\/\"]}]},{\"@type\":\"ImageObject\",\"inLanguage\":\"en-GB\",\"@id\":\"https:\\\/\\\/www.soome.be\\\/produits\\\/soutiens-gorge\\\/soutiens-gorge-post-operatoires-femme\\\/pi-ideal\\\/#primaryimage\",\"url\":\"https:\\\/\\\/www.soome.be\\\/wp-content\\\/uploads\\\/2023\\\/06\\\/products-image2-2.jpg\",\"contentUrl\":\"https:\\\/\\\/www.soome.be\\\/wp-content\\\/uploads\\\/2023\\\/06\\\/products-image2-2.jpg\",\"width\":1232,\"height\":1678,\"caption\":\"PI id\u00e9al LIPOELASTIC\"},{\"@type\":\"BreadcrumbList\",\"@id\":\"https:\\\/\\\/www.soome.be\\\/produits\\\/soutiens-gorge\\\/soutiens-gorge-post-operatoires-femme\\\/pi-ideal\\\/#breadcrumb\",\"itemListElement\":[{\"@type\":\"ListItem\",\"position\":1,\"name\":\"Accueil\",\"item\":\"https:\\\/\\\/www.soome.be\\\/\"},{\"@type\":\"ListItem\",\"position\":2,\"name\":\"PRODUITS\",\"item\":\"https:\\\/\\\/www.soome.be\\\/produits\\\/\"},{\"@type\":\"ListItem\",\"position\":3,\"name\":\"PI id\u00e9al\"}]},{\"@type\":\"WebSite\",\"@id\":\"https:\\\/\\\/www.soome.be\\\/#website\",\"url\":\"https:\\\/\\\/www.soome.be\\\/\",\"name\":\"SooMe\",\"description\":\"\",\"potentialAction\":[{\"@type\":\"SearchAction\",\"target\":{\"@type\":\"EntryPoint\",\"urlTemplate\":\"https:\\\/\\\/www.soome.be\\\/?s={search_term_string}\"},\"query-input\":{\"@type\":\"PropertyValueSpecification\",\"valueRequired\":true,\"valueName\":\"search_term_string\"}}],\"inLanguage\":\"en-GB\"}]}<\/script>\n<!-- \/ Yoast SEO plugin. -->","yoast_head_json":{"title":"Ideal PI (lipo-PI04V00R) LIPOELASTIC","description":"Seamless cotton postoperative compression bra. The bra is trimmed with a wide elastic band to secure it in place. Thanks to the bra's shallow neckline, the cups cover the entire bust. In the case of breast augmentation using implants, it stabilises the position of the prostheses and helps them to adhere to the breast tissue.","robots":{"index":"index","follow":"follow","max-snippet":"max-snippet:-1","max-image-preview":"max-image-preview:large","max-video-preview":"max-video-preview:-1"},"canonical":"https:\/\/www.soome.be\/en\/products\/bras\/womens-post-op-bras\/pi-ideal\/","og_locale":"en_GB","og_type":"article","og_title":"PI id\u00e9al (lipo-PI04V00R) LIPOELASTIC","og_description":"Soutien-gorge postop\u00e9ratoire compressif en coton sans coutures. Soutien-gorge bord\u00e9 par un \u00e9lastique large qui permet de le fixer au bon endroit. Gr\u00e2ce au d\u00e9collet\u00e9 du soutien-gorge peu profond, les bonnets couvrent toute la poitrine. En cas d\u2019augmentation mammaire par implants, il stabilise la position des proth\u00e8ses et les aide \u00e0 adh\u00e9rer au tissu mammaire","og_url":"https:\/\/www.soome.be\/en\/products\/bras\/womens-post-op-bras\/pi-ideal\/","og_site_name":"SooMe","article_modified_time":"2026-04-22T13:12:57+00:00","og_image":[{"width":1232,"height":1678,"url":"https:\/\/www.soome.be\/wp-content\/uploads\/2023\/06\/products-image2-2.jpg","type":"image\/jpeg"}],"twitter_card":"summary_large_image","twitter_misc":{"Estimated reading time":"1 minute"},"schema":{"@context":"https:\/\/schema.org","@graph":[{"@type":"WebPage","@id":"https:\/\/www.soome.be\/produits\/soutiens-gorge\/soutiens-gorge-post-operatoires-femme\/pi-ideal\/","url":"https:\/\/www.soome.be\/produits\/soutiens-gorge\/soutiens-gorge-post-operatoires-femme\/pi-ideal\/","name":"Ideal PI (lipo-PI04V00R) LIPOELASTIC","isPartOf":{"@id":"https:\/\/www.soome.be\/#website"},"primaryImageOfPage":{"@id":"https:\/\/www.soome.be\/produits\/soutiens-gorge\/soutiens-gorge-post-operatoires-femme\/pi-ideal\/#primaryimage"},"image":{"@id":"https:\/\/www.soome.be\/produits\/soutiens-gorge\/soutiens-gorge-post-operatoires-femme\/pi-ideal\/#primaryimage"},"thumbnailUrl":"https:\/\/www.soome.be\/wp-content\/uploads\/2023\/06\/products-image2-2.jpg","datePublished":"2023-06-01T16:40:09+00:00","dateModified":"2026-04-22T13:12:57+00:00","description":"Seamless cotton postoperative compression bra. The bra is trimmed with a wide elastic band to secure it in place. Thanks to the bra's shallow neckline, the cups cover the entire bust. In the case of breast augmentation using implants, it stabilises the position of the prostheses and helps them to adhere to the breast tissue.","breadcrumb":{"@id":"https:\/\/www.soome.be\/produits\/soutiens-gorge\/soutiens-gorge-post-operatoires-femme\/pi-ideal\/#breadcrumb"},"inLanguage":"en-GB","potentialAction":[{"@type":"ReadAction","target":["https:\/\/www.soome.be\/produits\/soutiens-gorge\/soutiens-gorge-post-operatoires-femme\/pi-ideal\/"]}]},{"@type":"ImageObject","inLanguage":"en-GB","@id":"https:\/\/www.soome.be\/produits\/soutiens-gorge\/soutiens-gorge-post-operatoires-femme\/pi-ideal\/#primaryimage","url":"https:\/\/www.soome.be\/wp-content\/uploads\/2023\/06\/products-image2-2.jpg","contentUrl":"https:\/\/www.soome.be\/wp-content\/uploads\/2023\/06\/products-image2-2.jpg","width":1232,"height":1678,"caption":"PI id\u00e9al LIPOELASTIC"},{"@type":"BreadcrumbList","@id":"https:\/\/www.soome.be\/produits\/soutiens-gorge\/soutiens-gorge-post-operatoires-femme\/pi-ideal\/#breadcrumb","itemListElement":[{"@type":"ListItem","position":1,"name":"Accueil","item":"https:\/\/www.soome.be\/"},{"@type":"ListItem","position":2,"name":"PRODUITS","item":"https:\/\/www.soome.be\/produits\/"},{"@type":"ListItem","position":3,"name":"PI id\u00e9al"}]},{"@type":"WebSite","@id":"https:\/\/www.soome.be\/#website","url":"https:\/\/www.soome.be\/","name":"SooMe","description":"","potentialAction":[{"@type":"SearchAction","target":{"@type":"EntryPoint","urlTemplate":"https:\/\/www.soome.be\/?s={search_term_string}"},"query-input":{"@type":"PropertyValueSpecification","valueRequired":true,"valueName":"search_term_string"}}],"inLanguage":"en-GB"}]}},"_links":{"self":[{"href":"https:\/\/www.soome.be\/en\/wp-json\/wp\/v2\/product\/5854","targetHints":{"allow":["GET"]}}],"collection":[{"href":"https:\/\/www.soome.be\/en\/wp-json\/wp\/v2\/product"}],"about":[{"href":"https:\/\/www.soome.be\/en\/wp-json\/wp\/v2\/types\/product"}],"replies":[{"embeddable":true,"href":"https:\/\/www.soome.be\/en\/wp-json\/wp\/v2\/comments?post=5854"}],"wp:featuredmedia":[{"embeddable":true,"href":"https:\/\/www.soome.be\/en\/wp-json\/wp\/v2\/media\/5871"}],"wp:attachment":[{"href":"https:\/\/www.soome.be\/en\/wp-json\/wp\/v2\/media?parent=5854"}],"wp:term":[{"taxonomy":"product_brand","embeddable":true,"href":"https:\/\/www.soome.be\/en\/wp-json\/wp\/v2\/product_brand?post=5854"},{"taxonomy":"product_cat","embeddable":true,"href":"https:\/\/www.soome.be\/en\/wp-json\/wp\/v2\/product_cat?post=5854"},{"taxonomy":"product_tag","embeddable":true,"href":"https:\/\/www.soome.be\/en\/wp-json\/wp\/v2\/product_tag?post=5854"},{"taxonomy":"berocket_brand","embeddable":true,"href":"https:\/\/www.soome.be\/en\/wp-json\/wp\/v2\/berocket_brand?post=5854"}],"curies":[{"name":"wp","href":"https:\/\/api.w.org\/{rel}","templated":true}]}}