{"id":5872,"date":"2023-06-01T18:40:10","date_gmt":"2023-06-01T16:40:10","guid":{"rendered":"https:\/\/www.soome.be\/?post_type=product&#038;p=5872"},"modified":"2026-04-22T15:13:00","modified_gmt":"2026-04-22T13:13:00","slug":"pi-filling","status":"publish","type":"product","link":"https:\/\/www.soome.be\/en\/produits\/soutiens-gorge\/soutiens-gorge-post-operatoires-femme\/pi-filling\/","title":{"rendered":"PI Filling"},"content":{"rendered":"<p><img fetchpriority=\"high\" decoding=\"async\" class=\"alignnone wp-image-38429 size-full\" src=\"https:\/\/www.abricot-compression.com\/wp-content\/uploads\/2022\/04\/image5.jpg\" alt=\"\" width=\"980\" height=\"863\" \/><\/p>\n<p>INDICATION: after breast augmentation by fat injection (breast lipofilling, breast reconstruction by lipofilling, fat transfer)<\/p>\n<p>It is recommended to use in the first phase of post-operative care after breast augmentation by fat injection (breast lipofilling, breast reconstruction by lipofilling, fat transfer)<\/p>\n<p>CHARACTERISTICS :<\/p>\n<p>The PI filling bra is only intended for patients after breast augmentation by injection of fat<\/p>\n<p>Cups are specially modulated to avoid unwanted pressure on the transferred grease<\/p>\n<p>CUPS :<\/p>\n<p>Thermoformed cups in light translucent material that protect the breasts<\/p>\n<p>Cups are sewn with a flat seam to keep breasts where they need to be<\/p>\n<p>A comfortable seamless nipple cut to avoid skin irritation<\/p>\n<p>CLOSURE :<\/p>\n<p>Rear closure with clips and eyelets<\/p>\n<p>Adjustable shoulder straps<\/p>\n<p>FABRIC: The bra is made of a soft and pleasant fabric for your skin<\/p>\n<p>The material has obtained the OEKO-TEX\u00ae certificate, which guarantees the absence of toxic substances or allergens (latex, etc.).<\/p>\n<p>Material: 81% polyamide, 19% elastane<\/p>\n<p>MAINTENANCE :<\/p>\n<p>Gentle washing, maximum temperature 30\u00b0C.<\/p>\n<p>The product must not be bleached.<\/p>\n<p>The product must not be dried with a tumble dryer.<\/p>\n<p>The product must not be ironed.<\/p>\n<p>The product should not be chemically cleaned.<\/p>","protected":false},"excerpt":{"rendered":"<p>CHARACTERISTICS :<\/p>\n<p>The PI filling bra is only intended for patients after breast augmentation by injection of fat<\/p>\n<p>Cups are specially modulated to avoid unwanted pressure on the transferred grease<\/p>","protected":false},"featured_media":5887,"comment_status":"open","ping_status":"open","template":"","meta":[],"product_brand":[],"product_cat":[69],"product_tag":[],"berocket_brand":[431],"class_list":{"0":"post-5872","1":"product","2":"type-product","3":"status-publish","4":"has-post-thumbnail","6":"product_cat-soutiens-gorge-post-operatoires-femme","7":"pa_bonnet-a-b","8":"pa_bonnet-c-d","9":"pa_product_brand-lipoelastic","10":"pa_taille-fr-100-eu85","11":"pa_taille-fr-105-eu90","12":"pa_taille-fr-110-eu95","13":"pa_taille-fr-80-eu65","14":"pa_taille-fr-85-eu70","15":"pa_taille-fr-90-eu75","16":"pa_taille-fr-95-eu80","17":"pa_xfgmc_adult-off-2","18":"pa_xfgmc_condition-default","19":"pa_xfgmc_identifier_exists-off","20":"berocket_brand-lipoelastic","22":"first","23":"instock","24":"taxable","25":"shipping-taxable","26":"purchasable","27":"product-type-variable"},"yoast_head":"<!-- This site is optimized with the Yoast SEO plugin v27.4 - https:\/\/yoast.com\/product\/yoast-seo-wordpress\/ -->\n<title>PI Filling (lipo-PI21V00X) LIPOELASTIC<\/title>\n<meta name=\"description\" content=\"Le soutien-gorge PI filling n\u2019est destin\u00e9 qu\u2019aux patientes apr\u00e8s une augmentation mammaire par injection de graisse. Les bonnets sont sp\u00e9cialement modul\u00e9s pour \u00e9viter une pression ind\u00e9sirable sur la graisse transf\u00e9r\u00e9e\" \/>\n<meta name=\"robots\" content=\"index, follow, max-snippet:-1, max-image-preview:large, max-video-preview:-1\" \/>\n<link rel=\"canonical\" href=\"https:\/\/www.soome.be\/en\/products\/bras\/womens-post-op-bras\/pi-filling\/\" \/>\n<meta property=\"og:locale\" content=\"en_GB\" \/>\n<meta property=\"og:type\" content=\"article\" \/>\n<meta property=\"og:title\" content=\"PI Filling (lipo-PI21V00X) LIPOELASTIC\" \/>\n<meta property=\"og:description\" content=\"Le soutien-gorge PI filling n\u2019est destin\u00e9 qu\u2019aux patientes apr\u00e8s une augmentation mammaire par injection de graisse. Les bonnets sont sp\u00e9cialement modul\u00e9s pour \u00e9viter une pression ind\u00e9sirable sur la graisse transf\u00e9r\u00e9e\" \/>\n<meta property=\"og:url\" content=\"https:\/\/www.soome.be\/en\/products\/bras\/womens-post-op-bras\/pi-filling\/\" \/>\n<meta property=\"og:site_name\" content=\"SooMe\" \/>\n<meta property=\"article:modified_time\" content=\"2026-04-22T13:13:00+00:00\" \/>\n<meta property=\"og:image\" content=\"https:\/\/www.soome.be\/wp-content\/uploads\/2023\/06\/products-image6.jpg\" \/>\n\t<meta property=\"og:image:width\" content=\"977\" \/>\n\t<meta property=\"og:image:height\" content=\"1011\" \/>\n\t<meta property=\"og:image:type\" content=\"image\/jpeg\" \/>\n<meta name=\"twitter:card\" content=\"summary_large_image\" \/>\n<meta name=\"twitter:label1\" content=\"Estimated reading time\" \/>\n\t<meta name=\"twitter:data1\" content=\"1 minute\" \/>\n<script type=\"application\/ld+json\" class=\"yoast-schema-graph\">{\"@context\":\"https:\\\/\\\/schema.org\",\"@graph\":[{\"@type\":\"WebPage\",\"@id\":\"https:\\\/\\\/www.soome.be\\\/produits\\\/soutiens-gorge\\\/soutiens-gorge-post-operatoires-femme\\\/pi-filling\\\/\",\"url\":\"https:\\\/\\\/www.soome.be\\\/produits\\\/soutiens-gorge\\\/soutiens-gorge-post-operatoires-femme\\\/pi-filling\\\/\",\"name\":\"PI Filling (lipo-PI21V00X) LIPOELASTIC\",\"isPartOf\":{\"@id\":\"https:\\\/\\\/www.soome.be\\\/#website\"},\"primaryImageOfPage\":{\"@id\":\"https:\\\/\\\/www.soome.be\\\/produits\\\/soutiens-gorge\\\/soutiens-gorge-post-operatoires-femme\\\/pi-filling\\\/#primaryimage\"},\"image\":{\"@id\":\"https:\\\/\\\/www.soome.be\\\/produits\\\/soutiens-gorge\\\/soutiens-gorge-post-operatoires-femme\\\/pi-filling\\\/#primaryimage\"},\"thumbnailUrl\":\"https:\\\/\\\/www.soome.be\\\/wp-content\\\/uploads\\\/2023\\\/06\\\/products-image6.jpg\",\"datePublished\":\"2023-06-01T16:40:10+00:00\",\"dateModified\":\"2026-04-22T13:13:00+00:00\",\"description\":\"Le soutien-gorge PI filling n\u2019est destin\u00e9 qu\u2019aux patientes apr\u00e8s une augmentation mammaire par injection de graisse. Les bonnets sont sp\u00e9cialement modul\u00e9s pour \u00e9viter une pression ind\u00e9sirable sur la graisse transf\u00e9r\u00e9e\",\"breadcrumb\":{\"@id\":\"https:\\\/\\\/www.soome.be\\\/produits\\\/soutiens-gorge\\\/soutiens-gorge-post-operatoires-femme\\\/pi-filling\\\/#breadcrumb\"},\"inLanguage\":\"en-GB\",\"potentialAction\":[{\"@type\":\"ReadAction\",\"target\":[\"https:\\\/\\\/www.soome.be\\\/produits\\\/soutiens-gorge\\\/soutiens-gorge-post-operatoires-femme\\\/pi-filling\\\/\"]}]},{\"@type\":\"ImageObject\",\"inLanguage\":\"en-GB\",\"@id\":\"https:\\\/\\\/www.soome.be\\\/produits\\\/soutiens-gorge\\\/soutiens-gorge-post-operatoires-femme\\\/pi-filling\\\/#primaryimage\",\"url\":\"https:\\\/\\\/www.soome.be\\\/wp-content\\\/uploads\\\/2023\\\/06\\\/products-image6.jpg\",\"contentUrl\":\"https:\\\/\\\/www.soome.be\\\/wp-content\\\/uploads\\\/2023\\\/06\\\/products-image6.jpg\",\"width\":977,\"height\":1011,\"caption\":\"PI Filling LIPOELASTIC\"},{\"@type\":\"BreadcrumbList\",\"@id\":\"https:\\\/\\\/www.soome.be\\\/produits\\\/soutiens-gorge\\\/soutiens-gorge-post-operatoires-femme\\\/pi-filling\\\/#breadcrumb\",\"itemListElement\":[{\"@type\":\"ListItem\",\"position\":1,\"name\":\"Accueil\",\"item\":\"https:\\\/\\\/www.soome.be\\\/\"},{\"@type\":\"ListItem\",\"position\":2,\"name\":\"PRODUITS\",\"item\":\"https:\\\/\\\/www.soome.be\\\/produits\\\/\"},{\"@type\":\"ListItem\",\"position\":3,\"name\":\"PI Filling\"}]},{\"@type\":\"WebSite\",\"@id\":\"https:\\\/\\\/www.soome.be\\\/#website\",\"url\":\"https:\\\/\\\/www.soome.be\\\/\",\"name\":\"SooMe\",\"description\":\"\",\"potentialAction\":[{\"@type\":\"SearchAction\",\"target\":{\"@type\":\"EntryPoint\",\"urlTemplate\":\"https:\\\/\\\/www.soome.be\\\/?s={search_term_string}\"},\"query-input\":{\"@type\":\"PropertyValueSpecification\",\"valueRequired\":true,\"valueName\":\"search_term_string\"}}],\"inLanguage\":\"en-GB\"}]}<\/script>\n<!-- \/ Yoast SEO plugin. -->","yoast_head_json":{"title":"PI Filling (lipo-PI21V00X) LIPOELASTIC","description":"The PI filling bra is intended only for patients following breast augmentation by fat injection. The cups are specially modulated to avoid undesirable pressure on the transferred fat.","robots":{"index":"index","follow":"follow","max-snippet":"max-snippet:-1","max-image-preview":"max-image-preview:large","max-video-preview":"max-video-preview:-1"},"canonical":"https:\/\/www.soome.be\/en\/products\/bras\/womens-post-op-bras\/pi-filling\/","og_locale":"en_GB","og_type":"article","og_title":"PI Filling (lipo-PI21V00X) LIPOELASTIC","og_description":"Le soutien-gorge PI filling n\u2019est destin\u00e9 qu\u2019aux patientes apr\u00e8s une augmentation mammaire par injection de graisse. Les bonnets sont sp\u00e9cialement modul\u00e9s pour \u00e9viter une pression ind\u00e9sirable sur la graisse transf\u00e9r\u00e9e","og_url":"https:\/\/www.soome.be\/en\/products\/bras\/womens-post-op-bras\/pi-filling\/","og_site_name":"SooMe","article_modified_time":"2026-04-22T13:13:00+00:00","og_image":[{"width":977,"height":1011,"url":"https:\/\/www.soome.be\/wp-content\/uploads\/2023\/06\/products-image6.jpg","type":"image\/jpeg"}],"twitter_card":"summary_large_image","twitter_misc":{"Estimated reading time":"1 minute"},"schema":{"@context":"https:\/\/schema.org","@graph":[{"@type":"WebPage","@id":"https:\/\/www.soome.be\/produits\/soutiens-gorge\/soutiens-gorge-post-operatoires-femme\/pi-filling\/","url":"https:\/\/www.soome.be\/produits\/soutiens-gorge\/soutiens-gorge-post-operatoires-femme\/pi-filling\/","name":"PI Filling (lipo-PI21V00X) LIPOELASTIC","isPartOf":{"@id":"https:\/\/www.soome.be\/#website"},"primaryImageOfPage":{"@id":"https:\/\/www.soome.be\/produits\/soutiens-gorge\/soutiens-gorge-post-operatoires-femme\/pi-filling\/#primaryimage"},"image":{"@id":"https:\/\/www.soome.be\/produits\/soutiens-gorge\/soutiens-gorge-post-operatoires-femme\/pi-filling\/#primaryimage"},"thumbnailUrl":"https:\/\/www.soome.be\/wp-content\/uploads\/2023\/06\/products-image6.jpg","datePublished":"2023-06-01T16:40:10+00:00","dateModified":"2026-04-22T13:13:00+00:00","description":"The PI filling bra is intended only for patients following breast augmentation by fat injection. The cups are specially modulated to avoid undesirable pressure on the transferred fat.","breadcrumb":{"@id":"https:\/\/www.soome.be\/produits\/soutiens-gorge\/soutiens-gorge-post-operatoires-femme\/pi-filling\/#breadcrumb"},"inLanguage":"en-GB","potentialAction":[{"@type":"ReadAction","target":["https:\/\/www.soome.be\/produits\/soutiens-gorge\/soutiens-gorge-post-operatoires-femme\/pi-filling\/"]}]},{"@type":"ImageObject","inLanguage":"en-GB","@id":"https:\/\/www.soome.be\/produits\/soutiens-gorge\/soutiens-gorge-post-operatoires-femme\/pi-filling\/#primaryimage","url":"https:\/\/www.soome.be\/wp-content\/uploads\/2023\/06\/products-image6.jpg","contentUrl":"https:\/\/www.soome.be\/wp-content\/uploads\/2023\/06\/products-image6.jpg","width":977,"height":1011,"caption":"PI Filling LIPOELASTIC"},{"@type":"BreadcrumbList","@id":"https:\/\/www.soome.be\/produits\/soutiens-gorge\/soutiens-gorge-post-operatoires-femme\/pi-filling\/#breadcrumb","itemListElement":[{"@type":"ListItem","position":1,"name":"Accueil","item":"https:\/\/www.soome.be\/"},{"@type":"ListItem","position":2,"name":"PRODUITS","item":"https:\/\/www.soome.be\/produits\/"},{"@type":"ListItem","position":3,"name":"PI Filling"}]},{"@type":"WebSite","@id":"https:\/\/www.soome.be\/#website","url":"https:\/\/www.soome.be\/","name":"SooMe","description":"","potentialAction":[{"@type":"SearchAction","target":{"@type":"EntryPoint","urlTemplate":"https:\/\/www.soome.be\/?s={search_term_string}"},"query-input":{"@type":"PropertyValueSpecification","valueRequired":true,"valueName":"search_term_string"}}],"inLanguage":"en-GB"}]}},"_links":{"self":[{"href":"https:\/\/www.soome.be\/en\/wp-json\/wp\/v2\/product\/5872","targetHints":{"allow":["GET"]}}],"collection":[{"href":"https:\/\/www.soome.be\/en\/wp-json\/wp\/v2\/product"}],"about":[{"href":"https:\/\/www.soome.be\/en\/wp-json\/wp\/v2\/types\/product"}],"replies":[{"embeddable":true,"href":"https:\/\/www.soome.be\/en\/wp-json\/wp\/v2\/comments?post=5872"}],"wp:featuredmedia":[{"embeddable":true,"href":"https:\/\/www.soome.be\/en\/wp-json\/wp\/v2\/media\/5887"}],"wp:attachment":[{"href":"https:\/\/www.soome.be\/en\/wp-json\/wp\/v2\/media?parent=5872"}],"wp:term":[{"taxonomy":"product_brand","embeddable":true,"href":"https:\/\/www.soome.be\/en\/wp-json\/wp\/v2\/product_brand?post=5872"},{"taxonomy":"product_cat","embeddable":true,"href":"https:\/\/www.soome.be\/en\/wp-json\/wp\/v2\/product_cat?post=5872"},{"taxonomy":"product_tag","embeddable":true,"href":"https:\/\/www.soome.be\/en\/wp-json\/wp\/v2\/product_tag?post=5872"},{"taxonomy":"berocket_brand","embeddable":true,"href":"https:\/\/www.soome.be\/en\/wp-json\/wp\/v2\/berocket_brand?post=5872"}],"curies":[{"name":"wp","href":"https:\/\/api.w.org\/{rel}","templated":true}]}}