{"id":5942,"date":"2023-06-01T18:40:33","date_gmt":"2023-06-01T16:40:33","guid":{"rendered":"https:\/\/www.soome.be\/?post_type=product&#038;p=5942"},"modified":"2026-04-22T15:13:08","modified_gmt":"2026-04-22T13:13:08","slug":"pi-premium","status":"publish","type":"product","link":"https:\/\/www.soome.be\/en\/produits\/soutiens-gorge\/lingerie-post-operatoire-femme\/pi-premium\/","title":{"rendered":"PI premium"},"content":{"rendered":"<p><img fetchpriority=\"high\" decoding=\"async\" class=\"alignnone wp-image-38429 size-full\" src=\"https:\/\/www.abricot-compression.com\/wp-content\/uploads\/2022\/04\/image5.jpg\" alt=\"\" width=\"980\" height=\"863\" \/><\/p>\n<p>CHARACTERISTICS :<\/p>\n<p>A novelty among LIPOELASTIC\u00ae bras - your first sexy bra after a breast augmentation<\/p>\n<p>Post-operative lace bra with seamless cups designed for women after breast augmentation<\/p>\n<p>Compression secures breast implants<\/p>\n<p>A very elegant lace design with nickel-free gold accessories<\/p>\n<p>The bra\u2019s deep neckline is suitable for clothing with a plunging neckline<\/p>\n<p>Bra bordered by a thin elastic<\/p>\n<p>CUPS :<\/p>\n<p>Seamless thermoformed cups ensure the perfect comfort for your breasts<\/p>\n<p>Luxury bra thanks to elegant lace cups<\/p>\n<p>CLOSURE :<\/p>\n<p>Adjustable straps with clips allow you to adjust the compression according to your needs<\/p>\n<p>Adjustable straps with gold accessories<\/p>\n<p>FABRIC: The soft and pleasant lace bra<\/p>\n<p>The material has obtained the OEKO-TEX\u00ae certificate, which guarantees the absence of toxic substances or allergens (latex, etc.).<\/p>\n<p>All accessories are nickel-free with OEKO-TEX certificate\u00ae<\/p>\n<p>Material: 68% polyamide, 32% elastane<\/p>\n<p>MAINTENANCE :<\/p>\n<p>Gentle washing, maximum temperature 30\u00b0C.<\/p>\n<p>The product must not be bleached.<\/p>\n<p>The product must not be dried with a tumble dryer.<\/p>\n<p>The product must not be ironed.<\/p>\n<p>The product should not be chemically cleaned.<\/p>","protected":false},"excerpt":{"rendered":"<p>Premium PI bra is not designed as a medical device<\/p>\n<p>The stylish PI premium bra is specially designed for women with breast implants just after the recovery period*<\/p>\n<p>* The length of post-operative care is always determined by your surgeon. The premium PI bra is suitable just after the recovery period.<\/p>","protected":false},"featured_media":5964,"comment_status":"open","ping_status":"open","template":"","meta":[],"product_brand":[],"product_cat":[68],"product_tag":[],"berocket_brand":[431],"class_list":{"0":"post-5942","1":"product","2":"type-product","3":"status-publish","4":"has-post-thumbnail","6":"product_cat-lingerie-post-operatoire-femme","7":"pa_bonnet-a-b","8":"pa_bonnet-c-d","9":"pa_product_brand-lipoelastic","10":"pa_taille-fr-100-eu85","11":"pa_taille-fr-105-eu90","12":"pa_taille-fr-110-eu95","13":"pa_taille-fr-80-eu65","14":"pa_taille-fr-85-eu70","15":"pa_taille-fr-90-eu75","16":"pa_taille-fr-95-eu80","17":"pa_thp_upsellpopup_template-template-default","18":"pa_xfgmc_adult-off-2","19":"pa_xfgmc_condition-default","20":"pa_xfgmc_identifier_exists-off","21":"berocket_brand-lipoelastic","23":"first","24":"instock","25":"taxable","26":"shipping-taxable","27":"purchasable","28":"product-type-variable"},"yoast_head":"<!-- This site is optimized with the Yoast SEO plugin v27.4 - https:\/\/yoast.com\/product\/yoast-seo-wordpress\/ -->\n<title>PI premium (lipo- PI20V00X) LIPOELASTIC<\/title>\n<meta name=\"description\" content=\"Le soutien-gorge PI premium n\u2019est pas con\u00e7u comme un dispositif m\u00e9dical Le soutien-gorge \u00e9l\u00e9gant PI premium est sp\u00e9cialement con\u00e7u pour les femmes avec des implants mammaires juste apr\u00e8s la p\u00e9riode de convalescence* * La dur\u00e9e des soins postop\u00e9ratoires est toujours d\u00e9termin\u00e9e par votre chirurgien. Le soutien-gorge PI premium est convenable juste apr\u00e8s la p\u00e9riode de convalescence.\" \/>\n<meta name=\"robots\" content=\"index, follow, max-snippet:-1, max-image-preview:large, max-video-preview:-1\" \/>\n<link rel=\"canonical\" href=\"https:\/\/www.soome.be\/en\/products\/bras\/womens-post-op-lingerie\/pi-premium\/\" \/>\n<meta property=\"og:locale\" content=\"en_GB\" \/>\n<meta property=\"og:type\" content=\"article\" \/>\n<meta property=\"og:title\" content=\"PI premium (lipo- PI20V00X) LIPOELASTIC\" \/>\n<meta property=\"og:description\" content=\"Le soutien-gorge PI premium n\u2019est pas con\u00e7u comme un dispositif m\u00e9dical Le soutien-gorge \u00e9l\u00e9gant PI premium est sp\u00e9cialement con\u00e7u pour les femmes avec des implants mammaires juste apr\u00e8s la p\u00e9riode de convalescence* * La dur\u00e9e des soins postop\u00e9ratoires est toujours d\u00e9termin\u00e9e par votre chirurgien. Le soutien-gorge PI premium est convenable juste apr\u00e8s la p\u00e9riode de convalescence.\" \/>\n<meta property=\"og:url\" content=\"https:\/\/www.soome.be\/en\/products\/bras\/womens-post-op-lingerie\/pi-premium\/\" \/>\n<meta property=\"og:site_name\" content=\"SooMe\" \/>\n<meta property=\"article:modified_time\" content=\"2026-04-22T13:13:08+00:00\" \/>\n<meta property=\"og:image\" content=\"https:\/\/www.soome.be\/wp-content\/uploads\/2023\/06\/products-image14.jpg\" \/>\n\t<meta property=\"og:image:width\" content=\"958\" \/>\n\t<meta property=\"og:image:height\" content=\"1005\" \/>\n\t<meta property=\"og:image:type\" content=\"image\/jpeg\" \/>\n<meta name=\"twitter:card\" content=\"summary_large_image\" \/>\n<meta name=\"twitter:label1\" content=\"Estimated reading time\" \/>\n\t<meta name=\"twitter:data1\" content=\"1 minute\" \/>\n<script type=\"application\/ld+json\" class=\"yoast-schema-graph\">{\"@context\":\"https:\\\/\\\/schema.org\",\"@graph\":[{\"@type\":\"WebPage\",\"@id\":\"https:\\\/\\\/www.soome.be\\\/produits\\\/soutiens-gorge\\\/lingerie-post-operatoire-femme\\\/pi-premium\\\/\",\"url\":\"https:\\\/\\\/www.soome.be\\\/produits\\\/soutiens-gorge\\\/lingerie-post-operatoire-femme\\\/pi-premium\\\/\",\"name\":\"PI premium (lipo- PI20V00X) LIPOELASTIC\",\"isPartOf\":{\"@id\":\"https:\\\/\\\/www.soome.be\\\/#website\"},\"primaryImageOfPage\":{\"@id\":\"https:\\\/\\\/www.soome.be\\\/produits\\\/soutiens-gorge\\\/lingerie-post-operatoire-femme\\\/pi-premium\\\/#primaryimage\"},\"image\":{\"@id\":\"https:\\\/\\\/www.soome.be\\\/produits\\\/soutiens-gorge\\\/lingerie-post-operatoire-femme\\\/pi-premium\\\/#primaryimage\"},\"thumbnailUrl\":\"https:\\\/\\\/www.soome.be\\\/wp-content\\\/uploads\\\/2023\\\/06\\\/products-image14.jpg\",\"datePublished\":\"2023-06-01T16:40:33+00:00\",\"dateModified\":\"2026-04-22T13:13:08+00:00\",\"description\":\"Le soutien-gorge PI premium n\u2019est pas con\u00e7u comme un dispositif m\u00e9dical Le soutien-gorge \u00e9l\u00e9gant PI premium est sp\u00e9cialement con\u00e7u pour les femmes avec des implants mammaires juste apr\u00e8s la p\u00e9riode de convalescence* * La dur\u00e9e des soins postop\u00e9ratoires est toujours d\u00e9termin\u00e9e par votre chirurgien. Le soutien-gorge PI premium est convenable juste apr\u00e8s la p\u00e9riode de convalescence.\",\"breadcrumb\":{\"@id\":\"https:\\\/\\\/www.soome.be\\\/produits\\\/soutiens-gorge\\\/lingerie-post-operatoire-femme\\\/pi-premium\\\/#breadcrumb\"},\"inLanguage\":\"en-GB\",\"potentialAction\":[{\"@type\":\"ReadAction\",\"target\":[\"https:\\\/\\\/www.soome.be\\\/produits\\\/soutiens-gorge\\\/lingerie-post-operatoire-femme\\\/pi-premium\\\/\"]}]},{\"@type\":\"ImageObject\",\"inLanguage\":\"en-GB\",\"@id\":\"https:\\\/\\\/www.soome.be\\\/produits\\\/soutiens-gorge\\\/lingerie-post-operatoire-femme\\\/pi-premium\\\/#primaryimage\",\"url\":\"https:\\\/\\\/www.soome.be\\\/wp-content\\\/uploads\\\/2023\\\/06\\\/products-image14.jpg\",\"contentUrl\":\"https:\\\/\\\/www.soome.be\\\/wp-content\\\/uploads\\\/2023\\\/06\\\/products-image14.jpg\",\"width\":958,\"height\":1005,\"caption\":\"PI premium LIPOELASTIC\"},{\"@type\":\"BreadcrumbList\",\"@id\":\"https:\\\/\\\/www.soome.be\\\/produits\\\/soutiens-gorge\\\/lingerie-post-operatoire-femme\\\/pi-premium\\\/#breadcrumb\",\"itemListElement\":[{\"@type\":\"ListItem\",\"position\":1,\"name\":\"Accueil\",\"item\":\"https:\\\/\\\/www.soome.be\\\/\"},{\"@type\":\"ListItem\",\"position\":2,\"name\":\"PRODUITS\",\"item\":\"https:\\\/\\\/www.soome.be\\\/produits\\\/\"},{\"@type\":\"ListItem\",\"position\":3,\"name\":\"PI premium\"}]},{\"@type\":\"WebSite\",\"@id\":\"https:\\\/\\\/www.soome.be\\\/#website\",\"url\":\"https:\\\/\\\/www.soome.be\\\/\",\"name\":\"SooMe\",\"description\":\"\",\"potentialAction\":[{\"@type\":\"SearchAction\",\"target\":{\"@type\":\"EntryPoint\",\"urlTemplate\":\"https:\\\/\\\/www.soome.be\\\/?s={search_term_string}\"},\"query-input\":{\"@type\":\"PropertyValueSpecification\",\"valueRequired\":true,\"valueName\":\"search_term_string\"}}],\"inLanguage\":\"en-GB\"}]}<\/script>\n<!-- \/ Yoast SEO plugin. -->","yoast_head_json":{"title":"PI premium (lipo- PI20V00X) LIPOELASTIC","description":"The PI premium bra is not designed as a medical device The elegant PI premium bra is specially designed for women with breast implants just after the recovery period* * The length of post-operative care is always determined by your surgeon. The PI premium bra is suitable just after the recovery period.","robots":{"index":"index","follow":"follow","max-snippet":"max-snippet:-1","max-image-preview":"max-image-preview:large","max-video-preview":"max-video-preview:-1"},"canonical":"https:\/\/www.soome.be\/en\/products\/bras\/womens-post-op-lingerie\/pi-premium\/","og_locale":"en_GB","og_type":"article","og_title":"PI premium (lipo- PI20V00X) LIPOELASTIC","og_description":"Le soutien-gorge PI premium n\u2019est pas con\u00e7u comme un dispositif m\u00e9dical Le soutien-gorge \u00e9l\u00e9gant PI premium est sp\u00e9cialement con\u00e7u pour les femmes avec des implants mammaires juste apr\u00e8s la p\u00e9riode de convalescence* * La dur\u00e9e des soins postop\u00e9ratoires est toujours d\u00e9termin\u00e9e par votre chirurgien. Le soutien-gorge PI premium est convenable juste apr\u00e8s la p\u00e9riode de convalescence.","og_url":"https:\/\/www.soome.be\/en\/products\/bras\/womens-post-op-lingerie\/pi-premium\/","og_site_name":"SooMe","article_modified_time":"2026-04-22T13:13:08+00:00","og_image":[{"width":958,"height":1005,"url":"https:\/\/www.soome.be\/wp-content\/uploads\/2023\/06\/products-image14.jpg","type":"image\/jpeg"}],"twitter_card":"summary_large_image","twitter_misc":{"Estimated reading time":"1 minute"},"schema":{"@context":"https:\/\/schema.org","@graph":[{"@type":"WebPage","@id":"https:\/\/www.soome.be\/produits\/soutiens-gorge\/lingerie-post-operatoire-femme\/pi-premium\/","url":"https:\/\/www.soome.be\/produits\/soutiens-gorge\/lingerie-post-operatoire-femme\/pi-premium\/","name":"PI premium (lipo- PI20V00X) LIPOELASTIC","isPartOf":{"@id":"https:\/\/www.soome.be\/#website"},"primaryImageOfPage":{"@id":"https:\/\/www.soome.be\/produits\/soutiens-gorge\/lingerie-post-operatoire-femme\/pi-premium\/#primaryimage"},"image":{"@id":"https:\/\/www.soome.be\/produits\/soutiens-gorge\/lingerie-post-operatoire-femme\/pi-premium\/#primaryimage"},"thumbnailUrl":"https:\/\/www.soome.be\/wp-content\/uploads\/2023\/06\/products-image14.jpg","datePublished":"2023-06-01T16:40:33+00:00","dateModified":"2026-04-22T13:13:08+00:00","description":"The PI premium bra is not designed as a medical device The elegant PI premium bra is specially designed for women with breast implants just after the recovery period* * The length of post-operative care is always determined by your surgeon. The PI premium bra is suitable just after the recovery period.","breadcrumb":{"@id":"https:\/\/www.soome.be\/produits\/soutiens-gorge\/lingerie-post-operatoire-femme\/pi-premium\/#breadcrumb"},"inLanguage":"en-GB","potentialAction":[{"@type":"ReadAction","target":["https:\/\/www.soome.be\/produits\/soutiens-gorge\/lingerie-post-operatoire-femme\/pi-premium\/"]}]},{"@type":"ImageObject","inLanguage":"en-GB","@id":"https:\/\/www.soome.be\/produits\/soutiens-gorge\/lingerie-post-operatoire-femme\/pi-premium\/#primaryimage","url":"https:\/\/www.soome.be\/wp-content\/uploads\/2023\/06\/products-image14.jpg","contentUrl":"https:\/\/www.soome.be\/wp-content\/uploads\/2023\/06\/products-image14.jpg","width":958,"height":1005,"caption":"PI premium LIPOELASTIC"},{"@type":"BreadcrumbList","@id":"https:\/\/www.soome.be\/produits\/soutiens-gorge\/lingerie-post-operatoire-femme\/pi-premium\/#breadcrumb","itemListElement":[{"@type":"ListItem","position":1,"name":"Accueil","item":"https:\/\/www.soome.be\/"},{"@type":"ListItem","position":2,"name":"PRODUITS","item":"https:\/\/www.soome.be\/produits\/"},{"@type":"ListItem","position":3,"name":"PI premium"}]},{"@type":"WebSite","@id":"https:\/\/www.soome.be\/#website","url":"https:\/\/www.soome.be\/","name":"SooMe","description":"","potentialAction":[{"@type":"SearchAction","target":{"@type":"EntryPoint","urlTemplate":"https:\/\/www.soome.be\/?s={search_term_string}"},"query-input":{"@type":"PropertyValueSpecification","valueRequired":true,"valueName":"search_term_string"}}],"inLanguage":"en-GB"}]}},"_links":{"self":[{"href":"https:\/\/www.soome.be\/en\/wp-json\/wp\/v2\/product\/5942","targetHints":{"allow":["GET"]}}],"collection":[{"href":"https:\/\/www.soome.be\/en\/wp-json\/wp\/v2\/product"}],"about":[{"href":"https:\/\/www.soome.be\/en\/wp-json\/wp\/v2\/types\/product"}],"replies":[{"embeddable":true,"href":"https:\/\/www.soome.be\/en\/wp-json\/wp\/v2\/comments?post=5942"}],"wp:featuredmedia":[{"embeddable":true,"href":"https:\/\/www.soome.be\/en\/wp-json\/wp\/v2\/media\/5964"}],"wp:attachment":[{"href":"https:\/\/www.soome.be\/en\/wp-json\/wp\/v2\/media?parent=5942"}],"wp:term":[{"taxonomy":"product_brand","embeddable":true,"href":"https:\/\/www.soome.be\/en\/wp-json\/wp\/v2\/product_brand?post=5942"},{"taxonomy":"product_cat","embeddable":true,"href":"https:\/\/www.soome.be\/en\/wp-json\/wp\/v2\/product_cat?post=5942"},{"taxonomy":"product_tag","embeddable":true,"href":"https:\/\/www.soome.be\/en\/wp-json\/wp\/v2\/product_tag?post=5942"},{"taxonomy":"berocket_brand","embeddable":true,"href":"https:\/\/www.soome.be\/en\/wp-json\/wp\/v2\/berocket_brand?post=5942"}],"curies":[{"name":"wp","href":"https:\/\/api.w.org\/{rel}","templated":true}]}}