{"id":5977,"date":"2023-06-01T18:40:50","date_gmt":"2023-06-01T16:40:50","guid":{"rendered":"https:\/\/www.soome.be\/?post_type=product&#038;p=5977"},"modified":"2026-04-22T15:13:13","modified_gmt":"2026-04-22T13:13:13","slug":"fm-special","status":"publish","type":"product","link":"https:\/\/www.soome.be\/en\/produits\/bandeaux-contention-visage-post-operatoire\/fm-special\/","title":{"rendered":"FM special"},"content":{"rendered":"<p><img fetchpriority=\"high\" decoding=\"async\" class=\"alignnone wp-image-38345 size-full\" src=\"https:\/\/www.abricot-compression.com\/wp-content\/uploads\/2022\/04\/image19.jpg\" alt=\"\" width=\"962\" height=\"602\" \/><\/p>\n<p>NOTE: It is recommended after surgery of the face, ears, neck and chin (or implants of the chin)<\/p>\n<p>CHARACTERISTICS :<\/p>\n<p>\u2981 Les bandeaux de compression post-chirurgicaux pour le visage sont id\u00e9als apr\u00e8s une intervention chirurgicale du visage, des oreilles, du cou et du menton (implants du menton ou une liposuccion du menton)<\/p>\n<p>\u2981 Le bandeau de compression faciale, facile \u00e0 enfiler, muni d\u00b4une fermeture velcro ajustable<\/p>\n<p>FERMETURE\u00a0: Fermeture velcro:<\/p>\n<p>\u2981 Au-dessus de la t\u00eate<\/p>\n<p>\u2981 \u00c0 l&rsquo;arri\u00e8re de la t\u00eate<\/p>\n<p>\u2981 \u00c0 l&rsquo;arri\u00e8re du cou<\/p>\n<p>TISSU\u00a0: Tissu l\u00e9ger et respirant<\/p>\n<p>La mati\u00e8re a obtenue le certificat OEKO-TEX\u00ae, qui garantit l&rsquo;absence de substances toxiques ou allerg\u00e8nes (le latex, etc.)<\/p>\n<p>Composition du mat\u00e9riel:72% POLYAMIDE,28 % \u00c9LASTHANNE<\/p>\n<p>MAINTENANCE :<\/p>\n<p>Gentle washing, maximum temperature 30\u00b0C.<\/p>\n<p>The product must not be bleached.<\/p>\n<p>The product must not be dried with a tumble dryer.<\/p>\n<p>The product must not be ironed.<\/p>\n<p>The product should not be chemically cleaned.<\/p>\n<p>COLOR: black and beige<\/p>","protected":false},"excerpt":{"rendered":"<p>NOTE: It is recommended after surgery of the face, ears, neck and chin (or implants of the chin)<\/p>\n<p>CHARACTERISTICS :<\/p>\n<p>\u2981 Les bandeaux de compression post-chirurgicaux pour le visage sont id\u00e9als apr\u00e8s une intervention chirurgicale du visage, des oreilles, du cou et du menton (implants du menton ou une liposuccion du menton)<\/p>\n<p>\u2981 Le bandeau de compression faciale, facile \u00e0 enfiler, muni d\u00b4une fermeture velcro ajustable<\/p>","protected":false},"featured_media":5988,"comment_status":"open","ping_status":"open","template":"","meta":[],"product_brand":[],"product_cat":[80],"product_tag":[],"berocket_brand":[431],"class_list":{"0":"post-5977","1":"product","2":"type-product","3":"status-publish","4":"has-post-thumbnail","6":"product_cat-bandeaux-contention-visage-post-operatoire","7":"pa_couleur-beige","8":"pa_couleur-noir","9":"pa_product_brand-lipoelastic","10":"pa_taille-l","11":"pa_taille-m","12":"pa_taille-s","13":"pa_taille-xl","14":"pa_taille-xs","15":"pa_xfgmc_adult-off-2","16":"pa_xfgmc_condition-default","17":"pa_xfgmc_identifier_exists-off","18":"berocket_brand-lipoelastic","20":"first","21":"instock","22":"taxable","23":"shipping-taxable","24":"purchasable","25":"product-type-variable"},"yoast_head":"<!-- This site is optimized with the Yoast SEO plugin v27.4 - https:\/\/yoast.com\/product\/yoast-seo-wordpress\/ -->\n<title>FM special (lipo-FM01F00X) LIPOELASTIC<\/title>\n<meta name=\"description\" content=\"\u2981 Les bandeaux de compression post-chirurgicaux pour le visage sont id\u00e9als apr\u00e8s une intervention chirurgicale du visage, des oreilles, du cou et du menton (implants du menton ou une liposuccion du menton) \u2981 Le bandeau de compression faciale, facile \u00e0 enfiler, muni d\u00b4une fermeture velcro ajustable\" \/>\n<meta name=\"robots\" content=\"index, follow, max-snippet:-1, max-image-preview:large, max-video-preview:-1\" \/>\n<link rel=\"canonical\" href=\"https:\/\/www.soome.be\/en\/products\/post-op-facial-compression-bands\/fm-special\/\" \/>\n<meta property=\"og:locale\" content=\"en_GB\" \/>\n<meta property=\"og:type\" content=\"article\" \/>\n<meta property=\"og:title\" content=\"FM special (lipo-FM01F00X) LIPOELASTIC\" \/>\n<meta property=\"og:description\" content=\"\u2981 Les bandeaux de compression post-chirurgicaux pour le visage sont id\u00e9als apr\u00e8s une intervention chirurgicale du visage, des oreilles, du cou et du menton (implants du menton ou une liposuccion du menton) \u2981 Le bandeau de compression faciale, facile \u00e0 enfiler, muni d\u00b4une fermeture velcro ajustable\" \/>\n<meta property=\"og:url\" content=\"https:\/\/www.soome.be\/en\/products\/post-op-facial-compression-bands\/fm-special\/\" \/>\n<meta property=\"og:site_name\" content=\"SooMe\" \/>\n<meta property=\"article:modified_time\" content=\"2026-04-22T13:13:13+00:00\" \/>\n<meta property=\"og:image\" content=\"https:\/\/www.soome.be\/wp-content\/uploads\/2023\/06\/products-image21.jpg\" \/>\n\t<meta property=\"og:image:width\" content=\"657\" \/>\n\t<meta property=\"og:image:height\" content=\"985\" \/>\n\t<meta property=\"og:image:type\" content=\"image\/jpeg\" \/>\n<meta name=\"twitter:card\" content=\"summary_large_image\" \/>\n<meta name=\"twitter:label1\" content=\"Estimated reading time\" \/>\n\t<meta name=\"twitter:data1\" content=\"1 minute\" \/>\n<script type=\"application\/ld+json\" class=\"yoast-schema-graph\">{\"@context\":\"https:\\\/\\\/schema.org\",\"@graph\":[{\"@type\":\"WebPage\",\"@id\":\"https:\\\/\\\/www.soome.be\\\/produits\\\/bandeaux-contention-visage-post-operatoire\\\/fm-special\\\/\",\"url\":\"https:\\\/\\\/www.soome.be\\\/produits\\\/bandeaux-contention-visage-post-operatoire\\\/fm-special\\\/\",\"name\":\"FM special (lipo-FM01F00X) LIPOELASTIC\",\"isPartOf\":{\"@id\":\"https:\\\/\\\/www.soome.be\\\/#website\"},\"primaryImageOfPage\":{\"@id\":\"https:\\\/\\\/www.soome.be\\\/produits\\\/bandeaux-contention-visage-post-operatoire\\\/fm-special\\\/#primaryimage\"},\"image\":{\"@id\":\"https:\\\/\\\/www.soome.be\\\/produits\\\/bandeaux-contention-visage-post-operatoire\\\/fm-special\\\/#primaryimage\"},\"thumbnailUrl\":\"https:\\\/\\\/www.soome.be\\\/wp-content\\\/uploads\\\/2023\\\/06\\\/products-image21.jpg\",\"datePublished\":\"2023-06-01T16:40:50+00:00\",\"dateModified\":\"2026-04-22T13:13:13+00:00\",\"description\":\"\u2981 Les bandeaux de compression post-chirurgicaux pour le visage sont id\u00e9als apr\u00e8s une intervention chirurgicale du visage, des oreilles, du cou et du menton (implants du menton ou une liposuccion du menton) \u2981 Le bandeau de compression faciale, facile \u00e0 enfiler, muni d\u00b4une fermeture velcro ajustable\",\"breadcrumb\":{\"@id\":\"https:\\\/\\\/www.soome.be\\\/produits\\\/bandeaux-contention-visage-post-operatoire\\\/fm-special\\\/#breadcrumb\"},\"inLanguage\":\"en-GB\",\"potentialAction\":[{\"@type\":\"ReadAction\",\"target\":[\"https:\\\/\\\/www.soome.be\\\/produits\\\/bandeaux-contention-visage-post-operatoire\\\/fm-special\\\/\"]}]},{\"@type\":\"ImageObject\",\"inLanguage\":\"en-GB\",\"@id\":\"https:\\\/\\\/www.soome.be\\\/produits\\\/bandeaux-contention-visage-post-operatoire\\\/fm-special\\\/#primaryimage\",\"url\":\"https:\\\/\\\/www.soome.be\\\/wp-content\\\/uploads\\\/2023\\\/06\\\/products-image21.jpg\",\"contentUrl\":\"https:\\\/\\\/www.soome.be\\\/wp-content\\\/uploads\\\/2023\\\/06\\\/products-image21.jpg\",\"width\":657,\"height\":985,\"caption\":\"FM special LIPOELASTIC\"},{\"@type\":\"BreadcrumbList\",\"@id\":\"https:\\\/\\\/www.soome.be\\\/produits\\\/bandeaux-contention-visage-post-operatoire\\\/fm-special\\\/#breadcrumb\",\"itemListElement\":[{\"@type\":\"ListItem\",\"position\":1,\"name\":\"Accueil\",\"item\":\"https:\\\/\\\/www.soome.be\\\/\"},{\"@type\":\"ListItem\",\"position\":2,\"name\":\"PRODUITS\",\"item\":\"https:\\\/\\\/www.soome.be\\\/produits\\\/\"},{\"@type\":\"ListItem\",\"position\":3,\"name\":\"FM special\"}]},{\"@type\":\"WebSite\",\"@id\":\"https:\\\/\\\/www.soome.be\\\/#website\",\"url\":\"https:\\\/\\\/www.soome.be\\\/\",\"name\":\"SooMe\",\"description\":\"\",\"potentialAction\":[{\"@type\":\"SearchAction\",\"target\":{\"@type\":\"EntryPoint\",\"urlTemplate\":\"https:\\\/\\\/www.soome.be\\\/?s={search_term_string}\"},\"query-input\":{\"@type\":\"PropertyValueSpecification\",\"valueRequired\":true,\"valueName\":\"search_term_string\"}}],\"inLanguage\":\"en-GB\"}]}<\/script>\n<!-- \/ Yoast SEO plugin. -->","yoast_head_json":{"title":"FM special (lipo-FM01F00X) LIPOELASTIC","description":"\u2981 Post-surgical facial compression headbands are ideal after surgery to the face, ears, neck and chin (chin implants or chin liposuction) \u2981 The easy to put on facial compression headband with adjustable velcro fastening","robots":{"index":"index","follow":"follow","max-snippet":"max-snippet:-1","max-image-preview":"max-image-preview:large","max-video-preview":"max-video-preview:-1"},"canonical":"https:\/\/www.soome.be\/en\/products\/post-op-facial-compression-bands\/fm-special\/","og_locale":"en_GB","og_type":"article","og_title":"FM special (lipo-FM01F00X) LIPOELASTIC","og_description":"\u2981 Les bandeaux de compression post-chirurgicaux pour le visage sont id\u00e9als apr\u00e8s une intervention chirurgicale du visage, des oreilles, du cou et du menton (implants du menton ou une liposuccion du menton) \u2981 Le bandeau de compression faciale, facile \u00e0 enfiler, muni d\u00b4une fermeture velcro ajustable","og_url":"https:\/\/www.soome.be\/en\/products\/post-op-facial-compression-bands\/fm-special\/","og_site_name":"SooMe","article_modified_time":"2026-04-22T13:13:13+00:00","og_image":[{"width":657,"height":985,"url":"https:\/\/www.soome.be\/wp-content\/uploads\/2023\/06\/products-image21.jpg","type":"image\/jpeg"}],"twitter_card":"summary_large_image","twitter_misc":{"Estimated reading time":"1 minute"},"schema":{"@context":"https:\/\/schema.org","@graph":[{"@type":"WebPage","@id":"https:\/\/www.soome.be\/produits\/bandeaux-contention-visage-post-operatoire\/fm-special\/","url":"https:\/\/www.soome.be\/produits\/bandeaux-contention-visage-post-operatoire\/fm-special\/","name":"FM special (lipo-FM01F00X) LIPOELASTIC","isPartOf":{"@id":"https:\/\/www.soome.be\/#website"},"primaryImageOfPage":{"@id":"https:\/\/www.soome.be\/produits\/bandeaux-contention-visage-post-operatoire\/fm-special\/#primaryimage"},"image":{"@id":"https:\/\/www.soome.be\/produits\/bandeaux-contention-visage-post-operatoire\/fm-special\/#primaryimage"},"thumbnailUrl":"https:\/\/www.soome.be\/wp-content\/uploads\/2023\/06\/products-image21.jpg","datePublished":"2023-06-01T16:40:50+00:00","dateModified":"2026-04-22T13:13:13+00:00","description":"\u2981 Post-surgical facial compression headbands are ideal after surgery to the face, ears, neck and chin (chin implants or chin liposuction) \u2981 The easy to put on facial compression headband with adjustable velcro fastening","breadcrumb":{"@id":"https:\/\/www.soome.be\/produits\/bandeaux-contention-visage-post-operatoire\/fm-special\/#breadcrumb"},"inLanguage":"en-GB","potentialAction":[{"@type":"ReadAction","target":["https:\/\/www.soome.be\/produits\/bandeaux-contention-visage-post-operatoire\/fm-special\/"]}]},{"@type":"ImageObject","inLanguage":"en-GB","@id":"https:\/\/www.soome.be\/produits\/bandeaux-contention-visage-post-operatoire\/fm-special\/#primaryimage","url":"https:\/\/www.soome.be\/wp-content\/uploads\/2023\/06\/products-image21.jpg","contentUrl":"https:\/\/www.soome.be\/wp-content\/uploads\/2023\/06\/products-image21.jpg","width":657,"height":985,"caption":"FM special LIPOELASTIC"},{"@type":"BreadcrumbList","@id":"https:\/\/www.soome.be\/produits\/bandeaux-contention-visage-post-operatoire\/fm-special\/#breadcrumb","itemListElement":[{"@type":"ListItem","position":1,"name":"Accueil","item":"https:\/\/www.soome.be\/"},{"@type":"ListItem","position":2,"name":"PRODUITS","item":"https:\/\/www.soome.be\/produits\/"},{"@type":"ListItem","position":3,"name":"FM special"}]},{"@type":"WebSite","@id":"https:\/\/www.soome.be\/#website","url":"https:\/\/www.soome.be\/","name":"SooMe","description":"","potentialAction":[{"@type":"SearchAction","target":{"@type":"EntryPoint","urlTemplate":"https:\/\/www.soome.be\/?s={search_term_string}"},"query-input":{"@type":"PropertyValueSpecification","valueRequired":true,"valueName":"search_term_string"}}],"inLanguage":"en-GB"}]}},"_links":{"self":[{"href":"https:\/\/www.soome.be\/en\/wp-json\/wp\/v2\/product\/5977","targetHints":{"allow":["GET"]}}],"collection":[{"href":"https:\/\/www.soome.be\/en\/wp-json\/wp\/v2\/product"}],"about":[{"href":"https:\/\/www.soome.be\/en\/wp-json\/wp\/v2\/types\/product"}],"replies":[{"embeddable":true,"href":"https:\/\/www.soome.be\/en\/wp-json\/wp\/v2\/comments?post=5977"}],"wp:featuredmedia":[{"embeddable":true,"href":"https:\/\/www.soome.be\/en\/wp-json\/wp\/v2\/media\/5988"}],"wp:attachment":[{"href":"https:\/\/www.soome.be\/en\/wp-json\/wp\/v2\/media?parent=5977"}],"wp:term":[{"taxonomy":"product_brand","embeddable":true,"href":"https:\/\/www.soome.be\/en\/wp-json\/wp\/v2\/product_brand?post=5977"},{"taxonomy":"product_cat","embeddable":true,"href":"https:\/\/www.soome.be\/en\/wp-json\/wp\/v2\/product_cat?post=5977"},{"taxonomy":"product_tag","embeddable":true,"href":"https:\/\/www.soome.be\/en\/wp-json\/wp\/v2\/product_tag?post=5977"},{"taxonomy":"berocket_brand","embeddable":true,"href":"https:\/\/www.soome.be\/en\/wp-json\/wp\/v2\/berocket_brand?post=5977"}],"curies":[{"name":"wp","href":"https:\/\/api.w.org\/{rel}","templated":true}]}}