{"id":6007,"date":"2023-06-01T18:40:52","date_gmt":"2023-06-01T16:40:52","guid":{"rendered":"https:\/\/www.soome.be\/?post_type=product&#038;p=6007"},"modified":"2026-04-22T15:13:17","modified_gmt":"2026-04-22T13:13:17","slug":"ap-long-variant","status":"publish","type":"product","link":"https:\/\/www.soome.be\/en\/produits\/brassieres-post-operatoires-femme\/ap-long-variant\/","title":{"rendered":"AP long Variant"},"content":{"rendered":"<p><img fetchpriority=\"high\" decoding=\"async\" class=\"alignnone wp-image-38350 size-full\" src=\"https:\/\/www.abricot-compression.com\/wp-content\/uploads\/2022\/04\/image24.jpg\" alt=\"\" width=\"941\" height=\"740\" \/><\/p>\n<p>INDICATION: It is recommended to use the long AP sheath varying after liposuction of arms, armpits and upper back<\/p>\n<p>CHARACTERISTICS :<\/p>\n<p>\u2981 Support sheath for long sleeve arms, ideal after liposuction of arms, armpits and upper back<\/p>\n<p>\u2981 The sheath covers the entire area of the arms, armpits, shoulders and upper back<\/p>\n<p>\u2981 Sleeves have a lace trim finish to stay comfortable and in place<\/p>\n<p>FERMETURE\u00a0: Fermeture au dessus des seins avec 3 rang\u00e9es d&rsquo;agrafes pour pouvoir ajuster la compression selon vos besoins<\/p>\n<p>On retrouve sous la fermeture, une bande de protection d\u00b4un mat\u00e9riel sp\u00e9cial, qui permet d&rsquo;\u00e9viter l&rsquo;irritation de la peau<\/p>\n<p>TISSU\u00a0: Le tissu CLASSIC est fabriqu\u00e9 exclusivement pour le v\u00eatement de compression LIPOELASTIC\u00ae<\/p>\n<p>La mati\u00e8re a obtenue le certificat OEKO-TEX\u00ae, qui garantit l&rsquo;absence de substances toxiques ou allerg\u00e8nes (le latex, etc.)<\/p>\n<p>Composition du mat\u00e9riel: 63 % POLYAMIDE, 25 % \u00c9LASTHANNE, 11 % COTON, 1 % POLYUR\u00c9THANE<\/p>\n<p>MAINTENANCE :<\/p>\n<p>Gentle washing, maximum temperature 30\u00b0C.<\/p>\n<p>The product must not be bleached.<\/p>\n<p>The product must not be dried with a tumble dryer.<\/p>\n<p>The product must not be ironed.<\/p>\n<p>The product should not be chemically cleaned.<\/p>\n<p>COLOR: black and beige<\/p>","protected":false},"excerpt":{"rendered":"<p>INDICATION: It is recommended to use the long AP sheath varying after liposuction of arms, armpits and upper back<\/p>\n<p>CHARACTERISTICS :<\/p>\n<p>\u2981 Support sheath for long sleeve arms, ideal after liposuction of arms, armpits and upper back<\/p>\n<p>\u2981 The sheath covers the entire area of the arms, armpits, shoulders and upper back<\/p>\n<p>\u2981 Sleeves have a lace trim finish to stay comfortable and in place<\/p>","protected":false},"featured_media":6022,"comment_status":"open","ping_status":"open","template":"","meta":[],"product_brand":[],"product_cat":[81],"product_tag":[],"berocket_brand":[431],"class_list":{"0":"post-6007","1":"product","2":"type-product","3":"status-publish","4":"has-post-thumbnail","6":"product_cat-brassieres-post-operatoires-femme","7":"pa_couleur-beige","8":"pa_couleur-noir","9":"pa_product_brand-lipoelastic","10":"pa_taille-3xl","11":"pa_taille-l","12":"pa_taille-m","13":"pa_taille-s","14":"pa_taille-xl","15":"pa_taille-xs","16":"pa_taille-xxl","17":"pa_xfgmc_adult-off-2","18":"pa_xfgmc_condition-default","19":"pa_xfgmc_identifier_exists-off","20":"berocket_brand-lipoelastic","22":"first","23":"instock","24":"taxable","25":"shipping-taxable","26":"purchasable","27":"product-type-variable"},"yoast_head":"<!-- This site is optimized with the Yoast SEO plugin v27.4 - https:\/\/yoast.com\/product\/yoast-seo-wordpress\/ -->\n<title>AP long Variant (lipo-AP00V07C) LIPOELASTIC<\/title>\n<meta name=\"description\" content=\"AP long Variant (lipo-AP00V07C)\" \/>\n<meta name=\"robots\" content=\"index, follow, max-snippet:-1, max-image-preview:large, max-video-preview:-1\" \/>\n<link rel=\"canonical\" href=\"https:\/\/www.soome.be\/en\/products\/womens-post-op-bras-2\/ap-long-variant\/\" \/>\n<meta property=\"og:locale\" content=\"en_GB\" \/>\n<meta property=\"og:type\" content=\"article\" \/>\n<meta property=\"og:title\" content=\"AP long Variant (lipo-AP00V07C) LIPOELASTIC\" \/>\n<meta property=\"og:description\" content=\"AP long Variant (lipo-AP00V07C)\" \/>\n<meta property=\"og:url\" content=\"https:\/\/www.soome.be\/en\/products\/womens-post-op-bras-2\/ap-long-variant\/\" \/>\n<meta property=\"og:site_name\" content=\"SooMe\" \/>\n<meta property=\"article:modified_time\" content=\"2026-04-22T13:13:17+00:00\" \/>\n<meta property=\"og:image\" content=\"https:\/\/www.soome.be\/wp-content\/uploads\/2023\/06\/products-image25.jpg\" \/>\n\t<meta property=\"og:image:width\" content=\"363\" \/>\n\t<meta property=\"og:image:height\" content=\"826\" \/>\n\t<meta property=\"og:image:type\" content=\"image\/jpeg\" \/>\n<meta name=\"twitter:card\" content=\"summary_large_image\" \/>\n<meta name=\"twitter:label1\" content=\"Estimated reading time\" \/>\n\t<meta name=\"twitter:data1\" content=\"1 minute\" \/>\n<script type=\"application\/ld+json\" class=\"yoast-schema-graph\">{\"@context\":\"https:\\\/\\\/schema.org\",\"@graph\":[{\"@type\":\"WebPage\",\"@id\":\"https:\\\/\\\/www.soome.be\\\/produits\\\/brassieres-post-operatoires-femme\\\/ap-long-variant\\\/\",\"url\":\"https:\\\/\\\/www.soome.be\\\/produits\\\/brassieres-post-operatoires-femme\\\/ap-long-variant\\\/\",\"name\":\"AP long Variant (lipo-AP00V07C) LIPOELASTIC\",\"isPartOf\":{\"@id\":\"https:\\\/\\\/www.soome.be\\\/#website\"},\"primaryImageOfPage\":{\"@id\":\"https:\\\/\\\/www.soome.be\\\/produits\\\/brassieres-post-operatoires-femme\\\/ap-long-variant\\\/#primaryimage\"},\"image\":{\"@id\":\"https:\\\/\\\/www.soome.be\\\/produits\\\/brassieres-post-operatoires-femme\\\/ap-long-variant\\\/#primaryimage\"},\"thumbnailUrl\":\"https:\\\/\\\/www.soome.be\\\/wp-content\\\/uploads\\\/2023\\\/06\\\/products-image25.jpg\",\"datePublished\":\"2023-06-01T16:40:52+00:00\",\"dateModified\":\"2026-04-22T13:13:17+00:00\",\"description\":\"AP long Variant (lipo-AP00V07C)\",\"breadcrumb\":{\"@id\":\"https:\\\/\\\/www.soome.be\\\/produits\\\/brassieres-post-operatoires-femme\\\/ap-long-variant\\\/#breadcrumb\"},\"inLanguage\":\"en-GB\",\"potentialAction\":[{\"@type\":\"ReadAction\",\"target\":[\"https:\\\/\\\/www.soome.be\\\/produits\\\/brassieres-post-operatoires-femme\\\/ap-long-variant\\\/\"]}]},{\"@type\":\"ImageObject\",\"inLanguage\":\"en-GB\",\"@id\":\"https:\\\/\\\/www.soome.be\\\/produits\\\/brassieres-post-operatoires-femme\\\/ap-long-variant\\\/#primaryimage\",\"url\":\"https:\\\/\\\/www.soome.be\\\/wp-content\\\/uploads\\\/2023\\\/06\\\/products-image25.jpg\",\"contentUrl\":\"https:\\\/\\\/www.soome.be\\\/wp-content\\\/uploads\\\/2023\\\/06\\\/products-image25.jpg\",\"width\":363,\"height\":826,\"caption\":\"AP long Variant LIPOELASTIC\"},{\"@type\":\"BreadcrumbList\",\"@id\":\"https:\\\/\\\/www.soome.be\\\/produits\\\/brassieres-post-operatoires-femme\\\/ap-long-variant\\\/#breadcrumb\",\"itemListElement\":[{\"@type\":\"ListItem\",\"position\":1,\"name\":\"Accueil\",\"item\":\"https:\\\/\\\/www.soome.be\\\/\"},{\"@type\":\"ListItem\",\"position\":2,\"name\":\"PRODUITS\",\"item\":\"https:\\\/\\\/www.soome.be\\\/produits\\\/\"},{\"@type\":\"ListItem\",\"position\":3,\"name\":\"AP long Variant\"}]},{\"@type\":\"WebSite\",\"@id\":\"https:\\\/\\\/www.soome.be\\\/#website\",\"url\":\"https:\\\/\\\/www.soome.be\\\/\",\"name\":\"SooMe\",\"description\":\"\",\"potentialAction\":[{\"@type\":\"SearchAction\",\"target\":{\"@type\":\"EntryPoint\",\"urlTemplate\":\"https:\\\/\\\/www.soome.be\\\/?s={search_term_string}\"},\"query-input\":{\"@type\":\"PropertyValueSpecification\",\"valueRequired\":true,\"valueName\":\"search_term_string\"}}],\"inLanguage\":\"en-GB\"}]}<\/script>\n<!-- \/ Yoast SEO plugin. -->","yoast_head_json":{"title":"AP long Variant (lipo-AP00V07C) LIPOELASTIC","description":"AP long Variant (lipo-AP00V07C)","robots":{"index":"index","follow":"follow","max-snippet":"max-snippet:-1","max-image-preview":"max-image-preview:large","max-video-preview":"max-video-preview:-1"},"canonical":"https:\/\/www.soome.be\/en\/products\/womens-post-op-bras-2\/ap-long-variant\/","og_locale":"en_GB","og_type":"article","og_title":"AP long Variant (lipo-AP00V07C) LIPOELASTIC","og_description":"AP long Variant (lipo-AP00V07C)","og_url":"https:\/\/www.soome.be\/en\/products\/womens-post-op-bras-2\/ap-long-variant\/","og_site_name":"SooMe","article_modified_time":"2026-04-22T13:13:17+00:00","og_image":[{"width":363,"height":826,"url":"https:\/\/www.soome.be\/wp-content\/uploads\/2023\/06\/products-image25.jpg","type":"image\/jpeg"}],"twitter_card":"summary_large_image","twitter_misc":{"Estimated reading time":"1 minute"},"schema":{"@context":"https:\/\/schema.org","@graph":[{"@type":"WebPage","@id":"https:\/\/www.soome.be\/produits\/brassieres-post-operatoires-femme\/ap-long-variant\/","url":"https:\/\/www.soome.be\/produits\/brassieres-post-operatoires-femme\/ap-long-variant\/","name":"AP long Variant (lipo-AP00V07C) LIPOELASTIC","isPartOf":{"@id":"https:\/\/www.soome.be\/#website"},"primaryImageOfPage":{"@id":"https:\/\/www.soome.be\/produits\/brassieres-post-operatoires-femme\/ap-long-variant\/#primaryimage"},"image":{"@id":"https:\/\/www.soome.be\/produits\/brassieres-post-operatoires-femme\/ap-long-variant\/#primaryimage"},"thumbnailUrl":"https:\/\/www.soome.be\/wp-content\/uploads\/2023\/06\/products-image25.jpg","datePublished":"2023-06-01T16:40:52+00:00","dateModified":"2026-04-22T13:13:17+00:00","description":"AP long Variant (lipo-AP00V07C)","breadcrumb":{"@id":"https:\/\/www.soome.be\/produits\/brassieres-post-operatoires-femme\/ap-long-variant\/#breadcrumb"},"inLanguage":"en-GB","potentialAction":[{"@type":"ReadAction","target":["https:\/\/www.soome.be\/produits\/brassieres-post-operatoires-femme\/ap-long-variant\/"]}]},{"@type":"ImageObject","inLanguage":"en-GB","@id":"https:\/\/www.soome.be\/produits\/brassieres-post-operatoires-femme\/ap-long-variant\/#primaryimage","url":"https:\/\/www.soome.be\/wp-content\/uploads\/2023\/06\/products-image25.jpg","contentUrl":"https:\/\/www.soome.be\/wp-content\/uploads\/2023\/06\/products-image25.jpg","width":363,"height":826,"caption":"AP long Variant LIPOELASTIC"},{"@type":"BreadcrumbList","@id":"https:\/\/www.soome.be\/produits\/brassieres-post-operatoires-femme\/ap-long-variant\/#breadcrumb","itemListElement":[{"@type":"ListItem","position":1,"name":"Accueil","item":"https:\/\/www.soome.be\/"},{"@type":"ListItem","position":2,"name":"PRODUITS","item":"https:\/\/www.soome.be\/produits\/"},{"@type":"ListItem","position":3,"name":"AP long Variant"}]},{"@type":"WebSite","@id":"https:\/\/www.soome.be\/#website","url":"https:\/\/www.soome.be\/","name":"SooMe","description":"","potentialAction":[{"@type":"SearchAction","target":{"@type":"EntryPoint","urlTemplate":"https:\/\/www.soome.be\/?s={search_term_string}"},"query-input":{"@type":"PropertyValueSpecification","valueRequired":true,"valueName":"search_term_string"}}],"inLanguage":"en-GB"}]}},"_links":{"self":[{"href":"https:\/\/www.soome.be\/en\/wp-json\/wp\/v2\/product\/6007","targetHints":{"allow":["GET"]}}],"collection":[{"href":"https:\/\/www.soome.be\/en\/wp-json\/wp\/v2\/product"}],"about":[{"href":"https:\/\/www.soome.be\/en\/wp-json\/wp\/v2\/types\/product"}],"replies":[{"embeddable":true,"href":"https:\/\/www.soome.be\/en\/wp-json\/wp\/v2\/comments?post=6007"}],"wp:featuredmedia":[{"embeddable":true,"href":"https:\/\/www.soome.be\/en\/wp-json\/wp\/v2\/media\/6022"}],"wp:attachment":[{"href":"https:\/\/www.soome.be\/en\/wp-json\/wp\/v2\/media?parent=6007"}],"wp:term":[{"taxonomy":"product_brand","embeddable":true,"href":"https:\/\/www.soome.be\/en\/wp-json\/wp\/v2\/product_brand?post=6007"},{"taxonomy":"product_cat","embeddable":true,"href":"https:\/\/www.soome.be\/en\/wp-json\/wp\/v2\/product_cat?post=6007"},{"taxonomy":"product_tag","embeddable":true,"href":"https:\/\/www.soome.be\/en\/wp-json\/wp\/v2\/product_tag?post=6007"},{"taxonomy":"berocket_brand","embeddable":true,"href":"https:\/\/www.soome.be\/en\/wp-json\/wp\/v2\/berocket_brand?post=6007"}],"curies":[{"name":"wp","href":"https:\/\/api.w.org\/{rel}","templated":true}]}}