{"id":6043,"date":"2023-06-01T18:41:19","date_gmt":"2023-06-01T16:41:19","guid":{"rendered":"https:\/\/www.soome.be\/?post_type=product&#038;p=6043"},"modified":"2026-04-22T15:13:20","modified_gmt":"2026-04-22T13:13:20","slug":"mgmm-comfort","status":"publish","type":"product","link":"https:\/\/www.soome.be\/en\/produits\/combines-post-operatoires-homme\/mgmm-comfort\/","title":{"rendered":"MGmm comfort"},"content":{"rendered":"<p><img fetchpriority=\"high\" decoding=\"async\" class=\"alignnone wp-image-38358 size-full\" src=\"https:\/\/www.abricot-compression.com\/wp-content\/uploads\/2022\/04\/image32.jpg\" alt=\"\" width=\"941\" height=\"744\" \/><\/p>\n<p>NOTE: It is recommended after abdominoplasty, gynecomastia, liposuction of the back, hips, buttocks and belly<\/p>\n<p>CHARACTERISTICS :<\/p>\n<p>\u2981 V\u00eatement de compression pour les hommes sans manches et avec panty, id\u00e9al apr\u00e8s une abdominoplastie, une gyn\u00e9comastie ou une liposuccion du dos, des hanches, des fesses et du ventre<\/p>\n<p>\u2981 Le panty a une longueur mi-cuisse et a une finition Clean-cut, qui assure \u00e0 ce que le panty ne se roule pas vers le haut et ne serre pas<\/p>\n<p>\u2981 Fermeture \u00e9clair sur la partie avant<\/p>\n<p>\u2981 Ouverture hygi\u00e9nique au niveau de l&rsquo;entrejambe pour votre confort quotidien, le sous-v\u00eatement se met sur le v\u00eatement de compression<\/p>\n<p>\u2981 Les bretelles ont une fermeture r\u00e9glable des \u00e9paules avec 3 positions d\u00b4agrafes et d\u00b4\u0153illets<\/p>\n<p>FERMETURE\u00a0: Fermeture par zip sur la partie avant, compl\u00e9t\u00e9e par une rang\u00e9e d&rsquo;agrafes pour une manipulation facile<\/p>\n<p>Les bretelles ont une fermeture r\u00e9glable des \u00e9paules avec 3 positions d\u00b4agrafes et d\u00b4\u0153illets<\/p>\n<p>TISSU\u00a0: La gaine est cousue en tissu RIB<\/p>\n<p>Tissu tr\u00e8s agr\u00e9able au toucher<\/p>\n<p>La mati\u00e8re a obtenu le certificat OEKO-TEX\u00ae, qui garantit l&rsquo;absence de substances nocives ou d\u00b4allerg\u00e8nes (le latex, etc.)<\/p>\n<p>Composition du mat\u00e9riel:55 % POLAMIDE, 45 % \u00c9LASTHANNE<\/p>\n<p>MAINTENANCE :<\/p>\n<p>Gentle washing, maximum temperature 30\u00b0C.<\/p>\n<p>The product must not be bleached.<\/p>\n<p>The product must not be dried with a tumble dryer.<\/p>\n<p>The product must not be ironed.<\/p>\n<p>The product should not be chemically cleaned.<\/p>\n<p>COLOR: black and beige<\/p>","protected":false},"excerpt":{"rendered":"<p>NOTE: It is recommended after abdominoplasty, gynecomastia, liposuction of the back, hips, buttocks and belly<\/p>\n<p>CHARACTERISTICS :<\/p>\n<p>\u2981 V\u00eatement de compression pour les hommes sans manches et avec panty, id\u00e9al apr\u00e8s une abdominoplastie, une gyn\u00e9comastie ou une liposuccion du dos, des hanches, des fesses et du ventre<\/p>\n<p>\u2981 Le panty a une longueur mi-cuisse et a une finition Clean-cut, qui assure \u00e0 ce que le panty ne se roule pas vers le haut et ne serre pas<\/p>\n<p>\u2981 Fermeture \u00e9clair sur la partie avant<\/p>\n<p>\u2981 Ouverture hygi\u00e9nique au niveau de l&rsquo;entrejambe pour votre confort quotidien, le sous-v\u00eatement se met sur le v\u00eatement de compression<\/p>\n<p>\u2981 Les bretelles ont une fermeture r\u00e9glable des \u00e9paules avec 3 positions d\u00b4agrafes et d\u00b4\u0153illets<\/p>","protected":false},"featured_media":6047,"comment_status":"open","ping_status":"open","template":"","meta":[],"product_brand":[],"product_cat":[85],"product_tag":[],"berocket_brand":[431],"class_list":{"0":"post-6043","1":"product","2":"type-product","3":"status-publish","4":"has-post-thumbnail","6":"product_cat-combines-post-operatoires-homme","7":"pa_couleur-beige","8":"pa_couleur-noir","9":"pa_product_brand-lipoelastic","10":"pa_taille-3xl","11":"pa_taille-l","12":"pa_taille-m","13":"pa_taille-s","14":"pa_taille-xl","15":"pa_taille-xs","16":"pa_taille-xxl","17":"pa_xfgmc_adult-off-2","18":"pa_xfgmc_condition-default","19":"pa_xfgmc_identifier_exists-off","20":"berocket_brand-lipoelastic","22":"first","23":"instock","24":"taxable","25":"shipping-taxable","26":"purchasable","27":"product-type-variable"},"yoast_head":"<!-- This site is optimized with the Yoast SEO plugin v27.4 - https:\/\/yoast.com\/product\/yoast-seo-wordpress\/ -->\n<title>MGmm comfort (lipo-MGm00C00R) LIPOELASTIC<\/title>\n<meta name=\"description\" content=\"Il est recommand\u00e9 apr\u00e8s une abdominoplastie, une gyn\u00e9comastie, une liposuccion du dos, des hanches, des fesses et du ventre\" \/>\n<meta name=\"robots\" content=\"index, follow, max-snippet:-1, max-image-preview:large, max-video-preview:-1\" \/>\n<link rel=\"canonical\" href=\"https:\/\/www.soome.be\/en\/products\/mens-post-op-bodysuits\/mgmm-comfort\/\" \/>\n<meta property=\"og:locale\" content=\"en_GB\" \/>\n<meta property=\"og:type\" content=\"article\" \/>\n<meta property=\"og:title\" content=\"MGmm comfort (lipo-MGm00C00R) LIPOELASTIC\" \/>\n<meta property=\"og:description\" content=\"Il est recommand\u00e9 apr\u00e8s une abdominoplastie, une gyn\u00e9comastie, une liposuccion du dos, des hanches, des fesses et du ventre\" \/>\n<meta property=\"og:url\" content=\"https:\/\/www.soome.be\/en\/products\/mens-post-op-bodysuits\/mgmm-comfort\/\" \/>\n<meta property=\"og:site_name\" content=\"SooMe\" \/>\n<meta property=\"article:modified_time\" content=\"2026-04-22T13:13:20+00:00\" \/>\n<meta property=\"og:image\" content=\"https:\/\/www.soome.be\/wp-content\/uploads\/2023\/06\/products-image33.jpg\" \/>\n\t<meta property=\"og:image:width\" content=\"839\" \/>\n\t<meta property=\"og:image:height\" content=\"982\" \/>\n\t<meta property=\"og:image:type\" content=\"image\/jpeg\" \/>\n<meta name=\"twitter:card\" content=\"summary_large_image\" \/>\n<meta name=\"twitter:label1\" content=\"Estimated reading time\" \/>\n\t<meta name=\"twitter:data1\" content=\"1 minute\" \/>\n<script type=\"application\/ld+json\" class=\"yoast-schema-graph\">{\"@context\":\"https:\\\/\\\/schema.org\",\"@graph\":[{\"@type\":\"WebPage\",\"@id\":\"https:\\\/\\\/www.soome.be\\\/produits\\\/combines-post-operatoires-homme\\\/mgmm-comfort\\\/\",\"url\":\"https:\\\/\\\/www.soome.be\\\/produits\\\/combines-post-operatoires-homme\\\/mgmm-comfort\\\/\",\"name\":\"MGmm comfort (lipo-MGm00C00R) LIPOELASTIC\",\"isPartOf\":{\"@id\":\"https:\\\/\\\/www.soome.be\\\/#website\"},\"primaryImageOfPage\":{\"@id\":\"https:\\\/\\\/www.soome.be\\\/produits\\\/combines-post-operatoires-homme\\\/mgmm-comfort\\\/#primaryimage\"},\"image\":{\"@id\":\"https:\\\/\\\/www.soome.be\\\/produits\\\/combines-post-operatoires-homme\\\/mgmm-comfort\\\/#primaryimage\"},\"thumbnailUrl\":\"https:\\\/\\\/www.soome.be\\\/wp-content\\\/uploads\\\/2023\\\/06\\\/products-image33.jpg\",\"datePublished\":\"2023-06-01T16:41:19+00:00\",\"dateModified\":\"2026-04-22T13:13:20+00:00\",\"description\":\"Il est recommand\u00e9 apr\u00e8s une abdominoplastie, une gyn\u00e9comastie, une liposuccion du dos, des hanches, des fesses et du ventre\",\"breadcrumb\":{\"@id\":\"https:\\\/\\\/www.soome.be\\\/produits\\\/combines-post-operatoires-homme\\\/mgmm-comfort\\\/#breadcrumb\"},\"inLanguage\":\"en-GB\",\"potentialAction\":[{\"@type\":\"ReadAction\",\"target\":[\"https:\\\/\\\/www.soome.be\\\/produits\\\/combines-post-operatoires-homme\\\/mgmm-comfort\\\/\"]}]},{\"@type\":\"ImageObject\",\"inLanguage\":\"en-GB\",\"@id\":\"https:\\\/\\\/www.soome.be\\\/produits\\\/combines-post-operatoires-homme\\\/mgmm-comfort\\\/#primaryimage\",\"url\":\"https:\\\/\\\/www.soome.be\\\/wp-content\\\/uploads\\\/2023\\\/06\\\/products-image33.jpg\",\"contentUrl\":\"https:\\\/\\\/www.soome.be\\\/wp-content\\\/uploads\\\/2023\\\/06\\\/products-image33.jpg\",\"width\":839,\"height\":982,\"caption\":\"MGmm comfort LIPOELASTIC\"},{\"@type\":\"BreadcrumbList\",\"@id\":\"https:\\\/\\\/www.soome.be\\\/produits\\\/combines-post-operatoires-homme\\\/mgmm-comfort\\\/#breadcrumb\",\"itemListElement\":[{\"@type\":\"ListItem\",\"position\":1,\"name\":\"Accueil\",\"item\":\"https:\\\/\\\/www.soome.be\\\/\"},{\"@type\":\"ListItem\",\"position\":2,\"name\":\"PRODUITS\",\"item\":\"https:\\\/\\\/www.soome.be\\\/produits\\\/\"},{\"@type\":\"ListItem\",\"position\":3,\"name\":\"MGmm comfort\"}]},{\"@type\":\"WebSite\",\"@id\":\"https:\\\/\\\/www.soome.be\\\/#website\",\"url\":\"https:\\\/\\\/www.soome.be\\\/\",\"name\":\"SooMe\",\"description\":\"\",\"potentialAction\":[{\"@type\":\"SearchAction\",\"target\":{\"@type\":\"EntryPoint\",\"urlTemplate\":\"https:\\\/\\\/www.soome.be\\\/?s={search_term_string}\"},\"query-input\":{\"@type\":\"PropertyValueSpecification\",\"valueRequired\":true,\"valueName\":\"search_term_string\"}}],\"inLanguage\":\"en-GB\"}]}<\/script>\n<!-- \/ Yoast SEO plugin. -->","yoast_head_json":{"title":"MGmm comfort (lipo-MGm00C00R) LIPOELASTIC","description":"It is recommended after abdominoplasty, gynecomastia, liposuction of the back, hips, buttocks and abdomen.","robots":{"index":"index","follow":"follow","max-snippet":"max-snippet:-1","max-image-preview":"max-image-preview:large","max-video-preview":"max-video-preview:-1"},"canonical":"https:\/\/www.soome.be\/en\/products\/mens-post-op-bodysuits\/mgmm-comfort\/","og_locale":"en_GB","og_type":"article","og_title":"MGmm comfort (lipo-MGm00C00R) LIPOELASTIC","og_description":"Il est recommand\u00e9 apr\u00e8s une abdominoplastie, une gyn\u00e9comastie, une liposuccion du dos, des hanches, des fesses et du ventre","og_url":"https:\/\/www.soome.be\/en\/products\/mens-post-op-bodysuits\/mgmm-comfort\/","og_site_name":"SooMe","article_modified_time":"2026-04-22T13:13:20+00:00","og_image":[{"width":839,"height":982,"url":"https:\/\/www.soome.be\/wp-content\/uploads\/2023\/06\/products-image33.jpg","type":"image\/jpeg"}],"twitter_card":"summary_large_image","twitter_misc":{"Estimated reading time":"1 minute"},"schema":{"@context":"https:\/\/schema.org","@graph":[{"@type":"WebPage","@id":"https:\/\/www.soome.be\/produits\/combines-post-operatoires-homme\/mgmm-comfort\/","url":"https:\/\/www.soome.be\/produits\/combines-post-operatoires-homme\/mgmm-comfort\/","name":"MGmm comfort (lipo-MGm00C00R) LIPOELASTIC","isPartOf":{"@id":"https:\/\/www.soome.be\/#website"},"primaryImageOfPage":{"@id":"https:\/\/www.soome.be\/produits\/combines-post-operatoires-homme\/mgmm-comfort\/#primaryimage"},"image":{"@id":"https:\/\/www.soome.be\/produits\/combines-post-operatoires-homme\/mgmm-comfort\/#primaryimage"},"thumbnailUrl":"https:\/\/www.soome.be\/wp-content\/uploads\/2023\/06\/products-image33.jpg","datePublished":"2023-06-01T16:41:19+00:00","dateModified":"2026-04-22T13:13:20+00:00","description":"It is recommended after abdominoplasty, gynecomastia, liposuction of the back, hips, buttocks and abdomen.","breadcrumb":{"@id":"https:\/\/www.soome.be\/produits\/combines-post-operatoires-homme\/mgmm-comfort\/#breadcrumb"},"inLanguage":"en-GB","potentialAction":[{"@type":"ReadAction","target":["https:\/\/www.soome.be\/produits\/combines-post-operatoires-homme\/mgmm-comfort\/"]}]},{"@type":"ImageObject","inLanguage":"en-GB","@id":"https:\/\/www.soome.be\/produits\/combines-post-operatoires-homme\/mgmm-comfort\/#primaryimage","url":"https:\/\/www.soome.be\/wp-content\/uploads\/2023\/06\/products-image33.jpg","contentUrl":"https:\/\/www.soome.be\/wp-content\/uploads\/2023\/06\/products-image33.jpg","width":839,"height":982,"caption":"MGmm comfort LIPOELASTIC"},{"@type":"BreadcrumbList","@id":"https:\/\/www.soome.be\/produits\/combines-post-operatoires-homme\/mgmm-comfort\/#breadcrumb","itemListElement":[{"@type":"ListItem","position":1,"name":"Accueil","item":"https:\/\/www.soome.be\/"},{"@type":"ListItem","position":2,"name":"PRODUITS","item":"https:\/\/www.soome.be\/produits\/"},{"@type":"ListItem","position":3,"name":"MGmm comfort"}]},{"@type":"WebSite","@id":"https:\/\/www.soome.be\/#website","url":"https:\/\/www.soome.be\/","name":"SooMe","description":"","potentialAction":[{"@type":"SearchAction","target":{"@type":"EntryPoint","urlTemplate":"https:\/\/www.soome.be\/?s={search_term_string}"},"query-input":{"@type":"PropertyValueSpecification","valueRequired":true,"valueName":"search_term_string"}}],"inLanguage":"en-GB"}]}},"_links":{"self":[{"href":"https:\/\/www.soome.be\/en\/wp-json\/wp\/v2\/product\/6043","targetHints":{"allow":["GET"]}}],"collection":[{"href":"https:\/\/www.soome.be\/en\/wp-json\/wp\/v2\/product"}],"about":[{"href":"https:\/\/www.soome.be\/en\/wp-json\/wp\/v2\/types\/product"}],"replies":[{"embeddable":true,"href":"https:\/\/www.soome.be\/en\/wp-json\/wp\/v2\/comments?post=6043"}],"wp:featuredmedia":[{"embeddable":true,"href":"https:\/\/www.soome.be\/en\/wp-json\/wp\/v2\/media\/6047"}],"wp:attachment":[{"href":"https:\/\/www.soome.be\/en\/wp-json\/wp\/v2\/media?parent=6043"}],"wp:term":[{"taxonomy":"product_brand","embeddable":true,"href":"https:\/\/www.soome.be\/en\/wp-json\/wp\/v2\/product_brand?post=6043"},{"taxonomy":"product_cat","embeddable":true,"href":"https:\/\/www.soome.be\/en\/wp-json\/wp\/v2\/product_cat?post=6043"},{"taxonomy":"product_tag","embeddable":true,"href":"https:\/\/www.soome.be\/en\/wp-json\/wp\/v2\/product_tag?post=6043"},{"taxonomy":"berocket_brand","embeddable":true,"href":"https:\/\/www.soome.be\/en\/wp-json\/wp\/v2\/berocket_brand?post=6043"}],"curies":[{"name":"wp","href":"https:\/\/api.w.org\/{rel}","templated":true}]}}