{"id":6086,"date":"2023-06-01T18:41:43","date_gmt":"2023-06-01T16:41:43","guid":{"rendered":"https:\/\/www.soome.be\/?post_type=product&#038;p=6086"},"modified":"2026-04-22T15:13:25","modified_gmt":"2026-04-22T13:13:25","slug":"ec-043-mens-bodysuit","status":"publish","type":"product","link":"https:\/\/www.soome.be\/en\/produits\/combines-post-operatoires-homme\/ec-043-combine-homme\/","title":{"rendered":"EC\/043 - MEN'S HANDSET"},"content":{"rendered":"<p><img fetchpriority=\"high\" decoding=\"async\" class=\"alignnone wp-image-38362 size-full\" src=\"https:\/\/www.abricot-compression.com\/wp-content\/uploads\/2022\/04\/image36.jpg\" alt=\"\" width=\"1317\" height=\"864\" \/><\/p>\n<p>NOTE: It is recommended after abdominoplasty, gynecomastia, liposuction of the back, hips, buttocks and belly<\/p>\n<p>CHARACTERISTICS :<\/p>\n<p>The Combin\u00e9, made from Coolmax\u00ae fabric, is applied immediately after the operation. The resulting pressure ensures perfect support while maintaining optimum comfort and total freedom of movement. The three different men's models can be adapted to all types of surgery.<\/p>\n<p>FERMETURE\u00a0: Fermeture par zip sur la partie avant, compl\u00e9t\u00e9e par une rang\u00e9e d&rsquo;agrafes pour une manipulation facile<\/p>\n<p>Les bretelles ont une fermeture r\u00e9glable des \u00e9paules avec 3 positions d\u00b4agrafes et d\u00b4\u0153illets<\/p>\n<p>FABRIC: Made with a special Coolmax fabric offering optimal support and better breathing of your skin, this extremely lightweight garment (free of total movement) is particularly suitable for liposuction of the lower back, waist (or flanks), hips and thighs.<\/p>\n<p>MAINTENANCE :<\/p>\n<p>Machine wash up to 30\u00b0C, dryer not allowed<\/p>","protected":false},"excerpt":{"rendered":"<p>NOTE: It is recommended after abdominoplasty, gynecomastia, liposuction of the back, hips, buttocks and belly<\/p>\n<p>CHARACTERISTICS :<\/p>\n<p>The Combin\u00e9, made from Coolmax\u00ae fabric, is applied immediately after the operation. The resulting pressure ensures perfect support while maintaining optimum comfort and total freedom of movement. The three different men's models can be adapted to all types of surgery.<\/p>","protected":false},"featured_media":6094,"comment_status":"open","ping_status":"open","template":"","meta":[],"product_brand":[],"product_cat":[85],"product_tag":[],"berocket_brand":[432],"class_list":{"0":"post-6086","1":"product","2":"type-product","3":"status-publish","4":"has-post-thumbnail","6":"product_cat-combines-post-operatoires-homme","7":"pa_product_brand-medical-z-3","8":"pa_taille-1-3","9":"pa_taille-2-2","10":"pa_taille-3-2","11":"pa_taille-4-2","12":"pa_taille-5-2","13":"pa_taille-6-2","14":"pa_taille-7-2","15":"pa_xfgmc_adult-off-2","16":"pa_xfgmc_condition-default","17":"pa_xfgmc_identifier_exists-off","18":"berocket_brand-medical-z","20":"first","21":"instock","22":"taxable","23":"shipping-taxable","24":"purchasable","25":"product-type-variable"},"yoast_head":"<!-- This site is optimized with the Yoast SEO plugin v27.4 - https:\/\/yoast.com\/product\/yoast-seo-wordpress\/ -->\n<title>COMBIN\u00c9 HOMME (EC\/043) MEDICAL Z<\/title>\n<meta name=\"description\" content=\"L\u2019application du Combin\u00e9 r\u00e9alis\u00e9e \u00e0 partir d\u2019un textile Coolmax\u00ae s\u2019effectue imm\u00e9diatement apr\u00e8s l\u2019intervention. La pression ainsi obtenue assure un parfait maintien tout en conservant un confort optimal et une totale libert\u00e9 de mouvement. Les trois diff\u00e9rents mod\u00e8les homme permettent de s\u2019adapter \u00e0 tous les types de chirurgie.\" \/>\n<meta name=\"robots\" content=\"index, follow, max-snippet:-1, max-image-preview:large, max-video-preview:-1\" \/>\n<link rel=\"canonical\" href=\"https:\/\/www.soome.be\/en\/products\/mens-post-op-bodysuits\/ec-043-mens-bodysuit\/\" \/>\n<meta property=\"og:locale\" content=\"en_GB\" \/>\n<meta property=\"og:type\" content=\"article\" \/>\n<meta property=\"og:title\" content=\"COMBIN\u00c9 HOMME (EC\/043) MEDICAL Z\" \/>\n<meta property=\"og:description\" content=\"L\u2019application du Combin\u00e9 r\u00e9alis\u00e9e \u00e0 partir d\u2019un textile Coolmax\u00ae s\u2019effectue imm\u00e9diatement apr\u00e8s l\u2019intervention. La pression ainsi obtenue assure un parfait maintien tout en conservant un confort optimal et une totale libert\u00e9 de mouvement. Les trois diff\u00e9rents mod\u00e8les homme permettent de s\u2019adapter \u00e0 tous les types de chirurgie.\" \/>\n<meta property=\"og:url\" content=\"https:\/\/www.soome.be\/en\/products\/mens-post-op-bodysuits\/ec-043-mens-bodysuit\/\" \/>\n<meta property=\"og:site_name\" content=\"SooMe\" \/>\n<meta property=\"article:modified_time\" content=\"2026-04-22T13:13:25+00:00\" \/>\n<meta property=\"og:image\" content=\"https:\/\/www.soome.be\/wp-content\/uploads\/2023\/06\/products-Combine-homme-elegance-coolmax-dos-haut-coupe-mollet-fermeture-zip-EC_043.jpg\" \/>\n\t<meta property=\"og:image:width\" content=\"600\" \/>\n\t<meta property=\"og:image:height\" content=\"800\" \/>\n\t<meta property=\"og:image:type\" content=\"image\/jpeg\" \/>\n<meta name=\"twitter:card\" content=\"summary_large_image\" \/>\n<meta name=\"twitter:label1\" content=\"Estimated reading time\" \/>\n\t<meta name=\"twitter:data1\" content=\"1 minute\" \/>\n<script type=\"application\/ld+json\" class=\"yoast-schema-graph\">{\"@context\":\"https:\\\/\\\/schema.org\",\"@graph\":[{\"@type\":\"WebPage\",\"@id\":\"https:\\\/\\\/www.soome.be\\\/produits\\\/combines-post-operatoires-homme\\\/ec-043-combine-homme\\\/\",\"url\":\"https:\\\/\\\/www.soome.be\\\/produits\\\/combines-post-operatoires-homme\\\/ec-043-combine-homme\\\/\",\"name\":\"COMBIN\u00c9 HOMME (EC\\\/043) MEDICAL Z\",\"isPartOf\":{\"@id\":\"https:\\\/\\\/www.soome.be\\\/#website\"},\"primaryImageOfPage\":{\"@id\":\"https:\\\/\\\/www.soome.be\\\/produits\\\/combines-post-operatoires-homme\\\/ec-043-combine-homme\\\/#primaryimage\"},\"image\":{\"@id\":\"https:\\\/\\\/www.soome.be\\\/produits\\\/combines-post-operatoires-homme\\\/ec-043-combine-homme\\\/#primaryimage\"},\"thumbnailUrl\":\"https:\\\/\\\/www.soome.be\\\/wp-content\\\/uploads\\\/2023\\\/06\\\/products-Combine-homme-elegance-coolmax-dos-haut-coupe-mollet-fermeture-zip-EC_043.jpg\",\"datePublished\":\"2023-06-01T16:41:43+00:00\",\"dateModified\":\"2026-04-22T13:13:25+00:00\",\"description\":\"L\u2019application du Combin\u00e9 r\u00e9alis\u00e9e \u00e0 partir d\u2019un textile Coolmax\u00ae s\u2019effectue imm\u00e9diatement apr\u00e8s l\u2019intervention. La pression ainsi obtenue assure un parfait maintien tout en conservant un confort optimal et une totale libert\u00e9 de mouvement. Les trois diff\u00e9rents mod\u00e8les homme permettent de s\u2019adapter \u00e0 tous les types de chirurgie.\",\"breadcrumb\":{\"@id\":\"https:\\\/\\\/www.soome.be\\\/produits\\\/combines-post-operatoires-homme\\\/ec-043-combine-homme\\\/#breadcrumb\"},\"inLanguage\":\"en-GB\",\"potentialAction\":[{\"@type\":\"ReadAction\",\"target\":[\"https:\\\/\\\/www.soome.be\\\/produits\\\/combines-post-operatoires-homme\\\/ec-043-combine-homme\\\/\"]}]},{\"@type\":\"ImageObject\",\"inLanguage\":\"en-GB\",\"@id\":\"https:\\\/\\\/www.soome.be\\\/produits\\\/combines-post-operatoires-homme\\\/ec-043-combine-homme\\\/#primaryimage\",\"url\":\"https:\\\/\\\/www.soome.be\\\/wp-content\\\/uploads\\\/2023\\\/06\\\/products-Combine-homme-elegance-coolmax-dos-haut-coupe-mollet-fermeture-zip-EC_043.jpg\",\"contentUrl\":\"https:\\\/\\\/www.soome.be\\\/wp-content\\\/uploads\\\/2023\\\/06\\\/products-Combine-homme-elegance-coolmax-dos-haut-coupe-mollet-fermeture-zip-EC_043.jpg\",\"width\":600,\"height\":800,\"caption\":\"EC\\\/043 \u2013 COMBIN\u00c9 HOMME MEDICAL Z\"},{\"@type\":\"BreadcrumbList\",\"@id\":\"https:\\\/\\\/www.soome.be\\\/produits\\\/combines-post-operatoires-homme\\\/ec-043-combine-homme\\\/#breadcrumb\",\"itemListElement\":[{\"@type\":\"ListItem\",\"position\":1,\"name\":\"Accueil\",\"item\":\"https:\\\/\\\/www.soome.be\\\/\"},{\"@type\":\"ListItem\",\"position\":2,\"name\":\"PRODUITS\",\"item\":\"https:\\\/\\\/www.soome.be\\\/produits\\\/\"},{\"@type\":\"ListItem\",\"position\":3,\"name\":\"EC\\\/043 &#8211; COMBIN\u00c9 HOMME\"}]},{\"@type\":\"WebSite\",\"@id\":\"https:\\\/\\\/www.soome.be\\\/#website\",\"url\":\"https:\\\/\\\/www.soome.be\\\/\",\"name\":\"SooMe\",\"description\":\"\",\"potentialAction\":[{\"@type\":\"SearchAction\",\"target\":{\"@type\":\"EntryPoint\",\"urlTemplate\":\"https:\\\/\\\/www.soome.be\\\/?s={search_term_string}\"},\"query-input\":{\"@type\":\"PropertyValueSpecification\",\"valueRequired\":true,\"valueName\":\"search_term_string\"}}],\"inLanguage\":\"en-GB\"}]}<\/script>\n<!-- \/ Yoast SEO plugin. -->","yoast_head_json":{"title":"MEN'S HANDSET (EC\/043) MEDICAL Z","description":"The Combin\u00e9, made from Coolmax\u00ae fabric, is applied immediately after the operation. The resulting pressure ensures perfect support while maintaining optimum comfort and total freedom of movement. The three different men's models can be adapted to all types of surgery.","robots":{"index":"index","follow":"follow","max-snippet":"max-snippet:-1","max-image-preview":"max-image-preview:large","max-video-preview":"max-video-preview:-1"},"canonical":"https:\/\/www.soome.be\/en\/products\/mens-post-op-bodysuits\/ec-043-mens-bodysuit\/","og_locale":"en_GB","og_type":"article","og_title":"COMBIN\u00c9 HOMME (EC\/043) MEDICAL Z","og_description":"L\u2019application du Combin\u00e9 r\u00e9alis\u00e9e \u00e0 partir d\u2019un textile Coolmax\u00ae s\u2019effectue imm\u00e9diatement apr\u00e8s l\u2019intervention. La pression ainsi obtenue assure un parfait maintien tout en conservant un confort optimal et une totale libert\u00e9 de mouvement. Les trois diff\u00e9rents mod\u00e8les homme permettent de s\u2019adapter \u00e0 tous les types de chirurgie.","og_url":"https:\/\/www.soome.be\/en\/products\/mens-post-op-bodysuits\/ec-043-mens-bodysuit\/","og_site_name":"SooMe","article_modified_time":"2026-04-22T13:13:25+00:00","og_image":[{"width":600,"height":800,"url":"https:\/\/www.soome.be\/wp-content\/uploads\/2023\/06\/products-Combine-homme-elegance-coolmax-dos-haut-coupe-mollet-fermeture-zip-EC_043.jpg","type":"image\/jpeg"}],"twitter_card":"summary_large_image","twitter_misc":{"Estimated reading time":"1 minute"},"schema":{"@context":"https:\/\/schema.org","@graph":[{"@type":"WebPage","@id":"https:\/\/www.soome.be\/produits\/combines-post-operatoires-homme\/ec-043-combine-homme\/","url":"https:\/\/www.soome.be\/produits\/combines-post-operatoires-homme\/ec-043-combine-homme\/","name":"MEN'S HANDSET (EC\/043) MEDICAL Z","isPartOf":{"@id":"https:\/\/www.soome.be\/#website"},"primaryImageOfPage":{"@id":"https:\/\/www.soome.be\/produits\/combines-post-operatoires-homme\/ec-043-combine-homme\/#primaryimage"},"image":{"@id":"https:\/\/www.soome.be\/produits\/combines-post-operatoires-homme\/ec-043-combine-homme\/#primaryimage"},"thumbnailUrl":"https:\/\/www.soome.be\/wp-content\/uploads\/2023\/06\/products-Combine-homme-elegance-coolmax-dos-haut-coupe-mollet-fermeture-zip-EC_043.jpg","datePublished":"2023-06-01T16:41:43+00:00","dateModified":"2026-04-22T13:13:25+00:00","description":"The Combin\u00e9, made from Coolmax\u00ae fabric, is applied immediately after the operation. The resulting pressure ensures perfect support while maintaining optimum comfort and total freedom of movement. The three different men's models can be adapted to all types of surgery.","breadcrumb":{"@id":"https:\/\/www.soome.be\/produits\/combines-post-operatoires-homme\/ec-043-combine-homme\/#breadcrumb"},"inLanguage":"en-GB","potentialAction":[{"@type":"ReadAction","target":["https:\/\/www.soome.be\/produits\/combines-post-operatoires-homme\/ec-043-combine-homme\/"]}]},{"@type":"ImageObject","inLanguage":"en-GB","@id":"https:\/\/www.soome.be\/produits\/combines-post-operatoires-homme\/ec-043-combine-homme\/#primaryimage","url":"https:\/\/www.soome.be\/wp-content\/uploads\/2023\/06\/products-Combine-homme-elegance-coolmax-dos-haut-coupe-mollet-fermeture-zip-EC_043.jpg","contentUrl":"https:\/\/www.soome.be\/wp-content\/uploads\/2023\/06\/products-Combine-homme-elegance-coolmax-dos-haut-coupe-mollet-fermeture-zip-EC_043.jpg","width":600,"height":800,"caption":"EC\/043 \u2013 COMBIN\u00c9 HOMME MEDICAL Z"},{"@type":"BreadcrumbList","@id":"https:\/\/www.soome.be\/produits\/combines-post-operatoires-homme\/ec-043-combine-homme\/#breadcrumb","itemListElement":[{"@type":"ListItem","position":1,"name":"Accueil","item":"https:\/\/www.soome.be\/"},{"@type":"ListItem","position":2,"name":"PRODUITS","item":"https:\/\/www.soome.be\/produits\/"},{"@type":"ListItem","position":3,"name":"EC\/043 &#8211; COMBIN\u00c9 HOMME"}]},{"@type":"WebSite","@id":"https:\/\/www.soome.be\/#website","url":"https:\/\/www.soome.be\/","name":"SooMe","description":"","potentialAction":[{"@type":"SearchAction","target":{"@type":"EntryPoint","urlTemplate":"https:\/\/www.soome.be\/?s={search_term_string}"},"query-input":{"@type":"PropertyValueSpecification","valueRequired":true,"valueName":"search_term_string"}}],"inLanguage":"en-GB"}]}},"_links":{"self":[{"href":"https:\/\/www.soome.be\/en\/wp-json\/wp\/v2\/product\/6086","targetHints":{"allow":["GET"]}}],"collection":[{"href":"https:\/\/www.soome.be\/en\/wp-json\/wp\/v2\/product"}],"about":[{"href":"https:\/\/www.soome.be\/en\/wp-json\/wp\/v2\/types\/product"}],"replies":[{"embeddable":true,"href":"https:\/\/www.soome.be\/en\/wp-json\/wp\/v2\/comments?post=6086"}],"wp:featuredmedia":[{"embeddable":true,"href":"https:\/\/www.soome.be\/en\/wp-json\/wp\/v2\/media\/6094"}],"wp:attachment":[{"href":"https:\/\/www.soome.be\/en\/wp-json\/wp\/v2\/media?parent=6086"}],"wp:term":[{"taxonomy":"product_brand","embeddable":true,"href":"https:\/\/www.soome.be\/en\/wp-json\/wp\/v2\/product_brand?post=6086"},{"taxonomy":"product_cat","embeddable":true,"href":"https:\/\/www.soome.be\/en\/wp-json\/wp\/v2\/product_cat?post=6086"},{"taxonomy":"product_tag","embeddable":true,"href":"https:\/\/www.soome.be\/en\/wp-json\/wp\/v2\/product_tag?post=6086"},{"taxonomy":"berocket_brand","embeddable":true,"href":"https:\/\/www.soome.be\/en\/wp-json\/wp\/v2\/berocket_brand?post=6086"}],"curies":[{"name":"wp","href":"https:\/\/api.w.org\/{rel}","templated":true}]}}