{"id":6138,"date":"2023-06-01T18:42:07","date_gmt":"2023-06-01T16:42:07","guid":{"rendered":"https:\/\/www.soome.be\/?post_type=product&#038;p=6138"},"modified":"2026-04-22T15:13:29","modified_gmt":"2026-04-22T13:13:29","slug":"vhms-comfort","status":"publish","type":"product","link":"https:\/\/www.soome.be\/en\/produits\/ceintures-abdominales-post-operatoires-homme\/vhms-comfort\/","title":{"rendered":"VHmS comfort"},"content":{"rendered":"<p><img fetchpriority=\"high\" decoding=\"async\" class=\"alignnone wp-image-38377 size-full\" src=\"https:\/\/www.abricot-compression.com\/wp-content\/uploads\/2022\/04\/image51.jpg\" alt=\"\" width=\"947\" height=\"751\" \/><\/p>\n<p>INDICATION: It is recommended after abdominoplasty, liposuction of the abdomen and hips<\/p>\n<p>CHARACTERISTICS :<\/p>\n<p>\u2981 V\u00eatement de compr\u00e9ssion pour homme recommand\u00e9 apr\u00e8s une abdominoplastie ou une liposuccion du ventre<\/p>\n<p>\u2981 Le v\u00eatement de compression est bord\u00e9 par un \u00e9lastique large sous la poitrine qui permet de le fixer au bon endroit<\/p>\n<p>\u2981 Fermeture \u00e9clair sur la partie avant<\/p>\n<p>\u2981 Ouverture hygi\u00e9nique dans l&rsquo;entrejambe pour votre confort quotidien, le sous-v\u00eatement se met sur la gaine<\/p>\n<p>CLOSURE: Front zipper with a row of staples for easy handling<\/p>\n<p>TISSU\u00a0: La gaine est cousue en tissu RIB, tr\u00e8s agr\u00e9able au toucher<\/p>\n<p>La mati\u00e8re a obtenu le certificat OEKO-TEX\u00ae, qui garantit l&rsquo;absence de substances nocives ou d\u00b4allerg\u00e8nes (le latex, etc.)<\/p>\n<p>Composition du mat\u00e9riel: 54% POLYAMIDE, 39% \u00c9LASTHANNE, 7% COTON<\/p>\n<p>MAINTENANCE :<\/p>\n<p>Gentle washing, maximum temperature 30\u00b0C.<\/p>\n<p>The product must not be bleached.<\/p>\n<p>The product must not be dried with a tumble dryer.<\/p>\n<p>The product must not be ironed.<\/p>\n<p>The product should not be chemically cleaned.<\/p>\n<p>COLOR: black and beige<\/p>","protected":false},"excerpt":{"rendered":"<p>INDICATION: It is recommended after abdominoplasty, liposuction of the abdomen and hips<\/p>\n<p>CHARACTERISTICS :<\/p>\n<p>\u2981 V\u00eatement de compr\u00e9ssion pour homme recommand\u00e9 apr\u00e8s une abdominoplastie ou une liposuccion du ventre<\/p>\n<p>\u2981 Le v\u00eatement de compression est bord\u00e9 par un \u00e9lastique large sous la poitrine qui permet de le fixer au bon endroit<\/p>\n<p>\u2981 Fermeture \u00e9clair sur la partie avant<\/p>\n<p>\u2981 Ouverture hygi\u00e9nique dans l&rsquo;entrejambe pour votre confort quotidien, le sous-v\u00eatement se met sur la gaine<\/p>","protected":false},"featured_media":6142,"comment_status":"open","ping_status":"open","template":"","meta":[],"product_brand":[],"product_cat":[74],"product_tag":[],"berocket_brand":[431],"class_list":{"0":"post-6138","1":"product","2":"type-product","3":"status-publish","4":"has-post-thumbnail","6":"product_cat-ceintures-abdominales-post-operatoires-homme","7":"pa_couleur-beige","8":"pa_couleur-noir","9":"pa_product_brand-lipoelastic","10":"pa_taille-3xl","11":"pa_taille-l","12":"pa_taille-m","13":"pa_taille-s","14":"pa_taille-xl","15":"pa_taille-xs","16":"pa_taille-xxl","17":"pa_xfgmc_adult-off-2","18":"pa_xfgmc_condition-default","19":"pa_xfgmc_identifier_exists-off","20":"berocket_brand-lipoelastic","22":"first","23":"instock","24":"taxable","25":"shipping-taxable","26":"purchasable","27":"product-type-variable"},"yoast_head":"<!-- This site is optimized with the Yoast SEO plugin v27.4 - https:\/\/yoast.com\/product\/yoast-seo-wordpress\/ -->\n<title>VHmS comfort (LIPO-VHmS00C00R) LIPOELASTIC<\/title>\n<meta name=\"description\" content=\"recommand\u00e9 apr\u00e8s une abdominoplastie, une liposuccion du ventre et des hanches\" \/>\n<meta name=\"robots\" content=\"index, follow, max-snippet:-1, max-image-preview:large, max-video-preview:-1\" \/>\n<link rel=\"canonical\" href=\"https:\/\/www.soome.be\/en\/products\/mens-post-op-abdominal-belts\/vhms-comfort\/\" \/>\n<meta property=\"og:locale\" content=\"en_GB\" \/>\n<meta property=\"og:type\" content=\"article\" \/>\n<meta property=\"og:title\" content=\"VHmS comfort (LIPO-VHmS00C00R) LIPOELASTIC\" \/>\n<meta property=\"og:description\" content=\"recommand\u00e9 apr\u00e8s une abdominoplastie, une liposuccion du ventre et des hanches\" \/>\n<meta property=\"og:url\" content=\"https:\/\/www.soome.be\/en\/products\/mens-post-op-abdominal-belts\/vhms-comfort\/\" \/>\n<meta property=\"og:site_name\" content=\"SooMe\" \/>\n<meta property=\"article:modified_time\" content=\"2026-04-22T13:13:29+00:00\" \/>\n<meta property=\"og:image\" content=\"https:\/\/www.soome.be\/wp-content\/uploads\/2023\/06\/products-image52.jpg\" \/>\n\t<meta property=\"og:image:width\" content=\"966\" \/>\n\t<meta property=\"og:image:height\" content=\"930\" \/>\n\t<meta property=\"og:image:type\" content=\"image\/jpeg\" \/>\n<meta name=\"twitter:card\" content=\"summary_large_image\" \/>\n<meta name=\"twitter:label1\" content=\"Estimated reading time\" \/>\n\t<meta name=\"twitter:data1\" content=\"1 minute\" \/>\n<script type=\"application\/ld+json\" class=\"yoast-schema-graph\">{\"@context\":\"https:\\\/\\\/schema.org\",\"@graph\":[{\"@type\":\"WebPage\",\"@id\":\"https:\\\/\\\/www.soome.be\\\/produits\\\/ceintures-abdominales-post-operatoires-homme\\\/vhms-comfort\\\/\",\"url\":\"https:\\\/\\\/www.soome.be\\\/produits\\\/ceintures-abdominales-post-operatoires-homme\\\/vhms-comfort\\\/\",\"name\":\"VHmS comfort (LIPO-VHmS00C00R) LIPOELASTIC\",\"isPartOf\":{\"@id\":\"https:\\\/\\\/www.soome.be\\\/#website\"},\"primaryImageOfPage\":{\"@id\":\"https:\\\/\\\/www.soome.be\\\/produits\\\/ceintures-abdominales-post-operatoires-homme\\\/vhms-comfort\\\/#primaryimage\"},\"image\":{\"@id\":\"https:\\\/\\\/www.soome.be\\\/produits\\\/ceintures-abdominales-post-operatoires-homme\\\/vhms-comfort\\\/#primaryimage\"},\"thumbnailUrl\":\"https:\\\/\\\/www.soome.be\\\/wp-content\\\/uploads\\\/2023\\\/06\\\/products-image52.jpg\",\"datePublished\":\"2023-06-01T16:42:07+00:00\",\"dateModified\":\"2026-04-22T13:13:29+00:00\",\"description\":\"recommand\u00e9 apr\u00e8s une abdominoplastie, une liposuccion du ventre et des hanches\",\"breadcrumb\":{\"@id\":\"https:\\\/\\\/www.soome.be\\\/produits\\\/ceintures-abdominales-post-operatoires-homme\\\/vhms-comfort\\\/#breadcrumb\"},\"inLanguage\":\"en-GB\",\"potentialAction\":[{\"@type\":\"ReadAction\",\"target\":[\"https:\\\/\\\/www.soome.be\\\/produits\\\/ceintures-abdominales-post-operatoires-homme\\\/vhms-comfort\\\/\"]}]},{\"@type\":\"ImageObject\",\"inLanguage\":\"en-GB\",\"@id\":\"https:\\\/\\\/www.soome.be\\\/produits\\\/ceintures-abdominales-post-operatoires-homme\\\/vhms-comfort\\\/#primaryimage\",\"url\":\"https:\\\/\\\/www.soome.be\\\/wp-content\\\/uploads\\\/2023\\\/06\\\/products-image52.jpg\",\"contentUrl\":\"https:\\\/\\\/www.soome.be\\\/wp-content\\\/uploads\\\/2023\\\/06\\\/products-image52.jpg\",\"width\":966,\"height\":930,\"caption\":\"VHmS comfort LIPOELASTIC\"},{\"@type\":\"BreadcrumbList\",\"@id\":\"https:\\\/\\\/www.soome.be\\\/produits\\\/ceintures-abdominales-post-operatoires-homme\\\/vhms-comfort\\\/#breadcrumb\",\"itemListElement\":[{\"@type\":\"ListItem\",\"position\":1,\"name\":\"Accueil\",\"item\":\"https:\\\/\\\/www.soome.be\\\/\"},{\"@type\":\"ListItem\",\"position\":2,\"name\":\"PRODUITS\",\"item\":\"https:\\\/\\\/www.soome.be\\\/produits\\\/\"},{\"@type\":\"ListItem\",\"position\":3,\"name\":\"VHmS comfort\"}]},{\"@type\":\"WebSite\",\"@id\":\"https:\\\/\\\/www.soome.be\\\/#website\",\"url\":\"https:\\\/\\\/www.soome.be\\\/\",\"name\":\"SooMe\",\"description\":\"\",\"potentialAction\":[{\"@type\":\"SearchAction\",\"target\":{\"@type\":\"EntryPoint\",\"urlTemplate\":\"https:\\\/\\\/www.soome.be\\\/?s={search_term_string}\"},\"query-input\":{\"@type\":\"PropertyValueSpecification\",\"valueRequired\":true,\"valueName\":\"search_term_string\"}}],\"inLanguage\":\"en-GB\"}]}<\/script>\n<!-- \/ Yoast SEO plugin. -->","yoast_head_json":{"title":"VHmS comfort (LIPO-VHmS00C00R) LIPOELASTIC","description":"recommended after abdominoplasty, tummy tuck and hip liposuction","robots":{"index":"index","follow":"follow","max-snippet":"max-snippet:-1","max-image-preview":"max-image-preview:large","max-video-preview":"max-video-preview:-1"},"canonical":"https:\/\/www.soome.be\/en\/products\/mens-post-op-abdominal-belts\/vhms-comfort\/","og_locale":"en_GB","og_type":"article","og_title":"VHmS comfort (LIPO-VHmS00C00R) LIPOELASTIC","og_description":"recommand\u00e9 apr\u00e8s une abdominoplastie, une liposuccion du ventre et des hanches","og_url":"https:\/\/www.soome.be\/en\/products\/mens-post-op-abdominal-belts\/vhms-comfort\/","og_site_name":"SooMe","article_modified_time":"2026-04-22T13:13:29+00:00","og_image":[{"width":966,"height":930,"url":"https:\/\/www.soome.be\/wp-content\/uploads\/2023\/06\/products-image52.jpg","type":"image\/jpeg"}],"twitter_card":"summary_large_image","twitter_misc":{"Estimated reading time":"1 minute"},"schema":{"@context":"https:\/\/schema.org","@graph":[{"@type":"WebPage","@id":"https:\/\/www.soome.be\/produits\/ceintures-abdominales-post-operatoires-homme\/vhms-comfort\/","url":"https:\/\/www.soome.be\/produits\/ceintures-abdominales-post-operatoires-homme\/vhms-comfort\/","name":"VHmS comfort (LIPO-VHmS00C00R) LIPOELASTIC","isPartOf":{"@id":"https:\/\/www.soome.be\/#website"},"primaryImageOfPage":{"@id":"https:\/\/www.soome.be\/produits\/ceintures-abdominales-post-operatoires-homme\/vhms-comfort\/#primaryimage"},"image":{"@id":"https:\/\/www.soome.be\/produits\/ceintures-abdominales-post-operatoires-homme\/vhms-comfort\/#primaryimage"},"thumbnailUrl":"https:\/\/www.soome.be\/wp-content\/uploads\/2023\/06\/products-image52.jpg","datePublished":"2023-06-01T16:42:07+00:00","dateModified":"2026-04-22T13:13:29+00:00","description":"recommended after abdominoplasty, tummy tuck and hip liposuction","breadcrumb":{"@id":"https:\/\/www.soome.be\/produits\/ceintures-abdominales-post-operatoires-homme\/vhms-comfort\/#breadcrumb"},"inLanguage":"en-GB","potentialAction":[{"@type":"ReadAction","target":["https:\/\/www.soome.be\/produits\/ceintures-abdominales-post-operatoires-homme\/vhms-comfort\/"]}]},{"@type":"ImageObject","inLanguage":"en-GB","@id":"https:\/\/www.soome.be\/produits\/ceintures-abdominales-post-operatoires-homme\/vhms-comfort\/#primaryimage","url":"https:\/\/www.soome.be\/wp-content\/uploads\/2023\/06\/products-image52.jpg","contentUrl":"https:\/\/www.soome.be\/wp-content\/uploads\/2023\/06\/products-image52.jpg","width":966,"height":930,"caption":"VHmS comfort LIPOELASTIC"},{"@type":"BreadcrumbList","@id":"https:\/\/www.soome.be\/produits\/ceintures-abdominales-post-operatoires-homme\/vhms-comfort\/#breadcrumb","itemListElement":[{"@type":"ListItem","position":1,"name":"Accueil","item":"https:\/\/www.soome.be\/"},{"@type":"ListItem","position":2,"name":"PRODUITS","item":"https:\/\/www.soome.be\/produits\/"},{"@type":"ListItem","position":3,"name":"VHmS comfort"}]},{"@type":"WebSite","@id":"https:\/\/www.soome.be\/#website","url":"https:\/\/www.soome.be\/","name":"SooMe","description":"","potentialAction":[{"@type":"SearchAction","target":{"@type":"EntryPoint","urlTemplate":"https:\/\/www.soome.be\/?s={search_term_string}"},"query-input":{"@type":"PropertyValueSpecification","valueRequired":true,"valueName":"search_term_string"}}],"inLanguage":"en-GB"}]}},"_links":{"self":[{"href":"https:\/\/www.soome.be\/en\/wp-json\/wp\/v2\/product\/6138","targetHints":{"allow":["GET"]}}],"collection":[{"href":"https:\/\/www.soome.be\/en\/wp-json\/wp\/v2\/product"}],"about":[{"href":"https:\/\/www.soome.be\/en\/wp-json\/wp\/v2\/types\/product"}],"replies":[{"embeddable":true,"href":"https:\/\/www.soome.be\/en\/wp-json\/wp\/v2\/comments?post=6138"}],"wp:featuredmedia":[{"embeddable":true,"href":"https:\/\/www.soome.be\/en\/wp-json\/wp\/v2\/media\/6142"}],"wp:attachment":[{"href":"https:\/\/www.soome.be\/en\/wp-json\/wp\/v2\/media?parent=6138"}],"wp:term":[{"taxonomy":"product_brand","embeddable":true,"href":"https:\/\/www.soome.be\/en\/wp-json\/wp\/v2\/product_brand?post=6138"},{"taxonomy":"product_cat","embeddable":true,"href":"https:\/\/www.soome.be\/en\/wp-json\/wp\/v2\/product_cat?post=6138"},{"taxonomy":"product_tag","embeddable":true,"href":"https:\/\/www.soome.be\/en\/wp-json\/wp\/v2\/product_tag?post=6138"},{"taxonomy":"berocket_brand","embeddable":true,"href":"https:\/\/www.soome.be\/en\/wp-json\/wp\/v2\/berocket_brand?post=6138"}],"curies":[{"name":"wp","href":"https:\/\/api.w.org\/{rel}","templated":true}]}}