{"id":6173,"date":"2023-06-01T18:42:32","date_gmt":"2023-06-01T16:42:32","guid":{"rendered":"https:\/\/www.soome.be\/?post_type=product&#038;p=6173"},"modified":"2026-04-22T15:13:34","modified_gmt":"2026-04-22T13:13:34","slug":"vf-comfort","status":"publish","type":"product","link":"https:\/\/www.soome.be\/en\/produits\/lipo-panty-de-contention\/lipo-panty-contention-standard\/vf-comfort\/","title":{"rendered":"VF Comfort"},"content":{"rendered":"<p><img fetchpriority=\"high\" decoding=\"async\" class=\"alignnone wp-image-38385 size-full\" src=\"https:\/\/www.abricot-compression.com\/wp-content\/uploads\/2022\/04\/image59.jpg\" alt=\"\" width=\"942\" height=\"665\" \/><\/p>\n<p>INDICATION: It is recommended in the first phase of convalescence after abdominoplasty or liposuction of the stomach<\/p>\n<p>CHARACTERISTICS :<\/p>\n<p>\u2981 Gaine-culotte id\u00e9ale apr\u00e8s une abdominoplastie ou liposuccion du ventre<\/p>\n<p>\u2981 Le v\u00eatement de compression a une fine bordure de finition sous la poitrine o\u00f9 on peut attacher les bretelles amovibles et r\u00e9glables<\/p>\n<p>\u2981 Les bretelles amovibles peuvent \u00eatre attach\u00e9es entre les seins ou sur le c\u00f4t\u00e9 de la gaine<\/p>\n<p>\u2981 Les bretelles amovibles servent \u00e0 fixer la gaine au bon endroit et permettent d\u00b4\u00e9viter \u00e0 ce que le produit glisse<\/p>\n<p>\u2981 La partie du ventre est renforc\u00e9e, non seulement par le tissu doubl\u00e9 mais aussi gr\u00e2ce \u00e0 un rembourrage sp\u00e9cial par un support de maintien en mousse pour augmenter la compression<\/p>\n<p>\u2981 Une fermeture \u00e9clair sur les deux c\u00f4t\u00e9s permet d&rsquo;\u00e9viter l&rsquo;irritation de la peau dans la zone op\u00e9r\u00e9e<\/p>\n<p>FERMETURE\u00a0: Fermeture \u00e9clair sur les deux c\u00f4t\u00e9s compl\u00e9t\u00e9e par une rang\u00e9e d&rsquo;agrafes pour une manipulation facile<\/p>\n<p>Ouverture hygi\u00e9nique dans l&rsquo;entrejambe avec 3 rang\u00e9es d&rsquo;agrafes pour votre confort quotidien<\/p>\n<p>TISSU\u00a0: Le tissu CLASSIC est fabriqu\u00e9 exclusivement pour le v\u00eatement compressif LIPOELASTIC\u00ae<\/p>\n<p>La mati\u00e8re a obtenue le certificat OEKO-TEX\u00ae, qui garantit l&rsquo;absence de substances nocives ou d\u00b4allerg\u00e8nes (le latex, etc.)<\/p>\n<p>Composition du mat\u00e9riel: 72% POLYAMIDE, 22% \u00c9LASTHANNE, 3% COTON, 3% POLYUR\u00c9THANE<\/p>\n<p>MAINTENANCE :<\/p>\n<p>Gentle washing, maximum temperature 30\u00b0C.<\/p>\n<p>The product must not be bleached.<\/p>\n<p>The product must not be dried with a tumble dryer.<\/p>\n<p>The product must not be ironed.<\/p>\n<p>The product should not be chemically cleaned.<\/p>\n<p>COLOR: black and beige<\/p>","protected":false},"excerpt":{"rendered":"<p>INDICATION: It is recommended in the first phase of convalescence after abdominoplasty or liposuction of the stomach<\/p>\n<p>CHARACTERISTICS :<\/p>\n<p>\u2981 Gaine-culotte id\u00e9ale apr\u00e8s une abdominoplastie ou liposuccion du ventre<\/p>\n<p>\u2981 Le v\u00eatement de compression a une fine bordure de finition sous la poitrine o\u00f9 on peut attacher les bretelles amovibles et r\u00e9glables<\/p>\n<p>\u2981 Les bretelles amovibles peuvent \u00eatre attach\u00e9es entre les seins ou sur le c\u00f4t\u00e9 de la gaine<\/p>\n<p>\u2981 Les bretelles amovibles servent \u00e0 fixer la gaine au bon endroit et permettent d\u00b4\u00e9viter \u00e0 ce que le produit glisse<\/p>\n<p>\u2981 La partie du ventre est renforc\u00e9e, non seulement par le tissu doubl\u00e9 mais aussi gr\u00e2ce \u00e0 un rembourrage sp\u00e9cial par un support de maintien en mousse pour augmenter la compression<\/p>\n<p>\u2981 Une fermeture \u00e9clair sur les deux c\u00f4t\u00e9s permet d&rsquo;\u00e9viter l&rsquo;irritation de la peau dans la zone op\u00e9r\u00e9e<\/p>","protected":false},"featured_media":6175,"comment_status":"open","ping_status":"open","template":"","meta":[],"product_brand":[],"product_cat":[73,71],"product_tag":[],"berocket_brand":[431],"class_list":{"0":"post-6173","1":"product","2":"type-product","3":"status-publish","4":"has-post-thumbnail","6":"product_cat-lipo-panty-contention-standard","7":"product_cat-lipo-panty-de-contention","8":"pa_couleur-beige","9":"pa_couleur-noir","10":"pa_product_brand-lipoelastic","11":"pa_taille-3xl","12":"pa_taille-l","13":"pa_taille-m","14":"pa_taille-s","15":"pa_taille-xl","16":"pa_taille-xs","17":"pa_taille-xxl","18":"pa_xfgmc_adult-off-2","19":"pa_xfgmc_condition-default","20":"pa_xfgmc_identifier_exists-off","21":"berocket_brand-lipoelastic","23":"first","24":"instock","25":"taxable","26":"shipping-taxable","27":"purchasable","28":"product-type-variable"},"yoast_head":"<!-- This site is optimized with the Yoast SEO plugin v27.4 - https:\/\/yoast.com\/product\/yoast-seo-wordpress\/ -->\n<title>VF Comfort (lipo-VF00C00C) LIPOELASTIC<\/title>\n<meta name=\"description\" content=\"recommand\u00e9 dans la premi\u00e8re phase de convalescence apr\u00e8s une abdominoplastie ou une liposuccion du ventre\" \/>\n<meta name=\"robots\" content=\"index, follow, max-snippet:-1, max-image-preview:large, max-video-preview:-1\" \/>\n<link rel=\"canonical\" href=\"https:\/\/www.soome.be\/en\/products\/lipofilling-compression-lipo-panty-2\/standard-compression-lipo-panty\/vf-comfort\/\" \/>\n<meta property=\"og:locale\" content=\"en_GB\" \/>\n<meta property=\"og:type\" content=\"article\" \/>\n<meta property=\"og:title\" content=\"VF Comfort (lipo-VF00C00C) LIPOELASTIC\" \/>\n<meta property=\"og:description\" content=\"recommand\u00e9 dans la premi\u00e8re phase de convalescence apr\u00e8s une abdominoplastie ou une liposuccion du ventre\" \/>\n<meta property=\"og:url\" content=\"https:\/\/www.soome.be\/en\/products\/lipofilling-compression-lipo-panty-2\/standard-compression-lipo-panty\/vf-comfort\/\" \/>\n<meta property=\"og:site_name\" content=\"SooMe\" \/>\n<meta property=\"article:modified_time\" content=\"2026-04-22T13:13:34+00:00\" \/>\n<meta property=\"og:image\" content=\"https:\/\/www.soome.be\/wp-content\/uploads\/2023\/06\/products-image60.jpg\" \/>\n\t<meta property=\"og:image:width\" content=\"784\" \/>\n\t<meta property=\"og:image:height\" content=\"955\" \/>\n\t<meta property=\"og:image:type\" content=\"image\/jpeg\" \/>\n<meta name=\"twitter:card\" content=\"summary_large_image\" \/>\n<meta name=\"twitter:label1\" content=\"Estimated reading time\" \/>\n\t<meta name=\"twitter:data1\" content=\"1 minute\" \/>\n<script type=\"application\/ld+json\" class=\"yoast-schema-graph\">{\"@context\":\"https:\\\/\\\/schema.org\",\"@graph\":[{\"@type\":\"WebPage\",\"@id\":\"https:\\\/\\\/www.soome.be\\\/produits\\\/lipo-panty-de-contention\\\/lipo-panty-contention-standard\\\/vf-comfort\\\/\",\"url\":\"https:\\\/\\\/www.soome.be\\\/produits\\\/lipo-panty-de-contention\\\/lipo-panty-contention-standard\\\/vf-comfort\\\/\",\"name\":\"VF Comfort (lipo-VF00C00C) LIPOELASTIC\",\"isPartOf\":{\"@id\":\"https:\\\/\\\/www.soome.be\\\/#website\"},\"primaryImageOfPage\":{\"@id\":\"https:\\\/\\\/www.soome.be\\\/produits\\\/lipo-panty-de-contention\\\/lipo-panty-contention-standard\\\/vf-comfort\\\/#primaryimage\"},\"image\":{\"@id\":\"https:\\\/\\\/www.soome.be\\\/produits\\\/lipo-panty-de-contention\\\/lipo-panty-contention-standard\\\/vf-comfort\\\/#primaryimage\"},\"thumbnailUrl\":\"https:\\\/\\\/www.soome.be\\\/wp-content\\\/uploads\\\/2023\\\/06\\\/products-image60.jpg\",\"datePublished\":\"2023-06-01T16:42:32+00:00\",\"dateModified\":\"2026-04-22T13:13:34+00:00\",\"description\":\"recommand\u00e9 dans la premi\u00e8re phase de convalescence apr\u00e8s une abdominoplastie ou une liposuccion du ventre\",\"breadcrumb\":{\"@id\":\"https:\\\/\\\/www.soome.be\\\/produits\\\/lipo-panty-de-contention\\\/lipo-panty-contention-standard\\\/vf-comfort\\\/#breadcrumb\"},\"inLanguage\":\"en-GB\",\"potentialAction\":[{\"@type\":\"ReadAction\",\"target\":[\"https:\\\/\\\/www.soome.be\\\/produits\\\/lipo-panty-de-contention\\\/lipo-panty-contention-standard\\\/vf-comfort\\\/\"]}]},{\"@type\":\"ImageObject\",\"inLanguage\":\"en-GB\",\"@id\":\"https:\\\/\\\/www.soome.be\\\/produits\\\/lipo-panty-de-contention\\\/lipo-panty-contention-standard\\\/vf-comfort\\\/#primaryimage\",\"url\":\"https:\\\/\\\/www.soome.be\\\/wp-content\\\/uploads\\\/2023\\\/06\\\/products-image60.jpg\",\"contentUrl\":\"https:\\\/\\\/www.soome.be\\\/wp-content\\\/uploads\\\/2023\\\/06\\\/products-image60.jpg\",\"width\":784,\"height\":955,\"caption\":\"VF Comfort LIPOELASTIC\"},{\"@type\":\"BreadcrumbList\",\"@id\":\"https:\\\/\\\/www.soome.be\\\/produits\\\/lipo-panty-de-contention\\\/lipo-panty-contention-standard\\\/vf-comfort\\\/#breadcrumb\",\"itemListElement\":[{\"@type\":\"ListItem\",\"position\":1,\"name\":\"Accueil\",\"item\":\"https:\\\/\\\/www.soome.be\\\/\"},{\"@type\":\"ListItem\",\"position\":2,\"name\":\"PRODUITS\",\"item\":\"https:\\\/\\\/www.soome.be\\\/produits\\\/\"},{\"@type\":\"ListItem\",\"position\":3,\"name\":\"VF Comfort\"}]},{\"@type\":\"WebSite\",\"@id\":\"https:\\\/\\\/www.soome.be\\\/#website\",\"url\":\"https:\\\/\\\/www.soome.be\\\/\",\"name\":\"SooMe\",\"description\":\"\",\"potentialAction\":[{\"@type\":\"SearchAction\",\"target\":{\"@type\":\"EntryPoint\",\"urlTemplate\":\"https:\\\/\\\/www.soome.be\\\/?s={search_term_string}\"},\"query-input\":{\"@type\":\"PropertyValueSpecification\",\"valueRequired\":true,\"valueName\":\"search_term_string\"}}],\"inLanguage\":\"en-GB\"}]}<\/script>\n<!-- \/ Yoast SEO plugin. -->","yoast_head_json":{"title":"VF Comfort (lipo-VF00C00C) LIPOELASTIC","description":"recommended in the initial convalescence phase after abdominoplasty or liposuction of the abdomen","robots":{"index":"index","follow":"follow","max-snippet":"max-snippet:-1","max-image-preview":"max-image-preview:large","max-video-preview":"max-video-preview:-1"},"canonical":"https:\/\/www.soome.be\/en\/products\/lipofilling-compression-lipo-panty-2\/standard-compression-lipo-panty\/vf-comfort\/","og_locale":"en_GB","og_type":"article","og_title":"VF Comfort (lipo-VF00C00C) LIPOELASTIC","og_description":"recommand\u00e9 dans la premi\u00e8re phase de convalescence apr\u00e8s une abdominoplastie ou une liposuccion du ventre","og_url":"https:\/\/www.soome.be\/en\/products\/lipofilling-compression-lipo-panty-2\/standard-compression-lipo-panty\/vf-comfort\/","og_site_name":"SooMe","article_modified_time":"2026-04-22T13:13:34+00:00","og_image":[{"width":784,"height":955,"url":"https:\/\/www.soome.be\/wp-content\/uploads\/2023\/06\/products-image60.jpg","type":"image\/jpeg"}],"twitter_card":"summary_large_image","twitter_misc":{"Estimated reading time":"1 minute"},"schema":{"@context":"https:\/\/schema.org","@graph":[{"@type":"WebPage","@id":"https:\/\/www.soome.be\/produits\/lipo-panty-de-contention\/lipo-panty-contention-standard\/vf-comfort\/","url":"https:\/\/www.soome.be\/produits\/lipo-panty-de-contention\/lipo-panty-contention-standard\/vf-comfort\/","name":"VF Comfort (lipo-VF00C00C) LIPOELASTIC","isPartOf":{"@id":"https:\/\/www.soome.be\/#website"},"primaryImageOfPage":{"@id":"https:\/\/www.soome.be\/produits\/lipo-panty-de-contention\/lipo-panty-contention-standard\/vf-comfort\/#primaryimage"},"image":{"@id":"https:\/\/www.soome.be\/produits\/lipo-panty-de-contention\/lipo-panty-contention-standard\/vf-comfort\/#primaryimage"},"thumbnailUrl":"https:\/\/www.soome.be\/wp-content\/uploads\/2023\/06\/products-image60.jpg","datePublished":"2023-06-01T16:42:32+00:00","dateModified":"2026-04-22T13:13:34+00:00","description":"recommended in the initial convalescence phase after abdominoplasty or liposuction of the abdomen","breadcrumb":{"@id":"https:\/\/www.soome.be\/produits\/lipo-panty-de-contention\/lipo-panty-contention-standard\/vf-comfort\/#breadcrumb"},"inLanguage":"en-GB","potentialAction":[{"@type":"ReadAction","target":["https:\/\/www.soome.be\/produits\/lipo-panty-de-contention\/lipo-panty-contention-standard\/vf-comfort\/"]}]},{"@type":"ImageObject","inLanguage":"en-GB","@id":"https:\/\/www.soome.be\/produits\/lipo-panty-de-contention\/lipo-panty-contention-standard\/vf-comfort\/#primaryimage","url":"https:\/\/www.soome.be\/wp-content\/uploads\/2023\/06\/products-image60.jpg","contentUrl":"https:\/\/www.soome.be\/wp-content\/uploads\/2023\/06\/products-image60.jpg","width":784,"height":955,"caption":"VF Comfort LIPOELASTIC"},{"@type":"BreadcrumbList","@id":"https:\/\/www.soome.be\/produits\/lipo-panty-de-contention\/lipo-panty-contention-standard\/vf-comfort\/#breadcrumb","itemListElement":[{"@type":"ListItem","position":1,"name":"Accueil","item":"https:\/\/www.soome.be\/"},{"@type":"ListItem","position":2,"name":"PRODUITS","item":"https:\/\/www.soome.be\/produits\/"},{"@type":"ListItem","position":3,"name":"VF Comfort"}]},{"@type":"WebSite","@id":"https:\/\/www.soome.be\/#website","url":"https:\/\/www.soome.be\/","name":"SooMe","description":"","potentialAction":[{"@type":"SearchAction","target":{"@type":"EntryPoint","urlTemplate":"https:\/\/www.soome.be\/?s={search_term_string}"},"query-input":{"@type":"PropertyValueSpecification","valueRequired":true,"valueName":"search_term_string"}}],"inLanguage":"en-GB"}]}},"_links":{"self":[{"href":"https:\/\/www.soome.be\/en\/wp-json\/wp\/v2\/product\/6173","targetHints":{"allow":["GET"]}}],"collection":[{"href":"https:\/\/www.soome.be\/en\/wp-json\/wp\/v2\/product"}],"about":[{"href":"https:\/\/www.soome.be\/en\/wp-json\/wp\/v2\/types\/product"}],"replies":[{"embeddable":true,"href":"https:\/\/www.soome.be\/en\/wp-json\/wp\/v2\/comments?post=6173"}],"wp:featuredmedia":[{"embeddable":true,"href":"https:\/\/www.soome.be\/en\/wp-json\/wp\/v2\/media\/6175"}],"wp:attachment":[{"href":"https:\/\/www.soome.be\/en\/wp-json\/wp\/v2\/media?parent=6173"}],"wp:term":[{"taxonomy":"product_brand","embeddable":true,"href":"https:\/\/www.soome.be\/en\/wp-json\/wp\/v2\/product_brand?post=6173"},{"taxonomy":"product_cat","embeddable":true,"href":"https:\/\/www.soome.be\/en\/wp-json\/wp\/v2\/product_cat?post=6173"},{"taxonomy":"product_tag","embeddable":true,"href":"https:\/\/www.soome.be\/en\/wp-json\/wp\/v2\/product_tag?post=6173"},{"taxonomy":"berocket_brand","embeddable":true,"href":"https:\/\/www.soome.be\/en\/wp-json\/wp\/v2\/berocket_brand?post=6173"}],"curies":[{"name":"wp","href":"https:\/\/api.w.org\/{rel}","templated":true}]}}