{"id":6227,"date":"2023-06-01T18:43:14","date_gmt":"2023-06-01T16:43:14","guid":{"rendered":"https:\/\/www.soome.be\/?post_type=product&#038;p=6227"},"modified":"2026-04-22T15:13:43","modified_gmt":"2026-04-22T13:13:43","slug":"tf-variant","status":"publish","type":"product","link":"https:\/\/www.soome.be\/en\/produits\/lipo-panty-de-contention\/lipo-panty-contention-standard\/tf-variant\/","title":{"rendered":"TF variantLipoelastic"},"content":{"rendered":"<p><img fetchpriority=\"high\" decoding=\"async\" class=\"alignnone wp-image-38393 size-full\" src=\"https:\/\/www.abricot-compression.com\/wp-content\/uploads\/2022\/04\/image67.jpg\" alt=\"\" width=\"751\" height=\"564\" \/><\/p>\n<p>INDICATION: It is recommended in the first phase of convalescence after liposuction of the lower abdomen, buttocks, hips, horse panties, thighs, knees and calves<\/p>\n<p>CHARACTERISTICS :<\/p>\n<p>\u2981 La gaine de compression avec panty id\u00e9ale apr\u00e8s une liposuccion des fesses, des hanches, des cuisses<\/p>\n<p>\u2981 Le v\u00eatement de compression a une fine bordure de finition au niveau de la taille<\/p>\n<p>\u2981 Tissu doubl\u00e9 au niveau du ventre et de la partie ext\u00e9rieure des cuisses pour augmenter la compression<\/p>\n<p>\u2981 La finition avec fine bordure en dentelle au dessus du genou permet de ne pas serrer ou rouler<\/p>\n<p>\u2981 Fermeture avec 3 rang\u00e9es d&rsquo;agrafes sur la partie avant<\/p>\n<p>\u2981 Ouverture hygi\u00e9nique pour votre confort quotidien, le sous-v\u00eatement se met sur la gaine<\/p>\n<p>FERMETURE\u00a0: Fermeture avec 3 rang\u00e9es d&rsquo;agrafes sur la partie avant au niveau du ventre<\/p>\n<p>Multiple positionnement pour ajuster la compression selon vos besoins<\/p>\n<p>TISSU\u00a0: Le tissu CLASSIC est fabriqu\u00e9 exclusivement pour le v\u00eatement compressif LIPOELASTIC\u00ae<\/p>\n<p>La mati\u00e8re a obtenue le certificat OEKO-TEX\u00ae, qui garantit l&rsquo;absence de substances nocives ou d\u00b4allerg\u00e8nes (le latex, etc.)<\/p>\n<p>Composition du mat\u00e9riel: 72% POLYAMIDE, 28% \u00c9LASTHANNE<\/p>\n<p>MAINTENANCE :<\/p>\n<p>Gentle washing, maximum temperature 30\u00b0C.<\/p>\n<p>The product must not be bleached.<\/p>\n<p>The product must not be dried with a tumble dryer.<\/p>\n<p>The product must not be ironed.<\/p>\n<p>The product should not be chemically cleaned.<\/p>\n<p>COLOR: black and beige<\/p>","protected":false},"excerpt":{"rendered":"<p>INDICATION: It is recommended in the first phase of convalescence after liposuction of the lower abdomen, buttocks, hips, horse panties, thighs, knees and calves<\/p>\n<p>CHARACTERISTICS :<\/p>\n<p>\u2981 La gaine de compression avec panty id\u00e9ale apr\u00e8s une liposuccion des fesses, des hanches, des cuisses<\/p>\n<p>\u2981 Le v\u00eatement de compression a une fine bordure de finition au niveau de la taille<\/p>\n<p>\u2981 Tissu doubl\u00e9 au niveau du ventre et de la partie ext\u00e9rieure des cuisses pour augmenter la compression<\/p>\n<p>\u2981 La finition avec fine bordure en dentelle au dessus du genou permet de ne pas serrer ou rouler<\/p>\n<p>\u2981 Fermeture avec 3 rang\u00e9es d&rsquo;agrafes sur la partie avant<\/p>\n<p>\u2981 Ouverture hygi\u00e9nique pour votre confort quotidien, le sous-v\u00eatement se met sur la gaine<\/p>","protected":false},"featured_media":6244,"comment_status":"open","ping_status":"open","template":"","meta":[],"product_brand":[],"product_cat":[73,71],"product_tag":[],"berocket_brand":[431],"class_list":{"0":"post-6227","1":"product","2":"type-product","3":"status-publish","4":"has-post-thumbnail","6":"product_cat-lipo-panty-contention-standard","7":"product_cat-lipo-panty-de-contention","8":"pa_couleur-beige","9":"pa_couleur-noir","10":"pa_product_brand-lipoelastic","11":"pa_taille-3xl","12":"pa_taille-l","13":"pa_taille-m","14":"pa_taille-s","15":"pa_taille-xl","16":"pa_taille-xs","17":"pa_taille-xxl","18":"pa_xfgmc_adult-off-2","19":"pa_xfgmc_condition-default","20":"pa_xfgmc_identifier_exists-off","21":"berocket_brand-lipoelastic","23":"first","24":"instock","25":"taxable","26":"shipping-taxable","27":"purchasable","28":"product-type-variable"},"yoast_head":"<!-- This site is optimized with the Yoast SEO plugin v27.4 - https:\/\/yoast.com\/product\/yoast-seo-wordpress\/ -->\n<title>TF variant (lipo-TFOOVOOC) LIPOELASTIC<\/title>\n<meta name=\"description\" content=\"Il est recommand\u00e9 dans la premi\u00e8re phase de convalescence apr\u00e8s une liposuccion du bas du ventre, des fesses, des hanches, de la culotte de cheval, des cuisses\" \/>\n<meta name=\"robots\" content=\"index, follow, max-snippet:-1, max-image-preview:large, max-video-preview:-1\" \/>\n<link rel=\"canonical\" href=\"https:\/\/www.soome.be\/en\/products\/lipofilling-compression-lipo-panty-2\/standard-compression-lipo-panty\/tf-variant\/\" \/>\n<meta property=\"og:locale\" content=\"en_GB\" \/>\n<meta property=\"og:type\" content=\"article\" \/>\n<meta property=\"og:title\" content=\"TF variant (lipo-TFOOVOOC) LIPOELASTIC\" \/>\n<meta property=\"og:description\" content=\"Il est recommand\u00e9 dans la premi\u00e8re phase de convalescence apr\u00e8s une liposuccion du bas du ventre, des fesses, des hanches, de la culotte de cheval, des cuisses\" \/>\n<meta property=\"og:url\" content=\"https:\/\/www.soome.be\/en\/products\/lipofilling-compression-lipo-panty-2\/standard-compression-lipo-panty\/tf-variant\/\" \/>\n<meta property=\"og:site_name\" content=\"SooMe\" \/>\n<meta property=\"article:modified_time\" content=\"2026-04-22T13:13:43+00:00\" \/>\n<meta property=\"og:image\" content=\"https:\/\/www.soome.be\/wp-content\/uploads\/2025\/12\/products-TF-variant_IMG_1922_amazon.jpg\" \/>\n\t<meta property=\"og:image:width\" content=\"1000\" \/>\n\t<meta property=\"og:image:height\" content=\"1000\" \/>\n\t<meta property=\"og:image:type\" content=\"image\/jpeg\" \/>\n<meta name=\"twitter:card\" content=\"summary_large_image\" \/>\n<meta name=\"twitter:label1\" content=\"Estimated reading time\" \/>\n\t<meta name=\"twitter:data1\" content=\"1 minute\" \/>\n<script type=\"application\/ld+json\" class=\"yoast-schema-graph\">{\"@context\":\"https:\\\/\\\/schema.org\",\"@graph\":[{\"@type\":\"WebPage\",\"@id\":\"https:\\\/\\\/www.soome.be\\\/produits\\\/lipo-panty-de-contention\\\/lipo-panty-contention-standard\\\/tf-variant\\\/\",\"url\":\"https:\\\/\\\/www.soome.be\\\/produits\\\/lipo-panty-de-contention\\\/lipo-panty-contention-standard\\\/tf-variant\\\/\",\"name\":\"TF variant (lipo-TFOOVOOC) LIPOELASTIC\",\"isPartOf\":{\"@id\":\"https:\\\/\\\/www.soome.be\\\/#website\"},\"primaryImageOfPage\":{\"@id\":\"https:\\\/\\\/www.soome.be\\\/produits\\\/lipo-panty-de-contention\\\/lipo-panty-contention-standard\\\/tf-variant\\\/#primaryimage\"},\"image\":{\"@id\":\"https:\\\/\\\/www.soome.be\\\/produits\\\/lipo-panty-de-contention\\\/lipo-panty-contention-standard\\\/tf-variant\\\/#primaryimage\"},\"thumbnailUrl\":\"https:\\\/\\\/www.soome.be\\\/wp-content\\\/uploads\\\/2025\\\/12\\\/products-TF-variant_IMG_1922_amazon.jpg\",\"datePublished\":\"2023-06-01T16:43:14+00:00\",\"dateModified\":\"2026-04-22T13:13:43+00:00\",\"description\":\"Il est recommand\u00e9 dans la premi\u00e8re phase de convalescence apr\u00e8s une liposuccion du bas du ventre, des fesses, des hanches, de la culotte de cheval, des cuisses\",\"breadcrumb\":{\"@id\":\"https:\\\/\\\/www.soome.be\\\/produits\\\/lipo-panty-de-contention\\\/lipo-panty-contention-standard\\\/tf-variant\\\/#breadcrumb\"},\"inLanguage\":\"en-GB\",\"potentialAction\":[{\"@type\":\"ReadAction\",\"target\":[\"https:\\\/\\\/www.soome.be\\\/produits\\\/lipo-panty-de-contention\\\/lipo-panty-contention-standard\\\/tf-variant\\\/\"]}]},{\"@type\":\"ImageObject\",\"inLanguage\":\"en-GB\",\"@id\":\"https:\\\/\\\/www.soome.be\\\/produits\\\/lipo-panty-de-contention\\\/lipo-panty-contention-standard\\\/tf-variant\\\/#primaryimage\",\"url\":\"https:\\\/\\\/www.soome.be\\\/wp-content\\\/uploads\\\/2025\\\/12\\\/products-TF-variant_IMG_1922_amazon.jpg\",\"contentUrl\":\"https:\\\/\\\/www.soome.be\\\/wp-content\\\/uploads\\\/2025\\\/12\\\/products-TF-variant_IMG_1922_amazon.jpg\",\"width\":1000,\"height\":1000,\"caption\":\"TF-variant_IMG_1922\"},{\"@type\":\"BreadcrumbList\",\"@id\":\"https:\\\/\\\/www.soome.be\\\/produits\\\/lipo-panty-de-contention\\\/lipo-panty-contention-standard\\\/tf-variant\\\/#breadcrumb\",\"itemListElement\":[{\"@type\":\"ListItem\",\"position\":1,\"name\":\"Accueil\",\"item\":\"https:\\\/\\\/www.soome.be\\\/\"},{\"@type\":\"ListItem\",\"position\":2,\"name\":\"PRODUITS\",\"item\":\"https:\\\/\\\/www.soome.be\\\/produits\\\/\"},{\"@type\":\"ListItem\",\"position\":3,\"name\":\"TF variantLipoelastic\"}]},{\"@type\":\"WebSite\",\"@id\":\"https:\\\/\\\/www.soome.be\\\/#website\",\"url\":\"https:\\\/\\\/www.soome.be\\\/\",\"name\":\"SooMe\",\"description\":\"\",\"potentialAction\":[{\"@type\":\"SearchAction\",\"target\":{\"@type\":\"EntryPoint\",\"urlTemplate\":\"https:\\\/\\\/www.soome.be\\\/?s={search_term_string}\"},\"query-input\":{\"@type\":\"PropertyValueSpecification\",\"valueRequired\":true,\"valueName\":\"search_term_string\"}}],\"inLanguage\":\"en-GB\"}]}<\/script>\n<!-- \/ Yoast SEO plugin. -->","yoast_head_json":{"title":"TF variant (lipo-TFOOVOOC) LIPOELASTIC","description":"It is recommended in the first phase of recovery after liposuction of the lower abdomen, buttocks, hips, saddlebags, thighs, etc.","robots":{"index":"index","follow":"follow","max-snippet":"max-snippet:-1","max-image-preview":"max-image-preview:large","max-video-preview":"max-video-preview:-1"},"canonical":"https:\/\/www.soome.be\/en\/products\/lipofilling-compression-lipo-panty-2\/standard-compression-lipo-panty\/tf-variant\/","og_locale":"en_GB","og_type":"article","og_title":"TF variant (lipo-TFOOVOOC) LIPOELASTIC","og_description":"Il est recommand\u00e9 dans la premi\u00e8re phase de convalescence apr\u00e8s une liposuccion du bas du ventre, des fesses, des hanches, de la culotte de cheval, des cuisses","og_url":"https:\/\/www.soome.be\/en\/products\/lipofilling-compression-lipo-panty-2\/standard-compression-lipo-panty\/tf-variant\/","og_site_name":"SooMe","article_modified_time":"2026-04-22T13:13:43+00:00","og_image":[{"width":1000,"height":1000,"url":"https:\/\/www.soome.be\/wp-content\/uploads\/2025\/12\/products-TF-variant_IMG_1922_amazon.jpg","type":"image\/jpeg"}],"twitter_card":"summary_large_image","twitter_misc":{"Estimated reading time":"1 minute"},"schema":{"@context":"https:\/\/schema.org","@graph":[{"@type":"WebPage","@id":"https:\/\/www.soome.be\/produits\/lipo-panty-de-contention\/lipo-panty-contention-standard\/tf-variant\/","url":"https:\/\/www.soome.be\/produits\/lipo-panty-de-contention\/lipo-panty-contention-standard\/tf-variant\/","name":"TF variant (lipo-TFOOVOOC) LIPOELASTIC","isPartOf":{"@id":"https:\/\/www.soome.be\/#website"},"primaryImageOfPage":{"@id":"https:\/\/www.soome.be\/produits\/lipo-panty-de-contention\/lipo-panty-contention-standard\/tf-variant\/#primaryimage"},"image":{"@id":"https:\/\/www.soome.be\/produits\/lipo-panty-de-contention\/lipo-panty-contention-standard\/tf-variant\/#primaryimage"},"thumbnailUrl":"https:\/\/www.soome.be\/wp-content\/uploads\/2025\/12\/products-TF-variant_IMG_1922_amazon.jpg","datePublished":"2023-06-01T16:43:14+00:00","dateModified":"2026-04-22T13:13:43+00:00","description":"It is recommended in the first phase of recovery after liposuction of the lower abdomen, buttocks, hips, saddlebags, thighs, etc.","breadcrumb":{"@id":"https:\/\/www.soome.be\/produits\/lipo-panty-de-contention\/lipo-panty-contention-standard\/tf-variant\/#breadcrumb"},"inLanguage":"en-GB","potentialAction":[{"@type":"ReadAction","target":["https:\/\/www.soome.be\/produits\/lipo-panty-de-contention\/lipo-panty-contention-standard\/tf-variant\/"]}]},{"@type":"ImageObject","inLanguage":"en-GB","@id":"https:\/\/www.soome.be\/produits\/lipo-panty-de-contention\/lipo-panty-contention-standard\/tf-variant\/#primaryimage","url":"https:\/\/www.soome.be\/wp-content\/uploads\/2025\/12\/products-TF-variant_IMG_1922_amazon.jpg","contentUrl":"https:\/\/www.soome.be\/wp-content\/uploads\/2025\/12\/products-TF-variant_IMG_1922_amazon.jpg","width":1000,"height":1000,"caption":"TF-variant_IMG_1922"},{"@type":"BreadcrumbList","@id":"https:\/\/www.soome.be\/produits\/lipo-panty-de-contention\/lipo-panty-contention-standard\/tf-variant\/#breadcrumb","itemListElement":[{"@type":"ListItem","position":1,"name":"Accueil","item":"https:\/\/www.soome.be\/"},{"@type":"ListItem","position":2,"name":"PRODUITS","item":"https:\/\/www.soome.be\/produits\/"},{"@type":"ListItem","position":3,"name":"TF variantLipoelastic"}]},{"@type":"WebSite","@id":"https:\/\/www.soome.be\/#website","url":"https:\/\/www.soome.be\/","name":"SooMe","description":"","potentialAction":[{"@type":"SearchAction","target":{"@type":"EntryPoint","urlTemplate":"https:\/\/www.soome.be\/?s={search_term_string}"},"query-input":{"@type":"PropertyValueSpecification","valueRequired":true,"valueName":"search_term_string"}}],"inLanguage":"en-GB"}]}},"_links":{"self":[{"href":"https:\/\/www.soome.be\/en\/wp-json\/wp\/v2\/product\/6227","targetHints":{"allow":["GET"]}}],"collection":[{"href":"https:\/\/www.soome.be\/en\/wp-json\/wp\/v2\/product"}],"about":[{"href":"https:\/\/www.soome.be\/en\/wp-json\/wp\/v2\/types\/product"}],"replies":[{"embeddable":true,"href":"https:\/\/www.soome.be\/en\/wp-json\/wp\/v2\/comments?post=6227"}],"wp:featuredmedia":[{"embeddable":true,"href":"https:\/\/www.soome.be\/en\/wp-json\/wp\/v2\/media\/6244"}],"wp:attachment":[{"href":"https:\/\/www.soome.be\/en\/wp-json\/wp\/v2\/media?parent=6227"}],"wp:term":[{"taxonomy":"product_brand","embeddable":true,"href":"https:\/\/www.soome.be\/en\/wp-json\/wp\/v2\/product_brand?post=6227"},{"taxonomy":"product_cat","embeddable":true,"href":"https:\/\/www.soome.be\/en\/wp-json\/wp\/v2\/product_cat?post=6227"},{"taxonomy":"product_tag","embeddable":true,"href":"https:\/\/www.soome.be\/en\/wp-json\/wp\/v2\/product_tag?post=6227"},{"taxonomy":"berocket_brand","embeddable":true,"href":"https:\/\/www.soome.be\/en\/wp-json\/wp\/v2\/berocket_brand?post=6227"}],"curies":[{"name":"wp","href":"https:\/\/api.w.org\/{rel}","templated":true}]}}