{"id":6301,"date":"2023-06-01T18:44:00","date_gmt":"2023-06-01T16:44:00","guid":{"rendered":"https:\/\/www.soome.be\/?post_type=product&#038;p=6301"},"modified":"2026-04-22T15:13:52","modified_gmt":"2026-04-22T13:13:52","slug":"vd-body-bbo-variant","status":"publish","type":"product","link":"https:\/\/www.soome.be\/en\/produits\/lipo-panty-de-contention\/lipo-panty-contention-lipofilling\/vd-body-bbo-variant\/","title":{"rendered":"VD body BBO variant"},"content":{"rendered":"<p><img fetchpriority=\"high\" decoding=\"async\" class=\"alignnone wp-image-38404 size-full\" src=\"https:\/\/www.abricot-compression.com\/wp-content\/uploads\/2022\/04\/image78.jpg\" alt=\"\" width=\"747\" height=\"547\" \/><\/p>\n<p>INDICATION: It is recommended to use in the first and second phase of post-operative care after a transfer of fat (lipofilling of the buttocks combined with liposuction of the hips, thighs, buttocks, knees and back or abdominoplasty)<\/p>\n<p>CHARACTERISTICS :<\/p>\n<p>\u2981 V\u00eatement de compression postop\u00e9ratoire apr\u00e8s un lipofilling des fessiers, hanches et cuisses (l&rsquo;augmentation des fesses par injection de graisse)<\/p>\n<p>\u2981 V\u00eatement de compression avec une fine bordure sous les seins et des bretelles non-d\u00e9tachables<\/p>\n<p>\u2981 Compar\u00e9 aux autres v\u00eatements de la s\u00e9rie VD, le VD body BBO Variant est prolong\u00e9 sur sa partie arri\u00e8re afin de couvrir toute la zone de dos<\/p>\n<p>\u2981 Bretelles r\u00e9glables non-d\u00e9tachables<\/p>\n<p>\u2981 Le panty est d\u00b4une longueur jusqu&rsquo;au dessous des genoux et est avec une finition en fine dentelle pour assurer qu\u00b4elle ne roule et ne serre pas<\/p>\n<p>\u2981 La fermeture avec 3 rang\u00e9es d&rsquo;agrafes est positionn\u00e9e sur la partie avant, au niveau du ventre<\/p>\n<p>\u2981 Ce v\u00eatement a une ouverture hygi\u00e9nique afin d\u00b4assurer votre confort quotidien, et vous pouvez porter votre sous-v\u00eatement sur ce dernier<\/p>\n<p>\u2981 Il y a des ouvertures sp\u00e9ciales sur les fesses qui sont n\u00e9cessaires pendant la p\u00e9riode de convalescence apr\u00e8s un transfert de graisse pour ne pas comprimer les zones trait\u00e9es<\/p>\n<p>FERMETURE\u00a0: La fermeture avec 3 rang\u00e9es d&rsquo;agrafes est positionn\u00e9e sur la partie avant, au niveau du ventre<\/p>\n<p>Il est possible d&rsquo;ajuster la compression de fa\u00e7on individuelle selon vos besoins<\/p>\n<p>Bretelles r\u00e9glables non-d\u00e9tachables<\/p>\n<p>TISSU\u00a0: Le tissu CLASSIC est fabriqu\u00e9 exclusivement pour les v\u00eatements de compression LIPOELASTIC\u00ae<\/p>\n<p>La mati\u00e8re a obtenue le certificat OEKO-TEX\u00ae, qui garantit l&rsquo;absence de substances toxiques ou allerg\u00e8nes (le latex, etc.)<\/p>\n<p>Composition du mat\u00e9riel: 73% polyamide, 27 % \u00e9lasthanne<\/p>\n<p>MAINTENANCE :<\/p>\n<p>Gentle washing, maximum temperature 30\u00b0C.<\/p>\n<p>The product must not be bleached.<\/p>\n<p>The product must not be dried with a tumble dryer.<\/p>\n<p>The product must not be ironed.<\/p>\n<p>The product should not be chemically cleaned.<\/p>\n<p>COLOR: black and beige<\/p>","protected":false},"excerpt":{"rendered":"<p>INDICATION: It is recommended to use in the first and second phase of post-operative care after a transfer of fat (lipofilling of the buttocks combined with liposuction of the hips, thighs, buttocks, knees and back or abdominoplasty)<\/p>\n<p>CHARACTERISTICS :<\/p>\n<p>\u2981 V\u00eatement de compression postop\u00e9ratoire apr\u00e8s un lipofilling des fessiers, hanches et cuisses (l&rsquo;augmentation des fesses par injection de graisse)<\/p>\n<p>\u2981 V\u00eatement de compression avec une fine bordure sous les seins et des bretelles non-d\u00e9tachables<\/p>\n<p>\u2981 Compar\u00e9 aux autres v\u00eatements de la s\u00e9rie VD, le VD body BBO Variant est prolong\u00e9 sur sa partie arri\u00e8re afin de couvrir toute la zone de dos<\/p>\n<p>\u2981 Bretelles r\u00e9glables non-d\u00e9tachables<\/p>\n<p>\u2981 Le panty est d\u00b4une longueur jusqu&rsquo;au dessous des genoux et est avec une finition en fine dentelle pour assurer qu\u00b4elle ne roule et ne serre pas<\/p>\n<p>\u2981 La fermeture avec 3 rang\u00e9es d&rsquo;agrafes est positionn\u00e9e sur la partie avant, au niveau du ventre<\/p>\n<p>\u2981 Ce v\u00eatement a une ouverture hygi\u00e9nique afin d\u00b4assurer votre confort quotidien, et vous pouvez porter votre sous-v\u00eatement sur ce dernier<\/p>\n<p>\u2981 Il y a des ouvertures sp\u00e9ciales sur les fesses qui sont n\u00e9cessaires pendant la p\u00e9riode de convalescence apr\u00e8s un transfert de graisse pour ne pas comprimer les zones trait\u00e9es<\/p>","protected":false},"featured_media":6305,"comment_status":"open","ping_status":"open","template":"","meta":[],"product_brand":[],"product_cat":[72,71],"product_tag":[],"berocket_brand":[431],"class_list":{"0":"post-6301","1":"product","2":"type-product","3":"status-publish","4":"has-post-thumbnail","6":"product_cat-lipo-panty-contention-lipofilling","7":"product_cat-lipo-panty-de-contention","8":"pa_couleur-beige","9":"pa_couleur-noir","10":"pa_product_brand-lipoelastic","11":"pa_taille-3xl","12":"pa_taille-l","13":"pa_taille-m","14":"pa_taille-s","15":"pa_taille-xl","16":"pa_taille-xs","17":"pa_taille-xxl","18":"pa_xfgmc_adult-off-2","19":"pa_xfgmc_condition-default","20":"pa_xfgmc_identifier_exists-off","21":"berocket_brand-lipoelastic","23":"first","24":"instock","25":"taxable","26":"shipping-taxable","27":"purchasable","28":"product-type-variable"},"yoast_head":"<!-- This site is optimized with the Yoast SEO plugin v27.4 - https:\/\/yoast.com\/product\/yoast-seo-wordpress\/ -->\n<title>VD body BBO variant (lipo-VD13V00C) LIPOELASTIC<\/title>\n<meta name=\"description\" content=\"recommand\u00e9 d\u2019utiliser dans la premi\u00e8re et deuxi\u00e8me phase des soins postop\u00e9ratoires apr\u00e8s un transfert de la graisse (un lipofilling des fesses combin\u00e9 avec une liposuccion des hanches, cuisses, fesses, genoux et dos ou une abdominoplastie)\" \/>\n<meta name=\"robots\" content=\"index, follow, max-snippet:-1, max-image-preview:large, max-video-preview:-1\" \/>\n<link rel=\"canonical\" href=\"https:\/\/www.soome.be\/en\/products\/lipofilling-compression-lipo-panty-2\/lipofilling-compression-lipo-panty\/vd-body-bbo-variant\/\" \/>\n<meta property=\"og:locale\" content=\"en_GB\" \/>\n<meta property=\"og:type\" content=\"article\" \/>\n<meta property=\"og:title\" content=\"VD body BBO variant (lipo-VD13V00C) LIPOELASTIC\" \/>\n<meta property=\"og:description\" content=\"recommand\u00e9 d\u2019utiliser dans la premi\u00e8re et deuxi\u00e8me phase des soins postop\u00e9ratoires apr\u00e8s un transfert de la graisse (un lipofilling des fesses combin\u00e9 avec une liposuccion des hanches, cuisses, fesses, genoux et dos ou une abdominoplastie)\" \/>\n<meta property=\"og:url\" content=\"https:\/\/www.soome.be\/en\/products\/lipofilling-compression-lipo-panty-2\/lipofilling-compression-lipo-panty\/vd-body-bbo-variant\/\" \/>\n<meta property=\"og:site_name\" content=\"SooMe\" \/>\n<meta property=\"article:modified_time\" content=\"2026-04-22T13:13:52+00:00\" \/>\n<meta property=\"og:image\" content=\"https:\/\/www.soome.be\/wp-content\/uploads\/2023\/06\/products-image88.jpg\" \/>\n\t<meta property=\"og:image:width\" content=\"730\" \/>\n\t<meta property=\"og:image:height\" content=\"983\" \/>\n\t<meta property=\"og:image:type\" content=\"image\/jpeg\" \/>\n<meta name=\"twitter:card\" content=\"summary_large_image\" \/>\n<meta name=\"twitter:label1\" content=\"Estimated reading time\" \/>\n\t<meta name=\"twitter:data1\" content=\"2 minutes\" \/>\n<script type=\"application\/ld+json\" class=\"yoast-schema-graph\">{\"@context\":\"https:\\\/\\\/schema.org\",\"@graph\":[{\"@type\":\"WebPage\",\"@id\":\"https:\\\/\\\/www.soome.be\\\/produits\\\/lipo-panty-de-contention\\\/lipo-panty-contention-lipofilling\\\/vd-body-bbo-variant\\\/\",\"url\":\"https:\\\/\\\/www.soome.be\\\/produits\\\/lipo-panty-de-contention\\\/lipo-panty-contention-lipofilling\\\/vd-body-bbo-variant\\\/\",\"name\":\"VD body BBO variant (lipo-VD13V00C) LIPOELASTIC\",\"isPartOf\":{\"@id\":\"https:\\\/\\\/www.soome.be\\\/#website\"},\"primaryImageOfPage\":{\"@id\":\"https:\\\/\\\/www.soome.be\\\/produits\\\/lipo-panty-de-contention\\\/lipo-panty-contention-lipofilling\\\/vd-body-bbo-variant\\\/#primaryimage\"},\"image\":{\"@id\":\"https:\\\/\\\/www.soome.be\\\/produits\\\/lipo-panty-de-contention\\\/lipo-panty-contention-lipofilling\\\/vd-body-bbo-variant\\\/#primaryimage\"},\"thumbnailUrl\":\"https:\\\/\\\/www.soome.be\\\/wp-content\\\/uploads\\\/2023\\\/06\\\/products-image88.jpg\",\"datePublished\":\"2023-06-01T16:44:00+00:00\",\"dateModified\":\"2026-04-22T13:13:52+00:00\",\"description\":\"recommand\u00e9 d\u2019utiliser dans la premi\u00e8re et deuxi\u00e8me phase des soins postop\u00e9ratoires apr\u00e8s un transfert de la graisse (un lipofilling des fesses combin\u00e9 avec une liposuccion des hanches, cuisses, fesses, genoux et dos ou une abdominoplastie)\",\"breadcrumb\":{\"@id\":\"https:\\\/\\\/www.soome.be\\\/produits\\\/lipo-panty-de-contention\\\/lipo-panty-contention-lipofilling\\\/vd-body-bbo-variant\\\/#breadcrumb\"},\"inLanguage\":\"en-GB\",\"potentialAction\":[{\"@type\":\"ReadAction\",\"target\":[\"https:\\\/\\\/www.soome.be\\\/produits\\\/lipo-panty-de-contention\\\/lipo-panty-contention-lipofilling\\\/vd-body-bbo-variant\\\/\"]}]},{\"@type\":\"ImageObject\",\"inLanguage\":\"en-GB\",\"@id\":\"https:\\\/\\\/www.soome.be\\\/produits\\\/lipo-panty-de-contention\\\/lipo-panty-contention-lipofilling\\\/vd-body-bbo-variant\\\/#primaryimage\",\"url\":\"https:\\\/\\\/www.soome.be\\\/wp-content\\\/uploads\\\/2023\\\/06\\\/products-image88.jpg\",\"contentUrl\":\"https:\\\/\\\/www.soome.be\\\/wp-content\\\/uploads\\\/2023\\\/06\\\/products-image88.jpg\",\"width\":730,\"height\":983,\"caption\":\"VD body BBO variant LIPOELASTIC\"},{\"@type\":\"BreadcrumbList\",\"@id\":\"https:\\\/\\\/www.soome.be\\\/produits\\\/lipo-panty-de-contention\\\/lipo-panty-contention-lipofilling\\\/vd-body-bbo-variant\\\/#breadcrumb\",\"itemListElement\":[{\"@type\":\"ListItem\",\"position\":1,\"name\":\"Accueil\",\"item\":\"https:\\\/\\\/www.soome.be\\\/\"},{\"@type\":\"ListItem\",\"position\":2,\"name\":\"PRODUITS\",\"item\":\"https:\\\/\\\/www.soome.be\\\/produits\\\/\"},{\"@type\":\"ListItem\",\"position\":3,\"name\":\"VD body BBO variant\"}]},{\"@type\":\"WebSite\",\"@id\":\"https:\\\/\\\/www.soome.be\\\/#website\",\"url\":\"https:\\\/\\\/www.soome.be\\\/\",\"name\":\"SooMe\",\"description\":\"\",\"potentialAction\":[{\"@type\":\"SearchAction\",\"target\":{\"@type\":\"EntryPoint\",\"urlTemplate\":\"https:\\\/\\\/www.soome.be\\\/?s={search_term_string}\"},\"query-input\":{\"@type\":\"PropertyValueSpecification\",\"valueRequired\":true,\"valueName\":\"search_term_string\"}}],\"inLanguage\":\"en-GB\"}]}<\/script>\n<!-- \/ Yoast SEO plugin. -->","yoast_head_json":{"title":"VD body BBO variant (lipo-VD13V00C) LIPOELASTIC","description":"recommended for use in the first and second phases of post-operative care after fat transfer (lipofilling of the buttocks combined with liposuction of the hips, thighs, buttocks, knees and back or abdominoplasty)","robots":{"index":"index","follow":"follow","max-snippet":"max-snippet:-1","max-image-preview":"max-image-preview:large","max-video-preview":"max-video-preview:-1"},"canonical":"https:\/\/www.soome.be\/en\/products\/lipofilling-compression-lipo-panty-2\/lipofilling-compression-lipo-panty\/vd-body-bbo-variant\/","og_locale":"en_GB","og_type":"article","og_title":"VD body BBO variant (lipo-VD13V00C) LIPOELASTIC","og_description":"recommand\u00e9 d\u2019utiliser dans la premi\u00e8re et deuxi\u00e8me phase des soins postop\u00e9ratoires apr\u00e8s un transfert de la graisse (un lipofilling des fesses combin\u00e9 avec une liposuccion des hanches, cuisses, fesses, genoux et dos ou une abdominoplastie)","og_url":"https:\/\/www.soome.be\/en\/products\/lipofilling-compression-lipo-panty-2\/lipofilling-compression-lipo-panty\/vd-body-bbo-variant\/","og_site_name":"SooMe","article_modified_time":"2026-04-22T13:13:52+00:00","og_image":[{"width":730,"height":983,"url":"https:\/\/www.soome.be\/wp-content\/uploads\/2023\/06\/products-image88.jpg","type":"image\/jpeg"}],"twitter_card":"summary_large_image","twitter_misc":{"Estimated reading time":"2 minutes"},"schema":{"@context":"https:\/\/schema.org","@graph":[{"@type":"WebPage","@id":"https:\/\/www.soome.be\/produits\/lipo-panty-de-contention\/lipo-panty-contention-lipofilling\/vd-body-bbo-variant\/","url":"https:\/\/www.soome.be\/produits\/lipo-panty-de-contention\/lipo-panty-contention-lipofilling\/vd-body-bbo-variant\/","name":"VD body BBO variant (lipo-VD13V00C) LIPOELASTIC","isPartOf":{"@id":"https:\/\/www.soome.be\/#website"},"primaryImageOfPage":{"@id":"https:\/\/www.soome.be\/produits\/lipo-panty-de-contention\/lipo-panty-contention-lipofilling\/vd-body-bbo-variant\/#primaryimage"},"image":{"@id":"https:\/\/www.soome.be\/produits\/lipo-panty-de-contention\/lipo-panty-contention-lipofilling\/vd-body-bbo-variant\/#primaryimage"},"thumbnailUrl":"https:\/\/www.soome.be\/wp-content\/uploads\/2023\/06\/products-image88.jpg","datePublished":"2023-06-01T16:44:00+00:00","dateModified":"2026-04-22T13:13:52+00:00","description":"recommended for use in the first and second phases of post-operative care after fat transfer (lipofilling of the buttocks combined with liposuction of the hips, thighs, buttocks, knees and back or abdominoplasty)","breadcrumb":{"@id":"https:\/\/www.soome.be\/produits\/lipo-panty-de-contention\/lipo-panty-contention-lipofilling\/vd-body-bbo-variant\/#breadcrumb"},"inLanguage":"en-GB","potentialAction":[{"@type":"ReadAction","target":["https:\/\/www.soome.be\/produits\/lipo-panty-de-contention\/lipo-panty-contention-lipofilling\/vd-body-bbo-variant\/"]}]},{"@type":"ImageObject","inLanguage":"en-GB","@id":"https:\/\/www.soome.be\/produits\/lipo-panty-de-contention\/lipo-panty-contention-lipofilling\/vd-body-bbo-variant\/#primaryimage","url":"https:\/\/www.soome.be\/wp-content\/uploads\/2023\/06\/products-image88.jpg","contentUrl":"https:\/\/www.soome.be\/wp-content\/uploads\/2023\/06\/products-image88.jpg","width":730,"height":983,"caption":"VD body BBO variant LIPOELASTIC"},{"@type":"BreadcrumbList","@id":"https:\/\/www.soome.be\/produits\/lipo-panty-de-contention\/lipo-panty-contention-lipofilling\/vd-body-bbo-variant\/#breadcrumb","itemListElement":[{"@type":"ListItem","position":1,"name":"Accueil","item":"https:\/\/www.soome.be\/"},{"@type":"ListItem","position":2,"name":"PRODUITS","item":"https:\/\/www.soome.be\/produits\/"},{"@type":"ListItem","position":3,"name":"VD body BBO variant"}]},{"@type":"WebSite","@id":"https:\/\/www.soome.be\/#website","url":"https:\/\/www.soome.be\/","name":"SooMe","description":"","potentialAction":[{"@type":"SearchAction","target":{"@type":"EntryPoint","urlTemplate":"https:\/\/www.soome.be\/?s={search_term_string}"},"query-input":{"@type":"PropertyValueSpecification","valueRequired":true,"valueName":"search_term_string"}}],"inLanguage":"en-GB"}]}},"_links":{"self":[{"href":"https:\/\/www.soome.be\/en\/wp-json\/wp\/v2\/product\/6301","targetHints":{"allow":["GET"]}}],"collection":[{"href":"https:\/\/www.soome.be\/en\/wp-json\/wp\/v2\/product"}],"about":[{"href":"https:\/\/www.soome.be\/en\/wp-json\/wp\/v2\/types\/product"}],"replies":[{"embeddable":true,"href":"https:\/\/www.soome.be\/en\/wp-json\/wp\/v2\/comments?post=6301"}],"wp:featuredmedia":[{"embeddable":true,"href":"https:\/\/www.soome.be\/en\/wp-json\/wp\/v2\/media\/6305"}],"wp:attachment":[{"href":"https:\/\/www.soome.be\/en\/wp-json\/wp\/v2\/media?parent=6301"}],"wp:term":[{"taxonomy":"product_brand","embeddable":true,"href":"https:\/\/www.soome.be\/en\/wp-json\/wp\/v2\/product_brand?post=6301"},{"taxonomy":"product_cat","embeddable":true,"href":"https:\/\/www.soome.be\/en\/wp-json\/wp\/v2\/product_cat?post=6301"},{"taxonomy":"product_tag","embeddable":true,"href":"https:\/\/www.soome.be\/en\/wp-json\/wp\/v2\/product_tag?post=6301"},{"taxonomy":"berocket_brand","embeddable":true,"href":"https:\/\/www.soome.be\/en\/wp-json\/wp\/v2\/berocket_brand?post=6301"}],"curies":[{"name":"wp","href":"https:\/\/api.w.org\/{rel}","templated":true}]}}