{"id":6337,"date":"2023-06-01T18:44:24","date_gmt":"2023-06-01T16:44:24","guid":{"rendered":"https:\/\/www.soome.be\/?post_type=product&#038;p=6337"},"modified":"2026-04-22T15:13:51","modified_gmt":"2026-04-22T13:13:51","slug":"lipoelastic-gel","status":"publish","type":"product","link":"https:\/\/www.soome.be\/en\/produits\/accessoires\/gels-silicone-cicatrices-post-operatoires\/lipoelastic-gel\/","title":{"rendered":"LIPOELASTIC gel"},"content":{"rendered":"<p>INDICATION: Intended for healing new and old scars as well as any other skin wound.<\/p>\n<p>CHARACTERISTICS :<\/p>\n<p>\u2981 Gel de silicone enrichi en vitamine E prouv\u00e9 pour le traitement des cicatrices<\/p>\n<p>\u2981 Le gel est efficace pour les nouvelles cicatrices aussi bien que pour les anciennes<\/p>\n<p>\u2981 Gel de silicone \u00e0 s\u00e9chage rapide<\/p>\n<p>\u2981 Enrichi en vitamine E, aide \u00e0 r\u00e9g\u00e9n\u00e9rer la peau<\/p>\n<p>\u2981 Ingr\u00e9dients de la plus haute qualit\u00e9<\/p>\n<p>\u2981 R\u00e9duit les rougeurs et les d\u00e9mangeaisons, emp\u00eache la formation de cicatrices ch\u00e9lo\u00efdes et hypertrophiques<\/p>\n<p>\u2981 Cr\u00e9e une fine couche protectrice mate sur la peau<\/p>\n<p>\u2981 L`effet cicatrisant du gel de silicone sur les cicatrices est cliniquement prouv\u00e9<\/p>\n<p>COMMENT L\u2019UTILISER\u00a0:<\/p>\n<p>Il est important de suivre une application r\u00e9guli\u00e8re \u00e0 long terme<\/p>\n<p>Il est recommand\u00e9 de suivre le traitement 8 \u00e0 16 semaines, d\u00e9pendant du niveau de l\u2019am\u00e9lioration. Le progr\u00e8s permanent est constat\u00e9 apr\u00e8s cette p\u00e9riode.<\/p>\n<p>Il est important de laver la cicatrice et d`appliquer du gel de silicone toutes les 12 heures<\/p>\n<p>Ne pas utiliser LIPOELASTIC gel sur des plaies ouvertes non cicatris\u00e9es<\/p>","protected":false},"excerpt":{"rendered":"<p>INDICATION: Intended for healing new and old scars as well as any other skin wound.<\/p>\n<p>CHARACTERISTICS :<\/p>\n<p>\u2981 Gel de silicone enrichi en vitamine E prouv\u00e9 pour le traitement des cicatrices<\/p>\n<p>\u2981 Le gel est efficace pour les nouvelles cicatrices aussi bien que pour les anciennes<\/p>\n<p>\u2981 Gel de silicone \u00e0 s\u00e9chage rapide<\/p>\n<p>\u2981 Enrichi en vitamine E, aide \u00e0 r\u00e9g\u00e9n\u00e9rer la peau<\/p>\n<p>\u2981 Ingr\u00e9dients de la plus haute qualit\u00e9<\/p>\n<p>\u2981 R\u00e9duit les rougeurs et les d\u00e9mangeaisons, emp\u00eache la formation de cicatrices ch\u00e9lo\u00efdes et hypertrophiques<\/p>\n<p>\u2981 Cr\u00e9e une fine couche protectrice mate sur la peau<\/p>\n<p>\u2981 L`effet cicatrisant du gel de silicone sur les cicatrices est cliniquement prouv\u00e9<\/p>","protected":false},"featured_media":6338,"comment_status":"open","ping_status":"open","template":"","meta":[],"product_brand":[],"product_cat":[76,78],"product_tag":[],"berocket_brand":[431],"class_list":{"0":"post-6337","1":"product","2":"type-product","3":"status-publish","4":"has-post-thumbnail","6":"product_cat-accessoires","7":"product_cat-gels-silicone-cicatrices-post-operatoires","8":"pa_product_brand-lipoelastic","9":"pa_thp_upsellpopup_template-template-default","10":"pa_xfgmc_adult-off-2","11":"pa_xfgmc_condition-default","12":"pa_xfgmc_identifier_exists-off","13":"berocket_brand-lipoelastic","15":"first","16":"instock","17":"taxable","18":"shipping-taxable","19":"purchasable","20":"product-type-simple"},"yoast_head":"<!-- This site is optimized with the Yoast SEO plugin v27.4 - https:\/\/yoast.com\/product\/yoast-seo-wordpress\/ -->\n<title>LIPOELASTIC gel LIPOELASTIC<\/title>\n<meta name=\"description\" content=\"Destin\u00e9s \u00e0 la gu\u00e9rison des nouvelles et anciennes cicatrices ainsi que de toute autre plaie de la peau.\" \/>\n<meta name=\"robots\" content=\"index, follow, max-snippet:-1, max-image-preview:large, max-video-preview:-1\" \/>\n<link rel=\"canonical\" href=\"https:\/\/www.soome.be\/en\/products\/accessories\/post-op-silicone-scar-gels\/lipoelastic-gel\/\" \/>\n<meta property=\"og:locale\" content=\"en_GB\" \/>\n<meta property=\"og:type\" content=\"article\" \/>\n<meta property=\"og:title\" content=\"LIPOELASTIC gel LIPOELASTIC\" \/>\n<meta property=\"og:description\" content=\"Destin\u00e9s \u00e0 la gu\u00e9rison des nouvelles et anciennes cicatrices ainsi que de toute autre plaie de la peau.\" \/>\n<meta property=\"og:url\" content=\"https:\/\/www.soome.be\/en\/products\/accessories\/post-op-silicone-scar-gels\/lipoelastic-gel\/\" \/>\n<meta property=\"og:site_name\" content=\"SooMe\" \/>\n<meta property=\"article:modified_time\" content=\"2026-04-22T13:13:51+00:00\" \/>\n<meta property=\"og:image\" content=\"https:\/\/www.soome.be\/wp-content\/uploads\/2023\/06\/products-image94.jpg\" \/>\n\t<meta property=\"og:image:width\" content=\"1032\" \/>\n\t<meta property=\"og:image:height\" content=\"996\" \/>\n\t<meta property=\"og:image:type\" content=\"image\/jpeg\" \/>\n<meta name=\"twitter:card\" content=\"summary_large_image\" \/>\n<meta name=\"twitter:label1\" content=\"Estimated reading time\" \/>\n\t<meta name=\"twitter:data1\" content=\"1 minute\" \/>\n<script type=\"application\/ld+json\" class=\"yoast-schema-graph\">{\"@context\":\"https:\\\/\\\/schema.org\",\"@graph\":[{\"@type\":\"WebPage\",\"@id\":\"https:\\\/\\\/www.soome.be\\\/produits\\\/accessoires\\\/gels-silicone-cicatrices-post-operatoires\\\/lipoelastic-gel\\\/\",\"url\":\"https:\\\/\\\/www.soome.be\\\/produits\\\/accessoires\\\/gels-silicone-cicatrices-post-operatoires\\\/lipoelastic-gel\\\/\",\"name\":\"LIPOELASTIC gel LIPOELASTIC\",\"isPartOf\":{\"@id\":\"https:\\\/\\\/www.soome.be\\\/#website\"},\"primaryImageOfPage\":{\"@id\":\"https:\\\/\\\/www.soome.be\\\/produits\\\/accessoires\\\/gels-silicone-cicatrices-post-operatoires\\\/lipoelastic-gel\\\/#primaryimage\"},\"image\":{\"@id\":\"https:\\\/\\\/www.soome.be\\\/produits\\\/accessoires\\\/gels-silicone-cicatrices-post-operatoires\\\/lipoelastic-gel\\\/#primaryimage\"},\"thumbnailUrl\":\"https:\\\/\\\/www.soome.be\\\/wp-content\\\/uploads\\\/2023\\\/06\\\/products-image94.jpg\",\"datePublished\":\"2023-06-01T16:44:24+00:00\",\"dateModified\":\"2026-04-22T13:13:51+00:00\",\"description\":\"Destin\u00e9s \u00e0 la gu\u00e9rison des nouvelles et anciennes cicatrices ainsi que de toute autre plaie de la peau.\",\"breadcrumb\":{\"@id\":\"https:\\\/\\\/www.soome.be\\\/produits\\\/accessoires\\\/gels-silicone-cicatrices-post-operatoires\\\/lipoelastic-gel\\\/#breadcrumb\"},\"inLanguage\":\"en-GB\",\"potentialAction\":[{\"@type\":\"ReadAction\",\"target\":[\"https:\\\/\\\/www.soome.be\\\/produits\\\/accessoires\\\/gels-silicone-cicatrices-post-operatoires\\\/lipoelastic-gel\\\/\"]}]},{\"@type\":\"ImageObject\",\"inLanguage\":\"en-GB\",\"@id\":\"https:\\\/\\\/www.soome.be\\\/produits\\\/accessoires\\\/gels-silicone-cicatrices-post-operatoires\\\/lipoelastic-gel\\\/#primaryimage\",\"url\":\"https:\\\/\\\/www.soome.be\\\/wp-content\\\/uploads\\\/2023\\\/06\\\/products-image94.jpg\",\"contentUrl\":\"https:\\\/\\\/www.soome.be\\\/wp-content\\\/uploads\\\/2023\\\/06\\\/products-image94.jpg\",\"width\":1032,\"height\":996,\"caption\":\"Gel LipoElastic\"},{\"@type\":\"BreadcrumbList\",\"@id\":\"https:\\\/\\\/www.soome.be\\\/produits\\\/accessoires\\\/gels-silicone-cicatrices-post-operatoires\\\/lipoelastic-gel\\\/#breadcrumb\",\"itemListElement\":[{\"@type\":\"ListItem\",\"position\":1,\"name\":\"Accueil\",\"item\":\"https:\\\/\\\/www.soome.be\\\/\"},{\"@type\":\"ListItem\",\"position\":2,\"name\":\"PRODUITS\",\"item\":\"https:\\\/\\\/www.soome.be\\\/produits\\\/\"},{\"@type\":\"ListItem\",\"position\":3,\"name\":\"LIPOELASTIC gel\"}]},{\"@type\":\"WebSite\",\"@id\":\"https:\\\/\\\/www.soome.be\\\/#website\",\"url\":\"https:\\\/\\\/www.soome.be\\\/\",\"name\":\"SooMe\",\"description\":\"\",\"potentialAction\":[{\"@type\":\"SearchAction\",\"target\":{\"@type\":\"EntryPoint\",\"urlTemplate\":\"https:\\\/\\\/www.soome.be\\\/?s={search_term_string}\"},\"query-input\":{\"@type\":\"PropertyValueSpecification\",\"valueRequired\":true,\"valueName\":\"search_term_string\"}}],\"inLanguage\":\"en-GB\"}]}<\/script>\n<!-- \/ Yoast SEO plugin. -->","yoast_head_json":{"title":"LIPOELASTIC gel LIPOELASTIC","description":"For healing new and old scars and all other skin wounds.","robots":{"index":"index","follow":"follow","max-snippet":"max-snippet:-1","max-image-preview":"max-image-preview:large","max-video-preview":"max-video-preview:-1"},"canonical":"https:\/\/www.soome.be\/en\/products\/accessories\/post-op-silicone-scar-gels\/lipoelastic-gel\/","og_locale":"en_GB","og_type":"article","og_title":"LIPOELASTIC gel LIPOELASTIC","og_description":"Destin\u00e9s \u00e0 la gu\u00e9rison des nouvelles et anciennes cicatrices ainsi que de toute autre plaie de la peau.","og_url":"https:\/\/www.soome.be\/en\/products\/accessories\/post-op-silicone-scar-gels\/lipoelastic-gel\/","og_site_name":"SooMe","article_modified_time":"2026-04-22T13:13:51+00:00","og_image":[{"width":1032,"height":996,"url":"https:\/\/www.soome.be\/wp-content\/uploads\/2023\/06\/products-image94.jpg","type":"image\/jpeg"}],"twitter_card":"summary_large_image","twitter_misc":{"Estimated reading time":"1 minute"},"schema":{"@context":"https:\/\/schema.org","@graph":[{"@type":"WebPage","@id":"https:\/\/www.soome.be\/produits\/accessoires\/gels-silicone-cicatrices-post-operatoires\/lipoelastic-gel\/","url":"https:\/\/www.soome.be\/produits\/accessoires\/gels-silicone-cicatrices-post-operatoires\/lipoelastic-gel\/","name":"LIPOELASTIC gel LIPOELASTIC","isPartOf":{"@id":"https:\/\/www.soome.be\/#website"},"primaryImageOfPage":{"@id":"https:\/\/www.soome.be\/produits\/accessoires\/gels-silicone-cicatrices-post-operatoires\/lipoelastic-gel\/#primaryimage"},"image":{"@id":"https:\/\/www.soome.be\/produits\/accessoires\/gels-silicone-cicatrices-post-operatoires\/lipoelastic-gel\/#primaryimage"},"thumbnailUrl":"https:\/\/www.soome.be\/wp-content\/uploads\/2023\/06\/products-image94.jpg","datePublished":"2023-06-01T16:44:24+00:00","dateModified":"2026-04-22T13:13:51+00:00","description":"For healing new and old scars and all other skin wounds.","breadcrumb":{"@id":"https:\/\/www.soome.be\/produits\/accessoires\/gels-silicone-cicatrices-post-operatoires\/lipoelastic-gel\/#breadcrumb"},"inLanguage":"en-GB","potentialAction":[{"@type":"ReadAction","target":["https:\/\/www.soome.be\/produits\/accessoires\/gels-silicone-cicatrices-post-operatoires\/lipoelastic-gel\/"]}]},{"@type":"ImageObject","inLanguage":"en-GB","@id":"https:\/\/www.soome.be\/produits\/accessoires\/gels-silicone-cicatrices-post-operatoires\/lipoelastic-gel\/#primaryimage","url":"https:\/\/www.soome.be\/wp-content\/uploads\/2023\/06\/products-image94.jpg","contentUrl":"https:\/\/www.soome.be\/wp-content\/uploads\/2023\/06\/products-image94.jpg","width":1032,"height":996,"caption":"Gel LipoElastic"},{"@type":"BreadcrumbList","@id":"https:\/\/www.soome.be\/produits\/accessoires\/gels-silicone-cicatrices-post-operatoires\/lipoelastic-gel\/#breadcrumb","itemListElement":[{"@type":"ListItem","position":1,"name":"Accueil","item":"https:\/\/www.soome.be\/"},{"@type":"ListItem","position":2,"name":"PRODUITS","item":"https:\/\/www.soome.be\/produits\/"},{"@type":"ListItem","position":3,"name":"LIPOELASTIC gel"}]},{"@type":"WebSite","@id":"https:\/\/www.soome.be\/#website","url":"https:\/\/www.soome.be\/","name":"SooMe","description":"","potentialAction":[{"@type":"SearchAction","target":{"@type":"EntryPoint","urlTemplate":"https:\/\/www.soome.be\/?s={search_term_string}"},"query-input":{"@type":"PropertyValueSpecification","valueRequired":true,"valueName":"search_term_string"}}],"inLanguage":"en-GB"}]}},"_links":{"self":[{"href":"https:\/\/www.soome.be\/en\/wp-json\/wp\/v2\/product\/6337","targetHints":{"allow":["GET"]}}],"collection":[{"href":"https:\/\/www.soome.be\/en\/wp-json\/wp\/v2\/product"}],"about":[{"href":"https:\/\/www.soome.be\/en\/wp-json\/wp\/v2\/types\/product"}],"replies":[{"embeddable":true,"href":"https:\/\/www.soome.be\/en\/wp-json\/wp\/v2\/comments?post=6337"}],"wp:featuredmedia":[{"embeddable":true,"href":"https:\/\/www.soome.be\/en\/wp-json\/wp\/v2\/media\/6338"}],"wp:attachment":[{"href":"https:\/\/www.soome.be\/en\/wp-json\/wp\/v2\/media?parent=6337"}],"wp:term":[{"taxonomy":"product_brand","embeddable":true,"href":"https:\/\/www.soome.be\/en\/wp-json\/wp\/v2\/product_brand?post=6337"},{"taxonomy":"product_cat","embeddable":true,"href":"https:\/\/www.soome.be\/en\/wp-json\/wp\/v2\/product_cat?post=6337"},{"taxonomy":"product_tag","embeddable":true,"href":"https:\/\/www.soome.be\/en\/wp-json\/wp\/v2\/product_tag?post=6337"},{"taxonomy":"berocket_brand","embeddable":true,"href":"https:\/\/www.soome.be\/en\/wp-json\/wp\/v2\/berocket_brand?post=6337"}],"curies":[{"name":"wp","href":"https:\/\/api.w.org\/{rel}","templated":true}]}}