{"id":6341,"date":"2023-06-01T18:44:25","date_gmt":"2023-06-01T16:44:25","guid":{"rendered":"https:\/\/www.soome.be\/?post_type=product&#038;p=6341"},"modified":"2026-04-22T15:13:54","modified_gmt":"2026-04-22T13:13:54","slug":"scar-dressing-9-8-x-29-5-cm","status":"publish","type":"product","link":"https:\/\/www.soome.be\/en\/produits\/accessoires\/pansements-silicones-cicatrices\/sheet-anchor-9-8-x-29-5-cm-pansement-pour-cicatrice\/","title":{"rendered":"SHEET ANCHOR 9.8 x 29.5 cm - scar dressing"},"content":{"rendered":"<p>INDICATION: The LIPOELASTIC sheet patches are intended for healing new and old scars as well as any other skin wound. For new scars, it is necessary to use the product on a healed wound, at least three days after the removal of the stitches. )<\/p>\n<p>CHARACTERISTICS :<\/p>\n<p>LIPOELASTIC sheet is a self-adhesive silicone patch designed to heal scar tissue and prevent the risk of keloid and hypertrophic scars. The anchor-shaped patch is suitable for treating scars on the breasts, particularly after breast reconstruction and reduction. After applying the patch to the scar, skin movement is minimised, and the patch maintains the skin's natural hydration, keeping the scar hydrated while improving its ability to regenerate.<\/p>\n<p>The anchor-shaped patch (9.8 x 29.5 cm) is suitable for the treatment of scars on the chest, especially after reconstruction and breast reduction. The package contains 2 pcs of patch each 9.8 x 29.5 cm, which can be cut according to the size of the scars.<\/p>\n<p>The recommended minimum treatment duration is one month. It is recommended to extend the life of the silicone patch, to clean the product after each application with hot water and with a mild soap.<\/p>\n<p>Apply the patch to a clean, dry scar. Do not use the patch on wet, open wounds. Remove the two protective films (white and transparent) and place the patch on the scar. The scar should be completely covered. If necessary, protect the silicone patch by using a post-operative sleeve\/bra, surgical band or hypoallergenic patch.<\/p>\n<p>At first, the skin will have to get used to it. Start the treatment as follows:<\/p>\n<p>Durant les 4 premiers jours, veuillez porter le patch pendant 2 heures<\/p>\n<p>Les 2 jours suivants, augmentez l\u00b4intervalle \u00e0 4 heures<\/p>\n<p>Ensuite, chaque jour prolongez le temps d\u00b4usage du patch de 2 heures suppl\u00e9mentaires, jusqu\u00b4\u00e0 temps d\u00b4atteindre le temps optimal, ce qui est 24 heures par jour.<\/p>\n<p><img fetchpriority=\"high\" decoding=\"async\" class=\"alignnone wp-image-38422 size-full\" src=\"https:\/\/www.abricot-compression.com\/wp-content\/uploads\/2022\/04\/image96.jpg\" alt=\"\" width=\"750\" height=\"214\" \/><\/p>\n<p>LES AVANTAGES\u00a0:<\/p>\n<p>\u2981 Application simple<\/p>\n<p>\u2981 Utilisation pour les nouvelles cicatrices et aussi les anciennes<\/p>\n<p>\u2981 Hydrate le tissu endommag\u00e9 et aide \u00e0 la r\u00e9g\u00e9n\u00e9ration<\/p>\n<p>\u2981 S\u00b4adapte aux mouvements<\/p>\n<p>\u2981 Il est possible d\u00b4adapter le patch en le coupant selon les besoins<\/p>\n<p>\u2981 Finition discr\u00e8te et transparente<\/p>","protected":false},"excerpt":{"rendered":"<p>INDICATION: The LIPOELASTIC sheet patches are intended for healing new and old scars as well as any other skin wound. For new scars, it is necessary to use the product on a healed wound, at least three days after the removal of the stitches. )<\/p>\n<p>CHARACTERISTICS :<\/p>\n<p>LIPOELASTIC sheet est un patch autocollant en silicone destin\u00e9 \u00e0 la cicatrisation des tissus cicatriciels et \u00e0 la pr\u00e9vention du risque de cicatrices ch\u00e9lo\u00efdes et hypertrophiques. Le patch en forme d\u00b4ancre convient au traitement des cicatrices au niveau de la poitrine, particuli\u00e8rement apr\u00e8s reconstruction et r\u00e9duction mammaire. Apr\u00e8s avoir appliqu\u00e9 le patch sur la cicatrice, le mouvement de la peau est minimis\u00e9, le patch maintient l\u00b4hydratation naturelle de la peau, ce qui permet de maintenir la cicatrice hydrat\u00e9e tout en am\u00e9liorant sa capacit\u00e9 de r\u00e9g\u00e9n\u00e9ration.<\/p>","protected":false},"featured_media":6342,"comment_status":"open","ping_status":"open","template":"","meta":[],"product_brand":[],"product_cat":[77],"product_tag":[],"berocket_brand":[431],"class_list":{"0":"post-6341","1":"product","2":"type-product","3":"status-publish","4":"has-post-thumbnail","6":"product_cat-pansements-silicones-cicatrices","7":"pa_product_brand-lipoelastic","8":"pa_thp_upsellpopup_template-template-default","9":"pa_xfgmc_adult-off-2","10":"pa_xfgmc_condition-default","11":"pa_xfgmc_identifier_exists-off","12":"berocket_brand-lipoelastic","14":"first","15":"instock","16":"taxable","17":"shipping-taxable","18":"purchasable","19":"product-type-simple"},"yoast_head":"<!-- This site is optimized with the Yoast SEO plugin v27.4 - https:\/\/yoast.com\/product\/yoast-seo-wordpress\/ -->\n<title>LIPOELASTIC SHEET ANCHOR 9.8 x 29.5 cm - pansement pour cicatrice F-02555-55SLE<\/title>\n<meta name=\"description\" content=\"Les patchs LIPOELASTIC sheet sont destin\u00e9s \u00e0 la gu\u00e9rison des nouvelles et anciennes cicatrices ainsi que de toute autre plaie de la peau. Pour les nouvelles cicatrices, il est n\u00e9cessaire d\u00b4utiliser le produit sur une plaie cicatris\u00e9e, au moins trois jours apr\u00e8s le retrait des points de suture.)\" \/>\n<meta name=\"robots\" content=\"index, follow, max-snippet:-1, max-image-preview:large, max-video-preview:-1\" \/>\n<link rel=\"canonical\" href=\"https:\/\/www.soome.be\/en\/products\/accessories\/silicone-scar-dressings\/scar-dressing-9-8-x-29-5-cm\/\" \/>\n<meta property=\"og:locale\" content=\"en_GB\" \/>\n<meta property=\"og:type\" content=\"article\" \/>\n<meta property=\"og:title\" content=\"LIPOELASTIC SHEET ANCHOR 9.8 x 29.5 cm - pansement pour cicatrice F-02555-55SLE\" \/>\n<meta property=\"og:description\" content=\"Les patchs LIPOELASTIC sheet sont destin\u00e9s \u00e0 la gu\u00e9rison des nouvelles et anciennes cicatrices ainsi que de toute autre plaie de la peau. Pour les nouvelles cicatrices, il est n\u00e9cessaire d\u00b4utiliser le produit sur une plaie cicatris\u00e9e, au moins trois jours apr\u00e8s le retrait des points de suture.)\" \/>\n<meta property=\"og:url\" content=\"https:\/\/www.soome.be\/en\/products\/accessories\/silicone-scar-dressings\/scar-dressing-9-8-x-29-5-cm\/\" \/>\n<meta property=\"og:site_name\" content=\"SooMe\" \/>\n<meta property=\"article:modified_time\" content=\"2026-04-22T13:13:54+00:00\" \/>\n<meta property=\"og:image\" content=\"https:\/\/www.soome.be\/wp-content\/uploads\/2023\/06\/products-image97.jpg\" \/>\n\t<meta property=\"og:image:width\" content=\"816\" \/>\n\t<meta property=\"og:image:height\" content=\"849\" \/>\n\t<meta property=\"og:image:type\" content=\"image\/jpeg\" \/>\n<meta name=\"twitter:card\" content=\"summary_large_image\" \/>\n<meta name=\"twitter:label1\" content=\"Estimated reading time\" \/>\n\t<meta name=\"twitter:data1\" content=\"2 minutes\" \/>\n<script type=\"application\/ld+json\" class=\"yoast-schema-graph\">{\"@context\":\"https:\\\/\\\/schema.org\",\"@graph\":[{\"@type\":\"WebPage\",\"@id\":\"https:\\\/\\\/www.soome.be\\\/produits\\\/accessoires\\\/pansements-silicones-cicatrices\\\/sheet-anchor-9-8-x-29-5-cm-pansement-pour-cicatrice\\\/\",\"url\":\"https:\\\/\\\/www.soome.be\\\/produits\\\/accessoires\\\/pansements-silicones-cicatrices\\\/sheet-anchor-9-8-x-29-5-cm-pansement-pour-cicatrice\\\/\",\"name\":\"LIPOELASTIC SHEET ANCHOR 9.8 x 29.5 cm - pansement pour cicatrice F-02555-55SLE\",\"isPartOf\":{\"@id\":\"https:\\\/\\\/www.soome.be\\\/#website\"},\"primaryImageOfPage\":{\"@id\":\"https:\\\/\\\/www.soome.be\\\/produits\\\/accessoires\\\/pansements-silicones-cicatrices\\\/sheet-anchor-9-8-x-29-5-cm-pansement-pour-cicatrice\\\/#primaryimage\"},\"image\":{\"@id\":\"https:\\\/\\\/www.soome.be\\\/produits\\\/accessoires\\\/pansements-silicones-cicatrices\\\/sheet-anchor-9-8-x-29-5-cm-pansement-pour-cicatrice\\\/#primaryimage\"},\"thumbnailUrl\":\"https:\\\/\\\/www.soome.be\\\/wp-content\\\/uploads\\\/2023\\\/06\\\/products-image97.jpg\",\"datePublished\":\"2023-06-01T16:44:25+00:00\",\"dateModified\":\"2026-04-22T13:13:54+00:00\",\"description\":\"Les patchs LIPOELASTIC sheet sont destin\u00e9s \u00e0 la gu\u00e9rison des nouvelles et anciennes cicatrices ainsi que de toute autre plaie de la peau. Pour les nouvelles cicatrices, il est n\u00e9cessaire d\u00b4utiliser le produit sur une plaie cicatris\u00e9e, au moins trois jours apr\u00e8s le retrait des points de suture.)\",\"breadcrumb\":{\"@id\":\"https:\\\/\\\/www.soome.be\\\/produits\\\/accessoires\\\/pansements-silicones-cicatrices\\\/sheet-anchor-9-8-x-29-5-cm-pansement-pour-cicatrice\\\/#breadcrumb\"},\"inLanguage\":\"en-GB\",\"potentialAction\":[{\"@type\":\"ReadAction\",\"target\":[\"https:\\\/\\\/www.soome.be\\\/produits\\\/accessoires\\\/pansements-silicones-cicatrices\\\/sheet-anchor-9-8-x-29-5-cm-pansement-pour-cicatrice\\\/\"]}]},{\"@type\":\"ImageObject\",\"inLanguage\":\"en-GB\",\"@id\":\"https:\\\/\\\/www.soome.be\\\/produits\\\/accessoires\\\/pansements-silicones-cicatrices\\\/sheet-anchor-9-8-x-29-5-cm-pansement-pour-cicatrice\\\/#primaryimage\",\"url\":\"https:\\\/\\\/www.soome.be\\\/wp-content\\\/uploads\\\/2023\\\/06\\\/products-image97.jpg\",\"contentUrl\":\"https:\\\/\\\/www.soome.be\\\/wp-content\\\/uploads\\\/2023\\\/06\\\/products-image97.jpg\",\"width\":816,\"height\":849,\"caption\":\"SHEET anchor pansement pour cicatrice LIPOELASTIC\"},{\"@type\":\"BreadcrumbList\",\"@id\":\"https:\\\/\\\/www.soome.be\\\/produits\\\/accessoires\\\/pansements-silicones-cicatrices\\\/sheet-anchor-9-8-x-29-5-cm-pansement-pour-cicatrice\\\/#breadcrumb\",\"itemListElement\":[{\"@type\":\"ListItem\",\"position\":1,\"name\":\"Accueil\",\"item\":\"https:\\\/\\\/www.soome.be\\\/\"},{\"@type\":\"ListItem\",\"position\":2,\"name\":\"PRODUITS\",\"item\":\"https:\\\/\\\/www.soome.be\\\/produits\\\/\"},{\"@type\":\"ListItem\",\"position\":3,\"name\":\"SHEET ANCHOR 9.8 x 29.5 cm &#8211; pansement pour cicatrice\"}]},{\"@type\":\"WebSite\",\"@id\":\"https:\\\/\\\/www.soome.be\\\/#website\",\"url\":\"https:\\\/\\\/www.soome.be\\\/\",\"name\":\"SooMe\",\"description\":\"\",\"potentialAction\":[{\"@type\":\"SearchAction\",\"target\":{\"@type\":\"EntryPoint\",\"urlTemplate\":\"https:\\\/\\\/www.soome.be\\\/?s={search_term_string}\"},\"query-input\":{\"@type\":\"PropertyValueSpecification\",\"valueRequired\":true,\"valueName\":\"search_term_string\"}}],\"inLanguage\":\"en-GB\"}]}<\/script>\n<!-- \/ Yoast SEO plugin. -->","yoast_head_json":{"title":"LIPOELASTIC SHEET ANCHOR 9.8 x 29.5 cm - scar dressing F-02555-55SLE","description":"LIPOELASTIC sheet patches are intended for healing new and old scars and any other skin wound. For new scars, it is necessary to use the product on a healed wound at least three days after the stitches have been removed).","robots":{"index":"index","follow":"follow","max-snippet":"max-snippet:-1","max-image-preview":"max-image-preview:large","max-video-preview":"max-video-preview:-1"},"canonical":"https:\/\/www.soome.be\/en\/products\/accessories\/silicone-scar-dressings\/scar-dressing-9-8-x-29-5-cm\/","og_locale":"en_GB","og_type":"article","og_title":"LIPOELASTIC SHEET ANCHOR 9.8 x 29.5 cm - pansement pour cicatrice F-02555-55SLE","og_description":"Les patchs LIPOELASTIC sheet sont destin\u00e9s \u00e0 la gu\u00e9rison des nouvelles et anciennes cicatrices ainsi que de toute autre plaie de la peau. Pour les nouvelles cicatrices, il est n\u00e9cessaire d\u00b4utiliser le produit sur une plaie cicatris\u00e9e, au moins trois jours apr\u00e8s le retrait des points de suture.)","og_url":"https:\/\/www.soome.be\/en\/products\/accessories\/silicone-scar-dressings\/scar-dressing-9-8-x-29-5-cm\/","og_site_name":"SooMe","article_modified_time":"2026-04-22T13:13:54+00:00","og_image":[{"width":816,"height":849,"url":"https:\/\/www.soome.be\/wp-content\/uploads\/2023\/06\/products-image97.jpg","type":"image\/jpeg"}],"twitter_card":"summary_large_image","twitter_misc":{"Estimated reading time":"2 minutes"},"schema":{"@context":"https:\/\/schema.org","@graph":[{"@type":"WebPage","@id":"https:\/\/www.soome.be\/produits\/accessoires\/pansements-silicones-cicatrices\/sheet-anchor-9-8-x-29-5-cm-pansement-pour-cicatrice\/","url":"https:\/\/www.soome.be\/produits\/accessoires\/pansements-silicones-cicatrices\/sheet-anchor-9-8-x-29-5-cm-pansement-pour-cicatrice\/","name":"LIPOELASTIC SHEET ANCHOR 9.8 x 29.5 cm - scar dressing F-02555-55SLE","isPartOf":{"@id":"https:\/\/www.soome.be\/#website"},"primaryImageOfPage":{"@id":"https:\/\/www.soome.be\/produits\/accessoires\/pansements-silicones-cicatrices\/sheet-anchor-9-8-x-29-5-cm-pansement-pour-cicatrice\/#primaryimage"},"image":{"@id":"https:\/\/www.soome.be\/produits\/accessoires\/pansements-silicones-cicatrices\/sheet-anchor-9-8-x-29-5-cm-pansement-pour-cicatrice\/#primaryimage"},"thumbnailUrl":"https:\/\/www.soome.be\/wp-content\/uploads\/2023\/06\/products-image97.jpg","datePublished":"2023-06-01T16:44:25+00:00","dateModified":"2026-04-22T13:13:54+00:00","description":"LIPOELASTIC sheet patches are intended for healing new and old scars and any other skin wound. For new scars, it is necessary to use the product on a healed wound at least three days after the stitches have been removed).","breadcrumb":{"@id":"https:\/\/www.soome.be\/produits\/accessoires\/pansements-silicones-cicatrices\/sheet-anchor-9-8-x-29-5-cm-pansement-pour-cicatrice\/#breadcrumb"},"inLanguage":"en-GB","potentialAction":[{"@type":"ReadAction","target":["https:\/\/www.soome.be\/produits\/accessoires\/pansements-silicones-cicatrices\/sheet-anchor-9-8-x-29-5-cm-pansement-pour-cicatrice\/"]}]},{"@type":"ImageObject","inLanguage":"en-GB","@id":"https:\/\/www.soome.be\/produits\/accessoires\/pansements-silicones-cicatrices\/sheet-anchor-9-8-x-29-5-cm-pansement-pour-cicatrice\/#primaryimage","url":"https:\/\/www.soome.be\/wp-content\/uploads\/2023\/06\/products-image97.jpg","contentUrl":"https:\/\/www.soome.be\/wp-content\/uploads\/2023\/06\/products-image97.jpg","width":816,"height":849,"caption":"SHEET anchor pansement pour cicatrice LIPOELASTIC"},{"@type":"BreadcrumbList","@id":"https:\/\/www.soome.be\/produits\/accessoires\/pansements-silicones-cicatrices\/sheet-anchor-9-8-x-29-5-cm-pansement-pour-cicatrice\/#breadcrumb","itemListElement":[{"@type":"ListItem","position":1,"name":"Accueil","item":"https:\/\/www.soome.be\/"},{"@type":"ListItem","position":2,"name":"PRODUITS","item":"https:\/\/www.soome.be\/produits\/"},{"@type":"ListItem","position":3,"name":"SHEET ANCHOR 9.8 x 29.5 cm &#8211; pansement pour cicatrice"}]},{"@type":"WebSite","@id":"https:\/\/www.soome.be\/#website","url":"https:\/\/www.soome.be\/","name":"SooMe","description":"","potentialAction":[{"@type":"SearchAction","target":{"@type":"EntryPoint","urlTemplate":"https:\/\/www.soome.be\/?s={search_term_string}"},"query-input":{"@type":"PropertyValueSpecification","valueRequired":true,"valueName":"search_term_string"}}],"inLanguage":"en-GB"}]}},"_links":{"self":[{"href":"https:\/\/www.soome.be\/en\/wp-json\/wp\/v2\/product\/6341","targetHints":{"allow":["GET"]}}],"collection":[{"href":"https:\/\/www.soome.be\/en\/wp-json\/wp\/v2\/product"}],"about":[{"href":"https:\/\/www.soome.be\/en\/wp-json\/wp\/v2\/types\/product"}],"replies":[{"embeddable":true,"href":"https:\/\/www.soome.be\/en\/wp-json\/wp\/v2\/comments?post=6341"}],"wp:featuredmedia":[{"embeddable":true,"href":"https:\/\/www.soome.be\/en\/wp-json\/wp\/v2\/media\/6342"}],"wp:attachment":[{"href":"https:\/\/www.soome.be\/en\/wp-json\/wp\/v2\/media?parent=6341"}],"wp:term":[{"taxonomy":"product_brand","embeddable":true,"href":"https:\/\/www.soome.be\/en\/wp-json\/wp\/v2\/product_brand?post=6341"},{"taxonomy":"product_cat","embeddable":true,"href":"https:\/\/www.soome.be\/en\/wp-json\/wp\/v2\/product_cat?post=6341"},{"taxonomy":"product_tag","embeddable":true,"href":"https:\/\/www.soome.be\/en\/wp-json\/wp\/v2\/product_tag?post=6341"},{"taxonomy":"berocket_brand","embeddable":true,"href":"https:\/\/www.soome.be\/en\/wp-json\/wp\/v2\/berocket_brand?post=6341"}],"curies":[{"name":"wp","href":"https:\/\/api.w.org\/{rel}","templated":true}]}}