{"id":6345,"date":"2023-06-01T18:44:26","date_gmt":"2023-06-01T16:44:26","guid":{"rendered":"https:\/\/www.soome.be\/?post_type=product&#038;p=6345"},"modified":"2026-04-22T15:13:56","modified_gmt":"2026-04-22T13:13:56","slug":"vb-variant","status":"publish","type":"product","link":"https:\/\/www.soome.be\/en\/produits\/lipo-panty-de-contention\/lipo-panty-contention-standard\/vb-variant\/","title":{"rendered":"VB Variant"},"content":{"rendered":"<p><img fetchpriority=\"high\" decoding=\"async\" class=\"alignnone wp-image-38924\" src=\"https:\/\/www.abricot-compression.com\/wp-content\/uploads\/2022\/05\/VB-Variant-LIPO-VB00V00C-taille2-300x202.jpg\" alt=\"\" width=\"562\" height=\"379\" \/><\/p>\n<p><span data-contrast=\"none\">INDICATION: It is recommended in the first phase of convalescence after abdominoplasty or liposuction of the belly, buttocks, hips, horse panties, back, thighs, knees<\/span><span data-ccp-props=\"{}\">\u00a0<\/span><\/p>\n<p><span data-contrast=\"none\">CHARACTERISTICS :\u00a0<\/span><span data-ccp-props=\"{}\">\u00a0<\/span><\/p>\n<ul>\n<li data-leveltext=\"-\" data-font=\"Helvetica Neue\" data-listid=\"1\" aria-setsize=\"-1\" data-aria-posinset=\"0\" data-aria-level=\"1\"><span data-contrast=\"none\">Compression sheath with long panty is ideal after abdominoplasty or liposuction of the belly, buttocks, hips, back, thighs, knees and calves<\/span><span data-ccp-props=\"{&quot;134233279&quot;:true}\">\u00a0<\/span><\/li>\n<li data-leveltext=\"-\" data-font=\"Helvetica Neue\" data-listid=\"1\" aria-setsize=\"-1\" data-aria-posinset=\"0\" data-aria-level=\"1\"><span data-contrast=\"none\">Compression garment has a thin trim under the chest where removable and adjustable straps can be attached<\/span><\/li>\n<li data-leveltext=\"-\" data-font=\"Helvetica Neue\" data-listid=\"1\" aria-setsize=\"-1\" data-aria-posinset=\"0\" data-aria-level=\"1\"><span data-contrast=\"none\">Removable straps can be attached between breasts or on the side of the sleeve<\/span><span data-ccp-props=\"{&quot;134233279&quot;:true}\">\u00a0<\/span><\/li>\n<li data-leveltext=\"-\" data-font=\"Helvetica Neue\" data-listid=\"1\" aria-setsize=\"-1\" data-aria-posinset=\"0\" data-aria-level=\"1\"><span data-contrast=\"none\">Removable shoulder straps are used to secure the sheath to the correct location and prevent product slippage<\/span><span data-ccp-props=\"{&quot;134233279&quot;:true}\">\u00a0<\/span><\/li>\n<li data-leveltext=\"-\" data-font=\"Helvetica Neue\" data-listid=\"1\" aria-setsize=\"-1\" data-aria-posinset=\"0\" data-aria-level=\"1\"><span data-contrast=\"none\">Lined fabric at the belly and outer thighs to increase compression<\/span><span data-ccp-props=\"{&quot;134233279&quot;:true}\">\u00a0<\/span><\/li>\n<li data-leveltext=\"-\" data-font=\"Helvetica Neue\" data-listid=\"1\" aria-setsize=\"-1\" data-aria-posinset=\"0\" data-aria-level=\"1\"><span data-contrast=\"none\">The finish with fine lace border at the ankle does not tighten or roll<\/span><span data-ccp-props=\"{&quot;134233279&quot;:true}\">\u00a0<\/span><\/li>\n<li data-leveltext=\"-\" data-font=\"Helvetica Neue\" data-listid=\"1\" aria-setsize=\"-1\" data-aria-posinset=\"0\" data-aria-level=\"1\"><span data-contrast=\"none\">Closure with 3 rows of staples on the front<\/span><span data-ccp-props=\"{&quot;134233279&quot;:true}\">\u00a0<\/span><\/li>\n<li data-leveltext=\"-\" data-font=\"Helvetica Neue\" data-listid=\"1\" aria-setsize=\"-1\" data-aria-posinset=\"0\" data-aria-level=\"1\"><span data-contrast=\"none\">Hygienic opening for your daily comfort, the underwear fits on the sleeves<\/span><span data-ccp-props=\"{&quot;134233279&quot;:true}\">\u00a0<\/span><\/li>\n<\/ul>\n<p><span data-contrast=\"none\">FERMETURE\u202f: Fermeture avec 3 rang\u00e9es d&rsquo;agrafes sur la partie avant<\/span><span data-ccp-props=\"{&quot;134233279&quot;:true}\"><\/p>\n<p><\/span><span data-contrast=\"none\">Multiple positionnement pour ajuster la compression selon vos besoins<\/span><span data-ccp-props=\"{&quot;134233279&quot;:true}\"><\/p>\n<p><\/span><span data-contrast=\"none\">TISSU\u202f: Le tissu CLASSIC est fabriqu\u00e9 exclusivement pour le v\u00eatement compressif LIPOELASTIC\u00ae<\/span><span data-ccp-props=\"{}\"> \u00ab\u00a0 <\/span><span data-contrast=\"none\">La mati\u00e8re a obtenue le certificat OEKO-TEX\u00ae, qui garantit l&rsquo;absence de substances nocives ou d\u00b4allerg\u00e8nes (le latex, etc.)<\/span><span data-ccp-props=\"{}\"><\/p>\n<p><\/span><span data-contrast=\"none\">Composition du mat\u00e9riel: 75 % POLYAMIDE, 25 % \u00c9LASTHANNE<\/span><\/p>\n<p>MAINTENANCE :<\/p>\n<p>Gentle washing, maximum temperature 30\u00b0C.<\/p>\n<p>The product must not be bleached.<\/p>\n<p>The product must not be dried with a tumble dryer.<\/p>\n<p>The product must not be ironed.<\/p>\n<p>The product should not be chemically cleaned.<\/p>\n<p>COLOR: black and beige<\/p>","protected":false},"excerpt":{"rendered":"<p><span data-contrast=\"none\">INDICATION: It is recommended in the first phase of convalescence after abdominoplasty or liposuction of the belly, buttocks, hips, horse panties, back, thighs, knees<\/span><span data-ccp-props=\"{}\">\u00a0<\/span><\/p>\n<p><span data-contrast=\"none\">CHARACTERISTICS :\u00a0<\/span><span data-ccp-props=\"{}\">\u00a0<\/span><\/p>\n<ul>\n<li data-leveltext=\"-\" data-font=\"Helvetica Neue\" data-listid=\"1\" aria-setsize=\"-1\" data-aria-posinset=\"0\" data-aria-level=\"1\"><span data-contrast=\"none\">Compression sheath with long panty is ideal after abdominoplasty or liposuction of the belly, buttocks, hips, back, thighs, knees and calves<\/span><span data-ccp-props=\"{&quot;134233279&quot;:true}\">\u00a0<\/span><\/li>\n<li data-leveltext=\"-\" data-font=\"Helvetica Neue\" data-listid=\"1\" aria-setsize=\"-1\" data-aria-posinset=\"0\" data-aria-level=\"1\"><span data-contrast=\"none\">Compression garment has a thin trim under the chest where removable and adjustable straps can be attached<\/span><\/li>\n<li data-leveltext=\"-\" data-font=\"Helvetica Neue\" data-listid=\"1\" aria-setsize=\"-1\" data-aria-posinset=\"0\" data-aria-level=\"1\"><span data-contrast=\"none\">Removable straps can be attached between breasts or on the side of the sleeve<\/span><span data-ccp-props=\"{&quot;134233279&quot;:true}\">\u00a0<\/span><\/li>\n<li data-leveltext=\"-\" data-font=\"Helvetica Neue\" data-listid=\"1\" aria-setsize=\"-1\" data-aria-posinset=\"0\" data-aria-level=\"1\"><span data-contrast=\"none\">Removable shoulder straps are used to secure the sheath to the correct location and prevent product slippage<\/span><span data-ccp-props=\"{&quot;134233279&quot;:true}\">\u00a0<\/span><\/li>\n<li data-leveltext=\"-\" data-font=\"Helvetica Neue\" data-listid=\"1\" aria-setsize=\"-1\" data-aria-posinset=\"0\" data-aria-level=\"1\"><span data-contrast=\"none\">Lined fabric at the belly and outer thighs to increase compression<\/span><span data-ccp-props=\"{&quot;134233279&quot;:true}\">\u00a0<\/span><\/li>\n<li data-leveltext=\"-\" data-font=\"Helvetica Neue\" data-listid=\"1\" aria-setsize=\"-1\" data-aria-posinset=\"0\" data-aria-level=\"1\"><span data-contrast=\"none\">The finish with fine lace border at the ankle does not tighten or roll<\/span><span data-ccp-props=\"{&quot;134233279&quot;:true}\">\u00a0<\/span><\/li>\n<li data-leveltext=\"-\" data-font=\"Helvetica Neue\" data-listid=\"1\" aria-setsize=\"-1\" data-aria-posinset=\"0\" data-aria-level=\"1\"><span data-contrast=\"none\">Closure with 3 rows of staples on the front<\/span><span data-ccp-props=\"{&quot;134233279&quot;:true}\">\u00a0<\/span><\/li>\n<li data-leveltext=\"-\" data-font=\"Helvetica Neue\" data-listid=\"1\" aria-setsize=\"-1\" data-aria-posinset=\"0\" data-aria-level=\"1\"><span data-contrast=\"none\">Hygienic opening for your daily comfort, the underwear fits on the sleeves<\/span><span data-ccp-props=\"{&quot;134233279&quot;:true}\">\u00a0<\/span><\/li>\n<\/ul>","protected":false},"featured_media":6360,"comment_status":"open","ping_status":"open","template":"","meta":[],"product_brand":[],"product_cat":[73,71],"product_tag":[],"berocket_brand":[431],"class_list":{"0":"post-6345","1":"product","2":"type-product","3":"status-publish","4":"has-post-thumbnail","6":"product_cat-lipo-panty-contention-standard","7":"product_cat-lipo-panty-de-contention","8":"pa_couleur-beige","9":"pa_couleur-noir","10":"pa_product_brand-lipoelastic","11":"pa_taille-3xl","12":"pa_taille-l","13":"pa_taille-m","14":"pa_taille-s","15":"pa_taille-xl","16":"pa_taille-xs","17":"pa_taille-xxl","18":"pa_xfgmc_adult-off-2","19":"pa_xfgmc_condition-default","20":"pa_xfgmc_identifier_exists-off","21":"berocket_brand-lipoelastic","23":"first","24":"instock","25":"taxable","26":"shipping-taxable","27":"purchasable","28":"product-type-variable"},"yoast_head":"<!-- This site is optimized with the Yoast SEO plugin v27.4 - https:\/\/yoast.com\/product\/yoast-seo-wordpress\/ -->\n<title>VB Variant (lipo-VB00V00C) LIPOELASTIC<\/title>\n<meta name=\"description\" content=\"recommand\u00e9 dans la premi\u00e8re phase de convalescence apr\u00e8s une abdominoplastie ou liposuccion du ventre, des fesses, des hanches, de la culotte de cheval, du dos, des cuisses, des genoux\" \/>\n<meta name=\"robots\" content=\"index, follow, max-snippet:-1, max-image-preview:large, max-video-preview:-1\" \/>\n<link rel=\"canonical\" href=\"https:\/\/www.soome.be\/en\/products\/lipofilling-compression-lipo-panty-2\/standard-compression-lipo-panty\/vb-variant\/\" \/>\n<meta property=\"og:locale\" content=\"en_GB\" \/>\n<meta property=\"og:type\" content=\"article\" \/>\n<meta property=\"og:title\" content=\"VB Variant (lipo-VB00V00C) LIPOELASTIC\" \/>\n<meta property=\"og:description\" content=\"recommand\u00e9 dans la premi\u00e8re phase de convalescence apr\u00e8s une abdominoplastie ou liposuccion du ventre, des fesses, des hanches, de la culotte de cheval, du dos, des cuisses, des genoux\" \/>\n<meta property=\"og:url\" content=\"https:\/\/www.soome.be\/en\/products\/lipofilling-compression-lipo-panty-2\/standard-compression-lipo-panty\/vb-variant\/\" \/>\n<meta property=\"og:site_name\" content=\"SooMe\" \/>\n<meta property=\"article:modified_time\" content=\"2026-04-22T13:13:56+00:00\" \/>\n<meta property=\"og:image\" content=\"https:\/\/www.soome.be\/wp-content\/uploads\/2023\/06\/products-VB-Variant-LIPO-VB00V00C-2.png\" \/>\n\t<meta property=\"og:image:width\" content=\"1122\" \/>\n\t<meta property=\"og:image:height\" content=\"1176\" \/>\n\t<meta property=\"og:image:type\" content=\"image\/jpeg\" \/>\n<meta name=\"twitter:card\" content=\"summary_large_image\" \/>\n<meta name=\"twitter:label1\" content=\"Estimated reading time\" \/>\n\t<meta name=\"twitter:data1\" content=\"1 minute\" \/>\n<script type=\"application\/ld+json\" class=\"yoast-schema-graph\">{\"@context\":\"https:\\\/\\\/schema.org\",\"@graph\":[{\"@type\":\"WebPage\",\"@id\":\"https:\\\/\\\/www.soome.be\\\/produits\\\/lipo-panty-de-contention\\\/lipo-panty-contention-standard\\\/vb-variant\\\/\",\"url\":\"https:\\\/\\\/www.soome.be\\\/produits\\\/lipo-panty-de-contention\\\/lipo-panty-contention-standard\\\/vb-variant\\\/\",\"name\":\"VB Variant (lipo-VB00V00C) LIPOELASTIC\",\"isPartOf\":{\"@id\":\"https:\\\/\\\/www.soome.be\\\/#website\"},\"primaryImageOfPage\":{\"@id\":\"https:\\\/\\\/www.soome.be\\\/produits\\\/lipo-panty-de-contention\\\/lipo-panty-contention-standard\\\/vb-variant\\\/#primaryimage\"},\"image\":{\"@id\":\"https:\\\/\\\/www.soome.be\\\/produits\\\/lipo-panty-de-contention\\\/lipo-panty-contention-standard\\\/vb-variant\\\/#primaryimage\"},\"thumbnailUrl\":\"https:\\\/\\\/www.soome.be\\\/wp-content\\\/uploads\\\/2023\\\/06\\\/products-VB-Variant-LIPO-VB00V00C-2.png\",\"datePublished\":\"2023-06-01T16:44:26+00:00\",\"dateModified\":\"2026-04-22T13:13:56+00:00\",\"description\":\"recommand\u00e9 dans la premi\u00e8re phase de convalescence apr\u00e8s une abdominoplastie ou liposuccion du ventre, des fesses, des hanches, de la culotte de cheval, du dos, des cuisses, des genoux\",\"breadcrumb\":{\"@id\":\"https:\\\/\\\/www.soome.be\\\/produits\\\/lipo-panty-de-contention\\\/lipo-panty-contention-standard\\\/vb-variant\\\/#breadcrumb\"},\"inLanguage\":\"en-GB\",\"potentialAction\":[{\"@type\":\"ReadAction\",\"target\":[\"https:\\\/\\\/www.soome.be\\\/produits\\\/lipo-panty-de-contention\\\/lipo-panty-contention-standard\\\/vb-variant\\\/\"]}]},{\"@type\":\"ImageObject\",\"inLanguage\":\"en-GB\",\"@id\":\"https:\\\/\\\/www.soome.be\\\/produits\\\/lipo-panty-de-contention\\\/lipo-panty-contention-standard\\\/vb-variant\\\/#primaryimage\",\"url\":\"https:\\\/\\\/www.soome.be\\\/wp-content\\\/uploads\\\/2023\\\/06\\\/products-VB-Variant-LIPO-VB00V00C-2.png\",\"contentUrl\":\"https:\\\/\\\/www.soome.be\\\/wp-content\\\/uploads\\\/2023\\\/06\\\/products-VB-Variant-LIPO-VB00V00C-2.png\",\"width\":1122,\"height\":1176,\"caption\":\"Lipo-panty VB VARIANT Lipoelastic\"},{\"@type\":\"BreadcrumbList\",\"@id\":\"https:\\\/\\\/www.soome.be\\\/produits\\\/lipo-panty-de-contention\\\/lipo-panty-contention-standard\\\/vb-variant\\\/#breadcrumb\",\"itemListElement\":[{\"@type\":\"ListItem\",\"position\":1,\"name\":\"Accueil\",\"item\":\"https:\\\/\\\/www.soome.be\\\/\"},{\"@type\":\"ListItem\",\"position\":2,\"name\":\"PRODUITS\",\"item\":\"https:\\\/\\\/www.soome.be\\\/produits\\\/\"},{\"@type\":\"ListItem\",\"position\":3,\"name\":\"VB Variant\"}]},{\"@type\":\"WebSite\",\"@id\":\"https:\\\/\\\/www.soome.be\\\/#website\",\"url\":\"https:\\\/\\\/www.soome.be\\\/\",\"name\":\"SooMe\",\"description\":\"\",\"potentialAction\":[{\"@type\":\"SearchAction\",\"target\":{\"@type\":\"EntryPoint\",\"urlTemplate\":\"https:\\\/\\\/www.soome.be\\\/?s={search_term_string}\"},\"query-input\":{\"@type\":\"PropertyValueSpecification\",\"valueRequired\":true,\"valueName\":\"search_term_string\"}}],\"inLanguage\":\"en-GB\"}]}<\/script>\n<!-- \/ Yoast SEO plugin. -->","yoast_head_json":{"title":"VB Variant (lipo-VB00V00C) LIPOELASTIC","description":"recommended in the first phase of convalescence after abdominoplasty or liposuction of the abdomen, buttocks, hips, saddlebags, back, thighs and knees","robots":{"index":"index","follow":"follow","max-snippet":"max-snippet:-1","max-image-preview":"max-image-preview:large","max-video-preview":"max-video-preview:-1"},"canonical":"https:\/\/www.soome.be\/en\/products\/lipofilling-compression-lipo-panty-2\/standard-compression-lipo-panty\/vb-variant\/","og_locale":"en_GB","og_type":"article","og_title":"VB Variant (lipo-VB00V00C) LIPOELASTIC","og_description":"recommand\u00e9 dans la premi\u00e8re phase de convalescence apr\u00e8s une abdominoplastie ou liposuccion du ventre, des fesses, des hanches, de la culotte de cheval, du dos, des cuisses, des genoux","og_url":"https:\/\/www.soome.be\/en\/products\/lipofilling-compression-lipo-panty-2\/standard-compression-lipo-panty\/vb-variant\/","og_site_name":"SooMe","article_modified_time":"2026-04-22T13:13:56+00:00","og_image":[{"width":1122,"height":1176,"url":"https:\/\/www.soome.be\/wp-content\/uploads\/2023\/06\/products-VB-Variant-LIPO-VB00V00C-2.png","type":"image\/jpeg"}],"twitter_card":"summary_large_image","twitter_misc":{"Estimated reading time":"1 minute"},"schema":{"@context":"https:\/\/schema.org","@graph":[{"@type":"WebPage","@id":"https:\/\/www.soome.be\/produits\/lipo-panty-de-contention\/lipo-panty-contention-standard\/vb-variant\/","url":"https:\/\/www.soome.be\/produits\/lipo-panty-de-contention\/lipo-panty-contention-standard\/vb-variant\/","name":"VB Variant (lipo-VB00V00C) LIPOELASTIC","isPartOf":{"@id":"https:\/\/www.soome.be\/#website"},"primaryImageOfPage":{"@id":"https:\/\/www.soome.be\/produits\/lipo-panty-de-contention\/lipo-panty-contention-standard\/vb-variant\/#primaryimage"},"image":{"@id":"https:\/\/www.soome.be\/produits\/lipo-panty-de-contention\/lipo-panty-contention-standard\/vb-variant\/#primaryimage"},"thumbnailUrl":"https:\/\/www.soome.be\/wp-content\/uploads\/2023\/06\/products-VB-Variant-LIPO-VB00V00C-2.png","datePublished":"2023-06-01T16:44:26+00:00","dateModified":"2026-04-22T13:13:56+00:00","description":"recommended in the first phase of convalescence after abdominoplasty or liposuction of the abdomen, buttocks, hips, saddlebags, back, thighs and knees","breadcrumb":{"@id":"https:\/\/www.soome.be\/produits\/lipo-panty-de-contention\/lipo-panty-contention-standard\/vb-variant\/#breadcrumb"},"inLanguage":"en-GB","potentialAction":[{"@type":"ReadAction","target":["https:\/\/www.soome.be\/produits\/lipo-panty-de-contention\/lipo-panty-contention-standard\/vb-variant\/"]}]},{"@type":"ImageObject","inLanguage":"en-GB","@id":"https:\/\/www.soome.be\/produits\/lipo-panty-de-contention\/lipo-panty-contention-standard\/vb-variant\/#primaryimage","url":"https:\/\/www.soome.be\/wp-content\/uploads\/2023\/06\/products-VB-Variant-LIPO-VB00V00C-2.png","contentUrl":"https:\/\/www.soome.be\/wp-content\/uploads\/2023\/06\/products-VB-Variant-LIPO-VB00V00C-2.png","width":1122,"height":1176,"caption":"Lipo-panty VB VARIANT Lipoelastic"},{"@type":"BreadcrumbList","@id":"https:\/\/www.soome.be\/produits\/lipo-panty-de-contention\/lipo-panty-contention-standard\/vb-variant\/#breadcrumb","itemListElement":[{"@type":"ListItem","position":1,"name":"Accueil","item":"https:\/\/www.soome.be\/"},{"@type":"ListItem","position":2,"name":"PRODUITS","item":"https:\/\/www.soome.be\/produits\/"},{"@type":"ListItem","position":3,"name":"VB Variant"}]},{"@type":"WebSite","@id":"https:\/\/www.soome.be\/#website","url":"https:\/\/www.soome.be\/","name":"SooMe","description":"","potentialAction":[{"@type":"SearchAction","target":{"@type":"EntryPoint","urlTemplate":"https:\/\/www.soome.be\/?s={search_term_string}"},"query-input":{"@type":"PropertyValueSpecification","valueRequired":true,"valueName":"search_term_string"}}],"inLanguage":"en-GB"}]}},"_links":{"self":[{"href":"https:\/\/www.soome.be\/en\/wp-json\/wp\/v2\/product\/6345","targetHints":{"allow":["GET"]}}],"collection":[{"href":"https:\/\/www.soome.be\/en\/wp-json\/wp\/v2\/product"}],"about":[{"href":"https:\/\/www.soome.be\/en\/wp-json\/wp\/v2\/types\/product"}],"replies":[{"embeddable":true,"href":"https:\/\/www.soome.be\/en\/wp-json\/wp\/v2\/comments?post=6345"}],"wp:featuredmedia":[{"embeddable":true,"href":"https:\/\/www.soome.be\/en\/wp-json\/wp\/v2\/media\/6360"}],"wp:attachment":[{"href":"https:\/\/www.soome.be\/en\/wp-json\/wp\/v2\/media?parent=6345"}],"wp:term":[{"taxonomy":"product_brand","embeddable":true,"href":"https:\/\/www.soome.be\/en\/wp-json\/wp\/v2\/product_brand?post=6345"},{"taxonomy":"product_cat","embeddable":true,"href":"https:\/\/www.soome.be\/en\/wp-json\/wp\/v2\/product_cat?post=6345"},{"taxonomy":"product_tag","embeddable":true,"href":"https:\/\/www.soome.be\/en\/wp-json\/wp\/v2\/product_tag?post=6345"},{"taxonomy":"berocket_brand","embeddable":true,"href":"https:\/\/www.soome.be\/en\/wp-json\/wp\/v2\/berocket_brand?post=6345"}],"curies":[{"name":"wp","href":"https:\/\/api.w.org\/{rel}","templated":true}]}}