{"id":6429,"date":"2023-06-01T18:48:48","date_gmt":"2023-06-01T16:48:48","guid":{"rendered":"https:\/\/www.soome.be\/?post_type=product&#038;p=6429"},"modified":"2026-04-22T15:14:10","modified_gmt":"2026-04-22T13:14:10","slug":"s-001-high-waist-calf-length-lipo-panty","status":"publish","type":"product","link":"https:\/\/www.soome.be\/en\/produits\/lipo-panty-de-contention\/lipo-panty-contention-lipofilling\/s-001-lipo-panty-haut-coupe-mollets\/","title":{"rendered":"S\/001 Lipo-panty\u00ae top, calf cut"},"content":{"rendered":"<p><strong>DESCRIPTION:<\/strong><\/p>\n<p>Maintenance application with permanent pressure, anti-edematous.<\/p>\n<p>L\u2019application du LIPO-PANTY\u00ae r\u00e9alis\u00e9 \u00e0 partir d\u2019un textile sp\u00e9cialement \u00e9tudi\u00e9 s\u2019effectue imm\u00e9diatement apr\u00e8s l\u2019intervention.<\/p>\n<p>The pressure thus obtained ensures perfect support while maintaining an optimal comfort and total freedom of movement.<\/p>\n<p><strong>MAINTENANCE :<\/strong><\/p>\n<p>Machine wash up to 30\u00b0C with a soap-based detergent such as Marseille soap. Do not use a dryer. It is recommended to wash the garment before wearing it for the first time.<\/p>\n<p><strong>OPTION :<\/strong><\/p>\n<p><img decoding=\"async\" class=\"alignnone wp-image-40929\" src=\"https:\/\/www.abricot-compression.com\/wp-content\/uploads\/2022\/11\/icone_bblxl.png\" alt=\"\" width=\"150\" height=\"177\" \/> \u00a0<img decoding=\"async\" class=\"alignnone wp-image-40928\" src=\"https:\/\/www.abricot-compression.com\/wp-content\/uploads\/2022\/11\/hole.png\" alt=\"\" width=\"150\" height=\"177\" \/><\/p>\n<p><strong><\/p>\n<p>Size Chart:<\/p>\n<p><img fetchpriority=\"high\" decoding=\"async\" class=\"alignnone wp-image-40927 size-large\" src=\"https:\/\/www.abricot-compression.com\/wp-content\/uploads\/2022\/11\/LIPOPANTY_SHORT_COMBINES-2-1024x478.jpg\" alt=\"\" width=\"800\" height=\"373\" \/><\/p>\n<p><\/strong><\/p>","protected":false},"excerpt":{"rendered":"<p>The Lipo Panty reference S001 is a post-operative garment for women from the manufacturer Medical Z. It is worn after plastic surgery targeting the abdomen, flanks, hips and legs, right under the knees. This can be a facelift, which consists in tightening the skin, or a liposuction, which corresponds to the extraction of excess fat accumulated in the fatty tissues.<\/p>","protected":false},"featured_media":6481,"comment_status":"open","ping_status":"open","template":"","meta":[],"product_brand":[],"product_cat":[72,73,71],"product_tag":[50,51,180,181,53,54,55,372,57],"berocket_brand":[432],"class_list":{"0":"post-6429","1":"product","2":"type-product","3":"status-publish","4":"has-post-thumbnail","6":"product_cat-lipo-panty-contention-lipofilling","7":"product_cat-lipo-panty-contention-standard","8":"product_cat-lipo-panty-de-contention","9":"product_tag-chirurgie-esthetique","10":"product_tag-chirurgie-plastique","11":"product_tag-lipo-panty-2","12":"product_tag-lipopanty","13":"product_tag-medical-z","14":"product_tag-medicalz","15":"product_tag-post-operatoire","16":"product_tag-s-001","17":"product_tag-zbra","18":"pa_coloris-blanc-3","19":"pa_coloris-noir-3","20":"pa_eg_html5_ratio-0-4","21":"pa_eg_soundcloud_ratio-0-5","22":"pa_eg_wistia_ratio-0-3","23":"pa_eg_youtube_ratio-0-2","24":"pa_fb_product_group_id-196","25":"pa_fb_visibility-117","26":"pa_option-aucune","27":"pa_option-bblxl","28":"pa_option-hole","29":"pa_product_brand-medical-z-3","30":"pa_tailles-1-2","31":"pa_tailles-149","32":"pa_tailles-150","33":"pa_tailles-151","34":"pa_tailles-152","35":"pa_tailles-153","36":"pa_tailles-154","37":"pa_xfgmc_adult-off-2","38":"pa_xfgmc_condition-default","39":"pa_xfgmc_identifier_exists-off","40":"berocket_brand-medical-z","42":"first","43":"instock","44":"taxable","45":"shipping-taxable","46":"purchasable","47":"product-type-variable"},"yoast_head":"<!-- This site is optimized with the Yoast SEO plugin v27.4 - https:\/\/yoast.com\/product\/yoast-seo-wordpress\/ -->\n<title>LIPO-PANTY HAUT COUP\u00c9 MOLLETS Medical Z S\/001<\/title>\n<meta name=\"description\" content=\"S\/001 LIPO-PANTY HAUT COUP\u00c9 MOLLETS\" \/>\n<meta name=\"robots\" content=\"index, follow, max-snippet:-1, max-image-preview:large, max-video-preview:-1\" \/>\n<link rel=\"canonical\" href=\"https:\/\/www.soome.be\/en\/products\/lipofilling-compression-lipo-panty-2\/lipofilling-compression-lipo-panty\/s-001-high-waist-calf-length-lipo-panty\/\" \/>\n<meta property=\"og:locale\" content=\"en_GB\" \/>\n<meta property=\"og:type\" content=\"article\" \/>\n<meta property=\"og:title\" content=\"LIPO-PANTY HAUT COUP\u00c9 MOLLETS Medical Z S\/001\" \/>\n<meta property=\"og:description\" content=\"S\/001 LIPO-PANTY HAUT COUP\u00c9 MOLLETS\" \/>\n<meta property=\"og:url\" content=\"https:\/\/www.soome.be\/en\/products\/lipofilling-compression-lipo-panty-2\/lipofilling-compression-lipo-panty\/s-001-high-waist-calf-length-lipo-panty\/\" \/>\n<meta property=\"og:site_name\" content=\"SooMe\" \/>\n<meta property=\"article:modified_time\" content=\"2026-04-22T13:14:10+00:00\" \/>\n<meta property=\"og:image\" content=\"https:\/\/www.soome.be\/wp-content\/uploads\/2023\/06\/products-S001_BD.jpg\" \/>\n\t<meta property=\"og:image:width\" content=\"500\" \/>\n\t<meta property=\"og:image:height\" content=\"750\" \/>\n\t<meta property=\"og:image:type\" content=\"image\/jpeg\" \/>\n<meta name=\"twitter:card\" content=\"summary_large_image\" \/>\n<script type=\"application\/ld+json\" class=\"yoast-schema-graph\">{\"@context\":\"https:\\\/\\\/schema.org\",\"@graph\":[{\"@type\":\"WebPage\",\"@id\":\"https:\\\/\\\/www.soome.be\\\/produits\\\/lipo-panty-de-contention\\\/lipo-panty-contention-lipofilling\\\/s-001-lipo-panty-haut-coupe-mollets\\\/\",\"url\":\"https:\\\/\\\/www.soome.be\\\/produits\\\/lipo-panty-de-contention\\\/lipo-panty-contention-lipofilling\\\/s-001-lipo-panty-haut-coupe-mollets\\\/\",\"name\":\"LIPO-PANTY HAUT COUP\u00c9 MOLLETS Medical Z S\\\/001\",\"isPartOf\":{\"@id\":\"https:\\\/\\\/www.soome.be\\\/#website\"},\"primaryImageOfPage\":{\"@id\":\"https:\\\/\\\/www.soome.be\\\/produits\\\/lipo-panty-de-contention\\\/lipo-panty-contention-lipofilling\\\/s-001-lipo-panty-haut-coupe-mollets\\\/#primaryimage\"},\"image\":{\"@id\":\"https:\\\/\\\/www.soome.be\\\/produits\\\/lipo-panty-de-contention\\\/lipo-panty-contention-lipofilling\\\/s-001-lipo-panty-haut-coupe-mollets\\\/#primaryimage\"},\"thumbnailUrl\":\"https:\\\/\\\/www.soome.be\\\/wp-content\\\/uploads\\\/2023\\\/06\\\/products-S001_BD.jpg\",\"datePublished\":\"2023-06-01T16:48:48+00:00\",\"dateModified\":\"2026-04-22T13:14:10+00:00\",\"description\":\"S\\\/001 LIPO-PANTY HAUT COUP\u00c9 MOLLETS\",\"breadcrumb\":{\"@id\":\"https:\\\/\\\/www.soome.be\\\/produits\\\/lipo-panty-de-contention\\\/lipo-panty-contention-lipofilling\\\/s-001-lipo-panty-haut-coupe-mollets\\\/#breadcrumb\"},\"inLanguage\":\"en-GB\",\"potentialAction\":[{\"@type\":\"ReadAction\",\"target\":[\"https:\\\/\\\/www.soome.be\\\/produits\\\/lipo-panty-de-contention\\\/lipo-panty-contention-lipofilling\\\/s-001-lipo-panty-haut-coupe-mollets\\\/\"]}]},{\"@type\":\"ImageObject\",\"inLanguage\":\"en-GB\",\"@id\":\"https:\\\/\\\/www.soome.be\\\/produits\\\/lipo-panty-de-contention\\\/lipo-panty-contention-lipofilling\\\/s-001-lipo-panty-haut-coupe-mollets\\\/#primaryimage\",\"url\":\"https:\\\/\\\/www.soome.be\\\/wp-content\\\/uploads\\\/2023\\\/06\\\/products-S001_BD.jpg\",\"contentUrl\":\"https:\\\/\\\/www.soome.be\\\/wp-content\\\/uploads\\\/2023\\\/06\\\/products-S001_BD.jpg\",\"width\":500,\"height\":750,\"caption\":\"LIPO-PANTY S\\\/001 Medical Z\"},{\"@type\":\"BreadcrumbList\",\"@id\":\"https:\\\/\\\/www.soome.be\\\/produits\\\/lipo-panty-de-contention\\\/lipo-panty-contention-lipofilling\\\/s-001-lipo-panty-haut-coupe-mollets\\\/#breadcrumb\",\"itemListElement\":[{\"@type\":\"ListItem\",\"position\":1,\"name\":\"Accueil\",\"item\":\"https:\\\/\\\/www.soome.be\\\/\"},{\"@type\":\"ListItem\",\"position\":2,\"name\":\"PRODUITS\",\"item\":\"https:\\\/\\\/www.soome.be\\\/produits\\\/\"},{\"@type\":\"ListItem\",\"position\":3,\"name\":\"S\\\/001 Lipo-panty\u00ae haut, coup\u00e9 mollets\"}]},{\"@type\":\"WebSite\",\"@id\":\"https:\\\/\\\/www.soome.be\\\/#website\",\"url\":\"https:\\\/\\\/www.soome.be\\\/\",\"name\":\"SooMe\",\"description\":\"\",\"potentialAction\":[{\"@type\":\"SearchAction\",\"target\":{\"@type\":\"EntryPoint\",\"urlTemplate\":\"https:\\\/\\\/www.soome.be\\\/?s={search_term_string}\"},\"query-input\":{\"@type\":\"PropertyValueSpecification\",\"valueRequired\":true,\"valueName\":\"search_term_string\"}}],\"inLanguage\":\"en-GB\"}]}<\/script>\n<!-- \/ Yoast SEO plugin. -->","yoast_head_json":{"title":"LIPO-PANTY HAUT COUP\u00c9 MOLLETS Medical Z S\/001","description":"S\/001 LIPO-PANTY HIGH CUT CALVES","robots":{"index":"index","follow":"follow","max-snippet":"max-snippet:-1","max-image-preview":"max-image-preview:large","max-video-preview":"max-video-preview:-1"},"canonical":"https:\/\/www.soome.be\/en\/products\/lipofilling-compression-lipo-panty-2\/lipofilling-compression-lipo-panty\/s-001-high-waist-calf-length-lipo-panty\/","og_locale":"en_GB","og_type":"article","og_title":"LIPO-PANTY HAUT COUP\u00c9 MOLLETS Medical Z S\/001","og_description":"S\/001 LIPO-PANTY HAUT COUP\u00c9 MOLLETS","og_url":"https:\/\/www.soome.be\/en\/products\/lipofilling-compression-lipo-panty-2\/lipofilling-compression-lipo-panty\/s-001-high-waist-calf-length-lipo-panty\/","og_site_name":"SooMe","article_modified_time":"2026-04-22T13:14:10+00:00","og_image":[{"width":500,"height":750,"url":"https:\/\/www.soome.be\/wp-content\/uploads\/2023\/06\/products-S001_BD.jpg","type":"image\/jpeg"}],"twitter_card":"summary_large_image","schema":{"@context":"https:\/\/schema.org","@graph":[{"@type":"WebPage","@id":"https:\/\/www.soome.be\/produits\/lipo-panty-de-contention\/lipo-panty-contention-lipofilling\/s-001-lipo-panty-haut-coupe-mollets\/","url":"https:\/\/www.soome.be\/produits\/lipo-panty-de-contention\/lipo-panty-contention-lipofilling\/s-001-lipo-panty-haut-coupe-mollets\/","name":"LIPO-PANTY HAUT COUP\u00c9 MOLLETS Medical Z S\/001","isPartOf":{"@id":"https:\/\/www.soome.be\/#website"},"primaryImageOfPage":{"@id":"https:\/\/www.soome.be\/produits\/lipo-panty-de-contention\/lipo-panty-contention-lipofilling\/s-001-lipo-panty-haut-coupe-mollets\/#primaryimage"},"image":{"@id":"https:\/\/www.soome.be\/produits\/lipo-panty-de-contention\/lipo-panty-contention-lipofilling\/s-001-lipo-panty-haut-coupe-mollets\/#primaryimage"},"thumbnailUrl":"https:\/\/www.soome.be\/wp-content\/uploads\/2023\/06\/products-S001_BD.jpg","datePublished":"2023-06-01T16:48:48+00:00","dateModified":"2026-04-22T13:14:10+00:00","description":"S\/001 LIPO-PANTY HIGH CUT CALVES","breadcrumb":{"@id":"https:\/\/www.soome.be\/produits\/lipo-panty-de-contention\/lipo-panty-contention-lipofilling\/s-001-lipo-panty-haut-coupe-mollets\/#breadcrumb"},"inLanguage":"en-GB","potentialAction":[{"@type":"ReadAction","target":["https:\/\/www.soome.be\/produits\/lipo-panty-de-contention\/lipo-panty-contention-lipofilling\/s-001-lipo-panty-haut-coupe-mollets\/"]}]},{"@type":"ImageObject","inLanguage":"en-GB","@id":"https:\/\/www.soome.be\/produits\/lipo-panty-de-contention\/lipo-panty-contention-lipofilling\/s-001-lipo-panty-haut-coupe-mollets\/#primaryimage","url":"https:\/\/www.soome.be\/wp-content\/uploads\/2023\/06\/products-S001_BD.jpg","contentUrl":"https:\/\/www.soome.be\/wp-content\/uploads\/2023\/06\/products-S001_BD.jpg","width":500,"height":750,"caption":"LIPO-PANTY S\/001 Medical Z"},{"@type":"BreadcrumbList","@id":"https:\/\/www.soome.be\/produits\/lipo-panty-de-contention\/lipo-panty-contention-lipofilling\/s-001-lipo-panty-haut-coupe-mollets\/#breadcrumb","itemListElement":[{"@type":"ListItem","position":1,"name":"Accueil","item":"https:\/\/www.soome.be\/"},{"@type":"ListItem","position":2,"name":"PRODUITS","item":"https:\/\/www.soome.be\/produits\/"},{"@type":"ListItem","position":3,"name":"S\/001 Lipo-panty\u00ae haut, coup\u00e9 mollets"}]},{"@type":"WebSite","@id":"https:\/\/www.soome.be\/#website","url":"https:\/\/www.soome.be\/","name":"SooMe","description":"","potentialAction":[{"@type":"SearchAction","target":{"@type":"EntryPoint","urlTemplate":"https:\/\/www.soome.be\/?s={search_term_string}"},"query-input":{"@type":"PropertyValueSpecification","valueRequired":true,"valueName":"search_term_string"}}],"inLanguage":"en-GB"}]}},"_links":{"self":[{"href":"https:\/\/www.soome.be\/en\/wp-json\/wp\/v2\/product\/6429","targetHints":{"allow":["GET"]}}],"collection":[{"href":"https:\/\/www.soome.be\/en\/wp-json\/wp\/v2\/product"}],"about":[{"href":"https:\/\/www.soome.be\/en\/wp-json\/wp\/v2\/types\/product"}],"replies":[{"embeddable":true,"href":"https:\/\/www.soome.be\/en\/wp-json\/wp\/v2\/comments?post=6429"}],"wp:featuredmedia":[{"embeddable":true,"href":"https:\/\/www.soome.be\/en\/wp-json\/wp\/v2\/media\/6481"}],"wp:attachment":[{"href":"https:\/\/www.soome.be\/en\/wp-json\/wp\/v2\/media?parent=6429"}],"wp:term":[{"taxonomy":"product_brand","embeddable":true,"href":"https:\/\/www.soome.be\/en\/wp-json\/wp\/v2\/product_brand?post=6429"},{"taxonomy":"product_cat","embeddable":true,"href":"https:\/\/www.soome.be\/en\/wp-json\/wp\/v2\/product_cat?post=6429"},{"taxonomy":"product_tag","embeddable":true,"href":"https:\/\/www.soome.be\/en\/wp-json\/wp\/v2\/product_tag?post=6429"},{"taxonomy":"berocket_brand","embeddable":true,"href":"https:\/\/www.soome.be\/en\/wp-json\/wp\/v2\/berocket_brand?post=6429"}],"curies":[{"name":"wp","href":"https:\/\/api.w.org\/{rel}","templated":true}]}}