{"id":6695,"date":"2023-06-01T18:51:08","date_gmt":"2023-06-01T16:51:08","guid":{"rendered":"https:\/\/www.soome.be\/?post_type=product&#038;p=6695"},"modified":"2026-04-22T15:14:36","modified_gmt":"2026-04-22T13:14:36","slug":"s-009-side-closure-with-hooks","status":"publish","type":"product","link":"https:\/\/www.soome.be\/en\/produits\/ceintures-abdominales-post-operatoires-femme\/s-009-fermeture-laterale-par-agrafes\/","title":{"rendered":"S\/009 - Side closure with clips"},"content":{"rendered":"<p><strong>DESCRIPTION:<\/strong><\/p>\n<p>In the form of a panty, the S\/009 Medical Z abdominal belt aims to reduce the inflammatory phase and notably the formation of oedemas, as well as to inhibit associated pain. Furthermore, the uniform compression seeks to prevent the swelling of lesions during their healing phase.<\/p>\n<p>The fabric, combining polyamide and elastane, contributes to this continuous tension, ranging between 17 and 21 mmHg, while preserving the freedom of movement of the pelvis thanks to its elastic qualities. Moreover, the Z S009 Model A belt for women is designed to be practical to put on, thanks to its side fastening system with hooks.<\/p>\n<p><strong>MAINTENANCE :<\/strong><\/p>\n<p>Machine wash up to 30\u00b0C with a soap-based detergent such as Marseille soap. Do not use a dryer. It is recommended to wash the garment before wearing it for the first time.<\/p>\n<p class=\"translation-block\"><strong>COLOR:<\/strong> White \/ Black<\/p>\n<p><strong>SIZE GUIDE:<\/p>\n<p><img fetchpriority=\"high\" decoding=\"async\" class=\"alignnone wp-image-41259 size-large\" src=\"https:\/\/www.abricot-compression.com\/wp-content\/uploads\/2022\/11\/BODY_CEINTUREELEGANCE-1024x552.jpg\" alt=\"\" width=\"800\" height=\"431\" \/><\/p>\n<p><\/strong><\/p>","protected":false},"excerpt":{"rendered":"<p>The S009 belt from Medical Z is a postoperative orthopaedic device. Model A, it may pertain to abdominoplasty, gynaecology, obstetrics, or postpartum care.<\/p>","protected":false},"featured_media":6712,"comment_status":"open","ping_status":"open","template":"","meta":[],"product_brand":[],"product_cat":[70],"product_tag":[],"berocket_brand":[432],"class_list":{"0":"post-6695","1":"product","2":"type-product","3":"status-publish","4":"has-post-thumbnail","6":"product_cat-ceintures-abdominales-post-operatoires-femme","7":"pa_couleurs-blanc-2","8":"pa_couleurs-noir-2","9":"pa_eg_html5_ratio-0-4","10":"pa_eg_soundcloud_ratio-0-5","11":"pa_eg_wistia_ratio-0-3","12":"pa_eg_youtube_ratio-0-2","13":"pa_fb_product_group_id-201","14":"pa_fb_visibility-117","15":"pa_product_brand-medical-z-3","16":"pa_tailles-1-2","17":"pa_tailles-149","18":"pa_tailles-150","19":"pa_tailles-151","20":"pa_tailles-152","21":"pa_tailles-153","22":"pa_tailles-154","23":"pa_thp_upsellpopup_template-template-default","24":"pa_xfgmc_adult-off-2","25":"pa_xfgmc_condition-default","26":"pa_xfgmc_identifier_exists-off","27":"berocket_brand-medical-z","29":"first","30":"instock","31":"taxable","32":"shipping-taxable","33":"purchasable","34":"product-type-variable"},"yoast_head":"<!-- This site is optimized with the Yoast SEO plugin v27.4 - https:\/\/yoast.com\/product\/yoast-seo-wordpress\/ -->\n<title>CEINTURE S\/009 - Fermeture lat\u00e9rale par agrafes SooMe<\/title>\n<meta name=\"description\" content=\"CeintureS\/009 - Fermeture lat\u00e9rale par agrafes dispositif post op\u00e9ratoire. Prescrite suite \u00e0 l&#039;abdomino-plastie, gyn\u00e9cologie, l&#039;obst\u00e9trique ou post partum.\" \/>\n<meta name=\"robots\" content=\"index, follow, max-snippet:-1, max-image-preview:large, max-video-preview:-1\" \/>\n<link rel=\"canonical\" href=\"https:\/\/www.soome.be\/en\/products\/womens-post-op-abdominal-belts\/s-009-side-closure-with-hooks\/\" \/>\n<meta property=\"og:locale\" content=\"en_GB\" \/>\n<meta property=\"og:type\" content=\"article\" \/>\n<meta property=\"og:title\" content=\"CEINTURE S\/009 - Fermeture lat\u00e9rale par agrafes SooMe\" \/>\n<meta property=\"og:description\" content=\"CeintureS\/009 - Fermeture lat\u00e9rale par agrafes dispositif post op\u00e9ratoire. Prescrite suite \u00e0 l&#039;abdomino-plastie, gyn\u00e9cologie, l&#039;obst\u00e9trique ou post partum.\" \/>\n<meta property=\"og:url\" content=\"https:\/\/www.soome.be\/en\/products\/womens-post-op-abdominal-belts\/s-009-side-closure-with-hooks\/\" \/>\n<meta property=\"og:site_name\" content=\"SooMe\" \/>\n<meta property=\"article:modified_time\" content=\"2026-04-22T13:14:36+00:00\" \/>\n<meta property=\"og:image\" content=\"https:\/\/www.soome.be\/wp-content\/uploads\/2023\/06\/products-S009_ceinture_z_basse_BD.jpg\" \/>\n\t<meta property=\"og:image:width\" content=\"1500\" \/>\n\t<meta property=\"og:image:height\" content=\"1350\" \/>\n\t<meta property=\"og:image:type\" content=\"image\/jpeg\" \/>\n<meta name=\"twitter:card\" content=\"summary_large_image\" \/>\n<meta name=\"twitter:label1\" content=\"Estimated reading time\" \/>\n\t<meta name=\"twitter:data1\" content=\"1 minute\" \/>\n<script type=\"application\/ld+json\" class=\"yoast-schema-graph\">{\"@context\":\"https:\\\/\\\/schema.org\",\"@graph\":[{\"@type\":\"WebPage\",\"@id\":\"https:\\\/\\\/www.soome.be\\\/produits\\\/ceintures-abdominales-post-operatoires-femme\\\/s-009-fermeture-laterale-par-agrafes\\\/\",\"url\":\"https:\\\/\\\/www.soome.be\\\/produits\\\/ceintures-abdominales-post-operatoires-femme\\\/s-009-fermeture-laterale-par-agrafes\\\/\",\"name\":\"CEINTURE S\\\/009 - Fermeture lat\u00e9rale par agrafes SooMe\",\"isPartOf\":{\"@id\":\"https:\\\/\\\/www.soome.be\\\/#website\"},\"primaryImageOfPage\":{\"@id\":\"https:\\\/\\\/www.soome.be\\\/produits\\\/ceintures-abdominales-post-operatoires-femme\\\/s-009-fermeture-laterale-par-agrafes\\\/#primaryimage\"},\"image\":{\"@id\":\"https:\\\/\\\/www.soome.be\\\/produits\\\/ceintures-abdominales-post-operatoires-femme\\\/s-009-fermeture-laterale-par-agrafes\\\/#primaryimage\"},\"thumbnailUrl\":\"https:\\\/\\\/www.soome.be\\\/wp-content\\\/uploads\\\/2023\\\/06\\\/products-S009_ceinture_z_basse_BD.jpg\",\"datePublished\":\"2023-06-01T16:51:08+00:00\",\"dateModified\":\"2026-04-22T13:14:36+00:00\",\"description\":\"CeintureS\\\/009 - Fermeture lat\u00e9rale par agrafes dispositif post op\u00e9ratoire. Prescrite suite \u00e0 l'abdomino-plastie, gyn\u00e9cologie, l'obst\u00e9trique ou post partum.\",\"breadcrumb\":{\"@id\":\"https:\\\/\\\/www.soome.be\\\/produits\\\/ceintures-abdominales-post-operatoires-femme\\\/s-009-fermeture-laterale-par-agrafes\\\/#breadcrumb\"},\"inLanguage\":\"en-GB\",\"potentialAction\":[{\"@type\":\"ReadAction\",\"target\":[\"https:\\\/\\\/www.soome.be\\\/produits\\\/ceintures-abdominales-post-operatoires-femme\\\/s-009-fermeture-laterale-par-agrafes\\\/\"]}]},{\"@type\":\"ImageObject\",\"inLanguage\":\"en-GB\",\"@id\":\"https:\\\/\\\/www.soome.be\\\/produits\\\/ceintures-abdominales-post-operatoires-femme\\\/s-009-fermeture-laterale-par-agrafes\\\/#primaryimage\",\"url\":\"https:\\\/\\\/www.soome.be\\\/wp-content\\\/uploads\\\/2023\\\/06\\\/products-S009_ceinture_z_basse_BD.jpg\",\"contentUrl\":\"https:\\\/\\\/www.soome.be\\\/wp-content\\\/uploads\\\/2023\\\/06\\\/products-S009_ceinture_z_basse_BD.jpg\",\"width\":1500,\"height\":1350,\"caption\":\"ceinture abdominale S\\\/009 Medical Z\"},{\"@type\":\"BreadcrumbList\",\"@id\":\"https:\\\/\\\/www.soome.be\\\/produits\\\/ceintures-abdominales-post-operatoires-femme\\\/s-009-fermeture-laterale-par-agrafes\\\/#breadcrumb\",\"itemListElement\":[{\"@type\":\"ListItem\",\"position\":1,\"name\":\"Accueil\",\"item\":\"https:\\\/\\\/www.soome.be\\\/\"},{\"@type\":\"ListItem\",\"position\":2,\"name\":\"PRODUITS\",\"item\":\"https:\\\/\\\/www.soome.be\\\/produits\\\/\"},{\"@type\":\"ListItem\",\"position\":3,\"name\":\"S\\\/009 &#8211; Fermeture lat\u00e9rale par agrafes\"}]},{\"@type\":\"WebSite\",\"@id\":\"https:\\\/\\\/www.soome.be\\\/#website\",\"url\":\"https:\\\/\\\/www.soome.be\\\/\",\"name\":\"SooMe\",\"description\":\"\",\"potentialAction\":[{\"@type\":\"SearchAction\",\"target\":{\"@type\":\"EntryPoint\",\"urlTemplate\":\"https:\\\/\\\/www.soome.be\\\/?s={search_term_string}\"},\"query-input\":{\"@type\":\"PropertyValueSpecification\",\"valueRequired\":true,\"valueName\":\"search_term_string\"}}],\"inLanguage\":\"en-GB\"}]}<\/script>\n<!-- \/ Yoast SEO plugin. -->","yoast_head_json":{"title":"BELT S\/009 - Side fastening with SooMe clips","description":"BeltS\/009 - Lateral staple fastening postoperative device. Prescribed following abdominoplasty, gynaecology, obstetrics or post-partum.","robots":{"index":"index","follow":"follow","max-snippet":"max-snippet:-1","max-image-preview":"max-image-preview:large","max-video-preview":"max-video-preview:-1"},"canonical":"https:\/\/www.soome.be\/en\/products\/womens-post-op-abdominal-belts\/s-009-side-closure-with-hooks\/","og_locale":"en_GB","og_type":"article","og_title":"CEINTURE S\/009 - Fermeture lat\u00e9rale par agrafes SooMe","og_description":"CeintureS\/009 - Fermeture lat\u00e9rale par agrafes dispositif post op\u00e9ratoire. Prescrite suite \u00e0 l'abdomino-plastie, gyn\u00e9cologie, l'obst\u00e9trique ou post partum.","og_url":"https:\/\/www.soome.be\/en\/products\/womens-post-op-abdominal-belts\/s-009-side-closure-with-hooks\/","og_site_name":"SooMe","article_modified_time":"2026-04-22T13:14:36+00:00","og_image":[{"width":1500,"height":1350,"url":"https:\/\/www.soome.be\/wp-content\/uploads\/2023\/06\/products-S009_ceinture_z_basse_BD.jpg","type":"image\/jpeg"}],"twitter_card":"summary_large_image","twitter_misc":{"Estimated reading time":"1 minute"},"schema":{"@context":"https:\/\/schema.org","@graph":[{"@type":"WebPage","@id":"https:\/\/www.soome.be\/produits\/ceintures-abdominales-post-operatoires-femme\/s-009-fermeture-laterale-par-agrafes\/","url":"https:\/\/www.soome.be\/produits\/ceintures-abdominales-post-operatoires-femme\/s-009-fermeture-laterale-par-agrafes\/","name":"BELT S\/009 - Side fastening with SooMe clips","isPartOf":{"@id":"https:\/\/www.soome.be\/#website"},"primaryImageOfPage":{"@id":"https:\/\/www.soome.be\/produits\/ceintures-abdominales-post-operatoires-femme\/s-009-fermeture-laterale-par-agrafes\/#primaryimage"},"image":{"@id":"https:\/\/www.soome.be\/produits\/ceintures-abdominales-post-operatoires-femme\/s-009-fermeture-laterale-par-agrafes\/#primaryimage"},"thumbnailUrl":"https:\/\/www.soome.be\/wp-content\/uploads\/2023\/06\/products-S009_ceinture_z_basse_BD.jpg","datePublished":"2023-06-01T16:51:08+00:00","dateModified":"2026-04-22T13:14:36+00:00","description":"BeltS\/009 - Lateral staple fastening postoperative device. Prescribed following abdominoplasty, gynaecology, obstetrics or post-partum.","breadcrumb":{"@id":"https:\/\/www.soome.be\/produits\/ceintures-abdominales-post-operatoires-femme\/s-009-fermeture-laterale-par-agrafes\/#breadcrumb"},"inLanguage":"en-GB","potentialAction":[{"@type":"ReadAction","target":["https:\/\/www.soome.be\/produits\/ceintures-abdominales-post-operatoires-femme\/s-009-fermeture-laterale-par-agrafes\/"]}]},{"@type":"ImageObject","inLanguage":"en-GB","@id":"https:\/\/www.soome.be\/produits\/ceintures-abdominales-post-operatoires-femme\/s-009-fermeture-laterale-par-agrafes\/#primaryimage","url":"https:\/\/www.soome.be\/wp-content\/uploads\/2023\/06\/products-S009_ceinture_z_basse_BD.jpg","contentUrl":"https:\/\/www.soome.be\/wp-content\/uploads\/2023\/06\/products-S009_ceinture_z_basse_BD.jpg","width":1500,"height":1350,"caption":"ceinture abdominale S\/009 Medical Z"},{"@type":"BreadcrumbList","@id":"https:\/\/www.soome.be\/produits\/ceintures-abdominales-post-operatoires-femme\/s-009-fermeture-laterale-par-agrafes\/#breadcrumb","itemListElement":[{"@type":"ListItem","position":1,"name":"Accueil","item":"https:\/\/www.soome.be\/"},{"@type":"ListItem","position":2,"name":"PRODUITS","item":"https:\/\/www.soome.be\/produits\/"},{"@type":"ListItem","position":3,"name":"S\/009 &#8211; Fermeture lat\u00e9rale par agrafes"}]},{"@type":"WebSite","@id":"https:\/\/www.soome.be\/#website","url":"https:\/\/www.soome.be\/","name":"SooMe","description":"","potentialAction":[{"@type":"SearchAction","target":{"@type":"EntryPoint","urlTemplate":"https:\/\/www.soome.be\/?s={search_term_string}"},"query-input":{"@type":"PropertyValueSpecification","valueRequired":true,"valueName":"search_term_string"}}],"inLanguage":"en-GB"}]}},"_links":{"self":[{"href":"https:\/\/www.soome.be\/en\/wp-json\/wp\/v2\/product\/6695","targetHints":{"allow":["GET"]}}],"collection":[{"href":"https:\/\/www.soome.be\/en\/wp-json\/wp\/v2\/product"}],"about":[{"href":"https:\/\/www.soome.be\/en\/wp-json\/wp\/v2\/types\/product"}],"replies":[{"embeddable":true,"href":"https:\/\/www.soome.be\/en\/wp-json\/wp\/v2\/comments?post=6695"}],"wp:featuredmedia":[{"embeddable":true,"href":"https:\/\/www.soome.be\/en\/wp-json\/wp\/v2\/media\/6712"}],"wp:attachment":[{"href":"https:\/\/www.soome.be\/en\/wp-json\/wp\/v2\/media?parent=6695"}],"wp:term":[{"taxonomy":"product_brand","embeddable":true,"href":"https:\/\/www.soome.be\/en\/wp-json\/wp\/v2\/product_brand?post=6695"},{"taxonomy":"product_cat","embeddable":true,"href":"https:\/\/www.soome.be\/en\/wp-json\/wp\/v2\/product_cat?post=6695"},{"taxonomy":"product_tag","embeddable":true,"href":"https:\/\/www.soome.be\/en\/wp-json\/wp\/v2\/product_tag?post=6695"},{"taxonomy":"berocket_brand","embeddable":true,"href":"https:\/\/www.soome.be\/en\/wp-json\/wp\/v2\/berocket_brand?post=6695"}],"curies":[{"name":"wp","href":"https:\/\/api.w.org\/{rel}","templated":true}]}}