{"id":6714,"date":"2023-06-01T18:51:10","date_gmt":"2023-06-01T16:51:10","guid":{"rendered":"https:\/\/www.soome.be\/?post_type=product&#038;p=6714"},"modified":"2026-04-22T15:14:41","modified_gmt":"2026-04-22T13:14:41","slug":"s-032-centrale-closure-with-hooks","status":"publish","type":"product","link":"https:\/\/www.soome.be\/en\/produits\/ceintures-abdominales-post-operatoires-femme\/s-032-fermeture-centrale-par-agrafes\/","title":{"rendered":"S\/032 - Central staple fastener"},"content":{"rendered":"<p><strong>DESCRIPTION:<\/strong><\/p>\n<p>Abdominal plasties are quite diverse. They can be related to the repair of internal lesions, such as those of the abdominal muscles, organs, in case of hernia for example, or to remove excess fat and stretch marks. In all cases, these surgical procedures cause scarring and the probable formation of edema. The Z S032 abdominal compression belt attaches around the belly to protect the scars of traditional clothing and prevent their re-opening. This model has a central closure suitable for lateral scarring, even if the staple system prevents the risk of damage induced by a zipper. In addition, its structure with crotch leg performs a double tension, vertical and horizontal from the pubis.<\/p>\n<p><strong>MAINTENANCE :<\/strong><\/p>\n<p>Machine wash up to 30\u00b0C with a soap-based detergent such as Marseille soap. Do not use a dryer. It is recommended to wash the garment before wearing it for the first time.<\/p>\n<p class=\"translation-block\"><strong>COLOR:<\/strong> White \/ Black<\/p>\n<p><strong>SIZE GUIDE:<\/p>\n<p><img fetchpriority=\"high\" decoding=\"async\" class=\"alignnone wp-image-41259 size-large\" src=\"https:\/\/www.abricot-compression.com\/wp-content\/uploads\/2022\/11\/BODY_CEINTUREELEGANCE-1024x552.jpg\" alt=\"\" width=\"800\" height=\"431\" \/><\/p>\n<p><\/strong><\/p>","protected":false},"excerpt":{"rendered":"<p>The Z S032 belt is a post-operative garment developed by Medical Z for women who have undergone abdominal surgery or after childbirth. In the first case, the purpose of this compression device is to compress scars and reduce edema. In the second, this compression helps to tighten the skin to prevent the development of a ventral apron.<\/p>","protected":false},"featured_media":6731,"comment_status":"open","ping_status":"open","template":"","meta":[],"product_brand":[],"product_cat":[70],"product_tag":[144,53,379,380],"berocket_brand":[432],"class_list":{"0":"post-6714","1":"product","2":"type-product","3":"status-publish","4":"has-post-thumbnail","6":"product_cat-ceintures-abdominales-post-operatoires-femme","7":"product_tag-ceinture-abdominale","8":"product_tag-medical-z","9":"product_tag-s-032","10":"product_tag-s032","11":"pa_couleurs-blanc-2","12":"pa_couleurs-noir-2","13":"pa_eg_html5_ratio-0-4","14":"pa_eg_soundcloud_ratio-0-5","15":"pa_eg_wistia_ratio-0-3","16":"pa_eg_youtube_ratio-0-2","17":"pa_fb_product_group_id-201","18":"pa_fb_visibility-117","19":"pa_product_brand-medical-z-3","20":"pa_tailles-1-2","21":"pa_tailles-149","22":"pa_tailles-150","23":"pa_tailles-151","24":"pa_tailles-152","25":"pa_tailles-153","26":"pa_tailles-154","27":"pa_thp_upsellpopup_template-template-default","28":"pa_xfgmc_adult-off-2","29":"pa_xfgmc_condition-default","30":"pa_xfgmc_identifier_exists-off","31":"berocket_brand-medical-z","33":"first","34":"instock","35":"taxable","36":"shipping-taxable","37":"purchasable","38":"product-type-variable"},"yoast_head":"<!-- This site is optimized with the Yoast SEO plugin v27.4 - https:\/\/yoast.com\/product\/yoast-seo-wordpress\/ -->\n<title>CeintureS\/032 - Fermeture centrale par agrafes SooMe<\/title>\n<meta name=\"description\" content=\"S\/032 - Fermeture centrale par agrafes est un v\u00eatement compressif \u00e0 destination des femmes qui ont subi une chirurgie de l&#039;abdomen ou apr\u00e8s un accouchement.\" \/>\n<meta name=\"robots\" content=\"index, follow, max-snippet:-1, max-image-preview:large, max-video-preview:-1\" \/>\n<link rel=\"canonical\" href=\"https:\/\/www.soome.be\/en\/products\/womens-post-op-abdominal-belts\/s-032-centrale-closure-with-hooks\/\" \/>\n<meta property=\"og:locale\" content=\"en_GB\" \/>\n<meta property=\"og:type\" content=\"article\" \/>\n<meta property=\"og:title\" content=\"CeintureS\/032 - Fermeture centrale par agrafes SooMe\" \/>\n<meta property=\"og:description\" content=\"S\/032 - Fermeture centrale par agrafes est un v\u00eatement compressif \u00e0 destination des femmes qui ont subi une chirurgie de l&#039;abdomen ou apr\u00e8s un accouchement.\" \/>\n<meta property=\"og:url\" content=\"https:\/\/www.soome.be\/en\/products\/womens-post-op-abdominal-belts\/s-032-centrale-closure-with-hooks\/\" \/>\n<meta property=\"og:site_name\" content=\"SooMe\" \/>\n<meta property=\"article:modified_time\" content=\"2026-04-22T13:14:41+00:00\" \/>\n<meta property=\"og:image\" content=\"https:\/\/www.soome.be\/wp-content\/uploads\/2023\/06\/products-S032_570x620.jpg\" \/>\n\t<meta property=\"og:image:width\" content=\"570\" \/>\n\t<meta property=\"og:image:height\" content=\"620\" \/>\n\t<meta property=\"og:image:type\" content=\"image\/jpeg\" \/>\n<meta name=\"twitter:card\" content=\"summary_large_image\" \/>\n<meta name=\"twitter:label1\" content=\"Estimated reading time\" \/>\n\t<meta name=\"twitter:data1\" content=\"1 minute\" \/>\n<script type=\"application\/ld+json\" class=\"yoast-schema-graph\">{\"@context\":\"https:\\\/\\\/schema.org\",\"@graph\":[{\"@type\":\"WebPage\",\"@id\":\"https:\\\/\\\/www.soome.be\\\/produits\\\/ceintures-abdominales-post-operatoires-femme\\\/s-032-fermeture-centrale-par-agrafes\\\/\",\"url\":\"https:\\\/\\\/www.soome.be\\\/produits\\\/ceintures-abdominales-post-operatoires-femme\\\/s-032-fermeture-centrale-par-agrafes\\\/\",\"name\":\"CeintureS\\\/032 - Fermeture centrale par agrafes SooMe\",\"isPartOf\":{\"@id\":\"https:\\\/\\\/www.soome.be\\\/#website\"},\"primaryImageOfPage\":{\"@id\":\"https:\\\/\\\/www.soome.be\\\/produits\\\/ceintures-abdominales-post-operatoires-femme\\\/s-032-fermeture-centrale-par-agrafes\\\/#primaryimage\"},\"image\":{\"@id\":\"https:\\\/\\\/www.soome.be\\\/produits\\\/ceintures-abdominales-post-operatoires-femme\\\/s-032-fermeture-centrale-par-agrafes\\\/#primaryimage\"},\"thumbnailUrl\":\"https:\\\/\\\/www.soome.be\\\/wp-content\\\/uploads\\\/2023\\\/06\\\/products-S032_570x620.jpg\",\"datePublished\":\"2023-06-01T16:51:10+00:00\",\"dateModified\":\"2026-04-22T13:14:41+00:00\",\"description\":\"S\\\/032 - Fermeture centrale par agrafes est un v\u00eatement compressif \u00e0 destination des femmes qui ont subi une chirurgie de l'abdomen ou apr\u00e8s un accouchement.\",\"breadcrumb\":{\"@id\":\"https:\\\/\\\/www.soome.be\\\/produits\\\/ceintures-abdominales-post-operatoires-femme\\\/s-032-fermeture-centrale-par-agrafes\\\/#breadcrumb\"},\"inLanguage\":\"en-GB\",\"potentialAction\":[{\"@type\":\"ReadAction\",\"target\":[\"https:\\\/\\\/www.soome.be\\\/produits\\\/ceintures-abdominales-post-operatoires-femme\\\/s-032-fermeture-centrale-par-agrafes\\\/\"]}]},{\"@type\":\"ImageObject\",\"inLanguage\":\"en-GB\",\"@id\":\"https:\\\/\\\/www.soome.be\\\/produits\\\/ceintures-abdominales-post-operatoires-femme\\\/s-032-fermeture-centrale-par-agrafes\\\/#primaryimage\",\"url\":\"https:\\\/\\\/www.soome.be\\\/wp-content\\\/uploads\\\/2023\\\/06\\\/products-S032_570x620.jpg\",\"contentUrl\":\"https:\\\/\\\/www.soome.be\\\/wp-content\\\/uploads\\\/2023\\\/06\\\/products-S032_570x620.jpg\",\"width\":570,\"height\":620,\"caption\":\"ceinture abdominale S\\\/032 Medical Z\"},{\"@type\":\"BreadcrumbList\",\"@id\":\"https:\\\/\\\/www.soome.be\\\/produits\\\/ceintures-abdominales-post-operatoires-femme\\\/s-032-fermeture-centrale-par-agrafes\\\/#breadcrumb\",\"itemListElement\":[{\"@type\":\"ListItem\",\"position\":1,\"name\":\"Accueil\",\"item\":\"https:\\\/\\\/www.soome.be\\\/\"},{\"@type\":\"ListItem\",\"position\":2,\"name\":\"PRODUITS\",\"item\":\"https:\\\/\\\/www.soome.be\\\/produits\\\/\"},{\"@type\":\"ListItem\",\"position\":3,\"name\":\"S\\\/032 &#8211; Fermeture centrale par agrafes\"}]},{\"@type\":\"WebSite\",\"@id\":\"https:\\\/\\\/www.soome.be\\\/#website\",\"url\":\"https:\\\/\\\/www.soome.be\\\/\",\"name\":\"SooMe\",\"description\":\"\",\"potentialAction\":[{\"@type\":\"SearchAction\",\"target\":{\"@type\":\"EntryPoint\",\"urlTemplate\":\"https:\\\/\\\/www.soome.be\\\/?s={search_term_string}\"},\"query-input\":{\"@type\":\"PropertyValueSpecification\",\"valueRequired\":true,\"valueName\":\"search_term_string\"}}],\"inLanguage\":\"en-GB\"}]}<\/script>\n<!-- \/ Yoast SEO plugin. -->","yoast_head_json":{"title":"CeintureS\/032 - Central fastening with SooMe clips","description":"S\/032 - Central staple fastening is a compression garment for women who have undergone abdominal surgery or after childbirth.","robots":{"index":"index","follow":"follow","max-snippet":"max-snippet:-1","max-image-preview":"max-image-preview:large","max-video-preview":"max-video-preview:-1"},"canonical":"https:\/\/www.soome.be\/en\/products\/womens-post-op-abdominal-belts\/s-032-centrale-closure-with-hooks\/","og_locale":"en_GB","og_type":"article","og_title":"CeintureS\/032 - Fermeture centrale par agrafes SooMe","og_description":"S\/032 - Fermeture centrale par agrafes est un v\u00eatement compressif \u00e0 destination des femmes qui ont subi une chirurgie de l'abdomen ou apr\u00e8s un accouchement.","og_url":"https:\/\/www.soome.be\/en\/products\/womens-post-op-abdominal-belts\/s-032-centrale-closure-with-hooks\/","og_site_name":"SooMe","article_modified_time":"2026-04-22T13:14:41+00:00","og_image":[{"width":570,"height":620,"url":"https:\/\/www.soome.be\/wp-content\/uploads\/2023\/06\/products-S032_570x620.jpg","type":"image\/jpeg"}],"twitter_card":"summary_large_image","twitter_misc":{"Estimated reading time":"1 minute"},"schema":{"@context":"https:\/\/schema.org","@graph":[{"@type":"WebPage","@id":"https:\/\/www.soome.be\/produits\/ceintures-abdominales-post-operatoires-femme\/s-032-fermeture-centrale-par-agrafes\/","url":"https:\/\/www.soome.be\/produits\/ceintures-abdominales-post-operatoires-femme\/s-032-fermeture-centrale-par-agrafes\/","name":"CeintureS\/032 - Central fastening with SooMe clips","isPartOf":{"@id":"https:\/\/www.soome.be\/#website"},"primaryImageOfPage":{"@id":"https:\/\/www.soome.be\/produits\/ceintures-abdominales-post-operatoires-femme\/s-032-fermeture-centrale-par-agrafes\/#primaryimage"},"image":{"@id":"https:\/\/www.soome.be\/produits\/ceintures-abdominales-post-operatoires-femme\/s-032-fermeture-centrale-par-agrafes\/#primaryimage"},"thumbnailUrl":"https:\/\/www.soome.be\/wp-content\/uploads\/2023\/06\/products-S032_570x620.jpg","datePublished":"2023-06-01T16:51:10+00:00","dateModified":"2026-04-22T13:14:41+00:00","description":"S\/032 - Central staple fastening is a compression garment for women who have undergone abdominal surgery or after childbirth.","breadcrumb":{"@id":"https:\/\/www.soome.be\/produits\/ceintures-abdominales-post-operatoires-femme\/s-032-fermeture-centrale-par-agrafes\/#breadcrumb"},"inLanguage":"en-GB","potentialAction":[{"@type":"ReadAction","target":["https:\/\/www.soome.be\/produits\/ceintures-abdominales-post-operatoires-femme\/s-032-fermeture-centrale-par-agrafes\/"]}]},{"@type":"ImageObject","inLanguage":"en-GB","@id":"https:\/\/www.soome.be\/produits\/ceintures-abdominales-post-operatoires-femme\/s-032-fermeture-centrale-par-agrafes\/#primaryimage","url":"https:\/\/www.soome.be\/wp-content\/uploads\/2023\/06\/products-S032_570x620.jpg","contentUrl":"https:\/\/www.soome.be\/wp-content\/uploads\/2023\/06\/products-S032_570x620.jpg","width":570,"height":620,"caption":"ceinture abdominale S\/032 Medical Z"},{"@type":"BreadcrumbList","@id":"https:\/\/www.soome.be\/produits\/ceintures-abdominales-post-operatoires-femme\/s-032-fermeture-centrale-par-agrafes\/#breadcrumb","itemListElement":[{"@type":"ListItem","position":1,"name":"Accueil","item":"https:\/\/www.soome.be\/"},{"@type":"ListItem","position":2,"name":"PRODUITS","item":"https:\/\/www.soome.be\/produits\/"},{"@type":"ListItem","position":3,"name":"S\/032 &#8211; Fermeture centrale par agrafes"}]},{"@type":"WebSite","@id":"https:\/\/www.soome.be\/#website","url":"https:\/\/www.soome.be\/","name":"SooMe","description":"","potentialAction":[{"@type":"SearchAction","target":{"@type":"EntryPoint","urlTemplate":"https:\/\/www.soome.be\/?s={search_term_string}"},"query-input":{"@type":"PropertyValueSpecification","valueRequired":true,"valueName":"search_term_string"}}],"inLanguage":"en-GB"}]}},"_links":{"self":[{"href":"https:\/\/www.soome.be\/en\/wp-json\/wp\/v2\/product\/6714","targetHints":{"allow":["GET"]}}],"collection":[{"href":"https:\/\/www.soome.be\/en\/wp-json\/wp\/v2\/product"}],"about":[{"href":"https:\/\/www.soome.be\/en\/wp-json\/wp\/v2\/types\/product"}],"replies":[{"embeddable":true,"href":"https:\/\/www.soome.be\/en\/wp-json\/wp\/v2\/comments?post=6714"}],"wp:featuredmedia":[{"embeddable":true,"href":"https:\/\/www.soome.be\/en\/wp-json\/wp\/v2\/media\/6731"}],"wp:attachment":[{"href":"https:\/\/www.soome.be\/en\/wp-json\/wp\/v2\/media?parent=6714"}],"wp:term":[{"taxonomy":"product_brand","embeddable":true,"href":"https:\/\/www.soome.be\/en\/wp-json\/wp\/v2\/product_brand?post=6714"},{"taxonomy":"product_cat","embeddable":true,"href":"https:\/\/www.soome.be\/en\/wp-json\/wp\/v2\/product_cat?post=6714"},{"taxonomy":"product_tag","embeddable":true,"href":"https:\/\/www.soome.be\/en\/wp-json\/wp\/v2\/product_tag?post=6714"},{"taxonomy":"berocket_brand","embeddable":true,"href":"https:\/\/www.soome.be\/en\/wp-json\/wp\/v2\/berocket_brand?post=6714"}],"curies":[{"name":"wp","href":"https:\/\/api.w.org\/{rel}","templated":true}]}}