{"id":6732,"date":"2023-06-01T18:51:29","date_gmt":"2023-06-01T16:51:29","guid":{"rendered":"https:\/\/www.soome.be\/?post_type=product&#038;p=6732"},"modified":"2026-04-22T15:14:41","modified_gmt":"2026-04-22T13:14:41","slug":"chic-embody-bra","status":"publish","type":"product","link":"https:\/\/www.soome.be\/en\/produits\/soutiens-gorge\/soutiens-gorge-post-operatoires-femme\/soutien-gorge-chic-embody\/","title":{"rendered":"Chic Embody bra"},"content":{"rendered":"<p><strong>DESCRIPTION:\u00a0<\/strong><\/p>\n<p>The Embody black Chic bra represents the perfect combination of comfort and refinement thanks to the mix of our high-tech fabric and Lyon embroidery.<\/p>\n<p>The look is ultra-modern, between opacity and luxurious openwork embroidery sublimating the back and neckline.<\/p>\n<p>Its nesting shape envelops the chest in a reassuring way and offers a very feminine rounded neckline: the post-operative becomes chic!<\/p>\n<p>The fabric developed by our team provides an ideal support and comfort, without compressing the chest.<\/p>\n<p><strong>CHARACTERISTICS :<\/strong><\/p>\n<p>Patented model &amp; technology. Medical device class 1 \u2013 CE<\/p>\n<p>- Easy clip closure at front<\/p>\n<p>- Thermobonded finishes<\/p>\n<p>- Smooth appearance (fine grain) avoids scarring and promotes healing<\/p>\n<p>- Detachable and adjustable straps<\/p>\n<p>- Soft, breathable chest band<\/p>\n<p>\u2013 Free internal prosthesis pocket available on request<\/p>\n<p><strong>FABRIC :<\/strong><\/p>\n<p>\u2013 Lightweight, breathable warp &amp; weft fabric<\/p>\n<p>\u2013 Lyon based embroidery<\/p>\n<p><strong>MAINTENANCE :<\/strong><\/p>\n<p>Cleaning 30\u00b0C water + soap<\/p>\n<p>no dryer<\/p>\n<p><strong>COLOR :<\/strong> black\/powdered pink<\/p>\n<p>SIZE GUIDE:<\/p>\n<p><img fetchpriority=\"high\" decoding=\"async\" class=\"alignnone wp-image-41306\" src=\"https:\/\/www.abricot-compression.com\/wp-content\/uploads\/2022\/11\/guide-des-tailles-embody-1024x778.png\" alt=\"\" width=\"1000\" height=\"760\" \/><\/p>","protected":false},"excerpt":{"rendered":"<p><em>immediate post-operative<\/em><\/p>\n<p><em>Patented model &amp; technology. Medical device class 1 \u2013 CE<\/em><\/p>\n<p>Ideal after breast augmentation (fat transfer or implants), reduction, reconstruction or facelift.<\/p>","protected":false},"featured_media":6742,"comment_status":"open","ping_status":"closed","template":"","meta":[],"product_brand":[],"product_cat":[69],"product_tag":[],"berocket_brand":[436],"class_list":{"0":"post-6732","1":"product","2":"type-product","3":"status-publish","4":"has-post-thumbnail","6":"product_cat-soutiens-gorge-post-operatoires-femme","7":"pa_bonnets-b-2","8":"pa_bonnets-c-2","9":"pa_bonnets-d-2","10":"pa_couleurs-noir-2","11":"pa_eg_html5_ratio-0-4","12":"pa_eg_soundcloud_ratio-0-5","13":"pa_eg_wistia_ratio-0-3","14":"pa_eg_youtube_ratio-0-2","15":"pa_fb_product_group_id-166","16":"pa_fb_visibility-117","17":"pa_product_brand-embody-2","18":"pa_tailles-85-3","19":"pa_tailles-90-3","20":"pa_tailles-95-3","21":"pa_thp_upsellpopup_template-template-default","22":"pa_xfgmc_adult-off-2","23":"pa_xfgmc_condition-default","24":"pa_xfgmc_identifier_exists-off","25":"berocket_brand-embody","27":"first","28":"instock","29":"taxable","30":"shipping-taxable","31":"purchasable","32":"product-type-variable"},"yoast_head":"<!-- This site is optimized with the Yoast SEO plugin v27.4 - https:\/\/yoast.com\/product\/yoast-seo-wordpress\/ -->\n<title>Soutien-gorge chic posto-p\u00e9ratoire EMBODY<\/title>\n<meta name=\"description\" content=\"Le soutien-gorge Chic noir Embody est d\u00e9al apr\u00e8s une intervention mammaire de type augmentation, r\u00e9duction, reconstruction ou lifting.\" \/>\n<meta name=\"robots\" content=\"index, follow, max-snippet:-1, max-image-preview:large, max-video-preview:-1\" \/>\n<link rel=\"canonical\" href=\"https:\/\/www.soome.be\/en\/products\/bras\/womens-post-op-bras\/chic-embody-bra\/\" \/>\n<meta property=\"og:locale\" content=\"en_GB\" \/>\n<meta property=\"og:type\" content=\"article\" \/>\n<meta property=\"og:title\" content=\"Soutien-gorge chic posto-p\u00e9ratoire EMBODY\" \/>\n<meta property=\"og:description\" content=\"Le soutien-gorge Chic noir Embody est d\u00e9al apr\u00e8s une intervention mammaire de type augmentation, r\u00e9duction, reconstruction ou lifting.\" \/>\n<meta property=\"og:url\" content=\"https:\/\/www.soome.be\/en\/products\/bras\/womens-post-op-bras\/chic-embody-bra\/\" \/>\n<meta property=\"og:site_name\" content=\"SooMe\" \/>\n<meta property=\"article:modified_time\" content=\"2026-04-22T13:14:41+00:00\" \/>\n<meta property=\"og:image\" content=\"https:\/\/www.soome.be\/wp-content\/uploads\/2023\/06\/products-soutiens-gorge-chic-3.png\" \/>\n\t<meta property=\"og:image:width\" content=\"950\" \/>\n\t<meta property=\"og:image:height\" content=\"1424\" \/>\n\t<meta property=\"og:image:type\" content=\"image\/jpeg\" \/>\n<meta name=\"twitter:card\" content=\"summary_large_image\" \/>\n<meta name=\"twitter:label1\" content=\"Estimated reading time\" \/>\n\t<meta name=\"twitter:data1\" content=\"1 minute\" \/>\n<script type=\"application\/ld+json\" class=\"yoast-schema-graph\">{\"@context\":\"https:\\\/\\\/schema.org\",\"@graph\":[{\"@type\":\"WebPage\",\"@id\":\"https:\\\/\\\/www.soome.be\\\/produits\\\/soutiens-gorge\\\/soutiens-gorge-post-operatoires-femme\\\/soutien-gorge-chic-embody\\\/\",\"url\":\"https:\\\/\\\/www.soome.be\\\/produits\\\/soutiens-gorge\\\/soutiens-gorge-post-operatoires-femme\\\/soutien-gorge-chic-embody\\\/\",\"name\":\"Soutien-gorge chic posto-p\u00e9ratoire EMBODY\",\"isPartOf\":{\"@id\":\"https:\\\/\\\/www.soome.be\\\/#website\"},\"primaryImageOfPage\":{\"@id\":\"https:\\\/\\\/www.soome.be\\\/produits\\\/soutiens-gorge\\\/soutiens-gorge-post-operatoires-femme\\\/soutien-gorge-chic-embody\\\/#primaryimage\"},\"image\":{\"@id\":\"https:\\\/\\\/www.soome.be\\\/produits\\\/soutiens-gorge\\\/soutiens-gorge-post-operatoires-femme\\\/soutien-gorge-chic-embody\\\/#primaryimage\"},\"thumbnailUrl\":\"https:\\\/\\\/www.soome.be\\\/wp-content\\\/uploads\\\/2023\\\/06\\\/products-soutiens-gorge-chic-3.png\",\"datePublished\":\"2023-06-01T16:51:29+00:00\",\"dateModified\":\"2026-04-22T13:14:41+00:00\",\"description\":\"Le soutien-gorge Chic noir Embody est d\u00e9al apr\u00e8s une intervention mammaire de type augmentation, r\u00e9duction, reconstruction ou lifting.\",\"breadcrumb\":{\"@id\":\"https:\\\/\\\/www.soome.be\\\/produits\\\/soutiens-gorge\\\/soutiens-gorge-post-operatoires-femme\\\/soutien-gorge-chic-embody\\\/#breadcrumb\"},\"inLanguage\":\"en-GB\",\"potentialAction\":[{\"@type\":\"ReadAction\",\"target\":[\"https:\\\/\\\/www.soome.be\\\/produits\\\/soutiens-gorge\\\/soutiens-gorge-post-operatoires-femme\\\/soutien-gorge-chic-embody\\\/\"]}]},{\"@type\":\"ImageObject\",\"inLanguage\":\"en-GB\",\"@id\":\"https:\\\/\\\/www.soome.be\\\/produits\\\/soutiens-gorge\\\/soutiens-gorge-post-operatoires-femme\\\/soutien-gorge-chic-embody\\\/#primaryimage\",\"url\":\"https:\\\/\\\/www.soome.be\\\/wp-content\\\/uploads\\\/2023\\\/06\\\/products-soutiens-gorge-chic-3.png\",\"contentUrl\":\"https:\\\/\\\/www.soome.be\\\/wp-content\\\/uploads\\\/2023\\\/06\\\/products-soutiens-gorge-chic-3.png\",\"width\":950,\"height\":1424,\"caption\":\"Soutien-gorge chic Embody EMBODY\"},{\"@type\":\"BreadcrumbList\",\"@id\":\"https:\\\/\\\/www.soome.be\\\/produits\\\/soutiens-gorge\\\/soutiens-gorge-post-operatoires-femme\\\/soutien-gorge-chic-embody\\\/#breadcrumb\",\"itemListElement\":[{\"@type\":\"ListItem\",\"position\":1,\"name\":\"Accueil\",\"item\":\"https:\\\/\\\/www.soome.be\\\/\"},{\"@type\":\"ListItem\",\"position\":2,\"name\":\"PRODUITS\",\"item\":\"https:\\\/\\\/www.soome.be\\\/produits\\\/\"},{\"@type\":\"ListItem\",\"position\":3,\"name\":\"Soutien-gorge chic Embody\"}]},{\"@type\":\"WebSite\",\"@id\":\"https:\\\/\\\/www.soome.be\\\/#website\",\"url\":\"https:\\\/\\\/www.soome.be\\\/\",\"name\":\"SooMe\",\"description\":\"\",\"potentialAction\":[{\"@type\":\"SearchAction\",\"target\":{\"@type\":\"EntryPoint\",\"urlTemplate\":\"https:\\\/\\\/www.soome.be\\\/?s={search_term_string}\"},\"query-input\":{\"@type\":\"PropertyValueSpecification\",\"valueRequired\":true,\"valueName\":\"search_term_string\"}}],\"inLanguage\":\"en-GB\"}]}<\/script>\n<!-- \/ Yoast SEO plugin. -->","yoast_head_json":{"title":"EMBODY postoperative chic bra","description":"The Chic black Embody bra is ideal after breast augmentation, reduction, reconstruction or lifting.","robots":{"index":"index","follow":"follow","max-snippet":"max-snippet:-1","max-image-preview":"max-image-preview:large","max-video-preview":"max-video-preview:-1"},"canonical":"https:\/\/www.soome.be\/en\/products\/bras\/womens-post-op-bras\/chic-embody-bra\/","og_locale":"en_GB","og_type":"article","og_title":"Soutien-gorge chic posto-p\u00e9ratoire EMBODY","og_description":"Le soutien-gorge Chic noir Embody est d\u00e9al apr\u00e8s une intervention mammaire de type augmentation, r\u00e9duction, reconstruction ou lifting.","og_url":"https:\/\/www.soome.be\/en\/products\/bras\/womens-post-op-bras\/chic-embody-bra\/","og_site_name":"SooMe","article_modified_time":"2026-04-22T13:14:41+00:00","og_image":[{"width":950,"height":1424,"url":"https:\/\/www.soome.be\/wp-content\/uploads\/2023\/06\/products-soutiens-gorge-chic-3.png","type":"image\/jpeg"}],"twitter_card":"summary_large_image","twitter_misc":{"Estimated reading time":"1 minute"},"schema":{"@context":"https:\/\/schema.org","@graph":[{"@type":"WebPage","@id":"https:\/\/www.soome.be\/produits\/soutiens-gorge\/soutiens-gorge-post-operatoires-femme\/soutien-gorge-chic-embody\/","url":"https:\/\/www.soome.be\/produits\/soutiens-gorge\/soutiens-gorge-post-operatoires-femme\/soutien-gorge-chic-embody\/","name":"EMBODY postoperative chic bra","isPartOf":{"@id":"https:\/\/www.soome.be\/#website"},"primaryImageOfPage":{"@id":"https:\/\/www.soome.be\/produits\/soutiens-gorge\/soutiens-gorge-post-operatoires-femme\/soutien-gorge-chic-embody\/#primaryimage"},"image":{"@id":"https:\/\/www.soome.be\/produits\/soutiens-gorge\/soutiens-gorge-post-operatoires-femme\/soutien-gorge-chic-embody\/#primaryimage"},"thumbnailUrl":"https:\/\/www.soome.be\/wp-content\/uploads\/2023\/06\/products-soutiens-gorge-chic-3.png","datePublished":"2023-06-01T16:51:29+00:00","dateModified":"2026-04-22T13:14:41+00:00","description":"The Chic black Embody bra is ideal after breast augmentation, reduction, reconstruction or lifting.","breadcrumb":{"@id":"https:\/\/www.soome.be\/produits\/soutiens-gorge\/soutiens-gorge-post-operatoires-femme\/soutien-gorge-chic-embody\/#breadcrumb"},"inLanguage":"en-GB","potentialAction":[{"@type":"ReadAction","target":["https:\/\/www.soome.be\/produits\/soutiens-gorge\/soutiens-gorge-post-operatoires-femme\/soutien-gorge-chic-embody\/"]}]},{"@type":"ImageObject","inLanguage":"en-GB","@id":"https:\/\/www.soome.be\/produits\/soutiens-gorge\/soutiens-gorge-post-operatoires-femme\/soutien-gorge-chic-embody\/#primaryimage","url":"https:\/\/www.soome.be\/wp-content\/uploads\/2023\/06\/products-soutiens-gorge-chic-3.png","contentUrl":"https:\/\/www.soome.be\/wp-content\/uploads\/2023\/06\/products-soutiens-gorge-chic-3.png","width":950,"height":1424,"caption":"Soutien-gorge chic Embody EMBODY"},{"@type":"BreadcrumbList","@id":"https:\/\/www.soome.be\/produits\/soutiens-gorge\/soutiens-gorge-post-operatoires-femme\/soutien-gorge-chic-embody\/#breadcrumb","itemListElement":[{"@type":"ListItem","position":1,"name":"Accueil","item":"https:\/\/www.soome.be\/"},{"@type":"ListItem","position":2,"name":"PRODUITS","item":"https:\/\/www.soome.be\/produits\/"},{"@type":"ListItem","position":3,"name":"Soutien-gorge chic Embody"}]},{"@type":"WebSite","@id":"https:\/\/www.soome.be\/#website","url":"https:\/\/www.soome.be\/","name":"SooMe","description":"","potentialAction":[{"@type":"SearchAction","target":{"@type":"EntryPoint","urlTemplate":"https:\/\/www.soome.be\/?s={search_term_string}"},"query-input":{"@type":"PropertyValueSpecification","valueRequired":true,"valueName":"search_term_string"}}],"inLanguage":"en-GB"}]}},"_links":{"self":[{"href":"https:\/\/www.soome.be\/en\/wp-json\/wp\/v2\/product\/6732","targetHints":{"allow":["GET"]}}],"collection":[{"href":"https:\/\/www.soome.be\/en\/wp-json\/wp\/v2\/product"}],"about":[{"href":"https:\/\/www.soome.be\/en\/wp-json\/wp\/v2\/types\/product"}],"replies":[{"embeddable":true,"href":"https:\/\/www.soome.be\/en\/wp-json\/wp\/v2\/comments?post=6732"}],"wp:featuredmedia":[{"embeddable":true,"href":"https:\/\/www.soome.be\/en\/wp-json\/wp\/v2\/media\/6742"}],"wp:attachment":[{"href":"https:\/\/www.soome.be\/en\/wp-json\/wp\/v2\/media?parent=6732"}],"wp:term":[{"taxonomy":"product_brand","embeddable":true,"href":"https:\/\/www.soome.be\/en\/wp-json\/wp\/v2\/product_brand?post=6732"},{"taxonomy":"product_cat","embeddable":true,"href":"https:\/\/www.soome.be\/en\/wp-json\/wp\/v2\/product_cat?post=6732"},{"taxonomy":"product_tag","embeddable":true,"href":"https:\/\/www.soome.be\/en\/wp-json\/wp\/v2\/product_tag?post=6732"},{"taxonomy":"berocket_brand","embeddable":true,"href":"https:\/\/www.soome.be\/en\/wp-json\/wp\/v2\/berocket_brand?post=6732"}],"curies":[{"name":"wp","href":"https:\/\/api.w.org\/{rel}","templated":true}]}}