{"id":6745,"date":"2023-06-01T18:52:04","date_gmt":"2023-06-01T16:52:04","guid":{"rendered":"https:\/\/www.soome.be\/?post_type=product&#038;p=6745"},"modified":"2026-04-22T15:14:45","modified_gmt":"2026-04-22T13:14:45","slug":"paris-bra","status":"publish","type":"product","link":"https:\/\/www.soome.be\/en\/produits\/soutiens-gorge\/soutiens-gorge-post-operatoires-femme\/soutien-gorge-paris\/","title":{"rendered":"Paris bra"},"content":{"rendered":"<p><strong>DESCRIPTION:\u00a0<\/strong><\/p>\n<p>Le soutien-gorge Paris Embody est id\u00e9al apr\u00e8s une chirurgie\u00a0mammaire.<\/p>\n<p>Les bonnets moul\u00e9s sans coutures \u00e9pousent parfaitement la poitrine.<\/p>\n<p>Le bandeau sous-mammaire est large pour un maximum de confort, recouvert du tissu pour une esth\u00e9tique harmonieuse.<\/p>\n<p>La dentelle se pose de fa\u00e7on d\u00e9licate tout au long du d\u00e9collet\u00e9, apportant galbe et f\u00e9minit\u00e9.<\/p>\n<p>Les bretelles amovibles s&rsquo;ouvrent sur le devant. Larges, pour le confort de l&rsquo;\u00e9paule au soutien n\u00e9cessaire, elles s&rsquo;habillent de dentelle et d&rsquo;un n\u0153ud qui cache le syst\u00e8me d&rsquo;ouverture.<\/p>\n<p><strong>CHARACTERISTICS :<\/strong><\/p>\n<p><em>Patented model &amp; technology. Medical device class 1 \u2013 CE<\/em><\/p>\n<p>- Easy clip closure at front<\/p>\n<p>- Thermobonded finishes<\/p>\n<p>- Smooth appearance (fine grain) avoids scarring and promotes healing<\/p>\n<p>- Detachable and adjustable straps<\/p>\n<p>- Soft, breathable chest band<\/p>\n<p><strong>FABRIC :<\/strong><\/p>\n<p>\u2013 Lightweight, breathable warp &amp; weft fabric<\/p>\n<p>\u2013 Lace from Calais<\/p>\n<p><strong>MAINTENANCE :<\/strong><\/p>\n<p>Cleaning 30\u00b0C water + soap<\/p>\n<p>no dryer<\/p>\n<p><strong>COLOR :<\/strong> black or powdered<\/p>\n<p><strong>SIZE GUIDE:<\/strong><\/p>\n<p><img fetchpriority=\"high\" decoding=\"async\" class=\"alignnone wp-image-42937 aligncenter\" src=\"https:\/\/www.abricot-compression.com\/wp-content\/uploads\/2022\/11\/46F8CB8E-65CE-45BF-9E73-CC62B2761172-300x264.jpeg\" alt=\"\" width=\"465\" height=\"409\" \/><\/p>","protected":false},"excerpt":{"rendered":"<p>&nbsp;<\/p>\n<p><em>immediate post-operative<\/em><\/p>\n<p><em>Patented Model &amp; Technology \u2013 Class 1 Medical Device \u2013 CE<\/em><\/p>\n<p>Ideal after breast augmentation (fat transfer or implants), reduction, reconstruction or facelift.<\/p>\n<p>Le bandeau sous-mammaire est large pour un maximum de confort, recouvert du tissu pour une esth\u00e9tique harmonieuse.<\/p>\n<p>La dentelle se pose de fa\u00e7on d\u00e9licate tout au long du d\u00e9collet\u00e9, apportant galbe et f\u00e9minit\u00e9.<\/p>\n<p>Les bretelles amovibles s\u2019ouvrent sur le devant. Larges, pour le confort de l\u2019\u00e9paule au soutien n\u00e9cessaire, elles s\u2019habillent de dentelle et d\u2019un n\u0153ud qui cache le syst\u00e8me d\u2019ouverture.<\/p>","protected":false},"featured_media":6758,"comment_status":"open","ping_status":"closed","template":"","meta":[],"product_brand":[],"product_cat":[69],"product_tag":[],"berocket_brand":[436],"class_list":{"0":"post-6745","1":"product","2":"type-product","3":"status-publish","4":"has-post-thumbnail","6":"product_cat-soutiens-gorge-post-operatoires-femme","7":"pa_couleurs-noir-2","8":"pa_couleurs-poudre-2","9":"pa_eg_html5_ratio-0-4","10":"pa_eg_soundcloud_ratio-0-5","11":"pa_eg_wistia_ratio-0-3","12":"pa_eg_youtube_ratio-0-2","13":"pa_fb_product_group_id-166","14":"pa_fb_visibility-117","15":"pa_product_brand-embody-2","16":"pa_tailles-l-95c-100b","17":"pa_tailles-m-90c-95b","18":"pa_tailles-s-85c-90b","19":"pa_tailles-xl-100c-105b","20":"pa_tailles-xs-80c-85b","21":"pa_tailles-xxl-105c-110b","22":"pa_thp_upsellpopup_template-template-default","23":"pa_xfgmc_adult-off-2","24":"pa_xfgmc_condition-default","25":"pa_xfgmc_identifier_exists-off","26":"berocket_brand-embody","28":"first","29":"instock","30":"taxable","31":"shipping-taxable","32":"purchasable","33":"product-type-variable"},"yoast_head":"<!-- This site is optimized with the Yoast SEO plugin v27.4 - https:\/\/yoast.com\/product\/yoast-seo-wordpress\/ -->\n<title>Soutien-gorge de compression Paris Embody<\/title>\n<meta name=\"description\" content=\"Le soutien-gorge Paris, est id\u00e9al apr\u00e8s une chirurgie\u00a0mammaire de type augmentation (transfert de graisse ou implants), r\u00e9duction, reconstruction.\" \/>\n<meta name=\"robots\" content=\"index, follow, max-snippet:-1, max-image-preview:large, max-video-preview:-1\" \/>\n<link rel=\"canonical\" href=\"https:\/\/www.soome.be\/en\/products\/bras\/womens-post-op-bras\/paris-bra\/\" \/>\n<meta property=\"og:locale\" content=\"en_GB\" \/>\n<meta property=\"og:type\" content=\"article\" \/>\n<meta property=\"og:title\" content=\"Soutien-gorge de compression Paris Embody\" \/>\n<meta property=\"og:description\" content=\"Le soutien-gorge Paris, est id\u00e9al apr\u00e8s une chirurgie\u00a0mammaire de type augmentation (transfert de graisse ou implants), r\u00e9duction, reconstruction.\" \/>\n<meta property=\"og:url\" content=\"https:\/\/www.soome.be\/en\/products\/bras\/womens-post-op-bras\/paris-bra\/\" \/>\n<meta property=\"og:site_name\" content=\"SooMe\" \/>\n<meta property=\"article:modified_time\" content=\"2026-04-22T13:14:45+00:00\" \/>\n<meta property=\"og:image\" content=\"https:\/\/www.soome.be\/wp-content\/uploads\/2023\/06\/products-428DB6BE-BD13-4AB2-B683-2C7B270FB575.png\" \/>\n\t<meta property=\"og:image:width\" content=\"950\" \/>\n\t<meta property=\"og:image:height\" content=\"1424\" \/>\n\t<meta property=\"og:image:type\" content=\"image\/jpeg\" \/>\n<meta name=\"twitter:card\" content=\"summary_large_image\" \/>\n<meta name=\"twitter:label1\" content=\"Estimated reading time\" \/>\n\t<meta name=\"twitter:data1\" content=\"1 minute\" \/>\n<script type=\"application\/ld+json\" class=\"yoast-schema-graph\">{\"@context\":\"https:\\\/\\\/schema.org\",\"@graph\":[{\"@type\":\"WebPage\",\"@id\":\"https:\\\/\\\/www.soome.be\\\/produits\\\/soutiens-gorge\\\/soutiens-gorge-post-operatoires-femme\\\/soutien-gorge-paris\\\/\",\"url\":\"https:\\\/\\\/www.soome.be\\\/produits\\\/soutiens-gorge\\\/soutiens-gorge-post-operatoires-femme\\\/soutien-gorge-paris\\\/\",\"name\":\"Soutien-gorge de compression Paris Embody\",\"isPartOf\":{\"@id\":\"https:\\\/\\\/www.soome.be\\\/#website\"},\"primaryImageOfPage\":{\"@id\":\"https:\\\/\\\/www.soome.be\\\/produits\\\/soutiens-gorge\\\/soutiens-gorge-post-operatoires-femme\\\/soutien-gorge-paris\\\/#primaryimage\"},\"image\":{\"@id\":\"https:\\\/\\\/www.soome.be\\\/produits\\\/soutiens-gorge\\\/soutiens-gorge-post-operatoires-femme\\\/soutien-gorge-paris\\\/#primaryimage\"},\"thumbnailUrl\":\"https:\\\/\\\/www.soome.be\\\/wp-content\\\/uploads\\\/2023\\\/06\\\/products-428DB6BE-BD13-4AB2-B683-2C7B270FB575.png\",\"datePublished\":\"2023-06-01T16:52:04+00:00\",\"dateModified\":\"2026-04-22T13:14:45+00:00\",\"description\":\"Le soutien-gorge Paris, est id\u00e9al apr\u00e8s une chirurgie\u00a0mammaire de type augmentation (transfert de graisse ou implants), r\u00e9duction, reconstruction.\",\"breadcrumb\":{\"@id\":\"https:\\\/\\\/www.soome.be\\\/produits\\\/soutiens-gorge\\\/soutiens-gorge-post-operatoires-femme\\\/soutien-gorge-paris\\\/#breadcrumb\"},\"inLanguage\":\"en-GB\",\"potentialAction\":[{\"@type\":\"ReadAction\",\"target\":[\"https:\\\/\\\/www.soome.be\\\/produits\\\/soutiens-gorge\\\/soutiens-gorge-post-operatoires-femme\\\/soutien-gorge-paris\\\/\"]}]},{\"@type\":\"ImageObject\",\"inLanguage\":\"en-GB\",\"@id\":\"https:\\\/\\\/www.soome.be\\\/produits\\\/soutiens-gorge\\\/soutiens-gorge-post-operatoires-femme\\\/soutien-gorge-paris\\\/#primaryimage\",\"url\":\"https:\\\/\\\/www.soome.be\\\/wp-content\\\/uploads\\\/2023\\\/06\\\/products-428DB6BE-BD13-4AB2-B683-2C7B270FB575.png\",\"contentUrl\":\"https:\\\/\\\/www.soome.be\\\/wp-content\\\/uploads\\\/2023\\\/06\\\/products-428DB6BE-BD13-4AB2-B683-2C7B270FB575.png\",\"width\":950,\"height\":1424,\"caption\":\"Soutien-gorge Paris EMBODY\"},{\"@type\":\"BreadcrumbList\",\"@id\":\"https:\\\/\\\/www.soome.be\\\/produits\\\/soutiens-gorge\\\/soutiens-gorge-post-operatoires-femme\\\/soutien-gorge-paris\\\/#breadcrumb\",\"itemListElement\":[{\"@type\":\"ListItem\",\"position\":1,\"name\":\"Accueil\",\"item\":\"https:\\\/\\\/www.soome.be\\\/\"},{\"@type\":\"ListItem\",\"position\":2,\"name\":\"PRODUITS\",\"item\":\"https:\\\/\\\/www.soome.be\\\/produits\\\/\"},{\"@type\":\"ListItem\",\"position\":3,\"name\":\"Soutien-gorge Paris\"}]},{\"@type\":\"WebSite\",\"@id\":\"https:\\\/\\\/www.soome.be\\\/#website\",\"url\":\"https:\\\/\\\/www.soome.be\\\/\",\"name\":\"SooMe\",\"description\":\"\",\"potentialAction\":[{\"@type\":\"SearchAction\",\"target\":{\"@type\":\"EntryPoint\",\"urlTemplate\":\"https:\\\/\\\/www.soome.be\\\/?s={search_term_string}\"},\"query-input\":{\"@type\":\"PropertyValueSpecification\",\"valueRequired\":true,\"valueName\":\"search_term_string\"}}],\"inLanguage\":\"en-GB\"}]}<\/script>\n<!-- \/ Yoast SEO plugin. -->","yoast_head_json":{"title":"Paris Embody compression bra","description":"The Paris bra is ideal after breast augmentation (fat transfer or implants), reduction or reconstruction surgery.","robots":{"index":"index","follow":"follow","max-snippet":"max-snippet:-1","max-image-preview":"max-image-preview:large","max-video-preview":"max-video-preview:-1"},"canonical":"https:\/\/www.soome.be\/en\/products\/bras\/womens-post-op-bras\/paris-bra\/","og_locale":"en_GB","og_type":"article","og_title":"Soutien-gorge de compression Paris Embody","og_description":"Le soutien-gorge Paris, est id\u00e9al apr\u00e8s une chirurgie\u00a0mammaire de type augmentation (transfert de graisse ou implants), r\u00e9duction, reconstruction.","og_url":"https:\/\/www.soome.be\/en\/products\/bras\/womens-post-op-bras\/paris-bra\/","og_site_name":"SooMe","article_modified_time":"2026-04-22T13:14:45+00:00","og_image":[{"width":950,"height":1424,"url":"https:\/\/www.soome.be\/wp-content\/uploads\/2023\/06\/products-428DB6BE-BD13-4AB2-B683-2C7B270FB575.png","type":"image\/jpeg"}],"twitter_card":"summary_large_image","twitter_misc":{"Estimated reading time":"1 minute"},"schema":{"@context":"https:\/\/schema.org","@graph":[{"@type":"WebPage","@id":"https:\/\/www.soome.be\/produits\/soutiens-gorge\/soutiens-gorge-post-operatoires-femme\/soutien-gorge-paris\/","url":"https:\/\/www.soome.be\/produits\/soutiens-gorge\/soutiens-gorge-post-operatoires-femme\/soutien-gorge-paris\/","name":"Paris Embody compression bra","isPartOf":{"@id":"https:\/\/www.soome.be\/#website"},"primaryImageOfPage":{"@id":"https:\/\/www.soome.be\/produits\/soutiens-gorge\/soutiens-gorge-post-operatoires-femme\/soutien-gorge-paris\/#primaryimage"},"image":{"@id":"https:\/\/www.soome.be\/produits\/soutiens-gorge\/soutiens-gorge-post-operatoires-femme\/soutien-gorge-paris\/#primaryimage"},"thumbnailUrl":"https:\/\/www.soome.be\/wp-content\/uploads\/2023\/06\/products-428DB6BE-BD13-4AB2-B683-2C7B270FB575.png","datePublished":"2023-06-01T16:52:04+00:00","dateModified":"2026-04-22T13:14:45+00:00","description":"The Paris bra is ideal after breast augmentation (fat transfer or implants), reduction or reconstruction surgery.","breadcrumb":{"@id":"https:\/\/www.soome.be\/produits\/soutiens-gorge\/soutiens-gorge-post-operatoires-femme\/soutien-gorge-paris\/#breadcrumb"},"inLanguage":"en-GB","potentialAction":[{"@type":"ReadAction","target":["https:\/\/www.soome.be\/produits\/soutiens-gorge\/soutiens-gorge-post-operatoires-femme\/soutien-gorge-paris\/"]}]},{"@type":"ImageObject","inLanguage":"en-GB","@id":"https:\/\/www.soome.be\/produits\/soutiens-gorge\/soutiens-gorge-post-operatoires-femme\/soutien-gorge-paris\/#primaryimage","url":"https:\/\/www.soome.be\/wp-content\/uploads\/2023\/06\/products-428DB6BE-BD13-4AB2-B683-2C7B270FB575.png","contentUrl":"https:\/\/www.soome.be\/wp-content\/uploads\/2023\/06\/products-428DB6BE-BD13-4AB2-B683-2C7B270FB575.png","width":950,"height":1424,"caption":"Soutien-gorge Paris EMBODY"},{"@type":"BreadcrumbList","@id":"https:\/\/www.soome.be\/produits\/soutiens-gorge\/soutiens-gorge-post-operatoires-femme\/soutien-gorge-paris\/#breadcrumb","itemListElement":[{"@type":"ListItem","position":1,"name":"Accueil","item":"https:\/\/www.soome.be\/"},{"@type":"ListItem","position":2,"name":"PRODUITS","item":"https:\/\/www.soome.be\/produits\/"},{"@type":"ListItem","position":3,"name":"Soutien-gorge Paris"}]},{"@type":"WebSite","@id":"https:\/\/www.soome.be\/#website","url":"https:\/\/www.soome.be\/","name":"SooMe","description":"","potentialAction":[{"@type":"SearchAction","target":{"@type":"EntryPoint","urlTemplate":"https:\/\/www.soome.be\/?s={search_term_string}"},"query-input":{"@type":"PropertyValueSpecification","valueRequired":true,"valueName":"search_term_string"}}],"inLanguage":"en-GB"}]}},"_links":{"self":[{"href":"https:\/\/www.soome.be\/en\/wp-json\/wp\/v2\/product\/6745","targetHints":{"allow":["GET"]}}],"collection":[{"href":"https:\/\/www.soome.be\/en\/wp-json\/wp\/v2\/product"}],"about":[{"href":"https:\/\/www.soome.be\/en\/wp-json\/wp\/v2\/types\/product"}],"replies":[{"embeddable":true,"href":"https:\/\/www.soome.be\/en\/wp-json\/wp\/v2\/comments?post=6745"}],"wp:featuredmedia":[{"embeddable":true,"href":"https:\/\/www.soome.be\/en\/wp-json\/wp\/v2\/media\/6758"}],"wp:attachment":[{"href":"https:\/\/www.soome.be\/en\/wp-json\/wp\/v2\/media?parent=6745"}],"wp:term":[{"taxonomy":"product_brand","embeddable":true,"href":"https:\/\/www.soome.be\/en\/wp-json\/wp\/v2\/product_brand?post=6745"},{"taxonomy":"product_cat","embeddable":true,"href":"https:\/\/www.soome.be\/en\/wp-json\/wp\/v2\/product_cat?post=6745"},{"taxonomy":"product_tag","embeddable":true,"href":"https:\/\/www.soome.be\/en\/wp-json\/wp\/v2\/product_tag?post=6745"},{"taxonomy":"berocket_brand","embeddable":true,"href":"https:\/\/www.soome.be\/en\/wp-json\/wp\/v2\/berocket_brand?post=6745"}],"curies":[{"name":"wp","href":"https:\/\/api.w.org\/{rel}","templated":true}]}}